{"id":973,"date":"2019-05-10T11:19:41","date_gmt":"2019-05-10T09:19:41","guid":{"rendered":"http:\/\/ke.localhost.it\/?page_id=973"},"modified":"2023-06-14T17:03:35","modified_gmt":"2023-06-14T15:03:35","slug":"note-legali","status":"publish","type":"page","link":"https:\/\/www.keoutdoordesign.com\/it-it\/azienda\/note-legali\/","title":{"rendered":"Note legali"},"content":{"rendered":"<p>Note legali\u00a0al 06\/2011<br \/>\nL&#8217;accesso e l&#8217;utilizzo del presente Sito e di qualsiasi area ad esso relativa \u00e8 soggetto ai seguenti termini e condizioni cos\u00ec come ad ogni altra legge applicabile.<br \/>\nI suddetti termini e condizioni devono essere attentamente visionati prima di accedere al Sito.<br \/>\nAccedendo al presente sito web, si accettano, senza limiti e riserve, i termini e le condizioni e si riconosce che qualsiasi altro accordo tra l&#8217;utilizzatore del Sito e KE PROTEZIONI SOLARI SRL- Noventa di Piave (Ve) e\/o qualsiasi altra affiliata, si intende privo di qualsiasi effetto e sostituito da quanto di seguito riportato.<\/p>\n<p>KE PROTEZIONI SOLARI SRL- Noventa di Piave (Ve) e\/o qualsiasi altra consociata, potr\u00e0 in qualsiasi momento rivedere tali termini e condizioni, aggiornando la presente pubblicazione.<br \/>\nL&#8217;utilizzatore del Sito sar\u00e0 vincolato da qualsiasi modifica e sar\u00e0 quindi tenuto a visitare periodicamente la presente pagina per aggiornarsi sui termini e le condizioni correnti alle quali \u00e8 vincolato.<\/p>\n<p>Copyright e propriet\u00e0 intellettuale.<br \/>\nKE PROTEZIONI SOLARI SRL- Noventa di Piave (Ve) e\/o qualsiasi delle sue affiliate, si riserva pieni diritti con riferimento al presente Sito detenendo sia i relativi diritti d&#8217;autore che la propriet\u00e0 intellettuale ad essi connessa.<br \/>\nQuesti includono, ma non sono ad essi limitati, il suo design, struttura, logo, testi, immagini, suoni, animazioni e video. Qualsiasi miglioria o modifica apportata a tali contenuti o qualsiasi lavoro da ci\u00f2 derivante, quali la raccolta, sistemazione e assemblaggio degli stessi, visibili sul presente Sito, sono di propriet\u00e0 esclusiva di KE PROTEZIONI SOLARI SRL- Noventa di Piave (Ve) e sono protetti da copyright nazionale e internazionale e da qualsiasi altra legge di propriet\u00e0 intellettuale applicabile.<br \/>\nTutti i software usati nel presente Sito sono di propriet\u00e0 di KE PROTEZIONI SOLARI SRL- Noventa di Piave (Ve) o dei propri fornitori di software e tale propriet\u00e0 \u00e8 protetta da copyright nazionale e internazionale e da qualsiasi altra legge di propriet\u00e0 intellettuale applicabile.<br \/>\nI contenuti del presente Sito non possono essere copiati, modificati, distribuiti o resi accessibili a terzi per uso commerciale o privato senza previo consenso scritto di KE PROTEZIONI SOLARI SRL- Noventa di Piave (Ve).<br \/>\nIn taluni casi, i diritti d&#8217;autore di certi elementi presenti nel Sito, appartengono a terzi.<br \/>\nConsentendo l&#8217;accesso al Sito, KE PROTEZIONI SOLARI SRL- Noventa di Piave (Ve) non intende tuttavia fornire in alcun modo autorizzazioni o diritti nei confronti di tale propriet\u00e0 intellettuale.<\/p>\n<p>Qualsiasi diritto di propriet\u00e0 industriale e d&#8217;autore, citato e non nel presente Sito, acquisito da KE PROTEZIONI SOLARI SRL- Noventa di Piave (Ve) o, se il caso, da terzi, \u00e8 soggetto, senza riserva, alle disposizioni delle rispettive leggi nazionali e internazionali applicabili e ai diritti e rivendicazioni dei rispettivi detentori, registrati o meno, di tali diritti, anche nell&#8217;ipotesi in cui non ne venga fatta espressa menzione \/ richiamo nell&#8217;ambito del sito stesso.<\/p>\n<p>Marchi<\/p>\n<p>I marchi commerciali e di servizio, le descrizioni di prodotto, i nomi aziendali e i loghi mostrati nel presente Sito, sono tutti marchi registrati KE PROTEZIONI SOLARI SRL- Noventa di Piave (Ve) e oggetto di propriet\u00e0 intellettuale. Essi e altri sono quindi protetti dalle norme sulla propriet\u00e0 intellettuale.<br \/>\nQuanto detto \u00e8 valido in particolare per il marchio KE PROTEZIONI SOLARI, il logo KE PROTEZIONI SOLARI, e il nome delle Linee, Collezioni e dei prodotti KE.<br \/>\nQualsiasi altro marchio, nome di prodotto, nome aziendale e logo visibile sul presente Sito, \u00e8 di propriet\u00e0 dei rispettivi detentori.<br \/>\nLa mancanza di un nome o logo identificativo, non pu\u00f2 essere automaticamente interpretata come segno che essi non siano protetti da legge sulla propriet\u00e0 intellettuale ad essi applicabile.<br \/>\nNulla di ci\u00f2 che \u00e8 contenuto nel Sito, pu\u00f2 essere interpretato, per qualsiasi motivo, come autorizzazione ad utilizzare i marchi ivi presenti, senza specifica autorizzazione scritta di KE PROTEZIONI SOLARI SRL- Noventa di Piave (Ve) o di terze parti detentrici dei suddetti marchi. L&#8217;uso scorretto dei marchi o di qualsiasi altro contenuto del presente Sito, se non altrimenti contemplato dai termini e condizioni del Sito stesso, \u00e8 severamente proibito.<br \/>\nKE PROTEZIONI SOLARI SRL- Noventa di Piave (Ve) tuteler\u00e0 i propri diritti di propriet\u00e0 intellettuale con ogni mezzo consentito dalla legge, intentando, ove necessario, anche azioni legali.<\/p>\n<p>Utilizzo del Sito<\/p>\n<p>KE PROTEZIONI SOLARI SRL- Noventa di Piave (Ve) mette a disposizione il presente Sito esclusivamente a fini informativi sui propri prodotti e servizi e per l&#8217;intrattenimento di comunicazioni on-line.<\/p>\n<p>\u00c8 severamente vietata la distribuzione o lo sfruttamento commerciale del Sito o di qualsiasi suo contenuto, sia esso per riproduzione, ri-trasmissione, divulgazione, vendita, diffusione, circolazione, ripubblicazione, modifica, riproposizione del Sito utilizzando frames, tecnologie simili o altro.<\/p>\n<p>L&#8217;utilizzo delle funzioni di comunicazione on-line del presente Sito \u00e8 consentito solo per fini leciti ed \u00e8 severamente vietato ogni utilizzo contrario a norme e\/o comunque lesivo di diritti altrui sotto qualsiasi profilo. KE PROTEZIONI SOLARI SRL- Noventa di Piave (Ve) e\/o qualsiasi delle sue affiliate, si riservano il diritto (ma senza obbligo o responsabilit\u00e0) di proibire o rimuovere qualsiasi materiale di tale genere.<\/p>\n<p>KE PROTEZIONI SOLARI SRL- Noventa di Piave (Ve) e\/o qualsiasi altra sua affiliata, hanno la facolt\u00e0 di sospendere il vostro accesso al Sito o ad una sua parte, senza notifica, a seguito di qualsiasi condotta che KE PROTEZIONI SOLARI SRL- Noventa di Piave (Ve) e\/o qualsiasi sua affiliata, ritenga, a propria discrezione, una violazione dei qualunque legge vigente o ritenga essere dannosa per KE PROTEZIONI SOLARI SRL- Noventa di Piave (Ve), per qualunque sua affiliata o per terze parti.<\/p>\n<p>L&#8217;utilizzatore del Sito tiene indenne KE PROTEZIONI SOLARI SRL- Noventa di Piave (Ve) e\/o ciascuna delle sue affiliate contro istanze, reclami e rivendicazioni provenienti da parte di terzi a seguito di un uso del Sito non conforme ai suoi termini di utilizzo.<\/p>\n<p>L&#8217;utilizzatore accetta che la navigazione sul presente Sito avviene a proprio rischio.<br \/>\nN\u00e9 KE PROTEZIONI SOLARI SRL- Noventa di Piave (Ve). n\u00e9 alcuna altra parte coinvolta nella creazione, produzione o erogazione delle informazioni contenute nel Sito, pu\u00f2 essere considerata responsabile per eventuali danni diretti, incidentali, consequenziali, indiretti, derivanti dal Vostro accesso al Sito.<br \/>\nIl Sito e i suoi contenuti sono erogati senza fornire garanzia di alcun tipo, sia esplicita che sottintesa (fatta eccezione per quanto pu\u00f2 essere previsto dalle leggi vigenti), incluse ma non in via esclusiva, le garanzie implicite di vendita, di idoneit\u00e0 per scopi specifici o di non violazione di norme.<\/p>\n<p>KE PROTEZIONI SOLARI SRL- Noventa di Piave (Ve) e ognuna delle sue associate, non assumono responsabilit\u00e0 per eventuali danni computer o altri apparecchi, o virus che possano infettare i medesimi attraverso l&#8217;uso o la navigazione del Sito o il download dal Sito di qualsiasi materiale, inclusi dati, testi, immagini, video o audio.<\/p>\n<p>Si fa presente che KE PROTEZIONI SOLARI SRL- Noventa di Piave (Ve) non ha sottoposto a controllo tutti i siti legati al presente e non assume responsabilit\u00e0 per i contenuti di pagine terze o altri siti legati al presente.<br \/>\nIl collegamento con qualsiasi altra pagina off-site di terze parti o altri siti \u00e8 interamente a vostro rischio.<\/p>\n<p>Accuratezza delle informazioni e controllo sui contenuti<\/p>\n<p>KE PROTEZIONI SOLARI SRL- Noventa di Piave (Ve) si impegna con ogni ragionevole sforzo a includere nel Sito informazioni accurate e aggiornate, nondimeno KE PROTEZIONI SOLARI SRL- Noventa di Piave (Ve) e\/o qualsiasi delle sue associate, non fornisce alcuna garanzia riguardo all&#8217;aggiornamento, correttezza, completezza o adeguatezza delle informazioni per qualunque specifico proposito.<\/p>\n<p>KE PROTEZIONI SOLARI SRL- Noventa di Piave (Ve) e ciascuna delle sue associate non dovranno ritenersi responsabili di errori, omissioni o modifiche delle informazioni contenute nel Sito.<br \/>\nKE PROTEZIONI SOLARI SRL- Noventa di Piave (Ve) e\/o qualsiasi sua associata non accetter\u00e0 alcuna responsabilit\u00e0 per perdite sofferte direttamente e non, in relazione all&#8217;uso del presente Sito.<\/p>\n<p>KE PROTEZIONI SOLARI SRL- Noventa di Piave (Ve) si riserva il diritto, in ogni momento, di ridurre il contenuto del Sito o di spostare contenuti in altre sezioni, di bloccare il Sito temporaneamente e\/o cancellarlo definitivamente.<\/p>\n<p>Disponibilit\u00e0 dei servizi<\/p>\n<p>Lo scopo del Sito \u00e8 di presentare un profilo generale dei servizi forniti da KE PROTEZIONI SOLARI SRL- Noventa di Piave (Ve) e\/o da qualunque sua associata. Tuttavia, le informazioni contenute nel Sito non danno titolo per alcuna rivendicazione legale rispetto alla complete, ininterrotta, imperturbata disponibilit\u00e0 di specifici servizi.<br \/>\nSi prega di notare che le informazioni contenute nel Sito possono riferirsi a prodotti, programmi o servizi che non sono disponibili in certi Paesi. Siete pregati di contattare i distributori KE autorizzati locali per avere informazioni su prodotti e servizi disponibili nel vostro Paese.<\/p>\n<p>Riferimento a distributori, showroom<\/p>\n<p>KE PROTEZIONI SOLARI SRL- Noventa di Piave (Ve) e\/o qualunque sua associata, ha la facolt\u00e0 di fornire sul proprio Sito web informazioni relative ai luoghi in cui i prodotti KE PROTEZIONI SOLARI SRL- Noventa di Piave (Ve) possano essere acquistati direttamente dal consumatore o dalle aziende.<br \/>\nTutti gli showroom KE PROTEZIONI SOLARI SRL- Noventa di Piave (Ve) autorizzati sono imprese indipendenti. Ne consegue che KE PROTEZIONI SOLARI SRL- Noventa di Piave (Ve) e qualunque sua associata, non possono essere ritenute responsabili di alcuna disputa contrattuale tra l&#8217;acquirente di prodotti KE PROTEZIONI SOLARI SRL- Noventa di Piave (Ve) e il proprio rivenditore autorizzato riguardo a prezzi, pagamenti, consegne, condotta scorretta o eventi imprevedibili.<br \/>\nL&#8217;acquirente non ha alcun obbligo di acquistare prodotti KE PROTEZIONI SOLARI SRL- Noventa di Piave (Ve) presso alcun punto vendita indicato da KE PROTEZIONI SOLARI SRL- Noventa di Piave (Ve) medesima, dai suoi venditori o affiliati.<br \/>\nPrima di usare i prodotti acquistati, siete pregati di leggere attentamente tutte le informazioni, garanzie o indicazioni concernenti limitazioni di responsabilit\u00e0 fornite da KE PROTEZIONI SOLARI SRL- Noventa di Piave (Ve) e\/o da qualunque sua associata, dai rivenditori o contenute nelle etichette o sulla confezione dei prodotti.<\/p>\n<p>Legge esecutiva<\/p>\n<p>I suddetti termini di utilizzo del Sito si considerano governati dalla legge italiana e sono da interpretarsi secondo la medesima.<br \/>\nSi concorda irrevocabilmente che le corti italiane avranno piena potest\u00e0 in relazione a qualsiasi disputa riguardante o derivante dai presenti Termini e Condizioni di Uso.<\/p>\n<p>Tali termini di utilizzo sono stati aggiornati al 26\/04\/2013<\/p>\n","protected":false},"excerpt":{"rendered":"<p>Note legali\u00a0al 06\/2011 L&#8217;accesso e l&#8217;utilizzo del presente Sito e di qualsiasi area ad esso relativa \u00e8 soggetto ai seguenti&hellip;<\/p>\n","protected":false},"author":10608,"featured_media":0,"parent":3825,"menu_order":21,"comment_status":"closed","ping_status":"closed","template":"","meta":{"_acf_changed":false,"footnotes":""},"class_list":["post-973","page","type-page","status-publish","hentry"],"acf":[],"yoast_head":"<!-- This site is optimized with the Yoast SEO Premium plugin v20.12 (Yoast SEO v27.3) - https:\/\/yoast.com\/product\/yoast-seo-premium-wordpress\/ -->\n<title>Note legali<\/title>\n<meta name=\"description\" content=\"Note legali dell&#039;azienda\" \/>\n<meta name=\"robots\" content=\"noindex, nofollow\" \/>\n<meta property=\"og:locale\" content=\"it_IT\" \/>\n<meta property=\"og:type\" content=\"article\" \/>\n<meta property=\"og:title\" content=\"Note legali\" \/>\n<meta property=\"og:description\" content=\"Note legali dell&#039;azienda\" \/>\n<meta property=\"og:url\" content=\"https:\/\/www.keoutdoordesign.com\/it-it\/azienda\/note-legali\/\" \/>\n<meta property=\"og:site_name\" content=\"KE Outdoor Design\" \/>\n<meta property=\"article:publisher\" content=\"https:\/\/www.facebook.com\/keoutdoordesign.us\" \/>\n<meta property=\"article:modified_time\" content=\"2023-06-14T15:03:35+00:00\" \/>\n<meta property=\"og:image\" content=\"https:\/\/www.keoutdoordesign.com\/wp-content\/uploads\/2022\/06\/ke_logo.png\" \/>\n\t<meta property=\"og:image:width\" content=\"1260\" \/>\n\t<meta property=\"og:image:height\" content=\"630\" \/>\n\t<meta property=\"og:image:type\" content=\"image\/png\" \/>\n<meta name=\"twitter:card\" content=\"summary_large_image\" \/>\n<meta name=\"twitter:site\" content=\"@keoutdoordesign\" \/>\n<script type=\"application\/ld+json\" class=\"yoast-schema-graph\">{\"@context\":\"https:\\\/\\\/schema.org\",\"@graph\":[{\"@type\":\"WebPage\",\"@id\":\"https:\\\/\\\/www.keoutdoordesign.com\\\/it-it\\\/azienda\\\/note-legali\\\/\",\"url\":\"https:\\\/\\\/www.keoutdoordesign.com\\\/it-it\\\/azienda\\\/note-legali\\\/\",\"name\":\"Note legali\",\"isPartOf\":{\"@id\":\"https:\\\/\\\/www.keoutdoordesign.com\\\/it-it\\\/#website\"},\"datePublished\":\"2019-05-10T09:19:41+00:00\",\"dateModified\":\"2023-06-14T15:03:35+00:00\",\"description\":\"Note legali dell'azienda\",\"breadcrumb\":{\"@id\":\"https:\\\/\\\/www.keoutdoordesign.com\\\/it-it\\\/azienda\\\/note-legali\\\/#breadcrumb\"},\"inLanguage\":\"it-IT\",\"potentialAction\":[{\"@type\":\"ReadAction\",\"target\":[\"https:\\\/\\\/www.keoutdoordesign.com\\\/it-it\\\/azienda\\\/note-legali\\\/\"]}]},{\"@type\":\"BreadcrumbList\",\"@id\":\"https:\\\/\\\/www.keoutdoordesign.com\\\/it-it\\\/azienda\\\/note-legali\\\/#breadcrumb\",\"itemListElement\":[{\"@type\":\"ListItem\",\"position\":1,\"name\":\"Home\",\"item\":\"https:\\\/\\\/www.keoutdoordesign.com\\\/it-it\\\/\"},{\"@type\":\"ListItem\",\"position\":2,\"name\":\"Azienda\",\"item\":\"https:\\\/\\\/www.keoutdoordesign.com\\\/it-it\\\/azienda\\\/\"},{\"@type\":\"ListItem\",\"position\":3,\"name\":\"Note legali\"}]},{\"@type\":\"WebSite\",\"@id\":\"https:\\\/\\\/www.keoutdoordesign.com\\\/it-it\\\/#website\",\"url\":\"https:\\\/\\\/www.keoutdoordesign.com\\\/it-it\\\/\",\"name\":\"KE Outdoor Design\",\"description\":\"Awnings, Pergolas and Custom Shade Solutions\",\"publisher\":{\"@id\":\"https:\\\/\\\/www.keoutdoordesign.com\\\/it-it\\\/#organization\"},\"potentialAction\":[{\"@type\":\"SearchAction\",\"target\":{\"@type\":\"EntryPoint\",\"urlTemplate\":\"https:\\\/\\\/www.keoutdoordesign.com\\\/it-it\\\/?s={search_term_string}\"},\"query-input\":{\"@type\":\"PropertyValueSpecification\",\"valueRequired\":true,\"valueName\":\"search_term_string\"}}],\"inLanguage\":\"it-IT\"},{\"@type\":\"Organization\",\"@id\":\"https:\\\/\\\/www.keoutdoordesign.com\\\/it-it\\\/#organization\",\"name\":\"KE Outdoor Design\",\"url\":\"https:\\\/\\\/www.keoutdoordesign.com\\\/it-it\\\/\",\"logo\":{\"@type\":\"ImageObject\",\"inLanguage\":\"it-IT\",\"@id\":\"https:\\\/\\\/www.keoutdoordesign.com\\\/it-it\\\/#\\\/schema\\\/logo\\\/image\\\/\",\"url\":\"https:\\\/\\\/www.keoutdoordesign.com\\\/wp-content\\\/uploads\\\/2020\\\/02\\\/KE-logo-Primary-e1591282842174.jpg\",\"contentUrl\":\"https:\\\/\\\/www.keoutdoordesign.com\\\/wp-content\\\/uploads\\\/2020\\\/02\\\/KE-logo-Primary-e1591282842174.jpg\",\"width\":500,\"height\":396,\"caption\":\"KE Outdoor Design\"},\"image\":{\"@id\":\"https:\\\/\\\/www.keoutdoordesign.com\\\/it-it\\\/#\\\/schema\\\/logo\\\/image\\\/\"},\"sameAs\":[\"https:\\\/\\\/www.facebook.com\\\/keoutdoordesign.us\",\"https:\\\/\\\/x.com\\\/keoutdoordesign\",\"https:\\\/\\\/www.facebook.com\\\/keoutdoordesign\",\"https:\\\/\\\/www.youtube.com\\\/channel\\\/UCSoMQryJpLqD53bAoZLg2Vg\",\"https:\\\/\\\/www.pinterest.it\\\/keoutdoordesign\\\/\",\"https:\\\/\\\/www.instagram.com\\\/keoutdoordesign\\\/\",\"https:\\\/\\\/www.linkedin.com\\\/company\\\/ke-outdoor-design\\\/\"]}]}<\/script>\n<!-- \/ Yoast SEO Premium plugin. -->","yoast_head_json":{"title":"Note legali","description":"Note legali dell'azienda","robots":{"index":"noindex","follow":"nofollow"},"og_locale":"it_IT","og_type":"article","og_title":"Note legali","og_description":"Note legali dell'azienda","og_url":"https:\/\/www.keoutdoordesign.com\/it-it\/azienda\/note-legali\/","og_site_name":"KE Outdoor Design","article_publisher":"https:\/\/www.facebook.com\/keoutdoordesign.us","article_modified_time":"2023-06-14T15:03:35+00:00","og_image":[{"width":1260,"height":630,"url":"https:\/\/www.keoutdoordesign.com\/wp-content\/uploads\/2022\/06\/ke_logo.png","type":"image\/png"}],"twitter_card":"summary_large_image","twitter_site":"@keoutdoordesign","schema":{"@context":"https:\/\/schema.org","@graph":[{"@type":"WebPage","@id":"https:\/\/www.keoutdoordesign.com\/it-it\/azienda\/note-legali\/","url":"https:\/\/www.keoutdoordesign.com\/it-it\/azienda\/note-legali\/","name":"Note legali","isPartOf":{"@id":"https:\/\/www.keoutdoordesign.com\/it-it\/#website"},"datePublished":"2019-05-10T09:19:41+00:00","dateModified":"2023-06-14T15:03:35+00:00","description":"Note legali dell'azienda","breadcrumb":{"@id":"https:\/\/www.keoutdoordesign.com\/it-it\/azienda\/note-legali\/#breadcrumb"},"inLanguage":"it-IT","potentialAction":[{"@type":"ReadAction","target":["https:\/\/www.keoutdoordesign.com\/it-it\/azienda\/note-legali\/"]}]},{"@type":"BreadcrumbList","@id":"https:\/\/www.keoutdoordesign.com\/it-it\/azienda\/note-legali\/#breadcrumb","itemListElement":[{"@type":"ListItem","position":1,"name":"Home","item":"https:\/\/www.keoutdoordesign.com\/it-it\/"},{"@type":"ListItem","position":2,"name":"Azienda","item":"https:\/\/www.keoutdoordesign.com\/it-it\/azienda\/"},{"@type":"ListItem","position":3,"name":"Note legali"}]},{"@type":"WebSite","@id":"https:\/\/www.keoutdoordesign.com\/it-it\/#website","url":"https:\/\/www.keoutdoordesign.com\/it-it\/","name":"KE Outdoor Design","description":"Awnings, Pergolas and Custom Shade Solutions","publisher":{"@id":"https:\/\/www.keoutdoordesign.com\/it-it\/#organization"},"potentialAction":[{"@type":"SearchAction","target":{"@type":"EntryPoint","urlTemplate":"https:\/\/www.keoutdoordesign.com\/it-it\/?s={search_term_string}"},"query-input":{"@type":"PropertyValueSpecification","valueRequired":true,"valueName":"search_term_string"}}],"inLanguage":"it-IT"},{"@type":"Organization","@id":"https:\/\/www.keoutdoordesign.com\/it-it\/#organization","name":"KE Outdoor Design","url":"https:\/\/www.keoutdoordesign.com\/it-it\/","logo":{"@type":"ImageObject","inLanguage":"it-IT","@id":"https:\/\/www.keoutdoordesign.com\/it-it\/#\/schema\/logo\/image\/","url":"https:\/\/www.keoutdoordesign.com\/wp-content\/uploads\/2020\/02\/KE-logo-Primary-e1591282842174.jpg","contentUrl":"https:\/\/www.keoutdoordesign.com\/wp-content\/uploads\/2020\/02\/KE-logo-Primary-e1591282842174.jpg","width":500,"height":396,"caption":"KE Outdoor Design"},"image":{"@id":"https:\/\/www.keoutdoordesign.com\/it-it\/#\/schema\/logo\/image\/"},"sameAs":["https:\/\/www.facebook.com\/keoutdoordesign.us","https:\/\/x.com\/keoutdoordesign","https:\/\/www.facebook.com\/keoutdoordesign","https:\/\/www.youtube.com\/channel\/UCSoMQryJpLqD53bAoZLg2Vg","https:\/\/www.pinterest.it\/keoutdoordesign\/","https:\/\/www.instagram.com\/keoutdoordesign\/","https:\/\/www.linkedin.com\/company\/ke-outdoor-design\/"]}]}},"_links":{"self":[{"href":"https:\/\/www.keoutdoordesign.com\/it-it\/wp-json\/wp\/v2\/pages\/973","targetHints":{"allow":["GET"]}}],"collection":[{"href":"https:\/\/www.keoutdoordesign.com\/it-it\/wp-json\/wp\/v2\/pages"}],"about":[{"href":"https:\/\/www.keoutdoordesign.com\/it-it\/wp-json\/wp\/v2\/types\/page"}],"author":[{"embeddable":true,"href":"https:\/\/www.keoutdoordesign.com\/it-it\/wp-json\/wp\/v2\/users\/10608"}],"replies":[{"embeddable":true,"href":"https:\/\/www.keoutdoordesign.com\/it-it\/wp-json\/wp\/v2\/comments?post=973"}],"version-history":[{"count":2,"href":"https:\/\/www.keoutdoordesign.com\/it-it\/wp-json\/wp\/v2\/pages\/973\/revisions"}],"predecessor-version":[{"id":9985,"href":"https:\/\/www.keoutdoordesign.com\/it-it\/wp-json\/wp\/v2\/pages\/973\/revisions\/9985"}],"up":[{"embeddable":true,"href":"https:\/\/www.keoutdoordesign.com\/it-it\/wp-json\/wp\/v2\/pages\/3825"}],"wp:attachment":[{"href":"https:\/\/www.keoutdoordesign.com\/it-it\/wp-json\/wp\/v2\/media?parent=973"}],"curies":[{"name":"wp","href":"https:\/\/api.w.org\/{rel}","templated":true}]}}