{"id":9586,"date":"2019-06-24T10:48:16","date_gmt":"2019-06-24T08:48:16","guid":{"rendered":"http:\/\/ke.itpowernet.it\/?page_id=9586"},"modified":"2024-02-16T16:55:43","modified_gmt":"2024-02-16T15:55:43","slug":"la-filosofia-green-di-ke","status":"publish","type":"page","link":"https:\/\/www.keoutdoordesign.com\/it-it\/azienda\/la-filosofia-green-di-ke\/","title":{"rendered":"La Filosofia Green di KE"},"content":{"rendered":"<p>Trascorrere del tempo all&#8217;aperto, negli spazi esterni della nostra casa &#8211; che si tratti di un terrazzo o di un giardino &#8211; ci permette di mantenere il contatto con la natura e con la nostra <strong>anima pi\u00f9 \u201cverde\u201d<\/strong>.<\/p>\n<p>KE da sempre dedica un\u2019attenzione speciale al tema della <strong>sostenibilit\u00e0 ambientale<\/strong> e dell\u2019utilizzo di <strong>fonti rinnovabili e sicure<\/strong>, nel massimo rispetto dell\u2019ambiente che ci circonda.<\/p>\n<p>Esaminiamo alcuni esempi concreti:<\/p>\n<p>&nbsp;<\/p>\n<ul>\n<li><strong>L\u2019utilizzo dell\u2019alluminio, un materiale permanente<\/strong><\/li>\n<\/ul>\n<p>Di recente \u00e8 stato introdotto il concetto di <strong>materiale permanente<\/strong>, ossia un materiale che non si consuma, un materiale che si usa e si riusa all\u2019infinito. L\u2019alluminio \u00e8 un metallo di uso comune &#8211; a partire dal XIX secolo si inizia la sua estrazione dalla roccia di bauxite &#8211; che viene impiegato nei pi\u00f9 svariati ambiti (costruzioni, beni di consumo, trasporti, imballaggi\u2026) per la sua duttilit\u00e0 e resistenza.<\/p>\n<p>Negli ultimi decenni si \u00e8 prestata grande attenzione anche al <strong>riciclo delle risorse esistenti di alluminio<\/strong>, nell\u2019ottica di risparmiare le ingenti quantit\u00e0 di acqua ed energia impiegate per l\u2019estrazione e la lavorazione, oltre che di chiudere il ciclo di vita di questo metallo che \u00e8 riciclabile al 100%, per infinite volte.<\/p>\n<p>Per le nostre schermature solari <strong>abbiamo scelto l\u2019alluminio perch\u00e9<\/strong>:<\/p>\n<ul>\n<li>Pu\u00f2 essere riciclato senza alcuna perdita delle sue propriet\u00e0 e con un ridotto impatto ambientale<\/li>\n<li>Ha un ciclo chiuso perch\u00e9 pu\u00f2 essere riutilizzato all\u2019infinito<\/li>\n<li>\u00c8 una risorsa sempre disponibile<\/li>\n<\/ul>\n<p>Per queste ragioni le tende e le pergole KE sono realizzate con <strong>componentistica in alluminio<\/strong>, il <strong>materiale green per eccellenza<\/strong>.<\/p>\n<p>&nbsp;<\/p>\n<ul>\n<li><strong>Riutilizzo degli scarti tessili per raggiungere nuovi traguardi di sostenibilit\u00e0<\/strong><\/li>\n<\/ul>\n<p>Anche la vita delle fibre dei tessuti pu\u00f2 essere estesa. Un aspetto che sta molto a cuore a KE, che vuole garantire ai propri clienti una tenda da sole o una pergola interamente realizzata secondo un\u2019ottica green. <strong>Basti pensare che per ogni tenda confezionata circa il 10% del tessuto diventa scarto.<\/strong><\/p>\n<p>Da qui \u00e8 nata l&#8217;idea di creare un consorzio tra i principali produttori di tende per poter raccogliere questi scarti e impiegarli nuovamente per dar vita ad una fibra rigenerata &#8211; <strong>Raytent di Giovanardi<\/strong> &#8211; <strong>interamente ricavata da tessuti acrilici di scarto.<\/strong><\/p>\n<p>Il tessuto Raytent \u00e8 100% fibra acrilica tinta in massa di cui il <strong>50% proveniente dal riciclo meccanico di scarti di lavorazione<\/strong> costituiti da tessuti acrilico tinto massa, concepito secondo i principi della <strong>green economy<\/strong> per limitare l&#8217;impatto ambientale, sia per ridurre le emissioni di CO2 che per un minor utilizzo di prodotti chimici e acqua nella fase produttiva.<\/p>\n<p>KE fa proprio e condivide questo impegno nel ricercare nuove soluzioni per una filiera produttiva sempre pi\u00f9 consapevole e vicina ai temi della <strong>sostenibilit\u00e0<\/strong> e dell&#8217;<strong>economia circolare<\/strong>, assicurando nel contempo la massima performance e cura dei dettagli per ogni sua soluzione outdoor.<\/p>\n<p>&nbsp;<\/p>\n<ul>\n<li><strong>La certificazione ISO 14001<\/strong><\/li>\n<\/ul>\n<p>KE \u00e8 dotata di <strong>certificazione ISO 14001<\/strong> per la gestione ambientale nell\u2019ottica di monitorare gli impatti ambientali delle nostre attivit\u00e0, ricercando sistematicamente il miglioramento in modo coerente, efficace e soprattutto sostenibile.<\/p>\n<p>Alcuni degli aspetti coinvolti dalla certificazione sono le emissioni in atmosfera (ad esempio da impianti di saldatura o verniciatura), scarichi idrici, sostanze pericolose (etichettatura conforme, trasporto in sicurezza, ecc..), rifiuti pericolosi (ad es. oli esausti, scarti di verniciatura, ecc..).<\/p>\n<p>Una sicurezza in pi\u00f9 che il nostro lavoro sia improntato con la <strong>massima cura nei confronti del territorio e dell\u2019ambiente<\/strong>.<\/p>\n<p>&nbsp;<\/p>\n<ul>\n<li><strong>Raccolta RAEE per ottimizzare gli scarti<\/strong><\/li>\n<\/ul>\n<p>KE &#8211; come azienda di BAT Group &#8211; \u00e8 iscritta al <strong>circuito per il recupero dei RAEE<\/strong> (Rifiuti di Apparecchiature Elettriche ed Elettroniche). Di cosa si tratta?<\/p>\n<p>Le principali problematiche relative allo smaltimento di questi rifiuti derivano dal tipo di materiali che li compongono:<strong>\u00a0<\/strong>piombo, mercurio, plastica, rame, ferro, etc.<\/p>\n<p>Per questo motivo ci siamo affidati ad un consorzio specializzato che tratta con le giuste attrezzature questi rifiuti, minimizzando il loro impatto ambientale e contribuendo a riutilizzare le risorse che possono essere recuperate da questi oggetti dismessi.<\/p>\n<ul>\n<li><strong>Fine vita prodotto<\/strong><\/li>\n<\/ul>\n<p>Grande attenzione \u00e8 stata rivolta anche alla dismissione del prodotto, che dovr\u00e0 avvenire attraverso operatori specializzati che nel rispetto delle normative locali si occuperanno della disinstallazione dei prodotti e del successivo conferimento, per il riciclo dei materiali quali: Alluminio, Acciaio, Materiale elettrico (RAEE), Materiale plastico; I tessuti dovranno essere trattati come rifiuto speciale.<\/p>\n<ul>\n<li><strong>Politica integrata Qualit\u00e0 &#8211; Sicurezza &#8211; Ambiente<\/strong><\/li>\n<\/ul>\n<p><a href=\"\/?p=43254\">Scarica la nostra documentazione completa di Politica integrata Qualit\u00e0 &#8211; Sicurezza &#8211; Ambiente<\/a><\/p>\n","protected":false},"excerpt":{"rendered":"<p>Trascorrere del tempo all&#8217;aperto, negli spazi esterni della nostra casa &#8211; che si tratti di un terrazzo o di un&hellip;<\/p>\n","protected":false},"author":10608,"featured_media":66097,"parent":3825,"menu_order":0,"comment_status":"closed","ping_status":"closed","template":"","meta":{"_acf_changed":false,"footnotes":""},"class_list":["post-9586","page","type-page","status-publish","has-post-thumbnail","hentry"],"acf":[],"yoast_head":"<!-- This site is optimized with the Yoast SEO Premium plugin v20.12 (Yoast SEO v27.3) - https:\/\/yoast.com\/product\/yoast-seo-premium-wordpress\/ -->\n<title>La Filosofia Green per la sostenibilit\u00e0 ambientale KE<\/title>\n<meta name=\"description\" content=\"Nella filosofia aziendale di KE vi \u00e8 molto attenzione alla sostenibilit\u00e0 ambientale e all&#039;utilizzo di fonti rinnovabili. Scopri le certificazioni green.\" \/>\n<meta name=\"robots\" content=\"index, follow, max-snippet:-1, max-image-preview:large, max-video-preview:-1\" \/>\n<link rel=\"canonical\" href=\"https:\/\/www.keoutdoordesign.com\/it-it\/azienda\/la-filosofia-green-di-ke\/\" \/>\n<meta property=\"og:locale\" content=\"it_IT\" \/>\n<meta property=\"og:type\" content=\"article\" \/>\n<meta property=\"og:title\" content=\"La Filosofia Green di KE\" \/>\n<meta property=\"og:description\" content=\"Nella filosofia aziendale di KE vi \u00e8 molto attenzione alla sostenibilit\u00e0 ambientale e all&#039;utilizzo di fonti rinnovabili. Scopri le certificazioni green.\" \/>\n<meta property=\"og:url\" content=\"https:\/\/www.keoutdoordesign.com\/it-it\/azienda\/la-filosofia-green-di-ke\/\" \/>\n<meta property=\"og:site_name\" content=\"KE Outdoor Design\" \/>\n<meta property=\"article:publisher\" content=\"https:\/\/www.facebook.com\/keoutdoordesign.us\" \/>\n<meta property=\"article:modified_time\" content=\"2024-02-16T15:55:43+00:00\" \/>\n<meta property=\"og:image\" content=\"https:\/\/www.keoutdoordesign.com\/wp-content\/uploads\/2024\/02\/2023-08-31-Kuenzelsau-Kocherstetten-KEDRY-SKYLIFE-und-KHEOPE-Kom-Dorsch-Junior-Setze-29-offenblende-SIBR-0004-1.jpg\" \/>\n\t<meta property=\"og:image:width\" content=\"1920\" \/>\n\t<meta property=\"og:image:height\" content=\"1279\" \/>\n\t<meta property=\"og:image:type\" content=\"image\/jpeg\" \/>\n<meta name=\"twitter:card\" content=\"summary_large_image\" \/>\n<meta name=\"twitter:site\" content=\"@keoutdoordesign\" \/>\n<script type=\"application\/ld+json\" class=\"yoast-schema-graph\">{\"@context\":\"https:\\\/\\\/schema.org\",\"@graph\":[{\"@type\":\"WebPage\",\"@id\":\"https:\\\/\\\/www.keoutdoordesign.com\\\/it-it\\\/azienda\\\/la-filosofia-green-di-ke\\\/\",\"url\":\"https:\\\/\\\/www.keoutdoordesign.com\\\/it-it\\\/azienda\\\/la-filosofia-green-di-ke\\\/\",\"name\":\"La Filosofia Green per la sostenibilit\u00e0 ambientale KE\",\"isPartOf\":{\"@id\":\"https:\\\/\\\/www.keoutdoordesign.com\\\/it-it\\\/#website\"},\"primaryImageOfPage\":{\"@id\":\"https:\\\/\\\/www.keoutdoordesign.com\\\/it-it\\\/azienda\\\/la-filosofia-green-di-ke\\\/#primaryimage\"},\"image\":{\"@id\":\"https:\\\/\\\/www.keoutdoordesign.com\\\/it-it\\\/azienda\\\/la-filosofia-green-di-ke\\\/#primaryimage\"},\"thumbnailUrl\":\"https:\\\/\\\/www.keoutdoordesign.com\\\/wp-content\\\/uploads\\\/2024\\\/02\\\/2023-08-31-Kuenzelsau-Kocherstetten-KEDRY-SKYLIFE-und-KHEOPE-Kom-Dorsch-Junior-Setze-29-offenblende-SIBR-0004-1.jpg\",\"datePublished\":\"2019-06-24T08:48:16+00:00\",\"dateModified\":\"2024-02-16T15:55:43+00:00\",\"description\":\"Nella filosofia aziendale di KE vi \u00e8 molto attenzione alla sostenibilit\u00e0 ambientale e all'utilizzo di fonti rinnovabili. Scopri le certificazioni green.\",\"breadcrumb\":{\"@id\":\"https:\\\/\\\/www.keoutdoordesign.com\\\/it-it\\\/azienda\\\/la-filosofia-green-di-ke\\\/#breadcrumb\"},\"inLanguage\":\"it-IT\",\"potentialAction\":[{\"@type\":\"ReadAction\",\"target\":[\"https:\\\/\\\/www.keoutdoordesign.com\\\/it-it\\\/azienda\\\/la-filosofia-green-di-ke\\\/\"]}]},{\"@type\":\"ImageObject\",\"inLanguage\":\"it-IT\",\"@id\":\"https:\\\/\\\/www.keoutdoordesign.com\\\/it-it\\\/azienda\\\/la-filosofia-green-di-ke\\\/#primaryimage\",\"url\":\"https:\\\/\\\/www.keoutdoordesign.com\\\/wp-content\\\/uploads\\\/2024\\\/02\\\/2023-08-31-Kuenzelsau-Kocherstetten-KEDRY-SKYLIFE-und-KHEOPE-Kom-Dorsch-Junior-Setze-29-offenblende-SIBR-0004-1.jpg\",\"contentUrl\":\"https:\\\/\\\/www.keoutdoordesign.com\\\/wp-content\\\/uploads\\\/2024\\\/02\\\/2023-08-31-Kuenzelsau-Kocherstetten-KEDRY-SKYLIFE-und-KHEOPE-Kom-Dorsch-Junior-Setze-29-offenblende-SIBR-0004-1.jpg\",\"width\":1920,\"height\":1279},{\"@type\":\"BreadcrumbList\",\"@id\":\"https:\\\/\\\/www.keoutdoordesign.com\\\/it-it\\\/azienda\\\/la-filosofia-green-di-ke\\\/#breadcrumb\",\"itemListElement\":[{\"@type\":\"ListItem\",\"position\":1,\"name\":\"Home\",\"item\":\"https:\\\/\\\/www.keoutdoordesign.com\\\/it-it\\\/\"},{\"@type\":\"ListItem\",\"position\":2,\"name\":\"Azienda\",\"item\":\"https:\\\/\\\/www.keoutdoordesign.com\\\/it-it\\\/azienda\\\/\"},{\"@type\":\"ListItem\",\"position\":3,\"name\":\"La Filosofia Green di KE\"}]},{\"@type\":\"WebSite\",\"@id\":\"https:\\\/\\\/www.keoutdoordesign.com\\\/it-it\\\/#website\",\"url\":\"https:\\\/\\\/www.keoutdoordesign.com\\\/it-it\\\/\",\"name\":\"KE Outdoor Design\",\"description\":\"Awnings, Pergolas and Custom Shade Solutions\",\"publisher\":{\"@id\":\"https:\\\/\\\/www.keoutdoordesign.com\\\/it-it\\\/#organization\"},\"potentialAction\":[{\"@type\":\"SearchAction\",\"target\":{\"@type\":\"EntryPoint\",\"urlTemplate\":\"https:\\\/\\\/www.keoutdoordesign.com\\\/it-it\\\/?s={search_term_string}\"},\"query-input\":{\"@type\":\"PropertyValueSpecification\",\"valueRequired\":true,\"valueName\":\"search_term_string\"}}],\"inLanguage\":\"it-IT\"},{\"@type\":\"Organization\",\"@id\":\"https:\\\/\\\/www.keoutdoordesign.com\\\/it-it\\\/#organization\",\"name\":\"KE Outdoor Design\",\"url\":\"https:\\\/\\\/www.keoutdoordesign.com\\\/it-it\\\/\",\"logo\":{\"@type\":\"ImageObject\",\"inLanguage\":\"it-IT\",\"@id\":\"https:\\\/\\\/www.keoutdoordesign.com\\\/it-it\\\/#\\\/schema\\\/logo\\\/image\\\/\",\"url\":\"https:\\\/\\\/www.keoutdoordesign.com\\\/wp-content\\\/uploads\\\/2020\\\/02\\\/KE-logo-Primary-e1591282842174.jpg\",\"contentUrl\":\"https:\\\/\\\/www.keoutdoordesign.com\\\/wp-content\\\/uploads\\\/2020\\\/02\\\/KE-logo-Primary-e1591282842174.jpg\",\"width\":500,\"height\":396,\"caption\":\"KE Outdoor Design\"},\"image\":{\"@id\":\"https:\\\/\\\/www.keoutdoordesign.com\\\/it-it\\\/#\\\/schema\\\/logo\\\/image\\\/\"},\"sameAs\":[\"https:\\\/\\\/www.facebook.com\\\/keoutdoordesign.us\",\"https:\\\/\\\/x.com\\\/keoutdoordesign\",\"https:\\\/\\\/www.facebook.com\\\/keoutdoordesign\",\"https:\\\/\\\/www.youtube.com\\\/channel\\\/UCSoMQryJpLqD53bAoZLg2Vg\",\"https:\\\/\\\/www.pinterest.it\\\/keoutdoordesign\\\/\",\"https:\\\/\\\/www.instagram.com\\\/keoutdoordesign\\\/\",\"https:\\\/\\\/www.linkedin.com\\\/company\\\/ke-outdoor-design\\\/\"]}]}<\/script>\n<!-- \/ Yoast SEO Premium plugin. -->","yoast_head_json":{"title":"La Filosofia Green per la sostenibilit\u00e0 ambientale KE","description":"Nella filosofia aziendale di KE vi \u00e8 molto attenzione alla sostenibilit\u00e0 ambientale e all'utilizzo di fonti rinnovabili. Scopri le certificazioni green.","robots":{"index":"index","follow":"follow","max-snippet":"max-snippet:-1","max-image-preview":"max-image-preview:large","max-video-preview":"max-video-preview:-1"},"canonical":"https:\/\/www.keoutdoordesign.com\/it-it\/azienda\/la-filosofia-green-di-ke\/","og_locale":"it_IT","og_type":"article","og_title":"La Filosofia Green di KE","og_description":"Nella filosofia aziendale di KE vi \u00e8 molto attenzione alla sostenibilit\u00e0 ambientale e all'utilizzo di fonti rinnovabili. Scopri le certificazioni green.","og_url":"https:\/\/www.keoutdoordesign.com\/it-it\/azienda\/la-filosofia-green-di-ke\/","og_site_name":"KE Outdoor Design","article_publisher":"https:\/\/www.facebook.com\/keoutdoordesign.us","article_modified_time":"2024-02-16T15:55:43+00:00","og_image":[{"width":1920,"height":1279,"url":"https:\/\/www.keoutdoordesign.com\/wp-content\/uploads\/2024\/02\/2023-08-31-Kuenzelsau-Kocherstetten-KEDRY-SKYLIFE-und-KHEOPE-Kom-Dorsch-Junior-Setze-29-offenblende-SIBR-0004-1.jpg","type":"image\/jpeg"}],"twitter_card":"summary_large_image","twitter_site":"@keoutdoordesign","schema":{"@context":"https:\/\/schema.org","@graph":[{"@type":"WebPage","@id":"https:\/\/www.keoutdoordesign.com\/it-it\/azienda\/la-filosofia-green-di-ke\/","url":"https:\/\/www.keoutdoordesign.com\/it-it\/azienda\/la-filosofia-green-di-ke\/","name":"La Filosofia Green per la sostenibilit\u00e0 ambientale KE","isPartOf":{"@id":"https:\/\/www.keoutdoordesign.com\/it-it\/#website"},"primaryImageOfPage":{"@id":"https:\/\/www.keoutdoordesign.com\/it-it\/azienda\/la-filosofia-green-di-ke\/#primaryimage"},"image":{"@id":"https:\/\/www.keoutdoordesign.com\/it-it\/azienda\/la-filosofia-green-di-ke\/#primaryimage"},"thumbnailUrl":"https:\/\/www.keoutdoordesign.com\/wp-content\/uploads\/2024\/02\/2023-08-31-Kuenzelsau-Kocherstetten-KEDRY-SKYLIFE-und-KHEOPE-Kom-Dorsch-Junior-Setze-29-offenblende-SIBR-0004-1.jpg","datePublished":"2019-06-24T08:48:16+00:00","dateModified":"2024-02-16T15:55:43+00:00","description":"Nella filosofia aziendale di KE vi \u00e8 molto attenzione alla sostenibilit\u00e0 ambientale e all'utilizzo di fonti rinnovabili. Scopri le certificazioni green.","breadcrumb":{"@id":"https:\/\/www.keoutdoordesign.com\/it-it\/azienda\/la-filosofia-green-di-ke\/#breadcrumb"},"inLanguage":"it-IT","potentialAction":[{"@type":"ReadAction","target":["https:\/\/www.keoutdoordesign.com\/it-it\/azienda\/la-filosofia-green-di-ke\/"]}]},{"@type":"ImageObject","inLanguage":"it-IT","@id":"https:\/\/www.keoutdoordesign.com\/it-it\/azienda\/la-filosofia-green-di-ke\/#primaryimage","url":"https:\/\/www.keoutdoordesign.com\/wp-content\/uploads\/2024\/02\/2023-08-31-Kuenzelsau-Kocherstetten-KEDRY-SKYLIFE-und-KHEOPE-Kom-Dorsch-Junior-Setze-29-offenblende-SIBR-0004-1.jpg","contentUrl":"https:\/\/www.keoutdoordesign.com\/wp-content\/uploads\/2024\/02\/2023-08-31-Kuenzelsau-Kocherstetten-KEDRY-SKYLIFE-und-KHEOPE-Kom-Dorsch-Junior-Setze-29-offenblende-SIBR-0004-1.jpg","width":1920,"height":1279},{"@type":"BreadcrumbList","@id":"https:\/\/www.keoutdoordesign.com\/it-it\/azienda\/la-filosofia-green-di-ke\/#breadcrumb","itemListElement":[{"@type":"ListItem","position":1,"name":"Home","item":"https:\/\/www.keoutdoordesign.com\/it-it\/"},{"@type":"ListItem","position":2,"name":"Azienda","item":"https:\/\/www.keoutdoordesign.com\/it-it\/azienda\/"},{"@type":"ListItem","position":3,"name":"La Filosofia Green di KE"}]},{"@type":"WebSite","@id":"https:\/\/www.keoutdoordesign.com\/it-it\/#website","url":"https:\/\/www.keoutdoordesign.com\/it-it\/","name":"KE Outdoor Design","description":"Awnings, Pergolas and Custom Shade Solutions","publisher":{"@id":"https:\/\/www.keoutdoordesign.com\/it-it\/#organization"},"potentialAction":[{"@type":"SearchAction","target":{"@type":"EntryPoint","urlTemplate":"https:\/\/www.keoutdoordesign.com\/it-it\/?s={search_term_string}"},"query-input":{"@type":"PropertyValueSpecification","valueRequired":true,"valueName":"search_term_string"}}],"inLanguage":"it-IT"},{"@type":"Organization","@id":"https:\/\/www.keoutdoordesign.com\/it-it\/#organization","name":"KE Outdoor Design","url":"https:\/\/www.keoutdoordesign.com\/it-it\/","logo":{"@type":"ImageObject","inLanguage":"it-IT","@id":"https:\/\/www.keoutdoordesign.com\/it-it\/#\/schema\/logo\/image\/","url":"https:\/\/www.keoutdoordesign.com\/wp-content\/uploads\/2020\/02\/KE-logo-Primary-e1591282842174.jpg","contentUrl":"https:\/\/www.keoutdoordesign.com\/wp-content\/uploads\/2020\/02\/KE-logo-Primary-e1591282842174.jpg","width":500,"height":396,"caption":"KE Outdoor Design"},"image":{"@id":"https:\/\/www.keoutdoordesign.com\/it-it\/#\/schema\/logo\/image\/"},"sameAs":["https:\/\/www.facebook.com\/keoutdoordesign.us","https:\/\/x.com\/keoutdoordesign","https:\/\/www.facebook.com\/keoutdoordesign","https:\/\/www.youtube.com\/channel\/UCSoMQryJpLqD53bAoZLg2Vg","https:\/\/www.pinterest.it\/keoutdoordesign\/","https:\/\/www.instagram.com\/keoutdoordesign\/","https:\/\/www.linkedin.com\/company\/ke-outdoor-design\/"]}]}},"_links":{"self":[{"href":"https:\/\/www.keoutdoordesign.com\/it-it\/wp-json\/wp\/v2\/pages\/9586","targetHints":{"allow":["GET"]}}],"collection":[{"href":"https:\/\/www.keoutdoordesign.com\/it-it\/wp-json\/wp\/v2\/pages"}],"about":[{"href":"https:\/\/www.keoutdoordesign.com\/it-it\/wp-json\/wp\/v2\/types\/page"}],"author":[{"embeddable":true,"href":"https:\/\/www.keoutdoordesign.com\/it-it\/wp-json\/wp\/v2\/users\/10608"}],"replies":[{"embeddable":true,"href":"https:\/\/www.keoutdoordesign.com\/it-it\/wp-json\/wp\/v2\/comments?post=9586"}],"version-history":[{"count":33,"href":"https:\/\/www.keoutdoordesign.com\/it-it\/wp-json\/wp\/v2\/pages\/9586\/revisions"}],"predecessor-version":[{"id":66108,"href":"https:\/\/www.keoutdoordesign.com\/it-it\/wp-json\/wp\/v2\/pages\/9586\/revisions\/66108"}],"up":[{"embeddable":true,"href":"https:\/\/www.keoutdoordesign.com\/it-it\/wp-json\/wp\/v2\/pages\/3825"}],"wp:featuredmedia":[{"embeddable":true,"href":"https:\/\/www.keoutdoordesign.com\/it-it\/wp-json\/wp\/v2\/media\/66097"}],"wp:attachment":[{"href":"https:\/\/www.keoutdoordesign.com\/it-it\/wp-json\/wp\/v2\/media?parent=9586"}],"curies":[{"name":"wp","href":"https:\/\/api.w.org\/{rel}","templated":true}]}}