{"id":5763,"date":"2019-06-11T09:41:24","date_gmt":"2019-06-11T07:41:24","guid":{"rendered":"http:\/\/ke.itpowernet.it\/referenze\/residential\/ville-e-case-con-giardino\/"},"modified":"2021-04-19T11:48:21","modified_gmt":"2021-04-19T09:48:21","slug":"ville-e-case-con-giardino","status":"publish","type":"page","link":"https:\/\/www.keoutdoordesign.com\/it-it\/realizzazioni\/residenziale\/ville-e-case-con-giardino\/","title":{"rendered":"Ville e case con giardino"},"content":{"rendered":"<p>Il fascino di una villa o di una casa campestre deve molto ai suoi esterni: l\u2019armonia di un parco e il respiro che dona uno spazio verde accrescono la bellezza della struttura e consentono di ampliare i propri modi di vivere la casa. Grazie alle <strong>strutture per giardino, potrete rendere ancora pi<\/strong><strong>\u00f9<\/strong> <strong>elegante il vostro outdoor e gestire il vostro spazio esterno in modo ottimale. <\/strong><\/p>\n<p>Le pergole per giardino, ad esempio, vi consentiranno di creare dei luoghi all\u2019aria aperta tutti da godere. Grazie alle pergole per ville private, infatti, potrete decidere di gestire l\u2019ombra come pi\u00f9 vi piace: il tetto avvolgibile o richiudibile a impacchettamento potr\u00e0 regalarvi diverse intensit\u00e0 di luce a seconda della stagione e del momento della giornata. Una pergola bioclimatica, grazie al resistente tetto con lamelle orientabili, sapr\u00e0 proteggervi anche in caso di pioggia e intemperie.<\/p>\n<p>Ogni pergola o tenda da sole \u00e8 progettata sulle vostre esigenze, con l\u2019obiettivo di<strong> far risaltare la vostra abitazione e darvi il massimo comfort<\/strong>. Potrete scegliere pergole con tetto inclinato o tetto piatto da addossare alla parete oppure tende da sole a bracci per modulare la luce e dare continuit\u00e0 ai vostri ambienti. Se avete a disposizione giardini pi\u00f9 ampi, potrete scegliere strutture per giardino autoportanti, che si inseriranno in modo armonioso nei vostri parchi, creando splendide isole di pace.<\/p>\n","protected":false},"excerpt":{"rendered":"<p>Il fascino di una villa o di una casa campestre deve molto ai suoi esterni: l\u2019armonia di un parco e&hellip;<\/p>\n","protected":false},"author":10608,"featured_media":31988,"parent":309,"menu_order":19,"comment_status":"closed","ping_status":"closed","template":"page-templates\/category-references.php","meta":{"_acf_changed":false,"footnotes":""},"class_list":["post-5763","page","type-page","status-publish","has-post-thumbnail","hentry"],"acf":[],"yoast_head":"<!-- This site is optimized with the Yoast SEO Premium plugin v20.12 (Yoast SEO v27.3) - https:\/\/yoast.com\/product\/yoast-seo-premium-wordpress\/ -->\n<title>Pergole per Ville, Giardino, Strutture per Esterno - KE Outdoor Design<\/title>\n<meta name=\"description\" content=\"Le strutture per giardino vengono progettate sulle vostre esigenze, con l&#039;obiettivo di far risaltare la vostra abitazione e darvi il massimo comfort.\" \/>\n<meta name=\"robots\" content=\"index, follow, max-snippet:-1, max-image-preview:large, max-video-preview:-1\" \/>\n<link rel=\"canonical\" href=\"https:\/\/www.keoutdoordesign.com\/it-it\/realizzazioni\/residenziale\/ville-e-case-con-giardino\/\" \/>\n<meta property=\"og:locale\" content=\"it_IT\" \/>\n<meta property=\"og:type\" content=\"article\" \/>\n<meta property=\"og:title\" content=\"Ville e case con giardino\" \/>\n<meta property=\"og:description\" content=\"Le strutture per giardino vengono progettate sulle vostre esigenze, con l&#039;obiettivo di far risaltare la vostra abitazione e darvi il massimo comfort.\" \/>\n<meta property=\"og:url\" content=\"https:\/\/www.keoutdoordesign.com\/it-it\/realizzazioni\/residenziale\/ville-e-case-con-giardino\/\" \/>\n<meta property=\"og:site_name\" content=\"KE Outdoor Design\" \/>\n<meta property=\"article:publisher\" content=\"https:\/\/www.facebook.com\/keoutdoordesign.us\" \/>\n<meta property=\"article:modified_time\" content=\"2021-04-19T09:48:21+00:00\" \/>\n<meta property=\"og:image\" content=\"https:\/\/www.keoutdoordesign.com\/wp-content\/uploads\/2021\/03\/pergola-con-telo-avvolto-ke-gennius-xtesa-plain-2.jpg\" \/>\n\t<meta property=\"og:image:width\" content=\"2048\" \/>\n\t<meta property=\"og:image:height\" content=\"1080\" \/>\n\t<meta property=\"og:image:type\" content=\"image\/jpeg\" \/>\n<meta name=\"twitter:card\" content=\"summary_large_image\" \/>\n<meta name=\"twitter:site\" content=\"@keoutdoordesign\" \/>\n<script type=\"application\/ld+json\" class=\"yoast-schema-graph\">{\"@context\":\"https:\\\/\\\/schema.org\",\"@graph\":[{\"@type\":\"WebPage\",\"@id\":\"https:\\\/\\\/www.keoutdoordesign.com\\\/it-it\\\/realizzazioni\\\/residenziale\\\/ville-e-case-con-giardino\\\/\",\"url\":\"https:\\\/\\\/www.keoutdoordesign.com\\\/it-it\\\/realizzazioni\\\/residenziale\\\/ville-e-case-con-giardino\\\/\",\"name\":\"Pergole per Ville, Giardino, Strutture per Esterno - KE Outdoor Design\",\"isPartOf\":{\"@id\":\"https:\\\/\\\/www.keoutdoordesign.com\\\/it-it\\\/#website\"},\"primaryImageOfPage\":{\"@id\":\"https:\\\/\\\/www.keoutdoordesign.com\\\/it-it\\\/realizzazioni\\\/residenziale\\\/ville-e-case-con-giardino\\\/#primaryimage\"},\"image\":{\"@id\":\"https:\\\/\\\/www.keoutdoordesign.com\\\/it-it\\\/realizzazioni\\\/residenziale\\\/ville-e-case-con-giardino\\\/#primaryimage\"},\"thumbnailUrl\":\"https:\\\/\\\/www.keoutdoordesign.com\\\/wp-content\\\/uploads\\\/2021\\\/03\\\/pergola-con-telo-avvolto-ke-gennius-xtesa-plain-2.jpg\",\"datePublished\":\"2019-06-11T07:41:24+00:00\",\"dateModified\":\"2021-04-19T09:48:21+00:00\",\"description\":\"Le strutture per giardino vengono progettate sulle vostre esigenze, con l'obiettivo di far risaltare la vostra abitazione e darvi il massimo comfort.\",\"breadcrumb\":{\"@id\":\"https:\\\/\\\/www.keoutdoordesign.com\\\/it-it\\\/realizzazioni\\\/residenziale\\\/ville-e-case-con-giardino\\\/#breadcrumb\"},\"inLanguage\":\"it-IT\",\"potentialAction\":[{\"@type\":\"ReadAction\",\"target\":[\"https:\\\/\\\/www.keoutdoordesign.com\\\/it-it\\\/realizzazioni\\\/residenziale\\\/ville-e-case-con-giardino\\\/\"]}]},{\"@type\":\"ImageObject\",\"inLanguage\":\"it-IT\",\"@id\":\"https:\\\/\\\/www.keoutdoordesign.com\\\/it-it\\\/realizzazioni\\\/residenziale\\\/ville-e-case-con-giardino\\\/#primaryimage\",\"url\":\"https:\\\/\\\/www.keoutdoordesign.com\\\/wp-content\\\/uploads\\\/2021\\\/03\\\/pergola-con-telo-avvolto-ke-gennius-xtesa-plain-2.jpg\",\"contentUrl\":\"https:\\\/\\\/www.keoutdoordesign.com\\\/wp-content\\\/uploads\\\/2021\\\/03\\\/pergola-con-telo-avvolto-ke-gennius-xtesa-plain-2.jpg\",\"width\":2048,\"height\":1080,\"caption\":\"pergolato-con-copertura-scorrevole-xtesa-plain-ke-outdoor-design\"},{\"@type\":\"BreadcrumbList\",\"@id\":\"https:\\\/\\\/www.keoutdoordesign.com\\\/it-it\\\/realizzazioni\\\/residenziale\\\/ville-e-case-con-giardino\\\/#breadcrumb\",\"itemListElement\":[{\"@type\":\"ListItem\",\"position\":1,\"name\":\"Home\",\"item\":\"https:\\\/\\\/www.keoutdoordesign.com\\\/it-it\\\/\"},{\"@type\":\"ListItem\",\"position\":2,\"name\":\"Realizzazioni\",\"item\":\"https:\\\/\\\/www.keoutdoordesign.com\\\/it-it\\\/realizzazioni\\\/\"},{\"@type\":\"ListItem\",\"position\":3,\"name\":\"Residenziale\",\"item\":\"https:\\\/\\\/www.keoutdoordesign.com\\\/it-it\\\/realizzazioni\\\/residenziale\\\/\"},{\"@type\":\"ListItem\",\"position\":4,\"name\":\"Ville e case con giardino\"}]},{\"@type\":\"WebSite\",\"@id\":\"https:\\\/\\\/www.keoutdoordesign.com\\\/it-it\\\/#website\",\"url\":\"https:\\\/\\\/www.keoutdoordesign.com\\\/it-it\\\/\",\"name\":\"KE Outdoor Design\",\"description\":\"Awnings, Pergolas and Custom Shade Solutions\",\"publisher\":{\"@id\":\"https:\\\/\\\/www.keoutdoordesign.com\\\/it-it\\\/#organization\"},\"potentialAction\":[{\"@type\":\"SearchAction\",\"target\":{\"@type\":\"EntryPoint\",\"urlTemplate\":\"https:\\\/\\\/www.keoutdoordesign.com\\\/it-it\\\/?s={search_term_string}\"},\"query-input\":{\"@type\":\"PropertyValueSpecification\",\"valueRequired\":true,\"valueName\":\"search_term_string\"}}],\"inLanguage\":\"it-IT\"},{\"@type\":\"Organization\",\"@id\":\"https:\\\/\\\/www.keoutdoordesign.com\\\/it-it\\\/#organization\",\"name\":\"KE Outdoor Design\",\"url\":\"https:\\\/\\\/www.keoutdoordesign.com\\\/it-it\\\/\",\"logo\":{\"@type\":\"ImageObject\",\"inLanguage\":\"it-IT\",\"@id\":\"https:\\\/\\\/www.keoutdoordesign.com\\\/it-it\\\/#\\\/schema\\\/logo\\\/image\\\/\",\"url\":\"https:\\\/\\\/www.keoutdoordesign.com\\\/wp-content\\\/uploads\\\/2020\\\/02\\\/KE-logo-Primary-e1591282842174.jpg\",\"contentUrl\":\"https:\\\/\\\/www.keoutdoordesign.com\\\/wp-content\\\/uploads\\\/2020\\\/02\\\/KE-logo-Primary-e1591282842174.jpg\",\"width\":500,\"height\":396,\"caption\":\"KE Outdoor Design\"},\"image\":{\"@id\":\"https:\\\/\\\/www.keoutdoordesign.com\\\/it-it\\\/#\\\/schema\\\/logo\\\/image\\\/\"},\"sameAs\":[\"https:\\\/\\\/www.facebook.com\\\/keoutdoordesign.us\",\"https:\\\/\\\/x.com\\\/keoutdoordesign\",\"https:\\\/\\\/www.facebook.com\\\/keoutdoordesign\",\"https:\\\/\\\/www.youtube.com\\\/channel\\\/UCSoMQryJpLqD53bAoZLg2Vg\",\"https:\\\/\\\/www.pinterest.it\\\/keoutdoordesign\\\/\",\"https:\\\/\\\/www.instagram.com\\\/keoutdoordesign\\\/\",\"https:\\\/\\\/www.linkedin.com\\\/company\\\/ke-outdoor-design\\\/\"]}]}<\/script>\n<!-- \/ Yoast SEO Premium plugin. -->","yoast_head_json":{"title":"Pergole per Ville, Giardino, Strutture per Esterno - KE Outdoor Design","description":"Le strutture per giardino vengono progettate sulle vostre esigenze, con l'obiettivo di far risaltare la vostra abitazione e darvi il massimo comfort.","robots":{"index":"index","follow":"follow","max-snippet":"max-snippet:-1","max-image-preview":"max-image-preview:large","max-video-preview":"max-video-preview:-1"},"canonical":"https:\/\/www.keoutdoordesign.com\/it-it\/realizzazioni\/residenziale\/ville-e-case-con-giardino\/","og_locale":"it_IT","og_type":"article","og_title":"Ville e case con giardino","og_description":"Le strutture per giardino vengono progettate sulle vostre esigenze, con l'obiettivo di far risaltare la vostra abitazione e darvi il massimo comfort.","og_url":"https:\/\/www.keoutdoordesign.com\/it-it\/realizzazioni\/residenziale\/ville-e-case-con-giardino\/","og_site_name":"KE Outdoor Design","article_publisher":"https:\/\/www.facebook.com\/keoutdoordesign.us","article_modified_time":"2021-04-19T09:48:21+00:00","og_image":[{"width":2048,"height":1080,"url":"https:\/\/www.keoutdoordesign.com\/wp-content\/uploads\/2021\/03\/pergola-con-telo-avvolto-ke-gennius-xtesa-plain-2.jpg","type":"image\/jpeg"}],"twitter_card":"summary_large_image","twitter_site":"@keoutdoordesign","schema":{"@context":"https:\/\/schema.org","@graph":[{"@type":"WebPage","@id":"https:\/\/www.keoutdoordesign.com\/it-it\/realizzazioni\/residenziale\/ville-e-case-con-giardino\/","url":"https:\/\/www.keoutdoordesign.com\/it-it\/realizzazioni\/residenziale\/ville-e-case-con-giardino\/","name":"Pergole per Ville, Giardino, Strutture per Esterno - KE Outdoor Design","isPartOf":{"@id":"https:\/\/www.keoutdoordesign.com\/it-it\/#website"},"primaryImageOfPage":{"@id":"https:\/\/www.keoutdoordesign.com\/it-it\/realizzazioni\/residenziale\/ville-e-case-con-giardino\/#primaryimage"},"image":{"@id":"https:\/\/www.keoutdoordesign.com\/it-it\/realizzazioni\/residenziale\/ville-e-case-con-giardino\/#primaryimage"},"thumbnailUrl":"https:\/\/www.keoutdoordesign.com\/wp-content\/uploads\/2021\/03\/pergola-con-telo-avvolto-ke-gennius-xtesa-plain-2.jpg","datePublished":"2019-06-11T07:41:24+00:00","dateModified":"2021-04-19T09:48:21+00:00","description":"Le strutture per giardino vengono progettate sulle vostre esigenze, con l'obiettivo di far risaltare la vostra abitazione e darvi il massimo comfort.","breadcrumb":{"@id":"https:\/\/www.keoutdoordesign.com\/it-it\/realizzazioni\/residenziale\/ville-e-case-con-giardino\/#breadcrumb"},"inLanguage":"it-IT","potentialAction":[{"@type":"ReadAction","target":["https:\/\/www.keoutdoordesign.com\/it-it\/realizzazioni\/residenziale\/ville-e-case-con-giardino\/"]}]},{"@type":"ImageObject","inLanguage":"it-IT","@id":"https:\/\/www.keoutdoordesign.com\/it-it\/realizzazioni\/residenziale\/ville-e-case-con-giardino\/#primaryimage","url":"https:\/\/www.keoutdoordesign.com\/wp-content\/uploads\/2021\/03\/pergola-con-telo-avvolto-ke-gennius-xtesa-plain-2.jpg","contentUrl":"https:\/\/www.keoutdoordesign.com\/wp-content\/uploads\/2021\/03\/pergola-con-telo-avvolto-ke-gennius-xtesa-plain-2.jpg","width":2048,"height":1080,"caption":"pergolato-con-copertura-scorrevole-xtesa-plain-ke-outdoor-design"},{"@type":"BreadcrumbList","@id":"https:\/\/www.keoutdoordesign.com\/it-it\/realizzazioni\/residenziale\/ville-e-case-con-giardino\/#breadcrumb","itemListElement":[{"@type":"ListItem","position":1,"name":"Home","item":"https:\/\/www.keoutdoordesign.com\/it-it\/"},{"@type":"ListItem","position":2,"name":"Realizzazioni","item":"https:\/\/www.keoutdoordesign.com\/it-it\/realizzazioni\/"},{"@type":"ListItem","position":3,"name":"Residenziale","item":"https:\/\/www.keoutdoordesign.com\/it-it\/realizzazioni\/residenziale\/"},{"@type":"ListItem","position":4,"name":"Ville e case con giardino"}]},{"@type":"WebSite","@id":"https:\/\/www.keoutdoordesign.com\/it-it\/#website","url":"https:\/\/www.keoutdoordesign.com\/it-it\/","name":"KE Outdoor Design","description":"Awnings, Pergolas and Custom Shade Solutions","publisher":{"@id":"https:\/\/www.keoutdoordesign.com\/it-it\/#organization"},"potentialAction":[{"@type":"SearchAction","target":{"@type":"EntryPoint","urlTemplate":"https:\/\/www.keoutdoordesign.com\/it-it\/?s={search_term_string}"},"query-input":{"@type":"PropertyValueSpecification","valueRequired":true,"valueName":"search_term_string"}}],"inLanguage":"it-IT"},{"@type":"Organization","@id":"https:\/\/www.keoutdoordesign.com\/it-it\/#organization","name":"KE Outdoor Design","url":"https:\/\/www.keoutdoordesign.com\/it-it\/","logo":{"@type":"ImageObject","inLanguage":"it-IT","@id":"https:\/\/www.keoutdoordesign.com\/it-it\/#\/schema\/logo\/image\/","url":"https:\/\/www.keoutdoordesign.com\/wp-content\/uploads\/2020\/02\/KE-logo-Primary-e1591282842174.jpg","contentUrl":"https:\/\/www.keoutdoordesign.com\/wp-content\/uploads\/2020\/02\/KE-logo-Primary-e1591282842174.jpg","width":500,"height":396,"caption":"KE Outdoor Design"},"image":{"@id":"https:\/\/www.keoutdoordesign.com\/it-it\/#\/schema\/logo\/image\/"},"sameAs":["https:\/\/www.facebook.com\/keoutdoordesign.us","https:\/\/x.com\/keoutdoordesign","https:\/\/www.facebook.com\/keoutdoordesign","https:\/\/www.youtube.com\/channel\/UCSoMQryJpLqD53bAoZLg2Vg","https:\/\/www.pinterest.it\/keoutdoordesign\/","https:\/\/www.instagram.com\/keoutdoordesign\/","https:\/\/www.linkedin.com\/company\/ke-outdoor-design\/"]}]}},"_links":{"self":[{"href":"https:\/\/www.keoutdoordesign.com\/it-it\/wp-json\/wp\/v2\/pages\/5763","targetHints":{"allow":["GET"]}}],"collection":[{"href":"https:\/\/www.keoutdoordesign.com\/it-it\/wp-json\/wp\/v2\/pages"}],"about":[{"href":"https:\/\/www.keoutdoordesign.com\/it-it\/wp-json\/wp\/v2\/types\/page"}],"author":[{"embeddable":true,"href":"https:\/\/www.keoutdoordesign.com\/it-it\/wp-json\/wp\/v2\/users\/10608"}],"replies":[{"embeddable":true,"href":"https:\/\/www.keoutdoordesign.com\/it-it\/wp-json\/wp\/v2\/comments?post=5763"}],"version-history":[{"count":3,"href":"https:\/\/www.keoutdoordesign.com\/it-it\/wp-json\/wp\/v2\/pages\/5763\/revisions"}],"predecessor-version":[{"id":6787,"href":"https:\/\/www.keoutdoordesign.com\/it-it\/wp-json\/wp\/v2\/pages\/5763\/revisions\/6787"}],"up":[{"embeddable":true,"href":"https:\/\/www.keoutdoordesign.com\/it-it\/wp-json\/wp\/v2\/pages\/309"}],"wp:featuredmedia":[{"embeddable":true,"href":"https:\/\/www.keoutdoordesign.com\/it-it\/wp-json\/wp\/v2\/media\/31988"}],"wp:attachment":[{"href":"https:\/\/www.keoutdoordesign.com\/it-it\/wp-json\/wp\/v2\/media?parent=5763"}],"curies":[{"name":"wp","href":"https:\/\/api.w.org\/{rel}","templated":true}]}}