{"id":307,"date":"2019-05-02T09:29:13","date_gmt":"2019-05-02T07:29:13","guid":{"rendered":"http:\/\/ke.localhost.it\/?page_id=307"},"modified":"2025-11-13T15:44:56","modified_gmt":"2025-11-13T14:44:56","slug":"hospitality-e-retail","status":"publish","type":"page","link":"https:\/\/www.keoutdoordesign.com\/it-it\/realizzazioni\/hospitality-e-retail\/","title":{"rendered":"Hospitality e Retail"},"content":{"rendered":"<p>Progettare luoghi capaci di accogliere le persone \u00e8 un\u2019arte che richiede visione, per immaginare e ideare il giusto comfort, e strategia, per ottimizzare gli spazi e rendere pi\u00f9 proficua l\u2019attivit\u00e0. Le tende da sole e pergole su misura che creiamo per i nostri clienti rispecchiano questa doppia anima. Da un lato permettono di <strong>creare ambienti dedicati al relax<\/strong>, dall\u2019altro regalano <strong>nuovi spazi da utilizzare per ampliare le proprie potenzialit\u00e0<\/strong> commerciali.<\/p>\n<p>Realizziamo <strong>progetti di copertura e schermatura solare per alberghi, residence e resort, bar e ristoranti, centri commerciali e negozi, piscine e centri sportivi<\/strong>, accogliendo le necessit\u00e0 e le peculiarit\u00e0 di ciascun luogo.<\/p>\n<p>Le nostre pergole su misura creano angoli di pace all\u2019esterno, piccoli luoghi di relax per vivere giardini, parchi, piscine o zone outdoor. Le tende da sole su misura permettono una gestione ottimale della luce e del sole: che siano tende a bracci, tende verticali o cappottine potrete gestire in libert\u00e0 l\u2019irraggiamento dei vostri locali e vestire di nuovo gli spazi esterni dei vostri locali, grazie alla personalizzazione grafica con loghi e scritte.<\/p>\n<p>KE propone inoltre un servizio di <strong>noleggio operativo<\/strong> per tende da sole, pergole e coperture per esterni, <strong>per chi desidera rinnovare la propria attivit\u00e0 commerciale senza dover acquistare la struttura<\/strong>. Questo servizio KE \u00e8 stato ideato appositamente per tutto il settore Ho.Re.Ca: hotel, ristoranti, bar, e tutte le attivit\u00e0 del settore hospitality potranno finalmente ampliare la propria capacit\u00e0 ricettiva con la creazione di spazi esterni coperti destinati all\u2019accoglienza. Contattaci per richiedere maggiori informazioni sul servizio di noleggio.<\/p>\n<p>&nbsp;<\/p>\n","protected":false},"excerpt":{"rendered":"<p>Progettare luoghi capaci di accogliere le persone \u00e8 un\u2019arte che richiede visione, per immaginare e ideare il giusto comfort, e&hellip;<\/p>\n","protected":false},"author":10608,"featured_media":3492,"parent":305,"menu_order":0,"comment_status":"closed","ping_status":"closed","template":"page-templates\/category-subcategories.php","meta":{"_acf_changed":false,"footnotes":""},"class_list":["post-307","page","type-page","status-publish","has-post-thumbnail","hentry"],"acf":[],"yoast_head":"<!-- This site is optimized with the Yoast SEO Premium plugin v20.12 (Yoast SEO v27.0) - https:\/\/yoast.com\/product\/yoast-seo-premium-wordpress\/ -->\n<title>Pergole e Tende da Sole su Misura - Contract - KE Outdoor Design<\/title>\n<meta name=\"description\" content=\"Realizziamo progetti di copertura, pergole, tende da sole su misura per alberghi, residence, bar e ristoranti, centri commerciali, negozi, centri sportivi.\" \/>\n<meta name=\"robots\" content=\"index, follow, max-snippet:-1, max-image-preview:large, max-video-preview:-1\" \/>\n<link rel=\"canonical\" href=\"https:\/\/www.keoutdoordesign.com\/it-it\/realizzazioni\/hospitality-e-retail\/\" \/>\n<meta property=\"og:locale\" content=\"it_IT\" \/>\n<meta property=\"og:type\" content=\"article\" \/>\n<meta property=\"og:title\" content=\"Hospitality e Retail\" \/>\n<meta property=\"og:description\" content=\"Realizziamo progetti di copertura, pergole, tende da sole su misura per alberghi, residence, bar e ristoranti, centri commerciali, negozi, centri sportivi.\" \/>\n<meta property=\"og:url\" content=\"https:\/\/www.keoutdoordesign.com\/it-it\/realizzazioni\/hospitality-e-retail\/\" \/>\n<meta property=\"og:site_name\" content=\"KE Outdoor Design\" \/>\n<meta property=\"article:publisher\" content=\"https:\/\/www.facebook.com\/keoutdoordesign.us\" \/>\n<meta property=\"article:modified_time\" content=\"2025-11-13T14:44:56+00:00\" \/>\n<meta property=\"og:image\" content=\"https:\/\/www.keoutdoordesign.com\/wp-content\/uploads\/2019\/05\/CampingFiori_Isola3_1.jpg\" \/>\n\t<meta property=\"og:image:width\" content=\"2048\" \/>\n\t<meta property=\"og:image:height\" content=\"1080\" \/>\n\t<meta property=\"og:image:type\" content=\"image\/jpeg\" \/>\n<meta name=\"twitter:card\" content=\"summary_large_image\" \/>\n<meta name=\"twitter:site\" content=\"@keoutdoordesign\" \/>\n<script type=\"application\/ld+json\" class=\"yoast-schema-graph\">{\"@context\":\"https:\/\/schema.org\",\"@graph\":[{\"@type\":\"WebPage\",\"@id\":\"https:\/\/www.keoutdoordesign.com\/it-it\/realizzazioni\/hospitality-e-retail\/\",\"url\":\"https:\/\/www.keoutdoordesign.com\/it-it\/realizzazioni\/hospitality-e-retail\/\",\"name\":\"Pergole e Tende da Sole su Misura - Contract - KE Outdoor Design\",\"isPartOf\":{\"@id\":\"https:\/\/www.keoutdoordesign.com\/it-it\/#website\"},\"primaryImageOfPage\":{\"@id\":\"https:\/\/www.keoutdoordesign.com\/it-it\/realizzazioni\/hospitality-e-retail\/#primaryimage\"},\"image\":{\"@id\":\"https:\/\/www.keoutdoordesign.com\/it-it\/realizzazioni\/hospitality-e-retail\/#primaryimage\"},\"thumbnailUrl\":\"https:\/\/www.keoutdoordesign.com\/wp-content\/uploads\/2019\/05\/CampingFiori_Isola3_1.jpg\",\"datePublished\":\"2019-05-02T07:29:13+00:00\",\"dateModified\":\"2025-11-13T14:44:56+00:00\",\"description\":\"Realizziamo progetti di copertura, pergole, tende da sole su misura per alberghi, residence, bar e ristoranti, centri commerciali, negozi, centri sportivi.\",\"breadcrumb\":{\"@id\":\"https:\/\/www.keoutdoordesign.com\/it-it\/realizzazioni\/hospitality-e-retail\/#breadcrumb\"},\"inLanguage\":\"it-IT\",\"potentialAction\":[{\"@type\":\"ReadAction\",\"target\":[\"https:\/\/www.keoutdoordesign.com\/it-it\/realizzazioni\/hospitality-e-retail\/\"]}]},{\"@type\":\"ImageObject\",\"inLanguage\":\"it-IT\",\"@id\":\"https:\/\/www.keoutdoordesign.com\/it-it\/realizzazioni\/hospitality-e-retail\/#primaryimage\",\"url\":\"https:\/\/www.keoutdoordesign.com\/wp-content\/uploads\/2019\/05\/CampingFiori_Isola3_1.jpg\",\"contentUrl\":\"https:\/\/www.keoutdoordesign.com\/wp-content\/uploads\/2019\/05\/CampingFiori_Isola3_1.jpg\",\"width\":2048,\"height\":1080},{\"@type\":\"BreadcrumbList\",\"@id\":\"https:\/\/www.keoutdoordesign.com\/it-it\/realizzazioni\/hospitality-e-retail\/#breadcrumb\",\"itemListElement\":[{\"@type\":\"ListItem\",\"position\":1,\"name\":\"Home\",\"item\":\"https:\/\/www.keoutdoordesign.com\/it-it\/\"},{\"@type\":\"ListItem\",\"position\":2,\"name\":\"Realizzazioni\",\"item\":\"https:\/\/www.keoutdoordesign.com\/it-it\/realizzazioni\/\"},{\"@type\":\"ListItem\",\"position\":3,\"name\":\"Hospitality e Retail\"}]},{\"@type\":\"WebSite\",\"@id\":\"https:\/\/www.keoutdoordesign.com\/it-it\/#website\",\"url\":\"https:\/\/www.keoutdoordesign.com\/it-it\/\",\"name\":\"KE Outdoor Design\",\"description\":\"Awnings, Pergolas and Custom Shade Solutions\",\"publisher\":{\"@id\":\"https:\/\/www.keoutdoordesign.com\/it-it\/#organization\"},\"potentialAction\":[{\"@type\":\"SearchAction\",\"target\":{\"@type\":\"EntryPoint\",\"urlTemplate\":\"https:\/\/www.keoutdoordesign.com\/it-it\/?s={search_term_string}\"},\"query-input\":{\"@type\":\"PropertyValueSpecification\",\"valueRequired\":true,\"valueName\":\"search_term_string\"}}],\"inLanguage\":\"it-IT\"},{\"@type\":\"Organization\",\"@id\":\"https:\/\/www.keoutdoordesign.com\/it-it\/#organization\",\"name\":\"KE Outdoor Design\",\"url\":\"https:\/\/www.keoutdoordesign.com\/it-it\/\",\"logo\":{\"@type\":\"ImageObject\",\"inLanguage\":\"it-IT\",\"@id\":\"https:\/\/www.keoutdoordesign.com\/it-it\/#\/schema\/logo\/image\/\",\"url\":\"https:\/\/www.keoutdoordesign.com\/wp-content\/uploads\/2020\/02\/KE-logo-Primary-e1591282842174.jpg\",\"contentUrl\":\"https:\/\/www.keoutdoordesign.com\/wp-content\/uploads\/2020\/02\/KE-logo-Primary-e1591282842174.jpg\",\"width\":500,\"height\":396,\"caption\":\"KE Outdoor Design\"},\"image\":{\"@id\":\"https:\/\/www.keoutdoordesign.com\/it-it\/#\/schema\/logo\/image\/\"},\"sameAs\":[\"https:\/\/www.facebook.com\/keoutdoordesign.us\",\"https:\/\/x.com\/keoutdoordesign\",\"https:\/\/www.facebook.com\/keoutdoordesign\",\"https:\/\/www.youtube.com\/channel\/UCSoMQryJpLqD53bAoZLg2Vg\",\"https:\/\/www.pinterest.it\/keoutdoordesign\/\",\"https:\/\/www.instagram.com\/keoutdoordesign\/\",\"https:\/\/www.linkedin.com\/company\/ke-outdoor-design\/\"]}]}<\/script>\n<!-- \/ Yoast SEO Premium plugin. -->","yoast_head_json":{"title":"Pergole e Tende da Sole su Misura - Contract - KE Outdoor Design","description":"Realizziamo progetti di copertura, pergole, tende da sole su misura per alberghi, residence, bar e ristoranti, centri commerciali, negozi, centri sportivi.","robots":{"index":"index","follow":"follow","max-snippet":"max-snippet:-1","max-image-preview":"max-image-preview:large","max-video-preview":"max-video-preview:-1"},"canonical":"https:\/\/www.keoutdoordesign.com\/it-it\/realizzazioni\/hospitality-e-retail\/","og_locale":"it_IT","og_type":"article","og_title":"Hospitality e Retail","og_description":"Realizziamo progetti di copertura, pergole, tende da sole su misura per alberghi, residence, bar e ristoranti, centri commerciali, negozi, centri sportivi.","og_url":"https:\/\/www.keoutdoordesign.com\/it-it\/realizzazioni\/hospitality-e-retail\/","og_site_name":"KE Outdoor Design","article_publisher":"https:\/\/www.facebook.com\/keoutdoordesign.us","article_modified_time":"2025-11-13T14:44:56+00:00","og_image":[{"width":2048,"height":1080,"url":"https:\/\/www.keoutdoordesign.com\/wp-content\/uploads\/2019\/05\/CampingFiori_Isola3_1.jpg","type":"image\/jpeg"}],"twitter_card":"summary_large_image","twitter_site":"@keoutdoordesign","schema":{"@context":"https:\/\/schema.org","@graph":[{"@type":"WebPage","@id":"https:\/\/www.keoutdoordesign.com\/it-it\/realizzazioni\/hospitality-e-retail\/","url":"https:\/\/www.keoutdoordesign.com\/it-it\/realizzazioni\/hospitality-e-retail\/","name":"Pergole e Tende da Sole su Misura - Contract - KE Outdoor Design","isPartOf":{"@id":"https:\/\/www.keoutdoordesign.com\/it-it\/#website"},"primaryImageOfPage":{"@id":"https:\/\/www.keoutdoordesign.com\/it-it\/realizzazioni\/hospitality-e-retail\/#primaryimage"},"image":{"@id":"https:\/\/www.keoutdoordesign.com\/it-it\/realizzazioni\/hospitality-e-retail\/#primaryimage"},"thumbnailUrl":"https:\/\/www.keoutdoordesign.com\/wp-content\/uploads\/2019\/05\/CampingFiori_Isola3_1.jpg","datePublished":"2019-05-02T07:29:13+00:00","dateModified":"2025-11-13T14:44:56+00:00","description":"Realizziamo progetti di copertura, pergole, tende da sole su misura per alberghi, residence, bar e ristoranti, centri commerciali, negozi, centri sportivi.","breadcrumb":{"@id":"https:\/\/www.keoutdoordesign.com\/it-it\/realizzazioni\/hospitality-e-retail\/#breadcrumb"},"inLanguage":"it-IT","potentialAction":[{"@type":"ReadAction","target":["https:\/\/www.keoutdoordesign.com\/it-it\/realizzazioni\/hospitality-e-retail\/"]}]},{"@type":"ImageObject","inLanguage":"it-IT","@id":"https:\/\/www.keoutdoordesign.com\/it-it\/realizzazioni\/hospitality-e-retail\/#primaryimage","url":"https:\/\/www.keoutdoordesign.com\/wp-content\/uploads\/2019\/05\/CampingFiori_Isola3_1.jpg","contentUrl":"https:\/\/www.keoutdoordesign.com\/wp-content\/uploads\/2019\/05\/CampingFiori_Isola3_1.jpg","width":2048,"height":1080},{"@type":"BreadcrumbList","@id":"https:\/\/www.keoutdoordesign.com\/it-it\/realizzazioni\/hospitality-e-retail\/#breadcrumb","itemListElement":[{"@type":"ListItem","position":1,"name":"Home","item":"https:\/\/www.keoutdoordesign.com\/it-it\/"},{"@type":"ListItem","position":2,"name":"Realizzazioni","item":"https:\/\/www.keoutdoordesign.com\/it-it\/realizzazioni\/"},{"@type":"ListItem","position":3,"name":"Hospitality e Retail"}]},{"@type":"WebSite","@id":"https:\/\/www.keoutdoordesign.com\/it-it\/#website","url":"https:\/\/www.keoutdoordesign.com\/it-it\/","name":"KE Outdoor Design","description":"Awnings, Pergolas and Custom Shade Solutions","publisher":{"@id":"https:\/\/www.keoutdoordesign.com\/it-it\/#organization"},"potentialAction":[{"@type":"SearchAction","target":{"@type":"EntryPoint","urlTemplate":"https:\/\/www.keoutdoordesign.com\/it-it\/?s={search_term_string}"},"query-input":{"@type":"PropertyValueSpecification","valueRequired":true,"valueName":"search_term_string"}}],"inLanguage":"it-IT"},{"@type":"Organization","@id":"https:\/\/www.keoutdoordesign.com\/it-it\/#organization","name":"KE Outdoor Design","url":"https:\/\/www.keoutdoordesign.com\/it-it\/","logo":{"@type":"ImageObject","inLanguage":"it-IT","@id":"https:\/\/www.keoutdoordesign.com\/it-it\/#\/schema\/logo\/image\/","url":"https:\/\/www.keoutdoordesign.com\/wp-content\/uploads\/2020\/02\/KE-logo-Primary-e1591282842174.jpg","contentUrl":"https:\/\/www.keoutdoordesign.com\/wp-content\/uploads\/2020\/02\/KE-logo-Primary-e1591282842174.jpg","width":500,"height":396,"caption":"KE Outdoor Design"},"image":{"@id":"https:\/\/www.keoutdoordesign.com\/it-it\/#\/schema\/logo\/image\/"},"sameAs":["https:\/\/www.facebook.com\/keoutdoordesign.us","https:\/\/x.com\/keoutdoordesign","https:\/\/www.facebook.com\/keoutdoordesign","https:\/\/www.youtube.com\/channel\/UCSoMQryJpLqD53bAoZLg2Vg","https:\/\/www.pinterest.it\/keoutdoordesign\/","https:\/\/www.instagram.com\/keoutdoordesign\/","https:\/\/www.linkedin.com\/company\/ke-outdoor-design\/"]}]}},"_links":{"self":[{"href":"https:\/\/www.keoutdoordesign.com\/it-it\/wp-json\/wp\/v2\/pages\/307","targetHints":{"allow":["GET"]}}],"collection":[{"href":"https:\/\/www.keoutdoordesign.com\/it-it\/wp-json\/wp\/v2\/pages"}],"about":[{"href":"https:\/\/www.keoutdoordesign.com\/it-it\/wp-json\/wp\/v2\/types\/page"}],"author":[{"embeddable":true,"href":"https:\/\/www.keoutdoordesign.com\/it-it\/wp-json\/wp\/v2\/users\/10608"}],"replies":[{"embeddable":true,"href":"https:\/\/www.keoutdoordesign.com\/it-it\/wp-json\/wp\/v2\/comments?post=307"}],"version-history":[{"count":10,"href":"https:\/\/www.keoutdoordesign.com\/it-it\/wp-json\/wp\/v2\/pages\/307\/revisions"}],"predecessor-version":[{"id":116277,"href":"https:\/\/www.keoutdoordesign.com\/it-it\/wp-json\/wp\/v2\/pages\/307\/revisions\/116277"}],"up":[{"embeddable":true,"href":"https:\/\/www.keoutdoordesign.com\/it-it\/wp-json\/wp\/v2\/pages\/305"}],"wp:featuredmedia":[{"embeddable":true,"href":"https:\/\/www.keoutdoordesign.com\/it-it\/wp-json\/wp\/v2\/media\/3492"}],"wp:attachment":[{"href":"https:\/\/www.keoutdoordesign.com\/it-it\/wp-json\/wp\/v2\/media?parent=307"}],"curies":[{"name":"wp","href":"https:\/\/api.w.org\/{rel}","templated":true}]}}