{"id":152,"date":"2019-04-30T15:50:56","date_gmt":"2019-04-30T13:50:56","guid":{"rendered":"http:\/\/ke.localhost.it\/?page_id=152"},"modified":"2025-10-20T17:00:46","modified_gmt":"2025-10-20T15:00:46","slug":"isola-3","status":"publish","type":"page","link":"https:\/\/www.keoutdoordesign.com\/it-it\/pergole\/pergole-a-tetto-piano\/isola-3\/","title":{"rendered":"Isola 3"},"content":{"rendered":"<h2>Pergola in alluminio con telo impacchettabile<\/h2>\n<p>Nuova tenda a pergola in casa KE: <strong>ISOLA 3<\/strong> entra a far parte di <strong>GENNIUS<\/strong>, il sistema completo per la schermatura solare composto da prodotti che combinano perfettamente eleganza e design con flessibilit\u00e0 e modularit\u00e0.<\/p>\n<p>Grazie a queste caratteristiche fondamentali di progettazione, Isola 3 \u2013 cos\u00ec come tutti gli altri prodotti Gennius \u2013 rendono fruibili nel massimo comfort gli spazi outdoor, moltiplicando gli ambienti abitativi o le aree utilizzabili da bar, ristoranti, alberghi ed esercizi commerciali.<\/p>\n<p>Isola 3 si distingue per la caratteristica forma del <strong>tetto ad arco ribassato<\/strong>, che permette di diminuire l\u2019ingombro in altezza e di migliorarne l\u2019aspetto estetico, rendendolo un prodotto unico nel suo genere.<\/p>\n<p>Disponibile in due diverse modalit\u00e0 di installazione \u2013 <strong>addossata a parete<\/strong> e <strong>autoportante<\/strong> \u2013 la struttura \u00e8 integrabile con tende tecniche laterali ombreggianti o completamente trasparenti, oppure con sistemi di vetrate scorrevoli. Il tutto con elevate possibilit\u00e0 di configurazione: per la versione chiusa perimetralmente con tessuto, ad esempio, \u00e8 possibile scegliere tra gli oltre 500 tessuti tecnici a disposizione; il livello di modulazione dell\u2019apporto solare pu\u00f2 essere regolato sulla base delle esigenze specifiche dell\u2019edificio in cui il prodotto sar\u00e0 installato, rispettando anche la coerenza stilistica della costruzione.<\/p>\n<p>Isola 3, infatti, si integra perfettamente nell\u2019architettura degli edifici, grazie alla <strong>leggerezza delle linee e dei profili<\/strong> in alluminio, verniciati a polvere, che garantiscono un\u2019ottima resistenza alla corrosione e risultano non invasivi nelle forme.<\/p>\n<p>Isola 3 si distingue per essere un vero complemento d\u2019arredo outdoor grazie ad un <strong>sistema di illuminazione integrata dimmerabile<\/strong>, l\u2019ideale per chi desidera creare <strong>ambientazioni serali ad effetto<\/strong>.<\/p>\n<p>Isola 3 \u00e8 inoltre integrabile con sensori climatici opzionali che consentono una perfetta automazione e una gestione ideale della tenda, nell\u2019evenienza di qualsiasi variazione climatica.<\/p>\n<p>Tramite una semplice <strong>app per smartphone e tablet<\/strong> \u00e8 possibile definire tempi e modalit\u00e0 di apertura e chiusura della tenda, in tutta praticit\u00e0.<\/p>\n<p>Novit\u00e0 2024 \u00e8 la versione Classic: Isola 3 nella versione Classic presenta un\u2019elegante lavorazione nei profili esterni e nei lati esterni delle colonne. In questa versione non c\u2019\u00e8 la possibilit\u00e0 di installare led nei profili esterni. Questa variante \u00e8 disponibile anche nel prodot to Kedry Skylife e Kedry Prime.<\/p>\n","protected":false},"excerpt":{"rendered":"<p>Pergola in alluminio con telo impacchettabile Nuova tenda a pergola in casa KE: ISOLA 3 entra a far parte di&hellip;<\/p>\n","protected":false},"author":10608,"featured_media":113689,"parent":71,"menu_order":16,"comment_status":"closed","ping_status":"closed","template":"page-templates\/product.php","meta":{"_acf_changed":false,"footnotes":""},"class_list":["post-152","page","type-page","status-publish","has-post-thumbnail","hentry"],"acf":[],"yoast_head":"<!-- This site is optimized with the Yoast SEO Premium plugin v20.12 (Yoast SEO v27.3) - https:\/\/yoast.com\/product\/yoast-seo-premium-wordpress\/ -->\n<title>Pergola Autoportante in Alluminio - Isola 3 - KE Outdoor Design<\/title>\n<meta name=\"description\" content=\"Isola 3 \u00e8 la pergola in alluminio personalizzabile che si adatta al design degli edifici e protegge dal sole e dal vento. Scopri la linea di KE.\" \/>\n<meta name=\"robots\" content=\"index, follow, max-snippet:-1, max-image-preview:large, max-video-preview:-1\" \/>\n<link rel=\"canonical\" href=\"https:\/\/www.keoutdoordesign.com\/it-it\/pergole\/pergole-a-tetto-piano\/isola-3\/\" \/>\n<meta property=\"og:locale\" content=\"it_IT\" \/>\n<meta property=\"og:type\" content=\"article\" \/>\n<meta property=\"og:title\" content=\"Isola 3\" \/>\n<meta property=\"og:description\" content=\"Isola 3 \u00e8 la pergola in alluminio personalizzabile che si adatta al design degli edifici e protegge dal sole e dal vento. Scopri la linea di KE.\" \/>\n<meta property=\"og:url\" content=\"https:\/\/www.keoutdoordesign.com\/it-it\/pergole\/pergole-a-tetto-piano\/isola-3\/\" \/>\n<meta property=\"og:site_name\" content=\"KE Outdoor Design\" \/>\n<meta property=\"article:publisher\" content=\"https:\/\/www.facebook.com\/keoutdoordesign.us\" \/>\n<meta property=\"article:modified_time\" content=\"2025-10-20T15:00:46+00:00\" \/>\n<meta property=\"og:image\" content=\"https:\/\/www.keoutdoordesign.com\/wp-content\/uploads\/2025\/10\/Pasticceria-delle-Rose-4.jpg\" \/>\n\t<meta property=\"og:image:width\" content=\"1920\" \/>\n\t<meta property=\"og:image:height\" content=\"1279\" \/>\n\t<meta property=\"og:image:type\" content=\"image\/jpeg\" \/>\n<meta name=\"twitter:card\" content=\"summary_large_image\" \/>\n<meta name=\"twitter:site\" content=\"@keoutdoordesign\" \/>\n<script type=\"application\/ld+json\" class=\"yoast-schema-graph\">{\"@context\":\"https:\\\/\\\/schema.org\",\"@graph\":[{\"@type\":\"WebPage\",\"@id\":\"https:\\\/\\\/www.keoutdoordesign.com\\\/it-it\\\/pergole\\\/pergole-a-tetto-piano\\\/isola-3\\\/\",\"url\":\"https:\\\/\\\/www.keoutdoordesign.com\\\/it-it\\\/pergole\\\/pergole-a-tetto-piano\\\/isola-3\\\/\",\"name\":\"Pergola Autoportante in Alluminio - Isola 3 - KE Outdoor Design\",\"isPartOf\":{\"@id\":\"https:\\\/\\\/www.keoutdoordesign.com\\\/it-it\\\/#website\"},\"primaryImageOfPage\":{\"@id\":\"https:\\\/\\\/www.keoutdoordesign.com\\\/it-it\\\/pergole\\\/pergole-a-tetto-piano\\\/isola-3\\\/#primaryimage\"},\"image\":{\"@id\":\"https:\\\/\\\/www.keoutdoordesign.com\\\/it-it\\\/pergole\\\/pergole-a-tetto-piano\\\/isola-3\\\/#primaryimage\"},\"thumbnailUrl\":\"https:\\\/\\\/www.keoutdoordesign.com\\\/wp-content\\\/uploads\\\/2025\\\/10\\\/Pasticceria-delle-Rose-4.jpg\",\"datePublished\":\"2019-04-30T13:50:56+00:00\",\"dateModified\":\"2025-10-20T15:00:46+00:00\",\"description\":\"Isola 3 \u00e8 la pergola in alluminio personalizzabile che si adatta al design degli edifici e protegge dal sole e dal vento. Scopri la linea di KE.\",\"breadcrumb\":{\"@id\":\"https:\\\/\\\/www.keoutdoordesign.com\\\/it-it\\\/pergole\\\/pergole-a-tetto-piano\\\/isola-3\\\/#breadcrumb\"},\"inLanguage\":\"it-IT\",\"potentialAction\":[{\"@type\":\"ReadAction\",\"target\":[\"https:\\\/\\\/www.keoutdoordesign.com\\\/it-it\\\/pergole\\\/pergole-a-tetto-piano\\\/isola-3\\\/\"]}]},{\"@type\":\"ImageObject\",\"inLanguage\":\"it-IT\",\"@id\":\"https:\\\/\\\/www.keoutdoordesign.com\\\/it-it\\\/pergole\\\/pergole-a-tetto-piano\\\/isola-3\\\/#primaryimage\",\"url\":\"https:\\\/\\\/www.keoutdoordesign.com\\\/wp-content\\\/uploads\\\/2025\\\/10\\\/Pasticceria-delle-Rose-4.jpg\",\"contentUrl\":\"https:\\\/\\\/www.keoutdoordesign.com\\\/wp-content\\\/uploads\\\/2025\\\/10\\\/Pasticceria-delle-Rose-4.jpg\",\"width\":1920,\"height\":1279},{\"@type\":\"BreadcrumbList\",\"@id\":\"https:\\\/\\\/www.keoutdoordesign.com\\\/it-it\\\/pergole\\\/pergole-a-tetto-piano\\\/isola-3\\\/#breadcrumb\",\"itemListElement\":[{\"@type\":\"ListItem\",\"position\":1,\"name\":\"Home\",\"item\":\"https:\\\/\\\/www.keoutdoordesign.com\\\/it-it\\\/\"},{\"@type\":\"ListItem\",\"position\":2,\"name\":\"Pergole\",\"item\":\"https:\\\/\\\/www.keoutdoordesign.com\\\/it-it\\\/pergole\\\/\"},{\"@type\":\"ListItem\",\"position\":3,\"name\":\"Pergole con tetto scorrevole\",\"item\":\"https:\\\/\\\/www.keoutdoordesign.com\\\/it-it\\\/pergole\\\/pergole-a-tetto-piano\\\/\"},{\"@type\":\"ListItem\",\"position\":4,\"name\":\"Isola 3\"}]},{\"@type\":\"WebSite\",\"@id\":\"https:\\\/\\\/www.keoutdoordesign.com\\\/it-it\\\/#website\",\"url\":\"https:\\\/\\\/www.keoutdoordesign.com\\\/it-it\\\/\",\"name\":\"KE Outdoor Design\",\"description\":\"Awnings, Pergolas and Custom Shade Solutions\",\"publisher\":{\"@id\":\"https:\\\/\\\/www.keoutdoordesign.com\\\/it-it\\\/#organization\"},\"potentialAction\":[{\"@type\":\"SearchAction\",\"target\":{\"@type\":\"EntryPoint\",\"urlTemplate\":\"https:\\\/\\\/www.keoutdoordesign.com\\\/it-it\\\/?s={search_term_string}\"},\"query-input\":{\"@type\":\"PropertyValueSpecification\",\"valueRequired\":true,\"valueName\":\"search_term_string\"}}],\"inLanguage\":\"it-IT\"},{\"@type\":\"Organization\",\"@id\":\"https:\\\/\\\/www.keoutdoordesign.com\\\/it-it\\\/#organization\",\"name\":\"KE Outdoor Design\",\"url\":\"https:\\\/\\\/www.keoutdoordesign.com\\\/it-it\\\/\",\"logo\":{\"@type\":\"ImageObject\",\"inLanguage\":\"it-IT\",\"@id\":\"https:\\\/\\\/www.keoutdoordesign.com\\\/it-it\\\/#\\\/schema\\\/logo\\\/image\\\/\",\"url\":\"https:\\\/\\\/www.keoutdoordesign.com\\\/wp-content\\\/uploads\\\/2020\\\/02\\\/KE-logo-Primary-e1591282842174.jpg\",\"contentUrl\":\"https:\\\/\\\/www.keoutdoordesign.com\\\/wp-content\\\/uploads\\\/2020\\\/02\\\/KE-logo-Primary-e1591282842174.jpg\",\"width\":500,\"height\":396,\"caption\":\"KE Outdoor Design\"},\"image\":{\"@id\":\"https:\\\/\\\/www.keoutdoordesign.com\\\/it-it\\\/#\\\/schema\\\/logo\\\/image\\\/\"},\"sameAs\":[\"https:\\\/\\\/www.facebook.com\\\/keoutdoordesign.us\",\"https:\\\/\\\/x.com\\\/keoutdoordesign\",\"https:\\\/\\\/www.facebook.com\\\/keoutdoordesign\",\"https:\\\/\\\/www.youtube.com\\\/channel\\\/UCSoMQryJpLqD53bAoZLg2Vg\",\"https:\\\/\\\/www.pinterest.it\\\/keoutdoordesign\\\/\",\"https:\\\/\\\/www.instagram.com\\\/keoutdoordesign\\\/\",\"https:\\\/\\\/www.linkedin.com\\\/company\\\/ke-outdoor-design\\\/\"]}]}<\/script>\n<!-- \/ Yoast SEO Premium plugin. -->","yoast_head_json":{"title":"Pergola Autoportante in Alluminio - Isola 3 - KE Outdoor Design","description":"Isola 3 \u00e8 la pergola in alluminio personalizzabile che si adatta al design degli edifici e protegge dal sole e dal vento. Scopri la linea di KE.","robots":{"index":"index","follow":"follow","max-snippet":"max-snippet:-1","max-image-preview":"max-image-preview:large","max-video-preview":"max-video-preview:-1"},"canonical":"https:\/\/www.keoutdoordesign.com\/it-it\/pergole\/pergole-a-tetto-piano\/isola-3\/","og_locale":"it_IT","og_type":"article","og_title":"Isola 3","og_description":"Isola 3 \u00e8 la pergola in alluminio personalizzabile che si adatta al design degli edifici e protegge dal sole e dal vento. Scopri la linea di KE.","og_url":"https:\/\/www.keoutdoordesign.com\/it-it\/pergole\/pergole-a-tetto-piano\/isola-3\/","og_site_name":"KE Outdoor Design","article_publisher":"https:\/\/www.facebook.com\/keoutdoordesign.us","article_modified_time":"2025-10-20T15:00:46+00:00","og_image":[{"width":1920,"height":1279,"url":"https:\/\/www.keoutdoordesign.com\/wp-content\/uploads\/2025\/10\/Pasticceria-delle-Rose-4.jpg","type":"image\/jpeg"}],"twitter_card":"summary_large_image","twitter_site":"@keoutdoordesign","schema":{"@context":"https:\/\/schema.org","@graph":[{"@type":"WebPage","@id":"https:\/\/www.keoutdoordesign.com\/it-it\/pergole\/pergole-a-tetto-piano\/isola-3\/","url":"https:\/\/www.keoutdoordesign.com\/it-it\/pergole\/pergole-a-tetto-piano\/isola-3\/","name":"Pergola Autoportante in Alluminio - Isola 3 - KE Outdoor Design","isPartOf":{"@id":"https:\/\/www.keoutdoordesign.com\/it-it\/#website"},"primaryImageOfPage":{"@id":"https:\/\/www.keoutdoordesign.com\/it-it\/pergole\/pergole-a-tetto-piano\/isola-3\/#primaryimage"},"image":{"@id":"https:\/\/www.keoutdoordesign.com\/it-it\/pergole\/pergole-a-tetto-piano\/isola-3\/#primaryimage"},"thumbnailUrl":"https:\/\/www.keoutdoordesign.com\/wp-content\/uploads\/2025\/10\/Pasticceria-delle-Rose-4.jpg","datePublished":"2019-04-30T13:50:56+00:00","dateModified":"2025-10-20T15:00:46+00:00","description":"Isola 3 \u00e8 la pergola in alluminio personalizzabile che si adatta al design degli edifici e protegge dal sole e dal vento. Scopri la linea di KE.","breadcrumb":{"@id":"https:\/\/www.keoutdoordesign.com\/it-it\/pergole\/pergole-a-tetto-piano\/isola-3\/#breadcrumb"},"inLanguage":"it-IT","potentialAction":[{"@type":"ReadAction","target":["https:\/\/www.keoutdoordesign.com\/it-it\/pergole\/pergole-a-tetto-piano\/isola-3\/"]}]},{"@type":"ImageObject","inLanguage":"it-IT","@id":"https:\/\/www.keoutdoordesign.com\/it-it\/pergole\/pergole-a-tetto-piano\/isola-3\/#primaryimage","url":"https:\/\/www.keoutdoordesign.com\/wp-content\/uploads\/2025\/10\/Pasticceria-delle-Rose-4.jpg","contentUrl":"https:\/\/www.keoutdoordesign.com\/wp-content\/uploads\/2025\/10\/Pasticceria-delle-Rose-4.jpg","width":1920,"height":1279},{"@type":"BreadcrumbList","@id":"https:\/\/www.keoutdoordesign.com\/it-it\/pergole\/pergole-a-tetto-piano\/isola-3\/#breadcrumb","itemListElement":[{"@type":"ListItem","position":1,"name":"Home","item":"https:\/\/www.keoutdoordesign.com\/it-it\/"},{"@type":"ListItem","position":2,"name":"Pergole","item":"https:\/\/www.keoutdoordesign.com\/it-it\/pergole\/"},{"@type":"ListItem","position":3,"name":"Pergole con tetto scorrevole","item":"https:\/\/www.keoutdoordesign.com\/it-it\/pergole\/pergole-a-tetto-piano\/"},{"@type":"ListItem","position":4,"name":"Isola 3"}]},{"@type":"WebSite","@id":"https:\/\/www.keoutdoordesign.com\/it-it\/#website","url":"https:\/\/www.keoutdoordesign.com\/it-it\/","name":"KE Outdoor Design","description":"Awnings, Pergolas and Custom Shade Solutions","publisher":{"@id":"https:\/\/www.keoutdoordesign.com\/it-it\/#organization"},"potentialAction":[{"@type":"SearchAction","target":{"@type":"EntryPoint","urlTemplate":"https:\/\/www.keoutdoordesign.com\/it-it\/?s={search_term_string}"},"query-input":{"@type":"PropertyValueSpecification","valueRequired":true,"valueName":"search_term_string"}}],"inLanguage":"it-IT"},{"@type":"Organization","@id":"https:\/\/www.keoutdoordesign.com\/it-it\/#organization","name":"KE Outdoor Design","url":"https:\/\/www.keoutdoordesign.com\/it-it\/","logo":{"@type":"ImageObject","inLanguage":"it-IT","@id":"https:\/\/www.keoutdoordesign.com\/it-it\/#\/schema\/logo\/image\/","url":"https:\/\/www.keoutdoordesign.com\/wp-content\/uploads\/2020\/02\/KE-logo-Primary-e1591282842174.jpg","contentUrl":"https:\/\/www.keoutdoordesign.com\/wp-content\/uploads\/2020\/02\/KE-logo-Primary-e1591282842174.jpg","width":500,"height":396,"caption":"KE Outdoor Design"},"image":{"@id":"https:\/\/www.keoutdoordesign.com\/it-it\/#\/schema\/logo\/image\/"},"sameAs":["https:\/\/www.facebook.com\/keoutdoordesign.us","https:\/\/x.com\/keoutdoordesign","https:\/\/www.facebook.com\/keoutdoordesign","https:\/\/www.youtube.com\/channel\/UCSoMQryJpLqD53bAoZLg2Vg","https:\/\/www.pinterest.it\/keoutdoordesign\/","https:\/\/www.instagram.com\/keoutdoordesign\/","https:\/\/www.linkedin.com\/company\/ke-outdoor-design\/"]}]}},"_links":{"self":[{"href":"https:\/\/www.keoutdoordesign.com\/it-it\/wp-json\/wp\/v2\/pages\/152","targetHints":{"allow":["GET"]}}],"collection":[{"href":"https:\/\/www.keoutdoordesign.com\/it-it\/wp-json\/wp\/v2\/pages"}],"about":[{"href":"https:\/\/www.keoutdoordesign.com\/it-it\/wp-json\/wp\/v2\/types\/page"}],"author":[{"embeddable":true,"href":"https:\/\/www.keoutdoordesign.com\/it-it\/wp-json\/wp\/v2\/users\/10608"}],"replies":[{"embeddable":true,"href":"https:\/\/www.keoutdoordesign.com\/it-it\/wp-json\/wp\/v2\/comments?post=152"}],"version-history":[{"count":33,"href":"https:\/\/www.keoutdoordesign.com\/it-it\/wp-json\/wp\/v2\/pages\/152\/revisions"}],"predecessor-version":[{"id":113695,"href":"https:\/\/www.keoutdoordesign.com\/it-it\/wp-json\/wp\/v2\/pages\/152\/revisions\/113695"}],"up":[{"embeddable":true,"href":"https:\/\/www.keoutdoordesign.com\/it-it\/wp-json\/wp\/v2\/pages\/71"}],"wp:featuredmedia":[{"embeddable":true,"href":"https:\/\/www.keoutdoordesign.com\/it-it\/wp-json\/wp\/v2\/media\/113689"}],"wp:attachment":[{"href":"https:\/\/www.keoutdoordesign.com\/it-it\/wp-json\/wp\/v2\/media?parent=152"}],"curies":[{"name":"wp","href":"https:\/\/api.w.org\/{rel}","templated":true}]}}