{"id":1333,"date":"2019-05-27T09:28:51","date_gmt":"2019-05-27T07:28:51","guid":{"rendered":"http:\/\/ke.localhost.it\/ambienti\/terrazza\/"},"modified":"2023-07-07T16:36:36","modified_gmt":"2023-07-07T14:36:36","slug":"terrazza","status":"publish","type":"page","link":"https:\/\/www.keoutdoordesign.com\/it-it\/ambienti\/terrazza\/","title":{"rendered":"Terrazza"},"content":{"rendered":"<p>La terrazza \u00e8 una parte importante della propria abitazione o di un locale commerciale: \u00e8 un\u2019apertura verso l\u2019esterno, \u00e8 una vista verso paesaggi piacevoli, in centro citt\u00e0 o fronte mare, immersi nella natura o affacciati a piazze e monumenti. KE offre una vasta gamma di tipologie <strong>coperture per terrazzi<\/strong>: possono essere <a href=\"https:\/\/www.keoutdoordesign.com\/it-it\/pergole\/pergole-bioclimatiche\/\">pergole bioclimatiche<\/a>, <a href=\"https:\/\/www.keoutdoordesign.com\/it-it\/pergole\/pergole-con-telo-avvolto\/\">pergole con telo avvolgibile<\/a>, <a href=\"https:\/\/www.keoutdoordesign.com\/it-it\/vele\/\">vele<\/a> o <a href=\"https:\/\/www.keoutdoordesign.com\/it-it\/tende-da-sole\/\">tende da sole<\/a>. Ciascuna di queste opzioni, vi permettono di sfruttare al meglio gli spazi, proteggendovi da pioggia, vento o umidit\u00e0 e ottenendo delle preziose zone d\u2019ombra.<\/p>\n<p>Che sia un piccolo terrazzino da arredare in maniera essenziale o un&#8217;ampia terrazza da vivere 365 giorni all\u2019anno, le tende da sole e le pergole per terrazzi saranno disegnate appositamente per i vostri spazi.<\/p>\n<p>La <strong>personalizzazione<\/strong> della struttura e la scelta dei tessuti utilizzati, dei sistemi di apertura e delle dimensioni vi permetteranno di creare progetti eleganti che si inseriscono perfettamente in ambienti storici (come ville, residenze e resort) o contesti moderni, sia alberghieri che dedicati alla ristorazione. Le pergole per terrazzi Gennius, ad esempio, sono l\u2019ideale per bar e ristoranti che, grazie a delle coperture flessibili e di design, creeranno nuovi spazi per ospitare i propri clienti all\u2019esterno di un locale.<\/p>\n<p>Siamo consapevoli che ogni spazio \u00e8 unico e richiede un&#8217;attenzione particolare. \u00c8 per questo che offriamo la possibilit\u00e0 di personalizzare le nostre strutture per terrazzi in termini di colori,\u00a0 dimensioni\u00a0 e tessuti garantendo una perfetta integrazione con l&#8217;ambiente circostante. Comprendiamo che il prezzo e le dimensioni siano importanti considerazioni per i nostri clienti. Pertanto, offriamo soluzioni adatte a diverse fasce di prezzo e dimensioni di spazio, mantenendo sempre l&#8217;attenzione per la qualit\u00e0 e il design.<\/p>\n<p>Scegliete <strong>KE Outdoor Design<\/strong> per le vostre strutture per terrazzi e scoprite come possiamo trasformare i vostri spazi all&#8217;aperto in luoghi di relax e bellezza, perfettamente adattati alle vostre esigenze.<\/p>\n<p>Potete affidarvi a un nostro <a href=\"https:\/\/www.keoutdoordesign.com\/it-it\/azienda\/ke-store\/\">KE Store<\/a> pi\u00f9 vicino a voi oppure compilate il <a href=\"https:\/\/www.keoutdoordesign.com\/it-it\/azienda\/contatti\/\">form<\/a> di richiesta di informazioni per farvi contattare da un nostro tecnico esperto che, senza impegno, vi illustrer\u00e0 le nostre proposte pi\u00f9 adatte alla vostra necessit\u00e0!<\/p>\n","protected":false},"excerpt":{"rendered":"<p>La terrazza \u00e8 una parte importante della propria abitazione o di un locale commerciale: \u00e8 un\u2019apertura verso l\u2019esterno, \u00e8 una&hellip;<\/p>\n","protected":false},"author":10608,"featured_media":40072,"parent":291,"menu_order":15,"comment_status":"closed","ping_status":"closed","template":"page-templates\/environment.php","meta":{"_acf_changed":false,"footnotes":""},"class_list":["post-1333","page","type-page","status-publish","has-post-thumbnail","hentry"],"acf":[],"yoast_head":"<!-- This site is optimized with the Yoast SEO Premium plugin v20.12 (Yoast SEO v27.3) - https:\/\/yoast.com\/product\/yoast-seo-premium-wordpress\/ -->\n<title>Coperture e Pergole per Terrazzi - KE Outdoor Design<\/title>\n<meta name=\"description\" content=\"Realizziamo coperture e strutture per terrazzi per trasformare i vostri spazi all&#039;aperto in luoghi di relax e bellezza!\" \/>\n<meta name=\"robots\" content=\"index, follow, max-snippet:-1, max-image-preview:large, max-video-preview:-1\" \/>\n<link rel=\"canonical\" href=\"https:\/\/www.keoutdoordesign.com\/it-it\/ambienti\/terrazza\/\" \/>\n<meta property=\"og:locale\" content=\"it_IT\" \/>\n<meta property=\"og:type\" content=\"article\" \/>\n<meta property=\"og:title\" content=\"Terrazza\" \/>\n<meta property=\"og:description\" content=\"Realizziamo coperture e strutture per terrazzi per trasformare i vostri spazi all&#039;aperto in luoghi di relax e bellezza!\" \/>\n<meta property=\"og:url\" content=\"https:\/\/www.keoutdoordesign.com\/it-it\/ambienti\/terrazza\/\" \/>\n<meta property=\"og:site_name\" content=\"KE Outdoor Design\" \/>\n<meta property=\"article:publisher\" content=\"https:\/\/www.facebook.com\/keoutdoordesign.us\" \/>\n<meta property=\"article:modified_time\" content=\"2023-07-07T14:36:36+00:00\" \/>\n<meta property=\"og:image\" content=\"https:\/\/www.keoutdoordesign.com\/wp-content\/uploads\/2021\/08\/tenda-a-vela-avvolgibile-bianca-vela-ombreggiante-kolibrie-ke-outdoor-design-8.jpg\" \/>\n\t<meta property=\"og:image:width\" content=\"1200\" \/>\n\t<meta property=\"og:image:height\" content=\"675\" \/>\n\t<meta property=\"og:image:type\" content=\"image\/jpeg\" \/>\n<meta name=\"twitter:card\" content=\"summary_large_image\" \/>\n<meta name=\"twitter:site\" content=\"@keoutdoordesign\" \/>\n<script type=\"application\/ld+json\" class=\"yoast-schema-graph\">{\"@context\":\"https:\\\/\\\/schema.org\",\"@graph\":[{\"@type\":\"WebPage\",\"@id\":\"https:\\\/\\\/www.keoutdoordesign.com\\\/it-it\\\/ambienti\\\/terrazza\\\/\",\"url\":\"https:\\\/\\\/www.keoutdoordesign.com\\\/it-it\\\/ambienti\\\/terrazza\\\/\",\"name\":\"Coperture e Pergole per Terrazzi - KE Outdoor Design\",\"isPartOf\":{\"@id\":\"https:\\\/\\\/www.keoutdoordesign.com\\\/it-it\\\/#website\"},\"primaryImageOfPage\":{\"@id\":\"https:\\\/\\\/www.keoutdoordesign.com\\\/it-it\\\/ambienti\\\/terrazza\\\/#primaryimage\"},\"image\":{\"@id\":\"https:\\\/\\\/www.keoutdoordesign.com\\\/it-it\\\/ambienti\\\/terrazza\\\/#primaryimage\"},\"thumbnailUrl\":\"https:\\\/\\\/www.keoutdoordesign.com\\\/wp-content\\\/uploads\\\/2021\\\/08\\\/tenda-a-vela-avvolgibile-bianca-vela-ombreggiante-kolibrie-ke-outdoor-design-8.jpg\",\"datePublished\":\"2019-05-27T07:28:51+00:00\",\"dateModified\":\"2023-07-07T14:36:36+00:00\",\"description\":\"Realizziamo coperture e strutture per terrazzi per trasformare i vostri spazi all'aperto in luoghi di relax e bellezza!\",\"breadcrumb\":{\"@id\":\"https:\\\/\\\/www.keoutdoordesign.com\\\/it-it\\\/ambienti\\\/terrazza\\\/#breadcrumb\"},\"inLanguage\":\"it-IT\",\"potentialAction\":[{\"@type\":\"ReadAction\",\"target\":[\"https:\\\/\\\/www.keoutdoordesign.com\\\/it-it\\\/ambienti\\\/terrazza\\\/\"]}]},{\"@type\":\"ImageObject\",\"inLanguage\":\"it-IT\",\"@id\":\"https:\\\/\\\/www.keoutdoordesign.com\\\/it-it\\\/ambienti\\\/terrazza\\\/#primaryimage\",\"url\":\"https:\\\/\\\/www.keoutdoordesign.com\\\/wp-content\\\/uploads\\\/2021\\\/08\\\/tenda-a-vela-avvolgibile-bianca-vela-ombreggiante-kolibrie-ke-outdoor-design-8.jpg\",\"contentUrl\":\"https:\\\/\\\/www.keoutdoordesign.com\\\/wp-content\\\/uploads\\\/2021\\\/08\\\/tenda-a-vela-avvolgibile-bianca-vela-ombreggiante-kolibrie-ke-outdoor-design-8.jpg\",\"width\":1200,\"height\":675,\"caption\":\"tenda-a-vela-avvolgibile-bianca-vela-ombreggiante-kolibrie-ke-outdoor-design-8\"},{\"@type\":\"BreadcrumbList\",\"@id\":\"https:\\\/\\\/www.keoutdoordesign.com\\\/it-it\\\/ambienti\\\/terrazza\\\/#breadcrumb\",\"itemListElement\":[{\"@type\":\"ListItem\",\"position\":1,\"name\":\"Home\",\"item\":\"https:\\\/\\\/www.keoutdoordesign.com\\\/it-it\\\/\"},{\"@type\":\"ListItem\",\"position\":2,\"name\":\"Ambienti\",\"item\":\"https:\\\/\\\/www.keoutdoordesign.com\\\/it-it\\\/ambienti\\\/\"},{\"@type\":\"ListItem\",\"position\":3,\"name\":\"Terrazza\"}]},{\"@type\":\"WebSite\",\"@id\":\"https:\\\/\\\/www.keoutdoordesign.com\\\/it-it\\\/#website\",\"url\":\"https:\\\/\\\/www.keoutdoordesign.com\\\/it-it\\\/\",\"name\":\"KE Outdoor Design\",\"description\":\"Awnings, Pergolas and Custom Shade Solutions\",\"publisher\":{\"@id\":\"https:\\\/\\\/www.keoutdoordesign.com\\\/it-it\\\/#organization\"},\"potentialAction\":[{\"@type\":\"SearchAction\",\"target\":{\"@type\":\"EntryPoint\",\"urlTemplate\":\"https:\\\/\\\/www.keoutdoordesign.com\\\/it-it\\\/?s={search_term_string}\"},\"query-input\":{\"@type\":\"PropertyValueSpecification\",\"valueRequired\":true,\"valueName\":\"search_term_string\"}}],\"inLanguage\":\"it-IT\"},{\"@type\":\"Organization\",\"@id\":\"https:\\\/\\\/www.keoutdoordesign.com\\\/it-it\\\/#organization\",\"name\":\"KE Outdoor Design\",\"url\":\"https:\\\/\\\/www.keoutdoordesign.com\\\/it-it\\\/\",\"logo\":{\"@type\":\"ImageObject\",\"inLanguage\":\"it-IT\",\"@id\":\"https:\\\/\\\/www.keoutdoordesign.com\\\/it-it\\\/#\\\/schema\\\/logo\\\/image\\\/\",\"url\":\"https:\\\/\\\/www.keoutdoordesign.com\\\/wp-content\\\/uploads\\\/2020\\\/02\\\/KE-logo-Primary-e1591282842174.jpg\",\"contentUrl\":\"https:\\\/\\\/www.keoutdoordesign.com\\\/wp-content\\\/uploads\\\/2020\\\/02\\\/KE-logo-Primary-e1591282842174.jpg\",\"width\":500,\"height\":396,\"caption\":\"KE Outdoor Design\"},\"image\":{\"@id\":\"https:\\\/\\\/www.keoutdoordesign.com\\\/it-it\\\/#\\\/schema\\\/logo\\\/image\\\/\"},\"sameAs\":[\"https:\\\/\\\/www.facebook.com\\\/keoutdoordesign.us\",\"https:\\\/\\\/x.com\\\/keoutdoordesign\",\"https:\\\/\\\/www.facebook.com\\\/keoutdoordesign\",\"https:\\\/\\\/www.youtube.com\\\/channel\\\/UCSoMQryJpLqD53bAoZLg2Vg\",\"https:\\\/\\\/www.pinterest.it\\\/keoutdoordesign\\\/\",\"https:\\\/\\\/www.instagram.com\\\/keoutdoordesign\\\/\",\"https:\\\/\\\/www.linkedin.com\\\/company\\\/ke-outdoor-design\\\/\"]}]}<\/script>\n<!-- \/ Yoast SEO Premium plugin. -->","yoast_head_json":{"title":"Coperture e Pergole per Terrazzi - KE Outdoor Design","description":"Realizziamo coperture e strutture per terrazzi per trasformare i vostri spazi all'aperto in luoghi di relax e bellezza!","robots":{"index":"index","follow":"follow","max-snippet":"max-snippet:-1","max-image-preview":"max-image-preview:large","max-video-preview":"max-video-preview:-1"},"canonical":"https:\/\/www.keoutdoordesign.com\/it-it\/ambienti\/terrazza\/","og_locale":"it_IT","og_type":"article","og_title":"Terrazza","og_description":"Realizziamo coperture e strutture per terrazzi per trasformare i vostri spazi all'aperto in luoghi di relax e bellezza!","og_url":"https:\/\/www.keoutdoordesign.com\/it-it\/ambienti\/terrazza\/","og_site_name":"KE Outdoor Design","article_publisher":"https:\/\/www.facebook.com\/keoutdoordesign.us","article_modified_time":"2023-07-07T14:36:36+00:00","og_image":[{"width":1200,"height":675,"url":"https:\/\/www.keoutdoordesign.com\/wp-content\/uploads\/2021\/08\/tenda-a-vela-avvolgibile-bianca-vela-ombreggiante-kolibrie-ke-outdoor-design-8.jpg","type":"image\/jpeg"}],"twitter_card":"summary_large_image","twitter_site":"@keoutdoordesign","schema":{"@context":"https:\/\/schema.org","@graph":[{"@type":"WebPage","@id":"https:\/\/www.keoutdoordesign.com\/it-it\/ambienti\/terrazza\/","url":"https:\/\/www.keoutdoordesign.com\/it-it\/ambienti\/terrazza\/","name":"Coperture e Pergole per Terrazzi - KE Outdoor Design","isPartOf":{"@id":"https:\/\/www.keoutdoordesign.com\/it-it\/#website"},"primaryImageOfPage":{"@id":"https:\/\/www.keoutdoordesign.com\/it-it\/ambienti\/terrazza\/#primaryimage"},"image":{"@id":"https:\/\/www.keoutdoordesign.com\/it-it\/ambienti\/terrazza\/#primaryimage"},"thumbnailUrl":"https:\/\/www.keoutdoordesign.com\/wp-content\/uploads\/2021\/08\/tenda-a-vela-avvolgibile-bianca-vela-ombreggiante-kolibrie-ke-outdoor-design-8.jpg","datePublished":"2019-05-27T07:28:51+00:00","dateModified":"2023-07-07T14:36:36+00:00","description":"Realizziamo coperture e strutture per terrazzi per trasformare i vostri spazi all'aperto in luoghi di relax e bellezza!","breadcrumb":{"@id":"https:\/\/www.keoutdoordesign.com\/it-it\/ambienti\/terrazza\/#breadcrumb"},"inLanguage":"it-IT","potentialAction":[{"@type":"ReadAction","target":["https:\/\/www.keoutdoordesign.com\/it-it\/ambienti\/terrazza\/"]}]},{"@type":"ImageObject","inLanguage":"it-IT","@id":"https:\/\/www.keoutdoordesign.com\/it-it\/ambienti\/terrazza\/#primaryimage","url":"https:\/\/www.keoutdoordesign.com\/wp-content\/uploads\/2021\/08\/tenda-a-vela-avvolgibile-bianca-vela-ombreggiante-kolibrie-ke-outdoor-design-8.jpg","contentUrl":"https:\/\/www.keoutdoordesign.com\/wp-content\/uploads\/2021\/08\/tenda-a-vela-avvolgibile-bianca-vela-ombreggiante-kolibrie-ke-outdoor-design-8.jpg","width":1200,"height":675,"caption":"tenda-a-vela-avvolgibile-bianca-vela-ombreggiante-kolibrie-ke-outdoor-design-8"},{"@type":"BreadcrumbList","@id":"https:\/\/www.keoutdoordesign.com\/it-it\/ambienti\/terrazza\/#breadcrumb","itemListElement":[{"@type":"ListItem","position":1,"name":"Home","item":"https:\/\/www.keoutdoordesign.com\/it-it\/"},{"@type":"ListItem","position":2,"name":"Ambienti","item":"https:\/\/www.keoutdoordesign.com\/it-it\/ambienti\/"},{"@type":"ListItem","position":3,"name":"Terrazza"}]},{"@type":"WebSite","@id":"https:\/\/www.keoutdoordesign.com\/it-it\/#website","url":"https:\/\/www.keoutdoordesign.com\/it-it\/","name":"KE Outdoor Design","description":"Awnings, Pergolas and Custom Shade Solutions","publisher":{"@id":"https:\/\/www.keoutdoordesign.com\/it-it\/#organization"},"potentialAction":[{"@type":"SearchAction","target":{"@type":"EntryPoint","urlTemplate":"https:\/\/www.keoutdoordesign.com\/it-it\/?s={search_term_string}"},"query-input":{"@type":"PropertyValueSpecification","valueRequired":true,"valueName":"search_term_string"}}],"inLanguage":"it-IT"},{"@type":"Organization","@id":"https:\/\/www.keoutdoordesign.com\/it-it\/#organization","name":"KE Outdoor Design","url":"https:\/\/www.keoutdoordesign.com\/it-it\/","logo":{"@type":"ImageObject","inLanguage":"it-IT","@id":"https:\/\/www.keoutdoordesign.com\/it-it\/#\/schema\/logo\/image\/","url":"https:\/\/www.keoutdoordesign.com\/wp-content\/uploads\/2020\/02\/KE-logo-Primary-e1591282842174.jpg","contentUrl":"https:\/\/www.keoutdoordesign.com\/wp-content\/uploads\/2020\/02\/KE-logo-Primary-e1591282842174.jpg","width":500,"height":396,"caption":"KE Outdoor Design"},"image":{"@id":"https:\/\/www.keoutdoordesign.com\/it-it\/#\/schema\/logo\/image\/"},"sameAs":["https:\/\/www.facebook.com\/keoutdoordesign.us","https:\/\/x.com\/keoutdoordesign","https:\/\/www.facebook.com\/keoutdoordesign","https:\/\/www.youtube.com\/channel\/UCSoMQryJpLqD53bAoZLg2Vg","https:\/\/www.pinterest.it\/keoutdoordesign\/","https:\/\/www.instagram.com\/keoutdoordesign\/","https:\/\/www.linkedin.com\/company\/ke-outdoor-design\/"]}]}},"_links":{"self":[{"href":"https:\/\/www.keoutdoordesign.com\/it-it\/wp-json\/wp\/v2\/pages\/1333","targetHints":{"allow":["GET"]}}],"collection":[{"href":"https:\/\/www.keoutdoordesign.com\/it-it\/wp-json\/wp\/v2\/pages"}],"about":[{"href":"https:\/\/www.keoutdoordesign.com\/it-it\/wp-json\/wp\/v2\/types\/page"}],"author":[{"embeddable":true,"href":"https:\/\/www.keoutdoordesign.com\/it-it\/wp-json\/wp\/v2\/users\/10608"}],"replies":[{"embeddable":true,"href":"https:\/\/www.keoutdoordesign.com\/it-it\/wp-json\/wp\/v2\/comments?post=1333"}],"version-history":[{"count":13,"href":"https:\/\/www.keoutdoordesign.com\/it-it\/wp-json\/wp\/v2\/pages\/1333\/revisions"}],"predecessor-version":[{"id":60663,"href":"https:\/\/www.keoutdoordesign.com\/it-it\/wp-json\/wp\/v2\/pages\/1333\/revisions\/60663"}],"up":[{"embeddable":true,"href":"https:\/\/www.keoutdoordesign.com\/it-it\/wp-json\/wp\/v2\/pages\/291"}],"wp:featuredmedia":[{"embeddable":true,"href":"https:\/\/www.keoutdoordesign.com\/it-it\/wp-json\/wp\/v2\/media\/40072"}],"wp:attachment":[{"href":"https:\/\/www.keoutdoordesign.com\/it-it\/wp-json\/wp\/v2\/media?parent=1333"}],"curies":[{"name":"wp","href":"https:\/\/api.w.org\/{rel}","templated":true}]}}