{"id":120597,"date":"2026-03-25T15:24:37","date_gmt":"2026-03-25T14:24:37","guid":{"rendered":"https:\/\/www.keoutdoordesign.com\/?page_id=120597"},"modified":"2026-03-31T12:26:50","modified_gmt":"2026-03-31T10:26:50","slug":"kedry-neos","status":"publish","type":"page","link":"https:\/\/www.keoutdoordesign.com\/it-it\/pergole\/pergole-bioclimatiche\/kedry-neos\/","title":{"rendered":"Kedry Neos"},"content":{"rendered":"<p>Una nuova dimensione in cui il profilo tecnologico di Kedry Neos si distingue per un\u2019ingegneria invisibile ma estremamente efficace, a partire dall\u2019<strong>innovativo sistema di drenaggio: <\/strong>una grondaia con guarnizioni ad alta tenuta convoglia l\u2019acqua direttamente nei pluviali integrati nelle colonne, preservando la pulizia estetica della struttura. Questa cura del dettaglio si sposa con una<strong> modularit\u00e0<\/strong> che permette a Kedry Neos di adattarsi a ogni esigenza progettuale &#8211; sia in versione autoportante che addossata &#8211; raggiungendo dimensioni fino a 450&#215;600 cm per singolo modulo con la possibilit\u00e0 di affiancare pi\u00f9 unit\u00e0 per coprire superfici estese. Per un&#8217;esperienza di benessere totale, il raffinato sistema integra <strong>luci LED dimmerabili<\/strong>, posizionate nei profili grondaia, che consentono di gestire l&#8217;intensit\u00e0 luminosa, trasformando lo spazio in un ambiente accogliente e fruibile in ogni momento della serata.<\/p>\n<p>A completamento di una visione dell\u2019outdoor sempre pi\u00f9 sartoriale, Kedry Neos pu\u00f2 essere allestita con nuove <strong>doghe frangisole<\/strong>: concepite come un vero e proprio complemento d&#8217;arredo, permettono di modulare la luce con estrema eleganza, garantendo privacy e un sofisticato dialogo estetico con l\u2019architettura circostante. Per una schermatura totale, la struttura \u00e8 predisposta per l\u2019aggiunta di chiusure perimetrali come le vetrate <strong>Line Glass<\/strong>, le schermature verticali <strong>Vertika<\/strong> e le tende a drappo.<\/p>\n<p>L\u2019integrazione di sistemi di <strong>automazione<\/strong> intelligente, garantisce una gestione climatica dinamica, mentre la totale libert\u00e0 di <strong>customizzazione,<\/strong> permette di plasmare l\u2019architettura esterna sulle specifiche visioni estetiche e funzionali di ogni progetto<\/p>\n","protected":false},"excerpt":{"rendered":"<p>Una nuova dimensione in cui il profilo tecnologico di Kedry Neos si distingue per un\u2019ingegneria invisibile ma estremamente efficace, a&hellip;<\/p>\n","protected":false},"author":10407,"featured_media":120657,"parent":69,"menu_order":0,"comment_status":"closed","ping_status":"closed","template":"page-templates\/product.php","meta":{"_acf_changed":false,"footnotes":""},"class_list":["post-120597","page","type-page","status-publish","has-post-thumbnail","hentry"],"acf":[],"yoast_head":"<!-- This site is optimized with the Yoast SEO Premium plugin v20.12 (Yoast SEO v27.4) - https:\/\/yoast.com\/product\/yoast-seo-premium-wordpress\/ -->\n<title>Pergola Bioclimatica a Lame Orientabili - Kedry Neos - KE Outdoor Design<\/title>\n<meta name=\"description\" content=\"Scopri Kedry Neos: la tenda bioclimatica a lame orientabili firmata KE. Sfoglia il nostro catalogo di soluzioni outdoor.\" \/>\n<meta name=\"robots\" content=\"index, follow, max-snippet:-1, max-image-preview:large, max-video-preview:-1\" \/>\n<link rel=\"canonical\" href=\"https:\/\/www.keoutdoordesign.com\/it-it\/pergole\/pergole-bioclimatiche\/kedry-neos\/\" \/>\n<meta property=\"og:locale\" content=\"it_IT\" \/>\n<meta property=\"og:type\" content=\"article\" \/>\n<meta property=\"og:title\" content=\"Kedry Neos\" \/>\n<meta property=\"og:description\" content=\"Scopri Kedry Neos: la tenda bioclimatica a lame orientabili firmata KE. Sfoglia il nostro catalogo di soluzioni outdoor.\" \/>\n<meta property=\"og:url\" content=\"https:\/\/www.keoutdoordesign.com\/it-it\/pergole\/pergole-bioclimatiche\/kedry-neos\/\" \/>\n<meta property=\"og:site_name\" content=\"KE Outdoor Design\" \/>\n<meta property=\"article:publisher\" content=\"https:\/\/www.facebook.com\/keoutdoordesign.us\" \/>\n<meta property=\"article:modified_time\" content=\"2026-03-31T10:26:50+00:00\" \/>\n<meta property=\"og:image\" content=\"https:\/\/www.keoutdoordesign.com\/wp-content\/uploads\/2026\/03\/KEDRY-NEOS_AUTOPORTANTE-SINGOLA_VISTA-GENERALE_ALTA_02.jpg\" \/>\n\t<meta property=\"og:image:width\" content=\"1920\" \/>\n\t<meta property=\"og:image:height\" content=\"1358\" \/>\n\t<meta property=\"og:image:type\" content=\"image\/jpeg\" \/>\n<meta name=\"twitter:card\" content=\"summary_large_image\" \/>\n<meta name=\"twitter:site\" content=\"@keoutdoordesign\" \/>\n<script type=\"application\/ld+json\" class=\"yoast-schema-graph\">{\"@context\":\"https:\\\/\\\/schema.org\",\"@graph\":[{\"@type\":\"WebPage\",\"@id\":\"https:\\\/\\\/www.keoutdoordesign.com\\\/it-it\\\/pergole\\\/pergole-bioclimatiche\\\/kedry-neos\\\/\",\"url\":\"https:\\\/\\\/www.keoutdoordesign.com\\\/it-it\\\/pergole\\\/pergole-bioclimatiche\\\/kedry-neos\\\/\",\"name\":\"Pergola Bioclimatica a Lame Orientabili - Kedry Neos - KE Outdoor Design\",\"isPartOf\":{\"@id\":\"https:\\\/\\\/www.keoutdoordesign.com\\\/it-it\\\/#website\"},\"primaryImageOfPage\":{\"@id\":\"https:\\\/\\\/www.keoutdoordesign.com\\\/it-it\\\/pergole\\\/pergole-bioclimatiche\\\/kedry-neos\\\/#primaryimage\"},\"image\":{\"@id\":\"https:\\\/\\\/www.keoutdoordesign.com\\\/it-it\\\/pergole\\\/pergole-bioclimatiche\\\/kedry-neos\\\/#primaryimage\"},\"thumbnailUrl\":\"https:\\\/\\\/www.keoutdoordesign.com\\\/wp-content\\\/uploads\\\/2026\\\/03\\\/KEDRY-NEOS_AUTOPORTANTE-SINGOLA_VISTA-GENERALE_ALTA_02.jpg\",\"datePublished\":\"2026-03-25T14:24:37+00:00\",\"dateModified\":\"2026-03-31T10:26:50+00:00\",\"description\":\"Scopri Kedry Neos: la tenda bioclimatica a lame orientabili firmata KE. Sfoglia il nostro catalogo di soluzioni outdoor.\",\"breadcrumb\":{\"@id\":\"https:\\\/\\\/www.keoutdoordesign.com\\\/it-it\\\/pergole\\\/pergole-bioclimatiche\\\/kedry-neos\\\/#breadcrumb\"},\"inLanguage\":\"it-IT\",\"potentialAction\":[{\"@type\":\"ReadAction\",\"target\":[\"https:\\\/\\\/www.keoutdoordesign.com\\\/it-it\\\/pergole\\\/pergole-bioclimatiche\\\/kedry-neos\\\/\"]}]},{\"@type\":\"ImageObject\",\"inLanguage\":\"it-IT\",\"@id\":\"https:\\\/\\\/www.keoutdoordesign.com\\\/it-it\\\/pergole\\\/pergole-bioclimatiche\\\/kedry-neos\\\/#primaryimage\",\"url\":\"https:\\\/\\\/www.keoutdoordesign.com\\\/wp-content\\\/uploads\\\/2026\\\/03\\\/KEDRY-NEOS_AUTOPORTANTE-SINGOLA_VISTA-GENERALE_ALTA_02.jpg\",\"contentUrl\":\"https:\\\/\\\/www.keoutdoordesign.com\\\/wp-content\\\/uploads\\\/2026\\\/03\\\/KEDRY-NEOS_AUTOPORTANTE-SINGOLA_VISTA-GENERALE_ALTA_02.jpg\",\"width\":1920,\"height\":1358},{\"@type\":\"BreadcrumbList\",\"@id\":\"https:\\\/\\\/www.keoutdoordesign.com\\\/it-it\\\/pergole\\\/pergole-bioclimatiche\\\/kedry-neos\\\/#breadcrumb\",\"itemListElement\":[{\"@type\":\"ListItem\",\"position\":1,\"name\":\"Home\",\"item\":\"https:\\\/\\\/www.keoutdoordesign.com\\\/it-it\\\/\"},{\"@type\":\"ListItem\",\"position\":2,\"name\":\"Pergole\",\"item\":\"https:\\\/\\\/www.keoutdoordesign.com\\\/it-it\\\/pergole\\\/\"},{\"@type\":\"ListItem\",\"position\":3,\"name\":\"Pergole bioclimatiche con lamelle orientabili\",\"item\":\"https:\\\/\\\/www.keoutdoordesign.com\\\/it-it\\\/pergole\\\/pergole-bioclimatiche\\\/\"},{\"@type\":\"ListItem\",\"position\":4,\"name\":\"Kedry Neos\"}]},{\"@type\":\"WebSite\",\"@id\":\"https:\\\/\\\/www.keoutdoordesign.com\\\/it-it\\\/#website\",\"url\":\"https:\\\/\\\/www.keoutdoordesign.com\\\/it-it\\\/\",\"name\":\"KE Outdoor Design\",\"description\":\"Awnings, Pergolas and Custom Shade Solutions\",\"publisher\":{\"@id\":\"https:\\\/\\\/www.keoutdoordesign.com\\\/it-it\\\/#organization\"},\"potentialAction\":[{\"@type\":\"SearchAction\",\"target\":{\"@type\":\"EntryPoint\",\"urlTemplate\":\"https:\\\/\\\/www.keoutdoordesign.com\\\/it-it\\\/?s={search_term_string}\"},\"query-input\":{\"@type\":\"PropertyValueSpecification\",\"valueRequired\":true,\"valueName\":\"search_term_string\"}}],\"inLanguage\":\"it-IT\"},{\"@type\":\"Organization\",\"@id\":\"https:\\\/\\\/www.keoutdoordesign.com\\\/it-it\\\/#organization\",\"name\":\"KE Outdoor Design\",\"url\":\"https:\\\/\\\/www.keoutdoordesign.com\\\/it-it\\\/\",\"logo\":{\"@type\":\"ImageObject\",\"inLanguage\":\"it-IT\",\"@id\":\"https:\\\/\\\/www.keoutdoordesign.com\\\/it-it\\\/#\\\/schema\\\/logo\\\/image\\\/\",\"url\":\"https:\\\/\\\/www.keoutdoordesign.com\\\/wp-content\\\/uploads\\\/2020\\\/02\\\/KE-logo-Primary-e1591282842174.jpg\",\"contentUrl\":\"https:\\\/\\\/www.keoutdoordesign.com\\\/wp-content\\\/uploads\\\/2020\\\/02\\\/KE-logo-Primary-e1591282842174.jpg\",\"width\":500,\"height\":396,\"caption\":\"KE Outdoor Design\"},\"image\":{\"@id\":\"https:\\\/\\\/www.keoutdoordesign.com\\\/it-it\\\/#\\\/schema\\\/logo\\\/image\\\/\"},\"sameAs\":[\"https:\\\/\\\/www.facebook.com\\\/keoutdoordesign.us\",\"https:\\\/\\\/x.com\\\/keoutdoordesign\",\"https:\\\/\\\/www.facebook.com\\\/keoutdoordesign\",\"https:\\\/\\\/www.youtube.com\\\/channel\\\/UCSoMQryJpLqD53bAoZLg2Vg\",\"https:\\\/\\\/www.pinterest.it\\\/keoutdoordesign\\\/\",\"https:\\\/\\\/www.instagram.com\\\/keoutdoordesign\\\/\",\"https:\\\/\\\/www.linkedin.com\\\/company\\\/ke-outdoor-design\\\/\"]}]}<\/script>\n<!-- \/ Yoast SEO Premium plugin. -->","yoast_head_json":{"title":"Pergola Bioclimatica a Lame Orientabili - Kedry Neos - KE Outdoor Design","description":"Scopri Kedry Neos: la tenda bioclimatica a lame orientabili firmata KE. Sfoglia il nostro catalogo di soluzioni outdoor.","robots":{"index":"index","follow":"follow","max-snippet":"max-snippet:-1","max-image-preview":"max-image-preview:large","max-video-preview":"max-video-preview:-1"},"canonical":"https:\/\/www.keoutdoordesign.com\/it-it\/pergole\/pergole-bioclimatiche\/kedry-neos\/","og_locale":"it_IT","og_type":"article","og_title":"Kedry Neos","og_description":"Scopri Kedry Neos: la tenda bioclimatica a lame orientabili firmata KE. Sfoglia il nostro catalogo di soluzioni outdoor.","og_url":"https:\/\/www.keoutdoordesign.com\/it-it\/pergole\/pergole-bioclimatiche\/kedry-neos\/","og_site_name":"KE Outdoor Design","article_publisher":"https:\/\/www.facebook.com\/keoutdoordesign.us","article_modified_time":"2026-03-31T10:26:50+00:00","og_image":[{"width":1920,"height":1358,"url":"https:\/\/www.keoutdoordesign.com\/wp-content\/uploads\/2026\/03\/KEDRY-NEOS_AUTOPORTANTE-SINGOLA_VISTA-GENERALE_ALTA_02.jpg","type":"image\/jpeg"}],"twitter_card":"summary_large_image","twitter_site":"@keoutdoordesign","schema":{"@context":"https:\/\/schema.org","@graph":[{"@type":"WebPage","@id":"https:\/\/www.keoutdoordesign.com\/it-it\/pergole\/pergole-bioclimatiche\/kedry-neos\/","url":"https:\/\/www.keoutdoordesign.com\/it-it\/pergole\/pergole-bioclimatiche\/kedry-neos\/","name":"Pergola Bioclimatica a Lame Orientabili - Kedry Neos - KE Outdoor Design","isPartOf":{"@id":"https:\/\/www.keoutdoordesign.com\/it-it\/#website"},"primaryImageOfPage":{"@id":"https:\/\/www.keoutdoordesign.com\/it-it\/pergole\/pergole-bioclimatiche\/kedry-neos\/#primaryimage"},"image":{"@id":"https:\/\/www.keoutdoordesign.com\/it-it\/pergole\/pergole-bioclimatiche\/kedry-neos\/#primaryimage"},"thumbnailUrl":"https:\/\/www.keoutdoordesign.com\/wp-content\/uploads\/2026\/03\/KEDRY-NEOS_AUTOPORTANTE-SINGOLA_VISTA-GENERALE_ALTA_02.jpg","datePublished":"2026-03-25T14:24:37+00:00","dateModified":"2026-03-31T10:26:50+00:00","description":"Scopri Kedry Neos: la tenda bioclimatica a lame orientabili firmata KE. Sfoglia il nostro catalogo di soluzioni outdoor.","breadcrumb":{"@id":"https:\/\/www.keoutdoordesign.com\/it-it\/pergole\/pergole-bioclimatiche\/kedry-neos\/#breadcrumb"},"inLanguage":"it-IT","potentialAction":[{"@type":"ReadAction","target":["https:\/\/www.keoutdoordesign.com\/it-it\/pergole\/pergole-bioclimatiche\/kedry-neos\/"]}]},{"@type":"ImageObject","inLanguage":"it-IT","@id":"https:\/\/www.keoutdoordesign.com\/it-it\/pergole\/pergole-bioclimatiche\/kedry-neos\/#primaryimage","url":"https:\/\/www.keoutdoordesign.com\/wp-content\/uploads\/2026\/03\/KEDRY-NEOS_AUTOPORTANTE-SINGOLA_VISTA-GENERALE_ALTA_02.jpg","contentUrl":"https:\/\/www.keoutdoordesign.com\/wp-content\/uploads\/2026\/03\/KEDRY-NEOS_AUTOPORTANTE-SINGOLA_VISTA-GENERALE_ALTA_02.jpg","width":1920,"height":1358},{"@type":"BreadcrumbList","@id":"https:\/\/www.keoutdoordesign.com\/it-it\/pergole\/pergole-bioclimatiche\/kedry-neos\/#breadcrumb","itemListElement":[{"@type":"ListItem","position":1,"name":"Home","item":"https:\/\/www.keoutdoordesign.com\/it-it\/"},{"@type":"ListItem","position":2,"name":"Pergole","item":"https:\/\/www.keoutdoordesign.com\/it-it\/pergole\/"},{"@type":"ListItem","position":3,"name":"Pergole bioclimatiche con lamelle orientabili","item":"https:\/\/www.keoutdoordesign.com\/it-it\/pergole\/pergole-bioclimatiche\/"},{"@type":"ListItem","position":4,"name":"Kedry Neos"}]},{"@type":"WebSite","@id":"https:\/\/www.keoutdoordesign.com\/it-it\/#website","url":"https:\/\/www.keoutdoordesign.com\/it-it\/","name":"KE Outdoor Design","description":"Awnings, Pergolas and Custom Shade Solutions","publisher":{"@id":"https:\/\/www.keoutdoordesign.com\/it-it\/#organization"},"potentialAction":[{"@type":"SearchAction","target":{"@type":"EntryPoint","urlTemplate":"https:\/\/www.keoutdoordesign.com\/it-it\/?s={search_term_string}"},"query-input":{"@type":"PropertyValueSpecification","valueRequired":true,"valueName":"search_term_string"}}],"inLanguage":"it-IT"},{"@type":"Organization","@id":"https:\/\/www.keoutdoordesign.com\/it-it\/#organization","name":"KE Outdoor Design","url":"https:\/\/www.keoutdoordesign.com\/it-it\/","logo":{"@type":"ImageObject","inLanguage":"it-IT","@id":"https:\/\/www.keoutdoordesign.com\/it-it\/#\/schema\/logo\/image\/","url":"https:\/\/www.keoutdoordesign.com\/wp-content\/uploads\/2020\/02\/KE-logo-Primary-e1591282842174.jpg","contentUrl":"https:\/\/www.keoutdoordesign.com\/wp-content\/uploads\/2020\/02\/KE-logo-Primary-e1591282842174.jpg","width":500,"height":396,"caption":"KE Outdoor Design"},"image":{"@id":"https:\/\/www.keoutdoordesign.com\/it-it\/#\/schema\/logo\/image\/"},"sameAs":["https:\/\/www.facebook.com\/keoutdoordesign.us","https:\/\/x.com\/keoutdoordesign","https:\/\/www.facebook.com\/keoutdoordesign","https:\/\/www.youtube.com\/channel\/UCSoMQryJpLqD53bAoZLg2Vg","https:\/\/www.pinterest.it\/keoutdoordesign\/","https:\/\/www.instagram.com\/keoutdoordesign\/","https:\/\/www.linkedin.com\/company\/ke-outdoor-design\/"]}]}},"_links":{"self":[{"href":"https:\/\/www.keoutdoordesign.com\/it-it\/wp-json\/wp\/v2\/pages\/120597","targetHints":{"allow":["GET"]}}],"collection":[{"href":"https:\/\/www.keoutdoordesign.com\/it-it\/wp-json\/wp\/v2\/pages"}],"about":[{"href":"https:\/\/www.keoutdoordesign.com\/it-it\/wp-json\/wp\/v2\/types\/page"}],"author":[{"embeddable":true,"href":"https:\/\/www.keoutdoordesign.com\/it-it\/wp-json\/wp\/v2\/users\/10407"}],"replies":[{"embeddable":true,"href":"https:\/\/www.keoutdoordesign.com\/it-it\/wp-json\/wp\/v2\/comments?post=120597"}],"version-history":[{"count":4,"href":"https:\/\/www.keoutdoordesign.com\/it-it\/wp-json\/wp\/v2\/pages\/120597\/revisions"}],"predecessor-version":[{"id":120865,"href":"https:\/\/www.keoutdoordesign.com\/it-it\/wp-json\/wp\/v2\/pages\/120597\/revisions\/120865"}],"up":[{"embeddable":true,"href":"https:\/\/www.keoutdoordesign.com\/it-it\/wp-json\/wp\/v2\/pages\/69"}],"wp:featuredmedia":[{"embeddable":true,"href":"https:\/\/www.keoutdoordesign.com\/it-it\/wp-json\/wp\/v2\/media\/120657"}],"wp:attachment":[{"href":"https:\/\/www.keoutdoordesign.com\/it-it\/wp-json\/wp\/v2\/media?parent=120597"}],"curies":[{"name":"wp","href":"https:\/\/api.w.org\/{rel}","templated":true}]}}