{"id":102511,"date":"2024-12-06T17:45:37","date_gmt":"2024-12-06T16:45:37","guid":{"rendered":"https:\/\/www.keoutdoordesign.com\/?page_id=102511"},"modified":"2024-12-06T17:45:37","modified_gmt":"2024-12-06T16:45:37","slug":"ke-store-pittino","status":"publish","type":"page","link":"https:\/\/www.keoutdoordesign.com\/it-it\/ke-outdoor\/ke-store-pittino\/","title":{"rendered":"KE Store Pittino"},"content":{"rendered":"<h2>TENDE DA SOLE E PERGOLE A NOVARA<\/h2>\n<p>Dal 1954 professionalit\u00e0 ed esperienza, personale qualificato e competente, ampia disponibilit\u00e0 di servizi: questo in sintesi \u00e8 la ditta PITTINO, un&#8217;azienda di solida tradizione familiare nel cuore di Novara.<\/p>\n<p>Forte di una profonda competenza maturata in anni di attivit\u00e0 nel settore, PITTINO \u00e8 in grado di fornire ai propri clienti una vasta gamma di soluzioni su misura per ogni tipo di esigenza: il \u00a0partner ideale per tutti coloro che affrontano le problematiche di una ristrutturazione o di una nuova costruzione.<\/p>\n","protected":false},"excerpt":{"rendered":"<p>TENDE DA SOLE E PERGOLE A NOVARA Dal 1954 professionalit\u00e0 ed esperienza, personale qualificato e competente, ampia disponibilit\u00e0 di servizi:&hellip;<\/p>\n","protected":false},"author":10407,"featured_media":36350,"parent":99397,"menu_order":10,"comment_status":"closed","ping_status":"closed","template":"page-templates\/store-2024.php","meta":{"_acf_changed":false,"footnotes":""},"class_list":["post-102511","page","type-page","status-publish","has-post-thumbnail","hentry"],"acf":[],"yoast_head":"<!-- This site is optimized with the Yoast SEO Premium plugin v20.12 (Yoast SEO v27.3) - https:\/\/yoast.com\/product\/yoast-seo-premium-wordpress\/ -->\n<title>KE Store Pittino: Tende da Sole e Pergole a Novara<\/title>\n<meta name=\"description\" content=\"Cerchi un produttore di pergole bioclimatiche a Novara? Scopri i prodotti KE nello store 3S Milano. Contatta ora il rivenditore!\" \/>\n<meta name=\"robots\" content=\"index, follow, max-snippet:-1, max-image-preview:large, max-video-preview:-1\" \/>\n<link rel=\"canonical\" href=\"https:\/\/www.keoutdoordesign.com\/it-it\/ke-outdoor\/ke-store-pittino\/\" \/>\n<meta property=\"og:locale\" content=\"it_IT\" \/>\n<meta property=\"og:type\" content=\"article\" \/>\n<meta property=\"og:title\" content=\"KE Store Pittino\" \/>\n<meta property=\"og:description\" content=\"Cerchi un produttore di pergole bioclimatiche a Novara? Scopri i prodotti KE nello store 3S Milano. Contatta ora il rivenditore!\" \/>\n<meta property=\"og:url\" content=\"https:\/\/www.keoutdoordesign.com\/it-it\/ke-outdoor\/ke-store-pittino\/\" \/>\n<meta property=\"og:site_name\" content=\"KE Outdoor Design\" \/>\n<meta property=\"article:publisher\" content=\"https:\/\/www.facebook.com\/keoutdoordesign.us\" \/>\n<meta property=\"og:image\" content=\"https:\/\/www.keoutdoordesign.com\/wp-content\/uploads\/2021\/06\/ke-store-pittino-tende-da-sole-pergole-bioclimatiche-novara-1.jpg\" \/>\n\t<meta property=\"og:image:width\" content=\"800\" \/>\n\t<meta property=\"og:image:height\" content=\"800\" \/>\n\t<meta property=\"og:image:type\" content=\"image\/jpeg\" \/>\n<meta name=\"twitter:card\" content=\"summary_large_image\" \/>\n<meta name=\"twitter:site\" content=\"@keoutdoordesign\" \/>\n<script type=\"application\/ld+json\" class=\"yoast-schema-graph\">{\"@context\":\"https:\\\/\\\/schema.org\",\"@graph\":[{\"@type\":\"WebPage\",\"@id\":\"https:\\\/\\\/www.keoutdoordesign.com\\\/it-it\\\/ke-outdoor\\\/ke-store-pittino\\\/\",\"url\":\"https:\\\/\\\/www.keoutdoordesign.com\\\/it-it\\\/ke-outdoor\\\/ke-store-pittino\\\/\",\"name\":\"KE Store Pittino: Tende da Sole e Pergole a Novara\",\"isPartOf\":{\"@id\":\"https:\\\/\\\/www.keoutdoordesign.com\\\/it-it\\\/#website\"},\"primaryImageOfPage\":{\"@id\":\"https:\\\/\\\/www.keoutdoordesign.com\\\/it-it\\\/ke-outdoor\\\/ke-store-pittino\\\/#primaryimage\"},\"image\":{\"@id\":\"https:\\\/\\\/www.keoutdoordesign.com\\\/it-it\\\/ke-outdoor\\\/ke-store-pittino\\\/#primaryimage\"},\"thumbnailUrl\":\"https:\\\/\\\/www.keoutdoordesign.com\\\/wp-content\\\/uploads\\\/2021\\\/06\\\/ke-store-pittino-tende-da-sole-pergole-bioclimatiche-novara-1.jpg\",\"datePublished\":\"2024-12-06T16:45:37+00:00\",\"description\":\"Cerchi un produttore di pergole bioclimatiche a Novara? Scopri i prodotti KE nello store 3S Milano. Contatta ora il rivenditore!\",\"breadcrumb\":{\"@id\":\"https:\\\/\\\/www.keoutdoordesign.com\\\/it-it\\\/ke-outdoor\\\/ke-store-pittino\\\/#breadcrumb\"},\"inLanguage\":\"it-IT\",\"potentialAction\":[{\"@type\":\"ReadAction\",\"target\":[\"https:\\\/\\\/www.keoutdoordesign.com\\\/it-it\\\/ke-outdoor\\\/ke-store-pittino\\\/\"]}]},{\"@type\":\"ImageObject\",\"inLanguage\":\"it-IT\",\"@id\":\"https:\\\/\\\/www.keoutdoordesign.com\\\/it-it\\\/ke-outdoor\\\/ke-store-pittino\\\/#primaryimage\",\"url\":\"https:\\\/\\\/www.keoutdoordesign.com\\\/wp-content\\\/uploads\\\/2021\\\/06\\\/ke-store-pittino-tende-da-sole-pergole-bioclimatiche-novara-1.jpg\",\"contentUrl\":\"https:\\\/\\\/www.keoutdoordesign.com\\\/wp-content\\\/uploads\\\/2021\\\/06\\\/ke-store-pittino-tende-da-sole-pergole-bioclimatiche-novara-1.jpg\",\"width\":800,\"height\":800,\"caption\":\"ke-store-pittino-tende-da-sole-pergole-bioclimatiche-novara-1\"},{\"@type\":\"BreadcrumbList\",\"@id\":\"https:\\\/\\\/www.keoutdoordesign.com\\\/it-it\\\/ke-outdoor\\\/ke-store-pittino\\\/#breadcrumb\",\"itemListElement\":[{\"@type\":\"ListItem\",\"position\":1,\"name\":\"Home\",\"item\":\"https:\\\/\\\/www.keoutdoordesign.com\\\/it-it\\\/\"},{\"@type\":\"ListItem\",\"position\":2,\"name\":\"KE Outdoor\",\"item\":\"https:\\\/\\\/www.keoutdoordesign.com\\\/it-it\\\/ke-outdoor\\\/\"},{\"@type\":\"ListItem\",\"position\":3,\"name\":\"KE Store Pittino\"}]},{\"@type\":\"WebSite\",\"@id\":\"https:\\\/\\\/www.keoutdoordesign.com\\\/it-it\\\/#website\",\"url\":\"https:\\\/\\\/www.keoutdoordesign.com\\\/it-it\\\/\",\"name\":\"KE Outdoor Design\",\"description\":\"Awnings, Pergolas and Custom Shade Solutions\",\"publisher\":{\"@id\":\"https:\\\/\\\/www.keoutdoordesign.com\\\/it-it\\\/#organization\"},\"potentialAction\":[{\"@type\":\"SearchAction\",\"target\":{\"@type\":\"EntryPoint\",\"urlTemplate\":\"https:\\\/\\\/www.keoutdoordesign.com\\\/it-it\\\/?s={search_term_string}\"},\"query-input\":{\"@type\":\"PropertyValueSpecification\",\"valueRequired\":true,\"valueName\":\"search_term_string\"}}],\"inLanguage\":\"it-IT\"},{\"@type\":\"Organization\",\"@id\":\"https:\\\/\\\/www.keoutdoordesign.com\\\/it-it\\\/#organization\",\"name\":\"KE Outdoor Design\",\"url\":\"https:\\\/\\\/www.keoutdoordesign.com\\\/it-it\\\/\",\"logo\":{\"@type\":\"ImageObject\",\"inLanguage\":\"it-IT\",\"@id\":\"https:\\\/\\\/www.keoutdoordesign.com\\\/it-it\\\/#\\\/schema\\\/logo\\\/image\\\/\",\"url\":\"https:\\\/\\\/www.keoutdoordesign.com\\\/wp-content\\\/uploads\\\/2020\\\/02\\\/KE-logo-Primary-e1591282842174.jpg\",\"contentUrl\":\"https:\\\/\\\/www.keoutdoordesign.com\\\/wp-content\\\/uploads\\\/2020\\\/02\\\/KE-logo-Primary-e1591282842174.jpg\",\"width\":500,\"height\":396,\"caption\":\"KE Outdoor Design\"},\"image\":{\"@id\":\"https:\\\/\\\/www.keoutdoordesign.com\\\/it-it\\\/#\\\/schema\\\/logo\\\/image\\\/\"},\"sameAs\":[\"https:\\\/\\\/www.facebook.com\\\/keoutdoordesign.us\",\"https:\\\/\\\/x.com\\\/keoutdoordesign\",\"https:\\\/\\\/www.facebook.com\\\/keoutdoordesign\",\"https:\\\/\\\/www.youtube.com\\\/channel\\\/UCSoMQryJpLqD53bAoZLg2Vg\",\"https:\\\/\\\/www.pinterest.it\\\/keoutdoordesign\\\/\",\"https:\\\/\\\/www.instagram.com\\\/keoutdoordesign\\\/\",\"https:\\\/\\\/www.linkedin.com\\\/company\\\/ke-outdoor-design\\\/\"]}]}<\/script>\n<!-- \/ Yoast SEO Premium plugin. -->","yoast_head_json":{"title":"KE Store Pittino: Tende da Sole e Pergole a Novara","description":"Cerchi un produttore di pergole bioclimatiche a Novara? Scopri i prodotti KE nello store 3S Milano. Contatta ora il rivenditore!","robots":{"index":"index","follow":"follow","max-snippet":"max-snippet:-1","max-image-preview":"max-image-preview:large","max-video-preview":"max-video-preview:-1"},"canonical":"https:\/\/www.keoutdoordesign.com\/it-it\/ke-outdoor\/ke-store-pittino\/","og_locale":"it_IT","og_type":"article","og_title":"KE Store Pittino","og_description":"Cerchi un produttore di pergole bioclimatiche a Novara? Scopri i prodotti KE nello store 3S Milano. Contatta ora il rivenditore!","og_url":"https:\/\/www.keoutdoordesign.com\/it-it\/ke-outdoor\/ke-store-pittino\/","og_site_name":"KE Outdoor Design","article_publisher":"https:\/\/www.facebook.com\/keoutdoordesign.us","og_image":[{"width":800,"height":800,"url":"https:\/\/www.keoutdoordesign.com\/wp-content\/uploads\/2021\/06\/ke-store-pittino-tende-da-sole-pergole-bioclimatiche-novara-1.jpg","type":"image\/jpeg"}],"twitter_card":"summary_large_image","twitter_site":"@keoutdoordesign","schema":{"@context":"https:\/\/schema.org","@graph":[{"@type":"WebPage","@id":"https:\/\/www.keoutdoordesign.com\/it-it\/ke-outdoor\/ke-store-pittino\/","url":"https:\/\/www.keoutdoordesign.com\/it-it\/ke-outdoor\/ke-store-pittino\/","name":"KE Store Pittino: Tende da Sole e Pergole a Novara","isPartOf":{"@id":"https:\/\/www.keoutdoordesign.com\/it-it\/#website"},"primaryImageOfPage":{"@id":"https:\/\/www.keoutdoordesign.com\/it-it\/ke-outdoor\/ke-store-pittino\/#primaryimage"},"image":{"@id":"https:\/\/www.keoutdoordesign.com\/it-it\/ke-outdoor\/ke-store-pittino\/#primaryimage"},"thumbnailUrl":"https:\/\/www.keoutdoordesign.com\/wp-content\/uploads\/2021\/06\/ke-store-pittino-tende-da-sole-pergole-bioclimatiche-novara-1.jpg","datePublished":"2024-12-06T16:45:37+00:00","description":"Cerchi un produttore di pergole bioclimatiche a Novara? Scopri i prodotti KE nello store 3S Milano. Contatta ora il rivenditore!","breadcrumb":{"@id":"https:\/\/www.keoutdoordesign.com\/it-it\/ke-outdoor\/ke-store-pittino\/#breadcrumb"},"inLanguage":"it-IT","potentialAction":[{"@type":"ReadAction","target":["https:\/\/www.keoutdoordesign.com\/it-it\/ke-outdoor\/ke-store-pittino\/"]}]},{"@type":"ImageObject","inLanguage":"it-IT","@id":"https:\/\/www.keoutdoordesign.com\/it-it\/ke-outdoor\/ke-store-pittino\/#primaryimage","url":"https:\/\/www.keoutdoordesign.com\/wp-content\/uploads\/2021\/06\/ke-store-pittino-tende-da-sole-pergole-bioclimatiche-novara-1.jpg","contentUrl":"https:\/\/www.keoutdoordesign.com\/wp-content\/uploads\/2021\/06\/ke-store-pittino-tende-da-sole-pergole-bioclimatiche-novara-1.jpg","width":800,"height":800,"caption":"ke-store-pittino-tende-da-sole-pergole-bioclimatiche-novara-1"},{"@type":"BreadcrumbList","@id":"https:\/\/www.keoutdoordesign.com\/it-it\/ke-outdoor\/ke-store-pittino\/#breadcrumb","itemListElement":[{"@type":"ListItem","position":1,"name":"Home","item":"https:\/\/www.keoutdoordesign.com\/it-it\/"},{"@type":"ListItem","position":2,"name":"KE Outdoor","item":"https:\/\/www.keoutdoordesign.com\/it-it\/ke-outdoor\/"},{"@type":"ListItem","position":3,"name":"KE Store Pittino"}]},{"@type":"WebSite","@id":"https:\/\/www.keoutdoordesign.com\/it-it\/#website","url":"https:\/\/www.keoutdoordesign.com\/it-it\/","name":"KE Outdoor Design","description":"Awnings, Pergolas and Custom Shade Solutions","publisher":{"@id":"https:\/\/www.keoutdoordesign.com\/it-it\/#organization"},"potentialAction":[{"@type":"SearchAction","target":{"@type":"EntryPoint","urlTemplate":"https:\/\/www.keoutdoordesign.com\/it-it\/?s={search_term_string}"},"query-input":{"@type":"PropertyValueSpecification","valueRequired":true,"valueName":"search_term_string"}}],"inLanguage":"it-IT"},{"@type":"Organization","@id":"https:\/\/www.keoutdoordesign.com\/it-it\/#organization","name":"KE Outdoor Design","url":"https:\/\/www.keoutdoordesign.com\/it-it\/","logo":{"@type":"ImageObject","inLanguage":"it-IT","@id":"https:\/\/www.keoutdoordesign.com\/it-it\/#\/schema\/logo\/image\/","url":"https:\/\/www.keoutdoordesign.com\/wp-content\/uploads\/2020\/02\/KE-logo-Primary-e1591282842174.jpg","contentUrl":"https:\/\/www.keoutdoordesign.com\/wp-content\/uploads\/2020\/02\/KE-logo-Primary-e1591282842174.jpg","width":500,"height":396,"caption":"KE Outdoor Design"},"image":{"@id":"https:\/\/www.keoutdoordesign.com\/it-it\/#\/schema\/logo\/image\/"},"sameAs":["https:\/\/www.facebook.com\/keoutdoordesign.us","https:\/\/x.com\/keoutdoordesign","https:\/\/www.facebook.com\/keoutdoordesign","https:\/\/www.youtube.com\/channel\/UCSoMQryJpLqD53bAoZLg2Vg","https:\/\/www.pinterest.it\/keoutdoordesign\/","https:\/\/www.instagram.com\/keoutdoordesign\/","https:\/\/www.linkedin.com\/company\/ke-outdoor-design\/"]}]}},"_links":{"self":[{"href":"https:\/\/www.keoutdoordesign.com\/it-it\/wp-json\/wp\/v2\/pages\/102511","targetHints":{"allow":["GET"]}}],"collection":[{"href":"https:\/\/www.keoutdoordesign.com\/it-it\/wp-json\/wp\/v2\/pages"}],"about":[{"href":"https:\/\/www.keoutdoordesign.com\/it-it\/wp-json\/wp\/v2\/types\/page"}],"author":[{"embeddable":true,"href":"https:\/\/www.keoutdoordesign.com\/it-it\/wp-json\/wp\/v2\/users\/10407"}],"replies":[{"embeddable":true,"href":"https:\/\/www.keoutdoordesign.com\/it-it\/wp-json\/wp\/v2\/comments?post=102511"}],"version-history":[{"count":1,"href":"https:\/\/www.keoutdoordesign.com\/it-it\/wp-json\/wp\/v2\/pages\/102511\/revisions"}],"predecessor-version":[{"id":102512,"href":"https:\/\/www.keoutdoordesign.com\/it-it\/wp-json\/wp\/v2\/pages\/102511\/revisions\/102512"}],"up":[{"embeddable":true,"href":"https:\/\/www.keoutdoordesign.com\/it-it\/wp-json\/wp\/v2\/pages\/99397"}],"wp:featuredmedia":[{"embeddable":true,"href":"https:\/\/www.keoutdoordesign.com\/it-it\/wp-json\/wp\/v2\/media\/36350"}],"wp:attachment":[{"href":"https:\/\/www.keoutdoordesign.com\/it-it\/wp-json\/wp\/v2\/media?parent=102511"}],"curies":[{"name":"wp","href":"https:\/\/api.w.org\/{rel}","templated":true}]}}