{"id":102487,"date":"2024-12-06T15:16:38","date_gmt":"2024-12-06T14:16:38","guid":{"rendered":"https:\/\/www.keoutdoordesign.com\/?page_id=102487"},"modified":"2024-12-06T15:16:38","modified_gmt":"2024-12-06T14:16:38","slug":"ke-store-val-serramenti","status":"publish","type":"page","link":"https:\/\/www.keoutdoordesign.com\/it-it\/ke-outdoor\/ke-store-val-serramenti\/","title":{"rendered":"KE Store Val Serramenti"},"content":{"rendered":"<h2>TENDE DA SOLE E PERGOLE A IMOLA<\/h2>\n<p>Con l&#8217;esperienza di oltre 50 anni di attivit\u00e0 a Bologna, <strong>Val Serramenti<\/strong> \u00e8 il partner ideale per la scelta di serramenti e componenti d\u2019arredo garantiti dai migliori marchi.<\/p>\n<p>Grazie alla professionalit\u00e0 del team Val serramenti \u00e8 possibile realizzare qualsiasi necessit\u00e0 progettuale anche per gli spazi outdoor avvalendosi della consulenza di personale altamente specializzato.<\/p>\n","protected":false},"excerpt":{"rendered":"<p>TENDE DA SOLE E PERGOLE A IMOLA Con l&#8217;esperienza di oltre 50 anni di attivit\u00e0 a Bologna, Val Serramenti \u00e8&hellip;<\/p>\n","protected":false},"author":10407,"featured_media":0,"parent":99397,"menu_order":16,"comment_status":"closed","ping_status":"closed","template":"page-templates\/store-2024.php","meta":{"_acf_changed":false,"footnotes":""},"class_list":["post-102487","page","type-page","status-publish","hentry"],"acf":[],"yoast_head":"<!-- This site is optimized with the Yoast SEO Premium plugin v20.12 (Yoast SEO v27.0) - https:\/\/yoast.com\/product\/yoast-seo-premium-wordpress\/ -->\n<title>KE Store Val Serramenti: Tende da Sole e Pergole a Imola<\/title>\n<meta name=\"description\" content=\"Cerchi un negozio di pergole e tende da sole a Imola? Scopri le soluzioni KE da Zini Comm. Contatta il rivenditore!\" \/>\n<meta name=\"robots\" content=\"index, follow, max-snippet:-1, max-image-preview:large, max-video-preview:-1\" \/>\n<link rel=\"canonical\" href=\"https:\/\/www.keoutdoordesign.com\/it-it\/ke-outdoor\/ke-store-val-serramenti\/\" \/>\n<meta property=\"og:locale\" content=\"it_IT\" \/>\n<meta property=\"og:type\" content=\"article\" \/>\n<meta property=\"og:title\" content=\"KE Store Val Serramenti\" \/>\n<meta property=\"og:description\" content=\"Cerchi un negozio di pergole e tende da sole a Imola? Scopri le soluzioni KE da Zini Comm. Contatta il rivenditore!\" \/>\n<meta property=\"og:url\" content=\"https:\/\/www.keoutdoordesign.com\/it-it\/ke-outdoor\/ke-store-val-serramenti\/\" \/>\n<meta property=\"og:site_name\" content=\"KE Outdoor Design\" \/>\n<meta property=\"article:publisher\" content=\"https:\/\/www.facebook.com\/keoutdoordesign.us\" \/>\n<meta property=\"og:image\" content=\"https:\/\/www.keoutdoordesign.com\/wp-content\/uploads\/2022\/06\/ke_logo.png\" \/>\n\t<meta property=\"og:image:width\" content=\"1260\" \/>\n\t<meta property=\"og:image:height\" content=\"630\" \/>\n\t<meta property=\"og:image:type\" content=\"image\/png\" \/>\n<meta name=\"twitter:card\" content=\"summary_large_image\" \/>\n<meta name=\"twitter:site\" content=\"@keoutdoordesign\" \/>\n<script type=\"application\/ld+json\" class=\"yoast-schema-graph\">{\"@context\":\"https:\/\/schema.org\",\"@graph\":[{\"@type\":\"WebPage\",\"@id\":\"https:\/\/www.keoutdoordesign.com\/it-it\/ke-outdoor\/ke-store-val-serramenti\/\",\"url\":\"https:\/\/www.keoutdoordesign.com\/it-it\/ke-outdoor\/ke-store-val-serramenti\/\",\"name\":\"KE Store Val Serramenti: Tende da Sole e Pergole a Imola\",\"isPartOf\":{\"@id\":\"https:\/\/www.keoutdoordesign.com\/it-it\/#website\"},\"datePublished\":\"2024-12-06T14:16:38+00:00\",\"description\":\"Cerchi un negozio di pergole e tende da sole a Imola? Scopri le soluzioni KE da Zini Comm. Contatta il rivenditore!\",\"breadcrumb\":{\"@id\":\"https:\/\/www.keoutdoordesign.com\/it-it\/ke-outdoor\/ke-store-val-serramenti\/#breadcrumb\"},\"inLanguage\":\"it-IT\",\"potentialAction\":[{\"@type\":\"ReadAction\",\"target\":[\"https:\/\/www.keoutdoordesign.com\/it-it\/ke-outdoor\/ke-store-val-serramenti\/\"]}]},{\"@type\":\"BreadcrumbList\",\"@id\":\"https:\/\/www.keoutdoordesign.com\/it-it\/ke-outdoor\/ke-store-val-serramenti\/#breadcrumb\",\"itemListElement\":[{\"@type\":\"ListItem\",\"position\":1,\"name\":\"Home\",\"item\":\"https:\/\/www.keoutdoordesign.com\/it-it\/\"},{\"@type\":\"ListItem\",\"position\":2,\"name\":\"KE Outdoor\",\"item\":\"https:\/\/www.keoutdoordesign.com\/it-it\/ke-outdoor\/\"},{\"@type\":\"ListItem\",\"position\":3,\"name\":\"KE Store Val Serramenti\"}]},{\"@type\":\"WebSite\",\"@id\":\"https:\/\/www.keoutdoordesign.com\/it-it\/#website\",\"url\":\"https:\/\/www.keoutdoordesign.com\/it-it\/\",\"name\":\"KE Outdoor Design\",\"description\":\"Awnings, Pergolas and Custom Shade Solutions\",\"publisher\":{\"@id\":\"https:\/\/www.keoutdoordesign.com\/it-it\/#organization\"},\"potentialAction\":[{\"@type\":\"SearchAction\",\"target\":{\"@type\":\"EntryPoint\",\"urlTemplate\":\"https:\/\/www.keoutdoordesign.com\/it-it\/?s={search_term_string}\"},\"query-input\":{\"@type\":\"PropertyValueSpecification\",\"valueRequired\":true,\"valueName\":\"search_term_string\"}}],\"inLanguage\":\"it-IT\"},{\"@type\":\"Organization\",\"@id\":\"https:\/\/www.keoutdoordesign.com\/it-it\/#organization\",\"name\":\"KE Outdoor Design\",\"url\":\"https:\/\/www.keoutdoordesign.com\/it-it\/\",\"logo\":{\"@type\":\"ImageObject\",\"inLanguage\":\"it-IT\",\"@id\":\"https:\/\/www.keoutdoordesign.com\/it-it\/#\/schema\/logo\/image\/\",\"url\":\"https:\/\/www.keoutdoordesign.com\/wp-content\/uploads\/2020\/02\/KE-logo-Primary-e1591282842174.jpg\",\"contentUrl\":\"https:\/\/www.keoutdoordesign.com\/wp-content\/uploads\/2020\/02\/KE-logo-Primary-e1591282842174.jpg\",\"width\":500,\"height\":396,\"caption\":\"KE Outdoor Design\"},\"image\":{\"@id\":\"https:\/\/www.keoutdoordesign.com\/it-it\/#\/schema\/logo\/image\/\"},\"sameAs\":[\"https:\/\/www.facebook.com\/keoutdoordesign.us\",\"https:\/\/x.com\/keoutdoordesign\",\"https:\/\/www.facebook.com\/keoutdoordesign\",\"https:\/\/www.youtube.com\/channel\/UCSoMQryJpLqD53bAoZLg2Vg\",\"https:\/\/www.pinterest.it\/keoutdoordesign\/\",\"https:\/\/www.instagram.com\/keoutdoordesign\/\",\"https:\/\/www.linkedin.com\/company\/ke-outdoor-design\/\"]}]}<\/script>\n<!-- \/ Yoast SEO Premium plugin. -->","yoast_head_json":{"title":"KE Store Val Serramenti: Tende da Sole e Pergole a Imola","description":"Cerchi un negozio di pergole e tende da sole a Imola? Scopri le soluzioni KE da Zini Comm. Contatta il rivenditore!","robots":{"index":"index","follow":"follow","max-snippet":"max-snippet:-1","max-image-preview":"max-image-preview:large","max-video-preview":"max-video-preview:-1"},"canonical":"https:\/\/www.keoutdoordesign.com\/it-it\/ke-outdoor\/ke-store-val-serramenti\/","og_locale":"it_IT","og_type":"article","og_title":"KE Store Val Serramenti","og_description":"Cerchi un negozio di pergole e tende da sole a Imola? Scopri le soluzioni KE da Zini Comm. Contatta il rivenditore!","og_url":"https:\/\/www.keoutdoordesign.com\/it-it\/ke-outdoor\/ke-store-val-serramenti\/","og_site_name":"KE Outdoor Design","article_publisher":"https:\/\/www.facebook.com\/keoutdoordesign.us","og_image":[{"width":1260,"height":630,"url":"https:\/\/www.keoutdoordesign.com\/wp-content\/uploads\/2022\/06\/ke_logo.png","type":"image\/png"}],"twitter_card":"summary_large_image","twitter_site":"@keoutdoordesign","schema":{"@context":"https:\/\/schema.org","@graph":[{"@type":"WebPage","@id":"https:\/\/www.keoutdoordesign.com\/it-it\/ke-outdoor\/ke-store-val-serramenti\/","url":"https:\/\/www.keoutdoordesign.com\/it-it\/ke-outdoor\/ke-store-val-serramenti\/","name":"KE Store Val Serramenti: Tende da Sole e Pergole a Imola","isPartOf":{"@id":"https:\/\/www.keoutdoordesign.com\/it-it\/#website"},"datePublished":"2024-12-06T14:16:38+00:00","description":"Cerchi un negozio di pergole e tende da sole a Imola? Scopri le soluzioni KE da Zini Comm. Contatta il rivenditore!","breadcrumb":{"@id":"https:\/\/www.keoutdoordesign.com\/it-it\/ke-outdoor\/ke-store-val-serramenti\/#breadcrumb"},"inLanguage":"it-IT","potentialAction":[{"@type":"ReadAction","target":["https:\/\/www.keoutdoordesign.com\/it-it\/ke-outdoor\/ke-store-val-serramenti\/"]}]},{"@type":"BreadcrumbList","@id":"https:\/\/www.keoutdoordesign.com\/it-it\/ke-outdoor\/ke-store-val-serramenti\/#breadcrumb","itemListElement":[{"@type":"ListItem","position":1,"name":"Home","item":"https:\/\/www.keoutdoordesign.com\/it-it\/"},{"@type":"ListItem","position":2,"name":"KE Outdoor","item":"https:\/\/www.keoutdoordesign.com\/it-it\/ke-outdoor\/"},{"@type":"ListItem","position":3,"name":"KE Store Val Serramenti"}]},{"@type":"WebSite","@id":"https:\/\/www.keoutdoordesign.com\/it-it\/#website","url":"https:\/\/www.keoutdoordesign.com\/it-it\/","name":"KE Outdoor Design","description":"Awnings, Pergolas and Custom Shade Solutions","publisher":{"@id":"https:\/\/www.keoutdoordesign.com\/it-it\/#organization"},"potentialAction":[{"@type":"SearchAction","target":{"@type":"EntryPoint","urlTemplate":"https:\/\/www.keoutdoordesign.com\/it-it\/?s={search_term_string}"},"query-input":{"@type":"PropertyValueSpecification","valueRequired":true,"valueName":"search_term_string"}}],"inLanguage":"it-IT"},{"@type":"Organization","@id":"https:\/\/www.keoutdoordesign.com\/it-it\/#organization","name":"KE Outdoor Design","url":"https:\/\/www.keoutdoordesign.com\/it-it\/","logo":{"@type":"ImageObject","inLanguage":"it-IT","@id":"https:\/\/www.keoutdoordesign.com\/it-it\/#\/schema\/logo\/image\/","url":"https:\/\/www.keoutdoordesign.com\/wp-content\/uploads\/2020\/02\/KE-logo-Primary-e1591282842174.jpg","contentUrl":"https:\/\/www.keoutdoordesign.com\/wp-content\/uploads\/2020\/02\/KE-logo-Primary-e1591282842174.jpg","width":500,"height":396,"caption":"KE Outdoor Design"},"image":{"@id":"https:\/\/www.keoutdoordesign.com\/it-it\/#\/schema\/logo\/image\/"},"sameAs":["https:\/\/www.facebook.com\/keoutdoordesign.us","https:\/\/x.com\/keoutdoordesign","https:\/\/www.facebook.com\/keoutdoordesign","https:\/\/www.youtube.com\/channel\/UCSoMQryJpLqD53bAoZLg2Vg","https:\/\/www.pinterest.it\/keoutdoordesign\/","https:\/\/www.instagram.com\/keoutdoordesign\/","https:\/\/www.linkedin.com\/company\/ke-outdoor-design\/"]}]}},"_links":{"self":[{"href":"https:\/\/www.keoutdoordesign.com\/it-it\/wp-json\/wp\/v2\/pages\/102487","targetHints":{"allow":["GET"]}}],"collection":[{"href":"https:\/\/www.keoutdoordesign.com\/it-it\/wp-json\/wp\/v2\/pages"}],"about":[{"href":"https:\/\/www.keoutdoordesign.com\/it-it\/wp-json\/wp\/v2\/types\/page"}],"author":[{"embeddable":true,"href":"https:\/\/www.keoutdoordesign.com\/it-it\/wp-json\/wp\/v2\/users\/10407"}],"replies":[{"embeddable":true,"href":"https:\/\/www.keoutdoordesign.com\/it-it\/wp-json\/wp\/v2\/comments?post=102487"}],"version-history":[{"count":1,"href":"https:\/\/www.keoutdoordesign.com\/it-it\/wp-json\/wp\/v2\/pages\/102487\/revisions"}],"predecessor-version":[{"id":102488,"href":"https:\/\/www.keoutdoordesign.com\/it-it\/wp-json\/wp\/v2\/pages\/102487\/revisions\/102488"}],"up":[{"embeddable":true,"href":"https:\/\/www.keoutdoordesign.com\/it-it\/wp-json\/wp\/v2\/pages\/99397"}],"wp:attachment":[{"href":"https:\/\/www.keoutdoordesign.com\/it-it\/wp-json\/wp\/v2\/media?parent=102487"}],"curies":[{"name":"wp","href":"https:\/\/api.w.org\/{rel}","templated":true}]}}