{"id":102106,"date":"2024-11-28T13:38:28","date_gmt":"2024-11-28T12:38:28","guid":{"rendered":"https:\/\/www.keoutdoordesign.com\/?page_id=102106"},"modified":"2024-11-28T13:38:28","modified_gmt":"2024-11-28T12:38:28","slug":"ke-store-allsud-srl","status":"publish","type":"page","link":"https:\/\/www.keoutdoordesign.com\/it-it\/ke-outdoor\/ke-store-allsud-srl\/","title":{"rendered":"KE Store ALLSUD SRL"},"content":{"rendered":"<h2>TENDE DA SOLE E PERGOLE A NAPOLI<\/h2>\n<p>All Sud \u00e8 un punto vendita di riferimento per la provincia di Napoli specializzato in coperture solari, tende da sole, pergole bioclimatiche KE nata da una realt\u00e0 con una lunga esperienza nel settore degli infissi.<\/p>\n<p>All\u2019interno dello showroom\u00a0il cliente pu\u00f2 trovare prodotti di alta qualit\u00e0 e design per rispondere a tutte le necessit\u00e0 progettuali.<\/p>\n<p>Ogni progetto viene seguito da consulenti esperti, garantendo la migliore soluzione adatta per ogni spazio outdoor.<\/p>\n","protected":false},"excerpt":{"rendered":"<p>TENDE DA SOLE E PERGOLE A NAPOLI All Sud \u00e8 un punto vendita di riferimento per la provincia di Napoli&hellip;<\/p>\n","protected":false},"author":10408,"featured_media":0,"parent":99397,"menu_order":2,"comment_status":"closed","ping_status":"closed","template":"page-templates\/store-2024.php","meta":{"_acf_changed":false,"footnotes":""},"class_list":["post-102106","page","type-page","status-publish","hentry"],"acf":[],"yoast_head":"<!-- This site is optimized with the Yoast SEO Premium plugin v20.12 (Yoast SEO v27.3) - https:\/\/yoast.com\/product\/yoast-seo-premium-wordpress\/ -->\n<title>KE Store ALLSUD: Tende da Sole a Napoli<\/title>\n<meta name=\"description\" content=\"Cerchi un negozio di pergole e tende da sole a Salerno? Scopri i prodotti nel KE Store ALLSUD. Contattaci!\" \/>\n<meta name=\"robots\" content=\"index, follow, max-snippet:-1, max-image-preview:large, max-video-preview:-1\" \/>\n<link rel=\"canonical\" href=\"https:\/\/www.keoutdoordesign.com\/it-it\/ke-outdoor\/ke-store-allsud-srl\/\" \/>\n<meta property=\"og:locale\" content=\"it_IT\" \/>\n<meta property=\"og:type\" content=\"article\" \/>\n<meta property=\"og:title\" content=\"KE Store ALLSUD SRL\" \/>\n<meta property=\"og:description\" content=\"Cerchi un negozio di pergole e tende da sole a Salerno? Scopri i prodotti nel KE Store ALLSUD. Contattaci!\" \/>\n<meta property=\"og:url\" content=\"https:\/\/www.keoutdoordesign.com\/it-it\/ke-outdoor\/ke-store-allsud-srl\/\" \/>\n<meta property=\"og:site_name\" content=\"KE Outdoor Design\" \/>\n<meta property=\"article:publisher\" content=\"https:\/\/www.facebook.com\/keoutdoordesign.us\" \/>\n<meta property=\"og:image\" content=\"https:\/\/www.keoutdoordesign.com\/wp-content\/uploads\/2022\/06\/ke_logo.png\" \/>\n\t<meta property=\"og:image:width\" content=\"1260\" \/>\n\t<meta property=\"og:image:height\" content=\"630\" \/>\n\t<meta property=\"og:image:type\" content=\"image\/png\" \/>\n<meta name=\"twitter:card\" content=\"summary_large_image\" \/>\n<meta name=\"twitter:site\" content=\"@keoutdoordesign\" \/>\n<script type=\"application\/ld+json\" class=\"yoast-schema-graph\">{\"@context\":\"https:\\\/\\\/schema.org\",\"@graph\":[{\"@type\":\"WebPage\",\"@id\":\"https:\\\/\\\/www.keoutdoordesign.com\\\/it-it\\\/ke-outdoor\\\/ke-store-allsud-srl\\\/\",\"url\":\"https:\\\/\\\/www.keoutdoordesign.com\\\/it-it\\\/ke-outdoor\\\/ke-store-allsud-srl\\\/\",\"name\":\"KE Store ALLSUD: Tende da Sole a Napoli\",\"isPartOf\":{\"@id\":\"https:\\\/\\\/www.keoutdoordesign.com\\\/it-it\\\/#website\"},\"datePublished\":\"2024-11-28T12:38:28+00:00\",\"description\":\"Cerchi un negozio di pergole e tende da sole a Salerno? Scopri i prodotti nel KE Store ALLSUD. Contattaci!\",\"breadcrumb\":{\"@id\":\"https:\\\/\\\/www.keoutdoordesign.com\\\/it-it\\\/ke-outdoor\\\/ke-store-allsud-srl\\\/#breadcrumb\"},\"inLanguage\":\"it-IT\",\"potentialAction\":[{\"@type\":\"ReadAction\",\"target\":[\"https:\\\/\\\/www.keoutdoordesign.com\\\/it-it\\\/ke-outdoor\\\/ke-store-allsud-srl\\\/\"]}]},{\"@type\":\"BreadcrumbList\",\"@id\":\"https:\\\/\\\/www.keoutdoordesign.com\\\/it-it\\\/ke-outdoor\\\/ke-store-allsud-srl\\\/#breadcrumb\",\"itemListElement\":[{\"@type\":\"ListItem\",\"position\":1,\"name\":\"Home\",\"item\":\"https:\\\/\\\/www.keoutdoordesign.com\\\/it-it\\\/\"},{\"@type\":\"ListItem\",\"position\":2,\"name\":\"KE Outdoor\",\"item\":\"https:\\\/\\\/www.keoutdoordesign.com\\\/it-it\\\/ke-outdoor\\\/\"},{\"@type\":\"ListItem\",\"position\":3,\"name\":\"KE Store ALLSUD SRL\"}]},{\"@type\":\"WebSite\",\"@id\":\"https:\\\/\\\/www.keoutdoordesign.com\\\/it-it\\\/#website\",\"url\":\"https:\\\/\\\/www.keoutdoordesign.com\\\/it-it\\\/\",\"name\":\"KE Outdoor Design\",\"description\":\"Awnings, Pergolas and Custom Shade Solutions\",\"publisher\":{\"@id\":\"https:\\\/\\\/www.keoutdoordesign.com\\\/it-it\\\/#organization\"},\"potentialAction\":[{\"@type\":\"SearchAction\",\"target\":{\"@type\":\"EntryPoint\",\"urlTemplate\":\"https:\\\/\\\/www.keoutdoordesign.com\\\/it-it\\\/?s={search_term_string}\"},\"query-input\":{\"@type\":\"PropertyValueSpecification\",\"valueRequired\":true,\"valueName\":\"search_term_string\"}}],\"inLanguage\":\"it-IT\"},{\"@type\":\"Organization\",\"@id\":\"https:\\\/\\\/www.keoutdoordesign.com\\\/it-it\\\/#organization\",\"name\":\"KE Outdoor Design\",\"url\":\"https:\\\/\\\/www.keoutdoordesign.com\\\/it-it\\\/\",\"logo\":{\"@type\":\"ImageObject\",\"inLanguage\":\"it-IT\",\"@id\":\"https:\\\/\\\/www.keoutdoordesign.com\\\/it-it\\\/#\\\/schema\\\/logo\\\/image\\\/\",\"url\":\"https:\\\/\\\/www.keoutdoordesign.com\\\/wp-content\\\/uploads\\\/2020\\\/02\\\/KE-logo-Primary-e1591282842174.jpg\",\"contentUrl\":\"https:\\\/\\\/www.keoutdoordesign.com\\\/wp-content\\\/uploads\\\/2020\\\/02\\\/KE-logo-Primary-e1591282842174.jpg\",\"width\":500,\"height\":396,\"caption\":\"KE Outdoor Design\"},\"image\":{\"@id\":\"https:\\\/\\\/www.keoutdoordesign.com\\\/it-it\\\/#\\\/schema\\\/logo\\\/image\\\/\"},\"sameAs\":[\"https:\\\/\\\/www.facebook.com\\\/keoutdoordesign.us\",\"https:\\\/\\\/x.com\\\/keoutdoordesign\",\"https:\\\/\\\/www.facebook.com\\\/keoutdoordesign\",\"https:\\\/\\\/www.youtube.com\\\/channel\\\/UCSoMQryJpLqD53bAoZLg2Vg\",\"https:\\\/\\\/www.pinterest.it\\\/keoutdoordesign\\\/\",\"https:\\\/\\\/www.instagram.com\\\/keoutdoordesign\\\/\",\"https:\\\/\\\/www.linkedin.com\\\/company\\\/ke-outdoor-design\\\/\"]}]}<\/script>\n<!-- \/ Yoast SEO Premium plugin. -->","yoast_head_json":{"title":"KE Store ALLSUD: Tende da Sole a Napoli","description":"Cerchi un negozio di pergole e tende da sole a Salerno? Scopri i prodotti nel KE Store ALLSUD. Contattaci!","robots":{"index":"index","follow":"follow","max-snippet":"max-snippet:-1","max-image-preview":"max-image-preview:large","max-video-preview":"max-video-preview:-1"},"canonical":"https:\/\/www.keoutdoordesign.com\/it-it\/ke-outdoor\/ke-store-allsud-srl\/","og_locale":"it_IT","og_type":"article","og_title":"KE Store ALLSUD SRL","og_description":"Cerchi un negozio di pergole e tende da sole a Salerno? Scopri i prodotti nel KE Store ALLSUD. Contattaci!","og_url":"https:\/\/www.keoutdoordesign.com\/it-it\/ke-outdoor\/ke-store-allsud-srl\/","og_site_name":"KE Outdoor Design","article_publisher":"https:\/\/www.facebook.com\/keoutdoordesign.us","og_image":[{"width":1260,"height":630,"url":"https:\/\/www.keoutdoordesign.com\/wp-content\/uploads\/2022\/06\/ke_logo.png","type":"image\/png"}],"twitter_card":"summary_large_image","twitter_site":"@keoutdoordesign","schema":{"@context":"https:\/\/schema.org","@graph":[{"@type":"WebPage","@id":"https:\/\/www.keoutdoordesign.com\/it-it\/ke-outdoor\/ke-store-allsud-srl\/","url":"https:\/\/www.keoutdoordesign.com\/it-it\/ke-outdoor\/ke-store-allsud-srl\/","name":"KE Store ALLSUD: Tende da Sole a Napoli","isPartOf":{"@id":"https:\/\/www.keoutdoordesign.com\/it-it\/#website"},"datePublished":"2024-11-28T12:38:28+00:00","description":"Cerchi un negozio di pergole e tende da sole a Salerno? Scopri i prodotti nel KE Store ALLSUD. Contattaci!","breadcrumb":{"@id":"https:\/\/www.keoutdoordesign.com\/it-it\/ke-outdoor\/ke-store-allsud-srl\/#breadcrumb"},"inLanguage":"it-IT","potentialAction":[{"@type":"ReadAction","target":["https:\/\/www.keoutdoordesign.com\/it-it\/ke-outdoor\/ke-store-allsud-srl\/"]}]},{"@type":"BreadcrumbList","@id":"https:\/\/www.keoutdoordesign.com\/it-it\/ke-outdoor\/ke-store-allsud-srl\/#breadcrumb","itemListElement":[{"@type":"ListItem","position":1,"name":"Home","item":"https:\/\/www.keoutdoordesign.com\/it-it\/"},{"@type":"ListItem","position":2,"name":"KE Outdoor","item":"https:\/\/www.keoutdoordesign.com\/it-it\/ke-outdoor\/"},{"@type":"ListItem","position":3,"name":"KE Store ALLSUD SRL"}]},{"@type":"WebSite","@id":"https:\/\/www.keoutdoordesign.com\/it-it\/#website","url":"https:\/\/www.keoutdoordesign.com\/it-it\/","name":"KE Outdoor Design","description":"Awnings, Pergolas and Custom Shade Solutions","publisher":{"@id":"https:\/\/www.keoutdoordesign.com\/it-it\/#organization"},"potentialAction":[{"@type":"SearchAction","target":{"@type":"EntryPoint","urlTemplate":"https:\/\/www.keoutdoordesign.com\/it-it\/?s={search_term_string}"},"query-input":{"@type":"PropertyValueSpecification","valueRequired":true,"valueName":"search_term_string"}}],"inLanguage":"it-IT"},{"@type":"Organization","@id":"https:\/\/www.keoutdoordesign.com\/it-it\/#organization","name":"KE Outdoor Design","url":"https:\/\/www.keoutdoordesign.com\/it-it\/","logo":{"@type":"ImageObject","inLanguage":"it-IT","@id":"https:\/\/www.keoutdoordesign.com\/it-it\/#\/schema\/logo\/image\/","url":"https:\/\/www.keoutdoordesign.com\/wp-content\/uploads\/2020\/02\/KE-logo-Primary-e1591282842174.jpg","contentUrl":"https:\/\/www.keoutdoordesign.com\/wp-content\/uploads\/2020\/02\/KE-logo-Primary-e1591282842174.jpg","width":500,"height":396,"caption":"KE Outdoor Design"},"image":{"@id":"https:\/\/www.keoutdoordesign.com\/it-it\/#\/schema\/logo\/image\/"},"sameAs":["https:\/\/www.facebook.com\/keoutdoordesign.us","https:\/\/x.com\/keoutdoordesign","https:\/\/www.facebook.com\/keoutdoordesign","https:\/\/www.youtube.com\/channel\/UCSoMQryJpLqD53bAoZLg2Vg","https:\/\/www.pinterest.it\/keoutdoordesign\/","https:\/\/www.instagram.com\/keoutdoordesign\/","https:\/\/www.linkedin.com\/company\/ke-outdoor-design\/"]}]}},"_links":{"self":[{"href":"https:\/\/www.keoutdoordesign.com\/it-it\/wp-json\/wp\/v2\/pages\/102106","targetHints":{"allow":["GET"]}}],"collection":[{"href":"https:\/\/www.keoutdoordesign.com\/it-it\/wp-json\/wp\/v2\/pages"}],"about":[{"href":"https:\/\/www.keoutdoordesign.com\/it-it\/wp-json\/wp\/v2\/types\/page"}],"author":[{"embeddable":true,"href":"https:\/\/www.keoutdoordesign.com\/it-it\/wp-json\/wp\/v2\/users\/10408"}],"replies":[{"embeddable":true,"href":"https:\/\/www.keoutdoordesign.com\/it-it\/wp-json\/wp\/v2\/comments?post=102106"}],"version-history":[{"count":1,"href":"https:\/\/www.keoutdoordesign.com\/it-it\/wp-json\/wp\/v2\/pages\/102106\/revisions"}],"predecessor-version":[{"id":102107,"href":"https:\/\/www.keoutdoordesign.com\/it-it\/wp-json\/wp\/v2\/pages\/102106\/revisions\/102107"}],"up":[{"embeddable":true,"href":"https:\/\/www.keoutdoordesign.com\/it-it\/wp-json\/wp\/v2\/pages\/99397"}],"wp:attachment":[{"href":"https:\/\/www.keoutdoordesign.com\/it-it\/wp-json\/wp\/v2\/media?parent=102106"}],"curies":[{"name":"wp","href":"https:\/\/api.w.org\/{rel}","templated":true}]}}