{"id":97975,"date":"2024-06-04T11:06:58","date_gmt":"2024-06-04T09:06:58","guid":{"rendered":"https:\/\/www.keoutdoordesign.com\/landing-sunlight\/grazie\/"},"modified":"2024-09-27T12:58:24","modified_gmt":"2024-09-27T10:58:24","slug":"merci","status":"publish","type":"page","link":"https:\/\/www.keoutdoordesign.com\/fr-fr\/landing-sunlight\/merci\/","title":{"rendered":"Merci"},"content":{"rendered":"\t\t<div data-elementor-type=\"wp-page\" data-elementor-id=\"97975\" class=\"elementor elementor-97975 elementor-72051\">\n\t\t\t\t<div class=\"elementor-element elementor-element-c5ed3b4 e-flex e-con-boxed e-con e-parent\" data-id=\"c5ed3b4\" data-element_type=\"container\">\n\t\t\t\t\t<div class=\"e-con-inner\">\n\t\t\t\t<div class=\"elementor-element elementor-element-44c0f80 elementor-widget elementor-widget-image\" data-id=\"44c0f80\" data-element_type=\"widget\" data-widget_type=\"image.default\">\n\t\t\t\t<div class=\"elementor-widget-container\">\n\t\t\t\t\t\t\t\t\t\t\t\t\t<img decoding=\"async\" src=\"https:\/\/www.keoutdoordesign.com\/wp-content\/uploads\/elementor\/thumbs\/logo-ke-black-qp4vhnf4jgjp8wr1m8s078ksnd600hshamc4uxrmdk.png\" title=\"logo-ke-black\" alt=\"\" loading=\"lazy\" \/>\t\t\t\t\t\t\t\t\t\t\t\t\t<\/div>\n\t\t\t\t<\/div>\n\t\t<div class=\"elementor-element elementor-element-28a691d e-flex e-con-boxed e-con e-child\" data-id=\"28a691d\" data-element_type=\"container\">\n\t\t\t\t\t<div class=\"e-con-inner\">\n\t\t\t\t<div class=\"elementor-element elementor-element-b72cd1b elementor-widget elementor-widget-heading\" data-id=\"b72cd1b\" data-element_type=\"widget\" data-widget_type=\"heading.default\">\n\t\t\t\t<div class=\"elementor-widget-container\">\n\t\t\t<h2 class=\"elementor-heading-title elementor-size-default\">Merci! Nous avons re\u00e7u votre demande.<\/h2>\t\t<\/div>\n\t\t\t\t<\/div>\n\t\t\t\t<div class=\"elementor-element elementor-element-df06354 elementor-widget elementor-widget-text-editor\" data-id=\"df06354\" data-element_type=\"widget\" data-widget_type=\"text-editor.default\">\n\t\t\t\t<div class=\"elementor-widget-container\">\n\t\t\t\t\t\t\t<p>Nous vous contacterons dans les plus brefs d\u00e9lais avec la r\u00e9ponse \u00e0 vos besoins.<br \/>\nSi vous nous avez \u00e9crit un samedi ou un dimanche, nous nous efforcerons de vous r\u00e9pondre d&rsquo;ici lundi.<br \/>\nEn attendant, continuez \u00e0 vous renseigner sur les produits KE.<\/p>\n\t\t\t\t\t\t<\/div>\n\t\t\t\t<\/div>\n\t\t\t\t<div class=\"elementor-element elementor-element-0163a4c elementor-widget elementor-widget-button\" data-id=\"0163a4c\" data-element_type=\"widget\" data-widget_type=\"button.default\">\n\t\t\t\t<div class=\"elementor-widget-container\">\n\t\t\t\t\t\t\t<div class=\"elementor-button-wrapper\">\n\t\t\t\t\t<a class=\"elementor-button elementor-button-link elementor-size-sm\" href=\"https:\/\/www.keoutdoordesign.com\/fr-fr\/glassroom\/pergola-avec-toiture-en-verre-sunlight\/\">\n\t\t\t\t\t\t<span class=\"elementor-button-content-wrapper\">\n\t\t\t\t\t\t\t\t\t<span class=\"elementor-button-text\">En savoir plus sur Sunlight sur le site Web de KEq<\/span>\n\t\t\t\t\t<\/span>\n\t\t\t\t\t<\/a>\n\t\t\t\t<\/div>\n\t\t\t\t\t\t<\/div>\n\t\t\t\t<\/div>\n\t\t\t\t\t<\/div>\n\t\t\t\t<\/div>\n\t\t\t\t\t<\/div>\n\t\t\t\t<\/div>\n\t\t<div class=\"elementor-element elementor-element-1b4122f e-flex e-con-boxed e-con e-parent\" data-id=\"1b4122f\" data-element_type=\"container\" data-settings=\"{&quot;background_background&quot;:&quot;classic&quot;}\">\n\t\t\t\t\t<div class=\"e-con-inner\">\n\t\t<div class=\"elementor-element elementor-element-537b1fa e-con-full e-flex e-con e-child\" data-id=\"537b1fa\" data-element_type=\"container\">\n\t\t\t\t<div class=\"elementor-element elementor-element-a81101c elementor-widget elementor-widget-image\" data-id=\"a81101c\" data-element_type=\"widget\" data-widget_type=\"image.default\">\n\t\t\t\t<div class=\"elementor-widget-container\">\n\t\t\t\t\t\t\t\t\t\t\t\t\t<img decoding=\"async\" src=\"https:\/\/www.keoutdoordesign.com\/wp-content\/uploads\/elementor\/thumbs\/logo-ke-qogi6y8fjnuryfwgqqxj7c06jhzsh9thr1207o6fbe.png\" title=\"logo-ke\" alt=\"\" loading=\"lazy\" \/>\t\t\t\t\t\t\t\t\t\t\t\t\t<\/div>\n\t\t\t\t<\/div>\n\t\t\t\t<div class=\"elementor-element elementor-element-5efd694 elementor-widget elementor-widget-text-editor\" data-id=\"5efd694\" data-element_type=\"widget\" data-widget_type=\"text-editor.default\">\n\t\t\t\t<div class=\"elementor-widget-container\">\n\t\t\t\t\t\t\t<p>KE PROTEZIONI SOLARI SRLVia Calnova 160\/A<br \/>\n30020 Noventa di Piave Venezia &#8211; Italy<\/p>\n\t\t\t\t\t\t<\/div>\n\t\t\t\t<\/div>\n\t\t\t\t<div class=\"elementor-element elementor-element-d841965 elementor-widget elementor-widget-text-editor\" data-id=\"d841965\" data-element_type=\"widget\" data-widget_type=\"text-editor.default\">\n\t\t\t\t<div class=\"elementor-widget-container\">\n\t\t\t\t\t\t\t<p>web: <a href=\"https:\/\/www.keoutdoordesign.com\/\" target=\"_blank\" rel=\"noopener\">www.keoutdoordesign.com<\/a><br \/>mail: <a href=\"mailto:marketing@keitaly.it\">marketing@keitaly.it<\/a><br \/>T. <a href=\"tel:+390421307000\">+39 0421 307 000<\/a><\/p>\t\t\t\t\t\t<\/div>\n\t\t\t\t<\/div>\n\t\t\t\t<\/div>\n\t\t<div class=\"elementor-element elementor-element-9aec5e3 e-con-full e-flex e-con e-child\" data-id=\"9aec5e3\" data-element_type=\"container\">\n\t\t\t\t<div class=\"elementor-element elementor-element-65d0804 elementor-hidden-mobile elementor-widget elementor-widget-text-editor\" data-id=\"65d0804\" data-element_type=\"widget\" data-widget_type=\"text-editor.default\">\n\t\t\t\t<div class=\"elementor-widget-container\">\n\t\t\t\t\t\t\t<p>\u00a9 2024 &#8211; P.IVA 02178490278 &#8211; <a href=\"https:\/\/www.keoutdoordesign.com\/fr-fr\/entreprise\/privacy-cookies-policy\/\" target=\"_blank\" rel=\"noopener\">Privacy &amp; Cookies Policy<\/a> &#8211; <a class=\"iubenda-cs-preferences-link\" href=\"#\">Gestion des pr\u00e9f\u00e9rences cookies<\/a> &#8211; <a href=\"https:\/\/www.keoutdoordesign.com\/fr-fr\/entreprise\/mentions-legales\/\" target=\"_blank\" rel=\"noopener\">Mentions L\u00e9gales<\/a><\/p>\n\t\t\t\t\t\t<\/div>\n\t\t\t\t<\/div>\n\t\t\t\t<div class=\"elementor-element elementor-element-a27f86b elementor-hidden-desktop elementor-hidden-tablet elementor-widget elementor-widget-text-editor\" data-id=\"a27f86b\" data-element_type=\"widget\" data-widget_type=\"text-editor.default\">\n\t\t\t\t<div class=\"elementor-widget-container\">\n\t\t\t\t\t\t\t<p>\u00a9 2024 &#8211; P.IVA 02178490278<br \/>\n<a href=\"https:\/\/www.keoutdoordesign.com\/fr-fr\/entreprise\/privacy-cookies-policy\/\" target=\"_blank\" rel=\"noopener\">Privacy &amp; Cookies Policy<\/a><br \/>\n<a class=\"iubenda-cs-preferences-link\" href=\"#\">Gestion des pr\u00e9f\u00e9rences cookies<\/a><br \/>\n<a href=\"https:\/\/www.keoutdoordesign.com\/fr-fr\/entreprise\/mentions-legales\/\" target=\"_blank\" rel=\"noopener\">Mentions L\u00e9gales<\/a><\/p>\n\t\t\t\t\t\t<\/div>\n\t\t\t\t<\/div>\n\t\t\t\t<\/div>\n\t\t<div class=\"elementor-element elementor-element-4bcbd91 e-con-full e-flex e-con e-child\" data-id=\"4bcbd91\" data-element_type=\"container\">\n\t\t\t\t<\/div>\n\t\t\t\t\t<\/div>\n\t\t\t\t<\/div>\n\t\t\t\t<\/div>\n\t\t","protected":false},"excerpt":{"rendered":"<p>Merci! Nous avons re\u00e7u votre demande. Nous vous contacterons dans les plus brefs d\u00e9lais avec la r\u00e9ponse \u00e0 vos besoins.&hellip;<\/p>\n","protected":false},"author":10608,"featured_media":0,"parent":77798,"menu_order":0,"comment_status":"closed","ping_status":"closed","template":"elementor_canvas","meta":{"_acf_changed":false,"footnotes":""},"class_list":["post-97975","page","type-page","status-publish","hentry"],"acf":[],"yoast_head":"<!-- This site is optimized with the Yoast SEO Premium plugin v20.12 (Yoast SEO v27.3) - https:\/\/yoast.com\/product\/yoast-seo-premium-wordpress\/ -->\n<title>Merci -<\/title>\n<meta name=\"robots\" content=\"index, follow, max-snippet:-1, max-image-preview:large, max-video-preview:-1\" \/>\n<link rel=\"canonical\" href=\"https:\/\/www.keoutdoordesign.com\/it-it\/landing-sunlight\/grazie\/\" \/>\n<meta property=\"og:locale\" content=\"fr_FR\" \/>\n<meta property=\"og:type\" content=\"article\" \/>\n<meta property=\"og:title\" content=\"Merci\" \/>\n<meta property=\"og:description\" content=\"Merci! Nous avons re\u00e7u votre demande. Nous vous contacterons dans les plus brefs d\u00e9lais avec la r\u00e9ponse \u00e0 vos besoins.&hellip;\" \/>\n<meta property=\"og:url\" content=\"https:\/\/www.keoutdoordesign.com\/it-it\/landing-sunlight\/grazie\/\" \/>\n<meta property=\"og:site_name\" content=\"KE Outdoor Design\" \/>\n<meta property=\"article:publisher\" content=\"https:\/\/www.facebook.com\/keoutdoordesign.us\" \/>\n<meta property=\"article:modified_time\" content=\"2024-09-27T10:58:24+00:00\" \/>\n<meta property=\"og:image\" content=\"https:\/\/www.keoutdoordesign.com\/wp-content\/uploads\/elementor\/thumbs\/logo-ke-black-qp5o11ygnczhd2e1aueu2h5je382ehigvsp5rwfbbm.png\" \/>\n<meta name=\"twitter:card\" content=\"summary_large_image\" \/>\n<meta name=\"twitter:site\" content=\"@keoutdoordesign\" \/>\n<script type=\"application\/ld+json\" class=\"yoast-schema-graph\">{\"@context\":\"https:\\\/\\\/schema.org\",\"@graph\":[{\"@type\":\"WebPage\",\"@id\":\"https:\\\/\\\/www.keoutdoordesign.com\\\/it-it\\\/landing-sunlight\\\/grazie\\\/\",\"url\":\"https:\\\/\\\/www.keoutdoordesign.com\\\/it-it\\\/landing-sunlight\\\/grazie\\\/\",\"name\":\"Merci -\",\"isPartOf\":{\"@id\":\"https:\\\/\\\/www.keoutdoordesign.com\\\/it-it\\\/#website\"},\"primaryImageOfPage\":{\"@id\":\"https:\\\/\\\/www.keoutdoordesign.com\\\/it-it\\\/landing-sunlight\\\/grazie\\\/#primaryimage\"},\"image\":{\"@id\":\"https:\\\/\\\/www.keoutdoordesign.com\\\/it-it\\\/landing-sunlight\\\/grazie\\\/#primaryimage\"},\"thumbnailUrl\":\"https:\\\/\\\/www.keoutdoordesign.com\\\/wp-content\\\/uploads\\\/elementor\\\/thumbs\\\/logo-ke-black-qp5o11ygnczhd2e1aueu2h5je382ehigvsp5rwfbbm.png\",\"datePublished\":\"2024-06-04T09:06:58+00:00\",\"dateModified\":\"2024-09-27T10:58:24+00:00\",\"breadcrumb\":{\"@id\":\"https:\\\/\\\/www.keoutdoordesign.com\\\/it-it\\\/landing-sunlight\\\/grazie\\\/#breadcrumb\"},\"inLanguage\":\"fr-FR\",\"potentialAction\":[{\"@type\":\"ReadAction\",\"target\":[\"https:\\\/\\\/www.keoutdoordesign.com\\\/it-it\\\/landing-sunlight\\\/grazie\\\/\"]}]},{\"@type\":\"ImageObject\",\"inLanguage\":\"fr-FR\",\"@id\":\"https:\\\/\\\/www.keoutdoordesign.com\\\/it-it\\\/landing-sunlight\\\/grazie\\\/#primaryimage\",\"url\":\"https:\\\/\\\/www.keoutdoordesign.com\\\/wp-content\\\/uploads\\\/elementor\\\/thumbs\\\/logo-ke-black-qp5o11ygnczhd2e1aueu2h5je382ehigvsp5rwfbbm.png\",\"contentUrl\":\"https:\\\/\\\/www.keoutdoordesign.com\\\/wp-content\\\/uploads\\\/elementor\\\/thumbs\\\/logo-ke-black-qp5o11ygnczhd2e1aueu2h5je382ehigvsp5rwfbbm.png\"},{\"@type\":\"BreadcrumbList\",\"@id\":\"https:\\\/\\\/www.keoutdoordesign.com\\\/it-it\\\/landing-sunlight\\\/grazie\\\/#breadcrumb\",\"itemListElement\":[{\"@type\":\"ListItem\",\"position\":1,\"name\":\"Home\",\"item\":\"https:\\\/\\\/www.keoutdoordesign.com\\\/fr-fr\\\/\"},{\"@type\":\"ListItem\",\"position\":2,\"name\":\"Landing sunlight\",\"item\":\"https:\\\/\\\/www.keoutdoordesign.com\\\/it-it\\\/landing-sunlight\\\/\"},{\"@type\":\"ListItem\",\"position\":3,\"name\":\"Merci\"}]},{\"@type\":\"WebSite\",\"@id\":\"https:\\\/\\\/www.keoutdoordesign.com\\\/it-it\\\/#website\",\"url\":\"https:\\\/\\\/www.keoutdoordesign.com\\\/it-it\\\/\",\"name\":\"KE Outdoor Design\",\"description\":\"Un nuovo sito targato WordPress\",\"publisher\":{\"@id\":\"https:\\\/\\\/www.keoutdoordesign.com\\\/it-it\\\/#organization\"},\"potentialAction\":[{\"@type\":\"SearchAction\",\"target\":{\"@type\":\"EntryPoint\",\"urlTemplate\":\"https:\\\/\\\/www.keoutdoordesign.com\\\/it-it\\\/?s={search_term_string}\"},\"query-input\":{\"@type\":\"PropertyValueSpecification\",\"valueRequired\":true,\"valueName\":\"search_term_string\"}}],\"inLanguage\":\"fr-FR\"},{\"@type\":\"Organization\",\"@id\":\"https:\\\/\\\/www.keoutdoordesign.com\\\/it-it\\\/#organization\",\"name\":\"KE Outdoor Design\",\"url\":\"https:\\\/\\\/www.keoutdoordesign.com\\\/it-it\\\/\",\"logo\":{\"@type\":\"ImageObject\",\"inLanguage\":\"fr-FR\",\"@id\":\"https:\\\/\\\/www.keoutdoordesign.com\\\/it-it\\\/#\\\/schema\\\/logo\\\/image\\\/\",\"url\":\"https:\\\/\\\/www.keoutdoordesign.com\\\/wp-content\\\/uploads\\\/2020\\\/02\\\/KE-logo-Primary-e1591282842174.jpg\",\"contentUrl\":\"https:\\\/\\\/www.keoutdoordesign.com\\\/wp-content\\\/uploads\\\/2020\\\/02\\\/KE-logo-Primary-e1591282842174.jpg\",\"width\":500,\"height\":396,\"caption\":\"KE Outdoor Design\"},\"image\":{\"@id\":\"https:\\\/\\\/www.keoutdoordesign.com\\\/it-it\\\/#\\\/schema\\\/logo\\\/image\\\/\"},\"sameAs\":[\"https:\\\/\\\/www.facebook.com\\\/keoutdoordesign.us\",\"https:\\\/\\\/x.com\\\/keoutdoordesign\",\"https:\\\/\\\/www.facebook.com\\\/keoutdoordesign\",\"https:\\\/\\\/www.youtube.com\\\/channel\\\/UCSoMQryJpLqD53bAoZLg2Vg\",\"https:\\\/\\\/www.pinterest.it\\\/keoutdoordesign\\\/\",\"https:\\\/\\\/www.instagram.com\\\/keoutdoordesign\\\/\",\"https:\\\/\\\/www.linkedin.com\\\/company\\\/ke-outdoor-design\\\/\"]}]}<\/script>\n<!-- \/ Yoast SEO Premium plugin. -->","yoast_head_json":{"title":"Merci -","robots":{"index":"index","follow":"follow","max-snippet":"max-snippet:-1","max-image-preview":"max-image-preview:large","max-video-preview":"max-video-preview:-1"},"canonical":"https:\/\/www.keoutdoordesign.com\/it-it\/landing-sunlight\/grazie\/","og_locale":"fr_FR","og_type":"article","og_title":"Merci","og_description":"Merci! Nous avons re\u00e7u votre demande. Nous vous contacterons dans les plus brefs d\u00e9lais avec la r\u00e9ponse \u00e0 vos besoins.&hellip;","og_url":"https:\/\/www.keoutdoordesign.com\/it-it\/landing-sunlight\/grazie\/","og_site_name":"KE Outdoor Design","article_publisher":"https:\/\/www.facebook.com\/keoutdoordesign.us","article_modified_time":"2024-09-27T10:58:24+00:00","og_image":[{"url":"https:\/\/www.keoutdoordesign.com\/wp-content\/uploads\/elementor\/thumbs\/logo-ke-black-qp5o11ygnczhd2e1aueu2h5je382ehigvsp5rwfbbm.png","type":"","width":"","height":""}],"twitter_card":"summary_large_image","twitter_site":"@keoutdoordesign","schema":{"@context":"https:\/\/schema.org","@graph":[{"@type":"WebPage","@id":"https:\/\/www.keoutdoordesign.com\/it-it\/landing-sunlight\/grazie\/","url":"https:\/\/www.keoutdoordesign.com\/it-it\/landing-sunlight\/grazie\/","name":"Merci -","isPartOf":{"@id":"https:\/\/www.keoutdoordesign.com\/it-it\/#website"},"primaryImageOfPage":{"@id":"https:\/\/www.keoutdoordesign.com\/it-it\/landing-sunlight\/grazie\/#primaryimage"},"image":{"@id":"https:\/\/www.keoutdoordesign.com\/it-it\/landing-sunlight\/grazie\/#primaryimage"},"thumbnailUrl":"https:\/\/www.keoutdoordesign.com\/wp-content\/uploads\/elementor\/thumbs\/logo-ke-black-qp5o11ygnczhd2e1aueu2h5je382ehigvsp5rwfbbm.png","datePublished":"2024-06-04T09:06:58+00:00","dateModified":"2024-09-27T10:58:24+00:00","breadcrumb":{"@id":"https:\/\/www.keoutdoordesign.com\/it-it\/landing-sunlight\/grazie\/#breadcrumb"},"inLanguage":"fr-FR","potentialAction":[{"@type":"ReadAction","target":["https:\/\/www.keoutdoordesign.com\/it-it\/landing-sunlight\/grazie\/"]}]},{"@type":"ImageObject","inLanguage":"fr-FR","@id":"https:\/\/www.keoutdoordesign.com\/it-it\/landing-sunlight\/grazie\/#primaryimage","url":"https:\/\/www.keoutdoordesign.com\/wp-content\/uploads\/elementor\/thumbs\/logo-ke-black-qp5o11ygnczhd2e1aueu2h5je382ehigvsp5rwfbbm.png","contentUrl":"https:\/\/www.keoutdoordesign.com\/wp-content\/uploads\/elementor\/thumbs\/logo-ke-black-qp5o11ygnczhd2e1aueu2h5je382ehigvsp5rwfbbm.png"},{"@type":"BreadcrumbList","@id":"https:\/\/www.keoutdoordesign.com\/it-it\/landing-sunlight\/grazie\/#breadcrumb","itemListElement":[{"@type":"ListItem","position":1,"name":"Home","item":"https:\/\/www.keoutdoordesign.com\/fr-fr\/"},{"@type":"ListItem","position":2,"name":"Landing sunlight","item":"https:\/\/www.keoutdoordesign.com\/it-it\/landing-sunlight\/"},{"@type":"ListItem","position":3,"name":"Merci"}]},{"@type":"WebSite","@id":"https:\/\/www.keoutdoordesign.com\/it-it\/#website","url":"https:\/\/www.keoutdoordesign.com\/it-it\/","name":"KE Outdoor Design","description":"Un nuovo sito targato WordPress","publisher":{"@id":"https:\/\/www.keoutdoordesign.com\/it-it\/#organization"},"potentialAction":[{"@type":"SearchAction","target":{"@type":"EntryPoint","urlTemplate":"https:\/\/www.keoutdoordesign.com\/it-it\/?s={search_term_string}"},"query-input":{"@type":"PropertyValueSpecification","valueRequired":true,"valueName":"search_term_string"}}],"inLanguage":"fr-FR"},{"@type":"Organization","@id":"https:\/\/www.keoutdoordesign.com\/it-it\/#organization","name":"KE Outdoor Design","url":"https:\/\/www.keoutdoordesign.com\/it-it\/","logo":{"@type":"ImageObject","inLanguage":"fr-FR","@id":"https:\/\/www.keoutdoordesign.com\/it-it\/#\/schema\/logo\/image\/","url":"https:\/\/www.keoutdoordesign.com\/wp-content\/uploads\/2020\/02\/KE-logo-Primary-e1591282842174.jpg","contentUrl":"https:\/\/www.keoutdoordesign.com\/wp-content\/uploads\/2020\/02\/KE-logo-Primary-e1591282842174.jpg","width":500,"height":396,"caption":"KE Outdoor Design"},"image":{"@id":"https:\/\/www.keoutdoordesign.com\/it-it\/#\/schema\/logo\/image\/"},"sameAs":["https:\/\/www.facebook.com\/keoutdoordesign.us","https:\/\/x.com\/keoutdoordesign","https:\/\/www.facebook.com\/keoutdoordesign","https:\/\/www.youtube.com\/channel\/UCSoMQryJpLqD53bAoZLg2Vg","https:\/\/www.pinterest.it\/keoutdoordesign\/","https:\/\/www.instagram.com\/keoutdoordesign\/","https:\/\/www.linkedin.com\/company\/ke-outdoor-design\/"]}]}},"_links":{"self":[{"href":"https:\/\/www.keoutdoordesign.com\/fr-fr\/wp-json\/wp\/v2\/pages\/97975","targetHints":{"allow":["GET"]}}],"collection":[{"href":"https:\/\/www.keoutdoordesign.com\/fr-fr\/wp-json\/wp\/v2\/pages"}],"about":[{"href":"https:\/\/www.keoutdoordesign.com\/fr-fr\/wp-json\/wp\/v2\/types\/page"}],"author":[{"embeddable":true,"href":"https:\/\/www.keoutdoordesign.com\/fr-fr\/wp-json\/wp\/v2\/users\/10608"}],"replies":[{"embeddable":true,"href":"https:\/\/www.keoutdoordesign.com\/fr-fr\/wp-json\/wp\/v2\/comments?post=97975"}],"version-history":[{"count":5,"href":"https:\/\/www.keoutdoordesign.com\/fr-fr\/wp-json\/wp\/v2\/pages\/97975\/revisions"}],"predecessor-version":[{"id":99626,"href":"https:\/\/www.keoutdoordesign.com\/fr-fr\/wp-json\/wp\/v2\/pages\/97975\/revisions\/99626"}],"up":[{"embeddable":true,"href":"https:\/\/www.keoutdoordesign.com\/fr-fr\/wp-json\/wp\/v2\/pages\/77798"}],"wp:attachment":[{"href":"https:\/\/www.keoutdoordesign.com\/fr-fr\/wp-json\/wp\/v2\/media?parent=97975"}],"curies":[{"name":"wp","href":"https:\/\/api.w.org\/{rel}","templated":true}]}}