{"id":9590,"date":"2019-06-24T10:51:48","date_gmt":"2019-06-24T08:51:48","guid":{"rendered":"http:\/\/ke.itpowernet.it\/?page_id=9590"},"modified":"2022-06-28T14:50:07","modified_gmt":"2022-06-28T12:50:07","slug":"la-philosophie-green-de-ke","status":"publish","type":"page","link":"https:\/\/www.keoutdoordesign.com\/fr-fr\/entreprise\/la-philosophie-green-de-ke\/","title":{"rendered":"La philosophie Green de KE"},"content":{"rendered":"<p>Passer du temps en plein air, \u00e0 l&rsquo;ext\u00e9rieur de la maison &#8211; qu&rsquo;il s&rsquo;agisse d&rsquo;une terrasse ou d&rsquo;un jardin &#8211; nous permet de maintenir le contact avec la nature et avec notre <strong>\u00e2me plus \u00ab verte \u00bb. <\/strong>C&rsquo;est pour cela que nous avons opt\u00e9 pour une \u00e9co-conception des stores.<\/p>\n<p>Depuis toujours KE a une attention toute particuli\u00e8re au th\u00e8me de la <strong>durabilit\u00e9 environnementale<\/strong> et \u00e0 l&rsquo;utilisation de <strong>ressources renouvelables et sures<\/strong>, en respectant au maximum l&rsquo;environnement qui l&rsquo;entoure.<\/p>\n<p>Examinons quelques exemples concrets\u00a0:<\/p>\n<p>&nbsp;<\/p>\n<ul>\n<li>\n<h4><strong>L&rsquo;utilisation de l&rsquo;aluminium, un mat\u00e9riel permanent<\/strong><\/h4>\n<\/li>\n<\/ul>\n<p>R\u00e9cemment le concept de<strong> mat\u00e9riel permanant <\/strong>a \u00e9t\u00e9 introduit, c&rsquo;est \u00e0 dire un mat\u00e9riau qui ne s&rsquo;use pas, un mat\u00e9riau qui s&rsquo;utilise et se r\u00e9utilise \u00e0 l&rsquo;infini. L&rsquo;aluminium est un m\u00e9tal d&rsquo;utilisation commune &#8211; \u00e0 partir du XIXe si\u00e8cle il commence \u00e0 \u00eatre extrait de la bauxite &#8211; qui est utilis\u00e9 pour des secteurs compl\u00e8tement diff\u00e9rents (constructions, biens de consommation, transports, emballages&#8230;) pour sa ductilit\u00e9 et sa r\u00e9sistance.<\/p>\n<p>Ces derni\u00e8res ann\u00e9es une grande attention a \u00e9t\u00e9 port\u00e9e sur l&rsquo;\u00e9co-conception des stores avec notamment le <strong>recyclage des ressources existantes en aluminium.<\/strong> Avec pour but d&rsquo;\u00e9conomiser de grandes quantit\u00e9s d&rsquo;eau et d&rsquo;\u00e9nergie utilis\u00e9es pour l&rsquo;extraction et la transformation. Et pour fermer le cycle de vie de ce m\u00e9tal qui est recyclable \u00e0 100% et ce \u00e0 l&rsquo;infini.<\/p>\n<p>Pour nos protections solaires <strong>nous avons choisi l&rsquo;aluminium parce que :<\/strong><\/p>\n<ul>\n<li>Il peut \u00eatre recycl\u00e9 sans aucune perte de ses propri\u00e9t\u00e9s et avec un impact environnemental r\u00e9duit<\/li>\n<li>Il est recycl\u00e9 en boucle ferm\u00e9e car il peut \u00eatre r\u00e9utilis\u00e9 \u00e0 l&rsquo;infini<\/li>\n<li>C&rsquo;est une ressource toujours disponible<\/li>\n<\/ul>\n<p>Pour ces raisons les stores et les pergolas KE sont r\u00e9alis\u00e9s avec des <strong>composants en aluminium<\/strong>, la <strong>mati\u00e8re <em>green<\/em>\u00a0par excellence.<\/strong><\/p>\n<p>D\u00e9couvrez un <a href=\"https:\/\/entreprise-environnement.org\/recyclage-aluminium\/\">article<\/a> sur le recyclage de l&rsquo;aluminium.<\/p>\n<p>&nbsp;<\/p>\n<ul>\n<li>\n<h4><strong>R\u00e9utilisation des d\u00e9chets textiles pour atteindre de nouveaux objectifs de durabilit\u00e9<\/strong><\/h4>\n<\/li>\n<\/ul>\n<p>La dur\u00e9e de vie des fibres du tissu peut \u00e9galement \u00eatre prolong\u00e9e. Un aspect tr\u00e8s important pour KE, qui veut garantir \u00e0 ses clients un store ou une pergola enti\u00e8rement r\u00e9alis\u00e9e selon une perspective verte. <strong>Pour chaque store r\u00e9alis\u00e9, environ 10% du tissu devient un d\u00e9chet.<\/strong><\/p>\n<p>D&rsquo;o\u00f9 l&rsquo;id\u00e9e de cr\u00e9er un consortium entre les principaux fabricants de stores pour pouvoir collecter ces chutes et les r\u00e9utiliser pour cr\u00e9er <strong>une fibre r\u00e9g\u00e9n\u00e9r\u00e9e &#8211; Raytent de Giovanardi<\/strong> \u2013 il s\u2019agit de la premi\u00e8re fibre enti\u00e8rement r\u00e9alis\u00e9e \u00e0 partir de d\u00e9chets de toiles acryliques.<\/p>\n<p style=\"text-align: center;\"><img fetchpriority=\"high\" decoding=\"async\" class=\"alignnone size-medium wp-image-20100\" src=\"https:\/\/www.keoutdoordesign.com\/wp-content\/uploads\/2020\/04\/KE_prodotto_04_LOW-300x300.jpg\" alt=\"\" width=\"300\" height=\"300\" srcset=\"https:\/\/www.keoutdoordesign.com\/wp-content\/uploads\/2020\/04\/KE_prodotto_04_LOW-300x300.jpg 300w, https:\/\/www.keoutdoordesign.com\/wp-content\/uploads\/2020\/04\/KE_prodotto_04_LOW-150x150.jpg 150w, https:\/\/www.keoutdoordesign.com\/wp-content\/uploads\/2020\/04\/KE_prodotto_04_LOW-768x768.jpg 768w, https:\/\/www.keoutdoordesign.com\/wp-content\/uploads\/2020\/04\/KE_prodotto_04_LOW-1024x1024.jpg 1024w, https:\/\/www.keoutdoordesign.com\/wp-content\/uploads\/2020\/04\/KE_prodotto_04_LOW.jpg 1200w\" sizes=\"(max-width: 300px) 100vw, 300px\" \/><\/p>\n<p>Le tissu Raytent est compos\u00e9 \u00e0 100% de fibres acryliques teint\u00e9es dans la masse (PC), dont 50% provient du recyclage m\u00e9canique des d\u00e9chets de fabrication constitu\u00e9s de tissus acryliques teint\u00e9s en masse (PC), con\u00e7us selon les principes de l&rsquo;\u00e9conomie verte pour limiter l&rsquo;impact environnemental , \u00e0 la fois pour <strong>r\u00e9duire les \u00e9missions de CO2 et pour r\u00e9duire l&rsquo;utilisation de produits chimiques et d&rsquo;eau dans la phase de production.<\/strong><\/p>\n<p>KE adopte et partage cet engagement dans la recherche de nouvelles solutions pour une cha\u00eene de production de plus en plus consciente, plus proche des th\u00e8mes de la <strong>durabilit\u00e9<\/strong> et de l&rsquo;<strong>\u00e9conomie circulaire<\/strong>, tout en garantissant une performance maximale et une attention aux d\u00e9tails pour chacune de ses solutions d&rsquo;ext\u00e9rieur.<\/p>\n<p>&nbsp;<\/p>\n<ul>\n<li>\n<h4><strong>La certification ISO 14001<\/strong><\/h4>\n<\/li>\n<\/ul>\n<p>KE est <strong>certifi\u00e9e ISO 14001<\/strong> pour la gestion de la durabilit\u00e9 dans le but de contr\u00f4ler les impacts environnementaux de nos activit\u00e9s. Et ce en recherchant syst\u00e9matiquement une am\u00e9lioration de mani\u00e8re coh\u00e9rente, efficace et surtout durable.<\/p>\n<p>Certains des aspects impliqu\u00e9s par la certification sont les \u00e9missions dans atmosph\u00e8re (par exemples des installations de soudure ou de peinture), l&rsquo;\u00e9vacuation des eaux, les substances dangereuses (\u00e9tiquette conforme, s\u00e9curit\u00e9 du transport, etc.), les d\u00e9chets dangereux (par ex. huiles us\u00e9es, d\u00e9chets de peinture, etc.).<\/p>\n<p>Le fait que notre travail soit caract\u00e9ris\u00e9 par le <strong>plus grand soin en ce qui concerne le territoire et l&rsquo;environnement <\/strong>est une s\u00e9curit\u00e9 suppl\u00e9mentaire.<\/p>\n<p>&nbsp;<\/p>\n<ul>\n<li>\n<h4><strong>Collecte DEEE pour optimiser les d\u00e9chets.<\/strong><\/h4>\n<\/li>\n<\/ul>\n<p>KE, en tant qu&rsquo;entreprise de BAT Group, est inscrite au <strong>circuit de recyclage des DEEE<\/strong> (recyclage des D\u00e9chets d&rsquo;\u00c9quipements \u00c9lectriques et \u00c9lectroniques). De quoi s&rsquo;agit-il\u00a0?<\/p>\n<p>Les probl\u00e8mes principaux concernant l&rsquo;\u00e9limination de ces d\u00e9chets d\u00e9rivent du type de mat\u00e9riel qui les composent\u00a0: plomb, mercure, plastique, cuivre, fer. etc.<\/p>\n<p>C&rsquo;est pour cette raison que nous nous sommes appuy\u00e9s \u00e0 un consortium sp\u00e9cialis\u00e9 qui traite ces d\u00e9chets avec des \u00e9quipements adapt\u00e9s. Et ce en minimisant leur impact environnemental et en contribuant \u00e0 r\u00e9utiliser les ressources de ces objets mis au rebut qui peuvent \u00eatre r\u00e9cup\u00e9r\u00e9es.<\/p>\n<p>&nbsp;<\/p>\n<p>Optez pour l&rsquo;\u00e9co-conception, un nouveau mode de fabrication \u00e9cologique pour vos stores pour profiter pleinement de l&rsquo;ext\u00e9rieur tout en le pr\u00e9servant.<\/p>\n","protected":false},"excerpt":{"rendered":"<p>Passer du temps en plein air, \u00e0 l&rsquo;ext\u00e9rieur de la maison &#8211; qu&rsquo;il s&rsquo;agisse d&rsquo;une terrasse ou d&rsquo;un jardin &#8211;&hellip;<\/p>\n","protected":false},"author":10608,"featured_media":20153,"parent":3833,"menu_order":0,"comment_status":"closed","ping_status":"closed","template":"","meta":{"_acf_changed":false,"footnotes":""},"class_list":["post-9590","page","type-page","status-publish","has-post-thumbnail","hentry"],"acf":[],"yoast_head":"<!-- This site is optimized with the Yoast SEO Premium plugin v20.12 (Yoast SEO v27.3) - https:\/\/yoast.com\/product\/yoast-seo-premium-wordpress\/ -->\n<title>La philosophie Green de KE<\/title>\n<meta name=\"description\" content=\"\u00e9co-conception des stores KE : Conscients de l&#039;importance environnementale nous choisissons de vous offrir un produit aussi innovant &amp; durable que nos valeurs\" \/>\n<meta name=\"robots\" content=\"index, follow, max-snippet:-1, max-image-preview:large, max-video-preview:-1\" \/>\n<link rel=\"canonical\" href=\"https:\/\/www.keoutdoordesign.com\/fr-fr\/entreprise\/la-philosophie-green-de-ke\/\" \/>\n<meta property=\"og:locale\" content=\"fr_FR\" \/>\n<meta property=\"og:type\" content=\"article\" \/>\n<meta property=\"og:title\" content=\"La philosophie Green de KE\" \/>\n<meta property=\"og:description\" content=\"\u00e9co-conception des stores KE : Conscients de l&#039;importance environnementale nous choisissons de vous offrir un produit aussi innovant &amp; durable que nos valeurs\" \/>\n<meta property=\"og:url\" content=\"https:\/\/www.keoutdoordesign.com\/fr-fr\/entreprise\/la-philosophie-green-de-ke\/\" \/>\n<meta property=\"og:site_name\" content=\"KE Outdoor Design\" \/>\n<meta property=\"article:publisher\" content=\"https:\/\/www.facebook.com\/keoutdoordesign.us\" \/>\n<meta property=\"article:modified_time\" content=\"2022-06-28T12:50:07+00:00\" \/>\n<meta property=\"og:image\" content=\"https:\/\/www.keoutdoordesign.com\/wp-content\/uploads\/2020\/04\/KE_cover_green_02.jpg\" \/>\n\t<meta property=\"og:image:width\" content=\"1400\" \/>\n\t<meta property=\"og:image:height\" content=\"650\" \/>\n\t<meta property=\"og:image:type\" content=\"image\/jpeg\" \/>\n<meta name=\"twitter:card\" content=\"summary_large_image\" \/>\n<meta name=\"twitter:site\" content=\"@keoutdoordesign\" \/>\n<script type=\"application\/ld+json\" class=\"yoast-schema-graph\">{\"@context\":\"https:\\\/\\\/schema.org\",\"@graph\":[{\"@type\":\"WebPage\",\"@id\":\"https:\\\/\\\/www.keoutdoordesign.com\\\/fr-fr\\\/entreprise\\\/la-philosophie-green-de-ke\\\/\",\"url\":\"https:\\\/\\\/www.keoutdoordesign.com\\\/fr-fr\\\/entreprise\\\/la-philosophie-green-de-ke\\\/\",\"name\":\"La philosophie Green de KE\",\"isPartOf\":{\"@id\":\"https:\\\/\\\/www.keoutdoordesign.com\\\/it-it\\\/#website\"},\"primaryImageOfPage\":{\"@id\":\"https:\\\/\\\/www.keoutdoordesign.com\\\/fr-fr\\\/entreprise\\\/la-philosophie-green-de-ke\\\/#primaryimage\"},\"image\":{\"@id\":\"https:\\\/\\\/www.keoutdoordesign.com\\\/fr-fr\\\/entreprise\\\/la-philosophie-green-de-ke\\\/#primaryimage\"},\"thumbnailUrl\":\"https:\\\/\\\/www.keoutdoordesign.com\\\/wp-content\\\/uploads\\\/2020\\\/04\\\/KE_cover_green_02.jpg\",\"datePublished\":\"2019-06-24T08:51:48+00:00\",\"dateModified\":\"2022-06-28T12:50:07+00:00\",\"description\":\"\u00e9co-conception des stores KE : Conscients de l'importance environnementale nous choisissons de vous offrir un produit aussi innovant & durable que nos valeurs\",\"breadcrumb\":{\"@id\":\"https:\\\/\\\/www.keoutdoordesign.com\\\/fr-fr\\\/entreprise\\\/la-philosophie-green-de-ke\\\/#breadcrumb\"},\"inLanguage\":\"fr-FR\",\"potentialAction\":[{\"@type\":\"ReadAction\",\"target\":[\"https:\\\/\\\/www.keoutdoordesign.com\\\/fr-fr\\\/entreprise\\\/la-philosophie-green-de-ke\\\/\"]}]},{\"@type\":\"ImageObject\",\"inLanguage\":\"fr-FR\",\"@id\":\"https:\\\/\\\/www.keoutdoordesign.com\\\/fr-fr\\\/entreprise\\\/la-philosophie-green-de-ke\\\/#primaryimage\",\"url\":\"https:\\\/\\\/www.keoutdoordesign.com\\\/wp-content\\\/uploads\\\/2020\\\/04\\\/KE_cover_green_02.jpg\",\"contentUrl\":\"https:\\\/\\\/www.keoutdoordesign.com\\\/wp-content\\\/uploads\\\/2020\\\/04\\\/KE_cover_green_02.jpg\",\"width\":1400,\"height\":650,\"caption\":\"KE Outdoor Cover\"},{\"@type\":\"BreadcrumbList\",\"@id\":\"https:\\\/\\\/www.keoutdoordesign.com\\\/fr-fr\\\/entreprise\\\/la-philosophie-green-de-ke\\\/#breadcrumb\",\"itemListElement\":[{\"@type\":\"ListItem\",\"position\":1,\"name\":\"Home\",\"item\":\"https:\\\/\\\/www.keoutdoordesign.com\\\/fr-fr\\\/\"},{\"@type\":\"ListItem\",\"position\":2,\"name\":\"Entreprise\",\"item\":\"https:\\\/\\\/www.keoutdoordesign.com\\\/fr-fr\\\/entreprise\\\/\"},{\"@type\":\"ListItem\",\"position\":3,\"name\":\"La philosophie Green de KE\"}]},{\"@type\":\"WebSite\",\"@id\":\"https:\\\/\\\/www.keoutdoordesign.com\\\/it-it\\\/#website\",\"url\":\"https:\\\/\\\/www.keoutdoordesign.com\\\/it-it\\\/\",\"name\":\"KE Outdoor Design\",\"description\":\"Un nuovo sito targato WordPress\",\"publisher\":{\"@id\":\"https:\\\/\\\/www.keoutdoordesign.com\\\/it-it\\\/#organization\"},\"potentialAction\":[{\"@type\":\"SearchAction\",\"target\":{\"@type\":\"EntryPoint\",\"urlTemplate\":\"https:\\\/\\\/www.keoutdoordesign.com\\\/it-it\\\/?s={search_term_string}\"},\"query-input\":{\"@type\":\"PropertyValueSpecification\",\"valueRequired\":true,\"valueName\":\"search_term_string\"}}],\"inLanguage\":\"fr-FR\"},{\"@type\":\"Organization\",\"@id\":\"https:\\\/\\\/www.keoutdoordesign.com\\\/it-it\\\/#organization\",\"name\":\"KE Outdoor Design\",\"url\":\"https:\\\/\\\/www.keoutdoordesign.com\\\/it-it\\\/\",\"logo\":{\"@type\":\"ImageObject\",\"inLanguage\":\"fr-FR\",\"@id\":\"https:\\\/\\\/www.keoutdoordesign.com\\\/it-it\\\/#\\\/schema\\\/logo\\\/image\\\/\",\"url\":\"https:\\\/\\\/www.keoutdoordesign.com\\\/wp-content\\\/uploads\\\/2020\\\/02\\\/KE-logo-Primary-e1591282842174.jpg\",\"contentUrl\":\"https:\\\/\\\/www.keoutdoordesign.com\\\/wp-content\\\/uploads\\\/2020\\\/02\\\/KE-logo-Primary-e1591282842174.jpg\",\"width\":500,\"height\":396,\"caption\":\"KE Outdoor Design\"},\"image\":{\"@id\":\"https:\\\/\\\/www.keoutdoordesign.com\\\/it-it\\\/#\\\/schema\\\/logo\\\/image\\\/\"},\"sameAs\":[\"https:\\\/\\\/www.facebook.com\\\/keoutdoordesign.us\",\"https:\\\/\\\/x.com\\\/keoutdoordesign\",\"https:\\\/\\\/www.facebook.com\\\/keoutdoordesign\",\"https:\\\/\\\/www.youtube.com\\\/channel\\\/UCSoMQryJpLqD53bAoZLg2Vg\",\"https:\\\/\\\/www.pinterest.it\\\/keoutdoordesign\\\/\",\"https:\\\/\\\/www.instagram.com\\\/keoutdoordesign\\\/\",\"https:\\\/\\\/www.linkedin.com\\\/company\\\/ke-outdoor-design\\\/\"]}]}<\/script>\n<!-- \/ Yoast SEO Premium plugin. -->","yoast_head_json":{"title":"La philosophie Green de KE","description":"\u00e9co-conception des stores KE : Conscients de l'importance environnementale nous choisissons de vous offrir un produit aussi innovant & durable que nos valeurs","robots":{"index":"index","follow":"follow","max-snippet":"max-snippet:-1","max-image-preview":"max-image-preview:large","max-video-preview":"max-video-preview:-1"},"canonical":"https:\/\/www.keoutdoordesign.com\/fr-fr\/entreprise\/la-philosophie-green-de-ke\/","og_locale":"fr_FR","og_type":"article","og_title":"La philosophie Green de KE","og_description":"\u00e9co-conception des stores KE : Conscients de l'importance environnementale nous choisissons de vous offrir un produit aussi innovant & durable que nos valeurs","og_url":"https:\/\/www.keoutdoordesign.com\/fr-fr\/entreprise\/la-philosophie-green-de-ke\/","og_site_name":"KE Outdoor Design","article_publisher":"https:\/\/www.facebook.com\/keoutdoordesign.us","article_modified_time":"2022-06-28T12:50:07+00:00","og_image":[{"width":1400,"height":650,"url":"https:\/\/www.keoutdoordesign.com\/wp-content\/uploads\/2020\/04\/KE_cover_green_02.jpg","type":"image\/jpeg"}],"twitter_card":"summary_large_image","twitter_site":"@keoutdoordesign","schema":{"@context":"https:\/\/schema.org","@graph":[{"@type":"WebPage","@id":"https:\/\/www.keoutdoordesign.com\/fr-fr\/entreprise\/la-philosophie-green-de-ke\/","url":"https:\/\/www.keoutdoordesign.com\/fr-fr\/entreprise\/la-philosophie-green-de-ke\/","name":"La philosophie Green de KE","isPartOf":{"@id":"https:\/\/www.keoutdoordesign.com\/it-it\/#website"},"primaryImageOfPage":{"@id":"https:\/\/www.keoutdoordesign.com\/fr-fr\/entreprise\/la-philosophie-green-de-ke\/#primaryimage"},"image":{"@id":"https:\/\/www.keoutdoordesign.com\/fr-fr\/entreprise\/la-philosophie-green-de-ke\/#primaryimage"},"thumbnailUrl":"https:\/\/www.keoutdoordesign.com\/wp-content\/uploads\/2020\/04\/KE_cover_green_02.jpg","datePublished":"2019-06-24T08:51:48+00:00","dateModified":"2022-06-28T12:50:07+00:00","description":"\u00e9co-conception des stores KE : Conscients de l'importance environnementale nous choisissons de vous offrir un produit aussi innovant & durable que nos valeurs","breadcrumb":{"@id":"https:\/\/www.keoutdoordesign.com\/fr-fr\/entreprise\/la-philosophie-green-de-ke\/#breadcrumb"},"inLanguage":"fr-FR","potentialAction":[{"@type":"ReadAction","target":["https:\/\/www.keoutdoordesign.com\/fr-fr\/entreprise\/la-philosophie-green-de-ke\/"]}]},{"@type":"ImageObject","inLanguage":"fr-FR","@id":"https:\/\/www.keoutdoordesign.com\/fr-fr\/entreprise\/la-philosophie-green-de-ke\/#primaryimage","url":"https:\/\/www.keoutdoordesign.com\/wp-content\/uploads\/2020\/04\/KE_cover_green_02.jpg","contentUrl":"https:\/\/www.keoutdoordesign.com\/wp-content\/uploads\/2020\/04\/KE_cover_green_02.jpg","width":1400,"height":650,"caption":"KE Outdoor Cover"},{"@type":"BreadcrumbList","@id":"https:\/\/www.keoutdoordesign.com\/fr-fr\/entreprise\/la-philosophie-green-de-ke\/#breadcrumb","itemListElement":[{"@type":"ListItem","position":1,"name":"Home","item":"https:\/\/www.keoutdoordesign.com\/fr-fr\/"},{"@type":"ListItem","position":2,"name":"Entreprise","item":"https:\/\/www.keoutdoordesign.com\/fr-fr\/entreprise\/"},{"@type":"ListItem","position":3,"name":"La philosophie Green de KE"}]},{"@type":"WebSite","@id":"https:\/\/www.keoutdoordesign.com\/it-it\/#website","url":"https:\/\/www.keoutdoordesign.com\/it-it\/","name":"KE Outdoor Design","description":"Un nuovo sito targato WordPress","publisher":{"@id":"https:\/\/www.keoutdoordesign.com\/it-it\/#organization"},"potentialAction":[{"@type":"SearchAction","target":{"@type":"EntryPoint","urlTemplate":"https:\/\/www.keoutdoordesign.com\/it-it\/?s={search_term_string}"},"query-input":{"@type":"PropertyValueSpecification","valueRequired":true,"valueName":"search_term_string"}}],"inLanguage":"fr-FR"},{"@type":"Organization","@id":"https:\/\/www.keoutdoordesign.com\/it-it\/#organization","name":"KE Outdoor Design","url":"https:\/\/www.keoutdoordesign.com\/it-it\/","logo":{"@type":"ImageObject","inLanguage":"fr-FR","@id":"https:\/\/www.keoutdoordesign.com\/it-it\/#\/schema\/logo\/image\/","url":"https:\/\/www.keoutdoordesign.com\/wp-content\/uploads\/2020\/02\/KE-logo-Primary-e1591282842174.jpg","contentUrl":"https:\/\/www.keoutdoordesign.com\/wp-content\/uploads\/2020\/02\/KE-logo-Primary-e1591282842174.jpg","width":500,"height":396,"caption":"KE Outdoor Design"},"image":{"@id":"https:\/\/www.keoutdoordesign.com\/it-it\/#\/schema\/logo\/image\/"},"sameAs":["https:\/\/www.facebook.com\/keoutdoordesign.us","https:\/\/x.com\/keoutdoordesign","https:\/\/www.facebook.com\/keoutdoordesign","https:\/\/www.youtube.com\/channel\/UCSoMQryJpLqD53bAoZLg2Vg","https:\/\/www.pinterest.it\/keoutdoordesign\/","https:\/\/www.instagram.com\/keoutdoordesign\/","https:\/\/www.linkedin.com\/company\/ke-outdoor-design\/"]}]}},"_links":{"self":[{"href":"https:\/\/www.keoutdoordesign.com\/fr-fr\/wp-json\/wp\/v2\/pages\/9590","targetHints":{"allow":["GET"]}}],"collection":[{"href":"https:\/\/www.keoutdoordesign.com\/fr-fr\/wp-json\/wp\/v2\/pages"}],"about":[{"href":"https:\/\/www.keoutdoordesign.com\/fr-fr\/wp-json\/wp\/v2\/types\/page"}],"author":[{"embeddable":true,"href":"https:\/\/www.keoutdoordesign.com\/fr-fr\/wp-json\/wp\/v2\/users\/10608"}],"replies":[{"embeddable":true,"href":"https:\/\/www.keoutdoordesign.com\/fr-fr\/wp-json\/wp\/v2\/comments?post=9590"}],"version-history":[{"count":11,"href":"https:\/\/www.keoutdoordesign.com\/fr-fr\/wp-json\/wp\/v2\/pages\/9590\/revisions"}],"predecessor-version":[{"id":50730,"href":"https:\/\/www.keoutdoordesign.com\/fr-fr\/wp-json\/wp\/v2\/pages\/9590\/revisions\/50730"}],"up":[{"embeddable":true,"href":"https:\/\/www.keoutdoordesign.com\/fr-fr\/wp-json\/wp\/v2\/pages\/3833"}],"wp:featuredmedia":[{"embeddable":true,"href":"https:\/\/www.keoutdoordesign.com\/fr-fr\/wp-json\/wp\/v2\/media\/20153"}],"wp:attachment":[{"href":"https:\/\/www.keoutdoordesign.com\/fr-fr\/wp-json\/wp\/v2\/media?parent=9590"}],"curies":[{"name":"wp","href":"https:\/\/api.w.org\/{rel}","templated":true}]}}