{"id":8054,"date":"2019-06-13T17:20:07","date_gmt":"2019-06-13T15:20:07","guid":{"rendered":"http:\/\/ke.itpowernet.it\/?page_id=8054"},"modified":"2019-07-12T10:43:27","modified_gmt":"2019-07-12T08:43:27","slug":"design-et-qualite","status":"publish","type":"page","link":"https:\/\/www.keoutdoordesign.com\/fr-fr\/service\/design-et-qualite\/","title":{"rendered":"Design et qualit\u00e9"},"content":{"rendered":"<h3>Design et Qualit\u00e9 KE : notre diff\u00e9renciation!<\/h3>\n<p>Notre vocation pour la beaut\u00e9 nous rend curieux, exp\u00e9rimentateurs et capables d&rsquo;anticiper souvent les modes et les tendances. Travailler sur chaque projet de <strong>syst\u00e8mes de protection solaire et de pergolas design<\/strong> avec des architectes, des designers et des d\u00e9corateurs d&rsquo;ext\u00e9rieur constitue un d\u00e9fi permanent qui nous oblige toujours \u00e0 nous d\u00e9passer. Pour chaque projet, nous avons \u00e0 c\u0153ur de toujours trouver le meilleur moyen d&rsquo;am\u00e9liorer la fonctionnalit\u00e9, la performance et l&rsquo;esth\u00e9tique de nos produits, dans une combinaison constante de cr\u00e9ativit\u00e9 et de concret.<\/p>\n<p>Quel est le but de toutes ces <strong>recherches passionn\u00e9es<\/strong> ? De transformer les espaces ext\u00e9rieurs afin d&rsquo;\u00e9tonner et d&rsquo;accueillir l&rsquo;utilisateur final qui, sous nos stores et nos <strong>pergolas personnalis\u00e9s<\/strong>, vivra de petits moments de bien-\u00eatre et de joie.<\/p>\n<p>En tant que <strong>fabricant de store ext\u00e9rieur<\/strong>, nous aimons travailler en \u00e9troite collaboration avec les designers, les architectes et les artistes-d\u00e9corateurs car nous croyons que la transdisciplinarit\u00e9 cr\u00e9ative conduit \u00e0 d&rsquo;excellents r\u00e9sultats et \u00e0 des \u0153uvres remarquables.<\/p>\n<p>\u00c0 notre mani\u00e8re, avec nos <strong>solutions de protections solaires con\u00e7ues et fabriqu\u00e9es en Italie<\/strong>, nous souhaitons diffuser dans le monde entier un peu du savoir-faire traditionnel de notre pays et de la culture du Made in Italy. Et aussi un peu de notre beau soleil !<\/p>\n<p>Car, au final, qui mieux que nous est apte \u00e0 concevoir des stores et des pergolas faits pour apprivoiser le soleil ?<\/p>\n","protected":false},"excerpt":{"rendered":"<p>Design et Qualit\u00e9 KE : notre diff\u00e9renciation! Notre vocation pour la beaut\u00e9 nous rend curieux, exp\u00e9rimentateurs et capables d&rsquo;anticiper souvent&hellip;<\/p>\n","protected":false},"author":10608,"featured_media":0,"parent":8013,"menu_order":0,"comment_status":"closed","ping_status":"closed","template":"","meta":{"_acf_changed":false,"footnotes":""},"class_list":["post-8054","page","type-page","status-publish","hentry"],"acf":[],"yoast_head":"<!-- This site is optimized with the Yoast SEO Premium plugin v20.12 (Yoast SEO v27.3) - https:\/\/yoast.com\/product\/yoast-seo-premium-wordpress\/ -->\n<title>Design et qualit\u00e9 -<\/title>\n<meta name=\"description\" content=\"La transdisciplinarit\u00e9 cr\u00e9ative conduit \u00e0 d&#039;excellents r\u00e9sultats et \u00e0 des \u0153uvres remarquables.But : am\u00e9liorer fonctionnalit\u00e9, performance et esth\u00e9tique.\" \/>\n<meta name=\"robots\" content=\"index, follow, max-snippet:-1, max-image-preview:large, max-video-preview:-1\" \/>\n<link rel=\"canonical\" href=\"https:\/\/www.keoutdoordesign.com\/fr-fr\/service\/design-et-qualite\/\" \/>\n<meta property=\"og:locale\" content=\"fr_FR\" \/>\n<meta property=\"og:type\" content=\"article\" \/>\n<meta property=\"og:title\" content=\"Design et qualit\u00e9\" \/>\n<meta property=\"og:description\" content=\"La transdisciplinarit\u00e9 cr\u00e9ative conduit \u00e0 d&#039;excellents r\u00e9sultats et \u00e0 des \u0153uvres remarquables.But : am\u00e9liorer fonctionnalit\u00e9, performance et esth\u00e9tique.\" \/>\n<meta property=\"og:url\" content=\"https:\/\/www.keoutdoordesign.com\/fr-fr\/service\/design-et-qualite\/\" \/>\n<meta property=\"og:site_name\" content=\"KE Outdoor Design\" \/>\n<meta property=\"article:publisher\" content=\"https:\/\/www.facebook.com\/keoutdoordesign.us\" \/>\n<meta property=\"article:modified_time\" content=\"2019-07-12T08:43:27+00:00\" \/>\n<meta property=\"og:image\" content=\"https:\/\/www.keoutdoordesign.com\/wp-content\/uploads\/2022\/06\/ke_logo.png\" \/>\n\t<meta property=\"og:image:width\" content=\"1260\" \/>\n\t<meta property=\"og:image:height\" content=\"630\" \/>\n\t<meta property=\"og:image:type\" content=\"image\/png\" \/>\n<meta name=\"twitter:card\" content=\"summary_large_image\" \/>\n<meta name=\"twitter:site\" content=\"@keoutdoordesign\" \/>\n<script type=\"application\/ld+json\" class=\"yoast-schema-graph\">{\"@context\":\"https:\\\/\\\/schema.org\",\"@graph\":[{\"@type\":\"WebPage\",\"@id\":\"https:\\\/\\\/www.keoutdoordesign.com\\\/fr-fr\\\/service\\\/design-et-qualite\\\/\",\"url\":\"https:\\\/\\\/www.keoutdoordesign.com\\\/fr-fr\\\/service\\\/design-et-qualite\\\/\",\"name\":\"Design et qualit\u00e9 -\",\"isPartOf\":{\"@id\":\"https:\\\/\\\/www.keoutdoordesign.com\\\/it-it\\\/#website\"},\"datePublished\":\"2019-06-13T15:20:07+00:00\",\"dateModified\":\"2019-07-12T08:43:27+00:00\",\"description\":\"La transdisciplinarit\u00e9 cr\u00e9ative conduit \u00e0 d'excellents r\u00e9sultats et \u00e0 des \u0153uvres remarquables.But : am\u00e9liorer fonctionnalit\u00e9, performance et esth\u00e9tique.\",\"breadcrumb\":{\"@id\":\"https:\\\/\\\/www.keoutdoordesign.com\\\/fr-fr\\\/service\\\/design-et-qualite\\\/#breadcrumb\"},\"inLanguage\":\"fr-FR\",\"potentialAction\":[{\"@type\":\"ReadAction\",\"target\":[\"https:\\\/\\\/www.keoutdoordesign.com\\\/fr-fr\\\/service\\\/design-et-qualite\\\/\"]}]},{\"@type\":\"BreadcrumbList\",\"@id\":\"https:\\\/\\\/www.keoutdoordesign.com\\\/fr-fr\\\/service\\\/design-et-qualite\\\/#breadcrumb\",\"itemListElement\":[{\"@type\":\"ListItem\",\"position\":1,\"name\":\"Home\",\"item\":\"https:\\\/\\\/www.keoutdoordesign.com\\\/fr-fr\\\/\"},{\"@type\":\"ListItem\",\"position\":2,\"name\":\"Service\",\"item\":\"https:\\\/\\\/www.keoutdoordesign.com\\\/fr-fr\\\/service\\\/\"},{\"@type\":\"ListItem\",\"position\":3,\"name\":\"Design et qualit\u00e9\"}]},{\"@type\":\"WebSite\",\"@id\":\"https:\\\/\\\/www.keoutdoordesign.com\\\/it-it\\\/#website\",\"url\":\"https:\\\/\\\/www.keoutdoordesign.com\\\/it-it\\\/\",\"name\":\"KE Outdoor Design\",\"description\":\"Un nuovo sito targato WordPress\",\"publisher\":{\"@id\":\"https:\\\/\\\/www.keoutdoordesign.com\\\/it-it\\\/#organization\"},\"potentialAction\":[{\"@type\":\"SearchAction\",\"target\":{\"@type\":\"EntryPoint\",\"urlTemplate\":\"https:\\\/\\\/www.keoutdoordesign.com\\\/it-it\\\/?s={search_term_string}\"},\"query-input\":{\"@type\":\"PropertyValueSpecification\",\"valueRequired\":true,\"valueName\":\"search_term_string\"}}],\"inLanguage\":\"fr-FR\"},{\"@type\":\"Organization\",\"@id\":\"https:\\\/\\\/www.keoutdoordesign.com\\\/it-it\\\/#organization\",\"name\":\"KE Outdoor Design\",\"url\":\"https:\\\/\\\/www.keoutdoordesign.com\\\/it-it\\\/\",\"logo\":{\"@type\":\"ImageObject\",\"inLanguage\":\"fr-FR\",\"@id\":\"https:\\\/\\\/www.keoutdoordesign.com\\\/it-it\\\/#\\\/schema\\\/logo\\\/image\\\/\",\"url\":\"https:\\\/\\\/www.keoutdoordesign.com\\\/wp-content\\\/uploads\\\/2020\\\/02\\\/KE-logo-Primary-e1591282842174.jpg\",\"contentUrl\":\"https:\\\/\\\/www.keoutdoordesign.com\\\/wp-content\\\/uploads\\\/2020\\\/02\\\/KE-logo-Primary-e1591282842174.jpg\",\"width\":500,\"height\":396,\"caption\":\"KE Outdoor Design\"},\"image\":{\"@id\":\"https:\\\/\\\/www.keoutdoordesign.com\\\/it-it\\\/#\\\/schema\\\/logo\\\/image\\\/\"},\"sameAs\":[\"https:\\\/\\\/www.facebook.com\\\/keoutdoordesign.us\",\"https:\\\/\\\/x.com\\\/keoutdoordesign\",\"https:\\\/\\\/www.facebook.com\\\/keoutdoordesign\",\"https:\\\/\\\/www.youtube.com\\\/channel\\\/UCSoMQryJpLqD53bAoZLg2Vg\",\"https:\\\/\\\/www.pinterest.it\\\/keoutdoordesign\\\/\",\"https:\\\/\\\/www.instagram.com\\\/keoutdoordesign\\\/\",\"https:\\\/\\\/www.linkedin.com\\\/company\\\/ke-outdoor-design\\\/\"]}]}<\/script>\n<!-- \/ Yoast SEO Premium plugin. -->","yoast_head_json":{"title":"Design et qualit\u00e9 -","description":"La transdisciplinarit\u00e9 cr\u00e9ative conduit \u00e0 d'excellents r\u00e9sultats et \u00e0 des \u0153uvres remarquables.But : am\u00e9liorer fonctionnalit\u00e9, performance et esth\u00e9tique.","robots":{"index":"index","follow":"follow","max-snippet":"max-snippet:-1","max-image-preview":"max-image-preview:large","max-video-preview":"max-video-preview:-1"},"canonical":"https:\/\/www.keoutdoordesign.com\/fr-fr\/service\/design-et-qualite\/","og_locale":"fr_FR","og_type":"article","og_title":"Design et qualit\u00e9","og_description":"La transdisciplinarit\u00e9 cr\u00e9ative conduit \u00e0 d'excellents r\u00e9sultats et \u00e0 des \u0153uvres remarquables.But : am\u00e9liorer fonctionnalit\u00e9, performance et esth\u00e9tique.","og_url":"https:\/\/www.keoutdoordesign.com\/fr-fr\/service\/design-et-qualite\/","og_site_name":"KE Outdoor Design","article_publisher":"https:\/\/www.facebook.com\/keoutdoordesign.us","article_modified_time":"2019-07-12T08:43:27+00:00","og_image":[{"width":1260,"height":630,"url":"https:\/\/www.keoutdoordesign.com\/wp-content\/uploads\/2022\/06\/ke_logo.png","type":"image\/png"}],"twitter_card":"summary_large_image","twitter_site":"@keoutdoordesign","schema":{"@context":"https:\/\/schema.org","@graph":[{"@type":"WebPage","@id":"https:\/\/www.keoutdoordesign.com\/fr-fr\/service\/design-et-qualite\/","url":"https:\/\/www.keoutdoordesign.com\/fr-fr\/service\/design-et-qualite\/","name":"Design et qualit\u00e9 -","isPartOf":{"@id":"https:\/\/www.keoutdoordesign.com\/it-it\/#website"},"datePublished":"2019-06-13T15:20:07+00:00","dateModified":"2019-07-12T08:43:27+00:00","description":"La transdisciplinarit\u00e9 cr\u00e9ative conduit \u00e0 d'excellents r\u00e9sultats et \u00e0 des \u0153uvres remarquables.But : am\u00e9liorer fonctionnalit\u00e9, performance et esth\u00e9tique.","breadcrumb":{"@id":"https:\/\/www.keoutdoordesign.com\/fr-fr\/service\/design-et-qualite\/#breadcrumb"},"inLanguage":"fr-FR","potentialAction":[{"@type":"ReadAction","target":["https:\/\/www.keoutdoordesign.com\/fr-fr\/service\/design-et-qualite\/"]}]},{"@type":"BreadcrumbList","@id":"https:\/\/www.keoutdoordesign.com\/fr-fr\/service\/design-et-qualite\/#breadcrumb","itemListElement":[{"@type":"ListItem","position":1,"name":"Home","item":"https:\/\/www.keoutdoordesign.com\/fr-fr\/"},{"@type":"ListItem","position":2,"name":"Service","item":"https:\/\/www.keoutdoordesign.com\/fr-fr\/service\/"},{"@type":"ListItem","position":3,"name":"Design et qualit\u00e9"}]},{"@type":"WebSite","@id":"https:\/\/www.keoutdoordesign.com\/it-it\/#website","url":"https:\/\/www.keoutdoordesign.com\/it-it\/","name":"KE Outdoor Design","description":"Un nuovo sito targato WordPress","publisher":{"@id":"https:\/\/www.keoutdoordesign.com\/it-it\/#organization"},"potentialAction":[{"@type":"SearchAction","target":{"@type":"EntryPoint","urlTemplate":"https:\/\/www.keoutdoordesign.com\/it-it\/?s={search_term_string}"},"query-input":{"@type":"PropertyValueSpecification","valueRequired":true,"valueName":"search_term_string"}}],"inLanguage":"fr-FR"},{"@type":"Organization","@id":"https:\/\/www.keoutdoordesign.com\/it-it\/#organization","name":"KE Outdoor Design","url":"https:\/\/www.keoutdoordesign.com\/it-it\/","logo":{"@type":"ImageObject","inLanguage":"fr-FR","@id":"https:\/\/www.keoutdoordesign.com\/it-it\/#\/schema\/logo\/image\/","url":"https:\/\/www.keoutdoordesign.com\/wp-content\/uploads\/2020\/02\/KE-logo-Primary-e1591282842174.jpg","contentUrl":"https:\/\/www.keoutdoordesign.com\/wp-content\/uploads\/2020\/02\/KE-logo-Primary-e1591282842174.jpg","width":500,"height":396,"caption":"KE Outdoor Design"},"image":{"@id":"https:\/\/www.keoutdoordesign.com\/it-it\/#\/schema\/logo\/image\/"},"sameAs":["https:\/\/www.facebook.com\/keoutdoordesign.us","https:\/\/x.com\/keoutdoordesign","https:\/\/www.facebook.com\/keoutdoordesign","https:\/\/www.youtube.com\/channel\/UCSoMQryJpLqD53bAoZLg2Vg","https:\/\/www.pinterest.it\/keoutdoordesign\/","https:\/\/www.instagram.com\/keoutdoordesign\/","https:\/\/www.linkedin.com\/company\/ke-outdoor-design\/"]}]}},"_links":{"self":[{"href":"https:\/\/www.keoutdoordesign.com\/fr-fr\/wp-json\/wp\/v2\/pages\/8054","targetHints":{"allow":["GET"]}}],"collection":[{"href":"https:\/\/www.keoutdoordesign.com\/fr-fr\/wp-json\/wp\/v2\/pages"}],"about":[{"href":"https:\/\/www.keoutdoordesign.com\/fr-fr\/wp-json\/wp\/v2\/types\/page"}],"author":[{"embeddable":true,"href":"https:\/\/www.keoutdoordesign.com\/fr-fr\/wp-json\/wp\/v2\/users\/10608"}],"replies":[{"embeddable":true,"href":"https:\/\/www.keoutdoordesign.com\/fr-fr\/wp-json\/wp\/v2\/comments?post=8054"}],"version-history":[{"count":4,"href":"https:\/\/www.keoutdoordesign.com\/fr-fr\/wp-json\/wp\/v2\/pages\/8054\/revisions"}],"predecessor-version":[{"id":12140,"href":"https:\/\/www.keoutdoordesign.com\/fr-fr\/wp-json\/wp\/v2\/pages\/8054\/revisions\/12140"}],"up":[{"embeddable":true,"href":"https:\/\/www.keoutdoordesign.com\/fr-fr\/wp-json\/wp\/v2\/pages\/8013"}],"wp:attachment":[{"href":"https:\/\/www.keoutdoordesign.com\/fr-fr\/wp-json\/wp\/v2\/media?parent=8054"}],"curies":[{"name":"wp","href":"https:\/\/api.w.org\/{rel}","templated":true}]}}