{"id":8011,"date":"2019-06-13T16:56:06","date_gmt":"2019-06-13T14:56:06","guid":{"rendered":"http:\/\/ke.itpowernet.it\/?page_id=8011"},"modified":"2024-12-04T09:33:18","modified_gmt":"2024-12-04T08:33:18","slug":"mentions-legales","status":"publish","type":"page","link":"https:\/\/www.keoutdoordesign.com\/fr-fr\/entreprise\/mentions-legales\/","title":{"rendered":"Mentions L\u00e9gales"},"content":{"rendered":"<h3><strong>Soci\u00e9t\u00e9 KE FRANCE<\/strong><\/h3>\n<p>SAS au capital de 687\u00a0500 \u20ac<br \/>\nSIRET : 521 406 355 000 29<br \/>\nTVA\u00a0: FR\u00a084\u00a0521\u00a0406\u00a0355<br \/>\nAPE\u00a0: 1392 Z<\/p>\n<h4><strong>Si\u00e8ge social:<\/strong><\/h4>\n<p>Route de Landouville<br \/>\n28170 Tremblay-les-Villages<br \/>\nFrance<br \/>\nMail\u00a0: service.client@kefrance.fr<\/p>\n<p><a href=\"https:\/\/www.keoutdoordesign.com\/fr\/\">www.keoutdoordesign.com\/fr\/<\/a><br \/>\nLes informations fournies dans ce site ne sont pas contractuelles. L&rsquo;utilisateur s&rsquo;engage \u00e0 utiliser le site tel quel et ne pourra en aucun cas effectuer de r\u00e9clamations concernant les informations fournies dans ce site. Les logos et slogans repris dans ce site sont la propri\u00e9t\u00e9 des d\u00e9posants respectifs.<\/p>\n<p>&nbsp;<\/p>\n<h4><strong>D\u00c9CLARATION CNIL<\/strong><\/h4>\n<p>Ce site a fait l\u2019objet d\u2019une d\u00e9claration aupr\u00e8s de la CNIL sous le num\u00e9ro 2066052v0. Les informations collect\u00e9es sur www.keoutdoordesign.com\/fr\/sont utilis\u00e9es uniquement dans le cadre l\u00e9gal pr\u00e9vu en France pour le respect de la vie priv\u00e9e. La soci\u00e9t\u00e9 KE FRANCE est le destinataire des donn\u00e9es. Conform\u00e9ment \u00e0 la loi \u00ab informatique et libert\u00e9s \u00bb du 6 janvier 1978 modifi\u00e9e, vous b\u00e9n\u00e9ficiez d\u2019un droit d\u2019acc\u00e8s, de rectification, de suppression des informations qui vous concernent, que vous pouvez exercer en vous adressant \u00e0 <a href=\"mailto:service.clients@kefrance.fr\">service.clients@kefrance.fr<\/a><\/p>\n<p>Plus d\u2019informations sur\u00a0: <a href=\"https:\/\/www.cnil.fr\/\">www.cnil.fr<\/a><\/p>\n<p>&nbsp;<\/p>\n<h4><strong>PROPRI\u00c9T\u00c9<\/strong><\/h4>\n<p>L\u2019ensemble de ce site est r\u00e9gi par la l\u00e9gislation fran\u00e7aise sur le droit d\u2019auteur et la propri\u00e9t\u00e9 intellectuelle. Le contenu du site, incluant, de fa\u00e7on non limitative, les images, graphismes, textes, vid\u00e9os, logos, et ic\u00f4nes sont la propri\u00e9t\u00e9 exclusive de la soci\u00e9t\u00e9 KE FRANCE \u00e0 l\u2019exception des marques, logos ou contenus appartenant \u00e0 d\u2019autres soci\u00e9t\u00e9s partenaires ou auteurs.<\/p>\n<p>La reproduction, la repr\u00e9sentation, le transfert, la distribution, ou l\u2019enregistrement de tout ou partie de ces \u00e9l\u00e9ments est formellement interdite sans l\u2019autorisation expresse de la soci\u00e9t\u00e9 KE FRANCE.<\/p>\n<p><em>\u00a0<\/em><\/p>\n<h4><b>RESPONSABILIT\u00c9<\/b><\/h4>\n<p>Bien qu&rsquo;un soin particulier ait \u00e9t\u00e9 apport\u00e9 \u00e0 la r\u00e9alisation et au contenu de ce site, KE FRANCE ne saurait \u00eatre tenu pour responsable de l&rsquo;inexactitude des informations diffus\u00e9es sur ce site ou du contenu d&rsquo;autres sites pour lesquels des liens auraient \u00e9t\u00e9 \u00e9tablis \u00e0 partir de ce serveur, ainsi que de leur utilisation par le lecteur.<\/p>\n<p>L&rsquo;utilisation des documents (tels que les fiches techniques, les communiqu\u00e9s de presse, \u2026) affich\u00e9s sur ce site web est autoris\u00e9e \u00e0 condition (1) que la mention de copyright ci-apr\u00e8s apparaisse sur toutes les copies, (2) que ces documents soient utilis\u00e9s exclusivement \u00e0 des fins d&rsquo;information et non \u00e0 des fins commerciales et qu&rsquo;ils ne soient pas copi\u00e9s ou affich\u00e9s sur un r\u00e9seau informatique ou diffus\u00e9s sur quelque media que ce soit et (3) qu&rsquo;il n&rsquo;y soit apport\u00e9 aucune modification. Toute utilisation \u00e0 une autre fin est express\u00e9ment interdite et expose \u00e0 de graves sanctions civiles et p\u00e9nales.<\/p>\n<p>L&rsquo;autorisation susmentionn\u00e9e d&rsquo;utilisation des documents n&rsquo;inclut pas le graphisme ou le logo du site web de KE FRANCE ni de tout autre site dont KE FRANCE est propri\u00e9taire ou qu&rsquo;il contr\u00f4le. Les \u00e9l\u00e9ments du site web de KE FRANCE sont prot\u00e9g\u00e9s par la loi et ne peuvent \u00eatre ni copi\u00e9s ni contrefaits totalement ou partiellement. Aucun logo, graphisme ou image d&rsquo;un site web KE FRANCE ne peut \u00eatre copi\u00e9 ou retransmis sans l&rsquo;accord express de KE FRANCE.<\/p>\n<p>L\u2019utilisation du site se fait \u00e0 vos propres risques. Bien que KE FRANCE s\u2019efforce d\u2019assurer au mieux l\u2019exactitude des informations diffus\u00e9es, KE FRANCE ne peut garantir l\u2019exactitude, la v\u00e9racit\u00e9 ou la compl\u00e9tude des informations post\u00e9es sur le site et\/ou \u00e0 propos des commentaires que ces informations peuvent susciter.<\/p>\n<p>Par cons\u00e9quent, KE FRANCE exclut toute responsabilit\u00e9 pour n\u2019importe quel pr\u00e9judice caus\u00e9 directement et\/ou indirectement, de quelque fa\u00e7on que ce soit, du fait de l\u2019utilisation du site. Notamment, KE FRANCE ne sera en aucun cas responsable d\u2019un quelconque pr\u00e9judice, caus\u00e9 par :<\/p>\n<ul>\n<li>des faits et actions des tiers ;<\/li>\n<li>l\u2019impossibilit\u00e9 d\u2019utiliser le site ;<\/li>\n<li>l\u2019utilisation irr\u00e9guli\u00e8re du site et\/ou des syst\u00e8mes informatiques de KE FRANCE par un tiers.<\/li>\n<\/ul>\n<p>&nbsp;<\/p>\n<h4><strong>COPYRIGHT<\/strong><\/h4>\n<p>\u00a9 2017<br \/>\nSoci\u00e9t\u00e9 KE FRANCE<br \/>\nRoute de Landouville<br \/>\n28170 Tremblay-les-Villages<br \/>\nFrance<\/p>\n<p>All rights reserved.<\/p>\n<p>Tous les droits qui ne sont pas express\u00e9ment conf\u00e9r\u00e9s par les pr\u00e9sentes sont r\u00e9serv\u00e9s.<\/p>\n<p><a href=\"https:\/\/www.keoutdoordesign.com\/fr\/\">www.keoutdoordesign.com\/fr\/<\/a><\/p>\n<p>Conform\u00e9ment aux dispositions de la loi Informatique et Libert\u00e9s du 6 janvier 1978, toutes les donn\u00e9es informatiques vous concernant sont trait\u00e9es de mani\u00e8re strictement confidentielle. Vous disposez d&rsquo;un droit d&rsquo;acc\u00e8s, de modification, de rectification et de suppression des donn\u00e9es qui vous concernent (articles 34 et suivants de la loi n\u00b078-17 du 6 janvier 1978 relative \u00e0 l\u2019informatique, aux fichiers et aux libert\u00e9s).<\/p>\n<p>Adobe Acrobat Reader peut \u00eatre t\u00e9l\u00e9charg\u00e9 gratuitement sur le site<a href=\"https:\/\/get.adobe.com\/fr\/reader\/\">\u00a0www.adobe.fr<\/a>\u00a0. Une fois le logiciel install\u00e9 sur votre ordinateur, vous pouvez parcourir et imprimer les fiches techniques et autres documentations disponibles sur ce site. Les informations disponibles en format PDF sont utilisables directement sur le site.<\/p>\n","protected":false},"excerpt":{"rendered":"<p>Soci\u00e9t\u00e9 KE FRANCE SAS au capital de 687\u00a0500 \u20ac SIRET : 521 406 355 000 29 TVA\u00a0: FR\u00a084\u00a0521\u00a0406\u00a0355 APE\u00a0: 1392&hellip;<\/p>\n","protected":false},"author":10608,"featured_media":0,"parent":3833,"menu_order":21,"comment_status":"closed","ping_status":"closed","template":"","meta":{"_acf_changed":false,"footnotes":""},"class_list":["post-8011","page","type-page","status-publish","hentry"],"acf":[],"yoast_head":"<!-- This site is optimized with the Yoast SEO Premium plugin v20.12 (Yoast SEO v27.3) - https:\/\/yoast.com\/product\/yoast-seo-premium-wordpress\/ -->\n<title>Mentions L\u00e9gales<\/title>\n<meta name=\"description\" content=\"Soci\u00e9t\u00e9 KE FRANCE. Si\u00e8ge social:Route de Landouville28170 Tremblay-les-VillagesFranceMail\u00a0: service.client@kefrance.fr. D\u00c9CLARATION CNIL\" \/>\n<meta name=\"robots\" content=\"noindex, follow\" \/>\n<meta property=\"og:locale\" content=\"fr_FR\" \/>\n<meta property=\"og:type\" content=\"article\" \/>\n<meta property=\"og:title\" content=\"Mentions L\u00e9gales\" \/>\n<meta property=\"og:description\" content=\"Soci\u00e9t\u00e9 KE FRANCE. Si\u00e8ge social:Route de Landouville28170 Tremblay-les-VillagesFranceMail\u00a0: service.client@kefrance.fr. D\u00c9CLARATION CNIL\" \/>\n<meta property=\"og:url\" content=\"https:\/\/www.keoutdoordesign.com\/fr-fr\/entreprise\/mentions-legales\/\" \/>\n<meta property=\"og:site_name\" content=\"KE Outdoor Design\" \/>\n<meta property=\"article:publisher\" content=\"https:\/\/www.facebook.com\/keoutdoordesign.us\" \/>\n<meta property=\"article:modified_time\" content=\"2024-12-04T08:33:18+00:00\" \/>\n<meta property=\"og:image\" content=\"https:\/\/www.keoutdoordesign.com\/wp-content\/uploads\/2022\/06\/ke_logo.png\" \/>\n\t<meta property=\"og:image:width\" content=\"1260\" \/>\n\t<meta property=\"og:image:height\" content=\"630\" \/>\n\t<meta property=\"og:image:type\" content=\"image\/png\" \/>\n<meta name=\"twitter:card\" content=\"summary_large_image\" \/>\n<meta name=\"twitter:site\" content=\"@keoutdoordesign\" \/>\n<script type=\"application\/ld+json\" class=\"yoast-schema-graph\">{\"@context\":\"https:\\\/\\\/schema.org\",\"@graph\":[{\"@type\":\"WebPage\",\"@id\":\"https:\\\/\\\/www.keoutdoordesign.com\\\/fr-fr\\\/entreprise\\\/mentions-legales\\\/\",\"url\":\"https:\\\/\\\/www.keoutdoordesign.com\\\/fr-fr\\\/entreprise\\\/mentions-legales\\\/\",\"name\":\"Mentions L\u00e9gales\",\"isPartOf\":{\"@id\":\"https:\\\/\\\/www.keoutdoordesign.com\\\/it-it\\\/#website\"},\"datePublished\":\"2019-06-13T14:56:06+00:00\",\"dateModified\":\"2024-12-04T08:33:18+00:00\",\"description\":\"Soci\u00e9t\u00e9 KE FRANCE. Si\u00e8ge social:Route de Landouville28170 Tremblay-les-VillagesFranceMail\u00a0: service.client@kefrance.fr. D\u00c9CLARATION CNIL\",\"breadcrumb\":{\"@id\":\"https:\\\/\\\/www.keoutdoordesign.com\\\/fr-fr\\\/entreprise\\\/mentions-legales\\\/#breadcrumb\"},\"inLanguage\":\"fr-FR\",\"potentialAction\":[{\"@type\":\"ReadAction\",\"target\":[\"https:\\\/\\\/www.keoutdoordesign.com\\\/fr-fr\\\/entreprise\\\/mentions-legales\\\/\"]}]},{\"@type\":\"BreadcrumbList\",\"@id\":\"https:\\\/\\\/www.keoutdoordesign.com\\\/fr-fr\\\/entreprise\\\/mentions-legales\\\/#breadcrumb\",\"itemListElement\":[{\"@type\":\"ListItem\",\"position\":1,\"name\":\"Home\",\"item\":\"https:\\\/\\\/www.keoutdoordesign.com\\\/fr-fr\\\/\"},{\"@type\":\"ListItem\",\"position\":2,\"name\":\"Entreprise\",\"item\":\"https:\\\/\\\/www.keoutdoordesign.com\\\/fr-fr\\\/entreprise\\\/\"},{\"@type\":\"ListItem\",\"position\":3,\"name\":\"Mentions L\u00e9gales\"}]},{\"@type\":\"WebSite\",\"@id\":\"https:\\\/\\\/www.keoutdoordesign.com\\\/it-it\\\/#website\",\"url\":\"https:\\\/\\\/www.keoutdoordesign.com\\\/it-it\\\/\",\"name\":\"KE Outdoor Design\",\"description\":\"Un nuovo sito targato WordPress\",\"publisher\":{\"@id\":\"https:\\\/\\\/www.keoutdoordesign.com\\\/it-it\\\/#organization\"},\"potentialAction\":[{\"@type\":\"SearchAction\",\"target\":{\"@type\":\"EntryPoint\",\"urlTemplate\":\"https:\\\/\\\/www.keoutdoordesign.com\\\/it-it\\\/?s={search_term_string}\"},\"query-input\":{\"@type\":\"PropertyValueSpecification\",\"valueRequired\":true,\"valueName\":\"search_term_string\"}}],\"inLanguage\":\"fr-FR\"},{\"@type\":\"Organization\",\"@id\":\"https:\\\/\\\/www.keoutdoordesign.com\\\/it-it\\\/#organization\",\"name\":\"KE Outdoor Design\",\"url\":\"https:\\\/\\\/www.keoutdoordesign.com\\\/it-it\\\/\",\"logo\":{\"@type\":\"ImageObject\",\"inLanguage\":\"fr-FR\",\"@id\":\"https:\\\/\\\/www.keoutdoordesign.com\\\/it-it\\\/#\\\/schema\\\/logo\\\/image\\\/\",\"url\":\"https:\\\/\\\/www.keoutdoordesign.com\\\/wp-content\\\/uploads\\\/2020\\\/02\\\/KE-logo-Primary-e1591282842174.jpg\",\"contentUrl\":\"https:\\\/\\\/www.keoutdoordesign.com\\\/wp-content\\\/uploads\\\/2020\\\/02\\\/KE-logo-Primary-e1591282842174.jpg\",\"width\":500,\"height\":396,\"caption\":\"KE Outdoor Design\"},\"image\":{\"@id\":\"https:\\\/\\\/www.keoutdoordesign.com\\\/it-it\\\/#\\\/schema\\\/logo\\\/image\\\/\"},\"sameAs\":[\"https:\\\/\\\/www.facebook.com\\\/keoutdoordesign.us\",\"https:\\\/\\\/x.com\\\/keoutdoordesign\",\"https:\\\/\\\/www.facebook.com\\\/keoutdoordesign\",\"https:\\\/\\\/www.youtube.com\\\/channel\\\/UCSoMQryJpLqD53bAoZLg2Vg\",\"https:\\\/\\\/www.pinterest.it\\\/keoutdoordesign\\\/\",\"https:\\\/\\\/www.instagram.com\\\/keoutdoordesign\\\/\",\"https:\\\/\\\/www.linkedin.com\\\/company\\\/ke-outdoor-design\\\/\"]}]}<\/script>\n<!-- \/ Yoast SEO Premium plugin. -->","yoast_head_json":{"title":"Mentions L\u00e9gales","description":"Soci\u00e9t\u00e9 KE FRANCE. Si\u00e8ge social:Route de Landouville28170 Tremblay-les-VillagesFranceMail\u00a0: service.client@kefrance.fr. D\u00c9CLARATION CNIL","robots":{"index":"noindex","follow":"follow"},"og_locale":"fr_FR","og_type":"article","og_title":"Mentions L\u00e9gales","og_description":"Soci\u00e9t\u00e9 KE FRANCE. Si\u00e8ge social:Route de Landouville28170 Tremblay-les-VillagesFranceMail\u00a0: service.client@kefrance.fr. D\u00c9CLARATION CNIL","og_url":"https:\/\/www.keoutdoordesign.com\/fr-fr\/entreprise\/mentions-legales\/","og_site_name":"KE Outdoor Design","article_publisher":"https:\/\/www.facebook.com\/keoutdoordesign.us","article_modified_time":"2024-12-04T08:33:18+00:00","og_image":[{"width":1260,"height":630,"url":"https:\/\/www.keoutdoordesign.com\/wp-content\/uploads\/2022\/06\/ke_logo.png","type":"image\/png"}],"twitter_card":"summary_large_image","twitter_site":"@keoutdoordesign","schema":{"@context":"https:\/\/schema.org","@graph":[{"@type":"WebPage","@id":"https:\/\/www.keoutdoordesign.com\/fr-fr\/entreprise\/mentions-legales\/","url":"https:\/\/www.keoutdoordesign.com\/fr-fr\/entreprise\/mentions-legales\/","name":"Mentions L\u00e9gales","isPartOf":{"@id":"https:\/\/www.keoutdoordesign.com\/it-it\/#website"},"datePublished":"2019-06-13T14:56:06+00:00","dateModified":"2024-12-04T08:33:18+00:00","description":"Soci\u00e9t\u00e9 KE FRANCE. Si\u00e8ge social:Route de Landouville28170 Tremblay-les-VillagesFranceMail\u00a0: service.client@kefrance.fr. D\u00c9CLARATION CNIL","breadcrumb":{"@id":"https:\/\/www.keoutdoordesign.com\/fr-fr\/entreprise\/mentions-legales\/#breadcrumb"},"inLanguage":"fr-FR","potentialAction":[{"@type":"ReadAction","target":["https:\/\/www.keoutdoordesign.com\/fr-fr\/entreprise\/mentions-legales\/"]}]},{"@type":"BreadcrumbList","@id":"https:\/\/www.keoutdoordesign.com\/fr-fr\/entreprise\/mentions-legales\/#breadcrumb","itemListElement":[{"@type":"ListItem","position":1,"name":"Home","item":"https:\/\/www.keoutdoordesign.com\/fr-fr\/"},{"@type":"ListItem","position":2,"name":"Entreprise","item":"https:\/\/www.keoutdoordesign.com\/fr-fr\/entreprise\/"},{"@type":"ListItem","position":3,"name":"Mentions L\u00e9gales"}]},{"@type":"WebSite","@id":"https:\/\/www.keoutdoordesign.com\/it-it\/#website","url":"https:\/\/www.keoutdoordesign.com\/it-it\/","name":"KE Outdoor Design","description":"Un nuovo sito targato WordPress","publisher":{"@id":"https:\/\/www.keoutdoordesign.com\/it-it\/#organization"},"potentialAction":[{"@type":"SearchAction","target":{"@type":"EntryPoint","urlTemplate":"https:\/\/www.keoutdoordesign.com\/it-it\/?s={search_term_string}"},"query-input":{"@type":"PropertyValueSpecification","valueRequired":true,"valueName":"search_term_string"}}],"inLanguage":"fr-FR"},{"@type":"Organization","@id":"https:\/\/www.keoutdoordesign.com\/it-it\/#organization","name":"KE Outdoor Design","url":"https:\/\/www.keoutdoordesign.com\/it-it\/","logo":{"@type":"ImageObject","inLanguage":"fr-FR","@id":"https:\/\/www.keoutdoordesign.com\/it-it\/#\/schema\/logo\/image\/","url":"https:\/\/www.keoutdoordesign.com\/wp-content\/uploads\/2020\/02\/KE-logo-Primary-e1591282842174.jpg","contentUrl":"https:\/\/www.keoutdoordesign.com\/wp-content\/uploads\/2020\/02\/KE-logo-Primary-e1591282842174.jpg","width":500,"height":396,"caption":"KE Outdoor Design"},"image":{"@id":"https:\/\/www.keoutdoordesign.com\/it-it\/#\/schema\/logo\/image\/"},"sameAs":["https:\/\/www.facebook.com\/keoutdoordesign.us","https:\/\/x.com\/keoutdoordesign","https:\/\/www.facebook.com\/keoutdoordesign","https:\/\/www.youtube.com\/channel\/UCSoMQryJpLqD53bAoZLg2Vg","https:\/\/www.pinterest.it\/keoutdoordesign\/","https:\/\/www.instagram.com\/keoutdoordesign\/","https:\/\/www.linkedin.com\/company\/ke-outdoor-design\/"]}]}},"_links":{"self":[{"href":"https:\/\/www.keoutdoordesign.com\/fr-fr\/wp-json\/wp\/v2\/pages\/8011","targetHints":{"allow":["GET"]}}],"collection":[{"href":"https:\/\/www.keoutdoordesign.com\/fr-fr\/wp-json\/wp\/v2\/pages"}],"about":[{"href":"https:\/\/www.keoutdoordesign.com\/fr-fr\/wp-json\/wp\/v2\/types\/page"}],"author":[{"embeddable":true,"href":"https:\/\/www.keoutdoordesign.com\/fr-fr\/wp-json\/wp\/v2\/users\/10608"}],"replies":[{"embeddable":true,"href":"https:\/\/www.keoutdoordesign.com\/fr-fr\/wp-json\/wp\/v2\/comments?post=8011"}],"version-history":[{"count":10,"href":"https:\/\/www.keoutdoordesign.com\/fr-fr\/wp-json\/wp\/v2\/pages\/8011\/revisions"}],"predecessor-version":[{"id":102402,"href":"https:\/\/www.keoutdoordesign.com\/fr-fr\/wp-json\/wp\/v2\/pages\/8011\/revisions\/102402"}],"up":[{"embeddable":true,"href":"https:\/\/www.keoutdoordesign.com\/fr-fr\/wp-json\/wp\/v2\/pages\/3833"}],"wp:attachment":[{"href":"https:\/\/www.keoutdoordesign.com\/fr-fr\/wp-json\/wp\/v2\/media?parent=8011"}],"curies":[{"name":"wp","href":"https:\/\/api.w.org\/{rel}","templated":true}]}}