{"id":7442,"date":"2019-06-12T17:16:31","date_gmt":"2019-06-12T15:16:31","guid":{"rendered":"http:\/\/ke.itpowernet.it\/?page_id=7442"},"modified":"2019-07-31T15:48:18","modified_gmt":"2019-07-31T13:48:18","slug":"jardin","status":"publish","type":"page","link":"https:\/\/www.keoutdoordesign.com\/fr-fr\/univers\/jardin\/","title":{"rendered":"Jardin"},"content":{"rendered":"<p><strong>Cr\u00e9ez vous de nouveaux espaces pour d\u00eener \u00e0 l&rsquo;ombre ou vous reposer en toute intimit\u00e9 gr\u00e2ce \u00e0 nos diff\u00e9rentes solutions de protections solaires pour jardin.<\/strong><\/p>\n<p>Jardin public, jardinet ou patio abritant de la verdure\u2026 le jardin est l\u2019un des \u00e9l\u00e9ments les plus importants d\u2019un b\u00e2timent. Que cela soit dans un lieu public ou chez soi, s\u2019asseoir \u00e0 l\u2019ombre d\u2019une<strong> pergola ou d&rsquo;un store dans son jardin<\/strong> procure un sentiment de bien-\u00eatre et permet de savourer d&rsquo;agr\u00e9ables moments.<\/p>\n<p><strong>Comment faire de vos ext\u00e9rieurs des lieux magiques ?<\/strong> \u2013Que vous soyez professionnels ou particuliers, les <strong>protections solaires\u00a0pour jardin KE<\/strong>\u00a0vous permettent de concevoir des espaces ext\u00e9rieurs uniques et d\u2019y apporter un petit coin d\u2019ombre et de s\u00e9r\u00e9nit\u00e9. Notre vaste gamme de produits -des\u00a0<a href=\"\/?page_id=4620\"><strong>stores d\u2019ext\u00e9rieur<\/strong><\/a>\u00a0aux\u00a0<strong><a href=\"\/?page_id=4589\">pergolas bioclimatiques<\/a>\u00a0<\/strong>\u2013 \u00a0r\u00e9pondent \u00e0 tous vos besoins.<\/p>\n<p>Cr\u00e9er des espaces ext\u00e9rieurs dans votre parc ou votre jardin signifie \u00e9galement \u00e9largir les espaces de vie.<\/p>\n<p>Si couvrir les portes et les fen\u00eatres de la maison implique un refroidissement naturel des pi\u00e8ces, ins\u00e9rer une pergola ou un store dans le jardin signifie cr\u00e9er de nouveaux espaces de convivialit\u00e9 .Et dans le contexte commercial cela permet \u00e9galement d&rsquo;augmenter les profits.<\/p>\n<p>Nous vous proposons de donner un nouveau visage \u00e0 votre jardin et \u00e0 vos espaces ext\u00e9rieurs gr\u00e2ce \u00e0 notre module de personnalisation. Vous choisissez\u00a0:<\/p>\n<ul>\n<li>Couleur<\/li>\n<li>Tissu<\/li>\n<li>Dimensions<\/li>\n<li>Options techniques<\/li>\n<\/ul>\n<p>&nbsp;<\/p>\n","protected":false},"excerpt":{"rendered":"<p>Cr\u00e9ez vous de nouveaux espaces pour d\u00eener \u00e0 l&rsquo;ombre ou vous reposer en toute intimit\u00e9 gr\u00e2ce \u00e0 nos diff\u00e9rentes solutions&hellip;<\/p>\n","protected":false},"author":10608,"featured_media":2929,"parent":5635,"menu_order":7,"comment_status":"closed","ping_status":"closed","template":"page-templates\/environment.php","meta":{"_acf_changed":false,"footnotes":""},"class_list":["post-7442","page","type-page","status-publish","has-post-thumbnail","hentry"],"acf":[],"yoast_head":"<!-- This site is optimized with the Yoast SEO Premium plugin v20.12 (Yoast SEO v27.3) - https:\/\/yoast.com\/product\/yoast-seo-premium-wordpress\/ -->\n<title>Jardin -<\/title>\n<meta name=\"description\" content=\"Cr\u00e9ez de nouveaux espaces \u00e0 l&#039;ext\u00e9rieur : les protections solaires pour jardin sont un atout, cr\u00e9ant ambiance chaleureuse, design et apport fonctionnel.\" \/>\n<meta name=\"robots\" content=\"index, follow, max-snippet:-1, max-image-preview:large, max-video-preview:-1\" \/>\n<link rel=\"canonical\" href=\"https:\/\/www.keoutdoordesign.com\/fr-fr\/univers\/jardin\/\" \/>\n<meta property=\"og:locale\" content=\"fr_FR\" \/>\n<meta property=\"og:type\" content=\"article\" \/>\n<meta property=\"og:title\" content=\"Jardin\" \/>\n<meta property=\"og:description\" content=\"Cr\u00e9ez de nouveaux espaces \u00e0 l&#039;ext\u00e9rieur : les protections solaires pour jardin sont un atout, cr\u00e9ant ambiance chaleureuse, design et apport fonctionnel.\" \/>\n<meta property=\"og:url\" content=\"https:\/\/www.keoutdoordesign.com\/fr-fr\/univers\/jardin\/\" \/>\n<meta property=\"og:site_name\" content=\"KE Outdoor Design\" \/>\n<meta property=\"article:publisher\" content=\"https:\/\/www.facebook.com\/keoutdoordesign.us\" \/>\n<meta property=\"article:modified_time\" content=\"2019-07-31T13:48:18+00:00\" \/>\n<meta property=\"og:image\" content=\"https:\/\/www.keoutdoordesign.com\/wp-content\/uploads\/2019\/05\/ResLaives_KedryPrime_3.jpg\" \/>\n\t<meta property=\"og:image:width\" content=\"2048\" \/>\n\t<meta property=\"og:image:height\" content=\"1080\" \/>\n\t<meta property=\"og:image:type\" content=\"image\/jpeg\" \/>\n<meta name=\"twitter:card\" content=\"summary_large_image\" \/>\n<meta name=\"twitter:site\" content=\"@keoutdoordesign\" \/>\n<script type=\"application\/ld+json\" class=\"yoast-schema-graph\">{\"@context\":\"https:\\\/\\\/schema.org\",\"@graph\":[{\"@type\":\"WebPage\",\"@id\":\"https:\\\/\\\/www.keoutdoordesign.com\\\/fr-fr\\\/univers\\\/jardin\\\/\",\"url\":\"https:\\\/\\\/www.keoutdoordesign.com\\\/fr-fr\\\/univers\\\/jardin\\\/\",\"name\":\"Jardin -\",\"isPartOf\":{\"@id\":\"https:\\\/\\\/www.keoutdoordesign.com\\\/it-it\\\/#website\"},\"primaryImageOfPage\":{\"@id\":\"https:\\\/\\\/www.keoutdoordesign.com\\\/fr-fr\\\/univers\\\/jardin\\\/#primaryimage\"},\"image\":{\"@id\":\"https:\\\/\\\/www.keoutdoordesign.com\\\/fr-fr\\\/univers\\\/jardin\\\/#primaryimage\"},\"thumbnailUrl\":\"https:\\\/\\\/www.keoutdoordesign.com\\\/wp-content\\\/uploads\\\/2019\\\/05\\\/ResLaives_KedryPrime_3.jpg\",\"datePublished\":\"2019-06-12T15:16:31+00:00\",\"dateModified\":\"2019-07-31T13:48:18+00:00\",\"description\":\"Cr\u00e9ez de nouveaux espaces \u00e0 l'ext\u00e9rieur : les protections solaires pour jardin sont un atout, cr\u00e9ant ambiance chaleureuse, design et apport fonctionnel.\",\"breadcrumb\":{\"@id\":\"https:\\\/\\\/www.keoutdoordesign.com\\\/fr-fr\\\/univers\\\/jardin\\\/#breadcrumb\"},\"inLanguage\":\"fr-FR\",\"potentialAction\":[{\"@type\":\"ReadAction\",\"target\":[\"https:\\\/\\\/www.keoutdoordesign.com\\\/fr-fr\\\/univers\\\/jardin\\\/\"]}]},{\"@type\":\"ImageObject\",\"inLanguage\":\"fr-FR\",\"@id\":\"https:\\\/\\\/www.keoutdoordesign.com\\\/fr-fr\\\/univers\\\/jardin\\\/#primaryimage\",\"url\":\"https:\\\/\\\/www.keoutdoordesign.com\\\/wp-content\\\/uploads\\\/2019\\\/05\\\/ResLaives_KedryPrime_3.jpg\",\"contentUrl\":\"https:\\\/\\\/www.keoutdoordesign.com\\\/wp-content\\\/uploads\\\/2019\\\/05\\\/ResLaives_KedryPrime_3.jpg\",\"width\":2048,\"height\":1080,\"caption\":\"Pergola bioclimatique r\u00e9tractable Kedry Skylife 1\"},{\"@type\":\"BreadcrumbList\",\"@id\":\"https:\\\/\\\/www.keoutdoordesign.com\\\/fr-fr\\\/univers\\\/jardin\\\/#breadcrumb\",\"itemListElement\":[{\"@type\":\"ListItem\",\"position\":1,\"name\":\"Home\",\"item\":\"https:\\\/\\\/www.keoutdoordesign.com\\\/fr-fr\\\/\"},{\"@type\":\"ListItem\",\"position\":2,\"name\":\"Univers\",\"item\":\"https:\\\/\\\/www.keoutdoordesign.com\\\/fr-fr\\\/univers\\\/\"},{\"@type\":\"ListItem\",\"position\":3,\"name\":\"Jardin\"}]},{\"@type\":\"WebSite\",\"@id\":\"https:\\\/\\\/www.keoutdoordesign.com\\\/it-it\\\/#website\",\"url\":\"https:\\\/\\\/www.keoutdoordesign.com\\\/it-it\\\/\",\"name\":\"KE Outdoor Design\",\"description\":\"Un nuovo sito targato WordPress\",\"publisher\":{\"@id\":\"https:\\\/\\\/www.keoutdoordesign.com\\\/it-it\\\/#organization\"},\"potentialAction\":[{\"@type\":\"SearchAction\",\"target\":{\"@type\":\"EntryPoint\",\"urlTemplate\":\"https:\\\/\\\/www.keoutdoordesign.com\\\/it-it\\\/?s={search_term_string}\"},\"query-input\":{\"@type\":\"PropertyValueSpecification\",\"valueRequired\":true,\"valueName\":\"search_term_string\"}}],\"inLanguage\":\"fr-FR\"},{\"@type\":\"Organization\",\"@id\":\"https:\\\/\\\/www.keoutdoordesign.com\\\/it-it\\\/#organization\",\"name\":\"KE Outdoor Design\",\"url\":\"https:\\\/\\\/www.keoutdoordesign.com\\\/it-it\\\/\",\"logo\":{\"@type\":\"ImageObject\",\"inLanguage\":\"fr-FR\",\"@id\":\"https:\\\/\\\/www.keoutdoordesign.com\\\/it-it\\\/#\\\/schema\\\/logo\\\/image\\\/\",\"url\":\"https:\\\/\\\/www.keoutdoordesign.com\\\/wp-content\\\/uploads\\\/2020\\\/02\\\/KE-logo-Primary-e1591282842174.jpg\",\"contentUrl\":\"https:\\\/\\\/www.keoutdoordesign.com\\\/wp-content\\\/uploads\\\/2020\\\/02\\\/KE-logo-Primary-e1591282842174.jpg\",\"width\":500,\"height\":396,\"caption\":\"KE Outdoor Design\"},\"image\":{\"@id\":\"https:\\\/\\\/www.keoutdoordesign.com\\\/it-it\\\/#\\\/schema\\\/logo\\\/image\\\/\"},\"sameAs\":[\"https:\\\/\\\/www.facebook.com\\\/keoutdoordesign.us\",\"https:\\\/\\\/x.com\\\/keoutdoordesign\",\"https:\\\/\\\/www.facebook.com\\\/keoutdoordesign\",\"https:\\\/\\\/www.youtube.com\\\/channel\\\/UCSoMQryJpLqD53bAoZLg2Vg\",\"https:\\\/\\\/www.pinterest.it\\\/keoutdoordesign\\\/\",\"https:\\\/\\\/www.instagram.com\\\/keoutdoordesign\\\/\",\"https:\\\/\\\/www.linkedin.com\\\/company\\\/ke-outdoor-design\\\/\"]}]}<\/script>\n<!-- \/ Yoast SEO Premium plugin. -->","yoast_head_json":{"title":"Jardin -","description":"Cr\u00e9ez de nouveaux espaces \u00e0 l'ext\u00e9rieur : les protections solaires pour jardin sont un atout, cr\u00e9ant ambiance chaleureuse, design et apport fonctionnel.","robots":{"index":"index","follow":"follow","max-snippet":"max-snippet:-1","max-image-preview":"max-image-preview:large","max-video-preview":"max-video-preview:-1"},"canonical":"https:\/\/www.keoutdoordesign.com\/fr-fr\/univers\/jardin\/","og_locale":"fr_FR","og_type":"article","og_title":"Jardin","og_description":"Cr\u00e9ez de nouveaux espaces \u00e0 l'ext\u00e9rieur : les protections solaires pour jardin sont un atout, cr\u00e9ant ambiance chaleureuse, design et apport fonctionnel.","og_url":"https:\/\/www.keoutdoordesign.com\/fr-fr\/univers\/jardin\/","og_site_name":"KE Outdoor Design","article_publisher":"https:\/\/www.facebook.com\/keoutdoordesign.us","article_modified_time":"2019-07-31T13:48:18+00:00","og_image":[{"width":2048,"height":1080,"url":"https:\/\/www.keoutdoordesign.com\/wp-content\/uploads\/2019\/05\/ResLaives_KedryPrime_3.jpg","type":"image\/jpeg"}],"twitter_card":"summary_large_image","twitter_site":"@keoutdoordesign","schema":{"@context":"https:\/\/schema.org","@graph":[{"@type":"WebPage","@id":"https:\/\/www.keoutdoordesign.com\/fr-fr\/univers\/jardin\/","url":"https:\/\/www.keoutdoordesign.com\/fr-fr\/univers\/jardin\/","name":"Jardin -","isPartOf":{"@id":"https:\/\/www.keoutdoordesign.com\/it-it\/#website"},"primaryImageOfPage":{"@id":"https:\/\/www.keoutdoordesign.com\/fr-fr\/univers\/jardin\/#primaryimage"},"image":{"@id":"https:\/\/www.keoutdoordesign.com\/fr-fr\/univers\/jardin\/#primaryimage"},"thumbnailUrl":"https:\/\/www.keoutdoordesign.com\/wp-content\/uploads\/2019\/05\/ResLaives_KedryPrime_3.jpg","datePublished":"2019-06-12T15:16:31+00:00","dateModified":"2019-07-31T13:48:18+00:00","description":"Cr\u00e9ez de nouveaux espaces \u00e0 l'ext\u00e9rieur : les protections solaires pour jardin sont un atout, cr\u00e9ant ambiance chaleureuse, design et apport fonctionnel.","breadcrumb":{"@id":"https:\/\/www.keoutdoordesign.com\/fr-fr\/univers\/jardin\/#breadcrumb"},"inLanguage":"fr-FR","potentialAction":[{"@type":"ReadAction","target":["https:\/\/www.keoutdoordesign.com\/fr-fr\/univers\/jardin\/"]}]},{"@type":"ImageObject","inLanguage":"fr-FR","@id":"https:\/\/www.keoutdoordesign.com\/fr-fr\/univers\/jardin\/#primaryimage","url":"https:\/\/www.keoutdoordesign.com\/wp-content\/uploads\/2019\/05\/ResLaives_KedryPrime_3.jpg","contentUrl":"https:\/\/www.keoutdoordesign.com\/wp-content\/uploads\/2019\/05\/ResLaives_KedryPrime_3.jpg","width":2048,"height":1080,"caption":"Pergola bioclimatique r\u00e9tractable Kedry Skylife 1"},{"@type":"BreadcrumbList","@id":"https:\/\/www.keoutdoordesign.com\/fr-fr\/univers\/jardin\/#breadcrumb","itemListElement":[{"@type":"ListItem","position":1,"name":"Home","item":"https:\/\/www.keoutdoordesign.com\/fr-fr\/"},{"@type":"ListItem","position":2,"name":"Univers","item":"https:\/\/www.keoutdoordesign.com\/fr-fr\/univers\/"},{"@type":"ListItem","position":3,"name":"Jardin"}]},{"@type":"WebSite","@id":"https:\/\/www.keoutdoordesign.com\/it-it\/#website","url":"https:\/\/www.keoutdoordesign.com\/it-it\/","name":"KE Outdoor Design","description":"Un nuovo sito targato WordPress","publisher":{"@id":"https:\/\/www.keoutdoordesign.com\/it-it\/#organization"},"potentialAction":[{"@type":"SearchAction","target":{"@type":"EntryPoint","urlTemplate":"https:\/\/www.keoutdoordesign.com\/it-it\/?s={search_term_string}"},"query-input":{"@type":"PropertyValueSpecification","valueRequired":true,"valueName":"search_term_string"}}],"inLanguage":"fr-FR"},{"@type":"Organization","@id":"https:\/\/www.keoutdoordesign.com\/it-it\/#organization","name":"KE Outdoor Design","url":"https:\/\/www.keoutdoordesign.com\/it-it\/","logo":{"@type":"ImageObject","inLanguage":"fr-FR","@id":"https:\/\/www.keoutdoordesign.com\/it-it\/#\/schema\/logo\/image\/","url":"https:\/\/www.keoutdoordesign.com\/wp-content\/uploads\/2020\/02\/KE-logo-Primary-e1591282842174.jpg","contentUrl":"https:\/\/www.keoutdoordesign.com\/wp-content\/uploads\/2020\/02\/KE-logo-Primary-e1591282842174.jpg","width":500,"height":396,"caption":"KE Outdoor Design"},"image":{"@id":"https:\/\/www.keoutdoordesign.com\/it-it\/#\/schema\/logo\/image\/"},"sameAs":["https:\/\/www.facebook.com\/keoutdoordesign.us","https:\/\/x.com\/keoutdoordesign","https:\/\/www.facebook.com\/keoutdoordesign","https:\/\/www.youtube.com\/channel\/UCSoMQryJpLqD53bAoZLg2Vg","https:\/\/www.pinterest.it\/keoutdoordesign\/","https:\/\/www.instagram.com\/keoutdoordesign\/","https:\/\/www.linkedin.com\/company\/ke-outdoor-design\/"]}]}},"_links":{"self":[{"href":"https:\/\/www.keoutdoordesign.com\/fr-fr\/wp-json\/wp\/v2\/pages\/7442","targetHints":{"allow":["GET"]}}],"collection":[{"href":"https:\/\/www.keoutdoordesign.com\/fr-fr\/wp-json\/wp\/v2\/pages"}],"about":[{"href":"https:\/\/www.keoutdoordesign.com\/fr-fr\/wp-json\/wp\/v2\/types\/page"}],"author":[{"embeddable":true,"href":"https:\/\/www.keoutdoordesign.com\/fr-fr\/wp-json\/wp\/v2\/users\/10608"}],"replies":[{"embeddable":true,"href":"https:\/\/www.keoutdoordesign.com\/fr-fr\/wp-json\/wp\/v2\/comments?post=7442"}],"version-history":[{"count":5,"href":"https:\/\/www.keoutdoordesign.com\/fr-fr\/wp-json\/wp\/v2\/pages\/7442\/revisions"}],"predecessor-version":[{"id":13287,"href":"https:\/\/www.keoutdoordesign.com\/fr-fr\/wp-json\/wp\/v2\/pages\/7442\/revisions\/13287"}],"up":[{"embeddable":true,"href":"https:\/\/www.keoutdoordesign.com\/fr-fr\/wp-json\/wp\/v2\/pages\/5635"}],"wp:featuredmedia":[{"embeddable":true,"href":"https:\/\/www.keoutdoordesign.com\/fr-fr\/wp-json\/wp\/v2\/media\/2929"}],"wp:attachment":[{"href":"https:\/\/www.keoutdoordesign.com\/fr-fr\/wp-json\/wp\/v2\/media?parent=7442"}],"curies":[{"name":"wp","href":"https:\/\/api.w.org\/{rel}","templated":true}]}}