{"id":68667,"date":"2024-04-23T12:01:30","date_gmt":"2024-04-23T10:01:30","guid":{"rendered":"https:\/\/www.keoutdoordesign.com\/?page_id=68667"},"modified":"2024-06-03T17:11:11","modified_gmt":"2024-06-03T15:11:11","slug":"pergola-upcyclee-saki","status":"publish","type":"page","link":"https:\/\/www.keoutdoordesign.com\/fr-fr\/pergolas-gennius\/pergola-avec-toit-plat\/pergola-upcyclee-saki\/","title":{"rendered":"Pergola upcycl\u00e9e Saki"},"content":{"rendered":"<h2>La toile de votre pergola toile r\u00e9tractable manuelle :<\/h2>\n<p>Les dimensions de la SAKI, donnent la possibilit\u00e9 d\u2019avoir : 7\/9 ou 11 \u00ab morceaux \u00bb de toile d\u2019une laize de 600mm, pouvant ainsi utiliser les toiles de nos fins rouleaux. Les toiles sont donc neuves, reli\u00e9es entre elles par un syst\u00e8me de traverses coulissantes sur chariots, permettant la mobilit\u00e9 de son toit \u00e0 vagues.<\/p>\n<p>Sa man\u0153uvre est uniquement manuelle, au moyen d\u2019une drisse.<\/p>\n<p>La structure, en aluminium recyclable, est de couleur Noir Inver (Carbon) et peut \u00eatre agr\u00e9ment\u00e9e de rideaux de voilage en option pour une finition des plus abouties.<\/p>\n<p>Facile \u00e0 monter, elle peut \u00e9ventuellement se fixer dans les pelouses de vos jardins sans d\u00e9naturer ceux-ci, \u00e0 l\u2019aide de sardines, ce qui offre la possibilit\u00e9 d\u2019\u00eatre d\u00e9plac\u00e9e facilement.<\/p>\n<p>SAKI est une pergola toile r\u00e9tractable manuelle qui s\u2019ancre dans la tendance du moment, s\u2019imposant comme un objet d\u2019ameublement design \u00e0 l\u2019habillage d\u00e9pareill\u00e9 chic et \u00e9l\u00e9gant, personnalisable aux go\u00fbts de chacun. Les \u00e9poques et les styles se m\u00e9langent ainsi dans un ext\u00e9rieur confortable truff\u00e9 de charme.<\/p>\n<p>Les morceaux de toiles qui composent votre pergola sont choisis uniquement parmi nos meilleures ventes, regroup\u00e9es par th\u00e8me\u00a0:<\/p>\n<ul>\n<li>Tendance Naturelle\u00a0: inspirant les diff\u00e9rents sols du monde, du sable \u00e0 la terre<\/li>\n<li>Tendance Min\u00e9rale\u00a0: les nuances de gris jusqu\u2019au noir intense s\u2019y retrouvent<\/li>\n<li>Tendance Abysses\u00a0: r\u00e9unissant toutes les plus belles teintes de bleu<\/li>\n<\/ul>\n<p>&nbsp;<\/p>\n<p>Des combinaisons plus originales, incluant des toiles \u00e0 rayures, compos\u00e9es par la designer Antonella Bertignin, sont \u00e9galement propos\u00e9es. Avec les univers\u00a0:<\/p>\n<ul>\n<li>Boh\u00e8me<\/li>\n<li>Plage<\/li>\n<li>Oc\u00e9ane<\/li>\n<li>D\u00e9sert<\/li>\n<li>Chic<\/li>\n<li>For\u00eat<\/li>\n<li>Sobre<\/li>\n<li>Nomade<\/li>\n<\/ul>\n<p>&nbsp;<\/p>\n<p>Les toiles, de qualit\u00e9 professionnelle <a href=\"https:\/\/www.dickson-constant.com\/fr\/toiles-de-store\/\">Dickson<\/a> ou <a href=\"https:\/\/suntex.sattler.com\/fr\/tissu-de-protection-solaire\/qualite-elements\">Sattler<\/a>, sont facilement interchangeables ou m\u00eame rempla\u00e7ables pour donner une autre atmosph\u00e8re \u00e0 votre jardin, utilisant les diff\u00e9rents styles et couleurs de textiles comme le moyen d&rsquo;assurer la transition entre les saisons et les \u00e9poques.<\/p>\n","protected":false},"excerpt":{"rendered":"<p>La toile de votre pergola toile r\u00e9tractable manuelle : Les dimensions de la SAKI, donnent la possibilit\u00e9 d\u2019avoir : 7\/9&hellip;<\/p>\n","protected":false},"author":5597,"featured_media":68685,"parent":4567,"menu_order":4,"comment_status":"closed","ping_status":"closed","template":"page-templates\/product.php","meta":{"_acf_changed":false,"footnotes":""},"class_list":["post-68667","page","type-page","status-publish","has-post-thumbnail","hentry"],"acf":[],"yoast_head":"<!-- This site is optimized with the Yoast SEO Premium plugin v20.12 (Yoast SEO v27.3) - https:\/\/yoast.com\/product\/yoast-seo-premium-wordpress\/ -->\n<title>Pergola upcycl\u00e9e Saki - KE Outdoor Design<\/title>\n<meta name=\"description\" content=\"Pergola upcylc\u00e9e SAKI, en aluminium, met son design au service du surcyclage pour un produit green. Garantie 7 ans.\" \/>\n<meta name=\"robots\" content=\"index, follow, max-snippet:-1, max-image-preview:large, max-video-preview:-1\" \/>\n<link rel=\"canonical\" href=\"https:\/\/www.keoutdoordesign.com\/fr-fr\/pergolas-gennius\/pergola-avec-toit-plat\/pergola-upcyclee-saki\/\" \/>\n<meta property=\"og:locale\" content=\"fr_FR\" \/>\n<meta property=\"og:type\" content=\"article\" \/>\n<meta property=\"og:title\" content=\"Pergola upcycl\u00e9e Saki\" \/>\n<meta property=\"og:description\" content=\"Pergola upcylc\u00e9e SAKI, en aluminium, met son design au service du surcyclage pour un produit green. Garantie 7 ans.\" \/>\n<meta property=\"og:url\" content=\"https:\/\/www.keoutdoordesign.com\/fr-fr\/pergolas-gennius\/pergola-avec-toit-plat\/pergola-upcyclee-saki\/\" \/>\n<meta property=\"og:site_name\" content=\"KE Outdoor Design\" \/>\n<meta property=\"article:publisher\" content=\"https:\/\/www.facebook.com\/keoutdoordesign.us\" \/>\n<meta property=\"article:modified_time\" content=\"2024-06-03T15:11:11+00:00\" \/>\n<meta property=\"og:image\" content=\"https:\/\/www.keoutdoordesign.com\/wp-content\/uploads\/2024\/04\/KEFRANCE_SAKI_pergola-aluminium-1.jpg\" \/>\n\t<meta property=\"og:image:width\" content=\"1920\" \/>\n\t<meta property=\"og:image:height\" content=\"1440\" \/>\n\t<meta property=\"og:image:type\" content=\"image\/jpeg\" \/>\n<meta name=\"twitter:card\" content=\"summary_large_image\" \/>\n<meta name=\"twitter:site\" content=\"@keoutdoordesign\" \/>\n<script type=\"application\/ld+json\" class=\"yoast-schema-graph\">{\"@context\":\"https:\\\/\\\/schema.org\",\"@graph\":[{\"@type\":\"WebPage\",\"@id\":\"https:\\\/\\\/www.keoutdoordesign.com\\\/fr-fr\\\/pergolas-gennius\\\/pergola-avec-toit-plat\\\/pergola-upcyclee-saki\\\/\",\"url\":\"https:\\\/\\\/www.keoutdoordesign.com\\\/fr-fr\\\/pergolas-gennius\\\/pergola-avec-toit-plat\\\/pergola-upcyclee-saki\\\/\",\"name\":\"Pergola upcycl\u00e9e Saki - KE Outdoor Design\",\"isPartOf\":{\"@id\":\"https:\\\/\\\/www.keoutdoordesign.com\\\/it-it\\\/#website\"},\"primaryImageOfPage\":{\"@id\":\"https:\\\/\\\/www.keoutdoordesign.com\\\/fr-fr\\\/pergolas-gennius\\\/pergola-avec-toit-plat\\\/pergola-upcyclee-saki\\\/#primaryimage\"},\"image\":{\"@id\":\"https:\\\/\\\/www.keoutdoordesign.com\\\/fr-fr\\\/pergolas-gennius\\\/pergola-avec-toit-plat\\\/pergola-upcyclee-saki\\\/#primaryimage\"},\"thumbnailUrl\":\"https:\\\/\\\/www.keoutdoordesign.com\\\/wp-content\\\/uploads\\\/2024\\\/04\\\/KEFRANCE_SAKI_pergola-aluminium-1.jpg\",\"datePublished\":\"2024-04-23T10:01:30+00:00\",\"dateModified\":\"2024-06-03T15:11:11+00:00\",\"description\":\"Pergola upcylc\u00e9e SAKI, en aluminium, met son design au service du surcyclage pour un produit green. Garantie 7 ans.\",\"breadcrumb\":{\"@id\":\"https:\\\/\\\/www.keoutdoordesign.com\\\/fr-fr\\\/pergolas-gennius\\\/pergola-avec-toit-plat\\\/pergola-upcyclee-saki\\\/#breadcrumb\"},\"inLanguage\":\"fr-FR\",\"potentialAction\":[{\"@type\":\"ReadAction\",\"target\":[\"https:\\\/\\\/www.keoutdoordesign.com\\\/fr-fr\\\/pergolas-gennius\\\/pergola-avec-toit-plat\\\/pergola-upcyclee-saki\\\/\"]}]},{\"@type\":\"ImageObject\",\"inLanguage\":\"fr-FR\",\"@id\":\"https:\\\/\\\/www.keoutdoordesign.com\\\/fr-fr\\\/pergolas-gennius\\\/pergola-avec-toit-plat\\\/pergola-upcyclee-saki\\\/#primaryimage\",\"url\":\"https:\\\/\\\/www.keoutdoordesign.com\\\/wp-content\\\/uploads\\\/2024\\\/04\\\/KEFRANCE_SAKI_pergola-aluminium-1.jpg\",\"contentUrl\":\"https:\\\/\\\/www.keoutdoordesign.com\\\/wp-content\\\/uploads\\\/2024\\\/04\\\/KEFRANCE_SAKI_pergola-aluminium-1.jpg\",\"width\":1920,\"height\":1440},{\"@type\":\"BreadcrumbList\",\"@id\":\"https:\\\/\\\/www.keoutdoordesign.com\\\/fr-fr\\\/pergolas-gennius\\\/pergola-avec-toit-plat\\\/pergola-upcyclee-saki\\\/#breadcrumb\",\"itemListElement\":[{\"@type\":\"ListItem\",\"position\":1,\"name\":\"Home\",\"item\":\"https:\\\/\\\/www.keoutdoordesign.com\\\/fr-fr\\\/\"},{\"@type\":\"ListItem\",\"position\":2,\"name\":\"Pergolas sur mesure\",\"item\":\"https:\\\/\\\/www.keoutdoordesign.com\\\/fr-fr\\\/pergolas-gennius\\\/\"},{\"@type\":\"ListItem\",\"position\":3,\"name\":\"Pergolas avec toit plat\",\"item\":\"https:\\\/\\\/www.keoutdoordesign.com\\\/fr-fr\\\/pergolas-gennius\\\/pergola-avec-toit-plat\\\/\"},{\"@type\":\"ListItem\",\"position\":4,\"name\":\"Pergola upcycl\u00e9e Saki\"}]},{\"@type\":\"WebSite\",\"@id\":\"https:\\\/\\\/www.keoutdoordesign.com\\\/it-it\\\/#website\",\"url\":\"https:\\\/\\\/www.keoutdoordesign.com\\\/it-it\\\/\",\"name\":\"KE Outdoor Design\",\"description\":\"Un nuovo sito targato WordPress\",\"publisher\":{\"@id\":\"https:\\\/\\\/www.keoutdoordesign.com\\\/it-it\\\/#organization\"},\"potentialAction\":[{\"@type\":\"SearchAction\",\"target\":{\"@type\":\"EntryPoint\",\"urlTemplate\":\"https:\\\/\\\/www.keoutdoordesign.com\\\/it-it\\\/?s={search_term_string}\"},\"query-input\":{\"@type\":\"PropertyValueSpecification\",\"valueRequired\":true,\"valueName\":\"search_term_string\"}}],\"inLanguage\":\"fr-FR\"},{\"@type\":\"Organization\",\"@id\":\"https:\\\/\\\/www.keoutdoordesign.com\\\/it-it\\\/#organization\",\"name\":\"KE Outdoor Design\",\"url\":\"https:\\\/\\\/www.keoutdoordesign.com\\\/it-it\\\/\",\"logo\":{\"@type\":\"ImageObject\",\"inLanguage\":\"fr-FR\",\"@id\":\"https:\\\/\\\/www.keoutdoordesign.com\\\/it-it\\\/#\\\/schema\\\/logo\\\/image\\\/\",\"url\":\"https:\\\/\\\/www.keoutdoordesign.com\\\/wp-content\\\/uploads\\\/2020\\\/02\\\/KE-logo-Primary-e1591282842174.jpg\",\"contentUrl\":\"https:\\\/\\\/www.keoutdoordesign.com\\\/wp-content\\\/uploads\\\/2020\\\/02\\\/KE-logo-Primary-e1591282842174.jpg\",\"width\":500,\"height\":396,\"caption\":\"KE Outdoor Design\"},\"image\":{\"@id\":\"https:\\\/\\\/www.keoutdoordesign.com\\\/it-it\\\/#\\\/schema\\\/logo\\\/image\\\/\"},\"sameAs\":[\"https:\\\/\\\/www.facebook.com\\\/keoutdoordesign.us\",\"https:\\\/\\\/x.com\\\/keoutdoordesign\",\"https:\\\/\\\/www.facebook.com\\\/keoutdoordesign\",\"https:\\\/\\\/www.youtube.com\\\/channel\\\/UCSoMQryJpLqD53bAoZLg2Vg\",\"https:\\\/\\\/www.pinterest.it\\\/keoutdoordesign\\\/\",\"https:\\\/\\\/www.instagram.com\\\/keoutdoordesign\\\/\",\"https:\\\/\\\/www.linkedin.com\\\/company\\\/ke-outdoor-design\\\/\"]}]}<\/script>\n<!-- \/ Yoast SEO Premium plugin. -->","yoast_head_json":{"title":"Pergola upcycl\u00e9e Saki - KE Outdoor Design","description":"Pergola upcylc\u00e9e SAKI, en aluminium, met son design au service du surcyclage pour un produit green. Garantie 7 ans.","robots":{"index":"index","follow":"follow","max-snippet":"max-snippet:-1","max-image-preview":"max-image-preview:large","max-video-preview":"max-video-preview:-1"},"canonical":"https:\/\/www.keoutdoordesign.com\/fr-fr\/pergolas-gennius\/pergola-avec-toit-plat\/pergola-upcyclee-saki\/","og_locale":"fr_FR","og_type":"article","og_title":"Pergola upcycl\u00e9e Saki","og_description":"Pergola upcylc\u00e9e SAKI, en aluminium, met son design au service du surcyclage pour un produit green. Garantie 7 ans.","og_url":"https:\/\/www.keoutdoordesign.com\/fr-fr\/pergolas-gennius\/pergola-avec-toit-plat\/pergola-upcyclee-saki\/","og_site_name":"KE Outdoor Design","article_publisher":"https:\/\/www.facebook.com\/keoutdoordesign.us","article_modified_time":"2024-06-03T15:11:11+00:00","og_image":[{"width":1920,"height":1440,"url":"https:\/\/www.keoutdoordesign.com\/wp-content\/uploads\/2024\/04\/KEFRANCE_SAKI_pergola-aluminium-1.jpg","type":"image\/jpeg"}],"twitter_card":"summary_large_image","twitter_site":"@keoutdoordesign","schema":{"@context":"https:\/\/schema.org","@graph":[{"@type":"WebPage","@id":"https:\/\/www.keoutdoordesign.com\/fr-fr\/pergolas-gennius\/pergola-avec-toit-plat\/pergola-upcyclee-saki\/","url":"https:\/\/www.keoutdoordesign.com\/fr-fr\/pergolas-gennius\/pergola-avec-toit-plat\/pergola-upcyclee-saki\/","name":"Pergola upcycl\u00e9e Saki - KE Outdoor Design","isPartOf":{"@id":"https:\/\/www.keoutdoordesign.com\/it-it\/#website"},"primaryImageOfPage":{"@id":"https:\/\/www.keoutdoordesign.com\/fr-fr\/pergolas-gennius\/pergola-avec-toit-plat\/pergola-upcyclee-saki\/#primaryimage"},"image":{"@id":"https:\/\/www.keoutdoordesign.com\/fr-fr\/pergolas-gennius\/pergola-avec-toit-plat\/pergola-upcyclee-saki\/#primaryimage"},"thumbnailUrl":"https:\/\/www.keoutdoordesign.com\/wp-content\/uploads\/2024\/04\/KEFRANCE_SAKI_pergola-aluminium-1.jpg","datePublished":"2024-04-23T10:01:30+00:00","dateModified":"2024-06-03T15:11:11+00:00","description":"Pergola upcylc\u00e9e SAKI, en aluminium, met son design au service du surcyclage pour un produit green. Garantie 7 ans.","breadcrumb":{"@id":"https:\/\/www.keoutdoordesign.com\/fr-fr\/pergolas-gennius\/pergola-avec-toit-plat\/pergola-upcyclee-saki\/#breadcrumb"},"inLanguage":"fr-FR","potentialAction":[{"@type":"ReadAction","target":["https:\/\/www.keoutdoordesign.com\/fr-fr\/pergolas-gennius\/pergola-avec-toit-plat\/pergola-upcyclee-saki\/"]}]},{"@type":"ImageObject","inLanguage":"fr-FR","@id":"https:\/\/www.keoutdoordesign.com\/fr-fr\/pergolas-gennius\/pergola-avec-toit-plat\/pergola-upcyclee-saki\/#primaryimage","url":"https:\/\/www.keoutdoordesign.com\/wp-content\/uploads\/2024\/04\/KEFRANCE_SAKI_pergola-aluminium-1.jpg","contentUrl":"https:\/\/www.keoutdoordesign.com\/wp-content\/uploads\/2024\/04\/KEFRANCE_SAKI_pergola-aluminium-1.jpg","width":1920,"height":1440},{"@type":"BreadcrumbList","@id":"https:\/\/www.keoutdoordesign.com\/fr-fr\/pergolas-gennius\/pergola-avec-toit-plat\/pergola-upcyclee-saki\/#breadcrumb","itemListElement":[{"@type":"ListItem","position":1,"name":"Home","item":"https:\/\/www.keoutdoordesign.com\/fr-fr\/"},{"@type":"ListItem","position":2,"name":"Pergolas sur mesure","item":"https:\/\/www.keoutdoordesign.com\/fr-fr\/pergolas-gennius\/"},{"@type":"ListItem","position":3,"name":"Pergolas avec toit plat","item":"https:\/\/www.keoutdoordesign.com\/fr-fr\/pergolas-gennius\/pergola-avec-toit-plat\/"},{"@type":"ListItem","position":4,"name":"Pergola upcycl\u00e9e Saki"}]},{"@type":"WebSite","@id":"https:\/\/www.keoutdoordesign.com\/it-it\/#website","url":"https:\/\/www.keoutdoordesign.com\/it-it\/","name":"KE Outdoor Design","description":"Un nuovo sito targato WordPress","publisher":{"@id":"https:\/\/www.keoutdoordesign.com\/it-it\/#organization"},"potentialAction":[{"@type":"SearchAction","target":{"@type":"EntryPoint","urlTemplate":"https:\/\/www.keoutdoordesign.com\/it-it\/?s={search_term_string}"},"query-input":{"@type":"PropertyValueSpecification","valueRequired":true,"valueName":"search_term_string"}}],"inLanguage":"fr-FR"},{"@type":"Organization","@id":"https:\/\/www.keoutdoordesign.com\/it-it\/#organization","name":"KE Outdoor Design","url":"https:\/\/www.keoutdoordesign.com\/it-it\/","logo":{"@type":"ImageObject","inLanguage":"fr-FR","@id":"https:\/\/www.keoutdoordesign.com\/it-it\/#\/schema\/logo\/image\/","url":"https:\/\/www.keoutdoordesign.com\/wp-content\/uploads\/2020\/02\/KE-logo-Primary-e1591282842174.jpg","contentUrl":"https:\/\/www.keoutdoordesign.com\/wp-content\/uploads\/2020\/02\/KE-logo-Primary-e1591282842174.jpg","width":500,"height":396,"caption":"KE Outdoor Design"},"image":{"@id":"https:\/\/www.keoutdoordesign.com\/it-it\/#\/schema\/logo\/image\/"},"sameAs":["https:\/\/www.facebook.com\/keoutdoordesign.us","https:\/\/x.com\/keoutdoordesign","https:\/\/www.facebook.com\/keoutdoordesign","https:\/\/www.youtube.com\/channel\/UCSoMQryJpLqD53bAoZLg2Vg","https:\/\/www.pinterest.it\/keoutdoordesign\/","https:\/\/www.instagram.com\/keoutdoordesign\/","https:\/\/www.linkedin.com\/company\/ke-outdoor-design\/"]}]}},"_links":{"self":[{"href":"https:\/\/www.keoutdoordesign.com\/fr-fr\/wp-json\/wp\/v2\/pages\/68667","targetHints":{"allow":["GET"]}}],"collection":[{"href":"https:\/\/www.keoutdoordesign.com\/fr-fr\/wp-json\/wp\/v2\/pages"}],"about":[{"href":"https:\/\/www.keoutdoordesign.com\/fr-fr\/wp-json\/wp\/v2\/types\/page"}],"author":[{"embeddable":true,"href":"https:\/\/www.keoutdoordesign.com\/fr-fr\/wp-json\/wp\/v2\/users\/5597"}],"replies":[{"embeddable":true,"href":"https:\/\/www.keoutdoordesign.com\/fr-fr\/wp-json\/wp\/v2\/comments?post=68667"}],"version-history":[{"count":5,"href":"https:\/\/www.keoutdoordesign.com\/fr-fr\/wp-json\/wp\/v2\/pages\/68667\/revisions"}],"predecessor-version":[{"id":117896,"href":"https:\/\/www.keoutdoordesign.com\/fr-fr\/wp-json\/wp\/v2\/pages\/68667\/revisions\/117896"}],"up":[{"embeddable":true,"href":"https:\/\/www.keoutdoordesign.com\/fr-fr\/wp-json\/wp\/v2\/pages\/4567"}],"wp:featuredmedia":[{"embeddable":true,"href":"https:\/\/www.keoutdoordesign.com\/fr-fr\/wp-json\/wp\/v2\/media\/68685"}],"wp:attachment":[{"href":"https:\/\/www.keoutdoordesign.com\/fr-fr\/wp-json\/wp\/v2\/media?parent=68667"}],"curies":[{"name":"wp","href":"https:\/\/api.w.org\/{rel}","templated":true}]}}