{"id":66725,"date":"2024-03-11T18:56:41","date_gmt":"2024-03-11T17:56:41","guid":{"rendered":"https:\/\/www.keoutdoordesign.com\/?page_id=66725"},"modified":"2026-04-09T13:55:13","modified_gmt":"2026-04-09T11:55:13","slug":"store-bannette-projection-avec-coffre","status":"publish","type":"page","link":"https:\/\/www.keoutdoordesign.com\/fr-fr\/stores-exterieurs\/store-a-projection\/store-bannette-projection-avec-coffre\/","title":{"rendered":"Store \u00e0 projection avec coffre Verso"},"content":{"rendered":"<p><strong>Store \u00e0 projection avec coffre<\/strong><\/p>\n<p>Vous connaissez le store \u00e0 projection classique, mais d\u00e9couvrez une version moderne et design avec Verso, le store \u00e0 projection avec coffre int\u00e9gral pour une fermeture compl\u00e8te du store une fois ferm\u00e9e et une protection du store et de la toile dans le temps.<\/p>\n<p>Disponible en toile technique (SOLTIS, SCREEN, SUNWORKER\u2026) ou acrylique.<\/p>\n<h4><span style=\"text-decoration: underline;\"><strong>Avantages\/Particularit\u00e9s :<\/strong><\/span><\/h4>\n<p>Store \u00e0 projection avec coffre :<\/p>\n<ul>\n<li>Parfait pour couvrir la plupart des vitres<\/li>\n<li>Disponible en tissu acrylique ou technique<\/li>\n<li>Grande flexibilit\u00e9 d&rsquo;utilisation<\/li>\n<li>Coffre int\u00e9gral pour la protection de la toile<\/li>\n<li>Lambrequin<\/li>\n<\/ul>\n<p><strong>Nouveaut\u00e9 2026<\/strong> : nouvelle option d\u2019\u00e9clairage int\u00e9gr\u00e9 sur les lambrequins, id\u00e9ale pour sublimer les enseignes commerciales et renforcer leur visibilit\u00e9, de jour comme de nuit.<\/p>\n<p>Le Store Verso est id\u00e9al pour pr\u00e9server vos pi\u00e8ces de la chaleur en toute \u00e9l\u00e9gance.<\/p>\n<p>Pour de plus grande dimension, la version sans coffre du <a href=\"https:\/\/www.keoutdoordesign.com\/fr-fr\/stores-exterieurs\/store-a-projection\/bannette-projection\/\">store \u00e0 projection Bannette<\/a> est l&rsquo;alternative id\u00e9ale.<\/p>\n","protected":false},"excerpt":{"rendered":"<p>Store \u00e0 projection avec coffre Vous connaissez le store \u00e0 projection classique, mais d\u00e9couvrez une version moderne et design avec&hellip;<\/p>\n","protected":false},"author":5597,"featured_media":72306,"parent":4659,"menu_order":0,"comment_status":"closed","ping_status":"closed","template":"page-templates\/product.php","meta":{"_acf_changed":false,"footnotes":""},"class_list":["post-66725","page","type-page","status-publish","has-post-thumbnail","hentry"],"acf":[],"yoast_head":"<!-- This site is optimized with the Yoast SEO Premium plugin v20.12 (Yoast SEO v27.3) - https:\/\/yoast.com\/product\/yoast-seo-premium-wordpress\/ -->\n<title>Store \u00e0 projection avec coffre Verso - KE Outdoor Design<\/title>\n<meta name=\"description\" content=\"D\u00e9couvrez le store \u00e0 projection avec coffre Verso : il offre \u00e0 vos fa\u00e7ades protection, modernit\u00e9 et design. Equip\u00e9 d&#039;un coffre int\u00e9gral.\" \/>\n<meta name=\"robots\" content=\"index, follow, max-snippet:-1, max-image-preview:large, max-video-preview:-1\" \/>\n<link rel=\"canonical\" href=\"https:\/\/www.keoutdoordesign.com\/fr-fr\/stores-exterieurs\/store-a-projection\/store-bannette-projection-avec-coffre\/\" \/>\n<meta property=\"og:locale\" content=\"fr_FR\" \/>\n<meta property=\"og:type\" content=\"article\" \/>\n<meta property=\"og:title\" content=\"Store \u00e0 projection avec coffre Verso\" \/>\n<meta property=\"og:description\" content=\"D\u00e9couvrez le store \u00e0 projection avec coffre Verso : il offre \u00e0 vos fa\u00e7ades protection, modernit\u00e9 et design. Equip\u00e9 d&#039;un coffre int\u00e9gral.\" \/>\n<meta property=\"og:url\" content=\"https:\/\/www.keoutdoordesign.com\/fr-fr\/stores-exterieurs\/store-a-projection\/store-bannette-projection-avec-coffre\/\" \/>\n<meta property=\"og:site_name\" content=\"KE Outdoor Design\" \/>\n<meta property=\"article:publisher\" content=\"https:\/\/www.facebook.com\/keoutdoordesign.us\" \/>\n<meta property=\"article:modified_time\" content=\"2026-04-09T11:55:13+00:00\" \/>\n<meta property=\"og:image\" content=\"https:\/\/www.keoutdoordesign.com\/wp-content\/uploads\/2024\/06\/Store-a-projection-avec-coffre-Verso-KE.jpg\" \/>\n\t<meta property=\"og:image:width\" content=\"1920\" \/>\n\t<meta property=\"og:image:height\" content=\"1275\" \/>\n\t<meta property=\"og:image:type\" content=\"image\/jpeg\" \/>\n<meta name=\"twitter:card\" content=\"summary_large_image\" \/>\n<meta name=\"twitter:site\" content=\"@keoutdoordesign\" \/>\n<script type=\"application\/ld+json\" class=\"yoast-schema-graph\">{\"@context\":\"https:\\\/\\\/schema.org\",\"@graph\":[{\"@type\":\"WebPage\",\"@id\":\"https:\\\/\\\/www.keoutdoordesign.com\\\/fr-fr\\\/stores-exterieurs\\\/store-a-projection\\\/store-bannette-projection-avec-coffre\\\/\",\"url\":\"https:\\\/\\\/www.keoutdoordesign.com\\\/fr-fr\\\/stores-exterieurs\\\/store-a-projection\\\/store-bannette-projection-avec-coffre\\\/\",\"name\":\"Store \u00e0 projection avec coffre Verso - KE Outdoor Design\",\"isPartOf\":{\"@id\":\"https:\\\/\\\/www.keoutdoordesign.com\\\/it-it\\\/#website\"},\"primaryImageOfPage\":{\"@id\":\"https:\\\/\\\/www.keoutdoordesign.com\\\/fr-fr\\\/stores-exterieurs\\\/store-a-projection\\\/store-bannette-projection-avec-coffre\\\/#primaryimage\"},\"image\":{\"@id\":\"https:\\\/\\\/www.keoutdoordesign.com\\\/fr-fr\\\/stores-exterieurs\\\/store-a-projection\\\/store-bannette-projection-avec-coffre\\\/#primaryimage\"},\"thumbnailUrl\":\"https:\\\/\\\/www.keoutdoordesign.com\\\/wp-content\\\/uploads\\\/2024\\\/06\\\/Store-a-projection-avec-coffre-Verso-KE.jpg\",\"datePublished\":\"2024-03-11T17:56:41+00:00\",\"dateModified\":\"2026-04-09T11:55:13+00:00\",\"description\":\"D\u00e9couvrez le store \u00e0 projection avec coffre Verso : il offre \u00e0 vos fa\u00e7ades protection, modernit\u00e9 et design. Equip\u00e9 d'un coffre int\u00e9gral.\",\"breadcrumb\":{\"@id\":\"https:\\\/\\\/www.keoutdoordesign.com\\\/fr-fr\\\/stores-exterieurs\\\/store-a-projection\\\/store-bannette-projection-avec-coffre\\\/#breadcrumb\"},\"inLanguage\":\"fr-FR\",\"potentialAction\":[{\"@type\":\"ReadAction\",\"target\":[\"https:\\\/\\\/www.keoutdoordesign.com\\\/fr-fr\\\/stores-exterieurs\\\/store-a-projection\\\/store-bannette-projection-avec-coffre\\\/\"]}]},{\"@type\":\"ImageObject\",\"inLanguage\":\"fr-FR\",\"@id\":\"https:\\\/\\\/www.keoutdoordesign.com\\\/fr-fr\\\/stores-exterieurs\\\/store-a-projection\\\/store-bannette-projection-avec-coffre\\\/#primaryimage\",\"url\":\"https:\\\/\\\/www.keoutdoordesign.com\\\/wp-content\\\/uploads\\\/2024\\\/06\\\/Store-a-projection-avec-coffre-Verso-KE.jpg\",\"contentUrl\":\"https:\\\/\\\/www.keoutdoordesign.com\\\/wp-content\\\/uploads\\\/2024\\\/06\\\/Store-a-projection-avec-coffre-Verso-KE.jpg\",\"width\":1920,\"height\":1275,\"caption\":\"Prot\u00e9gez vos fen\u00eatres avec le store \u00e0 projection Verso. Equip\u00e9 d'un coffre int\u00e9gral, celui-ci assurera une protection optimale de votre store et sa toile dans le temps.\"},{\"@type\":\"BreadcrumbList\",\"@id\":\"https:\\\/\\\/www.keoutdoordesign.com\\\/fr-fr\\\/stores-exterieurs\\\/store-a-projection\\\/store-bannette-projection-avec-coffre\\\/#breadcrumb\",\"itemListElement\":[{\"@type\":\"ListItem\",\"position\":1,\"name\":\"Home\",\"item\":\"https:\\\/\\\/www.keoutdoordesign.com\\\/fr-fr\\\/\"},{\"@type\":\"ListItem\",\"position\":2,\"name\":\"Stores ext\u00e9rieurs sur mesure\",\"item\":\"https:\\\/\\\/www.keoutdoordesign.com\\\/fr-fr\\\/stores-exterieurs\\\/\"},{\"@type\":\"ListItem\",\"position\":3,\"name\":\"Stores \u00e0 projection\",\"item\":\"https:\\\/\\\/www.keoutdoordesign.com\\\/fr-fr\\\/stores-exterieurs\\\/store-a-projection\\\/\"},{\"@type\":\"ListItem\",\"position\":4,\"name\":\"Store \u00e0 projection avec coffre Verso\"}]},{\"@type\":\"WebSite\",\"@id\":\"https:\\\/\\\/www.keoutdoordesign.com\\\/it-it\\\/#website\",\"url\":\"https:\\\/\\\/www.keoutdoordesign.com\\\/it-it\\\/\",\"name\":\"KE Outdoor Design\",\"description\":\"Un nuovo sito targato WordPress\",\"publisher\":{\"@id\":\"https:\\\/\\\/www.keoutdoordesign.com\\\/it-it\\\/#organization\"},\"potentialAction\":[{\"@type\":\"SearchAction\",\"target\":{\"@type\":\"EntryPoint\",\"urlTemplate\":\"https:\\\/\\\/www.keoutdoordesign.com\\\/it-it\\\/?s={search_term_string}\"},\"query-input\":{\"@type\":\"PropertyValueSpecification\",\"valueRequired\":true,\"valueName\":\"search_term_string\"}}],\"inLanguage\":\"fr-FR\"},{\"@type\":\"Organization\",\"@id\":\"https:\\\/\\\/www.keoutdoordesign.com\\\/it-it\\\/#organization\",\"name\":\"KE Outdoor Design\",\"url\":\"https:\\\/\\\/www.keoutdoordesign.com\\\/it-it\\\/\",\"logo\":{\"@type\":\"ImageObject\",\"inLanguage\":\"fr-FR\",\"@id\":\"https:\\\/\\\/www.keoutdoordesign.com\\\/it-it\\\/#\\\/schema\\\/logo\\\/image\\\/\",\"url\":\"https:\\\/\\\/www.keoutdoordesign.com\\\/wp-content\\\/uploads\\\/2020\\\/02\\\/KE-logo-Primary-e1591282842174.jpg\",\"contentUrl\":\"https:\\\/\\\/www.keoutdoordesign.com\\\/wp-content\\\/uploads\\\/2020\\\/02\\\/KE-logo-Primary-e1591282842174.jpg\",\"width\":500,\"height\":396,\"caption\":\"KE Outdoor Design\"},\"image\":{\"@id\":\"https:\\\/\\\/www.keoutdoordesign.com\\\/it-it\\\/#\\\/schema\\\/logo\\\/image\\\/\"},\"sameAs\":[\"https:\\\/\\\/www.facebook.com\\\/keoutdoordesign.us\",\"https:\\\/\\\/x.com\\\/keoutdoordesign\",\"https:\\\/\\\/www.facebook.com\\\/keoutdoordesign\",\"https:\\\/\\\/www.youtube.com\\\/channel\\\/UCSoMQryJpLqD53bAoZLg2Vg\",\"https:\\\/\\\/www.pinterest.it\\\/keoutdoordesign\\\/\",\"https:\\\/\\\/www.instagram.com\\\/keoutdoordesign\\\/\",\"https:\\\/\\\/www.linkedin.com\\\/company\\\/ke-outdoor-design\\\/\"]}]}<\/script>\n<!-- \/ Yoast SEO Premium plugin. -->","yoast_head_json":{"title":"Store \u00e0 projection avec coffre Verso - KE Outdoor Design","description":"D\u00e9couvrez le store \u00e0 projection avec coffre Verso : il offre \u00e0 vos fa\u00e7ades protection, modernit\u00e9 et design. Equip\u00e9 d'un coffre int\u00e9gral.","robots":{"index":"index","follow":"follow","max-snippet":"max-snippet:-1","max-image-preview":"max-image-preview:large","max-video-preview":"max-video-preview:-1"},"canonical":"https:\/\/www.keoutdoordesign.com\/fr-fr\/stores-exterieurs\/store-a-projection\/store-bannette-projection-avec-coffre\/","og_locale":"fr_FR","og_type":"article","og_title":"Store \u00e0 projection avec coffre Verso","og_description":"D\u00e9couvrez le store \u00e0 projection avec coffre Verso : il offre \u00e0 vos fa\u00e7ades protection, modernit\u00e9 et design. Equip\u00e9 d'un coffre int\u00e9gral.","og_url":"https:\/\/www.keoutdoordesign.com\/fr-fr\/stores-exterieurs\/store-a-projection\/store-bannette-projection-avec-coffre\/","og_site_name":"KE Outdoor Design","article_publisher":"https:\/\/www.facebook.com\/keoutdoordesign.us","article_modified_time":"2026-04-09T11:55:13+00:00","og_image":[{"width":1920,"height":1275,"url":"https:\/\/www.keoutdoordesign.com\/wp-content\/uploads\/2024\/06\/Store-a-projection-avec-coffre-Verso-KE.jpg","type":"image\/jpeg"}],"twitter_card":"summary_large_image","twitter_site":"@keoutdoordesign","schema":{"@context":"https:\/\/schema.org","@graph":[{"@type":"WebPage","@id":"https:\/\/www.keoutdoordesign.com\/fr-fr\/stores-exterieurs\/store-a-projection\/store-bannette-projection-avec-coffre\/","url":"https:\/\/www.keoutdoordesign.com\/fr-fr\/stores-exterieurs\/store-a-projection\/store-bannette-projection-avec-coffre\/","name":"Store \u00e0 projection avec coffre Verso - KE Outdoor Design","isPartOf":{"@id":"https:\/\/www.keoutdoordesign.com\/it-it\/#website"},"primaryImageOfPage":{"@id":"https:\/\/www.keoutdoordesign.com\/fr-fr\/stores-exterieurs\/store-a-projection\/store-bannette-projection-avec-coffre\/#primaryimage"},"image":{"@id":"https:\/\/www.keoutdoordesign.com\/fr-fr\/stores-exterieurs\/store-a-projection\/store-bannette-projection-avec-coffre\/#primaryimage"},"thumbnailUrl":"https:\/\/www.keoutdoordesign.com\/wp-content\/uploads\/2024\/06\/Store-a-projection-avec-coffre-Verso-KE.jpg","datePublished":"2024-03-11T17:56:41+00:00","dateModified":"2026-04-09T11:55:13+00:00","description":"D\u00e9couvrez le store \u00e0 projection avec coffre Verso : il offre \u00e0 vos fa\u00e7ades protection, modernit\u00e9 et design. Equip\u00e9 d'un coffre int\u00e9gral.","breadcrumb":{"@id":"https:\/\/www.keoutdoordesign.com\/fr-fr\/stores-exterieurs\/store-a-projection\/store-bannette-projection-avec-coffre\/#breadcrumb"},"inLanguage":"fr-FR","potentialAction":[{"@type":"ReadAction","target":["https:\/\/www.keoutdoordesign.com\/fr-fr\/stores-exterieurs\/store-a-projection\/store-bannette-projection-avec-coffre\/"]}]},{"@type":"ImageObject","inLanguage":"fr-FR","@id":"https:\/\/www.keoutdoordesign.com\/fr-fr\/stores-exterieurs\/store-a-projection\/store-bannette-projection-avec-coffre\/#primaryimage","url":"https:\/\/www.keoutdoordesign.com\/wp-content\/uploads\/2024\/06\/Store-a-projection-avec-coffre-Verso-KE.jpg","contentUrl":"https:\/\/www.keoutdoordesign.com\/wp-content\/uploads\/2024\/06\/Store-a-projection-avec-coffre-Verso-KE.jpg","width":1920,"height":1275,"caption":"Prot\u00e9gez vos fen\u00eatres avec le store \u00e0 projection Verso. Equip\u00e9 d'un coffre int\u00e9gral, celui-ci assurera une protection optimale de votre store et sa toile dans le temps."},{"@type":"BreadcrumbList","@id":"https:\/\/www.keoutdoordesign.com\/fr-fr\/stores-exterieurs\/store-a-projection\/store-bannette-projection-avec-coffre\/#breadcrumb","itemListElement":[{"@type":"ListItem","position":1,"name":"Home","item":"https:\/\/www.keoutdoordesign.com\/fr-fr\/"},{"@type":"ListItem","position":2,"name":"Stores ext\u00e9rieurs sur mesure","item":"https:\/\/www.keoutdoordesign.com\/fr-fr\/stores-exterieurs\/"},{"@type":"ListItem","position":3,"name":"Stores \u00e0 projection","item":"https:\/\/www.keoutdoordesign.com\/fr-fr\/stores-exterieurs\/store-a-projection\/"},{"@type":"ListItem","position":4,"name":"Store \u00e0 projection avec coffre Verso"}]},{"@type":"WebSite","@id":"https:\/\/www.keoutdoordesign.com\/it-it\/#website","url":"https:\/\/www.keoutdoordesign.com\/it-it\/","name":"KE Outdoor Design","description":"Un nuovo sito targato WordPress","publisher":{"@id":"https:\/\/www.keoutdoordesign.com\/it-it\/#organization"},"potentialAction":[{"@type":"SearchAction","target":{"@type":"EntryPoint","urlTemplate":"https:\/\/www.keoutdoordesign.com\/it-it\/?s={search_term_string}"},"query-input":{"@type":"PropertyValueSpecification","valueRequired":true,"valueName":"search_term_string"}}],"inLanguage":"fr-FR"},{"@type":"Organization","@id":"https:\/\/www.keoutdoordesign.com\/it-it\/#organization","name":"KE Outdoor Design","url":"https:\/\/www.keoutdoordesign.com\/it-it\/","logo":{"@type":"ImageObject","inLanguage":"fr-FR","@id":"https:\/\/www.keoutdoordesign.com\/it-it\/#\/schema\/logo\/image\/","url":"https:\/\/www.keoutdoordesign.com\/wp-content\/uploads\/2020\/02\/KE-logo-Primary-e1591282842174.jpg","contentUrl":"https:\/\/www.keoutdoordesign.com\/wp-content\/uploads\/2020\/02\/KE-logo-Primary-e1591282842174.jpg","width":500,"height":396,"caption":"KE Outdoor Design"},"image":{"@id":"https:\/\/www.keoutdoordesign.com\/it-it\/#\/schema\/logo\/image\/"},"sameAs":["https:\/\/www.facebook.com\/keoutdoordesign.us","https:\/\/x.com\/keoutdoordesign","https:\/\/www.facebook.com\/keoutdoordesign","https:\/\/www.youtube.com\/channel\/UCSoMQryJpLqD53bAoZLg2Vg","https:\/\/www.pinterest.it\/keoutdoordesign\/","https:\/\/www.instagram.com\/keoutdoordesign\/","https:\/\/www.linkedin.com\/company\/ke-outdoor-design\/"]}]}},"_links":{"self":[{"href":"https:\/\/www.keoutdoordesign.com\/fr-fr\/wp-json\/wp\/v2\/pages\/66725","targetHints":{"allow":["GET"]}}],"collection":[{"href":"https:\/\/www.keoutdoordesign.com\/fr-fr\/wp-json\/wp\/v2\/pages"}],"about":[{"href":"https:\/\/www.keoutdoordesign.com\/fr-fr\/wp-json\/wp\/v2\/types\/page"}],"author":[{"embeddable":true,"href":"https:\/\/www.keoutdoordesign.com\/fr-fr\/wp-json\/wp\/v2\/users\/5597"}],"replies":[{"embeddable":true,"href":"https:\/\/www.keoutdoordesign.com\/fr-fr\/wp-json\/wp\/v2\/comments?post=66725"}],"version-history":[{"count":12,"href":"https:\/\/www.keoutdoordesign.com\/fr-fr\/wp-json\/wp\/v2\/pages\/66725\/revisions"}],"predecessor-version":[{"id":121327,"href":"https:\/\/www.keoutdoordesign.com\/fr-fr\/wp-json\/wp\/v2\/pages\/66725\/revisions\/121327"}],"up":[{"embeddable":true,"href":"https:\/\/www.keoutdoordesign.com\/fr-fr\/wp-json\/wp\/v2\/pages\/4659"}],"wp:featuredmedia":[{"embeddable":true,"href":"https:\/\/www.keoutdoordesign.com\/fr-fr\/wp-json\/wp\/v2\/media\/72306"}],"wp:attachment":[{"href":"https:\/\/www.keoutdoordesign.com\/fr-fr\/wp-json\/wp\/v2\/media?parent=66725"}],"curies":[{"name":"wp","href":"https:\/\/api.w.org\/{rel}","templated":true}]}}