{"id":5893,"date":"2019-06-11T09:54:07","date_gmt":"2019-06-11T07:54:07","guid":{"rendered":"http:\/\/ke.itpowernet.it\/?page_id=5893"},"modified":"2020-08-06T11:53:57","modified_gmt":"2020-08-06T09:53:57","slug":"pub-cafe","status":"publish","type":"page","link":"https:\/\/www.keoutdoordesign.com\/fr-fr\/references\/contract\/pub-cafe\/","title":{"rendered":"Pub\/Caf\u00e9"},"content":{"rendered":"<p><strong>Nos structures ext\u00e9rieures pour terrasse de restaurant ou bar viennent sublimer vos ext\u00e9rieurs.<\/strong><\/p>\n<p>Lors d\u2019une balade en ville ou pr\u00e8s d\u2019un port, il est tr\u00e8s fr\u00e9quent de s\u2019arr\u00eater pour se d\u00e9salt\u00e9rer. Et choisir l&rsquo;endroit o\u00f9 l&rsquo;on va s\u2019asseoir est assez intuitif et se fait souvent en fonction de l\u2019agencement des espaces ext\u00e9rieurs :<\/p>\n<ul>\n<li>Fa\u00e7ade attrayante<\/li>\n<li>Confort (ombre ou soleil\/ espace d\u2019intimit\u00e9 entre les tables..)<\/li>\n<\/ul>\n<p>En cela les <strong>structures ext\u00e9rieures de type <\/strong><strong>stores ou pergolas KE<\/strong> vous permettent de donner un nouveau souffle \u00e0 votre terrasse de restaurant ou bar.<\/p>\n<p>Pouvoir profiter d&rsquo;un moment paisible en plein air, <strong>\u00e0 l\u2019ombre d\u2019un store banne ou d\u2019une pergola,<\/strong> dans un espace moderne et confortable cr\u00e9era chez vos clients le souvenir d&rsquo;une exp\u00e9rience agr\u00e9able.<\/p>\n<p>Pour tous les \u00e9tablissements exigeants- \u00e0 la fois en termes d\u2019images et de qualit\u00e9 des produits -, KE a d\u00e9velopp\u00e9 une<strong>\u00a0gamme de structures d\u2019ombrage ext\u00e9rieures\u00a0<\/strong>solide.<\/p>\n<p>Nos protections sont con\u00e7ues pour cr\u00e9er des espaces de vie ext\u00e9rieurs, prot\u00e9g\u00e9 du soleil, de la pluie et du vent. Gr\u00e2ce \u00e0 la possibilit\u00e9 de fermer la pergola avec des fen\u00eatres coulissantes en verre ou des stores en PVC, vous pouvez cr\u00e9er un v\u00e9ritable espace ext\u00e9rieur, utilisable \u00e0 toutes les p\u00e9riodes de l&rsquo;ann\u00e9e.<\/p>\n<p>&nbsp;<\/p>\n<p>Enfin, vous avez la possibilit\u00e9 de souligner l\u2019identit\u00e9 de votre bar ou de votre glacier. Vous pouvez choisir parmi des centaines de tissus et personnaliser votre store avec des logos ou des \u00e9critures pour marquer l&rsquo;esprit de ceux qui marchent devant votre entreprise.<\/p>\n<p><strong>Am\u00e9nager la terrasse de son restaurant<\/strong>\u00a0n&rsquo;a jamais \u00e9t\u00e9 aussi simple qu&rsquo;avec nos solutions de protections solaires.<\/p>\n","protected":false},"excerpt":{"rendered":"<p>Nos structures ext\u00e9rieures pour terrasse de restaurant ou bar viennent sublimer vos ext\u00e9rieurs. Lors d\u2019une balade en ville ou pr\u00e8s&hellip;<\/p>\n","protected":false},"author":10608,"featured_media":3570,"parent":3253,"menu_order":7,"comment_status":"closed","ping_status":"closed","template":"page-templates\/category-references.php","meta":{"_acf_changed":false,"footnotes":""},"class_list":["post-5893","page","type-page","status-publish","has-post-thumbnail","hentry"],"acf":[],"yoast_head":"<!-- This site is optimized with the Yoast SEO Premium plugin v20.12 (Yoast SEO v27.3) - https:\/\/yoast.com\/product\/yoast-seo-premium-wordpress\/ -->\n<title>Pub\/Caf\u00e9 -<\/title>\n<meta name=\"description\" content=\"Envie d&#039;am\u00e9nager une terrasse de restaurant ext\u00e9rieure? Apportez confort, intimit\u00e9 et convivialit\u00e9 et marquez des points face \u00e0 la concurrence.\" \/>\n<meta name=\"robots\" content=\"index, follow, max-snippet:-1, max-image-preview:large, max-video-preview:-1\" \/>\n<link rel=\"canonical\" href=\"https:\/\/www.keoutdoordesign.com\/fr-fr\/references\/contract\/pub-cafe\/\" \/>\n<meta property=\"og:locale\" content=\"fr_FR\" \/>\n<meta property=\"og:type\" content=\"article\" \/>\n<meta property=\"og:title\" content=\"Pub\/Caf\u00e9\" \/>\n<meta property=\"og:description\" content=\"Envie d&#039;am\u00e9nager une terrasse de restaurant ext\u00e9rieure? Apportez confort, intimit\u00e9 et convivialit\u00e9 et marquez des points face \u00e0 la concurrence.\" \/>\n<meta property=\"og:url\" content=\"https:\/\/www.keoutdoordesign.com\/fr-fr\/references\/contract\/pub-cafe\/\" \/>\n<meta property=\"og:site_name\" content=\"KE Outdoor Design\" \/>\n<meta property=\"article:publisher\" content=\"https:\/\/www.facebook.com\/keoutdoordesign.us\" \/>\n<meta property=\"article:modified_time\" content=\"2020-08-06T09:53:57+00:00\" \/>\n<meta property=\"og:image\" content=\"https:\/\/www.keoutdoordesign.com\/wp-content\/uploads\/2019\/05\/KE_Gelatieria-Anni-20_3.jpg\" \/>\n\t<meta property=\"og:image:width\" content=\"2048\" \/>\n\t<meta property=\"og:image:height\" content=\"1080\" \/>\n\t<meta property=\"og:image:type\" content=\"image\/jpeg\" \/>\n<meta name=\"twitter:card\" content=\"summary_large_image\" \/>\n<meta name=\"twitter:site\" content=\"@keoutdoordesign\" \/>\n<script type=\"application\/ld+json\" class=\"yoast-schema-graph\">{\"@context\":\"https:\\\/\\\/schema.org\",\"@graph\":[{\"@type\":\"WebPage\",\"@id\":\"https:\\\/\\\/www.keoutdoordesign.com\\\/fr-fr\\\/references\\\/contract\\\/pub-cafe\\\/\",\"url\":\"https:\\\/\\\/www.keoutdoordesign.com\\\/fr-fr\\\/references\\\/contract\\\/pub-cafe\\\/\",\"name\":\"Pub\\\/Caf\u00e9 -\",\"isPartOf\":{\"@id\":\"https:\\\/\\\/www.keoutdoordesign.com\\\/it-it\\\/#website\"},\"primaryImageOfPage\":{\"@id\":\"https:\\\/\\\/www.keoutdoordesign.com\\\/fr-fr\\\/references\\\/contract\\\/pub-cafe\\\/#primaryimage\"},\"image\":{\"@id\":\"https:\\\/\\\/www.keoutdoordesign.com\\\/fr-fr\\\/references\\\/contract\\\/pub-cafe\\\/#primaryimage\"},\"thumbnailUrl\":\"https:\\\/\\\/www.keoutdoordesign.com\\\/wp-content\\\/uploads\\\/2019\\\/05\\\/KE_Gelatieria-Anni-20_3.jpg\",\"datePublished\":\"2019-06-11T07:54:07+00:00\",\"dateModified\":\"2020-08-06T09:53:57+00:00\",\"description\":\"Envie d'am\u00e9nager une terrasse de restaurant ext\u00e9rieure? Apportez confort, intimit\u00e9 et convivialit\u00e9 et marquez des points face \u00e0 la concurrence.\",\"breadcrumb\":{\"@id\":\"https:\\\/\\\/www.keoutdoordesign.com\\\/fr-fr\\\/references\\\/contract\\\/pub-cafe\\\/#breadcrumb\"},\"inLanguage\":\"fr-FR\",\"potentialAction\":[{\"@type\":\"ReadAction\",\"target\":[\"https:\\\/\\\/www.keoutdoordesign.com\\\/fr-fr\\\/references\\\/contract\\\/pub-cafe\\\/\"]}]},{\"@type\":\"ImageObject\",\"inLanguage\":\"fr-FR\",\"@id\":\"https:\\\/\\\/www.keoutdoordesign.com\\\/fr-fr\\\/references\\\/contract\\\/pub-cafe\\\/#primaryimage\",\"url\":\"https:\\\/\\\/www.keoutdoordesign.com\\\/wp-content\\\/uploads\\\/2019\\\/05\\\/KE_Gelatieria-Anni-20_3.jpg\",\"contentUrl\":\"https:\\\/\\\/www.keoutdoordesign.com\\\/wp-content\\\/uploads\\\/2019\\\/05\\\/KE_Gelatieria-Anni-20_3.jpg\",\"width\":2048,\"height\":1080},{\"@type\":\"BreadcrumbList\",\"@id\":\"https:\\\/\\\/www.keoutdoordesign.com\\\/fr-fr\\\/references\\\/contract\\\/pub-cafe\\\/#breadcrumb\",\"itemListElement\":[{\"@type\":\"ListItem\",\"position\":1,\"name\":\"Home\",\"item\":\"https:\\\/\\\/www.keoutdoordesign.com\\\/fr-fr\\\/\"},{\"@type\":\"ListItem\",\"position\":2,\"name\":\"R\u00e9f\u00e9rences\",\"item\":\"https:\\\/\\\/www.keoutdoordesign.com\\\/fr-fr\\\/references\\\/\"},{\"@type\":\"ListItem\",\"position\":3,\"name\":\"Contract\",\"item\":\"https:\\\/\\\/www.keoutdoordesign.com\\\/fr-fr\\\/references\\\/contract\\\/\"},{\"@type\":\"ListItem\",\"position\":4,\"name\":\"Pub\\\/Caf\u00e9\"}]},{\"@type\":\"WebSite\",\"@id\":\"https:\\\/\\\/www.keoutdoordesign.com\\\/it-it\\\/#website\",\"url\":\"https:\\\/\\\/www.keoutdoordesign.com\\\/it-it\\\/\",\"name\":\"KE Outdoor Design\",\"description\":\"Un nuovo sito targato WordPress\",\"publisher\":{\"@id\":\"https:\\\/\\\/www.keoutdoordesign.com\\\/it-it\\\/#organization\"},\"potentialAction\":[{\"@type\":\"SearchAction\",\"target\":{\"@type\":\"EntryPoint\",\"urlTemplate\":\"https:\\\/\\\/www.keoutdoordesign.com\\\/it-it\\\/?s={search_term_string}\"},\"query-input\":{\"@type\":\"PropertyValueSpecification\",\"valueRequired\":true,\"valueName\":\"search_term_string\"}}],\"inLanguage\":\"fr-FR\"},{\"@type\":\"Organization\",\"@id\":\"https:\\\/\\\/www.keoutdoordesign.com\\\/it-it\\\/#organization\",\"name\":\"KE Outdoor Design\",\"url\":\"https:\\\/\\\/www.keoutdoordesign.com\\\/it-it\\\/\",\"logo\":{\"@type\":\"ImageObject\",\"inLanguage\":\"fr-FR\",\"@id\":\"https:\\\/\\\/www.keoutdoordesign.com\\\/it-it\\\/#\\\/schema\\\/logo\\\/image\\\/\",\"url\":\"https:\\\/\\\/www.keoutdoordesign.com\\\/wp-content\\\/uploads\\\/2020\\\/02\\\/KE-logo-Primary-e1591282842174.jpg\",\"contentUrl\":\"https:\\\/\\\/www.keoutdoordesign.com\\\/wp-content\\\/uploads\\\/2020\\\/02\\\/KE-logo-Primary-e1591282842174.jpg\",\"width\":500,\"height\":396,\"caption\":\"KE Outdoor Design\"},\"image\":{\"@id\":\"https:\\\/\\\/www.keoutdoordesign.com\\\/it-it\\\/#\\\/schema\\\/logo\\\/image\\\/\"},\"sameAs\":[\"https:\\\/\\\/www.facebook.com\\\/keoutdoordesign.us\",\"https:\\\/\\\/x.com\\\/keoutdoordesign\",\"https:\\\/\\\/www.facebook.com\\\/keoutdoordesign\",\"https:\\\/\\\/www.youtube.com\\\/channel\\\/UCSoMQryJpLqD53bAoZLg2Vg\",\"https:\\\/\\\/www.pinterest.it\\\/keoutdoordesign\\\/\",\"https:\\\/\\\/www.instagram.com\\\/keoutdoordesign\\\/\",\"https:\\\/\\\/www.linkedin.com\\\/company\\\/ke-outdoor-design\\\/\"]}]}<\/script>\n<!-- \/ Yoast SEO Premium plugin. -->","yoast_head_json":{"title":"Pub\/Caf\u00e9 -","description":"Envie d'am\u00e9nager une terrasse de restaurant ext\u00e9rieure? Apportez confort, intimit\u00e9 et convivialit\u00e9 et marquez des points face \u00e0 la concurrence.","robots":{"index":"index","follow":"follow","max-snippet":"max-snippet:-1","max-image-preview":"max-image-preview:large","max-video-preview":"max-video-preview:-1"},"canonical":"https:\/\/www.keoutdoordesign.com\/fr-fr\/references\/contract\/pub-cafe\/","og_locale":"fr_FR","og_type":"article","og_title":"Pub\/Caf\u00e9","og_description":"Envie d'am\u00e9nager une terrasse de restaurant ext\u00e9rieure? Apportez confort, intimit\u00e9 et convivialit\u00e9 et marquez des points face \u00e0 la concurrence.","og_url":"https:\/\/www.keoutdoordesign.com\/fr-fr\/references\/contract\/pub-cafe\/","og_site_name":"KE Outdoor Design","article_publisher":"https:\/\/www.facebook.com\/keoutdoordesign.us","article_modified_time":"2020-08-06T09:53:57+00:00","og_image":[{"width":2048,"height":1080,"url":"https:\/\/www.keoutdoordesign.com\/wp-content\/uploads\/2019\/05\/KE_Gelatieria-Anni-20_3.jpg","type":"image\/jpeg"}],"twitter_card":"summary_large_image","twitter_site":"@keoutdoordesign","schema":{"@context":"https:\/\/schema.org","@graph":[{"@type":"WebPage","@id":"https:\/\/www.keoutdoordesign.com\/fr-fr\/references\/contract\/pub-cafe\/","url":"https:\/\/www.keoutdoordesign.com\/fr-fr\/references\/contract\/pub-cafe\/","name":"Pub\/Caf\u00e9 -","isPartOf":{"@id":"https:\/\/www.keoutdoordesign.com\/it-it\/#website"},"primaryImageOfPage":{"@id":"https:\/\/www.keoutdoordesign.com\/fr-fr\/references\/contract\/pub-cafe\/#primaryimage"},"image":{"@id":"https:\/\/www.keoutdoordesign.com\/fr-fr\/references\/contract\/pub-cafe\/#primaryimage"},"thumbnailUrl":"https:\/\/www.keoutdoordesign.com\/wp-content\/uploads\/2019\/05\/KE_Gelatieria-Anni-20_3.jpg","datePublished":"2019-06-11T07:54:07+00:00","dateModified":"2020-08-06T09:53:57+00:00","description":"Envie d'am\u00e9nager une terrasse de restaurant ext\u00e9rieure? Apportez confort, intimit\u00e9 et convivialit\u00e9 et marquez des points face \u00e0 la concurrence.","breadcrumb":{"@id":"https:\/\/www.keoutdoordesign.com\/fr-fr\/references\/contract\/pub-cafe\/#breadcrumb"},"inLanguage":"fr-FR","potentialAction":[{"@type":"ReadAction","target":["https:\/\/www.keoutdoordesign.com\/fr-fr\/references\/contract\/pub-cafe\/"]}]},{"@type":"ImageObject","inLanguage":"fr-FR","@id":"https:\/\/www.keoutdoordesign.com\/fr-fr\/references\/contract\/pub-cafe\/#primaryimage","url":"https:\/\/www.keoutdoordesign.com\/wp-content\/uploads\/2019\/05\/KE_Gelatieria-Anni-20_3.jpg","contentUrl":"https:\/\/www.keoutdoordesign.com\/wp-content\/uploads\/2019\/05\/KE_Gelatieria-Anni-20_3.jpg","width":2048,"height":1080},{"@type":"BreadcrumbList","@id":"https:\/\/www.keoutdoordesign.com\/fr-fr\/references\/contract\/pub-cafe\/#breadcrumb","itemListElement":[{"@type":"ListItem","position":1,"name":"Home","item":"https:\/\/www.keoutdoordesign.com\/fr-fr\/"},{"@type":"ListItem","position":2,"name":"R\u00e9f\u00e9rences","item":"https:\/\/www.keoutdoordesign.com\/fr-fr\/references\/"},{"@type":"ListItem","position":3,"name":"Contract","item":"https:\/\/www.keoutdoordesign.com\/fr-fr\/references\/contract\/"},{"@type":"ListItem","position":4,"name":"Pub\/Caf\u00e9"}]},{"@type":"WebSite","@id":"https:\/\/www.keoutdoordesign.com\/it-it\/#website","url":"https:\/\/www.keoutdoordesign.com\/it-it\/","name":"KE Outdoor Design","description":"Un nuovo sito targato WordPress","publisher":{"@id":"https:\/\/www.keoutdoordesign.com\/it-it\/#organization"},"potentialAction":[{"@type":"SearchAction","target":{"@type":"EntryPoint","urlTemplate":"https:\/\/www.keoutdoordesign.com\/it-it\/?s={search_term_string}"},"query-input":{"@type":"PropertyValueSpecification","valueRequired":true,"valueName":"search_term_string"}}],"inLanguage":"fr-FR"},{"@type":"Organization","@id":"https:\/\/www.keoutdoordesign.com\/it-it\/#organization","name":"KE Outdoor Design","url":"https:\/\/www.keoutdoordesign.com\/it-it\/","logo":{"@type":"ImageObject","inLanguage":"fr-FR","@id":"https:\/\/www.keoutdoordesign.com\/it-it\/#\/schema\/logo\/image\/","url":"https:\/\/www.keoutdoordesign.com\/wp-content\/uploads\/2020\/02\/KE-logo-Primary-e1591282842174.jpg","contentUrl":"https:\/\/www.keoutdoordesign.com\/wp-content\/uploads\/2020\/02\/KE-logo-Primary-e1591282842174.jpg","width":500,"height":396,"caption":"KE Outdoor Design"},"image":{"@id":"https:\/\/www.keoutdoordesign.com\/it-it\/#\/schema\/logo\/image\/"},"sameAs":["https:\/\/www.facebook.com\/keoutdoordesign.us","https:\/\/x.com\/keoutdoordesign","https:\/\/www.facebook.com\/keoutdoordesign","https:\/\/www.youtube.com\/channel\/UCSoMQryJpLqD53bAoZLg2Vg","https:\/\/www.pinterest.it\/keoutdoordesign\/","https:\/\/www.instagram.com\/keoutdoordesign\/","https:\/\/www.linkedin.com\/company\/ke-outdoor-design\/"]}]}},"_links":{"self":[{"href":"https:\/\/www.keoutdoordesign.com\/fr-fr\/wp-json\/wp\/v2\/pages\/5893","targetHints":{"allow":["GET"]}}],"collection":[{"href":"https:\/\/www.keoutdoordesign.com\/fr-fr\/wp-json\/wp\/v2\/pages"}],"about":[{"href":"https:\/\/www.keoutdoordesign.com\/fr-fr\/wp-json\/wp\/v2\/types\/page"}],"author":[{"embeddable":true,"href":"https:\/\/www.keoutdoordesign.com\/fr-fr\/wp-json\/wp\/v2\/users\/10608"}],"replies":[{"embeddable":true,"href":"https:\/\/www.keoutdoordesign.com\/fr-fr\/wp-json\/wp\/v2\/comments?post=5893"}],"version-history":[{"count":7,"href":"https:\/\/www.keoutdoordesign.com\/fr-fr\/wp-json\/wp\/v2\/pages\/5893\/revisions"}],"predecessor-version":[{"id":23383,"href":"https:\/\/www.keoutdoordesign.com\/fr-fr\/wp-json\/wp\/v2\/pages\/5893\/revisions\/23383"}],"up":[{"embeddable":true,"href":"https:\/\/www.keoutdoordesign.com\/fr-fr\/wp-json\/wp\/v2\/pages\/3253"}],"wp:featuredmedia":[{"embeddable":true,"href":"https:\/\/www.keoutdoordesign.com\/fr-fr\/wp-json\/wp\/v2\/media\/3570"}],"wp:attachment":[{"href":"https:\/\/www.keoutdoordesign.com\/fr-fr\/wp-json\/wp\/v2\/media?parent=5893"}],"curies":[{"name":"wp","href":"https:\/\/api.w.org\/{rel}","templated":true}]}}