{"id":5877,"date":"2019-06-11T09:53:42","date_gmt":"2019-06-11T07:53:42","guid":{"rendered":"http:\/\/ke.itpowernet.it\/?page_id=5877"},"modified":"2021-08-27T10:25:24","modified_gmt":"2021-08-27T08:25:24","slug":"hotels-et-resort","status":"publish","type":"page","link":"https:\/\/www.keoutdoordesign.com\/fr-fr\/references\/contract\/hotels-et-resort\/","title":{"rendered":"H\u00f4tels et resort"},"content":{"rendered":"<p><strong>Am\u00e9nagement ext\u00e9rieur pour h\u00f4tel: D\u00e9couvrez des r\u00e9alisations qui vont vous charmer<\/strong><\/p>\n<p>Que recherchent les clients dans un h\u00f4tel :<\/p>\n<ul>\n<li>D\u00e9tente<\/li>\n<li>Confort<\/li>\n<li>Beaut\u00e9 des lieux<\/li>\n<li>Calme et tranquillit\u00e9<\/li>\n<li>Intimit\u00e9 et s\u00e9curit\u00e9<\/li>\n<\/ul>\n<p>Gr\u00e2ce \u00e0 nos protections solaire, vous pouvez cr\u00e9er de v\u00e9ritables coins de paradis, des environnements sp\u00e9ciaux pour accueillir sereinement les invit\u00e9s et leur faire partager une exp\u00e9rience client unique.<\/p>\n<p>Notre large \u00e9ventail de <strong>structures ext\u00e9rieures <\/strong>vous permet de repenser librement un nouvel am\u00e9nagement ext\u00e9rieur de votre h\u00f4tel.<\/p>\n<p>Cr\u00e9ez des <strong>zones r\u00e9serv\u00e9es<\/strong> dans l&rsquo;espace piscine gr\u00e2ce au<strong>\u00a0store brise-vue <a href=\"\/?page_id=4655\">Sicura<\/a>, <\/strong>\u00e9galement id\u00e9al pour cr\u00e9er de l&rsquo;<strong>intimit\u00e9 sur les terrasses des chambres individuelles<\/strong>. Parfait pour tous les espaces communs ext\u00e9rieurs comme int\u00e9rieurs. Plac\u00e9 sous une pergola ou store ind\u00e9pendant double pente, il <strong>d\u00e9limite \u00e9galement les tabl\u00e9es pour assurer la s\u00e9curit\u00e9.\u00a0<\/strong><\/p>\n<p>Pour un design in\u00e9gal\u00e9, choisissez une <strong>pergola bioclimatique<\/strong> et cr\u00e9ez une zone d\u2019ombre au bord de votre piscine, symbole de confort et de design. Une pergola est \u00e9galement un choix id\u00e9al pour <strong>cr\u00e9er un nouvel espace <\/strong>adoss\u00e9 ou ind\u00e9pendant de la structure principale pouvant \u00eatre enti\u00e8rement ferm\u00e9 afin d&rsquo;offrir une protection totale en cas d&rsquo;intemp\u00e9ries.<\/p>\n<p>Les nombreux modules de personnalisation KE vous permettent d\u2019imaginer\u00a0<strong>la pergola sur-mesure qui convient exactement \u00e0 votre \u00e9tablissement<\/strong>. Choisissez la couleur de votre toile, la taille de votre structure et s\u00e9lectionnez les finitions que vous pr\u00e9f\u00e9rez. Ainsi embellissez vos espaces et cr\u00e9ez des zones de d\u00e9tente s\u00fbres et intimes.<\/p>\n","protected":false},"excerpt":{"rendered":"<p>Am\u00e9nagement ext\u00e9rieur pour h\u00f4tel: D\u00e9couvrez des r\u00e9alisations qui vont vous charmer Que recherchent les clients dans un h\u00f4tel : D\u00e9tente&hellip;<\/p>\n","protected":false},"author":10608,"featured_media":40312,"parent":3253,"menu_order":15,"comment_status":"closed","ping_status":"closed","template":"page-templates\/category-references.php","meta":{"_acf_changed":false,"footnotes":""},"class_list":["post-5877","page","type-page","status-publish","has-post-thumbnail","hentry"],"acf":[],"yoast_head":"<!-- This site is optimized with the Yoast SEO Premium plugin v20.12 (Yoast SEO v27.3) - https:\/\/yoast.com\/product\/yoast-seo-premium-wordpress\/ -->\n<title>H\u00f4tels et resort -<\/title>\n<meta name=\"description\" content=\"Offrez \u00e0 vos clients un s\u00e9jour dans un lieu idyllique: repensez l&#039;am\u00e9nagement ext\u00e9rieur de votre h\u00f4tel pour lui apporter confort, charme et intimit\u00e9.\" \/>\n<meta name=\"robots\" content=\"index, follow, max-snippet:-1, max-image-preview:large, max-video-preview:-1\" \/>\n<link rel=\"canonical\" href=\"https:\/\/www.keoutdoordesign.com\/fr-fr\/references\/contract\/hotels-et-resort\/\" \/>\n<meta property=\"og:locale\" content=\"fr_FR\" \/>\n<meta property=\"og:type\" content=\"article\" \/>\n<meta property=\"og:title\" content=\"H\u00f4tels et resort\" \/>\n<meta property=\"og:description\" content=\"Offrez \u00e0 vos clients un s\u00e9jour dans un lieu idyllique: repensez l&#039;am\u00e9nagement ext\u00e9rieur de votre h\u00f4tel pour lui apporter confort, charme et intimit\u00e9.\" \/>\n<meta property=\"og:url\" content=\"https:\/\/www.keoutdoordesign.com\/fr-fr\/references\/contract\/hotels-et-resort\/\" \/>\n<meta property=\"og:site_name\" content=\"KE Outdoor Design\" \/>\n<meta property=\"article:publisher\" content=\"https:\/\/www.facebook.com\/keoutdoordesign.us\" \/>\n<meta property=\"article:modified_time\" content=\"2021-08-27T08:25:24+00:00\" \/>\n<meta property=\"og:image\" content=\"https:\/\/www.keoutdoordesign.com\/wp-content\/uploads\/2021\/08\/Pergola-Bioclimatique-orientable-blanc-kedry-prime-ke-outdoor-design-2.jpg\" \/>\n\t<meta property=\"og:image:width\" content=\"1200\" \/>\n\t<meta property=\"og:image:height\" content=\"675\" \/>\n\t<meta property=\"og:image:type\" content=\"image\/jpeg\" \/>\n<meta name=\"twitter:card\" content=\"summary_large_image\" \/>\n<meta name=\"twitter:site\" content=\"@keoutdoordesign\" \/>\n<script type=\"application\/ld+json\" class=\"yoast-schema-graph\">{\"@context\":\"https:\\\/\\\/schema.org\",\"@graph\":[{\"@type\":\"WebPage\",\"@id\":\"https:\\\/\\\/www.keoutdoordesign.com\\\/fr-fr\\\/references\\\/contract\\\/hotels-et-resort\\\/\",\"url\":\"https:\\\/\\\/www.keoutdoordesign.com\\\/fr-fr\\\/references\\\/contract\\\/hotels-et-resort\\\/\",\"name\":\"H\u00f4tels et resort -\",\"isPartOf\":{\"@id\":\"https:\\\/\\\/www.keoutdoordesign.com\\\/it-it\\\/#website\"},\"primaryImageOfPage\":{\"@id\":\"https:\\\/\\\/www.keoutdoordesign.com\\\/fr-fr\\\/references\\\/contract\\\/hotels-et-resort\\\/#primaryimage\"},\"image\":{\"@id\":\"https:\\\/\\\/www.keoutdoordesign.com\\\/fr-fr\\\/references\\\/contract\\\/hotels-et-resort\\\/#primaryimage\"},\"thumbnailUrl\":\"https:\\\/\\\/www.keoutdoordesign.com\\\/wp-content\\\/uploads\\\/2021\\\/08\\\/Pergola-Bioclimatique-orientable-blanc-kedry-prime-ke-outdoor-design-2.jpg\",\"datePublished\":\"2019-06-11T07:53:42+00:00\",\"dateModified\":\"2021-08-27T08:25:24+00:00\",\"description\":\"Offrez \u00e0 vos clients un s\u00e9jour dans un lieu idyllique: repensez l'am\u00e9nagement ext\u00e9rieur de votre h\u00f4tel pour lui apporter confort, charme et intimit\u00e9.\",\"breadcrumb\":{\"@id\":\"https:\\\/\\\/www.keoutdoordesign.com\\\/fr-fr\\\/references\\\/contract\\\/hotels-et-resort\\\/#breadcrumb\"},\"inLanguage\":\"fr-FR\",\"potentialAction\":[{\"@type\":\"ReadAction\",\"target\":[\"https:\\\/\\\/www.keoutdoordesign.com\\\/fr-fr\\\/references\\\/contract\\\/hotels-et-resort\\\/\"]}]},{\"@type\":\"ImageObject\",\"inLanguage\":\"fr-FR\",\"@id\":\"https:\\\/\\\/www.keoutdoordesign.com\\\/fr-fr\\\/references\\\/contract\\\/hotels-et-resort\\\/#primaryimage\",\"url\":\"https:\\\/\\\/www.keoutdoordesign.com\\\/wp-content\\\/uploads\\\/2021\\\/08\\\/Pergola-Bioclimatique-orientable-blanc-kedry-prime-ke-outdoor-design-2.jpg\",\"contentUrl\":\"https:\\\/\\\/www.keoutdoordesign.com\\\/wp-content\\\/uploads\\\/2021\\\/08\\\/Pergola-Bioclimatique-orientable-blanc-kedry-prime-ke-outdoor-design-2.jpg\",\"width\":1200,\"height\":675,\"caption\":\"Pergola-Bioclimatique-orientable-blanc-kedry-prime-ke-outdoor-design-2\"},{\"@type\":\"BreadcrumbList\",\"@id\":\"https:\\\/\\\/www.keoutdoordesign.com\\\/fr-fr\\\/references\\\/contract\\\/hotels-et-resort\\\/#breadcrumb\",\"itemListElement\":[{\"@type\":\"ListItem\",\"position\":1,\"name\":\"Home\",\"item\":\"https:\\\/\\\/www.keoutdoordesign.com\\\/fr-fr\\\/\"},{\"@type\":\"ListItem\",\"position\":2,\"name\":\"R\u00e9f\u00e9rences\",\"item\":\"https:\\\/\\\/www.keoutdoordesign.com\\\/fr-fr\\\/references\\\/\"},{\"@type\":\"ListItem\",\"position\":3,\"name\":\"Contract\",\"item\":\"https:\\\/\\\/www.keoutdoordesign.com\\\/fr-fr\\\/references\\\/contract\\\/\"},{\"@type\":\"ListItem\",\"position\":4,\"name\":\"H\u00f4tels et resort\"}]},{\"@type\":\"WebSite\",\"@id\":\"https:\\\/\\\/www.keoutdoordesign.com\\\/it-it\\\/#website\",\"url\":\"https:\\\/\\\/www.keoutdoordesign.com\\\/it-it\\\/\",\"name\":\"KE Outdoor Design\",\"description\":\"Un nuovo sito targato WordPress\",\"publisher\":{\"@id\":\"https:\\\/\\\/www.keoutdoordesign.com\\\/it-it\\\/#organization\"},\"potentialAction\":[{\"@type\":\"SearchAction\",\"target\":{\"@type\":\"EntryPoint\",\"urlTemplate\":\"https:\\\/\\\/www.keoutdoordesign.com\\\/it-it\\\/?s={search_term_string}\"},\"query-input\":{\"@type\":\"PropertyValueSpecification\",\"valueRequired\":true,\"valueName\":\"search_term_string\"}}],\"inLanguage\":\"fr-FR\"},{\"@type\":\"Organization\",\"@id\":\"https:\\\/\\\/www.keoutdoordesign.com\\\/it-it\\\/#organization\",\"name\":\"KE Outdoor Design\",\"url\":\"https:\\\/\\\/www.keoutdoordesign.com\\\/it-it\\\/\",\"logo\":{\"@type\":\"ImageObject\",\"inLanguage\":\"fr-FR\",\"@id\":\"https:\\\/\\\/www.keoutdoordesign.com\\\/it-it\\\/#\\\/schema\\\/logo\\\/image\\\/\",\"url\":\"https:\\\/\\\/www.keoutdoordesign.com\\\/wp-content\\\/uploads\\\/2020\\\/02\\\/KE-logo-Primary-e1591282842174.jpg\",\"contentUrl\":\"https:\\\/\\\/www.keoutdoordesign.com\\\/wp-content\\\/uploads\\\/2020\\\/02\\\/KE-logo-Primary-e1591282842174.jpg\",\"width\":500,\"height\":396,\"caption\":\"KE Outdoor Design\"},\"image\":{\"@id\":\"https:\\\/\\\/www.keoutdoordesign.com\\\/it-it\\\/#\\\/schema\\\/logo\\\/image\\\/\"},\"sameAs\":[\"https:\\\/\\\/www.facebook.com\\\/keoutdoordesign.us\",\"https:\\\/\\\/x.com\\\/keoutdoordesign\",\"https:\\\/\\\/www.facebook.com\\\/keoutdoordesign\",\"https:\\\/\\\/www.youtube.com\\\/channel\\\/UCSoMQryJpLqD53bAoZLg2Vg\",\"https:\\\/\\\/www.pinterest.it\\\/keoutdoordesign\\\/\",\"https:\\\/\\\/www.instagram.com\\\/keoutdoordesign\\\/\",\"https:\\\/\\\/www.linkedin.com\\\/company\\\/ke-outdoor-design\\\/\"]}]}<\/script>\n<!-- \/ Yoast SEO Premium plugin. -->","yoast_head_json":{"title":"H\u00f4tels et resort -","description":"Offrez \u00e0 vos clients un s\u00e9jour dans un lieu idyllique: repensez l'am\u00e9nagement ext\u00e9rieur de votre h\u00f4tel pour lui apporter confort, charme et intimit\u00e9.","robots":{"index":"index","follow":"follow","max-snippet":"max-snippet:-1","max-image-preview":"max-image-preview:large","max-video-preview":"max-video-preview:-1"},"canonical":"https:\/\/www.keoutdoordesign.com\/fr-fr\/references\/contract\/hotels-et-resort\/","og_locale":"fr_FR","og_type":"article","og_title":"H\u00f4tels et resort","og_description":"Offrez \u00e0 vos clients un s\u00e9jour dans un lieu idyllique: repensez l'am\u00e9nagement ext\u00e9rieur de votre h\u00f4tel pour lui apporter confort, charme et intimit\u00e9.","og_url":"https:\/\/www.keoutdoordesign.com\/fr-fr\/references\/contract\/hotels-et-resort\/","og_site_name":"KE Outdoor Design","article_publisher":"https:\/\/www.facebook.com\/keoutdoordesign.us","article_modified_time":"2021-08-27T08:25:24+00:00","og_image":[{"width":1200,"height":675,"url":"https:\/\/www.keoutdoordesign.com\/wp-content\/uploads\/2021\/08\/Pergola-Bioclimatique-orientable-blanc-kedry-prime-ke-outdoor-design-2.jpg","type":"image\/jpeg"}],"twitter_card":"summary_large_image","twitter_site":"@keoutdoordesign","schema":{"@context":"https:\/\/schema.org","@graph":[{"@type":"WebPage","@id":"https:\/\/www.keoutdoordesign.com\/fr-fr\/references\/contract\/hotels-et-resort\/","url":"https:\/\/www.keoutdoordesign.com\/fr-fr\/references\/contract\/hotels-et-resort\/","name":"H\u00f4tels et resort -","isPartOf":{"@id":"https:\/\/www.keoutdoordesign.com\/it-it\/#website"},"primaryImageOfPage":{"@id":"https:\/\/www.keoutdoordesign.com\/fr-fr\/references\/contract\/hotels-et-resort\/#primaryimage"},"image":{"@id":"https:\/\/www.keoutdoordesign.com\/fr-fr\/references\/contract\/hotels-et-resort\/#primaryimage"},"thumbnailUrl":"https:\/\/www.keoutdoordesign.com\/wp-content\/uploads\/2021\/08\/Pergola-Bioclimatique-orientable-blanc-kedry-prime-ke-outdoor-design-2.jpg","datePublished":"2019-06-11T07:53:42+00:00","dateModified":"2021-08-27T08:25:24+00:00","description":"Offrez \u00e0 vos clients un s\u00e9jour dans un lieu idyllique: repensez l'am\u00e9nagement ext\u00e9rieur de votre h\u00f4tel pour lui apporter confort, charme et intimit\u00e9.","breadcrumb":{"@id":"https:\/\/www.keoutdoordesign.com\/fr-fr\/references\/contract\/hotels-et-resort\/#breadcrumb"},"inLanguage":"fr-FR","potentialAction":[{"@type":"ReadAction","target":["https:\/\/www.keoutdoordesign.com\/fr-fr\/references\/contract\/hotels-et-resort\/"]}]},{"@type":"ImageObject","inLanguage":"fr-FR","@id":"https:\/\/www.keoutdoordesign.com\/fr-fr\/references\/contract\/hotels-et-resort\/#primaryimage","url":"https:\/\/www.keoutdoordesign.com\/wp-content\/uploads\/2021\/08\/Pergola-Bioclimatique-orientable-blanc-kedry-prime-ke-outdoor-design-2.jpg","contentUrl":"https:\/\/www.keoutdoordesign.com\/wp-content\/uploads\/2021\/08\/Pergola-Bioclimatique-orientable-blanc-kedry-prime-ke-outdoor-design-2.jpg","width":1200,"height":675,"caption":"Pergola-Bioclimatique-orientable-blanc-kedry-prime-ke-outdoor-design-2"},{"@type":"BreadcrumbList","@id":"https:\/\/www.keoutdoordesign.com\/fr-fr\/references\/contract\/hotels-et-resort\/#breadcrumb","itemListElement":[{"@type":"ListItem","position":1,"name":"Home","item":"https:\/\/www.keoutdoordesign.com\/fr-fr\/"},{"@type":"ListItem","position":2,"name":"R\u00e9f\u00e9rences","item":"https:\/\/www.keoutdoordesign.com\/fr-fr\/references\/"},{"@type":"ListItem","position":3,"name":"Contract","item":"https:\/\/www.keoutdoordesign.com\/fr-fr\/references\/contract\/"},{"@type":"ListItem","position":4,"name":"H\u00f4tels et resort"}]},{"@type":"WebSite","@id":"https:\/\/www.keoutdoordesign.com\/it-it\/#website","url":"https:\/\/www.keoutdoordesign.com\/it-it\/","name":"KE Outdoor Design","description":"Un nuovo sito targato WordPress","publisher":{"@id":"https:\/\/www.keoutdoordesign.com\/it-it\/#organization"},"potentialAction":[{"@type":"SearchAction","target":{"@type":"EntryPoint","urlTemplate":"https:\/\/www.keoutdoordesign.com\/it-it\/?s={search_term_string}"},"query-input":{"@type":"PropertyValueSpecification","valueRequired":true,"valueName":"search_term_string"}}],"inLanguage":"fr-FR"},{"@type":"Organization","@id":"https:\/\/www.keoutdoordesign.com\/it-it\/#organization","name":"KE Outdoor Design","url":"https:\/\/www.keoutdoordesign.com\/it-it\/","logo":{"@type":"ImageObject","inLanguage":"fr-FR","@id":"https:\/\/www.keoutdoordesign.com\/it-it\/#\/schema\/logo\/image\/","url":"https:\/\/www.keoutdoordesign.com\/wp-content\/uploads\/2020\/02\/KE-logo-Primary-e1591282842174.jpg","contentUrl":"https:\/\/www.keoutdoordesign.com\/wp-content\/uploads\/2020\/02\/KE-logo-Primary-e1591282842174.jpg","width":500,"height":396,"caption":"KE Outdoor Design"},"image":{"@id":"https:\/\/www.keoutdoordesign.com\/it-it\/#\/schema\/logo\/image\/"},"sameAs":["https:\/\/www.facebook.com\/keoutdoordesign.us","https:\/\/x.com\/keoutdoordesign","https:\/\/www.facebook.com\/keoutdoordesign","https:\/\/www.youtube.com\/channel\/UCSoMQryJpLqD53bAoZLg2Vg","https:\/\/www.pinterest.it\/keoutdoordesign\/","https:\/\/www.instagram.com\/keoutdoordesign\/","https:\/\/www.linkedin.com\/company\/ke-outdoor-design\/"]}]}},"_links":{"self":[{"href":"https:\/\/www.keoutdoordesign.com\/fr-fr\/wp-json\/wp\/v2\/pages\/5877","targetHints":{"allow":["GET"]}}],"collection":[{"href":"https:\/\/www.keoutdoordesign.com\/fr-fr\/wp-json\/wp\/v2\/pages"}],"about":[{"href":"https:\/\/www.keoutdoordesign.com\/fr-fr\/wp-json\/wp\/v2\/types\/page"}],"author":[{"embeddable":true,"href":"https:\/\/www.keoutdoordesign.com\/fr-fr\/wp-json\/wp\/v2\/users\/10608"}],"replies":[{"embeddable":true,"href":"https:\/\/www.keoutdoordesign.com\/fr-fr\/wp-json\/wp\/v2\/comments?post=5877"}],"version-history":[{"count":6,"href":"https:\/\/www.keoutdoordesign.com\/fr-fr\/wp-json\/wp\/v2\/pages\/5877\/revisions"}],"predecessor-version":[{"id":23387,"href":"https:\/\/www.keoutdoordesign.com\/fr-fr\/wp-json\/wp\/v2\/pages\/5877\/revisions\/23387"}],"up":[{"embeddable":true,"href":"https:\/\/www.keoutdoordesign.com\/fr-fr\/wp-json\/wp\/v2\/pages\/3253"}],"wp:featuredmedia":[{"embeddable":true,"href":"https:\/\/www.keoutdoordesign.com\/fr-fr\/wp-json\/wp\/v2\/media\/40312"}],"wp:attachment":[{"href":"https:\/\/www.keoutdoordesign.com\/fr-fr\/wp-json\/wp\/v2\/media?parent=5877"}],"curies":[{"name":"wp","href":"https:\/\/api.w.org\/{rel}","templated":true}]}}