{"id":5849,"date":"2019-06-11T09:53:07","date_gmt":"2019-06-11T07:53:07","guid":{"rendered":"http:\/\/ke.itpowernet.it\/?page_id=5849"},"modified":"2020-08-06T15:22:11","modified_gmt":"2020-08-06T13:22:11","slug":"restaurants","status":"publish","type":"page","link":"https:\/\/www.keoutdoordesign.com\/fr-fr\/references\/contract\/restaurants\/","title":{"rendered":"Restaurants"},"content":{"rendered":"<p><strong>Offrez \u00e0 vos clients confort, intimit\u00e9 et s\u00e9curit\u00e9 dans un cadre d\u2019exception en optant pour un nouvel am\u00e9nagement de restaurant.<\/strong><\/p>\n<p>Opter pour des protections solaire KE c&rsquo;est cr\u00e9er des zones r\u00e9serv\u00e9es pr\u00e9servant l&rsquo;intimit\u00e9 et la s\u00e9curit\u00e9 des clients tout en augmentant votre capacit\u00e9 d&rsquo;accueil gr\u00e2ce \u00e0 des structures l\u00e9g\u00e8res \u00e0 faible encombrement et ultra modulable.<\/p>\n<p>Qu\u2019y a-t-il de mieux que de pouvoir profiter pleinement d&rsquo;un moment exclusif, en plein air avec des amis ou de la famille, prot\u00e9g\u00e9 du soleil.<\/p>\n<h4>Des stores pour couvrir des zones existantes :<\/h4>\n<p>&#8211;&gt; Pour d\u00e9limiter des zones et pouvoir offrir<strong> intimit\u00e9 et s\u00e9curit\u00e9:<\/strong> rien de mieux que le <strong>store s\u00e9parateur <a href=\"\/?page_id=4655\">Sicura<\/a>. <\/strong>Id\u00e9al pour une utilisation en ext\u00e9rieur comme en int\u00e9rieur, il s\u00e9pare les diff\u00e9rentes tabl\u00e9es, bains de soleil ou cr\u00e9\u00e9 diff\u00e9rents autres espaces sp\u00e9cifiques.<\/p>\n<p>&#8211;&gt; Couvrez votre terrasse ind\u00e9pendante et ses tabl\u00e9es gr\u00e2ce \u00e0 un <strong><a href=\"\/?page_id=4643\">store double pente<\/a><\/strong> : ses grandes dimensions assurent une protection id\u00e9ale.<\/p>\n<p>&#8211;&gt; Si vous souhaitez simplement prot\u00e9ger un espace ext\u00e9rieur existant accol\u00e9 \u00e0 l&rsquo;\u00e9tablissement, vous pouvez opter pour une de nos <a href=\"\/?page_id=4608\">stores bannes<\/a>. La <strong>Qubica Plumb<\/strong> et L&rsquo;<strong>Optima<\/strong> r\u00e9pondent \u00e0 des besoins de recouvrement importants.<\/p>\n<p>&#8211;&gt; Enfin vous pouvez am\u00e9liorer le confort de vos pi\u00e8ces int\u00e9rieures gr\u00e2ce \u00e0 nos<a href=\"\/?page_id=4683\"> stores ext\u00e9rieurs verticaux<\/a> qui prot\u00e8ge du soleil tout en laissant entrer la lumi\u00e8re. Des petites fen\u00eatres aux gigantesques baies-vitr\u00e9es: habillez-les avec \u00e9l\u00e9gance.<\/p>\n<h4>Des pergolas pour de nouveaux espaces :<\/h4>\n<p>&#8211;&gt; La <a href=\"\/?page_id=4547\"><strong>pergola pour restaurant<\/strong><\/a> est, d\u00e8s l\u2019arriv\u00e9e des beaux jours, une garantie de fr\u00e9quentation, de confort et de bien-\u00eatre pour tous vos clients. Que ce soit nos <strong>pergolas bioclimatiques<\/strong> ou nos <strong>pergolas toile enroulable, <\/strong>elles sont id\u00e9ales pour la <strong>cr\u00e9ation de locaux ou de d\u00e9pendances<\/strong> non adjacents \u00e0 la structure principale du restaurant. Apportant un maximum de fonctionnalit\u00e9 et un design unique, c&rsquo;est la solution id\u00e9ale pour des \u00e9v\u00e9nements \u00e0 couper le souffle :<\/p>\n<ul>\n<li>Banquets<\/li>\n<li>C\u00e9r\u00e9monies<\/li>\n<\/ul>\n<p>Les <b>structures ext\u00e9rieures<\/b> que nous fabriquons pour l&rsquo;am\u00e9nagement de restaurant, clubs et agritourismes sont des solutions esth\u00e9tiques tr\u00e8s utiles pour tirer le meilleur parti de votre espace ext\u00e9rieur en augmentant le nombre de places assises. Aussi gr\u00e2ce au design raffin\u00e9, aux tissus r\u00e9sistants et \u00e0 la <strong>personnalisation<\/strong>, vous pouvez meubler vos espaces ext\u00e9rieurs avec go\u00fbt en cr\u00e9ant de nouveaux environnements pour votre restaurant.<\/p>\n<p>Ainsi choisissez couleurs, taille et finitions de vos pergolas. Une fois install\u00e9e, \u00e0 vous aussi de <strong>jouer entre ombres et lumi\u00e8res<\/strong>, zones d\u00e9di\u00e9es aux clients qui souhaitent s&rsquo;installer au soleil et zones plus fra\u00eeches pour les familles avec enfants. Gr\u00e2ce aux pergolas KE, vous donnez une seconde vie \u00e0 l\u2019<strong>espace ext\u00e9rieur de votre restaurant.<\/strong><\/p>\n","protected":false},"excerpt":{"rendered":"<p>Offrez \u00e0 vos clients confort, intimit\u00e9 et s\u00e9curit\u00e9 dans un cadre d\u2019exception en optant pour un nouvel am\u00e9nagement de restaurant.&hellip;<\/p>\n","protected":false},"author":10608,"featured_media":3451,"parent":3253,"menu_order":18,"comment_status":"closed","ping_status":"closed","template":"page-templates\/category-references.php","meta":{"_acf_changed":false,"footnotes":""},"class_list":["post-5849","page","type-page","status-publish","has-post-thumbnail","hentry"],"acf":[],"yoast_head":"<!-- This site is optimized with the Yoast SEO Premium plugin v20.12 (Yoast SEO v27.4) - https:\/\/yoast.com\/product\/yoast-seo-premium-wordpress\/ -->\n<title>Restaurants -<\/title>\n<meta name=\"description\" content=\"Augmentez votre capacit\u00e9 d&#039;accueil gr\u00e2ce \u00e0 un am\u00e9nagement de restaurant sur mesure. Cr\u00e9ez et d\u00e9limitez des zones r\u00e9serv\u00e9es assurant intimit\u00e9 et s\u00e9curit\u00e9.\" \/>\n<meta name=\"robots\" content=\"index, follow, max-snippet:-1, max-image-preview:large, max-video-preview:-1\" \/>\n<link rel=\"canonical\" href=\"https:\/\/www.keoutdoordesign.com\/fr-fr\/references\/contract\/restaurants\/\" \/>\n<meta property=\"og:locale\" content=\"fr_FR\" \/>\n<meta property=\"og:type\" content=\"article\" \/>\n<meta property=\"og:title\" content=\"Restaurants\" \/>\n<meta property=\"og:description\" content=\"Augmentez votre capacit\u00e9 d&#039;accueil gr\u00e2ce \u00e0 un am\u00e9nagement de restaurant sur mesure. Cr\u00e9ez et d\u00e9limitez des zones r\u00e9serv\u00e9es assurant intimit\u00e9 et s\u00e9curit\u00e9.\" \/>\n<meta property=\"og:url\" content=\"https:\/\/www.keoutdoordesign.com\/fr-fr\/references\/contract\/restaurants\/\" \/>\n<meta property=\"og:site_name\" content=\"KE Outdoor Design\" \/>\n<meta property=\"article:publisher\" content=\"https:\/\/www.facebook.com\/keoutdoordesign.us\" \/>\n<meta property=\"article:modified_time\" content=\"2020-08-06T13:22:11+00:00\" \/>\n<meta property=\"og:image\" content=\"https:\/\/www.keoutdoordesign.com\/wp-content\/uploads\/2019\/05\/Akebaso_2.jpg\" \/>\n\t<meta property=\"og:image:width\" content=\"2048\" \/>\n\t<meta property=\"og:image:height\" content=\"1080\" \/>\n\t<meta property=\"og:image:type\" content=\"image\/jpeg\" \/>\n<meta name=\"twitter:card\" content=\"summary_large_image\" \/>\n<meta name=\"twitter:site\" content=\"@keoutdoordesign\" \/>\n<script type=\"application\/ld+json\" class=\"yoast-schema-graph\">{\"@context\":\"https:\\\/\\\/schema.org\",\"@graph\":[{\"@type\":\"WebPage\",\"@id\":\"https:\\\/\\\/www.keoutdoordesign.com\\\/fr-fr\\\/references\\\/contract\\\/restaurants\\\/\",\"url\":\"https:\\\/\\\/www.keoutdoordesign.com\\\/fr-fr\\\/references\\\/contract\\\/restaurants\\\/\",\"name\":\"Restaurants -\",\"isPartOf\":{\"@id\":\"https:\\\/\\\/www.keoutdoordesign.com\\\/it-it\\\/#website\"},\"primaryImageOfPage\":{\"@id\":\"https:\\\/\\\/www.keoutdoordesign.com\\\/fr-fr\\\/references\\\/contract\\\/restaurants\\\/#primaryimage\"},\"image\":{\"@id\":\"https:\\\/\\\/www.keoutdoordesign.com\\\/fr-fr\\\/references\\\/contract\\\/restaurants\\\/#primaryimage\"},\"thumbnailUrl\":\"https:\\\/\\\/www.keoutdoordesign.com\\\/wp-content\\\/uploads\\\/2019\\\/05\\\/Akebaso_2.jpg\",\"datePublished\":\"2019-06-11T07:53:07+00:00\",\"dateModified\":\"2020-08-06T13:22:11+00:00\",\"description\":\"Augmentez votre capacit\u00e9 d'accueil gr\u00e2ce \u00e0 un am\u00e9nagement de restaurant sur mesure. Cr\u00e9ez et d\u00e9limitez des zones r\u00e9serv\u00e9es assurant intimit\u00e9 et s\u00e9curit\u00e9.\",\"breadcrumb\":{\"@id\":\"https:\\\/\\\/www.keoutdoordesign.com\\\/fr-fr\\\/references\\\/contract\\\/restaurants\\\/#breadcrumb\"},\"inLanguage\":\"fr-FR\",\"potentialAction\":[{\"@type\":\"ReadAction\",\"target\":[\"https:\\\/\\\/www.keoutdoordesign.com\\\/fr-fr\\\/references\\\/contract\\\/restaurants\\\/\"]}]},{\"@type\":\"ImageObject\",\"inLanguage\":\"fr-FR\",\"@id\":\"https:\\\/\\\/www.keoutdoordesign.com\\\/fr-fr\\\/references\\\/contract\\\/restaurants\\\/#primaryimage\",\"url\":\"https:\\\/\\\/www.keoutdoordesign.com\\\/wp-content\\\/uploads\\\/2019\\\/05\\\/Akebaso_2.jpg\",\"contentUrl\":\"https:\\\/\\\/www.keoutdoordesign.com\\\/wp-content\\\/uploads\\\/2019\\\/05\\\/Akebaso_2.jpg\",\"width\":2048,\"height\":1080},{\"@type\":\"BreadcrumbList\",\"@id\":\"https:\\\/\\\/www.keoutdoordesign.com\\\/fr-fr\\\/references\\\/contract\\\/restaurants\\\/#breadcrumb\",\"itemListElement\":[{\"@type\":\"ListItem\",\"position\":1,\"name\":\"Home\",\"item\":\"https:\\\/\\\/www.keoutdoordesign.com\\\/fr-fr\\\/\"},{\"@type\":\"ListItem\",\"position\":2,\"name\":\"R\u00e9f\u00e9rences\",\"item\":\"https:\\\/\\\/www.keoutdoordesign.com\\\/fr-fr\\\/references\\\/\"},{\"@type\":\"ListItem\",\"position\":3,\"name\":\"Contract\",\"item\":\"https:\\\/\\\/www.keoutdoordesign.com\\\/fr-fr\\\/references\\\/contract\\\/\"},{\"@type\":\"ListItem\",\"position\":4,\"name\":\"Restaurants\"}]},{\"@type\":\"WebSite\",\"@id\":\"https:\\\/\\\/www.keoutdoordesign.com\\\/it-it\\\/#website\",\"url\":\"https:\\\/\\\/www.keoutdoordesign.com\\\/it-it\\\/\",\"name\":\"KE Outdoor Design\",\"description\":\"Un nuovo sito targato WordPress\",\"publisher\":{\"@id\":\"https:\\\/\\\/www.keoutdoordesign.com\\\/it-it\\\/#organization\"},\"potentialAction\":[{\"@type\":\"SearchAction\",\"target\":{\"@type\":\"EntryPoint\",\"urlTemplate\":\"https:\\\/\\\/www.keoutdoordesign.com\\\/it-it\\\/?s={search_term_string}\"},\"query-input\":{\"@type\":\"PropertyValueSpecification\",\"valueRequired\":true,\"valueName\":\"search_term_string\"}}],\"inLanguage\":\"fr-FR\"},{\"@type\":\"Organization\",\"@id\":\"https:\\\/\\\/www.keoutdoordesign.com\\\/it-it\\\/#organization\",\"name\":\"KE Outdoor Design\",\"url\":\"https:\\\/\\\/www.keoutdoordesign.com\\\/it-it\\\/\",\"logo\":{\"@type\":\"ImageObject\",\"inLanguage\":\"fr-FR\",\"@id\":\"https:\\\/\\\/www.keoutdoordesign.com\\\/it-it\\\/#\\\/schema\\\/logo\\\/image\\\/\",\"url\":\"https:\\\/\\\/www.keoutdoordesign.com\\\/wp-content\\\/uploads\\\/2020\\\/02\\\/KE-logo-Primary-e1591282842174.jpg\",\"contentUrl\":\"https:\\\/\\\/www.keoutdoordesign.com\\\/wp-content\\\/uploads\\\/2020\\\/02\\\/KE-logo-Primary-e1591282842174.jpg\",\"width\":500,\"height\":396,\"caption\":\"KE Outdoor Design\"},\"image\":{\"@id\":\"https:\\\/\\\/www.keoutdoordesign.com\\\/it-it\\\/#\\\/schema\\\/logo\\\/image\\\/\"},\"sameAs\":[\"https:\\\/\\\/www.facebook.com\\\/keoutdoordesign.us\",\"https:\\\/\\\/x.com\\\/keoutdoordesign\",\"https:\\\/\\\/www.facebook.com\\\/keoutdoordesign\",\"https:\\\/\\\/www.youtube.com\\\/channel\\\/UCSoMQryJpLqD53bAoZLg2Vg\",\"https:\\\/\\\/www.pinterest.it\\\/keoutdoordesign\\\/\",\"https:\\\/\\\/www.instagram.com\\\/keoutdoordesign\\\/\",\"https:\\\/\\\/www.linkedin.com\\\/company\\\/ke-outdoor-design\\\/\"]}]}<\/script>\n<!-- \/ Yoast SEO Premium plugin. -->","yoast_head_json":{"title":"Restaurants -","description":"Augmentez votre capacit\u00e9 d'accueil gr\u00e2ce \u00e0 un am\u00e9nagement de restaurant sur mesure. Cr\u00e9ez et d\u00e9limitez des zones r\u00e9serv\u00e9es assurant intimit\u00e9 et s\u00e9curit\u00e9.","robots":{"index":"index","follow":"follow","max-snippet":"max-snippet:-1","max-image-preview":"max-image-preview:large","max-video-preview":"max-video-preview:-1"},"canonical":"https:\/\/www.keoutdoordesign.com\/fr-fr\/references\/contract\/restaurants\/","og_locale":"fr_FR","og_type":"article","og_title":"Restaurants","og_description":"Augmentez votre capacit\u00e9 d'accueil gr\u00e2ce \u00e0 un am\u00e9nagement de restaurant sur mesure. Cr\u00e9ez et d\u00e9limitez des zones r\u00e9serv\u00e9es assurant intimit\u00e9 et s\u00e9curit\u00e9.","og_url":"https:\/\/www.keoutdoordesign.com\/fr-fr\/references\/contract\/restaurants\/","og_site_name":"KE Outdoor Design","article_publisher":"https:\/\/www.facebook.com\/keoutdoordesign.us","article_modified_time":"2020-08-06T13:22:11+00:00","og_image":[{"width":2048,"height":1080,"url":"https:\/\/www.keoutdoordesign.com\/wp-content\/uploads\/2019\/05\/Akebaso_2.jpg","type":"image\/jpeg"}],"twitter_card":"summary_large_image","twitter_site":"@keoutdoordesign","schema":{"@context":"https:\/\/schema.org","@graph":[{"@type":"WebPage","@id":"https:\/\/www.keoutdoordesign.com\/fr-fr\/references\/contract\/restaurants\/","url":"https:\/\/www.keoutdoordesign.com\/fr-fr\/references\/contract\/restaurants\/","name":"Restaurants -","isPartOf":{"@id":"https:\/\/www.keoutdoordesign.com\/it-it\/#website"},"primaryImageOfPage":{"@id":"https:\/\/www.keoutdoordesign.com\/fr-fr\/references\/contract\/restaurants\/#primaryimage"},"image":{"@id":"https:\/\/www.keoutdoordesign.com\/fr-fr\/references\/contract\/restaurants\/#primaryimage"},"thumbnailUrl":"https:\/\/www.keoutdoordesign.com\/wp-content\/uploads\/2019\/05\/Akebaso_2.jpg","datePublished":"2019-06-11T07:53:07+00:00","dateModified":"2020-08-06T13:22:11+00:00","description":"Augmentez votre capacit\u00e9 d'accueil gr\u00e2ce \u00e0 un am\u00e9nagement de restaurant sur mesure. Cr\u00e9ez et d\u00e9limitez des zones r\u00e9serv\u00e9es assurant intimit\u00e9 et s\u00e9curit\u00e9.","breadcrumb":{"@id":"https:\/\/www.keoutdoordesign.com\/fr-fr\/references\/contract\/restaurants\/#breadcrumb"},"inLanguage":"fr-FR","potentialAction":[{"@type":"ReadAction","target":["https:\/\/www.keoutdoordesign.com\/fr-fr\/references\/contract\/restaurants\/"]}]},{"@type":"ImageObject","inLanguage":"fr-FR","@id":"https:\/\/www.keoutdoordesign.com\/fr-fr\/references\/contract\/restaurants\/#primaryimage","url":"https:\/\/www.keoutdoordesign.com\/wp-content\/uploads\/2019\/05\/Akebaso_2.jpg","contentUrl":"https:\/\/www.keoutdoordesign.com\/wp-content\/uploads\/2019\/05\/Akebaso_2.jpg","width":2048,"height":1080},{"@type":"BreadcrumbList","@id":"https:\/\/www.keoutdoordesign.com\/fr-fr\/references\/contract\/restaurants\/#breadcrumb","itemListElement":[{"@type":"ListItem","position":1,"name":"Home","item":"https:\/\/www.keoutdoordesign.com\/fr-fr\/"},{"@type":"ListItem","position":2,"name":"R\u00e9f\u00e9rences","item":"https:\/\/www.keoutdoordesign.com\/fr-fr\/references\/"},{"@type":"ListItem","position":3,"name":"Contract","item":"https:\/\/www.keoutdoordesign.com\/fr-fr\/references\/contract\/"},{"@type":"ListItem","position":4,"name":"Restaurants"}]},{"@type":"WebSite","@id":"https:\/\/www.keoutdoordesign.com\/it-it\/#website","url":"https:\/\/www.keoutdoordesign.com\/it-it\/","name":"KE Outdoor Design","description":"Un nuovo sito targato WordPress","publisher":{"@id":"https:\/\/www.keoutdoordesign.com\/it-it\/#organization"},"potentialAction":[{"@type":"SearchAction","target":{"@type":"EntryPoint","urlTemplate":"https:\/\/www.keoutdoordesign.com\/it-it\/?s={search_term_string}"},"query-input":{"@type":"PropertyValueSpecification","valueRequired":true,"valueName":"search_term_string"}}],"inLanguage":"fr-FR"},{"@type":"Organization","@id":"https:\/\/www.keoutdoordesign.com\/it-it\/#organization","name":"KE Outdoor Design","url":"https:\/\/www.keoutdoordesign.com\/it-it\/","logo":{"@type":"ImageObject","inLanguage":"fr-FR","@id":"https:\/\/www.keoutdoordesign.com\/it-it\/#\/schema\/logo\/image\/","url":"https:\/\/www.keoutdoordesign.com\/wp-content\/uploads\/2020\/02\/KE-logo-Primary-e1591282842174.jpg","contentUrl":"https:\/\/www.keoutdoordesign.com\/wp-content\/uploads\/2020\/02\/KE-logo-Primary-e1591282842174.jpg","width":500,"height":396,"caption":"KE Outdoor Design"},"image":{"@id":"https:\/\/www.keoutdoordesign.com\/it-it\/#\/schema\/logo\/image\/"},"sameAs":["https:\/\/www.facebook.com\/keoutdoordesign.us","https:\/\/x.com\/keoutdoordesign","https:\/\/www.facebook.com\/keoutdoordesign","https:\/\/www.youtube.com\/channel\/UCSoMQryJpLqD53bAoZLg2Vg","https:\/\/www.pinterest.it\/keoutdoordesign\/","https:\/\/www.instagram.com\/keoutdoordesign\/","https:\/\/www.linkedin.com\/company\/ke-outdoor-design\/"]}]}},"_links":{"self":[{"href":"https:\/\/www.keoutdoordesign.com\/fr-fr\/wp-json\/wp\/v2\/pages\/5849","targetHints":{"allow":["GET"]}}],"collection":[{"href":"https:\/\/www.keoutdoordesign.com\/fr-fr\/wp-json\/wp\/v2\/pages"}],"about":[{"href":"https:\/\/www.keoutdoordesign.com\/fr-fr\/wp-json\/wp\/v2\/types\/page"}],"author":[{"embeddable":true,"href":"https:\/\/www.keoutdoordesign.com\/fr-fr\/wp-json\/wp\/v2\/users\/10608"}],"replies":[{"embeddable":true,"href":"https:\/\/www.keoutdoordesign.com\/fr-fr\/wp-json\/wp\/v2\/comments?post=5849"}],"version-history":[{"count":9,"href":"https:\/\/www.keoutdoordesign.com\/fr-fr\/wp-json\/wp\/v2\/pages\/5849\/revisions"}],"predecessor-version":[{"id":23395,"href":"https:\/\/www.keoutdoordesign.com\/fr-fr\/wp-json\/wp\/v2\/pages\/5849\/revisions\/23395"}],"up":[{"embeddable":true,"href":"https:\/\/www.keoutdoordesign.com\/fr-fr\/wp-json\/wp\/v2\/pages\/3253"}],"wp:featuredmedia":[{"embeddable":true,"href":"https:\/\/www.keoutdoordesign.com\/fr-fr\/wp-json\/wp\/v2\/media\/3451"}],"wp:attachment":[{"href":"https:\/\/www.keoutdoordesign.com\/fr-fr\/wp-json\/wp\/v2\/media?parent=5849"}],"curies":[{"name":"wp","href":"https:\/\/api.w.org\/{rel}","templated":true}]}}