{"id":5835,"date":"2019-06-11T09:52:50","date_gmt":"2019-06-11T07:52:50","guid":{"rendered":"http:\/\/ke.itpowernet.it\/?page_id=5835"},"modified":"2020-08-06T12:11:19","modified_gmt":"2020-08-06T10:11:19","slug":"station-balneaire","status":"publish","type":"page","link":"https:\/\/www.keoutdoordesign.com\/fr-fr\/references\/contract\/station-balneaire\/","title":{"rendered":"Station baln\u00e9aire"},"content":{"rendered":"<p><strong>Comment rendre une plage attractive? <\/strong>Imaginez : une splendide vue sur une mer calme et bleu azur, la chaleur des rayons du soleil et une l\u00e9g\u00e8re brise marine pour couronner le tout\u2026 Il ne tient qu\u2019\u00e0 vous de faire profiter \u00e0 vos clients de cette association paradisiaque, gr\u00e2ce \u00e0 l&rsquo;installation de pergolas KE.<\/p>\n<p>Rendre une plage attractive c&rsquo;est repenser un <strong>am\u00e9nagement moderne et fonctionnel<\/strong>. Installer une pergola aux abords de votre h\u00f4tel, de votre restaurant ou de votre bar en bord de mer, c\u2019est offrir \u00e0 vos clients confort et bien-\u00eatre. Les structures en aluminium pourront transformer les \u00e9tablissements de baignade en une oasis de paix et de d\u00e9tente.<\/p>\n<p>Gr\u00e2ce \u00e0 nos\u00a0<strong>pergolas en\u00a0 aluminium<\/strong>, vous associez la robustesse d\u2019une structure design \u00e0 la praticit\u00e9 des pergolas modulables. Choisissez la taille de votre installation, le type et couleur de tissu pour une pergola \u00e0 l\u2019image de votre \u00e9tablissement ou de votre villa. Avec ou sans capteurs solaires, <strong>adaptez l&rsquo;ouverture du toit de votre pergola \u00e0 l\u2019ensoleillement du jour<\/strong>: laissez passer quelques rayons ou pr\u00e9servez vos h\u00f4tes d\u2019une averse passag\u00e8re.<\/p>\n<p>Et pour prot\u00e9ger et meubler \u00e9l\u00e9gamment vos terrasses d\u00e9j\u00e0 existantes rien de mieux que d&rsquo;y installer un <a href=\"\/?page_id=4608\"><strong>store banne <\/strong><\/a>adoss\u00e9 \u00e0 votre structure principale pour un design lin\u00e9aire. Ou alors des<a href=\"\/?page_id=4697\"><strong> voiles d&rsquo;ombrage<\/strong><\/a> pour un design \u00e9pur\u00e9 et a\u00e9rien.<\/p>\n<p>A vous de choisir la solution qui conviendra au style de votre \u00e9tablissement.<\/p>\n","protected":false},"excerpt":{"rendered":"<p>Comment rendre une plage attractive? Imaginez : une splendide vue sur une mer calme et bleu azur, la chaleur des&hellip;<\/p>\n","protected":false},"author":10608,"featured_media":11370,"parent":3253,"menu_order":19,"comment_status":"closed","ping_status":"closed","template":"page-templates\/category-references.php","meta":{"_acf_changed":false,"footnotes":""},"class_list":["post-5835","page","type-page","status-publish","has-post-thumbnail","hentry"],"acf":[],"yoast_head":"<!-- This site is optimized with the Yoast SEO Premium plugin v20.12 (Yoast SEO v27.0) - https:\/\/yoast.com\/product\/yoast-seo-premium-wordpress\/ -->\n<title>Station baln\u00e9aire -<\/title>\n<meta name=\"description\" content=\"Rendre une plage attractive et unique: D\u00e9couvrez les paysages \u00e0 couper le souffle de ces plages avec agencements sur mesure associant confort &amp; design..\" \/>\n<meta name=\"robots\" content=\"index, follow, max-snippet:-1, max-image-preview:large, max-video-preview:-1\" \/>\n<link rel=\"canonical\" href=\"https:\/\/www.keoutdoordesign.com\/fr-fr\/references\/contract\/station-balneaire\/\" \/>\n<meta property=\"og:locale\" content=\"fr_FR\" \/>\n<meta property=\"og:type\" content=\"article\" \/>\n<meta property=\"og:title\" content=\"Station baln\u00e9aire\" \/>\n<meta property=\"og:description\" content=\"Rendre une plage attractive et unique: D\u00e9couvrez les paysages \u00e0 couper le souffle de ces plages avec agencements sur mesure associant confort &amp; design..\" \/>\n<meta property=\"og:url\" content=\"https:\/\/www.keoutdoordesign.com\/fr-fr\/references\/contract\/station-balneaire\/\" \/>\n<meta property=\"og:site_name\" content=\"KE Outdoor Design\" \/>\n<meta property=\"article:publisher\" content=\"https:\/\/www.facebook.com\/keoutdoordesign.us\" \/>\n<meta property=\"article:modified_time\" content=\"2020-08-06T10:11:19+00:00\" \/>\n<meta property=\"og:image\" content=\"https:\/\/www.keoutdoordesign.com\/wp-content\/uploads\/2019\/07\/Lampedusa_3.jpg\" \/>\n\t<meta property=\"og:image:width\" content=\"2048\" \/>\n\t<meta property=\"og:image:height\" content=\"1080\" \/>\n\t<meta property=\"og:image:type\" content=\"image\/jpeg\" \/>\n<meta name=\"twitter:card\" content=\"summary_large_image\" \/>\n<meta name=\"twitter:site\" content=\"@keoutdoordesign\" \/>\n<script type=\"application\/ld+json\" class=\"yoast-schema-graph\">{\"@context\":\"https:\/\/schema.org\",\"@graph\":[{\"@type\":\"WebPage\",\"@id\":\"https:\/\/www.keoutdoordesign.com\/fr-fr\/references\/contract\/station-balneaire\/\",\"url\":\"https:\/\/www.keoutdoordesign.com\/fr-fr\/references\/contract\/station-balneaire\/\",\"name\":\"Station baln\u00e9aire -\",\"isPartOf\":{\"@id\":\"https:\/\/www.keoutdoordesign.com\/it-it\/#website\"},\"primaryImageOfPage\":{\"@id\":\"https:\/\/www.keoutdoordesign.com\/fr-fr\/references\/contract\/station-balneaire\/#primaryimage\"},\"image\":{\"@id\":\"https:\/\/www.keoutdoordesign.com\/fr-fr\/references\/contract\/station-balneaire\/#primaryimage\"},\"thumbnailUrl\":\"https:\/\/www.keoutdoordesign.com\/wp-content\/uploads\/2019\/07\/Lampedusa_3.jpg\",\"datePublished\":\"2019-06-11T07:52:50+00:00\",\"dateModified\":\"2020-08-06T10:11:19+00:00\",\"description\":\"Rendre une plage attractive et unique: D\u00e9couvrez les paysages \u00e0 couper le souffle de ces plages avec agencements sur mesure associant confort & design..\",\"breadcrumb\":{\"@id\":\"https:\/\/www.keoutdoordesign.com\/fr-fr\/references\/contract\/station-balneaire\/#breadcrumb\"},\"inLanguage\":\"fr-FR\",\"potentialAction\":[{\"@type\":\"ReadAction\",\"target\":[\"https:\/\/www.keoutdoordesign.com\/fr-fr\/references\/contract\/station-balneaire\/\"]}]},{\"@type\":\"ImageObject\",\"inLanguage\":\"fr-FR\",\"@id\":\"https:\/\/www.keoutdoordesign.com\/fr-fr\/references\/contract\/station-balneaire\/#primaryimage\",\"url\":\"https:\/\/www.keoutdoordesign.com\/wp-content\/uploads\/2019\/07\/Lampedusa_3.jpg\",\"contentUrl\":\"https:\/\/www.keoutdoordesign.com\/wp-content\/uploads\/2019\/07\/Lampedusa_3.jpg\",\"width\":2048,\"height\":1080,\"caption\":\"pergola-pour-station-baln\u00e9aire\"},{\"@type\":\"BreadcrumbList\",\"@id\":\"https:\/\/www.keoutdoordesign.com\/fr-fr\/references\/contract\/station-balneaire\/#breadcrumb\",\"itemListElement\":[{\"@type\":\"ListItem\",\"position\":1,\"name\":\"Home\",\"item\":\"https:\/\/www.keoutdoordesign.com\/fr-fr\/\"},{\"@type\":\"ListItem\",\"position\":2,\"name\":\"R\u00e9f\u00e9rences\",\"item\":\"https:\/\/www.keoutdoordesign.com\/fr-fr\/references\/\"},{\"@type\":\"ListItem\",\"position\":3,\"name\":\"Contract\",\"item\":\"https:\/\/www.keoutdoordesign.com\/fr-fr\/references\/contract\/\"},{\"@type\":\"ListItem\",\"position\":4,\"name\":\"Station baln\u00e9aire\"}]},{\"@type\":\"WebSite\",\"@id\":\"https:\/\/www.keoutdoordesign.com\/it-it\/#website\",\"url\":\"https:\/\/www.keoutdoordesign.com\/it-it\/\",\"name\":\"KE Outdoor Design\",\"description\":\"Un nuovo sito targato WordPress\",\"publisher\":{\"@id\":\"https:\/\/www.keoutdoordesign.com\/it-it\/#organization\"},\"potentialAction\":[{\"@type\":\"SearchAction\",\"target\":{\"@type\":\"EntryPoint\",\"urlTemplate\":\"https:\/\/www.keoutdoordesign.com\/it-it\/?s={search_term_string}\"},\"query-input\":{\"@type\":\"PropertyValueSpecification\",\"valueRequired\":true,\"valueName\":\"search_term_string\"}}],\"inLanguage\":\"fr-FR\"},{\"@type\":\"Organization\",\"@id\":\"https:\/\/www.keoutdoordesign.com\/it-it\/#organization\",\"name\":\"KE Outdoor Design\",\"url\":\"https:\/\/www.keoutdoordesign.com\/it-it\/\",\"logo\":{\"@type\":\"ImageObject\",\"inLanguage\":\"fr-FR\",\"@id\":\"https:\/\/www.keoutdoordesign.com\/it-it\/#\/schema\/logo\/image\/\",\"url\":\"https:\/\/www.keoutdoordesign.com\/wp-content\/uploads\/2020\/02\/KE-logo-Primary-e1591282842174.jpg\",\"contentUrl\":\"https:\/\/www.keoutdoordesign.com\/wp-content\/uploads\/2020\/02\/KE-logo-Primary-e1591282842174.jpg\",\"width\":500,\"height\":396,\"caption\":\"KE Outdoor Design\"},\"image\":{\"@id\":\"https:\/\/www.keoutdoordesign.com\/it-it\/#\/schema\/logo\/image\/\"},\"sameAs\":[\"https:\/\/www.facebook.com\/keoutdoordesign.us\",\"https:\/\/x.com\/keoutdoordesign\",\"https:\/\/www.facebook.com\/keoutdoordesign\",\"https:\/\/www.youtube.com\/channel\/UCSoMQryJpLqD53bAoZLg2Vg\",\"https:\/\/www.pinterest.it\/keoutdoordesign\/\",\"https:\/\/www.instagram.com\/keoutdoordesign\/\",\"https:\/\/www.linkedin.com\/company\/ke-outdoor-design\/\"]}]}<\/script>\n<!-- \/ Yoast SEO Premium plugin. -->","yoast_head_json":{"title":"Station baln\u00e9aire -","description":"Rendre une plage attractive et unique: D\u00e9couvrez les paysages \u00e0 couper le souffle de ces plages avec agencements sur mesure associant confort & design..","robots":{"index":"index","follow":"follow","max-snippet":"max-snippet:-1","max-image-preview":"max-image-preview:large","max-video-preview":"max-video-preview:-1"},"canonical":"https:\/\/www.keoutdoordesign.com\/fr-fr\/references\/contract\/station-balneaire\/","og_locale":"fr_FR","og_type":"article","og_title":"Station baln\u00e9aire","og_description":"Rendre une plage attractive et unique: D\u00e9couvrez les paysages \u00e0 couper le souffle de ces plages avec agencements sur mesure associant confort & design..","og_url":"https:\/\/www.keoutdoordesign.com\/fr-fr\/references\/contract\/station-balneaire\/","og_site_name":"KE Outdoor Design","article_publisher":"https:\/\/www.facebook.com\/keoutdoordesign.us","article_modified_time":"2020-08-06T10:11:19+00:00","og_image":[{"width":2048,"height":1080,"url":"https:\/\/www.keoutdoordesign.com\/wp-content\/uploads\/2019\/07\/Lampedusa_3.jpg","type":"image\/jpeg"}],"twitter_card":"summary_large_image","twitter_site":"@keoutdoordesign","schema":{"@context":"https:\/\/schema.org","@graph":[{"@type":"WebPage","@id":"https:\/\/www.keoutdoordesign.com\/fr-fr\/references\/contract\/station-balneaire\/","url":"https:\/\/www.keoutdoordesign.com\/fr-fr\/references\/contract\/station-balneaire\/","name":"Station baln\u00e9aire -","isPartOf":{"@id":"https:\/\/www.keoutdoordesign.com\/it-it\/#website"},"primaryImageOfPage":{"@id":"https:\/\/www.keoutdoordesign.com\/fr-fr\/references\/contract\/station-balneaire\/#primaryimage"},"image":{"@id":"https:\/\/www.keoutdoordesign.com\/fr-fr\/references\/contract\/station-balneaire\/#primaryimage"},"thumbnailUrl":"https:\/\/www.keoutdoordesign.com\/wp-content\/uploads\/2019\/07\/Lampedusa_3.jpg","datePublished":"2019-06-11T07:52:50+00:00","dateModified":"2020-08-06T10:11:19+00:00","description":"Rendre une plage attractive et unique: D\u00e9couvrez les paysages \u00e0 couper le souffle de ces plages avec agencements sur mesure associant confort & design..","breadcrumb":{"@id":"https:\/\/www.keoutdoordesign.com\/fr-fr\/references\/contract\/station-balneaire\/#breadcrumb"},"inLanguage":"fr-FR","potentialAction":[{"@type":"ReadAction","target":["https:\/\/www.keoutdoordesign.com\/fr-fr\/references\/contract\/station-balneaire\/"]}]},{"@type":"ImageObject","inLanguage":"fr-FR","@id":"https:\/\/www.keoutdoordesign.com\/fr-fr\/references\/contract\/station-balneaire\/#primaryimage","url":"https:\/\/www.keoutdoordesign.com\/wp-content\/uploads\/2019\/07\/Lampedusa_3.jpg","contentUrl":"https:\/\/www.keoutdoordesign.com\/wp-content\/uploads\/2019\/07\/Lampedusa_3.jpg","width":2048,"height":1080,"caption":"pergola-pour-station-baln\u00e9aire"},{"@type":"BreadcrumbList","@id":"https:\/\/www.keoutdoordesign.com\/fr-fr\/references\/contract\/station-balneaire\/#breadcrumb","itemListElement":[{"@type":"ListItem","position":1,"name":"Home","item":"https:\/\/www.keoutdoordesign.com\/fr-fr\/"},{"@type":"ListItem","position":2,"name":"R\u00e9f\u00e9rences","item":"https:\/\/www.keoutdoordesign.com\/fr-fr\/references\/"},{"@type":"ListItem","position":3,"name":"Contract","item":"https:\/\/www.keoutdoordesign.com\/fr-fr\/references\/contract\/"},{"@type":"ListItem","position":4,"name":"Station baln\u00e9aire"}]},{"@type":"WebSite","@id":"https:\/\/www.keoutdoordesign.com\/it-it\/#website","url":"https:\/\/www.keoutdoordesign.com\/it-it\/","name":"KE Outdoor Design","description":"Un nuovo sito targato WordPress","publisher":{"@id":"https:\/\/www.keoutdoordesign.com\/it-it\/#organization"},"potentialAction":[{"@type":"SearchAction","target":{"@type":"EntryPoint","urlTemplate":"https:\/\/www.keoutdoordesign.com\/it-it\/?s={search_term_string}"},"query-input":{"@type":"PropertyValueSpecification","valueRequired":true,"valueName":"search_term_string"}}],"inLanguage":"fr-FR"},{"@type":"Organization","@id":"https:\/\/www.keoutdoordesign.com\/it-it\/#organization","name":"KE Outdoor Design","url":"https:\/\/www.keoutdoordesign.com\/it-it\/","logo":{"@type":"ImageObject","inLanguage":"fr-FR","@id":"https:\/\/www.keoutdoordesign.com\/it-it\/#\/schema\/logo\/image\/","url":"https:\/\/www.keoutdoordesign.com\/wp-content\/uploads\/2020\/02\/KE-logo-Primary-e1591282842174.jpg","contentUrl":"https:\/\/www.keoutdoordesign.com\/wp-content\/uploads\/2020\/02\/KE-logo-Primary-e1591282842174.jpg","width":500,"height":396,"caption":"KE Outdoor Design"},"image":{"@id":"https:\/\/www.keoutdoordesign.com\/it-it\/#\/schema\/logo\/image\/"},"sameAs":["https:\/\/www.facebook.com\/keoutdoordesign.us","https:\/\/x.com\/keoutdoordesign","https:\/\/www.facebook.com\/keoutdoordesign","https:\/\/www.youtube.com\/channel\/UCSoMQryJpLqD53bAoZLg2Vg","https:\/\/www.pinterest.it\/keoutdoordesign\/","https:\/\/www.instagram.com\/keoutdoordesign\/","https:\/\/www.linkedin.com\/company\/ke-outdoor-design\/"]}]}},"_links":{"self":[{"href":"https:\/\/www.keoutdoordesign.com\/fr-fr\/wp-json\/wp\/v2\/pages\/5835","targetHints":{"allow":["GET"]}}],"collection":[{"href":"https:\/\/www.keoutdoordesign.com\/fr-fr\/wp-json\/wp\/v2\/pages"}],"about":[{"href":"https:\/\/www.keoutdoordesign.com\/fr-fr\/wp-json\/wp\/v2\/types\/page"}],"author":[{"embeddable":true,"href":"https:\/\/www.keoutdoordesign.com\/fr-fr\/wp-json\/wp\/v2\/users\/10608"}],"replies":[{"embeddable":true,"href":"https:\/\/www.keoutdoordesign.com\/fr-fr\/wp-json\/wp\/v2\/comments?post=5835"}],"version-history":[{"count":6,"href":"https:\/\/www.keoutdoordesign.com\/fr-fr\/wp-json\/wp\/v2\/pages\/5835\/revisions"}],"predecessor-version":[{"id":23384,"href":"https:\/\/www.keoutdoordesign.com\/fr-fr\/wp-json\/wp\/v2\/pages\/5835\/revisions\/23384"}],"up":[{"embeddable":true,"href":"https:\/\/www.keoutdoordesign.com\/fr-fr\/wp-json\/wp\/v2\/pages\/3253"}],"wp:featuredmedia":[{"embeddable":true,"href":"https:\/\/www.keoutdoordesign.com\/fr-fr\/wp-json\/wp\/v2\/media\/11370"}],"wp:attachment":[{"href":"https:\/\/www.keoutdoordesign.com\/fr-fr\/wp-json\/wp\/v2\/media?parent=5835"}],"curies":[{"name":"wp","href":"https:\/\/api.w.org\/{rel}","templated":true}]}}