{"id":5825,"date":"2019-06-11T09:52:34","date_gmt":"2019-06-11T07:52:34","guid":{"rendered":"http:\/\/ke.itpowernet.it\/?page_id=5825"},"modified":"2020-08-06T10:08:16","modified_gmt":"2020-08-06T08:08:16","slug":"villas-pour-receptions","status":"publish","type":"page","link":"https:\/\/www.keoutdoordesign.com\/fr-fr\/references\/contract\/villas-pour-receptions\/","title":{"rendered":"Am\u00e9nagement de villas pour r\u00e9ception"},"content":{"rendered":"<p><strong>Vous voulez \u00eatre le choix num\u00e9ro 1 pour vos clients<\/strong> !? Nous proposons des <strong>solutions d&rsquo;am\u00e9nagement id\u00e9ales pour villas<\/strong> qui ont la capacit\u00e9 de transformer vos espaces ext\u00e9rieurs en un lieu de r\u00e9ception unique. Avec un design in\u00e9galable, nos structures vont font red\u00e9couvrir le plaisir d&rsquo;\u00eatre \u00e0 l&rsquo;ext\u00e9rieur en optimisant vos espaces.<\/p>\n<p>&nbsp;<\/p>\n<ul>\n<li>Emplacements idylliques<\/li>\n<li>Structures \u00e9l\u00e9gantes et modernes<\/li>\n<li>Confort<\/li>\n<\/ul>\n<p>Ce sont les ingr\u00e9dients d&rsquo;un \u00e9v\u00e9nement m\u00e9morable, qui devient encore plus impressionnant s&rsquo;il est cr\u00e9\u00e9 immerg\u00e9 dans la nature et prot\u00e9g\u00e9 par une structure d&rsquo;ombrage. Nos <strong>pergolas bioclimatiques, nos stores,<\/strong> <strong>nos voiles ou nos rev\u00eatements sp\u00e9ciaux sur mesure<\/strong> pourront habiller vos fa\u00e7ades ou cr\u00e9er de nouvelles \u00eeles en plein air, des espaces de vie pour organiser des c\u00e9r\u00e9monies, des banquets et des \u00e9v\u00e9nements \u00e9poustouflants.<\/p>\n<ul>\n<li>Mariage<\/li>\n<li>Anniversaire<\/li>\n<li>Soir\u00e9e<\/li>\n<li>S\u00e9minaire<\/li>\n<\/ul>\n<p><strong>Faites de ce lieu d\u2019exception des \u00e9v\u00e9nements d\u2019exceptions !<\/strong><\/p>\n<p>Une villa comme lieu de r\u00e9ception attirera toujours plus d\u2019invit\u00e9s et d&rsquo;organisateurs si elle b\u00e9n\u00e9ficie de structures r\u00e9sistantes et raffin\u00e9es, qui prot\u00e8gent des rayons du soleil, de la pluie ou de l&rsquo;humidit\u00e9.<\/p>\n<p>Enfin, les accessoires donneront aux structures d\u2019ombrage la personnalisation appropri\u00e9e. Des vitraux ou des stores verticaux pour fermer ou ouvrir votre vision vers l&rsquo;ext\u00e9rieur, l&rsquo;\u00e9clairage \u00e0 LED int\u00e9gr\u00e9, l&rsquo;automatisation de l&rsquo;ouverture du toit, ces d\u00e9tails et de nombreux autres vous permettent d&rsquo;obtenir un r\u00e9sultat exceptionnel. Un v\u00e9ritable <strong>am\u00e9nagement de villas pour r\u00e9ceptions <\/strong>qui rend votre lieu singulier, unique et \u00e9l\u00e9gant.<\/p>\n<p><strong>Tout a \u00e9t\u00e9 envisag\u00e9 pour pouvoir offrir des espaces ext\u00e9rieurs uniques et fonctionnels\u00a0!<\/strong><\/p>\n","protected":false},"excerpt":{"rendered":"<p>Vous voulez \u00eatre le choix num\u00e9ro 1 pour vos clients !? Nous proposons des solutions d&rsquo;am\u00e9nagement id\u00e9ales pour villas qui&hellip;<\/p>\n","protected":false},"author":10608,"featured_media":3532,"parent":3253,"menu_order":20,"comment_status":"closed","ping_status":"closed","template":"page-templates\/category-references.php","meta":{"_acf_changed":false,"footnotes":""},"class_list":["post-5825","page","type-page","status-publish","has-post-thumbnail","hentry"],"acf":[],"yoast_head":"<!-- This site is optimized with the Yoast SEO Premium plugin v20.12 (Yoast SEO v27.3) - https:\/\/yoast.com\/product\/yoast-seo-premium-wordpress\/ -->\n<title>Am\u00e9nagement de villas pour r\u00e9ception -<\/title>\n<meta name=\"description\" content=\"Proposez un lieu de r\u00e9ception unique: Offrez les plus beaux mariages et les plus belles r\u00e9ceptions dans une villa de r\u00eave singuli\u00e8re et exotique. Contact KE\" \/>\n<meta name=\"robots\" content=\"index, follow, max-snippet:-1, max-image-preview:large, max-video-preview:-1\" \/>\n<link rel=\"canonical\" href=\"https:\/\/www.keoutdoordesign.com\/fr-fr\/references\/contract\/villas-pour-receptions\/\" \/>\n<meta property=\"og:locale\" content=\"fr_FR\" \/>\n<meta property=\"og:type\" content=\"article\" \/>\n<meta property=\"og:title\" content=\"Am\u00e9nagement de villas pour r\u00e9ception\" \/>\n<meta property=\"og:description\" content=\"Proposez un lieu de r\u00e9ception unique: Offrez les plus beaux mariages et les plus belles r\u00e9ceptions dans une villa de r\u00eave singuli\u00e8re et exotique. Contact KE\" \/>\n<meta property=\"og:url\" content=\"https:\/\/www.keoutdoordesign.com\/fr-fr\/references\/contract\/villas-pour-receptions\/\" \/>\n<meta property=\"og:site_name\" content=\"KE Outdoor Design\" \/>\n<meta property=\"article:publisher\" content=\"https:\/\/www.facebook.com\/keoutdoordesign.us\" \/>\n<meta property=\"article:modified_time\" content=\"2020-08-06T08:08:16+00:00\" \/>\n<meta property=\"og:image\" content=\"https:\/\/www.keoutdoordesign.com\/wp-content\/uploads\/2019\/05\/KE_Casa-Casuarina_3.jpg\" \/>\n\t<meta property=\"og:image:width\" content=\"2048\" \/>\n\t<meta property=\"og:image:height\" content=\"1080\" \/>\n\t<meta property=\"og:image:type\" content=\"image\/jpeg\" \/>\n<meta name=\"twitter:card\" content=\"summary_large_image\" \/>\n<meta name=\"twitter:site\" content=\"@keoutdoordesign\" \/>\n<script type=\"application\/ld+json\" class=\"yoast-schema-graph\">{\"@context\":\"https:\\\/\\\/schema.org\",\"@graph\":[{\"@type\":\"WebPage\",\"@id\":\"https:\\\/\\\/www.keoutdoordesign.com\\\/fr-fr\\\/references\\\/contract\\\/villas-pour-receptions\\\/\",\"url\":\"https:\\\/\\\/www.keoutdoordesign.com\\\/fr-fr\\\/references\\\/contract\\\/villas-pour-receptions\\\/\",\"name\":\"Am\u00e9nagement de villas pour r\u00e9ception -\",\"isPartOf\":{\"@id\":\"https:\\\/\\\/www.keoutdoordesign.com\\\/it-it\\\/#website\"},\"primaryImageOfPage\":{\"@id\":\"https:\\\/\\\/www.keoutdoordesign.com\\\/fr-fr\\\/references\\\/contract\\\/villas-pour-receptions\\\/#primaryimage\"},\"image\":{\"@id\":\"https:\\\/\\\/www.keoutdoordesign.com\\\/fr-fr\\\/references\\\/contract\\\/villas-pour-receptions\\\/#primaryimage\"},\"thumbnailUrl\":\"https:\\\/\\\/www.keoutdoordesign.com\\\/wp-content\\\/uploads\\\/2019\\\/05\\\/KE_Casa-Casuarina_3.jpg\",\"datePublished\":\"2019-06-11T07:52:34+00:00\",\"dateModified\":\"2020-08-06T08:08:16+00:00\",\"description\":\"Proposez un lieu de r\u00e9ception unique: Offrez les plus beaux mariages et les plus belles r\u00e9ceptions dans une villa de r\u00eave singuli\u00e8re et exotique. Contact KE\",\"breadcrumb\":{\"@id\":\"https:\\\/\\\/www.keoutdoordesign.com\\\/fr-fr\\\/references\\\/contract\\\/villas-pour-receptions\\\/#breadcrumb\"},\"inLanguage\":\"fr-FR\",\"potentialAction\":[{\"@type\":\"ReadAction\",\"target\":[\"https:\\\/\\\/www.keoutdoordesign.com\\\/fr-fr\\\/references\\\/contract\\\/villas-pour-receptions\\\/\"]}]},{\"@type\":\"ImageObject\",\"inLanguage\":\"fr-FR\",\"@id\":\"https:\\\/\\\/www.keoutdoordesign.com\\\/fr-fr\\\/references\\\/contract\\\/villas-pour-receptions\\\/#primaryimage\",\"url\":\"https:\\\/\\\/www.keoutdoordesign.com\\\/wp-content\\\/uploads\\\/2019\\\/05\\\/KE_Casa-Casuarina_3.jpg\",\"contentUrl\":\"https:\\\/\\\/www.keoutdoordesign.com\\\/wp-content\\\/uploads\\\/2019\\\/05\\\/KE_Casa-Casuarina_3.jpg\",\"width\":2048,\"height\":1080},{\"@type\":\"BreadcrumbList\",\"@id\":\"https:\\\/\\\/www.keoutdoordesign.com\\\/fr-fr\\\/references\\\/contract\\\/villas-pour-receptions\\\/#breadcrumb\",\"itemListElement\":[{\"@type\":\"ListItem\",\"position\":1,\"name\":\"Home\",\"item\":\"https:\\\/\\\/www.keoutdoordesign.com\\\/fr-fr\\\/\"},{\"@type\":\"ListItem\",\"position\":2,\"name\":\"R\u00e9f\u00e9rences\",\"item\":\"https:\\\/\\\/www.keoutdoordesign.com\\\/fr-fr\\\/references\\\/\"},{\"@type\":\"ListItem\",\"position\":3,\"name\":\"Contract\",\"item\":\"https:\\\/\\\/www.keoutdoordesign.com\\\/fr-fr\\\/references\\\/contract\\\/\"},{\"@type\":\"ListItem\",\"position\":4,\"name\":\"Am\u00e9nagement de villas pour r\u00e9ception\"}]},{\"@type\":\"WebSite\",\"@id\":\"https:\\\/\\\/www.keoutdoordesign.com\\\/it-it\\\/#website\",\"url\":\"https:\\\/\\\/www.keoutdoordesign.com\\\/it-it\\\/\",\"name\":\"KE Outdoor Design\",\"description\":\"Un nuovo sito targato WordPress\",\"publisher\":{\"@id\":\"https:\\\/\\\/www.keoutdoordesign.com\\\/it-it\\\/#organization\"},\"potentialAction\":[{\"@type\":\"SearchAction\",\"target\":{\"@type\":\"EntryPoint\",\"urlTemplate\":\"https:\\\/\\\/www.keoutdoordesign.com\\\/it-it\\\/?s={search_term_string}\"},\"query-input\":{\"@type\":\"PropertyValueSpecification\",\"valueRequired\":true,\"valueName\":\"search_term_string\"}}],\"inLanguage\":\"fr-FR\"},{\"@type\":\"Organization\",\"@id\":\"https:\\\/\\\/www.keoutdoordesign.com\\\/it-it\\\/#organization\",\"name\":\"KE Outdoor Design\",\"url\":\"https:\\\/\\\/www.keoutdoordesign.com\\\/it-it\\\/\",\"logo\":{\"@type\":\"ImageObject\",\"inLanguage\":\"fr-FR\",\"@id\":\"https:\\\/\\\/www.keoutdoordesign.com\\\/it-it\\\/#\\\/schema\\\/logo\\\/image\\\/\",\"url\":\"https:\\\/\\\/www.keoutdoordesign.com\\\/wp-content\\\/uploads\\\/2020\\\/02\\\/KE-logo-Primary-e1591282842174.jpg\",\"contentUrl\":\"https:\\\/\\\/www.keoutdoordesign.com\\\/wp-content\\\/uploads\\\/2020\\\/02\\\/KE-logo-Primary-e1591282842174.jpg\",\"width\":500,\"height\":396,\"caption\":\"KE Outdoor Design\"},\"image\":{\"@id\":\"https:\\\/\\\/www.keoutdoordesign.com\\\/it-it\\\/#\\\/schema\\\/logo\\\/image\\\/\"},\"sameAs\":[\"https:\\\/\\\/www.facebook.com\\\/keoutdoordesign.us\",\"https:\\\/\\\/x.com\\\/keoutdoordesign\",\"https:\\\/\\\/www.facebook.com\\\/keoutdoordesign\",\"https:\\\/\\\/www.youtube.com\\\/channel\\\/UCSoMQryJpLqD53bAoZLg2Vg\",\"https:\\\/\\\/www.pinterest.it\\\/keoutdoordesign\\\/\",\"https:\\\/\\\/www.instagram.com\\\/keoutdoordesign\\\/\",\"https:\\\/\\\/www.linkedin.com\\\/company\\\/ke-outdoor-design\\\/\"]}]}<\/script>\n<!-- \/ Yoast SEO Premium plugin. -->","yoast_head_json":{"title":"Am\u00e9nagement de villas pour r\u00e9ception -","description":"Proposez un lieu de r\u00e9ception unique: Offrez les plus beaux mariages et les plus belles r\u00e9ceptions dans une villa de r\u00eave singuli\u00e8re et exotique. Contact KE","robots":{"index":"index","follow":"follow","max-snippet":"max-snippet:-1","max-image-preview":"max-image-preview:large","max-video-preview":"max-video-preview:-1"},"canonical":"https:\/\/www.keoutdoordesign.com\/fr-fr\/references\/contract\/villas-pour-receptions\/","og_locale":"fr_FR","og_type":"article","og_title":"Am\u00e9nagement de villas pour r\u00e9ception","og_description":"Proposez un lieu de r\u00e9ception unique: Offrez les plus beaux mariages et les plus belles r\u00e9ceptions dans une villa de r\u00eave singuli\u00e8re et exotique. Contact KE","og_url":"https:\/\/www.keoutdoordesign.com\/fr-fr\/references\/contract\/villas-pour-receptions\/","og_site_name":"KE Outdoor Design","article_publisher":"https:\/\/www.facebook.com\/keoutdoordesign.us","article_modified_time":"2020-08-06T08:08:16+00:00","og_image":[{"width":2048,"height":1080,"url":"https:\/\/www.keoutdoordesign.com\/wp-content\/uploads\/2019\/05\/KE_Casa-Casuarina_3.jpg","type":"image\/jpeg"}],"twitter_card":"summary_large_image","twitter_site":"@keoutdoordesign","schema":{"@context":"https:\/\/schema.org","@graph":[{"@type":"WebPage","@id":"https:\/\/www.keoutdoordesign.com\/fr-fr\/references\/contract\/villas-pour-receptions\/","url":"https:\/\/www.keoutdoordesign.com\/fr-fr\/references\/contract\/villas-pour-receptions\/","name":"Am\u00e9nagement de villas pour r\u00e9ception -","isPartOf":{"@id":"https:\/\/www.keoutdoordesign.com\/it-it\/#website"},"primaryImageOfPage":{"@id":"https:\/\/www.keoutdoordesign.com\/fr-fr\/references\/contract\/villas-pour-receptions\/#primaryimage"},"image":{"@id":"https:\/\/www.keoutdoordesign.com\/fr-fr\/references\/contract\/villas-pour-receptions\/#primaryimage"},"thumbnailUrl":"https:\/\/www.keoutdoordesign.com\/wp-content\/uploads\/2019\/05\/KE_Casa-Casuarina_3.jpg","datePublished":"2019-06-11T07:52:34+00:00","dateModified":"2020-08-06T08:08:16+00:00","description":"Proposez un lieu de r\u00e9ception unique: Offrez les plus beaux mariages et les plus belles r\u00e9ceptions dans une villa de r\u00eave singuli\u00e8re et exotique. Contact KE","breadcrumb":{"@id":"https:\/\/www.keoutdoordesign.com\/fr-fr\/references\/contract\/villas-pour-receptions\/#breadcrumb"},"inLanguage":"fr-FR","potentialAction":[{"@type":"ReadAction","target":["https:\/\/www.keoutdoordesign.com\/fr-fr\/references\/contract\/villas-pour-receptions\/"]}]},{"@type":"ImageObject","inLanguage":"fr-FR","@id":"https:\/\/www.keoutdoordesign.com\/fr-fr\/references\/contract\/villas-pour-receptions\/#primaryimage","url":"https:\/\/www.keoutdoordesign.com\/wp-content\/uploads\/2019\/05\/KE_Casa-Casuarina_3.jpg","contentUrl":"https:\/\/www.keoutdoordesign.com\/wp-content\/uploads\/2019\/05\/KE_Casa-Casuarina_3.jpg","width":2048,"height":1080},{"@type":"BreadcrumbList","@id":"https:\/\/www.keoutdoordesign.com\/fr-fr\/references\/contract\/villas-pour-receptions\/#breadcrumb","itemListElement":[{"@type":"ListItem","position":1,"name":"Home","item":"https:\/\/www.keoutdoordesign.com\/fr-fr\/"},{"@type":"ListItem","position":2,"name":"R\u00e9f\u00e9rences","item":"https:\/\/www.keoutdoordesign.com\/fr-fr\/references\/"},{"@type":"ListItem","position":3,"name":"Contract","item":"https:\/\/www.keoutdoordesign.com\/fr-fr\/references\/contract\/"},{"@type":"ListItem","position":4,"name":"Am\u00e9nagement de villas pour r\u00e9ception"}]},{"@type":"WebSite","@id":"https:\/\/www.keoutdoordesign.com\/it-it\/#website","url":"https:\/\/www.keoutdoordesign.com\/it-it\/","name":"KE Outdoor Design","description":"Un nuovo sito targato WordPress","publisher":{"@id":"https:\/\/www.keoutdoordesign.com\/it-it\/#organization"},"potentialAction":[{"@type":"SearchAction","target":{"@type":"EntryPoint","urlTemplate":"https:\/\/www.keoutdoordesign.com\/it-it\/?s={search_term_string}"},"query-input":{"@type":"PropertyValueSpecification","valueRequired":true,"valueName":"search_term_string"}}],"inLanguage":"fr-FR"},{"@type":"Organization","@id":"https:\/\/www.keoutdoordesign.com\/it-it\/#organization","name":"KE Outdoor Design","url":"https:\/\/www.keoutdoordesign.com\/it-it\/","logo":{"@type":"ImageObject","inLanguage":"fr-FR","@id":"https:\/\/www.keoutdoordesign.com\/it-it\/#\/schema\/logo\/image\/","url":"https:\/\/www.keoutdoordesign.com\/wp-content\/uploads\/2020\/02\/KE-logo-Primary-e1591282842174.jpg","contentUrl":"https:\/\/www.keoutdoordesign.com\/wp-content\/uploads\/2020\/02\/KE-logo-Primary-e1591282842174.jpg","width":500,"height":396,"caption":"KE Outdoor Design"},"image":{"@id":"https:\/\/www.keoutdoordesign.com\/it-it\/#\/schema\/logo\/image\/"},"sameAs":["https:\/\/www.facebook.com\/keoutdoordesign.us","https:\/\/x.com\/keoutdoordesign","https:\/\/www.facebook.com\/keoutdoordesign","https:\/\/www.youtube.com\/channel\/UCSoMQryJpLqD53bAoZLg2Vg","https:\/\/www.pinterest.it\/keoutdoordesign\/","https:\/\/www.instagram.com\/keoutdoordesign\/","https:\/\/www.linkedin.com\/company\/ke-outdoor-design\/"]}]}},"_links":{"self":[{"href":"https:\/\/www.keoutdoordesign.com\/fr-fr\/wp-json\/wp\/v2\/pages\/5825","targetHints":{"allow":["GET"]}}],"collection":[{"href":"https:\/\/www.keoutdoordesign.com\/fr-fr\/wp-json\/wp\/v2\/pages"}],"about":[{"href":"https:\/\/www.keoutdoordesign.com\/fr-fr\/wp-json\/wp\/v2\/types\/page"}],"author":[{"embeddable":true,"href":"https:\/\/www.keoutdoordesign.com\/fr-fr\/wp-json\/wp\/v2\/users\/10608"}],"replies":[{"embeddable":true,"href":"https:\/\/www.keoutdoordesign.com\/fr-fr\/wp-json\/wp\/v2\/comments?post=5825"}],"version-history":[{"count":4,"href":"https:\/\/www.keoutdoordesign.com\/fr-fr\/wp-json\/wp\/v2\/pages\/5825\/revisions"}],"predecessor-version":[{"id":23373,"href":"https:\/\/www.keoutdoordesign.com\/fr-fr\/wp-json\/wp\/v2\/pages\/5825\/revisions\/23373"}],"up":[{"embeddable":true,"href":"https:\/\/www.keoutdoordesign.com\/fr-fr\/wp-json\/wp\/v2\/pages\/3253"}],"wp:featuredmedia":[{"embeddable":true,"href":"https:\/\/www.keoutdoordesign.com\/fr-fr\/wp-json\/wp\/v2\/media\/3532"}],"wp:attachment":[{"href":"https:\/\/www.keoutdoordesign.com\/fr-fr\/wp-json\/wp\/v2\/media?parent=5825"}],"curies":[{"name":"wp","href":"https:\/\/api.w.org\/{rel}","templated":true}]}}