{"id":5815,"date":"2019-06-11T09:52:12","date_gmt":"2019-06-11T07:52:12","guid":{"rendered":"http:\/\/ke.itpowernet.it\/?page_id=5815"},"modified":"2020-08-06T10:36:27","modified_gmt":"2020-08-06T08:36:27","slug":"a-la-mer","status":"publish","type":"page","link":"https:\/\/www.keoutdoordesign.com\/fr-fr\/references\/residentiel\/a-la-mer\/","title":{"rendered":"Environnement c\u00f4tier"},"content":{"rendered":"<p>Vivre en bord de mer est un r\u00eave. Mais pour profiter pleinement des avantages qu&rsquo;offrent ces espaces ext\u00e9rieurs il faut pens\u00e9 son am\u00e9nagement avec des <strong>protections et stores ext\u00e9rieurs r\u00e9sistants.<\/strong><\/p>\n<p>Qui ne r\u00eave pas de pouvoir avoir un coin ext\u00e9rieur qui nous laisse profiter d\u2019une vue sur l\u2019\u00e9tendue de l\u2019eau, sentir une l\u00e9g\u00e8re brise et les odeurs iod\u00e9s.<\/p>\n<h4>2 choses peuvent vous emp\u00eacher de profiter de votre ext\u00e9rieur :<\/h4>\n<ul>\n<li>Un vent trop fort<\/li>\n<li>Un soleil trop lourd<\/li>\n<\/ul>\n<p>Pour se faire, nous avons donc pens\u00e9 des <strong>solutions et stores ext\u00e9rieurs r\u00e9sistants <\/strong>qui puissent vous accorder le plaisir de profiter de vos espaces ext\u00e9rieurs m\u00eame lors de conditions g\u00eanantes.<\/p>\n<p>&nbsp;<\/p>\n<p>Nos\u00a0<strong>pergolas et nos stores d\u2019ext\u00e9rieur<\/strong> ont \u00e9t\u00e9 pens\u00e9s pour les \u00e9tablissements ou maisons en bord de mer. <span style=\"text-decoration: underline;\"><strong>Notre but<\/strong> <\/span>: que toutes les personnes b\u00e9n\u00e9ficient seulement des avantages de l&rsquo;ext\u00e9rieur.<br \/>\nLes rev\u00eatements ext\u00e9rieurs et les voiles d&rsquo;ombrage savent recr\u00e9er des coins d&rsquo;ombre sur les plages et les villas surplombant la mer, les h\u00f4tels et les \u00e9tablissements baln\u00e9aires, pour permettre aux clients de profiter du plaisir de vivre au bord de la mer.<\/p>\n<ul>\n<li>Gr\u00e2ce \u00e0 nos<a href=\"\/?page_id=4547\">\u00a0<\/a><strong>pergolas et leurs couvertures bioclimatiques<\/strong>, vous pouvez profiter de d\u00e9jeuner en bord de mer, m\u00eame lorsque le soleil est \u00e0 son z\u00e9nith. Ind\u00e9pendantes elles s&rsquo;installent o\u00f9 vous le souhaitez.<\/li>\n<li>Pr\u00e9f\u00e9rez nos <a href=\"\/?page_id=4685\"><strong>stores <\/strong><b>verticaux<\/b><\/a> pour pr\u00e9server du soleil les chambres de votre villa. Ou un <a href=\"\/?page_id=4643\"><strong>store double pente <\/strong><\/a>ou <strong>store avec coffre<\/strong>\u00a0pour profiter de votre terrasse berc\u00e9 par la brise de la mer et prot\u00e9ger du soleil. La gamme KE r\u00e9siste aux affres du temps et \u00e0 toutes les conditions m\u00e9t\u00e9orologiques.<\/li>\n<li><strong>Les voiles d&rsquo;ombrage Kheope et Kolibrie<\/strong>, avec des structures r\u00e9sistantes en mat\u00e9riaux nautiques, apporteront un charme fou \u00e0 tout espace de d\u00e9tente ext\u00e9rieur au bord de mer ou piscine.<\/li>\n<\/ul>\n<p>&nbsp;<\/p>\n<p>Gr\u00e2ce \u00e0 la vaste <strong>gamme de couvertures ext\u00e9rieures<\/strong> pour les zones maritimes, nous pourrons trouver ensemble la solution id\u00e9ale pour mieux profiter des plages, des stations baln\u00e9aires, des ports et des quais, en cr\u00e9ant des rev\u00eatements ext\u00e9rieurs d\u2019une taille consid\u00e9rable.<\/p>\n<p>&nbsp;<\/p>\n","protected":false},"excerpt":{"rendered":"<p>Vivre en bord de mer est un r\u00eave. Mais pour profiter pleinement des avantages qu&rsquo;offrent ces espaces ext\u00e9rieurs il faut&hellip;<\/p>\n","protected":false},"author":10608,"featured_media":2949,"parent":3255,"menu_order":7,"comment_status":"closed","ping_status":"closed","template":"page-templates\/category-references.php","meta":{"_acf_changed":false,"footnotes":""},"class_list":["post-5815","page","type-page","status-publish","has-post-thumbnail","hentry"],"acf":[],"yoast_head":"<!-- This site is optimized with the Yoast SEO Premium plugin v20.12 (Yoast SEO v27.3) - https:\/\/yoast.com\/product\/yoast-seo-premium-wordpress\/ -->\n<title>Environnement c\u00f4tier -<\/title>\n<meta name=\"description\" content=\"Alliez: Bord de mer et ses paysages - Confort -Design... Et Oubliez les inconforts m\u00e9t\u00e9orologiques avec nos stores ext\u00e9rieurs r\u00e9sistants: vent \/ salinit\u00e9..\" \/>\n<meta name=\"robots\" content=\"index, follow, max-snippet:-1, max-image-preview:large, max-video-preview:-1\" \/>\n<link rel=\"canonical\" href=\"https:\/\/www.keoutdoordesign.com\/fr-fr\/references\/residentiel\/a-la-mer\/\" \/>\n<meta property=\"og:locale\" content=\"fr_FR\" \/>\n<meta property=\"og:type\" content=\"article\" \/>\n<meta property=\"og:title\" content=\"Environnement c\u00f4tier\" \/>\n<meta property=\"og:description\" content=\"Alliez: Bord de mer et ses paysages - Confort -Design... Et Oubliez les inconforts m\u00e9t\u00e9orologiques avec nos stores ext\u00e9rieurs r\u00e9sistants: vent \/ salinit\u00e9..\" \/>\n<meta property=\"og:url\" content=\"https:\/\/www.keoutdoordesign.com\/fr-fr\/references\/residentiel\/a-la-mer\/\" \/>\n<meta property=\"og:site_name\" content=\"KE Outdoor Design\" \/>\n<meta property=\"article:publisher\" content=\"https:\/\/www.facebook.com\/keoutdoordesign.us\" \/>\n<meta property=\"article:modified_time\" content=\"2020-08-06T08:36:27+00:00\" \/>\n<meta property=\"og:image\" content=\"https:\/\/www.keoutdoordesign.com\/wp-content\/uploads\/2019\/05\/ResLatina_KedryPrime_1.jpg\" \/>\n\t<meta property=\"og:image:width\" content=\"2048\" \/>\n\t<meta property=\"og:image:height\" content=\"1080\" \/>\n\t<meta property=\"og:image:type\" content=\"image\/jpeg\" \/>\n<meta name=\"twitter:card\" content=\"summary_large_image\" \/>\n<meta name=\"twitter:site\" content=\"@keoutdoordesign\" \/>\n<script type=\"application\/ld+json\" class=\"yoast-schema-graph\">{\"@context\":\"https:\\\/\\\/schema.org\",\"@graph\":[{\"@type\":\"WebPage\",\"@id\":\"https:\\\/\\\/www.keoutdoordesign.com\\\/fr-fr\\\/references\\\/residentiel\\\/a-la-mer\\\/\",\"url\":\"https:\\\/\\\/www.keoutdoordesign.com\\\/fr-fr\\\/references\\\/residentiel\\\/a-la-mer\\\/\",\"name\":\"Environnement c\u00f4tier -\",\"isPartOf\":{\"@id\":\"https:\\\/\\\/www.keoutdoordesign.com\\\/it-it\\\/#website\"},\"primaryImageOfPage\":{\"@id\":\"https:\\\/\\\/www.keoutdoordesign.com\\\/fr-fr\\\/references\\\/residentiel\\\/a-la-mer\\\/#primaryimage\"},\"image\":{\"@id\":\"https:\\\/\\\/www.keoutdoordesign.com\\\/fr-fr\\\/references\\\/residentiel\\\/a-la-mer\\\/#primaryimage\"},\"thumbnailUrl\":\"https:\\\/\\\/www.keoutdoordesign.com\\\/wp-content\\\/uploads\\\/2019\\\/05\\\/ResLatina_KedryPrime_1.jpg\",\"datePublished\":\"2019-06-11T07:52:12+00:00\",\"dateModified\":\"2020-08-06T08:36:27+00:00\",\"description\":\"Alliez: Bord de mer et ses paysages - Confort -Design... Et Oubliez les inconforts m\u00e9t\u00e9orologiques avec nos stores ext\u00e9rieurs r\u00e9sistants: vent \\\/ salinit\u00e9..\",\"breadcrumb\":{\"@id\":\"https:\\\/\\\/www.keoutdoordesign.com\\\/fr-fr\\\/references\\\/residentiel\\\/a-la-mer\\\/#breadcrumb\"},\"inLanguage\":\"fr-FR\",\"potentialAction\":[{\"@type\":\"ReadAction\",\"target\":[\"https:\\\/\\\/www.keoutdoordesign.com\\\/fr-fr\\\/references\\\/residentiel\\\/a-la-mer\\\/\"]}]},{\"@type\":\"ImageObject\",\"inLanguage\":\"fr-FR\",\"@id\":\"https:\\\/\\\/www.keoutdoordesign.com\\\/fr-fr\\\/references\\\/residentiel\\\/a-la-mer\\\/#primaryimage\",\"url\":\"https:\\\/\\\/www.keoutdoordesign.com\\\/wp-content\\\/uploads\\\/2019\\\/05\\\/ResLatina_KedryPrime_1.jpg\",\"contentUrl\":\"https:\\\/\\\/www.keoutdoordesign.com\\\/wp-content\\\/uploads\\\/2019\\\/05\\\/ResLatina_KedryPrime_1.jpg\",\"width\":2048,\"height\":1080,\"caption\":\"stores-ext\u00e9rieurs-r\u00e9sistants\"},{\"@type\":\"BreadcrumbList\",\"@id\":\"https:\\\/\\\/www.keoutdoordesign.com\\\/fr-fr\\\/references\\\/residentiel\\\/a-la-mer\\\/#breadcrumb\",\"itemListElement\":[{\"@type\":\"ListItem\",\"position\":1,\"name\":\"Home\",\"item\":\"https:\\\/\\\/www.keoutdoordesign.com\\\/fr-fr\\\/\"},{\"@type\":\"ListItem\",\"position\":2,\"name\":\"R\u00e9f\u00e9rences\",\"item\":\"https:\\\/\\\/www.keoutdoordesign.com\\\/fr-fr\\\/references\\\/\"},{\"@type\":\"ListItem\",\"position\":3,\"name\":\"Abri de terrasse\",\"item\":\"https:\\\/\\\/www.keoutdoordesign.com\\\/fr-fr\\\/references\\\/residentiel\\\/\"},{\"@type\":\"ListItem\",\"position\":4,\"name\":\"Environnement c\u00f4tier\"}]},{\"@type\":\"WebSite\",\"@id\":\"https:\\\/\\\/www.keoutdoordesign.com\\\/it-it\\\/#website\",\"url\":\"https:\\\/\\\/www.keoutdoordesign.com\\\/it-it\\\/\",\"name\":\"KE Outdoor Design\",\"description\":\"Un nuovo sito targato WordPress\",\"publisher\":{\"@id\":\"https:\\\/\\\/www.keoutdoordesign.com\\\/it-it\\\/#organization\"},\"potentialAction\":[{\"@type\":\"SearchAction\",\"target\":{\"@type\":\"EntryPoint\",\"urlTemplate\":\"https:\\\/\\\/www.keoutdoordesign.com\\\/it-it\\\/?s={search_term_string}\"},\"query-input\":{\"@type\":\"PropertyValueSpecification\",\"valueRequired\":true,\"valueName\":\"search_term_string\"}}],\"inLanguage\":\"fr-FR\"},{\"@type\":\"Organization\",\"@id\":\"https:\\\/\\\/www.keoutdoordesign.com\\\/it-it\\\/#organization\",\"name\":\"KE Outdoor Design\",\"url\":\"https:\\\/\\\/www.keoutdoordesign.com\\\/it-it\\\/\",\"logo\":{\"@type\":\"ImageObject\",\"inLanguage\":\"fr-FR\",\"@id\":\"https:\\\/\\\/www.keoutdoordesign.com\\\/it-it\\\/#\\\/schema\\\/logo\\\/image\\\/\",\"url\":\"https:\\\/\\\/www.keoutdoordesign.com\\\/wp-content\\\/uploads\\\/2020\\\/02\\\/KE-logo-Primary-e1591282842174.jpg\",\"contentUrl\":\"https:\\\/\\\/www.keoutdoordesign.com\\\/wp-content\\\/uploads\\\/2020\\\/02\\\/KE-logo-Primary-e1591282842174.jpg\",\"width\":500,\"height\":396,\"caption\":\"KE Outdoor Design\"},\"image\":{\"@id\":\"https:\\\/\\\/www.keoutdoordesign.com\\\/it-it\\\/#\\\/schema\\\/logo\\\/image\\\/\"},\"sameAs\":[\"https:\\\/\\\/www.facebook.com\\\/keoutdoordesign.us\",\"https:\\\/\\\/x.com\\\/keoutdoordesign\",\"https:\\\/\\\/www.facebook.com\\\/keoutdoordesign\",\"https:\\\/\\\/www.youtube.com\\\/channel\\\/UCSoMQryJpLqD53bAoZLg2Vg\",\"https:\\\/\\\/www.pinterest.it\\\/keoutdoordesign\\\/\",\"https:\\\/\\\/www.instagram.com\\\/keoutdoordesign\\\/\",\"https:\\\/\\\/www.linkedin.com\\\/company\\\/ke-outdoor-design\\\/\"]}]}<\/script>\n<!-- \/ Yoast SEO Premium plugin. -->","yoast_head_json":{"title":"Environnement c\u00f4tier -","description":"Alliez: Bord de mer et ses paysages - Confort -Design... Et Oubliez les inconforts m\u00e9t\u00e9orologiques avec nos stores ext\u00e9rieurs r\u00e9sistants: vent \/ salinit\u00e9..","robots":{"index":"index","follow":"follow","max-snippet":"max-snippet:-1","max-image-preview":"max-image-preview:large","max-video-preview":"max-video-preview:-1"},"canonical":"https:\/\/www.keoutdoordesign.com\/fr-fr\/references\/residentiel\/a-la-mer\/","og_locale":"fr_FR","og_type":"article","og_title":"Environnement c\u00f4tier","og_description":"Alliez: Bord de mer et ses paysages - Confort -Design... Et Oubliez les inconforts m\u00e9t\u00e9orologiques avec nos stores ext\u00e9rieurs r\u00e9sistants: vent \/ salinit\u00e9..","og_url":"https:\/\/www.keoutdoordesign.com\/fr-fr\/references\/residentiel\/a-la-mer\/","og_site_name":"KE Outdoor Design","article_publisher":"https:\/\/www.facebook.com\/keoutdoordesign.us","article_modified_time":"2020-08-06T08:36:27+00:00","og_image":[{"width":2048,"height":1080,"url":"https:\/\/www.keoutdoordesign.com\/wp-content\/uploads\/2019\/05\/ResLatina_KedryPrime_1.jpg","type":"image\/jpeg"}],"twitter_card":"summary_large_image","twitter_site":"@keoutdoordesign","schema":{"@context":"https:\/\/schema.org","@graph":[{"@type":"WebPage","@id":"https:\/\/www.keoutdoordesign.com\/fr-fr\/references\/residentiel\/a-la-mer\/","url":"https:\/\/www.keoutdoordesign.com\/fr-fr\/references\/residentiel\/a-la-mer\/","name":"Environnement c\u00f4tier -","isPartOf":{"@id":"https:\/\/www.keoutdoordesign.com\/it-it\/#website"},"primaryImageOfPage":{"@id":"https:\/\/www.keoutdoordesign.com\/fr-fr\/references\/residentiel\/a-la-mer\/#primaryimage"},"image":{"@id":"https:\/\/www.keoutdoordesign.com\/fr-fr\/references\/residentiel\/a-la-mer\/#primaryimage"},"thumbnailUrl":"https:\/\/www.keoutdoordesign.com\/wp-content\/uploads\/2019\/05\/ResLatina_KedryPrime_1.jpg","datePublished":"2019-06-11T07:52:12+00:00","dateModified":"2020-08-06T08:36:27+00:00","description":"Alliez: Bord de mer et ses paysages - Confort -Design... Et Oubliez les inconforts m\u00e9t\u00e9orologiques avec nos stores ext\u00e9rieurs r\u00e9sistants: vent \/ salinit\u00e9..","breadcrumb":{"@id":"https:\/\/www.keoutdoordesign.com\/fr-fr\/references\/residentiel\/a-la-mer\/#breadcrumb"},"inLanguage":"fr-FR","potentialAction":[{"@type":"ReadAction","target":["https:\/\/www.keoutdoordesign.com\/fr-fr\/references\/residentiel\/a-la-mer\/"]}]},{"@type":"ImageObject","inLanguage":"fr-FR","@id":"https:\/\/www.keoutdoordesign.com\/fr-fr\/references\/residentiel\/a-la-mer\/#primaryimage","url":"https:\/\/www.keoutdoordesign.com\/wp-content\/uploads\/2019\/05\/ResLatina_KedryPrime_1.jpg","contentUrl":"https:\/\/www.keoutdoordesign.com\/wp-content\/uploads\/2019\/05\/ResLatina_KedryPrime_1.jpg","width":2048,"height":1080,"caption":"stores-ext\u00e9rieurs-r\u00e9sistants"},{"@type":"BreadcrumbList","@id":"https:\/\/www.keoutdoordesign.com\/fr-fr\/references\/residentiel\/a-la-mer\/#breadcrumb","itemListElement":[{"@type":"ListItem","position":1,"name":"Home","item":"https:\/\/www.keoutdoordesign.com\/fr-fr\/"},{"@type":"ListItem","position":2,"name":"R\u00e9f\u00e9rences","item":"https:\/\/www.keoutdoordesign.com\/fr-fr\/references\/"},{"@type":"ListItem","position":3,"name":"Abri de terrasse","item":"https:\/\/www.keoutdoordesign.com\/fr-fr\/references\/residentiel\/"},{"@type":"ListItem","position":4,"name":"Environnement c\u00f4tier"}]},{"@type":"WebSite","@id":"https:\/\/www.keoutdoordesign.com\/it-it\/#website","url":"https:\/\/www.keoutdoordesign.com\/it-it\/","name":"KE Outdoor Design","description":"Un nuovo sito targato WordPress","publisher":{"@id":"https:\/\/www.keoutdoordesign.com\/it-it\/#organization"},"potentialAction":[{"@type":"SearchAction","target":{"@type":"EntryPoint","urlTemplate":"https:\/\/www.keoutdoordesign.com\/it-it\/?s={search_term_string}"},"query-input":{"@type":"PropertyValueSpecification","valueRequired":true,"valueName":"search_term_string"}}],"inLanguage":"fr-FR"},{"@type":"Organization","@id":"https:\/\/www.keoutdoordesign.com\/it-it\/#organization","name":"KE Outdoor Design","url":"https:\/\/www.keoutdoordesign.com\/it-it\/","logo":{"@type":"ImageObject","inLanguage":"fr-FR","@id":"https:\/\/www.keoutdoordesign.com\/it-it\/#\/schema\/logo\/image\/","url":"https:\/\/www.keoutdoordesign.com\/wp-content\/uploads\/2020\/02\/KE-logo-Primary-e1591282842174.jpg","contentUrl":"https:\/\/www.keoutdoordesign.com\/wp-content\/uploads\/2020\/02\/KE-logo-Primary-e1591282842174.jpg","width":500,"height":396,"caption":"KE Outdoor Design"},"image":{"@id":"https:\/\/www.keoutdoordesign.com\/it-it\/#\/schema\/logo\/image\/"},"sameAs":["https:\/\/www.facebook.com\/keoutdoordesign.us","https:\/\/x.com\/keoutdoordesign","https:\/\/www.facebook.com\/keoutdoordesign","https:\/\/www.youtube.com\/channel\/UCSoMQryJpLqD53bAoZLg2Vg","https:\/\/www.pinterest.it\/keoutdoordesign\/","https:\/\/www.instagram.com\/keoutdoordesign\/","https:\/\/www.linkedin.com\/company\/ke-outdoor-design\/"]}]}},"_links":{"self":[{"href":"https:\/\/www.keoutdoordesign.com\/fr-fr\/wp-json\/wp\/v2\/pages\/5815","targetHints":{"allow":["GET"]}}],"collection":[{"href":"https:\/\/www.keoutdoordesign.com\/fr-fr\/wp-json\/wp\/v2\/pages"}],"about":[{"href":"https:\/\/www.keoutdoordesign.com\/fr-fr\/wp-json\/wp\/v2\/types\/page"}],"author":[{"embeddable":true,"href":"https:\/\/www.keoutdoordesign.com\/fr-fr\/wp-json\/wp\/v2\/users\/10608"}],"replies":[{"embeddable":true,"href":"https:\/\/www.keoutdoordesign.com\/fr-fr\/wp-json\/wp\/v2\/comments?post=5815"}],"version-history":[{"count":6,"href":"https:\/\/www.keoutdoordesign.com\/fr-fr\/wp-json\/wp\/v2\/pages\/5815\/revisions"}],"predecessor-version":[{"id":23375,"href":"https:\/\/www.keoutdoordesign.com\/fr-fr\/wp-json\/wp\/v2\/pages\/5815\/revisions\/23375"}],"up":[{"embeddable":true,"href":"https:\/\/www.keoutdoordesign.com\/fr-fr\/wp-json\/wp\/v2\/pages\/3255"}],"wp:featuredmedia":[{"embeddable":true,"href":"https:\/\/www.keoutdoordesign.com\/fr-fr\/wp-json\/wp\/v2\/media\/2949"}],"wp:attachment":[{"href":"https:\/\/www.keoutdoordesign.com\/fr-fr\/wp-json\/wp\/v2\/media?parent=5815"}],"curies":[{"name":"wp","href":"https:\/\/api.w.org\/{rel}","templated":true}]}}