{"id":5805,"date":"2019-06-11T09:52:05","date_gmt":"2019-06-11T07:52:05","guid":{"rendered":"http:\/\/ke.itpowernet.it\/?page_id=5805"},"modified":"2020-08-06T10:32:43","modified_gmt":"2020-08-06T08:32:43","slug":"appartements","status":"publish","type":"page","link":"https:\/\/www.keoutdoordesign.com\/fr-fr\/references\/residentiel\/appartements\/","title":{"rendered":"Transformer son toit en terrasse"},"content":{"rendered":"<p><b>Comment transformer son toit en terrasse pour profiter pleinement d&rsquo;un coin ext\u00e9rieur esth\u00e9tique et fonctionnel.<\/b><\/p>\n<p>C\u2019est un r\u00e9el plaisir de pouvoir transformer son toit en terrasse lorsque l&rsquo;on habite en ville, cela nous offre un coin ext\u00e9rieur avec une vue imprenable sur les hauteurs de la r\u00e9gion. Cependant le toit offre de nombreux d\u00e9savantages que nous n\u2019avons pas dans un jardin rez de chauss\u00e9 :<\/p>\n<ul>\n<li>Vent<\/li>\n<li>Soleil<\/li>\n<li>Vis-\u00e0-vis<\/li>\n<\/ul>\n<p>Cela peut parfois nous emp\u00eacher de profiter de notre espace ext\u00e9rieur une bonne partie de l\u2019ann\u00e9e. Alors si vous voulez am\u00e9nager un vrai nid douillet, nous avons les solutions ad\u00e9quates liant esth\u00e9tisme, simplicit\u00e9 et praticit\u00e9 :<\/p>\n<p>&nbsp;<\/p>\n<ul>\n<li><a href=\"\/?page_id=4547\"><strong>Pergola \u00e0 toit plat<\/strong><\/a>, bioclimatique ou enveloppante, vous transformerez votre terrasse en un espace de d\u00e9tente prot\u00e9g\u00e9, \u00e0 utiliser presque toute l\u2019ann\u00e9e gr\u00e2ce \u00e0 sa modularit\u00e9.<\/li>\n<li><strong><a href=\"\/?page_id=4620\">Store mural ou autoportant<\/a> : <\/strong>pour les am\u00e9nagements de petits toits le store est id\u00e9al. Il vous offrira un espace ext\u00e9rieur couvert du soleil. Notre large gamme de store permet la possibilit\u00e9 de couvrir quasiment toutes dimensions envisageables.<\/li>\n<li><strong><a href=\"\/?page_id=4655\">Sicura<\/a>\u00a0:<\/strong> C\u2019est une protection lat\u00e9ral id\u00e9al pour un vis-\u00e0-vis ou un lev\u00e9\/couch\u00e9 de soleil.<\/li>\n<\/ul>\n<p>Avec nos <strong>structures l\u00e9g\u00e8res <\/strong>id\u00e9ales pour toit terrasse vous allez pouvoir cr\u00e9er le nouvel espace qu\u2019il vous manquait chez vous. Un prolongement de votre espace de vie outdoor de qualit\u00e9, <strong>une terrasse<\/strong>\u00a0qui devient un v\u00e9ritable\u00a0<strong>havre de paix<\/strong>.<\/p>\n<h5>Profitez ainsi de votre toit terrasse quel que soit le temps.<\/h5>\n<p>Et pour les terrasses offrant des dimensions hors normes <strong>tout est possible<\/strong>\u00a0! <strong>Am\u00e9nagez votre coin de paradis sur\u00e9lev\u00e9<\/strong>\u00a0!<\/p>\n<p>Choisissez l\u2019une de nos\u00a0<strong>pergolas <\/strong>ou un\u00a0<a href=\"\/?page_id=4643\"><strong>store banne double pente<\/strong><\/a> pour cr\u00e9er une zone \u00e9loign\u00e9e de votre fa\u00e7ade, un coin ind\u00e9pendant de d\u00e9tente.<\/p>\n<p>Offrez-vous des moments de d\u00e9tente dans le confort et l&rsquo;intimit\u00e9 absolue en ayant toute la libert\u00e9 de r\u00e9gler l&rsquo;entr\u00e9e de la lumi\u00e8re dans les pi\u00e8ces de vie. Et avec <strong>l\u2019automatisation de vos stores<\/strong> de terrasse, la gestion de votre temps en dehors de la maison sera tr\u00e8s simple.<\/p>\n<p>Transformer son toit en terrasse design et fonctionnelle n&rsquo;a jamais \u00e9t\u00e9 aussi simple.<\/p>\n","protected":false},"excerpt":{"rendered":"<p>Comment transformer son toit en terrasse pour profiter pleinement d&rsquo;un coin ext\u00e9rieur esth\u00e9tique et fonctionnel. C\u2019est un r\u00e9el plaisir de&hellip;<\/p>\n","protected":false},"author":10608,"featured_media":2595,"parent":3255,"menu_order":15,"comment_status":"closed","ping_status":"closed","template":"page-templates\/category-references.php","meta":{"_acf_changed":false,"footnotes":""},"class_list":["post-5805","page","type-page","status-publish","has-post-thumbnail","hentry"],"acf":[],"yoast_head":"<!-- This site is optimized with the Yoast SEO Premium plugin v20.12 (Yoast SEO v27.3) - https:\/\/yoast.com\/product\/yoast-seo-premium-wordpress\/ -->\n<title>Transformer son toit en terrasse -<\/title>\n<meta name=\"description\" content=\"Pas de jardin? Envie de cr\u00e9er un espace ext\u00e9rieur, m\u00eame en ville. Transformer son toit en terrasse avec des structures r\u00e9sistantes et l\u00e9geres est facile.\" \/>\n<meta name=\"robots\" content=\"index, follow, max-snippet:-1, max-image-preview:large, max-video-preview:-1\" \/>\n<link rel=\"canonical\" href=\"https:\/\/www.keoutdoordesign.com\/fr-fr\/references\/residentiel\/appartements\/\" \/>\n<meta property=\"og:locale\" content=\"fr_FR\" \/>\n<meta property=\"og:type\" content=\"article\" \/>\n<meta property=\"og:title\" content=\"Transformer son toit en terrasse\" \/>\n<meta property=\"og:description\" content=\"Pas de jardin? Envie de cr\u00e9er un espace ext\u00e9rieur, m\u00eame en ville. Transformer son toit en terrasse avec des structures r\u00e9sistantes et l\u00e9geres est facile.\" \/>\n<meta property=\"og:url\" content=\"https:\/\/www.keoutdoordesign.com\/fr-fr\/references\/residentiel\/appartements\/\" \/>\n<meta property=\"og:site_name\" content=\"KE Outdoor Design\" \/>\n<meta property=\"article:publisher\" content=\"https:\/\/www.facebook.com\/keoutdoordesign.us\" \/>\n<meta property=\"article:modified_time\" content=\"2020-08-06T08:32:43+00:00\" \/>\n<meta property=\"og:image\" content=\"https:\/\/www.keoutdoordesign.com\/wp-content\/uploads\/2019\/05\/AppJesus_Isola2_2.jpg\" \/>\n\t<meta property=\"og:image:width\" content=\"2048\" \/>\n\t<meta property=\"og:image:height\" content=\"1080\" \/>\n\t<meta property=\"og:image:type\" content=\"image\/jpeg\" \/>\n<meta name=\"twitter:card\" content=\"summary_large_image\" \/>\n<meta name=\"twitter:site\" content=\"@keoutdoordesign\" \/>\n<script type=\"application\/ld+json\" class=\"yoast-schema-graph\">{\"@context\":\"https:\\\/\\\/schema.org\",\"@graph\":[{\"@type\":\"WebPage\",\"@id\":\"https:\\\/\\\/www.keoutdoordesign.com\\\/fr-fr\\\/references\\\/residentiel\\\/appartements\\\/\",\"url\":\"https:\\\/\\\/www.keoutdoordesign.com\\\/fr-fr\\\/references\\\/residentiel\\\/appartements\\\/\",\"name\":\"Transformer son toit en terrasse -\",\"isPartOf\":{\"@id\":\"https:\\\/\\\/www.keoutdoordesign.com\\\/it-it\\\/#website\"},\"primaryImageOfPage\":{\"@id\":\"https:\\\/\\\/www.keoutdoordesign.com\\\/fr-fr\\\/references\\\/residentiel\\\/appartements\\\/#primaryimage\"},\"image\":{\"@id\":\"https:\\\/\\\/www.keoutdoordesign.com\\\/fr-fr\\\/references\\\/residentiel\\\/appartements\\\/#primaryimage\"},\"thumbnailUrl\":\"https:\\\/\\\/www.keoutdoordesign.com\\\/wp-content\\\/uploads\\\/2019\\\/05\\\/AppJesus_Isola2_2.jpg\",\"datePublished\":\"2019-06-11T07:52:05+00:00\",\"dateModified\":\"2020-08-06T08:32:43+00:00\",\"description\":\"Pas de jardin? Envie de cr\u00e9er un espace ext\u00e9rieur, m\u00eame en ville. Transformer son toit en terrasse avec des structures r\u00e9sistantes et l\u00e9geres est facile.\",\"breadcrumb\":{\"@id\":\"https:\\\/\\\/www.keoutdoordesign.com\\\/fr-fr\\\/references\\\/residentiel\\\/appartements\\\/#breadcrumb\"},\"inLanguage\":\"fr-FR\",\"potentialAction\":[{\"@type\":\"ReadAction\",\"target\":[\"https:\\\/\\\/www.keoutdoordesign.com\\\/fr-fr\\\/references\\\/residentiel\\\/appartements\\\/\"]}]},{\"@type\":\"ImageObject\",\"inLanguage\":\"fr-FR\",\"@id\":\"https:\\\/\\\/www.keoutdoordesign.com\\\/fr-fr\\\/references\\\/residentiel\\\/appartements\\\/#primaryimage\",\"url\":\"https:\\\/\\\/www.keoutdoordesign.com\\\/wp-content\\\/uploads\\\/2019\\\/05\\\/AppJesus_Isola2_2.jpg\",\"contentUrl\":\"https:\\\/\\\/www.keoutdoordesign.com\\\/wp-content\\\/uploads\\\/2019\\\/05\\\/AppJesus_Isola2_2.jpg\",\"width\":2048,\"height\":1080,\"caption\":\"stores-pour-toit-terrasse\"},{\"@type\":\"BreadcrumbList\",\"@id\":\"https:\\\/\\\/www.keoutdoordesign.com\\\/fr-fr\\\/references\\\/residentiel\\\/appartements\\\/#breadcrumb\",\"itemListElement\":[{\"@type\":\"ListItem\",\"position\":1,\"name\":\"Home\",\"item\":\"https:\\\/\\\/www.keoutdoordesign.com\\\/fr-fr\\\/\"},{\"@type\":\"ListItem\",\"position\":2,\"name\":\"R\u00e9f\u00e9rences\",\"item\":\"https:\\\/\\\/www.keoutdoordesign.com\\\/fr-fr\\\/references\\\/\"},{\"@type\":\"ListItem\",\"position\":3,\"name\":\"Abri de terrasse\",\"item\":\"https:\\\/\\\/www.keoutdoordesign.com\\\/fr-fr\\\/references\\\/residentiel\\\/\"},{\"@type\":\"ListItem\",\"position\":4,\"name\":\"Transformer son toit en terrasse\"}]},{\"@type\":\"WebSite\",\"@id\":\"https:\\\/\\\/www.keoutdoordesign.com\\\/it-it\\\/#website\",\"url\":\"https:\\\/\\\/www.keoutdoordesign.com\\\/it-it\\\/\",\"name\":\"KE Outdoor Design\",\"description\":\"Un nuovo sito targato WordPress\",\"publisher\":{\"@id\":\"https:\\\/\\\/www.keoutdoordesign.com\\\/it-it\\\/#organization\"},\"potentialAction\":[{\"@type\":\"SearchAction\",\"target\":{\"@type\":\"EntryPoint\",\"urlTemplate\":\"https:\\\/\\\/www.keoutdoordesign.com\\\/it-it\\\/?s={search_term_string}\"},\"query-input\":{\"@type\":\"PropertyValueSpecification\",\"valueRequired\":true,\"valueName\":\"search_term_string\"}}],\"inLanguage\":\"fr-FR\"},{\"@type\":\"Organization\",\"@id\":\"https:\\\/\\\/www.keoutdoordesign.com\\\/it-it\\\/#organization\",\"name\":\"KE Outdoor Design\",\"url\":\"https:\\\/\\\/www.keoutdoordesign.com\\\/it-it\\\/\",\"logo\":{\"@type\":\"ImageObject\",\"inLanguage\":\"fr-FR\",\"@id\":\"https:\\\/\\\/www.keoutdoordesign.com\\\/it-it\\\/#\\\/schema\\\/logo\\\/image\\\/\",\"url\":\"https:\\\/\\\/www.keoutdoordesign.com\\\/wp-content\\\/uploads\\\/2020\\\/02\\\/KE-logo-Primary-e1591282842174.jpg\",\"contentUrl\":\"https:\\\/\\\/www.keoutdoordesign.com\\\/wp-content\\\/uploads\\\/2020\\\/02\\\/KE-logo-Primary-e1591282842174.jpg\",\"width\":500,\"height\":396,\"caption\":\"KE Outdoor Design\"},\"image\":{\"@id\":\"https:\\\/\\\/www.keoutdoordesign.com\\\/it-it\\\/#\\\/schema\\\/logo\\\/image\\\/\"},\"sameAs\":[\"https:\\\/\\\/www.facebook.com\\\/keoutdoordesign.us\",\"https:\\\/\\\/x.com\\\/keoutdoordesign\",\"https:\\\/\\\/www.facebook.com\\\/keoutdoordesign\",\"https:\\\/\\\/www.youtube.com\\\/channel\\\/UCSoMQryJpLqD53bAoZLg2Vg\",\"https:\\\/\\\/www.pinterest.it\\\/keoutdoordesign\\\/\",\"https:\\\/\\\/www.instagram.com\\\/keoutdoordesign\\\/\",\"https:\\\/\\\/www.linkedin.com\\\/company\\\/ke-outdoor-design\\\/\"]}]}<\/script>\n<!-- \/ Yoast SEO Premium plugin. -->","yoast_head_json":{"title":"Transformer son toit en terrasse -","description":"Pas de jardin? Envie de cr\u00e9er un espace ext\u00e9rieur, m\u00eame en ville. Transformer son toit en terrasse avec des structures r\u00e9sistantes et l\u00e9geres est facile.","robots":{"index":"index","follow":"follow","max-snippet":"max-snippet:-1","max-image-preview":"max-image-preview:large","max-video-preview":"max-video-preview:-1"},"canonical":"https:\/\/www.keoutdoordesign.com\/fr-fr\/references\/residentiel\/appartements\/","og_locale":"fr_FR","og_type":"article","og_title":"Transformer son toit en terrasse","og_description":"Pas de jardin? Envie de cr\u00e9er un espace ext\u00e9rieur, m\u00eame en ville. Transformer son toit en terrasse avec des structures r\u00e9sistantes et l\u00e9geres est facile.","og_url":"https:\/\/www.keoutdoordesign.com\/fr-fr\/references\/residentiel\/appartements\/","og_site_name":"KE Outdoor Design","article_publisher":"https:\/\/www.facebook.com\/keoutdoordesign.us","article_modified_time":"2020-08-06T08:32:43+00:00","og_image":[{"width":2048,"height":1080,"url":"https:\/\/www.keoutdoordesign.com\/wp-content\/uploads\/2019\/05\/AppJesus_Isola2_2.jpg","type":"image\/jpeg"}],"twitter_card":"summary_large_image","twitter_site":"@keoutdoordesign","schema":{"@context":"https:\/\/schema.org","@graph":[{"@type":"WebPage","@id":"https:\/\/www.keoutdoordesign.com\/fr-fr\/references\/residentiel\/appartements\/","url":"https:\/\/www.keoutdoordesign.com\/fr-fr\/references\/residentiel\/appartements\/","name":"Transformer son toit en terrasse -","isPartOf":{"@id":"https:\/\/www.keoutdoordesign.com\/it-it\/#website"},"primaryImageOfPage":{"@id":"https:\/\/www.keoutdoordesign.com\/fr-fr\/references\/residentiel\/appartements\/#primaryimage"},"image":{"@id":"https:\/\/www.keoutdoordesign.com\/fr-fr\/references\/residentiel\/appartements\/#primaryimage"},"thumbnailUrl":"https:\/\/www.keoutdoordesign.com\/wp-content\/uploads\/2019\/05\/AppJesus_Isola2_2.jpg","datePublished":"2019-06-11T07:52:05+00:00","dateModified":"2020-08-06T08:32:43+00:00","description":"Pas de jardin? Envie de cr\u00e9er un espace ext\u00e9rieur, m\u00eame en ville. Transformer son toit en terrasse avec des structures r\u00e9sistantes et l\u00e9geres est facile.","breadcrumb":{"@id":"https:\/\/www.keoutdoordesign.com\/fr-fr\/references\/residentiel\/appartements\/#breadcrumb"},"inLanguage":"fr-FR","potentialAction":[{"@type":"ReadAction","target":["https:\/\/www.keoutdoordesign.com\/fr-fr\/references\/residentiel\/appartements\/"]}]},{"@type":"ImageObject","inLanguage":"fr-FR","@id":"https:\/\/www.keoutdoordesign.com\/fr-fr\/references\/residentiel\/appartements\/#primaryimage","url":"https:\/\/www.keoutdoordesign.com\/wp-content\/uploads\/2019\/05\/AppJesus_Isola2_2.jpg","contentUrl":"https:\/\/www.keoutdoordesign.com\/wp-content\/uploads\/2019\/05\/AppJesus_Isola2_2.jpg","width":2048,"height":1080,"caption":"stores-pour-toit-terrasse"},{"@type":"BreadcrumbList","@id":"https:\/\/www.keoutdoordesign.com\/fr-fr\/references\/residentiel\/appartements\/#breadcrumb","itemListElement":[{"@type":"ListItem","position":1,"name":"Home","item":"https:\/\/www.keoutdoordesign.com\/fr-fr\/"},{"@type":"ListItem","position":2,"name":"R\u00e9f\u00e9rences","item":"https:\/\/www.keoutdoordesign.com\/fr-fr\/references\/"},{"@type":"ListItem","position":3,"name":"Abri de terrasse","item":"https:\/\/www.keoutdoordesign.com\/fr-fr\/references\/residentiel\/"},{"@type":"ListItem","position":4,"name":"Transformer son toit en terrasse"}]},{"@type":"WebSite","@id":"https:\/\/www.keoutdoordesign.com\/it-it\/#website","url":"https:\/\/www.keoutdoordesign.com\/it-it\/","name":"KE Outdoor Design","description":"Un nuovo sito targato WordPress","publisher":{"@id":"https:\/\/www.keoutdoordesign.com\/it-it\/#organization"},"potentialAction":[{"@type":"SearchAction","target":{"@type":"EntryPoint","urlTemplate":"https:\/\/www.keoutdoordesign.com\/it-it\/?s={search_term_string}"},"query-input":{"@type":"PropertyValueSpecification","valueRequired":true,"valueName":"search_term_string"}}],"inLanguage":"fr-FR"},{"@type":"Organization","@id":"https:\/\/www.keoutdoordesign.com\/it-it\/#organization","name":"KE Outdoor Design","url":"https:\/\/www.keoutdoordesign.com\/it-it\/","logo":{"@type":"ImageObject","inLanguage":"fr-FR","@id":"https:\/\/www.keoutdoordesign.com\/it-it\/#\/schema\/logo\/image\/","url":"https:\/\/www.keoutdoordesign.com\/wp-content\/uploads\/2020\/02\/KE-logo-Primary-e1591282842174.jpg","contentUrl":"https:\/\/www.keoutdoordesign.com\/wp-content\/uploads\/2020\/02\/KE-logo-Primary-e1591282842174.jpg","width":500,"height":396,"caption":"KE Outdoor Design"},"image":{"@id":"https:\/\/www.keoutdoordesign.com\/it-it\/#\/schema\/logo\/image\/"},"sameAs":["https:\/\/www.facebook.com\/keoutdoordesign.us","https:\/\/x.com\/keoutdoordesign","https:\/\/www.facebook.com\/keoutdoordesign","https:\/\/www.youtube.com\/channel\/UCSoMQryJpLqD53bAoZLg2Vg","https:\/\/www.pinterest.it\/keoutdoordesign\/","https:\/\/www.instagram.com\/keoutdoordesign\/","https:\/\/www.linkedin.com\/company\/ke-outdoor-design\/"]}]}},"_links":{"self":[{"href":"https:\/\/www.keoutdoordesign.com\/fr-fr\/wp-json\/wp\/v2\/pages\/5805","targetHints":{"allow":["GET"]}}],"collection":[{"href":"https:\/\/www.keoutdoordesign.com\/fr-fr\/wp-json\/wp\/v2\/pages"}],"about":[{"href":"https:\/\/www.keoutdoordesign.com\/fr-fr\/wp-json\/wp\/v2\/types\/page"}],"author":[{"embeddable":true,"href":"https:\/\/www.keoutdoordesign.com\/fr-fr\/wp-json\/wp\/v2\/users\/10608"}],"replies":[{"embeddable":true,"href":"https:\/\/www.keoutdoordesign.com\/fr-fr\/wp-json\/wp\/v2\/comments?post=5805"}],"version-history":[{"count":8,"href":"https:\/\/www.keoutdoordesign.com\/fr-fr\/wp-json\/wp\/v2\/pages\/5805\/revisions"}],"predecessor-version":[{"id":23374,"href":"https:\/\/www.keoutdoordesign.com\/fr-fr\/wp-json\/wp\/v2\/pages\/5805\/revisions\/23374"}],"up":[{"embeddable":true,"href":"https:\/\/www.keoutdoordesign.com\/fr-fr\/wp-json\/wp\/v2\/pages\/3255"}],"wp:featuredmedia":[{"embeddable":true,"href":"https:\/\/www.keoutdoordesign.com\/fr-fr\/wp-json\/wp\/v2\/media\/2595"}],"wp:attachment":[{"href":"https:\/\/www.keoutdoordesign.com\/fr-fr\/wp-json\/wp\/v2\/media?parent=5805"}],"curies":[{"name":"wp","href":"https:\/\/api.w.org\/{rel}","templated":true}]}}