{"id":5795,"date":"2019-06-11T09:51:57","date_gmt":"2019-06-11T07:51:57","guid":{"rendered":"http:\/\/ke.itpowernet.it\/?page_id=5795"},"modified":"2020-08-06T11:15:17","modified_gmt":"2020-08-06T09:15:17","slug":"campagne","status":"publish","type":"page","link":"https:\/\/www.keoutdoordesign.com\/fr-fr\/references\/residentiel\/campagne\/","title":{"rendered":"Campagne"},"content":{"rendered":"<p>\u00c9quipez vous de protections solaires pour maison et profitez pleinement de votre espace ext\u00e9rieur.<\/p>\n<p>La campagne est un environnement paisible offrant des surfaces ext\u00e9rieures lin\u00e9aires et donc facilement am\u00e9nageables. Profitez de la verdure, d\u2019un vaste jardin ou du calme de la nature est un besoin essentiel lorsque l&rsquo;on s\u2019installe \u00e0 la campagne. Gr\u00e2ce aux <strong><a href=\"\/?page_id=4643\">structures de jardin<\/a> KE<\/strong>, cr\u00e9ez des\u00a0<strong>espaces de vie suppl\u00e9mentaires\u00a0<\/strong>:<\/p>\n<ul>\n<li>Un coin paradisiaque \u00e9loign\u00e9 de la maison pour accueillir des invit\u00e9s\u00a0: une belle <strong>pergola sur mesure<\/strong> ou un <strong>store double pente<\/strong> sera id\u00e9al.<\/li>\n<li>Un prolongement de votre salon sur l\u2019ext\u00e9rieur offrant ombre et soleil\u00a0: les <strong>stores solaires r\u00e9tractables pour maisons <\/strong>vous feront profiter du grand air et de moments de d\u00e9tente \u00e0 l\u2019ombre.<\/li>\n<li>Un v\u00e9ritable salon ext\u00e9rieur moderne et fonctionnel\u00a0: Nos\u00a0<strong>pergolas sur-mesure <\/strong>vous permettent de g\u00e9rer l\u2019ombre et la fra\u00eecheur de votre terrasse ou de votre jardin comme vous le souhaitez. Leur toit peut \u00eatre compos\u00e9 de\u00a0<strong>lamelles orientables<\/strong>\u00a0ou d\u2019une\u00a0<strong>toile r\u00e9tractable<\/strong>. Vous pouvez \u00e9galement fermer les c\u00f4t\u00e9s pour les jours les plus frais.<\/li>\n<\/ul>\n<p>Donnez du style et de la singularit\u00e9 \u00e0 votre jardin.<\/p>\n<p>Inspirez vous des r\u00e9alisations ci-dessous, choisissez un mod\u00e8le parmi nos protections solaires pour maison et personnalisez-le selon vos besoins techniques et esth\u00e9tiques afin d&rsquo;apporter une touche <strong>de modernit\u00e9 \u00e0 votre maison<\/strong>.<\/p>\n","protected":false},"excerpt":{"rendered":"<p>\u00c9quipez vous de protections solaires pour maison et profitez pleinement de votre espace ext\u00e9rieur. La campagne est un environnement paisible&hellip;<\/p>\n","protected":false},"author":10608,"featured_media":2868,"parent":3255,"menu_order":16,"comment_status":"closed","ping_status":"closed","template":"page-templates\/category-references.php","meta":{"_acf_changed":false,"footnotes":""},"class_list":["post-5795","page","type-page","status-publish","has-post-thumbnail","hentry"],"acf":[],"yoast_head":"<!-- This site is optimized with the Yoast SEO Premium plugin v20.12 (Yoast SEO v27.3) - https:\/\/yoast.com\/product\/yoast-seo-premium-wordpress\/ -->\n<title>Campagne -<\/title>\n<meta name=\"description\" content=\"Pensez un am\u00e9nagement optimal de vos \u00e9l\u00e9ments de protections solaires pour votre maison et son ext\u00e9rieur: jardin, terrasse... D\u00e9couvrez nos r\u00e9alisations.\" \/>\n<meta name=\"robots\" content=\"index, follow, max-snippet:-1, max-image-preview:large, max-video-preview:-1\" \/>\n<link rel=\"canonical\" href=\"https:\/\/www.keoutdoordesign.com\/fr-fr\/references\/residentiel\/campagne\/\" \/>\n<meta property=\"og:locale\" content=\"fr_FR\" \/>\n<meta property=\"og:type\" content=\"article\" \/>\n<meta property=\"og:title\" content=\"Campagne\" \/>\n<meta property=\"og:description\" content=\"Pensez un am\u00e9nagement optimal de vos \u00e9l\u00e9ments de protections solaires pour votre maison et son ext\u00e9rieur: jardin, terrasse... D\u00e9couvrez nos r\u00e9alisations.\" \/>\n<meta property=\"og:url\" content=\"https:\/\/www.keoutdoordesign.com\/fr-fr\/references\/residentiel\/campagne\/\" \/>\n<meta property=\"og:site_name\" content=\"KE Outdoor Design\" \/>\n<meta property=\"article:publisher\" content=\"https:\/\/www.facebook.com\/keoutdoordesign.us\" \/>\n<meta property=\"article:modified_time\" content=\"2020-08-06T09:15:17+00:00\" \/>\n<meta property=\"og:image\" content=\"https:\/\/www.keoutdoordesign.com\/wp-content\/uploads\/2019\/05\/ResBibbona_KedryPrime_2.jpg\" \/>\n\t<meta property=\"og:image:width\" content=\"2048\" \/>\n\t<meta property=\"og:image:height\" content=\"1080\" \/>\n\t<meta property=\"og:image:type\" content=\"image\/jpeg\" \/>\n<meta name=\"twitter:card\" content=\"summary_large_image\" \/>\n<meta name=\"twitter:site\" content=\"@keoutdoordesign\" \/>\n<script type=\"application\/ld+json\" class=\"yoast-schema-graph\">{\"@context\":\"https:\\\/\\\/schema.org\",\"@graph\":[{\"@type\":\"WebPage\",\"@id\":\"https:\\\/\\\/www.keoutdoordesign.com\\\/fr-fr\\\/references\\\/residentiel\\\/campagne\\\/\",\"url\":\"https:\\\/\\\/www.keoutdoordesign.com\\\/fr-fr\\\/references\\\/residentiel\\\/campagne\\\/\",\"name\":\"Campagne -\",\"isPartOf\":{\"@id\":\"https:\\\/\\\/www.keoutdoordesign.com\\\/it-it\\\/#website\"},\"primaryImageOfPage\":{\"@id\":\"https:\\\/\\\/www.keoutdoordesign.com\\\/fr-fr\\\/references\\\/residentiel\\\/campagne\\\/#primaryimage\"},\"image\":{\"@id\":\"https:\\\/\\\/www.keoutdoordesign.com\\\/fr-fr\\\/references\\\/residentiel\\\/campagne\\\/#primaryimage\"},\"thumbnailUrl\":\"https:\\\/\\\/www.keoutdoordesign.com\\\/wp-content\\\/uploads\\\/2019\\\/05\\\/ResBibbona_KedryPrime_2.jpg\",\"datePublished\":\"2019-06-11T07:51:57+00:00\",\"dateModified\":\"2020-08-06T09:15:17+00:00\",\"description\":\"Pensez un am\u00e9nagement optimal de vos \u00e9l\u00e9ments de protections solaires pour votre maison et son ext\u00e9rieur: jardin, terrasse... D\u00e9couvrez nos r\u00e9alisations.\",\"breadcrumb\":{\"@id\":\"https:\\\/\\\/www.keoutdoordesign.com\\\/fr-fr\\\/references\\\/residentiel\\\/campagne\\\/#breadcrumb\"},\"inLanguage\":\"fr-FR\",\"potentialAction\":[{\"@type\":\"ReadAction\",\"target\":[\"https:\\\/\\\/www.keoutdoordesign.com\\\/fr-fr\\\/references\\\/residentiel\\\/campagne\\\/\"]}]},{\"@type\":\"ImageObject\",\"inLanguage\":\"fr-FR\",\"@id\":\"https:\\\/\\\/www.keoutdoordesign.com\\\/fr-fr\\\/references\\\/residentiel\\\/campagne\\\/#primaryimage\",\"url\":\"https:\\\/\\\/www.keoutdoordesign.com\\\/wp-content\\\/uploads\\\/2019\\\/05\\\/ResBibbona_KedryPrime_2.jpg\",\"contentUrl\":\"https:\\\/\\\/www.keoutdoordesign.com\\\/wp-content\\\/uploads\\\/2019\\\/05\\\/ResBibbona_KedryPrime_2.jpg\",\"width\":2048,\"height\":1080,\"caption\":\"stores-solaires-r\u00e9tractables-pour-maisons\"},{\"@type\":\"BreadcrumbList\",\"@id\":\"https:\\\/\\\/www.keoutdoordesign.com\\\/fr-fr\\\/references\\\/residentiel\\\/campagne\\\/#breadcrumb\",\"itemListElement\":[{\"@type\":\"ListItem\",\"position\":1,\"name\":\"Home\",\"item\":\"https:\\\/\\\/www.keoutdoordesign.com\\\/fr-fr\\\/\"},{\"@type\":\"ListItem\",\"position\":2,\"name\":\"R\u00e9f\u00e9rences\",\"item\":\"https:\\\/\\\/www.keoutdoordesign.com\\\/fr-fr\\\/references\\\/\"},{\"@type\":\"ListItem\",\"position\":3,\"name\":\"Abri de terrasse\",\"item\":\"https:\\\/\\\/www.keoutdoordesign.com\\\/fr-fr\\\/references\\\/residentiel\\\/\"},{\"@type\":\"ListItem\",\"position\":4,\"name\":\"Campagne\"}]},{\"@type\":\"WebSite\",\"@id\":\"https:\\\/\\\/www.keoutdoordesign.com\\\/it-it\\\/#website\",\"url\":\"https:\\\/\\\/www.keoutdoordesign.com\\\/it-it\\\/\",\"name\":\"KE Outdoor Design\",\"description\":\"Un nuovo sito targato WordPress\",\"publisher\":{\"@id\":\"https:\\\/\\\/www.keoutdoordesign.com\\\/it-it\\\/#organization\"},\"potentialAction\":[{\"@type\":\"SearchAction\",\"target\":{\"@type\":\"EntryPoint\",\"urlTemplate\":\"https:\\\/\\\/www.keoutdoordesign.com\\\/it-it\\\/?s={search_term_string}\"},\"query-input\":{\"@type\":\"PropertyValueSpecification\",\"valueRequired\":true,\"valueName\":\"search_term_string\"}}],\"inLanguage\":\"fr-FR\"},{\"@type\":\"Organization\",\"@id\":\"https:\\\/\\\/www.keoutdoordesign.com\\\/it-it\\\/#organization\",\"name\":\"KE Outdoor Design\",\"url\":\"https:\\\/\\\/www.keoutdoordesign.com\\\/it-it\\\/\",\"logo\":{\"@type\":\"ImageObject\",\"inLanguage\":\"fr-FR\",\"@id\":\"https:\\\/\\\/www.keoutdoordesign.com\\\/it-it\\\/#\\\/schema\\\/logo\\\/image\\\/\",\"url\":\"https:\\\/\\\/www.keoutdoordesign.com\\\/wp-content\\\/uploads\\\/2020\\\/02\\\/KE-logo-Primary-e1591282842174.jpg\",\"contentUrl\":\"https:\\\/\\\/www.keoutdoordesign.com\\\/wp-content\\\/uploads\\\/2020\\\/02\\\/KE-logo-Primary-e1591282842174.jpg\",\"width\":500,\"height\":396,\"caption\":\"KE Outdoor Design\"},\"image\":{\"@id\":\"https:\\\/\\\/www.keoutdoordesign.com\\\/it-it\\\/#\\\/schema\\\/logo\\\/image\\\/\"},\"sameAs\":[\"https:\\\/\\\/www.facebook.com\\\/keoutdoordesign.us\",\"https:\\\/\\\/x.com\\\/keoutdoordesign\",\"https:\\\/\\\/www.facebook.com\\\/keoutdoordesign\",\"https:\\\/\\\/www.youtube.com\\\/channel\\\/UCSoMQryJpLqD53bAoZLg2Vg\",\"https:\\\/\\\/www.pinterest.it\\\/keoutdoordesign\\\/\",\"https:\\\/\\\/www.instagram.com\\\/keoutdoordesign\\\/\",\"https:\\\/\\\/www.linkedin.com\\\/company\\\/ke-outdoor-design\\\/\"]}]}<\/script>\n<!-- \/ Yoast SEO Premium plugin. -->","yoast_head_json":{"title":"Campagne -","description":"Pensez un am\u00e9nagement optimal de vos \u00e9l\u00e9ments de protections solaires pour votre maison et son ext\u00e9rieur: jardin, terrasse... D\u00e9couvrez nos r\u00e9alisations.","robots":{"index":"index","follow":"follow","max-snippet":"max-snippet:-1","max-image-preview":"max-image-preview:large","max-video-preview":"max-video-preview:-1"},"canonical":"https:\/\/www.keoutdoordesign.com\/fr-fr\/references\/residentiel\/campagne\/","og_locale":"fr_FR","og_type":"article","og_title":"Campagne","og_description":"Pensez un am\u00e9nagement optimal de vos \u00e9l\u00e9ments de protections solaires pour votre maison et son ext\u00e9rieur: jardin, terrasse... D\u00e9couvrez nos r\u00e9alisations.","og_url":"https:\/\/www.keoutdoordesign.com\/fr-fr\/references\/residentiel\/campagne\/","og_site_name":"KE Outdoor Design","article_publisher":"https:\/\/www.facebook.com\/keoutdoordesign.us","article_modified_time":"2020-08-06T09:15:17+00:00","og_image":[{"width":2048,"height":1080,"url":"https:\/\/www.keoutdoordesign.com\/wp-content\/uploads\/2019\/05\/ResBibbona_KedryPrime_2.jpg","type":"image\/jpeg"}],"twitter_card":"summary_large_image","twitter_site":"@keoutdoordesign","schema":{"@context":"https:\/\/schema.org","@graph":[{"@type":"WebPage","@id":"https:\/\/www.keoutdoordesign.com\/fr-fr\/references\/residentiel\/campagne\/","url":"https:\/\/www.keoutdoordesign.com\/fr-fr\/references\/residentiel\/campagne\/","name":"Campagne -","isPartOf":{"@id":"https:\/\/www.keoutdoordesign.com\/it-it\/#website"},"primaryImageOfPage":{"@id":"https:\/\/www.keoutdoordesign.com\/fr-fr\/references\/residentiel\/campagne\/#primaryimage"},"image":{"@id":"https:\/\/www.keoutdoordesign.com\/fr-fr\/references\/residentiel\/campagne\/#primaryimage"},"thumbnailUrl":"https:\/\/www.keoutdoordesign.com\/wp-content\/uploads\/2019\/05\/ResBibbona_KedryPrime_2.jpg","datePublished":"2019-06-11T07:51:57+00:00","dateModified":"2020-08-06T09:15:17+00:00","description":"Pensez un am\u00e9nagement optimal de vos \u00e9l\u00e9ments de protections solaires pour votre maison et son ext\u00e9rieur: jardin, terrasse... D\u00e9couvrez nos r\u00e9alisations.","breadcrumb":{"@id":"https:\/\/www.keoutdoordesign.com\/fr-fr\/references\/residentiel\/campagne\/#breadcrumb"},"inLanguage":"fr-FR","potentialAction":[{"@type":"ReadAction","target":["https:\/\/www.keoutdoordesign.com\/fr-fr\/references\/residentiel\/campagne\/"]}]},{"@type":"ImageObject","inLanguage":"fr-FR","@id":"https:\/\/www.keoutdoordesign.com\/fr-fr\/references\/residentiel\/campagne\/#primaryimage","url":"https:\/\/www.keoutdoordesign.com\/wp-content\/uploads\/2019\/05\/ResBibbona_KedryPrime_2.jpg","contentUrl":"https:\/\/www.keoutdoordesign.com\/wp-content\/uploads\/2019\/05\/ResBibbona_KedryPrime_2.jpg","width":2048,"height":1080,"caption":"stores-solaires-r\u00e9tractables-pour-maisons"},{"@type":"BreadcrumbList","@id":"https:\/\/www.keoutdoordesign.com\/fr-fr\/references\/residentiel\/campagne\/#breadcrumb","itemListElement":[{"@type":"ListItem","position":1,"name":"Home","item":"https:\/\/www.keoutdoordesign.com\/fr-fr\/"},{"@type":"ListItem","position":2,"name":"R\u00e9f\u00e9rences","item":"https:\/\/www.keoutdoordesign.com\/fr-fr\/references\/"},{"@type":"ListItem","position":3,"name":"Abri de terrasse","item":"https:\/\/www.keoutdoordesign.com\/fr-fr\/references\/residentiel\/"},{"@type":"ListItem","position":4,"name":"Campagne"}]},{"@type":"WebSite","@id":"https:\/\/www.keoutdoordesign.com\/it-it\/#website","url":"https:\/\/www.keoutdoordesign.com\/it-it\/","name":"KE Outdoor Design","description":"Un nuovo sito targato WordPress","publisher":{"@id":"https:\/\/www.keoutdoordesign.com\/it-it\/#organization"},"potentialAction":[{"@type":"SearchAction","target":{"@type":"EntryPoint","urlTemplate":"https:\/\/www.keoutdoordesign.com\/it-it\/?s={search_term_string}"},"query-input":{"@type":"PropertyValueSpecification","valueRequired":true,"valueName":"search_term_string"}}],"inLanguage":"fr-FR"},{"@type":"Organization","@id":"https:\/\/www.keoutdoordesign.com\/it-it\/#organization","name":"KE Outdoor Design","url":"https:\/\/www.keoutdoordesign.com\/it-it\/","logo":{"@type":"ImageObject","inLanguage":"fr-FR","@id":"https:\/\/www.keoutdoordesign.com\/it-it\/#\/schema\/logo\/image\/","url":"https:\/\/www.keoutdoordesign.com\/wp-content\/uploads\/2020\/02\/KE-logo-Primary-e1591282842174.jpg","contentUrl":"https:\/\/www.keoutdoordesign.com\/wp-content\/uploads\/2020\/02\/KE-logo-Primary-e1591282842174.jpg","width":500,"height":396,"caption":"KE Outdoor Design"},"image":{"@id":"https:\/\/www.keoutdoordesign.com\/it-it\/#\/schema\/logo\/image\/"},"sameAs":["https:\/\/www.facebook.com\/keoutdoordesign.us","https:\/\/x.com\/keoutdoordesign","https:\/\/www.facebook.com\/keoutdoordesign","https:\/\/www.youtube.com\/channel\/UCSoMQryJpLqD53bAoZLg2Vg","https:\/\/www.pinterest.it\/keoutdoordesign\/","https:\/\/www.instagram.com\/keoutdoordesign\/","https:\/\/www.linkedin.com\/company\/ke-outdoor-design\/"]}]}},"_links":{"self":[{"href":"https:\/\/www.keoutdoordesign.com\/fr-fr\/wp-json\/wp\/v2\/pages\/5795","targetHints":{"allow":["GET"]}}],"collection":[{"href":"https:\/\/www.keoutdoordesign.com\/fr-fr\/wp-json\/wp\/v2\/pages"}],"about":[{"href":"https:\/\/www.keoutdoordesign.com\/fr-fr\/wp-json\/wp\/v2\/types\/page"}],"author":[{"embeddable":true,"href":"https:\/\/www.keoutdoordesign.com\/fr-fr\/wp-json\/wp\/v2\/users\/10608"}],"replies":[{"embeddable":true,"href":"https:\/\/www.keoutdoordesign.com\/fr-fr\/wp-json\/wp\/v2\/comments?post=5795"}],"version-history":[{"count":6,"href":"https:\/\/www.keoutdoordesign.com\/fr-fr\/wp-json\/wp\/v2\/pages\/5795\/revisions"}],"predecessor-version":[{"id":23380,"href":"https:\/\/www.keoutdoordesign.com\/fr-fr\/wp-json\/wp\/v2\/pages\/5795\/revisions\/23380"}],"up":[{"embeddable":true,"href":"https:\/\/www.keoutdoordesign.com\/fr-fr\/wp-json\/wp\/v2\/pages\/3255"}],"wp:featuredmedia":[{"embeddable":true,"href":"https:\/\/www.keoutdoordesign.com\/fr-fr\/wp-json\/wp\/v2\/media\/2868"}],"wp:attachment":[{"href":"https:\/\/www.keoutdoordesign.com\/fr-fr\/wp-json\/wp\/v2\/media?parent=5795"}],"curies":[{"name":"wp","href":"https:\/\/api.w.org\/{rel}","templated":true}]}}