{"id":5785,"date":"2019-06-11T09:51:49","date_gmt":"2019-06-11T07:51:49","guid":{"rendered":"http:\/\/ke.itpowernet.it\/?page_id=5785"},"modified":"2020-08-06T10:56:20","modified_gmt":"2020-08-06T08:56:20","slug":"en-montagne","status":"publish","type":"page","link":"https:\/\/www.keoutdoordesign.com\/fr-fr\/references\/residentiel\/en-montagne\/","title":{"rendered":"En montagne"},"content":{"rendered":"<p>Installer des<strong> protections solaire<\/strong> en montagne c&rsquo;est pouvoir profiter de son espace ext\u00e9rieur toute l&rsquo;ann\u00e9e. Et ce quel que soit le temps ou les temp\u00e9ratures gr\u00e2ce \u00e0 nos structures de pergolas robustes \u00e9quip\u00e9es de capteurs pour une automatisation d&rsquo;ouverture et fermeture du toit et proposant des options de fermeture lat\u00e9rale avec vitrage panoramique pour un total profit du paysage environnant.<\/p>\n<p>La montagne, c&rsquo;est des routes escarp\u00e9es, des paysages \u00e0 couper le souffle, et de l\u2019altitude&#8230; Cela engendre des <strong>changements de temp\u00e9ratures importants<\/strong> entre le jour o\u00f9 le soleil est important et la tomb\u00e9e du soleil o\u00f9 les temp\u00e9ratures chutent.<\/p>\n<p>Dans ce contexte, pour que tous les vacanciers, clients ou r\u00e9sidents puissent vivre des moments inoubliables \u00e0 la montagne, KE a mis au point des solutions de protection d\u2019ext\u00e9rieur\u00a0:<\/p>\n<ul>\n<li><strong>Des couvertures de terrasse <\/strong>bien pens\u00e9es qui peuvent totalement transformer un espace ext\u00e9rieur quelle que soit la saison.<\/li>\n<\/ul>\n<p><span style=\"text-decoration: underline;\"><strong>Pour l\u2019\u00e9t\u00e9\u00a0: <\/strong><\/span><\/p>\n<p>\u00c9quipez-vous de<b> pergolas avec vitrage panoramique, de <\/b><a style=\"font-weight: bold;\" href=\"\/?page_id=4608\">stores d\u2019ext\u00e9rieur<\/a>\u00a0<strong>et de voiles d\u2019ombrage<\/strong> de qualit\u00e9 professionnelle. Nos <strong>stores de jardin<\/strong> sont ultra performants et forment la solution id\u00e9ale pour bien vivre \u00e0 l&rsquo;ext\u00e9rieur. L&rsquo;automatisation des rideaux et l&rsquo;ajout de syst\u00e8mes de contr\u00f4le tels que des an\u00e9mom\u00e8tres et des capteurs vous permettront de g\u00e9rer efficacement son ouverture et sa fermeture.<\/p>\n<p><span style=\"text-decoration: underline;\"><strong>Pour les basses saisons<\/strong>:<\/span><\/p>\n<p>Optez pour des <strong>couvertures de terrasse bioclimatique <\/strong>pouvant \u00eatre ferm\u00e9es \u00e0 l&rsquo;aide de stores verticaux ou de vitrage panoramique. Optez pour une pergola \u00e0 <strong>toit avec toile \u00e0 enroulement<\/strong> ou encore une <strong>pergola bioclimatique<\/strong> avec lames orientables qui laisseront la place au bleu intense du ciel les jours les plus chauds, mais \u00e9galement con\u00e7ues pour r\u00e9sister aux intemp\u00e9ries. Avec une compl\u00e8te fermeture lat\u00e9rale possible, <a href=\"\/?page_id=4598\">Kedry Prime<\/a> gr\u00e2ce aux fen\u00eatres coulissantes en verre, vous prot\u00e8ge du froid et autres inconv\u00e9nients m\u00e9t\u00e9orologiques. Ainsi, laissez-vous emporter par les paysages de montagne.<\/p>\n<p>Nos pergolas en aluminium et les tissus de <strong>nos stores r\u00e9sistants<\/strong>\u00a0vous garantissent long\u00e9vit\u00e9, praticit\u00e9 et esth\u00e9tique.<\/p>\n<p>\u00cates-vous pr\u00eat \u00e0 repenser les espaces ext\u00e9rieurs de vos r\u00e9sidences en montagne au nom du confort ?<\/p>\n","protected":false},"excerpt":{"rendered":"<p>Installer des protections solaire en montagne c&rsquo;est pouvoir profiter de son espace ext\u00e9rieur toute l&rsquo;ann\u00e9e. Et ce quel que soit&hellip;<\/p>\n","protected":false},"author":10608,"featured_media":2929,"parent":3255,"menu_order":18,"comment_status":"closed","ping_status":"closed","template":"page-templates\/category-references.php","meta":{"_acf_changed":false,"footnotes":""},"class_list":["post-5785","page","type-page","status-publish","has-post-thumbnail","hentry"],"acf":[],"yoast_head":"<!-- This site is optimized with the Yoast SEO Premium plugin v20.12 (Yoast SEO v27.3) - https:\/\/yoast.com\/product\/yoast-seo-premium-wordpress\/ -->\n<title>En montagne -<\/title>\n<meta name=\"description\" content=\"Alliez confort int\u00e9rieur &amp; bien \u00eatre ext\u00e9rieur avec nos pergolas au vitrage panoramique permettant de tirer chaque jour du meilleur de votre environnement\" \/>\n<meta name=\"robots\" content=\"index, follow, max-snippet:-1, max-image-preview:large, max-video-preview:-1\" \/>\n<link rel=\"canonical\" href=\"https:\/\/www.keoutdoordesign.com\/fr-fr\/references\/residentiel\/en-montagne\/\" \/>\n<meta property=\"og:locale\" content=\"fr_FR\" \/>\n<meta property=\"og:type\" content=\"article\" \/>\n<meta property=\"og:title\" content=\"En montagne\" \/>\n<meta property=\"og:description\" content=\"Alliez confort int\u00e9rieur &amp; bien \u00eatre ext\u00e9rieur avec nos pergolas au vitrage panoramique permettant de tirer chaque jour du meilleur de votre environnement\" \/>\n<meta property=\"og:url\" content=\"https:\/\/www.keoutdoordesign.com\/fr-fr\/references\/residentiel\/en-montagne\/\" \/>\n<meta property=\"og:site_name\" content=\"KE Outdoor Design\" \/>\n<meta property=\"article:publisher\" content=\"https:\/\/www.facebook.com\/keoutdoordesign.us\" \/>\n<meta property=\"article:modified_time\" content=\"2020-08-06T08:56:20+00:00\" \/>\n<meta property=\"og:image\" content=\"https:\/\/www.keoutdoordesign.com\/wp-content\/uploads\/2019\/05\/ResLaives_KedryPrime_3.jpg\" \/>\n\t<meta property=\"og:image:width\" content=\"2048\" \/>\n\t<meta property=\"og:image:height\" content=\"1080\" \/>\n\t<meta property=\"og:image:type\" content=\"image\/jpeg\" \/>\n<meta name=\"twitter:card\" content=\"summary_large_image\" \/>\n<meta name=\"twitter:site\" content=\"@keoutdoordesign\" \/>\n<script type=\"application\/ld+json\" class=\"yoast-schema-graph\">{\"@context\":\"https:\\\/\\\/schema.org\",\"@graph\":[{\"@type\":\"WebPage\",\"@id\":\"https:\\\/\\\/www.keoutdoordesign.com\\\/fr-fr\\\/references\\\/residentiel\\\/en-montagne\\\/\",\"url\":\"https:\\\/\\\/www.keoutdoordesign.com\\\/fr-fr\\\/references\\\/residentiel\\\/en-montagne\\\/\",\"name\":\"En montagne -\",\"isPartOf\":{\"@id\":\"https:\\\/\\\/www.keoutdoordesign.com\\\/it-it\\\/#website\"},\"primaryImageOfPage\":{\"@id\":\"https:\\\/\\\/www.keoutdoordesign.com\\\/fr-fr\\\/references\\\/residentiel\\\/en-montagne\\\/#primaryimage\"},\"image\":{\"@id\":\"https:\\\/\\\/www.keoutdoordesign.com\\\/fr-fr\\\/references\\\/residentiel\\\/en-montagne\\\/#primaryimage\"},\"thumbnailUrl\":\"https:\\\/\\\/www.keoutdoordesign.com\\\/wp-content\\\/uploads\\\/2019\\\/05\\\/ResLaives_KedryPrime_3.jpg\",\"datePublished\":\"2019-06-11T07:51:49+00:00\",\"dateModified\":\"2020-08-06T08:56:20+00:00\",\"description\":\"Alliez confort int\u00e9rieur & bien \u00eatre ext\u00e9rieur avec nos pergolas au vitrage panoramique permettant de tirer chaque jour du meilleur de votre environnement\",\"breadcrumb\":{\"@id\":\"https:\\\/\\\/www.keoutdoordesign.com\\\/fr-fr\\\/references\\\/residentiel\\\/en-montagne\\\/#breadcrumb\"},\"inLanguage\":\"fr-FR\",\"potentialAction\":[{\"@type\":\"ReadAction\",\"target\":[\"https:\\\/\\\/www.keoutdoordesign.com\\\/fr-fr\\\/references\\\/residentiel\\\/en-montagne\\\/\"]}]},{\"@type\":\"ImageObject\",\"inLanguage\":\"fr-FR\",\"@id\":\"https:\\\/\\\/www.keoutdoordesign.com\\\/fr-fr\\\/references\\\/residentiel\\\/en-montagne\\\/#primaryimage\",\"url\":\"https:\\\/\\\/www.keoutdoordesign.com\\\/wp-content\\\/uploads\\\/2019\\\/05\\\/ResLaives_KedryPrime_3.jpg\",\"contentUrl\":\"https:\\\/\\\/www.keoutdoordesign.com\\\/wp-content\\\/uploads\\\/2019\\\/05\\\/ResLaives_KedryPrime_3.jpg\",\"width\":2048,\"height\":1080,\"caption\":\"Pergola bioclimatique r\u00e9tractable Kedry Skylife 1\"},{\"@type\":\"BreadcrumbList\",\"@id\":\"https:\\\/\\\/www.keoutdoordesign.com\\\/fr-fr\\\/references\\\/residentiel\\\/en-montagne\\\/#breadcrumb\",\"itemListElement\":[{\"@type\":\"ListItem\",\"position\":1,\"name\":\"Home\",\"item\":\"https:\\\/\\\/www.keoutdoordesign.com\\\/fr-fr\\\/\"},{\"@type\":\"ListItem\",\"position\":2,\"name\":\"R\u00e9f\u00e9rences\",\"item\":\"https:\\\/\\\/www.keoutdoordesign.com\\\/fr-fr\\\/references\\\/\"},{\"@type\":\"ListItem\",\"position\":3,\"name\":\"Abri de terrasse\",\"item\":\"https:\\\/\\\/www.keoutdoordesign.com\\\/fr-fr\\\/references\\\/residentiel\\\/\"},{\"@type\":\"ListItem\",\"position\":4,\"name\":\"En montagne\"}]},{\"@type\":\"WebSite\",\"@id\":\"https:\\\/\\\/www.keoutdoordesign.com\\\/it-it\\\/#website\",\"url\":\"https:\\\/\\\/www.keoutdoordesign.com\\\/it-it\\\/\",\"name\":\"KE Outdoor Design\",\"description\":\"Un nuovo sito targato WordPress\",\"publisher\":{\"@id\":\"https:\\\/\\\/www.keoutdoordesign.com\\\/it-it\\\/#organization\"},\"potentialAction\":[{\"@type\":\"SearchAction\",\"target\":{\"@type\":\"EntryPoint\",\"urlTemplate\":\"https:\\\/\\\/www.keoutdoordesign.com\\\/it-it\\\/?s={search_term_string}\"},\"query-input\":{\"@type\":\"PropertyValueSpecification\",\"valueRequired\":true,\"valueName\":\"search_term_string\"}}],\"inLanguage\":\"fr-FR\"},{\"@type\":\"Organization\",\"@id\":\"https:\\\/\\\/www.keoutdoordesign.com\\\/it-it\\\/#organization\",\"name\":\"KE Outdoor Design\",\"url\":\"https:\\\/\\\/www.keoutdoordesign.com\\\/it-it\\\/\",\"logo\":{\"@type\":\"ImageObject\",\"inLanguage\":\"fr-FR\",\"@id\":\"https:\\\/\\\/www.keoutdoordesign.com\\\/it-it\\\/#\\\/schema\\\/logo\\\/image\\\/\",\"url\":\"https:\\\/\\\/www.keoutdoordesign.com\\\/wp-content\\\/uploads\\\/2020\\\/02\\\/KE-logo-Primary-e1591282842174.jpg\",\"contentUrl\":\"https:\\\/\\\/www.keoutdoordesign.com\\\/wp-content\\\/uploads\\\/2020\\\/02\\\/KE-logo-Primary-e1591282842174.jpg\",\"width\":500,\"height\":396,\"caption\":\"KE Outdoor Design\"},\"image\":{\"@id\":\"https:\\\/\\\/www.keoutdoordesign.com\\\/it-it\\\/#\\\/schema\\\/logo\\\/image\\\/\"},\"sameAs\":[\"https:\\\/\\\/www.facebook.com\\\/keoutdoordesign.us\",\"https:\\\/\\\/x.com\\\/keoutdoordesign\",\"https:\\\/\\\/www.facebook.com\\\/keoutdoordesign\",\"https:\\\/\\\/www.youtube.com\\\/channel\\\/UCSoMQryJpLqD53bAoZLg2Vg\",\"https:\\\/\\\/www.pinterest.it\\\/keoutdoordesign\\\/\",\"https:\\\/\\\/www.instagram.com\\\/keoutdoordesign\\\/\",\"https:\\\/\\\/www.linkedin.com\\\/company\\\/ke-outdoor-design\\\/\"]}]}<\/script>\n<!-- \/ Yoast SEO Premium plugin. -->","yoast_head_json":{"title":"En montagne -","description":"Alliez confort int\u00e9rieur & bien \u00eatre ext\u00e9rieur avec nos pergolas au vitrage panoramique permettant de tirer chaque jour du meilleur de votre environnement","robots":{"index":"index","follow":"follow","max-snippet":"max-snippet:-1","max-image-preview":"max-image-preview:large","max-video-preview":"max-video-preview:-1"},"canonical":"https:\/\/www.keoutdoordesign.com\/fr-fr\/references\/residentiel\/en-montagne\/","og_locale":"fr_FR","og_type":"article","og_title":"En montagne","og_description":"Alliez confort int\u00e9rieur & bien \u00eatre ext\u00e9rieur avec nos pergolas au vitrage panoramique permettant de tirer chaque jour du meilleur de votre environnement","og_url":"https:\/\/www.keoutdoordesign.com\/fr-fr\/references\/residentiel\/en-montagne\/","og_site_name":"KE Outdoor Design","article_publisher":"https:\/\/www.facebook.com\/keoutdoordesign.us","article_modified_time":"2020-08-06T08:56:20+00:00","og_image":[{"width":2048,"height":1080,"url":"https:\/\/www.keoutdoordesign.com\/wp-content\/uploads\/2019\/05\/ResLaives_KedryPrime_3.jpg","type":"image\/jpeg"}],"twitter_card":"summary_large_image","twitter_site":"@keoutdoordesign","schema":{"@context":"https:\/\/schema.org","@graph":[{"@type":"WebPage","@id":"https:\/\/www.keoutdoordesign.com\/fr-fr\/references\/residentiel\/en-montagne\/","url":"https:\/\/www.keoutdoordesign.com\/fr-fr\/references\/residentiel\/en-montagne\/","name":"En montagne -","isPartOf":{"@id":"https:\/\/www.keoutdoordesign.com\/it-it\/#website"},"primaryImageOfPage":{"@id":"https:\/\/www.keoutdoordesign.com\/fr-fr\/references\/residentiel\/en-montagne\/#primaryimage"},"image":{"@id":"https:\/\/www.keoutdoordesign.com\/fr-fr\/references\/residentiel\/en-montagne\/#primaryimage"},"thumbnailUrl":"https:\/\/www.keoutdoordesign.com\/wp-content\/uploads\/2019\/05\/ResLaives_KedryPrime_3.jpg","datePublished":"2019-06-11T07:51:49+00:00","dateModified":"2020-08-06T08:56:20+00:00","description":"Alliez confort int\u00e9rieur & bien \u00eatre ext\u00e9rieur avec nos pergolas au vitrage panoramique permettant de tirer chaque jour du meilleur de votre environnement","breadcrumb":{"@id":"https:\/\/www.keoutdoordesign.com\/fr-fr\/references\/residentiel\/en-montagne\/#breadcrumb"},"inLanguage":"fr-FR","potentialAction":[{"@type":"ReadAction","target":["https:\/\/www.keoutdoordesign.com\/fr-fr\/references\/residentiel\/en-montagne\/"]}]},{"@type":"ImageObject","inLanguage":"fr-FR","@id":"https:\/\/www.keoutdoordesign.com\/fr-fr\/references\/residentiel\/en-montagne\/#primaryimage","url":"https:\/\/www.keoutdoordesign.com\/wp-content\/uploads\/2019\/05\/ResLaives_KedryPrime_3.jpg","contentUrl":"https:\/\/www.keoutdoordesign.com\/wp-content\/uploads\/2019\/05\/ResLaives_KedryPrime_3.jpg","width":2048,"height":1080,"caption":"Pergola bioclimatique r\u00e9tractable Kedry Skylife 1"},{"@type":"BreadcrumbList","@id":"https:\/\/www.keoutdoordesign.com\/fr-fr\/references\/residentiel\/en-montagne\/#breadcrumb","itemListElement":[{"@type":"ListItem","position":1,"name":"Home","item":"https:\/\/www.keoutdoordesign.com\/fr-fr\/"},{"@type":"ListItem","position":2,"name":"R\u00e9f\u00e9rences","item":"https:\/\/www.keoutdoordesign.com\/fr-fr\/references\/"},{"@type":"ListItem","position":3,"name":"Abri de terrasse","item":"https:\/\/www.keoutdoordesign.com\/fr-fr\/references\/residentiel\/"},{"@type":"ListItem","position":4,"name":"En montagne"}]},{"@type":"WebSite","@id":"https:\/\/www.keoutdoordesign.com\/it-it\/#website","url":"https:\/\/www.keoutdoordesign.com\/it-it\/","name":"KE Outdoor Design","description":"Un nuovo sito targato WordPress","publisher":{"@id":"https:\/\/www.keoutdoordesign.com\/it-it\/#organization"},"potentialAction":[{"@type":"SearchAction","target":{"@type":"EntryPoint","urlTemplate":"https:\/\/www.keoutdoordesign.com\/it-it\/?s={search_term_string}"},"query-input":{"@type":"PropertyValueSpecification","valueRequired":true,"valueName":"search_term_string"}}],"inLanguage":"fr-FR"},{"@type":"Organization","@id":"https:\/\/www.keoutdoordesign.com\/it-it\/#organization","name":"KE Outdoor Design","url":"https:\/\/www.keoutdoordesign.com\/it-it\/","logo":{"@type":"ImageObject","inLanguage":"fr-FR","@id":"https:\/\/www.keoutdoordesign.com\/it-it\/#\/schema\/logo\/image\/","url":"https:\/\/www.keoutdoordesign.com\/wp-content\/uploads\/2020\/02\/KE-logo-Primary-e1591282842174.jpg","contentUrl":"https:\/\/www.keoutdoordesign.com\/wp-content\/uploads\/2020\/02\/KE-logo-Primary-e1591282842174.jpg","width":500,"height":396,"caption":"KE Outdoor Design"},"image":{"@id":"https:\/\/www.keoutdoordesign.com\/it-it\/#\/schema\/logo\/image\/"},"sameAs":["https:\/\/www.facebook.com\/keoutdoordesign.us","https:\/\/x.com\/keoutdoordesign","https:\/\/www.facebook.com\/keoutdoordesign","https:\/\/www.youtube.com\/channel\/UCSoMQryJpLqD53bAoZLg2Vg","https:\/\/www.pinterest.it\/keoutdoordesign\/","https:\/\/www.instagram.com\/keoutdoordesign\/","https:\/\/www.linkedin.com\/company\/ke-outdoor-design\/"]}]}},"_links":{"self":[{"href":"https:\/\/www.keoutdoordesign.com\/fr-fr\/wp-json\/wp\/v2\/pages\/5785","targetHints":{"allow":["GET"]}}],"collection":[{"href":"https:\/\/www.keoutdoordesign.com\/fr-fr\/wp-json\/wp\/v2\/pages"}],"about":[{"href":"https:\/\/www.keoutdoordesign.com\/fr-fr\/wp-json\/wp\/v2\/types\/page"}],"author":[{"embeddable":true,"href":"https:\/\/www.keoutdoordesign.com\/fr-fr\/wp-json\/wp\/v2\/users\/10608"}],"replies":[{"embeddable":true,"href":"https:\/\/www.keoutdoordesign.com\/fr-fr\/wp-json\/wp\/v2\/comments?post=5785"}],"version-history":[{"count":8,"href":"https:\/\/www.keoutdoordesign.com\/fr-fr\/wp-json\/wp\/v2\/pages\/5785\/revisions"}],"predecessor-version":[{"id":23378,"href":"https:\/\/www.keoutdoordesign.com\/fr-fr\/wp-json\/wp\/v2\/pages\/5785\/revisions\/23378"}],"up":[{"embeddable":true,"href":"https:\/\/www.keoutdoordesign.com\/fr-fr\/wp-json\/wp\/v2\/pages\/3255"}],"wp:featuredmedia":[{"embeddable":true,"href":"https:\/\/www.keoutdoordesign.com\/fr-fr\/wp-json\/wp\/v2\/media\/2929"}],"wp:attachment":[{"href":"https:\/\/www.keoutdoordesign.com\/fr-fr\/wp-json\/wp\/v2\/media?parent=5785"}],"curies":[{"name":"wp","href":"https:\/\/api.w.org\/{rel}","templated":true}]}}