{"id":5775,"date":"2019-06-11T09:51:43","date_gmt":"2019-06-11T07:51:43","guid":{"rendered":"http:\/\/ke.itpowernet.it\/?page_id=5775"},"modified":"2020-08-06T11:27:22","modified_gmt":"2020-08-06T09:27:22","slug":"villas-et-maisons-avec-jardins","status":"publish","type":"page","link":"https:\/\/www.keoutdoordesign.com\/fr-fr\/references\/residentiel\/villas-et-maisons-avec-jardins\/","title":{"rendered":"Villas et maisons avec jardins"},"content":{"rendered":"<p>Le choix d&rsquo;une grande maison avec un grand terrain est souvent fait pour pouvoir profiter de la tranquillit\u00e9, du bien \u00eatre et souvent m\u00eame des paysages \u00a0que nous offrent les espaces ext\u00e9rieurs. Gr\u00e2ce \u00e0 nos <strong>id\u00e9es d&rsquo;am\u00e9nagement de jardin,<\/strong> illustr\u00e9es par nos diff\u00e9rents produits , vous pourrez profiter de chaque lieu ext\u00e9rieur. Et ce, en toute saison.<\/p>\n<h5>Nos id\u00e9es d&rsquo;am\u00e9nagement de jardin sont l\u00e0 pour vous aider \u00e0 concevoir, embellir, optimiser des espaces comme:<\/h5>\n<ul>\n<li><span style=\"text-decoration: underline;\"><strong>Terrasse<\/strong><\/span> : c&rsquo;est le lien id\u00e9al entre l&rsquo;int\u00e9rieur et l&rsquo;ext\u00e9rieur pour organiser des repas ou ap\u00e9ros dehors. C&rsquo;est donc naturel de venir y installer un <a href=\"\/?page_id=4608\"><strong>store<\/strong><\/a>. Celui-ci viendra vous prot\u00e9ger la journ\u00e9e du soleil et la nuit il pourra vous offrir lumi\u00e8re et chauffage. Notre large gamme de stores permet de satisfaire toutes les exigences et couvrir les terrasses les plus grandes ou d&rsquo;int\u00e9grer les fa\u00e7ades les plus irr\u00e9guli\u00e8res.<\/li>\n<li><span style=\"text-decoration: underline;\"><strong>Piscine<\/strong><\/span> : Avoir une piscine est un r\u00e9el atout de profit l&rsquo;\u00e9t\u00e9. Mais rares sont les \u00e9t\u00e9s compos\u00e9s de 100% de beaux jours. Alors 2 solutions sont id\u00e9ales pour profiter de vos bords de piscine :<\/li>\n<\/ul>\n<p>&#8211;&gt; Installez des<strong> voiles d&rsquo;ombrage.\u00a0<\/strong>Ils sauront vous offrir des coins d&rsquo;ombre appr\u00e9ciables pour les jours les plus chauds.<\/p>\n<p>&#8211;&gt; Installez un <a href=\"\/?page_id=4589\"><strong>pergola bioclimatique<\/strong><\/a> qui viendra couvrir partiellement votre piscine pour vous permettre une petite baignade m\u00eame les jours les plus rafra\u00eechis.<\/p>\n<ul>\n<li><span style=\"text-decoration: underline;\"><strong>Salle ext\u00e9rieure<\/strong><\/span> : salle \u00e0 manger; salle de jeu; cr\u00e9ez de vraies pi\u00e8ces ext\u00e9rieures ind\u00e9pendantes gr\u00e2ce \u00e0 la <strong>pergola Kedry Prime<\/strong>. Avec la possibilit\u00e9 de la fermer enti\u00e8rement elle offre une protection maximale toute l&rsquo;ann\u00e9e.<\/li>\n<li><span style=\"text-decoration: underline;\"><strong>Vos pi\u00e8ces int\u00e9rieures<\/strong> <\/span>: N&rsquo;oublions pas d&rsquo;optimiser le confort dans vos pi\u00e8ces de vie dans la maison. Et pour cela rien de plus simple que d&rsquo;installer sur les surfaces vitr\u00e9s de celle-ci des stores verticaux qui viendront, selon votre envie, emp\u00eacher l&rsquo;entr\u00e9e de la chaleur dans vos pi\u00e8ces tout en laissant passer la lumi\u00e8re.<\/li>\n<\/ul>\n<p>Ainsi tout espace et toute pi\u00e8ce \u00e0 vivre, est, gr\u00e2ce \u00e0 nos solutions de protections solaires pour jardin ,accessible toute l&rsquo;ann\u00e9e.<\/p>\n","protected":false},"excerpt":{"rendered":"<p>Le choix d&rsquo;une grande maison avec un grand terrain est souvent fait pour pouvoir profiter de la tranquillit\u00e9, du bien&hellip;<\/p>\n","protected":false},"author":10608,"featured_media":31991,"parent":3255,"menu_order":19,"comment_status":"closed","ping_status":"closed","template":"page-templates\/category-references.php","meta":{"_acf_changed":false,"footnotes":""},"class_list":["post-5775","page","type-page","status-publish","has-post-thumbnail","hentry"],"acf":[],"yoast_head":"<!-- This site is optimized with the Yoast SEO Premium plugin v20.12 (Yoast SEO v27.3) - https:\/\/yoast.com\/product\/yoast-seo-premium-wordpress\/ -->\n<title>Villas et maisons avec jardins -<\/title>\n<meta name=\"description\" content=\"Besoin d&#039;id\u00e9es d&#039;am\u00e9nagement de jardin? Cr\u00e9ez salon, cuisine, jardin d&#039;hiver..et offrez-vous votre environnement r\u00eav\u00e9. Id\u00e9e et projet sur mesure. Contact KE\" \/>\n<meta name=\"robots\" content=\"index, follow, max-snippet:-1, max-image-preview:large, max-video-preview:-1\" \/>\n<link rel=\"canonical\" href=\"https:\/\/www.keoutdoordesign.com\/fr-fr\/references\/residentiel\/villas-et-maisons-avec-jardins\/\" \/>\n<meta property=\"og:locale\" content=\"fr_FR\" \/>\n<meta property=\"og:type\" content=\"article\" \/>\n<meta property=\"og:title\" content=\"Villas et maisons avec jardins\" \/>\n<meta property=\"og:description\" content=\"Besoin d&#039;id\u00e9es d&#039;am\u00e9nagement de jardin? Cr\u00e9ez salon, cuisine, jardin d&#039;hiver..et offrez-vous votre environnement r\u00eav\u00e9. Id\u00e9e et projet sur mesure. Contact KE\" \/>\n<meta property=\"og:url\" content=\"https:\/\/www.keoutdoordesign.com\/fr-fr\/references\/residentiel\/villas-et-maisons-avec-jardins\/\" \/>\n<meta property=\"og:site_name\" content=\"KE Outdoor Design\" \/>\n<meta property=\"article:publisher\" content=\"https:\/\/www.facebook.com\/keoutdoordesign.us\" \/>\n<meta property=\"article:modified_time\" content=\"2020-08-06T09:27:22+00:00\" \/>\n<meta property=\"og:image\" content=\"https:\/\/www.keoutdoordesign.com\/wp-content\/uploads\/2021\/03\/pergola-con-telo-avvolto-ke-gennius-xtesa-plain-2.jpg\" \/>\n\t<meta property=\"og:image:width\" content=\"2048\" \/>\n\t<meta property=\"og:image:height\" content=\"1080\" \/>\n\t<meta property=\"og:image:type\" content=\"image\/jpeg\" \/>\n<meta name=\"twitter:card\" content=\"summary_large_image\" \/>\n<meta name=\"twitter:site\" content=\"@keoutdoordesign\" \/>\n<script type=\"application\/ld+json\" class=\"yoast-schema-graph\">{\"@context\":\"https:\\\/\\\/schema.org\",\"@graph\":[{\"@type\":\"WebPage\",\"@id\":\"https:\\\/\\\/www.keoutdoordesign.com\\\/fr-fr\\\/references\\\/residentiel\\\/villas-et-maisons-avec-jardins\\\/\",\"url\":\"https:\\\/\\\/www.keoutdoordesign.com\\\/fr-fr\\\/references\\\/residentiel\\\/villas-et-maisons-avec-jardins\\\/\",\"name\":\"Villas et maisons avec jardins -\",\"isPartOf\":{\"@id\":\"https:\\\/\\\/www.keoutdoordesign.com\\\/it-it\\\/#website\"},\"primaryImageOfPage\":{\"@id\":\"https:\\\/\\\/www.keoutdoordesign.com\\\/fr-fr\\\/references\\\/residentiel\\\/villas-et-maisons-avec-jardins\\\/#primaryimage\"},\"image\":{\"@id\":\"https:\\\/\\\/www.keoutdoordesign.com\\\/fr-fr\\\/references\\\/residentiel\\\/villas-et-maisons-avec-jardins\\\/#primaryimage\"},\"thumbnailUrl\":\"https:\\\/\\\/www.keoutdoordesign.com\\\/wp-content\\\/uploads\\\/2021\\\/03\\\/pergola-con-telo-avvolto-ke-gennius-xtesa-plain-2.jpg\",\"datePublished\":\"2019-06-11T07:51:43+00:00\",\"dateModified\":\"2020-08-06T09:27:22+00:00\",\"description\":\"Besoin d'id\u00e9es d'am\u00e9nagement de jardin? Cr\u00e9ez salon, cuisine, jardin d'hiver..et offrez-vous votre environnement r\u00eav\u00e9. Id\u00e9e et projet sur mesure. Contact KE\",\"breadcrumb\":{\"@id\":\"https:\\\/\\\/www.keoutdoordesign.com\\\/fr-fr\\\/references\\\/residentiel\\\/villas-et-maisons-avec-jardins\\\/#breadcrumb\"},\"inLanguage\":\"fr-FR\",\"potentialAction\":[{\"@type\":\"ReadAction\",\"target\":[\"https:\\\/\\\/www.keoutdoordesign.com\\\/fr-fr\\\/references\\\/residentiel\\\/villas-et-maisons-avec-jardins\\\/\"]}]},{\"@type\":\"ImageObject\",\"inLanguage\":\"fr-FR\",\"@id\":\"https:\\\/\\\/www.keoutdoordesign.com\\\/fr-fr\\\/references\\\/residentiel\\\/villas-et-maisons-avec-jardins\\\/#primaryimage\",\"url\":\"https:\\\/\\\/www.keoutdoordesign.com\\\/wp-content\\\/uploads\\\/2021\\\/03\\\/pergola-con-telo-avvolto-ke-gennius-xtesa-plain-2.jpg\",\"contentUrl\":\"https:\\\/\\\/www.keoutdoordesign.com\\\/wp-content\\\/uploads\\\/2021\\\/03\\\/pergola-con-telo-avvolto-ke-gennius-xtesa-plain-2.jpg\",\"width\":2048,\"height\":1080,\"caption\":\"pergola-con-telo-avvolto-ke-gennius-xtesa-plain-2\"},{\"@type\":\"BreadcrumbList\",\"@id\":\"https:\\\/\\\/www.keoutdoordesign.com\\\/fr-fr\\\/references\\\/residentiel\\\/villas-et-maisons-avec-jardins\\\/#breadcrumb\",\"itemListElement\":[{\"@type\":\"ListItem\",\"position\":1,\"name\":\"Home\",\"item\":\"https:\\\/\\\/www.keoutdoordesign.com\\\/fr-fr\\\/\"},{\"@type\":\"ListItem\",\"position\":2,\"name\":\"R\u00e9f\u00e9rences\",\"item\":\"https:\\\/\\\/www.keoutdoordesign.com\\\/fr-fr\\\/references\\\/\"},{\"@type\":\"ListItem\",\"position\":3,\"name\":\"Abri de terrasse\",\"item\":\"https:\\\/\\\/www.keoutdoordesign.com\\\/fr-fr\\\/references\\\/residentiel\\\/\"},{\"@type\":\"ListItem\",\"position\":4,\"name\":\"Villas et maisons avec jardins\"}]},{\"@type\":\"WebSite\",\"@id\":\"https:\\\/\\\/www.keoutdoordesign.com\\\/it-it\\\/#website\",\"url\":\"https:\\\/\\\/www.keoutdoordesign.com\\\/it-it\\\/\",\"name\":\"KE Outdoor Design\",\"description\":\"Un nuovo sito targato WordPress\",\"publisher\":{\"@id\":\"https:\\\/\\\/www.keoutdoordesign.com\\\/it-it\\\/#organization\"},\"potentialAction\":[{\"@type\":\"SearchAction\",\"target\":{\"@type\":\"EntryPoint\",\"urlTemplate\":\"https:\\\/\\\/www.keoutdoordesign.com\\\/it-it\\\/?s={search_term_string}\"},\"query-input\":{\"@type\":\"PropertyValueSpecification\",\"valueRequired\":true,\"valueName\":\"search_term_string\"}}],\"inLanguage\":\"fr-FR\"},{\"@type\":\"Organization\",\"@id\":\"https:\\\/\\\/www.keoutdoordesign.com\\\/it-it\\\/#organization\",\"name\":\"KE Outdoor Design\",\"url\":\"https:\\\/\\\/www.keoutdoordesign.com\\\/it-it\\\/\",\"logo\":{\"@type\":\"ImageObject\",\"inLanguage\":\"fr-FR\",\"@id\":\"https:\\\/\\\/www.keoutdoordesign.com\\\/it-it\\\/#\\\/schema\\\/logo\\\/image\\\/\",\"url\":\"https:\\\/\\\/www.keoutdoordesign.com\\\/wp-content\\\/uploads\\\/2020\\\/02\\\/KE-logo-Primary-e1591282842174.jpg\",\"contentUrl\":\"https:\\\/\\\/www.keoutdoordesign.com\\\/wp-content\\\/uploads\\\/2020\\\/02\\\/KE-logo-Primary-e1591282842174.jpg\",\"width\":500,\"height\":396,\"caption\":\"KE Outdoor Design\"},\"image\":{\"@id\":\"https:\\\/\\\/www.keoutdoordesign.com\\\/it-it\\\/#\\\/schema\\\/logo\\\/image\\\/\"},\"sameAs\":[\"https:\\\/\\\/www.facebook.com\\\/keoutdoordesign.us\",\"https:\\\/\\\/x.com\\\/keoutdoordesign\",\"https:\\\/\\\/www.facebook.com\\\/keoutdoordesign\",\"https:\\\/\\\/www.youtube.com\\\/channel\\\/UCSoMQryJpLqD53bAoZLg2Vg\",\"https:\\\/\\\/www.pinterest.it\\\/keoutdoordesign\\\/\",\"https:\\\/\\\/www.instagram.com\\\/keoutdoordesign\\\/\",\"https:\\\/\\\/www.linkedin.com\\\/company\\\/ke-outdoor-design\\\/\"]}]}<\/script>\n<!-- \/ Yoast SEO Premium plugin. -->","yoast_head_json":{"title":"Villas et maisons avec jardins -","description":"Besoin d'id\u00e9es d'am\u00e9nagement de jardin? Cr\u00e9ez salon, cuisine, jardin d'hiver..et offrez-vous votre environnement r\u00eav\u00e9. Id\u00e9e et projet sur mesure. Contact KE","robots":{"index":"index","follow":"follow","max-snippet":"max-snippet:-1","max-image-preview":"max-image-preview:large","max-video-preview":"max-video-preview:-1"},"canonical":"https:\/\/www.keoutdoordesign.com\/fr-fr\/references\/residentiel\/villas-et-maisons-avec-jardins\/","og_locale":"fr_FR","og_type":"article","og_title":"Villas et maisons avec jardins","og_description":"Besoin d'id\u00e9es d'am\u00e9nagement de jardin? Cr\u00e9ez salon, cuisine, jardin d'hiver..et offrez-vous votre environnement r\u00eav\u00e9. Id\u00e9e et projet sur mesure. Contact KE","og_url":"https:\/\/www.keoutdoordesign.com\/fr-fr\/references\/residentiel\/villas-et-maisons-avec-jardins\/","og_site_name":"KE Outdoor Design","article_publisher":"https:\/\/www.facebook.com\/keoutdoordesign.us","article_modified_time":"2020-08-06T09:27:22+00:00","og_image":[{"width":2048,"height":1080,"url":"https:\/\/www.keoutdoordesign.com\/wp-content\/uploads\/2021\/03\/pergola-con-telo-avvolto-ke-gennius-xtesa-plain-2.jpg","type":"image\/jpeg"}],"twitter_card":"summary_large_image","twitter_site":"@keoutdoordesign","schema":{"@context":"https:\/\/schema.org","@graph":[{"@type":"WebPage","@id":"https:\/\/www.keoutdoordesign.com\/fr-fr\/references\/residentiel\/villas-et-maisons-avec-jardins\/","url":"https:\/\/www.keoutdoordesign.com\/fr-fr\/references\/residentiel\/villas-et-maisons-avec-jardins\/","name":"Villas et maisons avec jardins -","isPartOf":{"@id":"https:\/\/www.keoutdoordesign.com\/it-it\/#website"},"primaryImageOfPage":{"@id":"https:\/\/www.keoutdoordesign.com\/fr-fr\/references\/residentiel\/villas-et-maisons-avec-jardins\/#primaryimage"},"image":{"@id":"https:\/\/www.keoutdoordesign.com\/fr-fr\/references\/residentiel\/villas-et-maisons-avec-jardins\/#primaryimage"},"thumbnailUrl":"https:\/\/www.keoutdoordesign.com\/wp-content\/uploads\/2021\/03\/pergola-con-telo-avvolto-ke-gennius-xtesa-plain-2.jpg","datePublished":"2019-06-11T07:51:43+00:00","dateModified":"2020-08-06T09:27:22+00:00","description":"Besoin d'id\u00e9es d'am\u00e9nagement de jardin? Cr\u00e9ez salon, cuisine, jardin d'hiver..et offrez-vous votre environnement r\u00eav\u00e9. Id\u00e9e et projet sur mesure. Contact KE","breadcrumb":{"@id":"https:\/\/www.keoutdoordesign.com\/fr-fr\/references\/residentiel\/villas-et-maisons-avec-jardins\/#breadcrumb"},"inLanguage":"fr-FR","potentialAction":[{"@type":"ReadAction","target":["https:\/\/www.keoutdoordesign.com\/fr-fr\/references\/residentiel\/villas-et-maisons-avec-jardins\/"]}]},{"@type":"ImageObject","inLanguage":"fr-FR","@id":"https:\/\/www.keoutdoordesign.com\/fr-fr\/references\/residentiel\/villas-et-maisons-avec-jardins\/#primaryimage","url":"https:\/\/www.keoutdoordesign.com\/wp-content\/uploads\/2021\/03\/pergola-con-telo-avvolto-ke-gennius-xtesa-plain-2.jpg","contentUrl":"https:\/\/www.keoutdoordesign.com\/wp-content\/uploads\/2021\/03\/pergola-con-telo-avvolto-ke-gennius-xtesa-plain-2.jpg","width":2048,"height":1080,"caption":"pergola-con-telo-avvolto-ke-gennius-xtesa-plain-2"},{"@type":"BreadcrumbList","@id":"https:\/\/www.keoutdoordesign.com\/fr-fr\/references\/residentiel\/villas-et-maisons-avec-jardins\/#breadcrumb","itemListElement":[{"@type":"ListItem","position":1,"name":"Home","item":"https:\/\/www.keoutdoordesign.com\/fr-fr\/"},{"@type":"ListItem","position":2,"name":"R\u00e9f\u00e9rences","item":"https:\/\/www.keoutdoordesign.com\/fr-fr\/references\/"},{"@type":"ListItem","position":3,"name":"Abri de terrasse","item":"https:\/\/www.keoutdoordesign.com\/fr-fr\/references\/residentiel\/"},{"@type":"ListItem","position":4,"name":"Villas et maisons avec jardins"}]},{"@type":"WebSite","@id":"https:\/\/www.keoutdoordesign.com\/it-it\/#website","url":"https:\/\/www.keoutdoordesign.com\/it-it\/","name":"KE Outdoor Design","description":"Un nuovo sito targato WordPress","publisher":{"@id":"https:\/\/www.keoutdoordesign.com\/it-it\/#organization"},"potentialAction":[{"@type":"SearchAction","target":{"@type":"EntryPoint","urlTemplate":"https:\/\/www.keoutdoordesign.com\/it-it\/?s={search_term_string}"},"query-input":{"@type":"PropertyValueSpecification","valueRequired":true,"valueName":"search_term_string"}}],"inLanguage":"fr-FR"},{"@type":"Organization","@id":"https:\/\/www.keoutdoordesign.com\/it-it\/#organization","name":"KE Outdoor Design","url":"https:\/\/www.keoutdoordesign.com\/it-it\/","logo":{"@type":"ImageObject","inLanguage":"fr-FR","@id":"https:\/\/www.keoutdoordesign.com\/it-it\/#\/schema\/logo\/image\/","url":"https:\/\/www.keoutdoordesign.com\/wp-content\/uploads\/2020\/02\/KE-logo-Primary-e1591282842174.jpg","contentUrl":"https:\/\/www.keoutdoordesign.com\/wp-content\/uploads\/2020\/02\/KE-logo-Primary-e1591282842174.jpg","width":500,"height":396,"caption":"KE Outdoor Design"},"image":{"@id":"https:\/\/www.keoutdoordesign.com\/it-it\/#\/schema\/logo\/image\/"},"sameAs":["https:\/\/www.facebook.com\/keoutdoordesign.us","https:\/\/x.com\/keoutdoordesign","https:\/\/www.facebook.com\/keoutdoordesign","https:\/\/www.youtube.com\/channel\/UCSoMQryJpLqD53bAoZLg2Vg","https:\/\/www.pinterest.it\/keoutdoordesign\/","https:\/\/www.instagram.com\/keoutdoordesign\/","https:\/\/www.linkedin.com\/company\/ke-outdoor-design\/"]}]}},"_links":{"self":[{"href":"https:\/\/www.keoutdoordesign.com\/fr-fr\/wp-json\/wp\/v2\/pages\/5775","targetHints":{"allow":["GET"]}}],"collection":[{"href":"https:\/\/www.keoutdoordesign.com\/fr-fr\/wp-json\/wp\/v2\/pages"}],"about":[{"href":"https:\/\/www.keoutdoordesign.com\/fr-fr\/wp-json\/wp\/v2\/types\/page"}],"author":[{"embeddable":true,"href":"https:\/\/www.keoutdoordesign.com\/fr-fr\/wp-json\/wp\/v2\/users\/10608"}],"replies":[{"embeddable":true,"href":"https:\/\/www.keoutdoordesign.com\/fr-fr\/wp-json\/wp\/v2\/comments?post=5775"}],"version-history":[{"count":5,"href":"https:\/\/www.keoutdoordesign.com\/fr-fr\/wp-json\/wp\/v2\/pages\/5775\/revisions"}],"predecessor-version":[{"id":23381,"href":"https:\/\/www.keoutdoordesign.com\/fr-fr\/wp-json\/wp\/v2\/pages\/5775\/revisions\/23381"}],"up":[{"embeddable":true,"href":"https:\/\/www.keoutdoordesign.com\/fr-fr\/wp-json\/wp\/v2\/pages\/3255"}],"wp:featuredmedia":[{"embeddable":true,"href":"https:\/\/www.keoutdoordesign.com\/fr-fr\/wp-json\/wp\/v2\/media\/31991"}],"wp:attachment":[{"href":"https:\/\/www.keoutdoordesign.com\/fr-fr\/wp-json\/wp\/v2\/media?parent=5775"}],"curies":[{"name":"wp","href":"https:\/\/api.w.org\/{rel}","templated":true}]}}