{"id":57277,"date":"2023-04-17T14:43:14","date_gmt":"2023-04-17T12:43:14","guid":{"rendered":"https:\/\/www.keoutdoordesign.com\/?page_id=57277"},"modified":"2025-02-20T11:37:14","modified_gmt":"2025-02-20T10:37:14","slug":"pergola-adossee-toit-plat-keplan-a","status":"publish","type":"page","link":"https:\/\/www.keoutdoordesign.com\/fr-fr\/pergolas-gennius\/pergola-avec-toit-plat\/pergola-adossee-toit-plat-keplan-a\/","title":{"rendered":"Pergola adoss\u00e9e \u00e0 toit plat Keplan A"},"content":{"rendered":"","protected":false},"excerpt":{"rendered":"","protected":false},"author":10608,"featured_media":65182,"parent":4567,"menu_order":3,"comment_status":"closed","ping_status":"closed","template":"page-templates\/product.php","meta":{"_acf_changed":false,"footnotes":""},"class_list":["post-57277","page","type-page","status-publish","has-post-thumbnail","hentry"],"acf":[],"yoast_head":"<!-- This site is optimized with the Yoast SEO Premium plugin v20.12 (Yoast SEO v27.0) - https:\/\/yoast.com\/product\/yoast-seo-premium-wordpress\/ -->\n<title>Pergola adoss\u00e9e \u00e0 toit plat Keplan A - KE Outdoor Design<\/title>\n<meta name=\"description\" content=\"Cette pergola adoss\u00e9e \u00e0 toit plat en aluminium et toile \u00e0 empaqu\u00e8tement s&#039;int\u00e8gre parfaitement dans tous les contextes contemporains.\" \/>\n<meta name=\"robots\" content=\"index, follow, max-snippet:-1, max-image-preview:large, max-video-preview:-1\" \/>\n<link rel=\"canonical\" href=\"https:\/\/www.keoutdoordesign.com\/fr-fr\/pergolas-gennius\/pergola-avec-toit-plat\/pergola-adossee-toit-plat-keplan-a\/\" \/>\n<meta property=\"og:locale\" content=\"fr_FR\" \/>\n<meta property=\"og:type\" content=\"article\" \/>\n<meta property=\"og:title\" content=\"Pergola adoss\u00e9e \u00e0 toit plat Keplan A\" \/>\n<meta property=\"og:description\" content=\"Cette pergola adoss\u00e9e \u00e0 toit plat en aluminium et toile \u00e0 empaqu\u00e8tement s&#039;int\u00e8gre parfaitement dans tous les contextes contemporains.\" \/>\n<meta property=\"og:url\" content=\"https:\/\/www.keoutdoordesign.com\/fr-fr\/pergolas-gennius\/pergola-avec-toit-plat\/pergola-adossee-toit-plat-keplan-a\/\" \/>\n<meta property=\"og:site_name\" content=\"KE Outdoor Design\" \/>\n<meta property=\"article:publisher\" content=\"https:\/\/www.facebook.com\/keoutdoordesign.us\" \/>\n<meta property=\"article:modified_time\" content=\"2025-02-20T10:37:14+00:00\" \/>\n<meta property=\"og:image\" content=\"https:\/\/www.keoutdoordesign.com\/wp-content\/uploads\/2024\/01\/Pergola-adossee-a-toile-retractable.jpg\" \/>\n\t<meta property=\"og:image:width\" content=\"1920\" \/>\n\t<meta property=\"og:image:height\" content=\"1358\" \/>\n\t<meta property=\"og:image:type\" content=\"image\/jpeg\" \/>\n<meta name=\"twitter:card\" content=\"summary_large_image\" \/>\n<meta name=\"twitter:site\" content=\"@keoutdoordesign\" \/>\n<script type=\"application\/ld+json\" class=\"yoast-schema-graph\">{\"@context\":\"https:\/\/schema.org\",\"@graph\":[{\"@type\":\"WebPage\",\"@id\":\"https:\/\/www.keoutdoordesign.com\/fr-fr\/pergolas-gennius\/pergola-avec-toit-plat\/pergola-adossee-toit-plat-keplan-a\/\",\"url\":\"https:\/\/www.keoutdoordesign.com\/fr-fr\/pergolas-gennius\/pergola-avec-toit-plat\/pergola-adossee-toit-plat-keplan-a\/\",\"name\":\"Pergola adoss\u00e9e \u00e0 toit plat Keplan A - KE Outdoor Design\",\"isPartOf\":{\"@id\":\"https:\/\/www.keoutdoordesign.com\/it-it\/#website\"},\"primaryImageOfPage\":{\"@id\":\"https:\/\/www.keoutdoordesign.com\/fr-fr\/pergolas-gennius\/pergola-avec-toit-plat\/pergola-adossee-toit-plat-keplan-a\/#primaryimage\"},\"image\":{\"@id\":\"https:\/\/www.keoutdoordesign.com\/fr-fr\/pergolas-gennius\/pergola-avec-toit-plat\/pergola-adossee-toit-plat-keplan-a\/#primaryimage\"},\"thumbnailUrl\":\"https:\/\/www.keoutdoordesign.com\/wp-content\/uploads\/2024\/01\/Pergola-adossee-a-toile-retractable.jpg\",\"datePublished\":\"2023-04-17T12:43:14+00:00\",\"dateModified\":\"2025-02-20T10:37:14+00:00\",\"description\":\"Cette pergola adoss\u00e9e \u00e0 toit plat en aluminium et toile \u00e0 empaqu\u00e8tement s'int\u00e8gre parfaitement dans tous les contextes contemporains.\",\"breadcrumb\":{\"@id\":\"https:\/\/www.keoutdoordesign.com\/fr-fr\/pergolas-gennius\/pergola-avec-toit-plat\/pergola-adossee-toit-plat-keplan-a\/#breadcrumb\"},\"inLanguage\":\"fr-FR\",\"potentialAction\":[{\"@type\":\"ReadAction\",\"target\":[\"https:\/\/www.keoutdoordesign.com\/fr-fr\/pergolas-gennius\/pergola-avec-toit-plat\/pergola-adossee-toit-plat-keplan-a\/\"]}]},{\"@type\":\"ImageObject\",\"inLanguage\":\"fr-FR\",\"@id\":\"https:\/\/www.keoutdoordesign.com\/fr-fr\/pergolas-gennius\/pergola-avec-toit-plat\/pergola-adossee-toit-plat-keplan-a\/#primaryimage\",\"url\":\"https:\/\/www.keoutdoordesign.com\/wp-content\/uploads\/2024\/01\/Pergola-adossee-a-toile-retractable.jpg\",\"contentUrl\":\"https:\/\/www.keoutdoordesign.com\/wp-content\/uploads\/2024\/01\/Pergola-adossee-a-toile-retractable.jpg\",\"width\":1920,\"height\":1358,\"caption\":\"Pergola adoss\u00e9e avec toit plat et toile r\u00e9tractable pour couverture de la terrasse.\"},{\"@type\":\"BreadcrumbList\",\"@id\":\"https:\/\/www.keoutdoordesign.com\/fr-fr\/pergolas-gennius\/pergola-avec-toit-plat\/pergola-adossee-toit-plat-keplan-a\/#breadcrumb\",\"itemListElement\":[{\"@type\":\"ListItem\",\"position\":1,\"name\":\"Home\",\"item\":\"https:\/\/www.keoutdoordesign.com\/fr-fr\/\"},{\"@type\":\"ListItem\",\"position\":2,\"name\":\"Pergolas sur mesure\",\"item\":\"https:\/\/www.keoutdoordesign.com\/fr-fr\/pergolas-gennius\/\"},{\"@type\":\"ListItem\",\"position\":3,\"name\":\"Pergolas avec toit plat\",\"item\":\"https:\/\/www.keoutdoordesign.com\/fr-fr\/pergolas-gennius\/pergola-avec-toit-plat\/\"},{\"@type\":\"ListItem\",\"position\":4,\"name\":\"Pergola adoss\u00e9e \u00e0 toit plat Keplan A\"}]},{\"@type\":\"WebSite\",\"@id\":\"https:\/\/www.keoutdoordesign.com\/it-it\/#website\",\"url\":\"https:\/\/www.keoutdoordesign.com\/it-it\/\",\"name\":\"KE Outdoor Design\",\"description\":\"Un nuovo sito targato WordPress\",\"publisher\":{\"@id\":\"https:\/\/www.keoutdoordesign.com\/it-it\/#organization\"},\"potentialAction\":[{\"@type\":\"SearchAction\",\"target\":{\"@type\":\"EntryPoint\",\"urlTemplate\":\"https:\/\/www.keoutdoordesign.com\/it-it\/?s={search_term_string}\"},\"query-input\":{\"@type\":\"PropertyValueSpecification\",\"valueRequired\":true,\"valueName\":\"search_term_string\"}}],\"inLanguage\":\"fr-FR\"},{\"@type\":\"Organization\",\"@id\":\"https:\/\/www.keoutdoordesign.com\/it-it\/#organization\",\"name\":\"KE Outdoor Design\",\"url\":\"https:\/\/www.keoutdoordesign.com\/it-it\/\",\"logo\":{\"@type\":\"ImageObject\",\"inLanguage\":\"fr-FR\",\"@id\":\"https:\/\/www.keoutdoordesign.com\/it-it\/#\/schema\/logo\/image\/\",\"url\":\"https:\/\/www.keoutdoordesign.com\/wp-content\/uploads\/2020\/02\/KE-logo-Primary-e1591282842174.jpg\",\"contentUrl\":\"https:\/\/www.keoutdoordesign.com\/wp-content\/uploads\/2020\/02\/KE-logo-Primary-e1591282842174.jpg\",\"width\":500,\"height\":396,\"caption\":\"KE Outdoor Design\"},\"image\":{\"@id\":\"https:\/\/www.keoutdoordesign.com\/it-it\/#\/schema\/logo\/image\/\"},\"sameAs\":[\"https:\/\/www.facebook.com\/keoutdoordesign.us\",\"https:\/\/x.com\/keoutdoordesign\",\"https:\/\/www.facebook.com\/keoutdoordesign\",\"https:\/\/www.youtube.com\/channel\/UCSoMQryJpLqD53bAoZLg2Vg\",\"https:\/\/www.pinterest.it\/keoutdoordesign\/\",\"https:\/\/www.instagram.com\/keoutdoordesign\/\",\"https:\/\/www.linkedin.com\/company\/ke-outdoor-design\/\"]}]}<\/script>\n<!-- \/ Yoast SEO Premium plugin. -->","yoast_head_json":{"title":"Pergola adoss\u00e9e \u00e0 toit plat Keplan A - KE Outdoor Design","description":"Cette pergola adoss\u00e9e \u00e0 toit plat en aluminium et toile \u00e0 empaqu\u00e8tement s'int\u00e8gre parfaitement dans tous les contextes contemporains.","robots":{"index":"index","follow":"follow","max-snippet":"max-snippet:-1","max-image-preview":"max-image-preview:large","max-video-preview":"max-video-preview:-1"},"canonical":"https:\/\/www.keoutdoordesign.com\/fr-fr\/pergolas-gennius\/pergola-avec-toit-plat\/pergola-adossee-toit-plat-keplan-a\/","og_locale":"fr_FR","og_type":"article","og_title":"Pergola adoss\u00e9e \u00e0 toit plat Keplan A","og_description":"Cette pergola adoss\u00e9e \u00e0 toit plat en aluminium et toile \u00e0 empaqu\u00e8tement s'int\u00e8gre parfaitement dans tous les contextes contemporains.","og_url":"https:\/\/www.keoutdoordesign.com\/fr-fr\/pergolas-gennius\/pergola-avec-toit-plat\/pergola-adossee-toit-plat-keplan-a\/","og_site_name":"KE Outdoor Design","article_publisher":"https:\/\/www.facebook.com\/keoutdoordesign.us","article_modified_time":"2025-02-20T10:37:14+00:00","og_image":[{"width":1920,"height":1358,"url":"https:\/\/www.keoutdoordesign.com\/wp-content\/uploads\/2024\/01\/Pergola-adossee-a-toile-retractable.jpg","type":"image\/jpeg"}],"twitter_card":"summary_large_image","twitter_site":"@keoutdoordesign","schema":{"@context":"https:\/\/schema.org","@graph":[{"@type":"WebPage","@id":"https:\/\/www.keoutdoordesign.com\/fr-fr\/pergolas-gennius\/pergola-avec-toit-plat\/pergola-adossee-toit-plat-keplan-a\/","url":"https:\/\/www.keoutdoordesign.com\/fr-fr\/pergolas-gennius\/pergola-avec-toit-plat\/pergola-adossee-toit-plat-keplan-a\/","name":"Pergola adoss\u00e9e \u00e0 toit plat Keplan A - KE Outdoor Design","isPartOf":{"@id":"https:\/\/www.keoutdoordesign.com\/it-it\/#website"},"primaryImageOfPage":{"@id":"https:\/\/www.keoutdoordesign.com\/fr-fr\/pergolas-gennius\/pergola-avec-toit-plat\/pergola-adossee-toit-plat-keplan-a\/#primaryimage"},"image":{"@id":"https:\/\/www.keoutdoordesign.com\/fr-fr\/pergolas-gennius\/pergola-avec-toit-plat\/pergola-adossee-toit-plat-keplan-a\/#primaryimage"},"thumbnailUrl":"https:\/\/www.keoutdoordesign.com\/wp-content\/uploads\/2024\/01\/Pergola-adossee-a-toile-retractable.jpg","datePublished":"2023-04-17T12:43:14+00:00","dateModified":"2025-02-20T10:37:14+00:00","description":"Cette pergola adoss\u00e9e \u00e0 toit plat en aluminium et toile \u00e0 empaqu\u00e8tement s'int\u00e8gre parfaitement dans tous les contextes contemporains.","breadcrumb":{"@id":"https:\/\/www.keoutdoordesign.com\/fr-fr\/pergolas-gennius\/pergola-avec-toit-plat\/pergola-adossee-toit-plat-keplan-a\/#breadcrumb"},"inLanguage":"fr-FR","potentialAction":[{"@type":"ReadAction","target":["https:\/\/www.keoutdoordesign.com\/fr-fr\/pergolas-gennius\/pergola-avec-toit-plat\/pergola-adossee-toit-plat-keplan-a\/"]}]},{"@type":"ImageObject","inLanguage":"fr-FR","@id":"https:\/\/www.keoutdoordesign.com\/fr-fr\/pergolas-gennius\/pergola-avec-toit-plat\/pergola-adossee-toit-plat-keplan-a\/#primaryimage","url":"https:\/\/www.keoutdoordesign.com\/wp-content\/uploads\/2024\/01\/Pergola-adossee-a-toile-retractable.jpg","contentUrl":"https:\/\/www.keoutdoordesign.com\/wp-content\/uploads\/2024\/01\/Pergola-adossee-a-toile-retractable.jpg","width":1920,"height":1358,"caption":"Pergola adoss\u00e9e avec toit plat et toile r\u00e9tractable pour couverture de la terrasse."},{"@type":"BreadcrumbList","@id":"https:\/\/www.keoutdoordesign.com\/fr-fr\/pergolas-gennius\/pergola-avec-toit-plat\/pergola-adossee-toit-plat-keplan-a\/#breadcrumb","itemListElement":[{"@type":"ListItem","position":1,"name":"Home","item":"https:\/\/www.keoutdoordesign.com\/fr-fr\/"},{"@type":"ListItem","position":2,"name":"Pergolas sur mesure","item":"https:\/\/www.keoutdoordesign.com\/fr-fr\/pergolas-gennius\/"},{"@type":"ListItem","position":3,"name":"Pergolas avec toit plat","item":"https:\/\/www.keoutdoordesign.com\/fr-fr\/pergolas-gennius\/pergola-avec-toit-plat\/"},{"@type":"ListItem","position":4,"name":"Pergola adoss\u00e9e \u00e0 toit plat Keplan A"}]},{"@type":"WebSite","@id":"https:\/\/www.keoutdoordesign.com\/it-it\/#website","url":"https:\/\/www.keoutdoordesign.com\/it-it\/","name":"KE Outdoor Design","description":"Un nuovo sito targato WordPress","publisher":{"@id":"https:\/\/www.keoutdoordesign.com\/it-it\/#organization"},"potentialAction":[{"@type":"SearchAction","target":{"@type":"EntryPoint","urlTemplate":"https:\/\/www.keoutdoordesign.com\/it-it\/?s={search_term_string}"},"query-input":{"@type":"PropertyValueSpecification","valueRequired":true,"valueName":"search_term_string"}}],"inLanguage":"fr-FR"},{"@type":"Organization","@id":"https:\/\/www.keoutdoordesign.com\/it-it\/#organization","name":"KE Outdoor Design","url":"https:\/\/www.keoutdoordesign.com\/it-it\/","logo":{"@type":"ImageObject","inLanguage":"fr-FR","@id":"https:\/\/www.keoutdoordesign.com\/it-it\/#\/schema\/logo\/image\/","url":"https:\/\/www.keoutdoordesign.com\/wp-content\/uploads\/2020\/02\/KE-logo-Primary-e1591282842174.jpg","contentUrl":"https:\/\/www.keoutdoordesign.com\/wp-content\/uploads\/2020\/02\/KE-logo-Primary-e1591282842174.jpg","width":500,"height":396,"caption":"KE Outdoor Design"},"image":{"@id":"https:\/\/www.keoutdoordesign.com\/it-it\/#\/schema\/logo\/image\/"},"sameAs":["https:\/\/www.facebook.com\/keoutdoordesign.us","https:\/\/x.com\/keoutdoordesign","https:\/\/www.facebook.com\/keoutdoordesign","https:\/\/www.youtube.com\/channel\/UCSoMQryJpLqD53bAoZLg2Vg","https:\/\/www.pinterest.it\/keoutdoordesign\/","https:\/\/www.instagram.com\/keoutdoordesign\/","https:\/\/www.linkedin.com\/company\/ke-outdoor-design\/"]}]}},"_links":{"self":[{"href":"https:\/\/www.keoutdoordesign.com\/fr-fr\/wp-json\/wp\/v2\/pages\/57277","targetHints":{"allow":["GET"]}}],"collection":[{"href":"https:\/\/www.keoutdoordesign.com\/fr-fr\/wp-json\/wp\/v2\/pages"}],"about":[{"href":"https:\/\/www.keoutdoordesign.com\/fr-fr\/wp-json\/wp\/v2\/types\/page"}],"author":[{"embeddable":true,"href":"https:\/\/www.keoutdoordesign.com\/fr-fr\/wp-json\/wp\/v2\/users\/10608"}],"replies":[{"embeddable":true,"href":"https:\/\/www.keoutdoordesign.com\/fr-fr\/wp-json\/wp\/v2\/comments?post=57277"}],"version-history":[{"count":17,"href":"https:\/\/www.keoutdoordesign.com\/fr-fr\/wp-json\/wp\/v2\/pages\/57277\/revisions"}],"predecessor-version":[{"id":104657,"href":"https:\/\/www.keoutdoordesign.com\/fr-fr\/wp-json\/wp\/v2\/pages\/57277\/revisions\/104657"}],"up":[{"embeddable":true,"href":"https:\/\/www.keoutdoordesign.com\/fr-fr\/wp-json\/wp\/v2\/pages\/4567"}],"wp:featuredmedia":[{"embeddable":true,"href":"https:\/\/www.keoutdoordesign.com\/fr-fr\/wp-json\/wp\/v2\/media\/65182"}],"wp:attachment":[{"href":"https:\/\/www.keoutdoordesign.com\/fr-fr\/wp-json\/wp\/v2\/media?parent=57277"}],"curies":[{"name":"wp","href":"https:\/\/api.w.org\/{rel}","templated":true}]}}