{"id":5643,"date":"2019-06-10T15:14:57","date_gmt":"2019-06-10T13:14:57","guid":{"rendered":"http:\/\/ke.itpowernet.it\/?page_id=5643"},"modified":"2022-06-28T15:22:22","modified_gmt":"2022-06-28T13:22:22","slug":"piscine","status":"publish","type":"page","link":"https:\/\/www.keoutdoordesign.com\/fr-fr\/univers\/piscine\/","title":{"rendered":"Piscine"},"content":{"rendered":"<p>D\u00e9tendez-vous au bord de la piscine, berc\u00e9 par une douce brise, et profitez\u00a0 du plaisir d&rsquo;\u00eatre \u00e0 l&rsquo;ext\u00e9rieur dans un environnement qui vous ressemble. Un r\u00eave qui peut devenir r\u00e9alit\u00e9 avec les<strong> protections solaires pour piscine<\/strong> propos\u00e9es par KE.<\/p>\n<p>Qu&rsquo;il s&rsquo;agisse d&rsquo;un <strong>voile d\u2019ombrage, store grandes avanc\u00e9es et pergola bioclimatique pour piscine, <\/strong>toutes nos solutions sont esth\u00e9tiques, raffin\u00e9es et \u00e0 la pointe de la technologie. Con\u00e7ues pour vous prot\u00e9ger de la chaleur trop intense du soleil.<\/p>\n<p>Style a\u00e9rien, store classique ou structure \u00e0 part enti\u00e8re: \u00e0 vous de choisir la structure qui \u00e9pousera le mieux votre surface ext\u00e9rieure.<\/p>\n<p>Le <strong>voile\u00a0Kolibrie<\/strong> allie l&rsquo;esth\u00e9tique \u00e0 la fonctionnalit\u00e9 des mat\u00e9riaux nautiques dans lesquels il est fabriqu\u00e9. Gr\u00e2ce \u00e0 la conception essentielle des structures, r\u00e9sistantes aux agents atmosph\u00e9riques, et aux tissus hydrofuges r\u00e9sultant des recherches dans le domaine nautique, vous pouvez cr\u00e9er des \u00eelots de paix et de bien-\u00eatre, caract\u00e9ris\u00e9s par un impact esth\u00e9tique l\u00e9ger et contemporain.<\/p>\n<p>Les <strong>pergolas bioclimatiques<\/strong> ou avec un store peuvent \u00eatre plac\u00e9es contre le mur ou utilis\u00e9es comme structures autoportantes. Id\u00e9aux dans les h\u00f4tels, ils pourront cr\u00e9er des espaces de vie en tout genre au bord de la piscine, dans des villas et des r\u00e9sidences, dans des clubs et des h\u00f4tels.<\/p>\n<p>Les stores grandes avanc\u00e9es tels que l&rsquo;<strong>Optima<\/strong> ou la <strong>Qubica Plumb<\/strong> peuvent, gr\u00e2ce \u00e0 leurs dimensions g\u00e9n\u00e9reuses couvrir une grande terrasse en bord de piscine.<\/p>\n<p>Toutes nos <strong>protections solaires\u00a0pour piscine<\/strong> que nous vous proposons respectent les m\u00eames crit\u00e8res d\u2019exigences et de qualit\u00e9. Elles sont con\u00e7ues pour prot\u00e9ger du soleil et \u00eatre r\u00e9sistantes au vent.<\/p>\n<p>De plus la personnalisation combin\u00e9e \u00e0 toutes les finitions que vous pouvez s\u00e9lectionner, font que vous cr\u00e9ez une structure <strong>100% SUR MESURE<\/strong> qui correspond \u00e0 votre ext\u00e9rieur.<\/p>\n","protected":false},"excerpt":{"rendered":"<p>D\u00e9tendez-vous au bord de la piscine, berc\u00e9 par une douce brise, et profitez\u00a0 du plaisir d&rsquo;\u00eatre \u00e0 l&rsquo;ext\u00e9rieur dans un&hellip;<\/p>\n","protected":false},"author":10608,"featured_media":39739,"parent":5635,"menu_order":20,"comment_status":"closed","ping_status":"closed","template":"page-templates\/environment.php","meta":{"_acf_changed":false,"footnotes":""},"class_list":["post-5643","page","type-page","status-publish","has-post-thumbnail","hentry"],"acf":[],"yoast_head":"<!-- This site is optimized with the Yoast SEO Premium plugin v20.12 (Yoast SEO v27.3) - https:\/\/yoast.com\/product\/yoast-seo-premium-wordpress\/ -->\n<title>Structures d&#039;ombrage pour piscines - KE Outdoor Design<\/title>\n<meta name=\"description\" content=\"Pour profiter pleinement de votre bord de piscine, nous avons pens\u00e9s pour vous des protections solaires pour piscine design et r\u00e9pondant \u00e0 toutes surfaces.\" \/>\n<meta name=\"robots\" content=\"index, follow, max-snippet:-1, max-image-preview:large, max-video-preview:-1\" \/>\n<link rel=\"canonical\" href=\"https:\/\/www.keoutdoordesign.com\/fr-fr\/univers\/piscine\/\" \/>\n<meta property=\"og:locale\" content=\"fr_FR\" \/>\n<meta property=\"og:type\" content=\"article\" \/>\n<meta property=\"og:title\" content=\"Piscine\" \/>\n<meta property=\"og:description\" content=\"Pour profiter pleinement de votre bord de piscine, nous avons pens\u00e9s pour vous des protections solaires pour piscine design et r\u00e9pondant \u00e0 toutes surfaces.\" \/>\n<meta property=\"og:url\" content=\"https:\/\/www.keoutdoordesign.com\/fr-fr\/univers\/piscine\/\" \/>\n<meta property=\"og:site_name\" content=\"KE Outdoor Design\" \/>\n<meta property=\"article:publisher\" content=\"https:\/\/www.facebook.com\/keoutdoordesign.us\" \/>\n<meta property=\"article:modified_time\" content=\"2022-06-28T13:22:22+00:00\" \/>\n<meta property=\"og:image\" content=\"https:\/\/www.keoutdoordesign.com\/wp-content\/uploads\/2021\/08\/KE_Villa-a-Rubano_10_low.jpg\" \/>\n\t<meta property=\"og:image:width\" content=\"1920\" \/>\n\t<meta property=\"og:image:height\" content=\"1280\" \/>\n\t<meta property=\"og:image:type\" content=\"image\/jpeg\" \/>\n<meta name=\"twitter:card\" content=\"summary_large_image\" \/>\n<meta name=\"twitter:site\" content=\"@keoutdoordesign\" \/>\n<script type=\"application\/ld+json\" class=\"yoast-schema-graph\">{\"@context\":\"https:\\\/\\\/schema.org\",\"@graph\":[{\"@type\":\"WebPage\",\"@id\":\"https:\\\/\\\/www.keoutdoordesign.com\\\/fr-fr\\\/univers\\\/piscine\\\/\",\"url\":\"https:\\\/\\\/www.keoutdoordesign.com\\\/fr-fr\\\/univers\\\/piscine\\\/\",\"name\":\"Structures d'ombrage pour piscines - KE Outdoor Design\",\"isPartOf\":{\"@id\":\"https:\\\/\\\/www.keoutdoordesign.com\\\/it-it\\\/#website\"},\"primaryImageOfPage\":{\"@id\":\"https:\\\/\\\/www.keoutdoordesign.com\\\/fr-fr\\\/univers\\\/piscine\\\/#primaryimage\"},\"image\":{\"@id\":\"https:\\\/\\\/www.keoutdoordesign.com\\\/fr-fr\\\/univers\\\/piscine\\\/#primaryimage\"},\"thumbnailUrl\":\"https:\\\/\\\/www.keoutdoordesign.com\\\/wp-content\\\/uploads\\\/2021\\\/08\\\/KE_Villa-a-Rubano_10_low.jpg\",\"datePublished\":\"2019-06-10T13:14:57+00:00\",\"dateModified\":\"2022-06-28T13:22:22+00:00\",\"description\":\"Pour profiter pleinement de votre bord de piscine, nous avons pens\u00e9s pour vous des protections solaires pour piscine design et r\u00e9pondant \u00e0 toutes surfaces.\",\"breadcrumb\":{\"@id\":\"https:\\\/\\\/www.keoutdoordesign.com\\\/fr-fr\\\/univers\\\/piscine\\\/#breadcrumb\"},\"inLanguage\":\"fr-FR\",\"potentialAction\":[{\"@type\":\"ReadAction\",\"target\":[\"https:\\\/\\\/www.keoutdoordesign.com\\\/fr-fr\\\/univers\\\/piscine\\\/\"]}]},{\"@type\":\"ImageObject\",\"inLanguage\":\"fr-FR\",\"@id\":\"https:\\\/\\\/www.keoutdoordesign.com\\\/fr-fr\\\/univers\\\/piscine\\\/#primaryimage\",\"url\":\"https:\\\/\\\/www.keoutdoordesign.com\\\/wp-content\\\/uploads\\\/2021\\\/08\\\/KE_Villa-a-Rubano_10_low.jpg\",\"contentUrl\":\"https:\\\/\\\/www.keoutdoordesign.com\\\/wp-content\\\/uploads\\\/2021\\\/08\\\/KE_Villa-a-Rubano_10_low.jpg\",\"width\":1920,\"height\":1280,\"caption\":\"villa avec piscine et pergola tente Gennius Vega KE\"},{\"@type\":\"BreadcrumbList\",\"@id\":\"https:\\\/\\\/www.keoutdoordesign.com\\\/fr-fr\\\/univers\\\/piscine\\\/#breadcrumb\",\"itemListElement\":[{\"@type\":\"ListItem\",\"position\":1,\"name\":\"Home\",\"item\":\"https:\\\/\\\/www.keoutdoordesign.com\\\/fr-fr\\\/\"},{\"@type\":\"ListItem\",\"position\":2,\"name\":\"Univers\",\"item\":\"https:\\\/\\\/www.keoutdoordesign.com\\\/fr-fr\\\/univers\\\/\"},{\"@type\":\"ListItem\",\"position\":3,\"name\":\"Piscine\"}]},{\"@type\":\"WebSite\",\"@id\":\"https:\\\/\\\/www.keoutdoordesign.com\\\/it-it\\\/#website\",\"url\":\"https:\\\/\\\/www.keoutdoordesign.com\\\/it-it\\\/\",\"name\":\"KE Outdoor Design\",\"description\":\"Un nuovo sito targato WordPress\",\"publisher\":{\"@id\":\"https:\\\/\\\/www.keoutdoordesign.com\\\/it-it\\\/#organization\"},\"potentialAction\":[{\"@type\":\"SearchAction\",\"target\":{\"@type\":\"EntryPoint\",\"urlTemplate\":\"https:\\\/\\\/www.keoutdoordesign.com\\\/it-it\\\/?s={search_term_string}\"},\"query-input\":{\"@type\":\"PropertyValueSpecification\",\"valueRequired\":true,\"valueName\":\"search_term_string\"}}],\"inLanguage\":\"fr-FR\"},{\"@type\":\"Organization\",\"@id\":\"https:\\\/\\\/www.keoutdoordesign.com\\\/it-it\\\/#organization\",\"name\":\"KE Outdoor Design\",\"url\":\"https:\\\/\\\/www.keoutdoordesign.com\\\/it-it\\\/\",\"logo\":{\"@type\":\"ImageObject\",\"inLanguage\":\"fr-FR\",\"@id\":\"https:\\\/\\\/www.keoutdoordesign.com\\\/it-it\\\/#\\\/schema\\\/logo\\\/image\\\/\",\"url\":\"https:\\\/\\\/www.keoutdoordesign.com\\\/wp-content\\\/uploads\\\/2020\\\/02\\\/KE-logo-Primary-e1591282842174.jpg\",\"contentUrl\":\"https:\\\/\\\/www.keoutdoordesign.com\\\/wp-content\\\/uploads\\\/2020\\\/02\\\/KE-logo-Primary-e1591282842174.jpg\",\"width\":500,\"height\":396,\"caption\":\"KE Outdoor Design\"},\"image\":{\"@id\":\"https:\\\/\\\/www.keoutdoordesign.com\\\/it-it\\\/#\\\/schema\\\/logo\\\/image\\\/\"},\"sameAs\":[\"https:\\\/\\\/www.facebook.com\\\/keoutdoordesign.us\",\"https:\\\/\\\/x.com\\\/keoutdoordesign\",\"https:\\\/\\\/www.facebook.com\\\/keoutdoordesign\",\"https:\\\/\\\/www.youtube.com\\\/channel\\\/UCSoMQryJpLqD53bAoZLg2Vg\",\"https:\\\/\\\/www.pinterest.it\\\/keoutdoordesign\\\/\",\"https:\\\/\\\/www.instagram.com\\\/keoutdoordesign\\\/\",\"https:\\\/\\\/www.linkedin.com\\\/company\\\/ke-outdoor-design\\\/\"]}]}<\/script>\n<!-- \/ Yoast SEO Premium plugin. -->","yoast_head_json":{"title":"Structures d'ombrage pour piscines - KE Outdoor Design","description":"Pour profiter pleinement de votre bord de piscine, nous avons pens\u00e9s pour vous des protections solaires pour piscine design et r\u00e9pondant \u00e0 toutes surfaces.","robots":{"index":"index","follow":"follow","max-snippet":"max-snippet:-1","max-image-preview":"max-image-preview:large","max-video-preview":"max-video-preview:-1"},"canonical":"https:\/\/www.keoutdoordesign.com\/fr-fr\/univers\/piscine\/","og_locale":"fr_FR","og_type":"article","og_title":"Piscine","og_description":"Pour profiter pleinement de votre bord de piscine, nous avons pens\u00e9s pour vous des protections solaires pour piscine design et r\u00e9pondant \u00e0 toutes surfaces.","og_url":"https:\/\/www.keoutdoordesign.com\/fr-fr\/univers\/piscine\/","og_site_name":"KE Outdoor Design","article_publisher":"https:\/\/www.facebook.com\/keoutdoordesign.us","article_modified_time":"2022-06-28T13:22:22+00:00","og_image":[{"width":1920,"height":1280,"url":"https:\/\/www.keoutdoordesign.com\/wp-content\/uploads\/2021\/08\/KE_Villa-a-Rubano_10_low.jpg","type":"image\/jpeg"}],"twitter_card":"summary_large_image","twitter_site":"@keoutdoordesign","schema":{"@context":"https:\/\/schema.org","@graph":[{"@type":"WebPage","@id":"https:\/\/www.keoutdoordesign.com\/fr-fr\/univers\/piscine\/","url":"https:\/\/www.keoutdoordesign.com\/fr-fr\/univers\/piscine\/","name":"Structures d'ombrage pour piscines - KE Outdoor Design","isPartOf":{"@id":"https:\/\/www.keoutdoordesign.com\/it-it\/#website"},"primaryImageOfPage":{"@id":"https:\/\/www.keoutdoordesign.com\/fr-fr\/univers\/piscine\/#primaryimage"},"image":{"@id":"https:\/\/www.keoutdoordesign.com\/fr-fr\/univers\/piscine\/#primaryimage"},"thumbnailUrl":"https:\/\/www.keoutdoordesign.com\/wp-content\/uploads\/2021\/08\/KE_Villa-a-Rubano_10_low.jpg","datePublished":"2019-06-10T13:14:57+00:00","dateModified":"2022-06-28T13:22:22+00:00","description":"Pour profiter pleinement de votre bord de piscine, nous avons pens\u00e9s pour vous des protections solaires pour piscine design et r\u00e9pondant \u00e0 toutes surfaces.","breadcrumb":{"@id":"https:\/\/www.keoutdoordesign.com\/fr-fr\/univers\/piscine\/#breadcrumb"},"inLanguage":"fr-FR","potentialAction":[{"@type":"ReadAction","target":["https:\/\/www.keoutdoordesign.com\/fr-fr\/univers\/piscine\/"]}]},{"@type":"ImageObject","inLanguage":"fr-FR","@id":"https:\/\/www.keoutdoordesign.com\/fr-fr\/univers\/piscine\/#primaryimage","url":"https:\/\/www.keoutdoordesign.com\/wp-content\/uploads\/2021\/08\/KE_Villa-a-Rubano_10_low.jpg","contentUrl":"https:\/\/www.keoutdoordesign.com\/wp-content\/uploads\/2021\/08\/KE_Villa-a-Rubano_10_low.jpg","width":1920,"height":1280,"caption":"villa avec piscine et pergola tente Gennius Vega KE"},{"@type":"BreadcrumbList","@id":"https:\/\/www.keoutdoordesign.com\/fr-fr\/univers\/piscine\/#breadcrumb","itemListElement":[{"@type":"ListItem","position":1,"name":"Home","item":"https:\/\/www.keoutdoordesign.com\/fr-fr\/"},{"@type":"ListItem","position":2,"name":"Univers","item":"https:\/\/www.keoutdoordesign.com\/fr-fr\/univers\/"},{"@type":"ListItem","position":3,"name":"Piscine"}]},{"@type":"WebSite","@id":"https:\/\/www.keoutdoordesign.com\/it-it\/#website","url":"https:\/\/www.keoutdoordesign.com\/it-it\/","name":"KE Outdoor Design","description":"Un nuovo sito targato WordPress","publisher":{"@id":"https:\/\/www.keoutdoordesign.com\/it-it\/#organization"},"potentialAction":[{"@type":"SearchAction","target":{"@type":"EntryPoint","urlTemplate":"https:\/\/www.keoutdoordesign.com\/it-it\/?s={search_term_string}"},"query-input":{"@type":"PropertyValueSpecification","valueRequired":true,"valueName":"search_term_string"}}],"inLanguage":"fr-FR"},{"@type":"Organization","@id":"https:\/\/www.keoutdoordesign.com\/it-it\/#organization","name":"KE Outdoor Design","url":"https:\/\/www.keoutdoordesign.com\/it-it\/","logo":{"@type":"ImageObject","inLanguage":"fr-FR","@id":"https:\/\/www.keoutdoordesign.com\/it-it\/#\/schema\/logo\/image\/","url":"https:\/\/www.keoutdoordesign.com\/wp-content\/uploads\/2020\/02\/KE-logo-Primary-e1591282842174.jpg","contentUrl":"https:\/\/www.keoutdoordesign.com\/wp-content\/uploads\/2020\/02\/KE-logo-Primary-e1591282842174.jpg","width":500,"height":396,"caption":"KE Outdoor Design"},"image":{"@id":"https:\/\/www.keoutdoordesign.com\/it-it\/#\/schema\/logo\/image\/"},"sameAs":["https:\/\/www.facebook.com\/keoutdoordesign.us","https:\/\/x.com\/keoutdoordesign","https:\/\/www.facebook.com\/keoutdoordesign","https:\/\/www.youtube.com\/channel\/UCSoMQryJpLqD53bAoZLg2Vg","https:\/\/www.pinterest.it\/keoutdoordesign\/","https:\/\/www.instagram.com\/keoutdoordesign\/","https:\/\/www.linkedin.com\/company\/ke-outdoor-design\/"]}]}},"_links":{"self":[{"href":"https:\/\/www.keoutdoordesign.com\/fr-fr\/wp-json\/wp\/v2\/pages\/5643","targetHints":{"allow":["GET"]}}],"collection":[{"href":"https:\/\/www.keoutdoordesign.com\/fr-fr\/wp-json\/wp\/v2\/pages"}],"about":[{"href":"https:\/\/www.keoutdoordesign.com\/fr-fr\/wp-json\/wp\/v2\/types\/page"}],"author":[{"embeddable":true,"href":"https:\/\/www.keoutdoordesign.com\/fr-fr\/wp-json\/wp\/v2\/users\/10608"}],"replies":[{"embeddable":true,"href":"https:\/\/www.keoutdoordesign.com\/fr-fr\/wp-json\/wp\/v2\/comments?post=5643"}],"version-history":[{"count":10,"href":"https:\/\/www.keoutdoordesign.com\/fr-fr\/wp-json\/wp\/v2\/pages\/5643\/revisions"}],"predecessor-version":[{"id":50779,"href":"https:\/\/www.keoutdoordesign.com\/fr-fr\/wp-json\/wp\/v2\/pages\/5643\/revisions\/50779"}],"up":[{"embeddable":true,"href":"https:\/\/www.keoutdoordesign.com\/fr-fr\/wp-json\/wp\/v2\/pages\/5635"}],"wp:featuredmedia":[{"embeddable":true,"href":"https:\/\/www.keoutdoordesign.com\/fr-fr\/wp-json\/wp\/v2\/media\/39739"}],"wp:attachment":[{"href":"https:\/\/www.keoutdoordesign.com\/fr-fr\/wp-json\/wp\/v2\/media?parent=5643"}],"curies":[{"name":"wp","href":"https:\/\/api.w.org\/{rel}","templated":true}]}}