{"id":5641,"date":"2019-06-10T15:14:48","date_gmt":"2019-06-10T13:14:48","guid":{"rendered":"http:\/\/ke.itpowernet.it\/?page_id=5641"},"modified":"2022-11-22T14:24:17","modified_gmt":"2022-11-22T13:24:17","slug":"veranda","status":"publish","type":"page","link":"https:\/\/www.keoutdoordesign.com\/fr-fr\/univers\/veranda\/","title":{"rendered":"V\u00e9randa"},"content":{"rendered":"<p>Vous voulez repenser le <b>design de votre v\u00e9randa et lui apporter plus de confort<\/b> !? Installer un store pour v\u00e9randa est la meilleure solution pour satisfaire vos exigences.<\/p>\n<p>Les jardins d&rsquo;hiver et les v\u00e9randas sont un r\u00eave de calme et de d\u00e9tente. Ils doivent \u00eatre g\u00e9r\u00e9s de mani\u00e8re intelligente pour \u00eatre exploit\u00e9s toute l&rsquo;ann\u00e9e, m\u00eame lorsque le temps n&rsquo;est pas id\u00e9al ou en cas de forte chaleur. Car en effet le soleil devient rapidement l\u2019ennemi de la v\u00e9randa s\u2019il n\u2019est pas correctement consid\u00e9r\u00e9.<\/p>\n<p>Chez KE, nous avons con\u00e7u des\u00a0stores d\u2019ext\u00e9rieur intelligents et des pergolas de grande qualit\u00e9 pour vous permettre de profiter de vos espaces ext\u00e9rieurs ou semi-ext\u00e9rieurs, en toutes saisons. Passez facilement d\u2019une\u00a0<strong>v\u00e9randa enti\u00e8rement ouverte<\/strong>\u00a0\u00e0 un espace plus ferm\u00e9 et plus cosy, gr\u00e2ce \u00e0 l\u2019automatisation du store v\u00e9randa en fonction de la chaleur, du passage du vent ou de la pluie.<\/p>\n<p>Et la nuit, vous pourrez continuer \u00e0 vivre vos espaces en toute libert\u00e9: les structures ext\u00e9rieures pourront fermer tous les c\u00f4t\u00e9s de la v\u00e9randa avec des murs en verre ou des rideaux \u00e0 fermeture \u00e0 glissi\u00e8re. De plus le chauffage et les lumi\u00e8res LED (options) \u00a0int\u00e9gr\u00e9es aux structures transformeront vos locaux en ouvert dans un lieu magique plein de charme.<\/p>\n<p>OU optez pour notre\u00a0<strong>v\u00e9randa pergola aluminium<\/strong>. Qui deviendra le nouvel espace bien-\u00eatre et d\u00e9tente de votre maison. Parois de verre ou rideaux \u00e0 glissi\u00e8res, blancs ou color\u00e9s, vous cr\u00e9ez votre\u00a0pi\u00e8ce en plus sur-mesure\u00a0selon vos go\u00fbts et vos besoins.<\/p>\n","protected":false},"excerpt":{"rendered":"<p>Vous voulez repenser le design de votre v\u00e9randa et lui apporter plus de confort !? Installer un store pour v\u00e9randa&hellip;<\/p>\n","protected":false},"author":10608,"featured_media":3813,"parent":5635,"menu_order":19,"comment_status":"closed","ping_status":"closed","template":"page-templates\/environment.php","meta":{"_acf_changed":false,"footnotes":""},"class_list":["post-5641","page","type-page","status-publish","has-post-thumbnail","hentry"],"acf":[],"yoast_head":"<!-- This site is optimized with the Yoast SEO Premium plugin v20.12 (Yoast SEO v27.3) - https:\/\/yoast.com\/product\/yoast-seo-premium-wordpress\/ -->\n<title>V\u00e9randa -<\/title>\n<meta name=\"description\" content=\"Un store pour v\u00e9randa est la solution id\u00e9ale pour apporter confort et design \u00e0 votre v\u00e9randa.Un large choix : du simple toit \u00e0 la structure compl\u00e8te.\" \/>\n<meta name=\"robots\" content=\"index, follow, max-snippet:-1, max-image-preview:large, max-video-preview:-1\" \/>\n<link rel=\"canonical\" href=\"https:\/\/www.keoutdoordesign.com\/fr-fr\/univers\/veranda\/\" \/>\n<meta property=\"og:locale\" content=\"fr_FR\" \/>\n<meta property=\"og:type\" content=\"article\" \/>\n<meta property=\"og:title\" content=\"V\u00e9randa\" \/>\n<meta property=\"og:description\" content=\"Un store pour v\u00e9randa est la solution id\u00e9ale pour apporter confort et design \u00e0 votre v\u00e9randa.Un large choix : du simple toit \u00e0 la structure compl\u00e8te.\" \/>\n<meta property=\"og:url\" content=\"https:\/\/www.keoutdoordesign.com\/fr-fr\/univers\/veranda\/\" \/>\n<meta property=\"og:site_name\" content=\"KE Outdoor Design\" \/>\n<meta property=\"article:publisher\" content=\"https:\/\/www.facebook.com\/keoutdoordesign.us\" \/>\n<meta property=\"article:modified_time\" content=\"2022-11-22T13:24:17+00:00\" \/>\n<meta property=\"og:image\" content=\"https:\/\/www.keoutdoordesign.com\/wp-content\/uploads\/2019\/05\/KE_Theatercafe_2.jpg\" \/>\n\t<meta property=\"og:image:width\" content=\"2048\" \/>\n\t<meta property=\"og:image:height\" content=\"1080\" \/>\n\t<meta property=\"og:image:type\" content=\"image\/jpeg\" \/>\n<meta name=\"twitter:card\" content=\"summary_large_image\" \/>\n<meta name=\"twitter:site\" content=\"@keoutdoordesign\" \/>\n<script type=\"application\/ld+json\" class=\"yoast-schema-graph\">{\"@context\":\"https:\\\/\\\/schema.org\",\"@graph\":[{\"@type\":\"WebPage\",\"@id\":\"https:\\\/\\\/www.keoutdoordesign.com\\\/fr-fr\\\/univers\\\/veranda\\\/\",\"url\":\"https:\\\/\\\/www.keoutdoordesign.com\\\/fr-fr\\\/univers\\\/veranda\\\/\",\"name\":\"V\u00e9randa -\",\"isPartOf\":{\"@id\":\"https:\\\/\\\/www.keoutdoordesign.com\\\/it-it\\\/#website\"},\"primaryImageOfPage\":{\"@id\":\"https:\\\/\\\/www.keoutdoordesign.com\\\/fr-fr\\\/univers\\\/veranda\\\/#primaryimage\"},\"image\":{\"@id\":\"https:\\\/\\\/www.keoutdoordesign.com\\\/fr-fr\\\/univers\\\/veranda\\\/#primaryimage\"},\"thumbnailUrl\":\"https:\\\/\\\/www.keoutdoordesign.com\\\/wp-content\\\/uploads\\\/2019\\\/05\\\/KE_Theatercafe_2.jpg\",\"datePublished\":\"2019-06-10T13:14:48+00:00\",\"dateModified\":\"2022-11-22T13:24:17+00:00\",\"description\":\"Un store pour v\u00e9randa est la solution id\u00e9ale pour apporter confort et design \u00e0 votre v\u00e9randa.Un large choix : du simple toit \u00e0 la structure compl\u00e8te.\",\"breadcrumb\":{\"@id\":\"https:\\\/\\\/www.keoutdoordesign.com\\\/fr-fr\\\/univers\\\/veranda\\\/#breadcrumb\"},\"inLanguage\":\"fr-FR\",\"potentialAction\":[{\"@type\":\"ReadAction\",\"target\":[\"https:\\\/\\\/www.keoutdoordesign.com\\\/fr-fr\\\/univers\\\/veranda\\\/\"]}]},{\"@type\":\"ImageObject\",\"inLanguage\":\"fr-FR\",\"@id\":\"https:\\\/\\\/www.keoutdoordesign.com\\\/fr-fr\\\/univers\\\/veranda\\\/#primaryimage\",\"url\":\"https:\\\/\\\/www.keoutdoordesign.com\\\/wp-content\\\/uploads\\\/2019\\\/05\\\/KE_Theatercafe_2.jpg\",\"contentUrl\":\"https:\\\/\\\/www.keoutdoordesign.com\\\/wp-content\\\/uploads\\\/2019\\\/05\\\/KE_Theatercafe_2.jpg\",\"width\":2048,\"height\":1080,\"caption\":\"Theatercafe \u00e0 Hasselt Gennius Isola 2\"},{\"@type\":\"BreadcrumbList\",\"@id\":\"https:\\\/\\\/www.keoutdoordesign.com\\\/fr-fr\\\/univers\\\/veranda\\\/#breadcrumb\",\"itemListElement\":[{\"@type\":\"ListItem\",\"position\":1,\"name\":\"Home\",\"item\":\"https:\\\/\\\/www.keoutdoordesign.com\\\/fr-fr\\\/\"},{\"@type\":\"ListItem\",\"position\":2,\"name\":\"Univers\",\"item\":\"https:\\\/\\\/www.keoutdoordesign.com\\\/fr-fr\\\/univers\\\/\"},{\"@type\":\"ListItem\",\"position\":3,\"name\":\"V\u00e9randa\"}]},{\"@type\":\"WebSite\",\"@id\":\"https:\\\/\\\/www.keoutdoordesign.com\\\/it-it\\\/#website\",\"url\":\"https:\\\/\\\/www.keoutdoordesign.com\\\/it-it\\\/\",\"name\":\"KE Outdoor Design\",\"description\":\"Un nuovo sito targato WordPress\",\"publisher\":{\"@id\":\"https:\\\/\\\/www.keoutdoordesign.com\\\/it-it\\\/#organization\"},\"potentialAction\":[{\"@type\":\"SearchAction\",\"target\":{\"@type\":\"EntryPoint\",\"urlTemplate\":\"https:\\\/\\\/www.keoutdoordesign.com\\\/it-it\\\/?s={search_term_string}\"},\"query-input\":{\"@type\":\"PropertyValueSpecification\",\"valueRequired\":true,\"valueName\":\"search_term_string\"}}],\"inLanguage\":\"fr-FR\"},{\"@type\":\"Organization\",\"@id\":\"https:\\\/\\\/www.keoutdoordesign.com\\\/it-it\\\/#organization\",\"name\":\"KE Outdoor Design\",\"url\":\"https:\\\/\\\/www.keoutdoordesign.com\\\/it-it\\\/\",\"logo\":{\"@type\":\"ImageObject\",\"inLanguage\":\"fr-FR\",\"@id\":\"https:\\\/\\\/www.keoutdoordesign.com\\\/it-it\\\/#\\\/schema\\\/logo\\\/image\\\/\",\"url\":\"https:\\\/\\\/www.keoutdoordesign.com\\\/wp-content\\\/uploads\\\/2020\\\/02\\\/KE-logo-Primary-e1591282842174.jpg\",\"contentUrl\":\"https:\\\/\\\/www.keoutdoordesign.com\\\/wp-content\\\/uploads\\\/2020\\\/02\\\/KE-logo-Primary-e1591282842174.jpg\",\"width\":500,\"height\":396,\"caption\":\"KE Outdoor Design\"},\"image\":{\"@id\":\"https:\\\/\\\/www.keoutdoordesign.com\\\/it-it\\\/#\\\/schema\\\/logo\\\/image\\\/\"},\"sameAs\":[\"https:\\\/\\\/www.facebook.com\\\/keoutdoordesign.us\",\"https:\\\/\\\/x.com\\\/keoutdoordesign\",\"https:\\\/\\\/www.facebook.com\\\/keoutdoordesign\",\"https:\\\/\\\/www.youtube.com\\\/channel\\\/UCSoMQryJpLqD53bAoZLg2Vg\",\"https:\\\/\\\/www.pinterest.it\\\/keoutdoordesign\\\/\",\"https:\\\/\\\/www.instagram.com\\\/keoutdoordesign\\\/\",\"https:\\\/\\\/www.linkedin.com\\\/company\\\/ke-outdoor-design\\\/\"]}]}<\/script>\n<!-- \/ Yoast SEO Premium plugin. -->","yoast_head_json":{"title":"V\u00e9randa -","description":"Un store pour v\u00e9randa est la solution id\u00e9ale pour apporter confort et design \u00e0 votre v\u00e9randa.Un large choix : du simple toit \u00e0 la structure compl\u00e8te.","robots":{"index":"index","follow":"follow","max-snippet":"max-snippet:-1","max-image-preview":"max-image-preview:large","max-video-preview":"max-video-preview:-1"},"canonical":"https:\/\/www.keoutdoordesign.com\/fr-fr\/univers\/veranda\/","og_locale":"fr_FR","og_type":"article","og_title":"V\u00e9randa","og_description":"Un store pour v\u00e9randa est la solution id\u00e9ale pour apporter confort et design \u00e0 votre v\u00e9randa.Un large choix : du simple toit \u00e0 la structure compl\u00e8te.","og_url":"https:\/\/www.keoutdoordesign.com\/fr-fr\/univers\/veranda\/","og_site_name":"KE Outdoor Design","article_publisher":"https:\/\/www.facebook.com\/keoutdoordesign.us","article_modified_time":"2022-11-22T13:24:17+00:00","og_image":[{"width":2048,"height":1080,"url":"https:\/\/www.keoutdoordesign.com\/wp-content\/uploads\/2019\/05\/KE_Theatercafe_2.jpg","type":"image\/jpeg"}],"twitter_card":"summary_large_image","twitter_site":"@keoutdoordesign","schema":{"@context":"https:\/\/schema.org","@graph":[{"@type":"WebPage","@id":"https:\/\/www.keoutdoordesign.com\/fr-fr\/univers\/veranda\/","url":"https:\/\/www.keoutdoordesign.com\/fr-fr\/univers\/veranda\/","name":"V\u00e9randa -","isPartOf":{"@id":"https:\/\/www.keoutdoordesign.com\/it-it\/#website"},"primaryImageOfPage":{"@id":"https:\/\/www.keoutdoordesign.com\/fr-fr\/univers\/veranda\/#primaryimage"},"image":{"@id":"https:\/\/www.keoutdoordesign.com\/fr-fr\/univers\/veranda\/#primaryimage"},"thumbnailUrl":"https:\/\/www.keoutdoordesign.com\/wp-content\/uploads\/2019\/05\/KE_Theatercafe_2.jpg","datePublished":"2019-06-10T13:14:48+00:00","dateModified":"2022-11-22T13:24:17+00:00","description":"Un store pour v\u00e9randa est la solution id\u00e9ale pour apporter confort et design \u00e0 votre v\u00e9randa.Un large choix : du simple toit \u00e0 la structure compl\u00e8te.","breadcrumb":{"@id":"https:\/\/www.keoutdoordesign.com\/fr-fr\/univers\/veranda\/#breadcrumb"},"inLanguage":"fr-FR","potentialAction":[{"@type":"ReadAction","target":["https:\/\/www.keoutdoordesign.com\/fr-fr\/univers\/veranda\/"]}]},{"@type":"ImageObject","inLanguage":"fr-FR","@id":"https:\/\/www.keoutdoordesign.com\/fr-fr\/univers\/veranda\/#primaryimage","url":"https:\/\/www.keoutdoordesign.com\/wp-content\/uploads\/2019\/05\/KE_Theatercafe_2.jpg","contentUrl":"https:\/\/www.keoutdoordesign.com\/wp-content\/uploads\/2019\/05\/KE_Theatercafe_2.jpg","width":2048,"height":1080,"caption":"Theatercafe \u00e0 Hasselt Gennius Isola 2"},{"@type":"BreadcrumbList","@id":"https:\/\/www.keoutdoordesign.com\/fr-fr\/univers\/veranda\/#breadcrumb","itemListElement":[{"@type":"ListItem","position":1,"name":"Home","item":"https:\/\/www.keoutdoordesign.com\/fr-fr\/"},{"@type":"ListItem","position":2,"name":"Univers","item":"https:\/\/www.keoutdoordesign.com\/fr-fr\/univers\/"},{"@type":"ListItem","position":3,"name":"V\u00e9randa"}]},{"@type":"WebSite","@id":"https:\/\/www.keoutdoordesign.com\/it-it\/#website","url":"https:\/\/www.keoutdoordesign.com\/it-it\/","name":"KE Outdoor Design","description":"Un nuovo sito targato WordPress","publisher":{"@id":"https:\/\/www.keoutdoordesign.com\/it-it\/#organization"},"potentialAction":[{"@type":"SearchAction","target":{"@type":"EntryPoint","urlTemplate":"https:\/\/www.keoutdoordesign.com\/it-it\/?s={search_term_string}"},"query-input":{"@type":"PropertyValueSpecification","valueRequired":true,"valueName":"search_term_string"}}],"inLanguage":"fr-FR"},{"@type":"Organization","@id":"https:\/\/www.keoutdoordesign.com\/it-it\/#organization","name":"KE Outdoor Design","url":"https:\/\/www.keoutdoordesign.com\/it-it\/","logo":{"@type":"ImageObject","inLanguage":"fr-FR","@id":"https:\/\/www.keoutdoordesign.com\/it-it\/#\/schema\/logo\/image\/","url":"https:\/\/www.keoutdoordesign.com\/wp-content\/uploads\/2020\/02\/KE-logo-Primary-e1591282842174.jpg","contentUrl":"https:\/\/www.keoutdoordesign.com\/wp-content\/uploads\/2020\/02\/KE-logo-Primary-e1591282842174.jpg","width":500,"height":396,"caption":"KE Outdoor Design"},"image":{"@id":"https:\/\/www.keoutdoordesign.com\/it-it\/#\/schema\/logo\/image\/"},"sameAs":["https:\/\/www.facebook.com\/keoutdoordesign.us","https:\/\/x.com\/keoutdoordesign","https:\/\/www.facebook.com\/keoutdoordesign","https:\/\/www.youtube.com\/channel\/UCSoMQryJpLqD53bAoZLg2Vg","https:\/\/www.pinterest.it\/keoutdoordesign\/","https:\/\/www.instagram.com\/keoutdoordesign\/","https:\/\/www.linkedin.com\/company\/ke-outdoor-design\/"]}]}},"_links":{"self":[{"href":"https:\/\/www.keoutdoordesign.com\/fr-fr\/wp-json\/wp\/v2\/pages\/5641","targetHints":{"allow":["GET"]}}],"collection":[{"href":"https:\/\/www.keoutdoordesign.com\/fr-fr\/wp-json\/wp\/v2\/pages"}],"about":[{"href":"https:\/\/www.keoutdoordesign.com\/fr-fr\/wp-json\/wp\/v2\/types\/page"}],"author":[{"embeddable":true,"href":"https:\/\/www.keoutdoordesign.com\/fr-fr\/wp-json\/wp\/v2\/users\/10608"}],"replies":[{"embeddable":true,"href":"https:\/\/www.keoutdoordesign.com\/fr-fr\/wp-json\/wp\/v2\/comments?post=5641"}],"version-history":[{"count":8,"href":"https:\/\/www.keoutdoordesign.com\/fr-fr\/wp-json\/wp\/v2\/pages\/5641\/revisions"}],"predecessor-version":[{"id":53927,"href":"https:\/\/www.keoutdoordesign.com\/fr-fr\/wp-json\/wp\/v2\/pages\/5641\/revisions\/53927"}],"up":[{"embeddable":true,"href":"https:\/\/www.keoutdoordesign.com\/fr-fr\/wp-json\/wp\/v2\/pages\/5635"}],"wp:featuredmedia":[{"embeddable":true,"href":"https:\/\/www.keoutdoordesign.com\/fr-fr\/wp-json\/wp\/v2\/media\/3813"}],"wp:attachment":[{"href":"https:\/\/www.keoutdoordesign.com\/fr-fr\/wp-json\/wp\/v2\/media?parent=5641"}],"curies":[{"name":"wp","href":"https:\/\/api.w.org\/{rel}","templated":true}]}}