{"id":5639,"date":"2019-06-10T15:14:23","date_gmt":"2019-06-10T13:14:23","guid":{"rendered":"http:\/\/ke.itpowernet.it\/?page_id=5639"},"modified":"2019-08-09T16:08:32","modified_gmt":"2019-08-09T14:08:32","slug":"fenetre","status":"publish","type":"page","link":"https:\/\/www.keoutdoordesign.com\/fr-fr\/univers\/fenetre\/","title":{"rendered":"Fen\u00eatre"},"content":{"rendered":"<p><strong>Comment apporter une ambiance dans vos pi\u00e8ces int\u00e9rieures, comment pr\u00e9server leur fra\u00eecheur en \u00e9t\u00e9? <\/strong>Nos stores ext\u00e9rieurs pour fen\u00eatres r\u00e9pondent \u00e0 ces besoins tout en apportant un design moderne \u00e0 l&rsquo;ext\u00e9rieur de votre maison.<\/p>\n<p>Ajuster l\u2019entr\u00e9e de la lumi\u00e8re dans une chambre ou une pi\u00e8ce de vie permet d\u2019en am\u00e9liorer le confort. Un\u00a0<strong>store ext\u00e9rieur pour fen\u00eatre<\/strong>\u00a0peut enti\u00e8rement changer votre quotidien de vie dans votre maison. Nos stores vous permettent de r\u00e9gler l\u2019intensit\u00e9 de la lumi\u00e8re qui p\u00e9n\u00e8tre dans vos pi\u00e8ces et de ne profiter de la chaleur et des rayons du soleil que lorsque vous en avez envie. Ils s\u2019ouvrent et se ferment tr\u00e8s facilement, de fa\u00e7on \u00e9lectrique ou manuelle.<\/p>\n<p>Les\u00a0<strong>stores ext\u00e9rieurs pour fen\u00eatres KE <\/strong>s\u2019installent sur tous les types et toutes les tailles de vitres. Leurs tissus performants, issus des derni\u00e8res recherches technologiques, sont \u00e0 la fois design et \u00e0 la fois<strong>\u00a0r\u00e9sistants et tr\u00e8s simples d\u2019entretien<\/strong>.<\/p>\n<p>&nbsp;<\/p>\n<p>Cr\u00e9ez votre propre espace de vie\u00a0: des centaines de tissus au choix pour votre store de fen\u00eatre vous garantissent une totale libert\u00e9 en associant votre store Screeny ou votre rideau vertical au design du b\u00e2timent dans lequel il s&rsquo;int\u00e8gre.<\/p>\n<p>&nbsp;<\/p>\n","protected":false},"excerpt":{"rendered":"<p>Comment apporter une ambiance dans vos pi\u00e8ces int\u00e9rieures, comment pr\u00e9server leur fra\u00eecheur en \u00e9t\u00e9? Nos stores ext\u00e9rieurs pour fen\u00eatres r\u00e9pondent&hellip;<\/p>\n","protected":false},"author":10608,"featured_media":2195,"parent":5635,"menu_order":16,"comment_status":"closed","ping_status":"closed","template":"page-templates\/environment.php","meta":{"_acf_changed":false,"footnotes":""},"class_list":["post-5639","page","type-page","status-publish","has-post-thumbnail","hentry"],"acf":[],"yoast_head":"<!-- This site is optimized with the Yoast SEO Premium plugin v20.12 (Yoast SEO v27.4) - https:\/\/yoast.com\/product\/yoast-seo-premium-wordpress\/ -->\n<title>Fen\u00eatre -<\/title>\n<meta name=\"description\" content=\"Pr\u00e9server vos pi\u00e8ces d&#039;un apport important en luminosit\u00e9 ou chaleur, ou vous assurer intimit\u00e9. Nos stores ext\u00e9rieurs pour fen\u00eatres sont votre solution.\" \/>\n<meta name=\"robots\" content=\"index, follow, max-snippet:-1, max-image-preview:large, max-video-preview:-1\" \/>\n<link rel=\"canonical\" href=\"https:\/\/www.keoutdoordesign.com\/fr-fr\/univers\/fenetre\/\" \/>\n<meta property=\"og:locale\" content=\"fr_FR\" \/>\n<meta property=\"og:type\" content=\"article\" \/>\n<meta property=\"og:title\" content=\"Fen\u00eatre\" \/>\n<meta property=\"og:description\" content=\"Pr\u00e9server vos pi\u00e8ces d&#039;un apport important en luminosit\u00e9 ou chaleur, ou vous assurer intimit\u00e9. Nos stores ext\u00e9rieurs pour fen\u00eatres sont votre solution.\" \/>\n<meta property=\"og:url\" content=\"https:\/\/www.keoutdoordesign.com\/fr-fr\/univers\/fenetre\/\" \/>\n<meta property=\"og:site_name\" content=\"KE Outdoor Design\" \/>\n<meta property=\"article:publisher\" content=\"https:\/\/www.facebook.com\/keoutdoordesign.us\" \/>\n<meta property=\"article:modified_time\" content=\"2019-08-09T14:08:32+00:00\" \/>\n<meta property=\"og:image\" content=\"https:\/\/www.keoutdoordesign.com\/wp-content\/uploads\/2019\/05\/ke_outdoor_design_tende_a_rullo_screeny_110_GA_cabrio_S16_1.jpg\" \/>\n\t<meta property=\"og:image:width\" content=\"2000\" \/>\n\t<meta property=\"og:image:height\" content=\"1281\" \/>\n\t<meta property=\"og:image:type\" content=\"image\/jpeg\" \/>\n<meta name=\"twitter:card\" content=\"summary_large_image\" \/>\n<meta name=\"twitter:site\" content=\"@keoutdoordesign\" \/>\n<script type=\"application\/ld+json\" class=\"yoast-schema-graph\">{\"@context\":\"https:\\\/\\\/schema.org\",\"@graph\":[{\"@type\":\"WebPage\",\"@id\":\"https:\\\/\\\/www.keoutdoordesign.com\\\/fr-fr\\\/univers\\\/fenetre\\\/\",\"url\":\"https:\\\/\\\/www.keoutdoordesign.com\\\/fr-fr\\\/univers\\\/fenetre\\\/\",\"name\":\"Fen\u00eatre -\",\"isPartOf\":{\"@id\":\"https:\\\/\\\/www.keoutdoordesign.com\\\/it-it\\\/#website\"},\"primaryImageOfPage\":{\"@id\":\"https:\\\/\\\/www.keoutdoordesign.com\\\/fr-fr\\\/univers\\\/fenetre\\\/#primaryimage\"},\"image\":{\"@id\":\"https:\\\/\\\/www.keoutdoordesign.com\\\/fr-fr\\\/univers\\\/fenetre\\\/#primaryimage\"},\"thumbnailUrl\":\"https:\\\/\\\/www.keoutdoordesign.com\\\/wp-content\\\/uploads\\\/2019\\\/05\\\/ke_outdoor_design_tende_a_rullo_screeny_110_GA_cabrio_S16_1.jpg\",\"datePublished\":\"2019-06-10T13:14:23+00:00\",\"dateModified\":\"2019-08-09T14:08:32+00:00\",\"description\":\"Pr\u00e9server vos pi\u00e8ces d'un apport important en luminosit\u00e9 ou chaleur, ou vous assurer intimit\u00e9. Nos stores ext\u00e9rieurs pour fen\u00eatres sont votre solution.\",\"breadcrumb\":{\"@id\":\"https:\\\/\\\/www.keoutdoordesign.com\\\/fr-fr\\\/univers\\\/fenetre\\\/#breadcrumb\"},\"inLanguage\":\"fr-FR\",\"potentialAction\":[{\"@type\":\"ReadAction\",\"target\":[\"https:\\\/\\\/www.keoutdoordesign.com\\\/fr-fr\\\/univers\\\/fenetre\\\/\"]}]},{\"@type\":\"ImageObject\",\"inLanguage\":\"fr-FR\",\"@id\":\"https:\\\/\\\/www.keoutdoordesign.com\\\/fr-fr\\\/univers\\\/fenetre\\\/#primaryimage\",\"url\":\"https:\\\/\\\/www.keoutdoordesign.com\\\/wp-content\\\/uploads\\\/2019\\\/05\\\/ke_outdoor_design_tende_a_rullo_screeny_110_GA_cabrio_S16_1.jpg\",\"contentUrl\":\"https:\\\/\\\/www.keoutdoordesign.com\\\/wp-content\\\/uploads\\\/2019\\\/05\\\/ke_outdoor_design_tende_a_rullo_screeny_110_GA_cabrio_S16_1.jpg\",\"width\":2000,\"height\":1281,\"caption\":\"Stores verticaux et Screeny 110 GA Cabrio\"},{\"@type\":\"BreadcrumbList\",\"@id\":\"https:\\\/\\\/www.keoutdoordesign.com\\\/fr-fr\\\/univers\\\/fenetre\\\/#breadcrumb\",\"itemListElement\":[{\"@type\":\"ListItem\",\"position\":1,\"name\":\"Home\",\"item\":\"https:\\\/\\\/www.keoutdoordesign.com\\\/fr-fr\\\/\"},{\"@type\":\"ListItem\",\"position\":2,\"name\":\"Univers\",\"item\":\"https:\\\/\\\/www.keoutdoordesign.com\\\/fr-fr\\\/univers\\\/\"},{\"@type\":\"ListItem\",\"position\":3,\"name\":\"Fen\u00eatre\"}]},{\"@type\":\"WebSite\",\"@id\":\"https:\\\/\\\/www.keoutdoordesign.com\\\/it-it\\\/#website\",\"url\":\"https:\\\/\\\/www.keoutdoordesign.com\\\/it-it\\\/\",\"name\":\"KE Outdoor Design\",\"description\":\"Un nuovo sito targato WordPress\",\"publisher\":{\"@id\":\"https:\\\/\\\/www.keoutdoordesign.com\\\/it-it\\\/#organization\"},\"potentialAction\":[{\"@type\":\"SearchAction\",\"target\":{\"@type\":\"EntryPoint\",\"urlTemplate\":\"https:\\\/\\\/www.keoutdoordesign.com\\\/it-it\\\/?s={search_term_string}\"},\"query-input\":{\"@type\":\"PropertyValueSpecification\",\"valueRequired\":true,\"valueName\":\"search_term_string\"}}],\"inLanguage\":\"fr-FR\"},{\"@type\":\"Organization\",\"@id\":\"https:\\\/\\\/www.keoutdoordesign.com\\\/it-it\\\/#organization\",\"name\":\"KE Outdoor Design\",\"url\":\"https:\\\/\\\/www.keoutdoordesign.com\\\/it-it\\\/\",\"logo\":{\"@type\":\"ImageObject\",\"inLanguage\":\"fr-FR\",\"@id\":\"https:\\\/\\\/www.keoutdoordesign.com\\\/it-it\\\/#\\\/schema\\\/logo\\\/image\\\/\",\"url\":\"https:\\\/\\\/www.keoutdoordesign.com\\\/wp-content\\\/uploads\\\/2020\\\/02\\\/KE-logo-Primary-e1591282842174.jpg\",\"contentUrl\":\"https:\\\/\\\/www.keoutdoordesign.com\\\/wp-content\\\/uploads\\\/2020\\\/02\\\/KE-logo-Primary-e1591282842174.jpg\",\"width\":500,\"height\":396,\"caption\":\"KE Outdoor Design\"},\"image\":{\"@id\":\"https:\\\/\\\/www.keoutdoordesign.com\\\/it-it\\\/#\\\/schema\\\/logo\\\/image\\\/\"},\"sameAs\":[\"https:\\\/\\\/www.facebook.com\\\/keoutdoordesign.us\",\"https:\\\/\\\/x.com\\\/keoutdoordesign\",\"https:\\\/\\\/www.facebook.com\\\/keoutdoordesign\",\"https:\\\/\\\/www.youtube.com\\\/channel\\\/UCSoMQryJpLqD53bAoZLg2Vg\",\"https:\\\/\\\/www.pinterest.it\\\/keoutdoordesign\\\/\",\"https:\\\/\\\/www.instagram.com\\\/keoutdoordesign\\\/\",\"https:\\\/\\\/www.linkedin.com\\\/company\\\/ke-outdoor-design\\\/\"]}]}<\/script>\n<!-- \/ Yoast SEO Premium plugin. -->","yoast_head_json":{"title":"Fen\u00eatre -","description":"Pr\u00e9server vos pi\u00e8ces d'un apport important en luminosit\u00e9 ou chaleur, ou vous assurer intimit\u00e9. Nos stores ext\u00e9rieurs pour fen\u00eatres sont votre solution.","robots":{"index":"index","follow":"follow","max-snippet":"max-snippet:-1","max-image-preview":"max-image-preview:large","max-video-preview":"max-video-preview:-1"},"canonical":"https:\/\/www.keoutdoordesign.com\/fr-fr\/univers\/fenetre\/","og_locale":"fr_FR","og_type":"article","og_title":"Fen\u00eatre","og_description":"Pr\u00e9server vos pi\u00e8ces d'un apport important en luminosit\u00e9 ou chaleur, ou vous assurer intimit\u00e9. Nos stores ext\u00e9rieurs pour fen\u00eatres sont votre solution.","og_url":"https:\/\/www.keoutdoordesign.com\/fr-fr\/univers\/fenetre\/","og_site_name":"KE Outdoor Design","article_publisher":"https:\/\/www.facebook.com\/keoutdoordesign.us","article_modified_time":"2019-08-09T14:08:32+00:00","og_image":[{"width":2000,"height":1281,"url":"https:\/\/www.keoutdoordesign.com\/wp-content\/uploads\/2019\/05\/ke_outdoor_design_tende_a_rullo_screeny_110_GA_cabrio_S16_1.jpg","type":"image\/jpeg"}],"twitter_card":"summary_large_image","twitter_site":"@keoutdoordesign","schema":{"@context":"https:\/\/schema.org","@graph":[{"@type":"WebPage","@id":"https:\/\/www.keoutdoordesign.com\/fr-fr\/univers\/fenetre\/","url":"https:\/\/www.keoutdoordesign.com\/fr-fr\/univers\/fenetre\/","name":"Fen\u00eatre -","isPartOf":{"@id":"https:\/\/www.keoutdoordesign.com\/it-it\/#website"},"primaryImageOfPage":{"@id":"https:\/\/www.keoutdoordesign.com\/fr-fr\/univers\/fenetre\/#primaryimage"},"image":{"@id":"https:\/\/www.keoutdoordesign.com\/fr-fr\/univers\/fenetre\/#primaryimage"},"thumbnailUrl":"https:\/\/www.keoutdoordesign.com\/wp-content\/uploads\/2019\/05\/ke_outdoor_design_tende_a_rullo_screeny_110_GA_cabrio_S16_1.jpg","datePublished":"2019-06-10T13:14:23+00:00","dateModified":"2019-08-09T14:08:32+00:00","description":"Pr\u00e9server vos pi\u00e8ces d'un apport important en luminosit\u00e9 ou chaleur, ou vous assurer intimit\u00e9. Nos stores ext\u00e9rieurs pour fen\u00eatres sont votre solution.","breadcrumb":{"@id":"https:\/\/www.keoutdoordesign.com\/fr-fr\/univers\/fenetre\/#breadcrumb"},"inLanguage":"fr-FR","potentialAction":[{"@type":"ReadAction","target":["https:\/\/www.keoutdoordesign.com\/fr-fr\/univers\/fenetre\/"]}]},{"@type":"ImageObject","inLanguage":"fr-FR","@id":"https:\/\/www.keoutdoordesign.com\/fr-fr\/univers\/fenetre\/#primaryimage","url":"https:\/\/www.keoutdoordesign.com\/wp-content\/uploads\/2019\/05\/ke_outdoor_design_tende_a_rullo_screeny_110_GA_cabrio_S16_1.jpg","contentUrl":"https:\/\/www.keoutdoordesign.com\/wp-content\/uploads\/2019\/05\/ke_outdoor_design_tende_a_rullo_screeny_110_GA_cabrio_S16_1.jpg","width":2000,"height":1281,"caption":"Stores verticaux et Screeny 110 GA Cabrio"},{"@type":"BreadcrumbList","@id":"https:\/\/www.keoutdoordesign.com\/fr-fr\/univers\/fenetre\/#breadcrumb","itemListElement":[{"@type":"ListItem","position":1,"name":"Home","item":"https:\/\/www.keoutdoordesign.com\/fr-fr\/"},{"@type":"ListItem","position":2,"name":"Univers","item":"https:\/\/www.keoutdoordesign.com\/fr-fr\/univers\/"},{"@type":"ListItem","position":3,"name":"Fen\u00eatre"}]},{"@type":"WebSite","@id":"https:\/\/www.keoutdoordesign.com\/it-it\/#website","url":"https:\/\/www.keoutdoordesign.com\/it-it\/","name":"KE Outdoor Design","description":"Un nuovo sito targato WordPress","publisher":{"@id":"https:\/\/www.keoutdoordesign.com\/it-it\/#organization"},"potentialAction":[{"@type":"SearchAction","target":{"@type":"EntryPoint","urlTemplate":"https:\/\/www.keoutdoordesign.com\/it-it\/?s={search_term_string}"},"query-input":{"@type":"PropertyValueSpecification","valueRequired":true,"valueName":"search_term_string"}}],"inLanguage":"fr-FR"},{"@type":"Organization","@id":"https:\/\/www.keoutdoordesign.com\/it-it\/#organization","name":"KE Outdoor Design","url":"https:\/\/www.keoutdoordesign.com\/it-it\/","logo":{"@type":"ImageObject","inLanguage":"fr-FR","@id":"https:\/\/www.keoutdoordesign.com\/it-it\/#\/schema\/logo\/image\/","url":"https:\/\/www.keoutdoordesign.com\/wp-content\/uploads\/2020\/02\/KE-logo-Primary-e1591282842174.jpg","contentUrl":"https:\/\/www.keoutdoordesign.com\/wp-content\/uploads\/2020\/02\/KE-logo-Primary-e1591282842174.jpg","width":500,"height":396,"caption":"KE Outdoor Design"},"image":{"@id":"https:\/\/www.keoutdoordesign.com\/it-it\/#\/schema\/logo\/image\/"},"sameAs":["https:\/\/www.facebook.com\/keoutdoordesign.us","https:\/\/x.com\/keoutdoordesign","https:\/\/www.facebook.com\/keoutdoordesign","https:\/\/www.youtube.com\/channel\/UCSoMQryJpLqD53bAoZLg2Vg","https:\/\/www.pinterest.it\/keoutdoordesign\/","https:\/\/www.instagram.com\/keoutdoordesign\/","https:\/\/www.linkedin.com\/company\/ke-outdoor-design\/"]}]}},"_links":{"self":[{"href":"https:\/\/www.keoutdoordesign.com\/fr-fr\/wp-json\/wp\/v2\/pages\/5639","targetHints":{"allow":["GET"]}}],"collection":[{"href":"https:\/\/www.keoutdoordesign.com\/fr-fr\/wp-json\/wp\/v2\/pages"}],"about":[{"href":"https:\/\/www.keoutdoordesign.com\/fr-fr\/wp-json\/wp\/v2\/types\/page"}],"author":[{"embeddable":true,"href":"https:\/\/www.keoutdoordesign.com\/fr-fr\/wp-json\/wp\/v2\/users\/10608"}],"replies":[{"embeddable":true,"href":"https:\/\/www.keoutdoordesign.com\/fr-fr\/wp-json\/wp\/v2\/comments?post=5639"}],"version-history":[{"count":12,"href":"https:\/\/www.keoutdoordesign.com\/fr-fr\/wp-json\/wp\/v2\/pages\/5639\/revisions"}],"predecessor-version":[{"id":13586,"href":"https:\/\/www.keoutdoordesign.com\/fr-fr\/wp-json\/wp\/v2\/pages\/5639\/revisions\/13586"}],"up":[{"embeddable":true,"href":"https:\/\/www.keoutdoordesign.com\/fr-fr\/wp-json\/wp\/v2\/pages\/5635"}],"wp:featuredmedia":[{"embeddable":true,"href":"https:\/\/www.keoutdoordesign.com\/fr-fr\/wp-json\/wp\/v2\/media\/2195"}],"wp:attachment":[{"href":"https:\/\/www.keoutdoordesign.com\/fr-fr\/wp-json\/wp\/v2\/media?parent=5639"}],"curies":[{"name":"wp","href":"https:\/\/api.w.org\/{rel}","templated":true}]}}