{"id":5637,"date":"2019-06-10T15:14:17","date_gmt":"2019-06-10T13:14:17","guid":{"rendered":"http:\/\/ke.itpowernet.it\/?page_id=5637"},"modified":"2021-08-27T13:31:42","modified_gmt":"2021-08-27T11:31:42","slug":"terrasse","status":"publish","type":"page","link":"https:\/\/www.keoutdoordesign.com\/fr-fr\/univers\/terrasse\/","title":{"rendered":"Terrasse"},"content":{"rendered":"<p>&nbsp;<\/p>\n<p>Installer des <strong>protections pour terrasse<\/strong> est un vrai atout. La terrasse est une partie importante de votre maison ou de votre espace commercial: c\u2019est une ouverture sur l\u2019ext\u00e9rieur, une vue sur des paysages agr\u00e9ables, en centre-ville ou face \u00e0 la mer, immerg\u00e9e dans la nature ou surplombant des places et des monuments.<\/p>\n<p>Une terrasse est un v\u00e9ritable avantage d\u00e8s lors qu\u2019elle est bien abrit\u00e9e du soleil comme des regards. En cela, nos protections pour terrasse, qu\u2019il s\u2019agisse de <strong>pergolas bioclimatiques, de store brise-vue ou de stores adoss\u00e9s au mur<\/strong>, vous permettent de tirer le meilleur parti des espaces, de vous prot\u00e9ger de la pluie, du vent ou de l\u2019humidit\u00e9 et d\u2019obtenir de pr\u00e9cieuses zones ombrag\u00e9es.<\/p>\n<p>Les dispositifs ext\u00e9rieurs pens\u00e9s et con\u00e7us par KE sont des bijoux de technologie, fiables et r\u00e9sistants. Ils permettent de transformer n\u2019importe quel espace ext\u00e9rieur en pi\u00e8ce de vie suppl\u00e9mentaire utile, agr\u00e9able et accessible, et ce par toutes saisons.<\/p>\n<p>Les\u00a0<strong>stores et pergolas pour terrasses<\/strong>\u00a0KE sont fabriqu\u00e9s sur-mesure en France et s\u2019adaptent \u00e0 tous vos ext\u00e9rieurs selon vos go\u00fbts et vos besoins.<\/p>\n<p>La personnalisation de la structure et le choix des tissus utilis\u00e9s, les syst\u00e8mes d&rsquo;ouverture et les dimensions vous permettront de cr\u00e9er des projets \u00e9l\u00e9gants qui s&rsquo;int\u00e8grent parfaitement aux environnements d\u00e9di\u00e9s publics comme priv\u00e9s.<\/p>\n<p>Et pour les professionnels, certains produits vous offre la possibilit\u00e9 de mettre votre identit\u00e9 visuelle sur un lambrequin. Ce qui vous permettra de gagner en visibilit\u00e9.<\/p>\n<p>&nbsp;<\/p>\n<p>&#8211;&gt; Les <strong>pergolas de terrasse Gennius<\/strong>, par exemple, sont id\u00e9ales pour les h\u00f4tels et restaurants de luxe. Gr\u00e2ce \u00e0 des couvertures flexibles et design, ils cr\u00e9eront de nouveaux espaces pour accueillir leurs clients.<\/p>\n<p>&#8211;&gt; Les <a href=\"\/?page_id=4610\"><strong>stores \u00e0 coffre Qubica<\/strong><\/a> sont id\u00e9ales pour couvrir petites, grandes ou larges terrasses et sont personnalisables pour s&rsquo;adapter parfaitement au style de votre b\u00e2timent<\/p>\n<p>&nbsp;<\/p>\n","protected":false},"excerpt":{"rendered":"<p>&nbsp; Installer des protections pour terrasse est un vrai atout. La terrasse est une partie importante de votre maison ou&hellip;<\/p>\n","protected":false},"author":10608,"featured_media":40075,"parent":5635,"menu_order":15,"comment_status":"closed","ping_status":"closed","template":"page-templates\/environment.php","meta":{"_acf_changed":false,"footnotes":""},"class_list":["post-5637","page","type-page","status-publish","has-post-thumbnail","hentry"],"acf":[],"yoast_head":"<!-- This site is optimized with the Yoast SEO Premium plugin v20.12 (Yoast SEO v27.0) - https:\/\/yoast.com\/product\/yoast-seo-premium-wordpress\/ -->\n<title>Coperture e Pergole per Terrazzi - KE Outdoor Design<\/title>\n<meta name=\"description\" content=\"Bien am\u00e9nager sa terrasse peut cr\u00e9er un vrai coin de paradis. Nos protections pour terrasse ont \u00e9t\u00e9 sp\u00e9cialement pens\u00e9es pour cr\u00e9er intimit\u00e9 et confort.\" \/>\n<meta name=\"robots\" content=\"index, follow, max-snippet:-1, max-image-preview:large, max-video-preview:-1\" \/>\n<link rel=\"canonical\" href=\"https:\/\/www.keoutdoordesign.com\/fr-fr\/univers\/terrasse\/\" \/>\n<meta property=\"og:locale\" content=\"fr_FR\" \/>\n<meta property=\"og:type\" content=\"article\" \/>\n<meta property=\"og:title\" content=\"Terrasse\" \/>\n<meta property=\"og:description\" content=\"Bien am\u00e9nager sa terrasse peut cr\u00e9er un vrai coin de paradis. Nos protections pour terrasse ont \u00e9t\u00e9 sp\u00e9cialement pens\u00e9es pour cr\u00e9er intimit\u00e9 et confort.\" \/>\n<meta property=\"og:url\" content=\"https:\/\/www.keoutdoordesign.com\/fr-fr\/univers\/terrasse\/\" \/>\n<meta property=\"og:site_name\" content=\"KE Outdoor Design\" \/>\n<meta property=\"article:publisher\" content=\"https:\/\/www.facebook.com\/keoutdoordesign.us\" \/>\n<meta property=\"article:modified_time\" content=\"2021-08-27T11:31:42+00:00\" \/>\n<meta property=\"og:image\" content=\"https:\/\/www.keoutdoordesign.com\/wp-content\/uploads\/2021\/08\/tenda-a-vela-avvolgibile-bianca-vela-ombreggiante-kolibrie-ke-outdoor-design-8.jpg\" \/>\n\t<meta property=\"og:image:width\" content=\"1200\" \/>\n\t<meta property=\"og:image:height\" content=\"675\" \/>\n\t<meta property=\"og:image:type\" content=\"image\/jpeg\" \/>\n<meta name=\"twitter:card\" content=\"summary_large_image\" \/>\n<meta name=\"twitter:site\" content=\"@keoutdoordesign\" \/>\n<script type=\"application\/ld+json\" class=\"yoast-schema-graph\">{\"@context\":\"https:\/\/schema.org\",\"@graph\":[{\"@type\":\"WebPage\",\"@id\":\"https:\/\/www.keoutdoordesign.com\/fr-fr\/univers\/terrasse\/\",\"url\":\"https:\/\/www.keoutdoordesign.com\/fr-fr\/univers\/terrasse\/\",\"name\":\"Coperture e Pergole per Terrazzi - KE Outdoor Design\",\"isPartOf\":{\"@id\":\"https:\/\/www.keoutdoordesign.com\/it-it\/#website\"},\"primaryImageOfPage\":{\"@id\":\"https:\/\/www.keoutdoordesign.com\/fr-fr\/univers\/terrasse\/#primaryimage\"},\"image\":{\"@id\":\"https:\/\/www.keoutdoordesign.com\/fr-fr\/univers\/terrasse\/#primaryimage\"},\"thumbnailUrl\":\"https:\/\/www.keoutdoordesign.com\/wp-content\/uploads\/2021\/08\/tenda-a-vela-avvolgibile-bianca-vela-ombreggiante-kolibrie-ke-outdoor-design-8.jpg\",\"datePublished\":\"2019-06-10T13:14:17+00:00\",\"dateModified\":\"2021-08-27T11:31:42+00:00\",\"description\":\"Bien am\u00e9nager sa terrasse peut cr\u00e9er un vrai coin de paradis. Nos protections pour terrasse ont \u00e9t\u00e9 sp\u00e9cialement pens\u00e9es pour cr\u00e9er intimit\u00e9 et confort.\",\"breadcrumb\":{\"@id\":\"https:\/\/www.keoutdoordesign.com\/fr-fr\/univers\/terrasse\/#breadcrumb\"},\"inLanguage\":\"fr-FR\",\"potentialAction\":[{\"@type\":\"ReadAction\",\"target\":[\"https:\/\/www.keoutdoordesign.com\/fr-fr\/univers\/terrasse\/\"]}]},{\"@type\":\"ImageObject\",\"inLanguage\":\"fr-FR\",\"@id\":\"https:\/\/www.keoutdoordesign.com\/fr-fr\/univers\/terrasse\/#primaryimage\",\"url\":\"https:\/\/www.keoutdoordesign.com\/wp-content\/uploads\/2021\/08\/tenda-a-vela-avvolgibile-bianca-vela-ombreggiante-kolibrie-ke-outdoor-design-8.jpg\",\"contentUrl\":\"https:\/\/www.keoutdoordesign.com\/wp-content\/uploads\/2021\/08\/tenda-a-vela-avvolgibile-bianca-vela-ombreggiante-kolibrie-ke-outdoor-design-8.jpg\",\"width\":1200,\"height\":675,\"caption\":\"tente un abat-jour blanc roulant transparent kolibrie ke design ext\u00e9rieur\"},{\"@type\":\"BreadcrumbList\",\"@id\":\"https:\/\/www.keoutdoordesign.com\/fr-fr\/univers\/terrasse\/#breadcrumb\",\"itemListElement\":[{\"@type\":\"ListItem\",\"position\":1,\"name\":\"Home\",\"item\":\"https:\/\/www.keoutdoordesign.com\/fr-fr\/\"},{\"@type\":\"ListItem\",\"position\":2,\"name\":\"Univers\",\"item\":\"https:\/\/www.keoutdoordesign.com\/fr-fr\/univers\/\"},{\"@type\":\"ListItem\",\"position\":3,\"name\":\"Terrasse\"}]},{\"@type\":\"WebSite\",\"@id\":\"https:\/\/www.keoutdoordesign.com\/it-it\/#website\",\"url\":\"https:\/\/www.keoutdoordesign.com\/it-it\/\",\"name\":\"KE Outdoor Design\",\"description\":\"Un nuovo sito targato WordPress\",\"publisher\":{\"@id\":\"https:\/\/www.keoutdoordesign.com\/it-it\/#organization\"},\"potentialAction\":[{\"@type\":\"SearchAction\",\"target\":{\"@type\":\"EntryPoint\",\"urlTemplate\":\"https:\/\/www.keoutdoordesign.com\/it-it\/?s={search_term_string}\"},\"query-input\":{\"@type\":\"PropertyValueSpecification\",\"valueRequired\":true,\"valueName\":\"search_term_string\"}}],\"inLanguage\":\"fr-FR\"},{\"@type\":\"Organization\",\"@id\":\"https:\/\/www.keoutdoordesign.com\/it-it\/#organization\",\"name\":\"KE Outdoor Design\",\"url\":\"https:\/\/www.keoutdoordesign.com\/it-it\/\",\"logo\":{\"@type\":\"ImageObject\",\"inLanguage\":\"fr-FR\",\"@id\":\"https:\/\/www.keoutdoordesign.com\/it-it\/#\/schema\/logo\/image\/\",\"url\":\"https:\/\/www.keoutdoordesign.com\/wp-content\/uploads\/2020\/02\/KE-logo-Primary-e1591282842174.jpg\",\"contentUrl\":\"https:\/\/www.keoutdoordesign.com\/wp-content\/uploads\/2020\/02\/KE-logo-Primary-e1591282842174.jpg\",\"width\":500,\"height\":396,\"caption\":\"KE Outdoor Design\"},\"image\":{\"@id\":\"https:\/\/www.keoutdoordesign.com\/it-it\/#\/schema\/logo\/image\/\"},\"sameAs\":[\"https:\/\/www.facebook.com\/keoutdoordesign.us\",\"https:\/\/x.com\/keoutdoordesign\",\"https:\/\/www.facebook.com\/keoutdoordesign\",\"https:\/\/www.youtube.com\/channel\/UCSoMQryJpLqD53bAoZLg2Vg\",\"https:\/\/www.pinterest.it\/keoutdoordesign\/\",\"https:\/\/www.instagram.com\/keoutdoordesign\/\",\"https:\/\/www.linkedin.com\/company\/ke-outdoor-design\/\"]}]}<\/script>\n<!-- \/ Yoast SEO Premium plugin. -->","yoast_head_json":{"title":"Coperture e Pergole per Terrazzi - KE Outdoor Design","description":"Bien am\u00e9nager sa terrasse peut cr\u00e9er un vrai coin de paradis. Nos protections pour terrasse ont \u00e9t\u00e9 sp\u00e9cialement pens\u00e9es pour cr\u00e9er intimit\u00e9 et confort.","robots":{"index":"index","follow":"follow","max-snippet":"max-snippet:-1","max-image-preview":"max-image-preview:large","max-video-preview":"max-video-preview:-1"},"canonical":"https:\/\/www.keoutdoordesign.com\/fr-fr\/univers\/terrasse\/","og_locale":"fr_FR","og_type":"article","og_title":"Terrasse","og_description":"Bien am\u00e9nager sa terrasse peut cr\u00e9er un vrai coin de paradis. Nos protections pour terrasse ont \u00e9t\u00e9 sp\u00e9cialement pens\u00e9es pour cr\u00e9er intimit\u00e9 et confort.","og_url":"https:\/\/www.keoutdoordesign.com\/fr-fr\/univers\/terrasse\/","og_site_name":"KE Outdoor Design","article_publisher":"https:\/\/www.facebook.com\/keoutdoordesign.us","article_modified_time":"2021-08-27T11:31:42+00:00","og_image":[{"width":1200,"height":675,"url":"https:\/\/www.keoutdoordesign.com\/wp-content\/uploads\/2021\/08\/tenda-a-vela-avvolgibile-bianca-vela-ombreggiante-kolibrie-ke-outdoor-design-8.jpg","type":"image\/jpeg"}],"twitter_card":"summary_large_image","twitter_site":"@keoutdoordesign","schema":{"@context":"https:\/\/schema.org","@graph":[{"@type":"WebPage","@id":"https:\/\/www.keoutdoordesign.com\/fr-fr\/univers\/terrasse\/","url":"https:\/\/www.keoutdoordesign.com\/fr-fr\/univers\/terrasse\/","name":"Coperture e Pergole per Terrazzi - KE Outdoor Design","isPartOf":{"@id":"https:\/\/www.keoutdoordesign.com\/it-it\/#website"},"primaryImageOfPage":{"@id":"https:\/\/www.keoutdoordesign.com\/fr-fr\/univers\/terrasse\/#primaryimage"},"image":{"@id":"https:\/\/www.keoutdoordesign.com\/fr-fr\/univers\/terrasse\/#primaryimage"},"thumbnailUrl":"https:\/\/www.keoutdoordesign.com\/wp-content\/uploads\/2021\/08\/tenda-a-vela-avvolgibile-bianca-vela-ombreggiante-kolibrie-ke-outdoor-design-8.jpg","datePublished":"2019-06-10T13:14:17+00:00","dateModified":"2021-08-27T11:31:42+00:00","description":"Bien am\u00e9nager sa terrasse peut cr\u00e9er un vrai coin de paradis. Nos protections pour terrasse ont \u00e9t\u00e9 sp\u00e9cialement pens\u00e9es pour cr\u00e9er intimit\u00e9 et confort.","breadcrumb":{"@id":"https:\/\/www.keoutdoordesign.com\/fr-fr\/univers\/terrasse\/#breadcrumb"},"inLanguage":"fr-FR","potentialAction":[{"@type":"ReadAction","target":["https:\/\/www.keoutdoordesign.com\/fr-fr\/univers\/terrasse\/"]}]},{"@type":"ImageObject","inLanguage":"fr-FR","@id":"https:\/\/www.keoutdoordesign.com\/fr-fr\/univers\/terrasse\/#primaryimage","url":"https:\/\/www.keoutdoordesign.com\/wp-content\/uploads\/2021\/08\/tenda-a-vela-avvolgibile-bianca-vela-ombreggiante-kolibrie-ke-outdoor-design-8.jpg","contentUrl":"https:\/\/www.keoutdoordesign.com\/wp-content\/uploads\/2021\/08\/tenda-a-vela-avvolgibile-bianca-vela-ombreggiante-kolibrie-ke-outdoor-design-8.jpg","width":1200,"height":675,"caption":"tente un abat-jour blanc roulant transparent kolibrie ke design ext\u00e9rieur"},{"@type":"BreadcrumbList","@id":"https:\/\/www.keoutdoordesign.com\/fr-fr\/univers\/terrasse\/#breadcrumb","itemListElement":[{"@type":"ListItem","position":1,"name":"Home","item":"https:\/\/www.keoutdoordesign.com\/fr-fr\/"},{"@type":"ListItem","position":2,"name":"Univers","item":"https:\/\/www.keoutdoordesign.com\/fr-fr\/univers\/"},{"@type":"ListItem","position":3,"name":"Terrasse"}]},{"@type":"WebSite","@id":"https:\/\/www.keoutdoordesign.com\/it-it\/#website","url":"https:\/\/www.keoutdoordesign.com\/it-it\/","name":"KE Outdoor Design","description":"Un nuovo sito targato WordPress","publisher":{"@id":"https:\/\/www.keoutdoordesign.com\/it-it\/#organization"},"potentialAction":[{"@type":"SearchAction","target":{"@type":"EntryPoint","urlTemplate":"https:\/\/www.keoutdoordesign.com\/it-it\/?s={search_term_string}"},"query-input":{"@type":"PropertyValueSpecification","valueRequired":true,"valueName":"search_term_string"}}],"inLanguage":"fr-FR"},{"@type":"Organization","@id":"https:\/\/www.keoutdoordesign.com\/it-it\/#organization","name":"KE Outdoor Design","url":"https:\/\/www.keoutdoordesign.com\/it-it\/","logo":{"@type":"ImageObject","inLanguage":"fr-FR","@id":"https:\/\/www.keoutdoordesign.com\/it-it\/#\/schema\/logo\/image\/","url":"https:\/\/www.keoutdoordesign.com\/wp-content\/uploads\/2020\/02\/KE-logo-Primary-e1591282842174.jpg","contentUrl":"https:\/\/www.keoutdoordesign.com\/wp-content\/uploads\/2020\/02\/KE-logo-Primary-e1591282842174.jpg","width":500,"height":396,"caption":"KE Outdoor Design"},"image":{"@id":"https:\/\/www.keoutdoordesign.com\/it-it\/#\/schema\/logo\/image\/"},"sameAs":["https:\/\/www.facebook.com\/keoutdoordesign.us","https:\/\/x.com\/keoutdoordesign","https:\/\/www.facebook.com\/keoutdoordesign","https:\/\/www.youtube.com\/channel\/UCSoMQryJpLqD53bAoZLg2Vg","https:\/\/www.pinterest.it\/keoutdoordesign\/","https:\/\/www.instagram.com\/keoutdoordesign\/","https:\/\/www.linkedin.com\/company\/ke-outdoor-design\/"]}]}},"_links":{"self":[{"href":"https:\/\/www.keoutdoordesign.com\/fr-fr\/wp-json\/wp\/v2\/pages\/5637","targetHints":{"allow":["GET"]}}],"collection":[{"href":"https:\/\/www.keoutdoordesign.com\/fr-fr\/wp-json\/wp\/v2\/pages"}],"about":[{"href":"https:\/\/www.keoutdoordesign.com\/fr-fr\/wp-json\/wp\/v2\/types\/page"}],"author":[{"embeddable":true,"href":"https:\/\/www.keoutdoordesign.com\/fr-fr\/wp-json\/wp\/v2\/users\/10608"}],"replies":[{"embeddable":true,"href":"https:\/\/www.keoutdoordesign.com\/fr-fr\/wp-json\/wp\/v2\/comments?post=5637"}],"version-history":[{"count":7,"href":"https:\/\/www.keoutdoordesign.com\/fr-fr\/wp-json\/wp\/v2\/pages\/5637\/revisions"}],"predecessor-version":[{"id":13290,"href":"https:\/\/www.keoutdoordesign.com\/fr-fr\/wp-json\/wp\/v2\/pages\/5637\/revisions\/13290"}],"up":[{"embeddable":true,"href":"https:\/\/www.keoutdoordesign.com\/fr-fr\/wp-json\/wp\/v2\/pages\/5635"}],"wp:featuredmedia":[{"embeddable":true,"href":"https:\/\/www.keoutdoordesign.com\/fr-fr\/wp-json\/wp\/v2\/media\/40075"}],"wp:attachment":[{"href":"https:\/\/www.keoutdoordesign.com\/fr-fr\/wp-json\/wp\/v2\/media?parent=5637"}],"curies":[{"name":"wp","href":"https:\/\/api.w.org\/{rel}","templated":true}]}}