{"id":51581,"date":"2022-07-29T17:33:18","date_gmt":"2022-07-29T15:33:18","guid":{"rendered":"https:\/\/www.keoutdoordesign.com\/?page_id=51581"},"modified":"2026-04-09T13:47:01","modified_gmt":"2026-04-09T11:47:01","slug":"store-horizontal-pour-puit-de-lumiere-tens","status":"publish","type":"page","link":"https:\/\/www.keoutdoordesign.com\/fr-fr\/stores-exterieurs\/store-veranda-pergola\/store-horizontal-pour-puit-de-lumiere-tens\/","title":{"rendered":"Store horizontal pour puit de lumi\u00e8re Tens"},"content":{"rendered":"<p><strong>Le store horizontal pour prot\u00e9ger le toit de vos v\u00e9randas<\/strong> ou puits de lumi\u00e8re, parfait pour bloquer la chaleur et laisser passer la lumi\u00e8re.<\/p>\n<p>Que ce soit pour une v\u00e9randa, un puit de lumi\u00e8re, ou tout autres<b> grands espaces vitr\u00e9s<\/b>, b\u00e9n\u00e9ficiez seulement de la lumi\u00e8re naturelle du jour dans vos pi\u00e8ces en installant un store horizontal. Un bon choix de toile vous permettra en plus de g\u00e9rer la luminosit\u00e9 dans vos pi\u00e8ces en fonction de vos besoins : tamis\u00e9e\/ \u00e9clair\u00e9e\/ sombre.<\/p>\n<p>La toile est zipp\u00e9e dans les coulisses pour une meilleure r\u00e9sistance au vent et pour ne laisser passer aucun jour !<\/p>\n<p>Disponible dans des dimensions allant jusque 5000x 5000mm motoris\u00e9.<\/p>\n<p>Nos stores horizontaux comme verticaux sur mesure sont la solution parfaite pour vos pi\u00e8ces \u00e0 vivre en \u00e9t\u00e9.<\/p>\n<h4><span style=\"text-decoration: underline;\"><b>Avantages\/ Particularit\u00e9s :\u00a0<\/b><\/span><\/h4>\n<p>Store horizontal :<\/p>\n<ul>\n<li>Fonctionnement motoris\u00e9 uniquement<\/li>\n<li>Adapt\u00e9 \u00e0 des couvertures de terrasses, de v\u00e9randas et puits de lumi\u00e8re<\/li>\n<li>\u00c9quip\u00e9 d&rsquo;un coffre qui prot\u00e8ge la toile<\/li>\n<li>Encombrement minimal<\/li>\n<li>Design brevet\u00e9<\/li>\n<li>Tension de la toile gr\u00e2ce au syst\u00e8me zip<\/li>\n<li>Multiple poses possibles<\/li>\n<\/ul>\n<p>Pour un confort d&rsquo;\u00e9t\u00e9 sup\u00e9rieur dans l&rsquo;ensemble de votre maison, optez \u00e9galement pour des <a href=\"https:\/\/www.keoutdoordesign.com\/fr-fr\/stores-verticaux-et-screeny\/stores-screen\/store-vertical-screeny-motorisation-solaire\/\">stores verticaux Screeny<\/a>, pour prot\u00e9ger vos baies vitr\u00e9es d&rsquo;une chaleur excessive et gagner en intimit\u00e9.<\/p>\n<p>Nos <strong>stores horizontaux et verticaux<\/strong> sont \u00e9quip\u00e9s de toiles professionnels de chez <a href=\"https:\/\/www.sergeferrari.com\/soltis-veozip\">Serge Ferrari<\/a>.<\/p>\n","protected":false},"excerpt":{"rendered":"<p>Le store horizontal pour prot\u00e9ger le toit de vos v\u00e9randas ou puits de lumi\u00e8re, parfait pour bloquer la chaleur et&hellip;<\/p>\n","protected":false},"author":5597,"featured_media":65585,"parent":4616,"menu_order":15,"comment_status":"closed","ping_status":"closed","template":"page-templates\/product.php","meta":{"_acf_changed":false,"footnotes":""},"class_list":["post-51581","page","type-page","status-publish","has-post-thumbnail","hentry"],"acf":[],"yoast_head":"<!-- This site is optimized with the Yoast SEO Premium plugin v20.12 (Yoast SEO v27.3) - https:\/\/yoast.com\/product\/yoast-seo-premium-wordpress\/ -->\n<title>Store horizontal pour puit de lumi\u00e8re Tens - KE Outdoor Design<\/title>\n<meta name=\"description\" content=\"Store horizontal zipp\u00e9 id\u00e9al pour application en puit de lumi\u00e8re, install\u00e9 en dessous ou dessus de votre espace vitr\u00e9. Max : 4000 x 5000mm.\" \/>\n<meta name=\"robots\" content=\"index, follow, max-snippet:-1, max-image-preview:large, max-video-preview:-1\" \/>\n<link rel=\"canonical\" href=\"https:\/\/www.keoutdoordesign.com\/fr-fr\/stores-exterieurs\/store-veranda-pergola\/store-horizontal-pour-puit-de-lumiere-tens\/\" \/>\n<meta property=\"og:locale\" content=\"fr_FR\" \/>\n<meta property=\"og:type\" content=\"article\" \/>\n<meta property=\"og:title\" content=\"Store horizontal pour puit de lumi\u00e8re Tens\" \/>\n<meta property=\"og:description\" content=\"Store horizontal zipp\u00e9 id\u00e9al pour application en puit de lumi\u00e8re, install\u00e9 en dessous ou dessus de votre espace vitr\u00e9. Max : 4000 x 5000mm.\" \/>\n<meta property=\"og:url\" content=\"https:\/\/www.keoutdoordesign.com\/fr-fr\/stores-exterieurs\/store-veranda-pergola\/store-horizontal-pour-puit-de-lumiere-tens\/\" \/>\n<meta property=\"og:site_name\" content=\"KE Outdoor Design\" \/>\n<meta property=\"article:publisher\" content=\"https:\/\/www.facebook.com\/keoutdoordesign.us\" \/>\n<meta property=\"article:modified_time\" content=\"2026-04-09T11:47:01+00:00\" \/>\n<meta property=\"og:image\" content=\"https:\/\/www.keoutdoordesign.com\/wp-content\/uploads\/2024\/01\/Store-horizontal-pour-puit-de-lumiere-Tens-KE.jpg\" \/>\n\t<meta property=\"og:image:width\" content=\"1920\" \/>\n\t<meta property=\"og:image:height\" content=\"1358\" \/>\n\t<meta property=\"og:image:type\" content=\"image\/jpeg\" \/>\n<meta name=\"twitter:card\" content=\"summary_large_image\" \/>\n<meta name=\"twitter:site\" content=\"@keoutdoordesign\" \/>\n<script type=\"application\/ld+json\" class=\"yoast-schema-graph\">{\"@context\":\"https:\\\/\\\/schema.org\",\"@graph\":[{\"@type\":\"WebPage\",\"@id\":\"https:\\\/\\\/www.keoutdoordesign.com\\\/fr-fr\\\/stores-exterieurs\\\/store-veranda-pergola\\\/store-horizontal-pour-puit-de-lumiere-tens\\\/\",\"url\":\"https:\\\/\\\/www.keoutdoordesign.com\\\/fr-fr\\\/stores-exterieurs\\\/store-veranda-pergola\\\/store-horizontal-pour-puit-de-lumiere-tens\\\/\",\"name\":\"Store horizontal pour puit de lumi\u00e8re Tens - KE Outdoor Design\",\"isPartOf\":{\"@id\":\"https:\\\/\\\/www.keoutdoordesign.com\\\/it-it\\\/#website\"},\"primaryImageOfPage\":{\"@id\":\"https:\\\/\\\/www.keoutdoordesign.com\\\/fr-fr\\\/stores-exterieurs\\\/store-veranda-pergola\\\/store-horizontal-pour-puit-de-lumiere-tens\\\/#primaryimage\"},\"image\":{\"@id\":\"https:\\\/\\\/www.keoutdoordesign.com\\\/fr-fr\\\/stores-exterieurs\\\/store-veranda-pergola\\\/store-horizontal-pour-puit-de-lumiere-tens\\\/#primaryimage\"},\"thumbnailUrl\":\"https:\\\/\\\/www.keoutdoordesign.com\\\/wp-content\\\/uploads\\\/2024\\\/01\\\/Store-horizontal-pour-puit-de-lumiere-Tens-KE.jpg\",\"datePublished\":\"2022-07-29T15:33:18+00:00\",\"dateModified\":\"2026-04-09T11:47:01+00:00\",\"description\":\"Store horizontal zipp\u00e9 id\u00e9al pour application en puit de lumi\u00e8re, install\u00e9 en dessous ou dessus de votre espace vitr\u00e9. Max : 4000 x 5000mm.\",\"breadcrumb\":{\"@id\":\"https:\\\/\\\/www.keoutdoordesign.com\\\/fr-fr\\\/stores-exterieurs\\\/store-veranda-pergola\\\/store-horizontal-pour-puit-de-lumiere-tens\\\/#breadcrumb\"},\"inLanguage\":\"fr-FR\",\"potentialAction\":[{\"@type\":\"ReadAction\",\"target\":[\"https:\\\/\\\/www.keoutdoordesign.com\\\/fr-fr\\\/stores-exterieurs\\\/store-veranda-pergola\\\/store-horizontal-pour-puit-de-lumiere-tens\\\/\"]}]},{\"@type\":\"ImageObject\",\"inLanguage\":\"fr-FR\",\"@id\":\"https:\\\/\\\/www.keoutdoordesign.com\\\/fr-fr\\\/stores-exterieurs\\\/store-veranda-pergola\\\/store-horizontal-pour-puit-de-lumiere-tens\\\/#primaryimage\",\"url\":\"https:\\\/\\\/www.keoutdoordesign.com\\\/wp-content\\\/uploads\\\/2024\\\/01\\\/Store-horizontal-pour-puit-de-lumiere-Tens-KE.jpg\",\"contentUrl\":\"https:\\\/\\\/www.keoutdoordesign.com\\\/wp-content\\\/uploads\\\/2024\\\/01\\\/Store-horizontal-pour-puit-de-lumiere-Tens-KE.jpg\",\"width\":1920,\"height\":1358,\"caption\":\"Store horizontal avec toile zipp\u00e9e id\u00e9al pour les puits de lumi\u00e8re.\"},{\"@type\":\"BreadcrumbList\",\"@id\":\"https:\\\/\\\/www.keoutdoordesign.com\\\/fr-fr\\\/stores-exterieurs\\\/store-veranda-pergola\\\/store-horizontal-pour-puit-de-lumiere-tens\\\/#breadcrumb\",\"itemListElement\":[{\"@type\":\"ListItem\",\"position\":1,\"name\":\"Home\",\"item\":\"https:\\\/\\\/www.keoutdoordesign.com\\\/fr-fr\\\/\"},{\"@type\":\"ListItem\",\"position\":2,\"name\":\"Stores ext\u00e9rieurs sur mesure\",\"item\":\"https:\\\/\\\/www.keoutdoordesign.com\\\/fr-fr\\\/stores-exterieurs\\\/\"},{\"@type\":\"ListItem\",\"position\":3,\"name\":\"Stores Veranda &#038; Pergola\",\"item\":\"https:\\\/\\\/www.keoutdoordesign.com\\\/fr-fr\\\/stores-exterieurs\\\/store-veranda-pergola\\\/\"},{\"@type\":\"ListItem\",\"position\":4,\"name\":\"Store horizontal pour puit de lumi\u00e8re Tens\"}]},{\"@type\":\"WebSite\",\"@id\":\"https:\\\/\\\/www.keoutdoordesign.com\\\/it-it\\\/#website\",\"url\":\"https:\\\/\\\/www.keoutdoordesign.com\\\/it-it\\\/\",\"name\":\"KE Outdoor Design\",\"description\":\"Un nuovo sito targato WordPress\",\"publisher\":{\"@id\":\"https:\\\/\\\/www.keoutdoordesign.com\\\/it-it\\\/#organization\"},\"potentialAction\":[{\"@type\":\"SearchAction\",\"target\":{\"@type\":\"EntryPoint\",\"urlTemplate\":\"https:\\\/\\\/www.keoutdoordesign.com\\\/it-it\\\/?s={search_term_string}\"},\"query-input\":{\"@type\":\"PropertyValueSpecification\",\"valueRequired\":true,\"valueName\":\"search_term_string\"}}],\"inLanguage\":\"fr-FR\"},{\"@type\":\"Organization\",\"@id\":\"https:\\\/\\\/www.keoutdoordesign.com\\\/it-it\\\/#organization\",\"name\":\"KE Outdoor Design\",\"url\":\"https:\\\/\\\/www.keoutdoordesign.com\\\/it-it\\\/\",\"logo\":{\"@type\":\"ImageObject\",\"inLanguage\":\"fr-FR\",\"@id\":\"https:\\\/\\\/www.keoutdoordesign.com\\\/it-it\\\/#\\\/schema\\\/logo\\\/image\\\/\",\"url\":\"https:\\\/\\\/www.keoutdoordesign.com\\\/wp-content\\\/uploads\\\/2020\\\/02\\\/KE-logo-Primary-e1591282842174.jpg\",\"contentUrl\":\"https:\\\/\\\/www.keoutdoordesign.com\\\/wp-content\\\/uploads\\\/2020\\\/02\\\/KE-logo-Primary-e1591282842174.jpg\",\"width\":500,\"height\":396,\"caption\":\"KE Outdoor Design\"},\"image\":{\"@id\":\"https:\\\/\\\/www.keoutdoordesign.com\\\/it-it\\\/#\\\/schema\\\/logo\\\/image\\\/\"},\"sameAs\":[\"https:\\\/\\\/www.facebook.com\\\/keoutdoordesign.us\",\"https:\\\/\\\/x.com\\\/keoutdoordesign\",\"https:\\\/\\\/www.facebook.com\\\/keoutdoordesign\",\"https:\\\/\\\/www.youtube.com\\\/channel\\\/UCSoMQryJpLqD53bAoZLg2Vg\",\"https:\\\/\\\/www.pinterest.it\\\/keoutdoordesign\\\/\",\"https:\\\/\\\/www.instagram.com\\\/keoutdoordesign\\\/\",\"https:\\\/\\\/www.linkedin.com\\\/company\\\/ke-outdoor-design\\\/\"]}]}<\/script>\n<!-- \/ Yoast SEO Premium plugin. -->","yoast_head_json":{"title":"Store horizontal pour puit de lumi\u00e8re Tens - KE Outdoor Design","description":"Store horizontal zipp\u00e9 id\u00e9al pour application en puit de lumi\u00e8re, install\u00e9 en dessous ou dessus de votre espace vitr\u00e9. Max : 4000 x 5000mm.","robots":{"index":"index","follow":"follow","max-snippet":"max-snippet:-1","max-image-preview":"max-image-preview:large","max-video-preview":"max-video-preview:-1"},"canonical":"https:\/\/www.keoutdoordesign.com\/fr-fr\/stores-exterieurs\/store-veranda-pergola\/store-horizontal-pour-puit-de-lumiere-tens\/","og_locale":"fr_FR","og_type":"article","og_title":"Store horizontal pour puit de lumi\u00e8re Tens","og_description":"Store horizontal zipp\u00e9 id\u00e9al pour application en puit de lumi\u00e8re, install\u00e9 en dessous ou dessus de votre espace vitr\u00e9. Max : 4000 x 5000mm.","og_url":"https:\/\/www.keoutdoordesign.com\/fr-fr\/stores-exterieurs\/store-veranda-pergola\/store-horizontal-pour-puit-de-lumiere-tens\/","og_site_name":"KE Outdoor Design","article_publisher":"https:\/\/www.facebook.com\/keoutdoordesign.us","article_modified_time":"2026-04-09T11:47:01+00:00","og_image":[{"width":1920,"height":1358,"url":"https:\/\/www.keoutdoordesign.com\/wp-content\/uploads\/2024\/01\/Store-horizontal-pour-puit-de-lumiere-Tens-KE.jpg","type":"image\/jpeg"}],"twitter_card":"summary_large_image","twitter_site":"@keoutdoordesign","schema":{"@context":"https:\/\/schema.org","@graph":[{"@type":"WebPage","@id":"https:\/\/www.keoutdoordesign.com\/fr-fr\/stores-exterieurs\/store-veranda-pergola\/store-horizontal-pour-puit-de-lumiere-tens\/","url":"https:\/\/www.keoutdoordesign.com\/fr-fr\/stores-exterieurs\/store-veranda-pergola\/store-horizontal-pour-puit-de-lumiere-tens\/","name":"Store horizontal pour puit de lumi\u00e8re Tens - KE Outdoor Design","isPartOf":{"@id":"https:\/\/www.keoutdoordesign.com\/it-it\/#website"},"primaryImageOfPage":{"@id":"https:\/\/www.keoutdoordesign.com\/fr-fr\/stores-exterieurs\/store-veranda-pergola\/store-horizontal-pour-puit-de-lumiere-tens\/#primaryimage"},"image":{"@id":"https:\/\/www.keoutdoordesign.com\/fr-fr\/stores-exterieurs\/store-veranda-pergola\/store-horizontal-pour-puit-de-lumiere-tens\/#primaryimage"},"thumbnailUrl":"https:\/\/www.keoutdoordesign.com\/wp-content\/uploads\/2024\/01\/Store-horizontal-pour-puit-de-lumiere-Tens-KE.jpg","datePublished":"2022-07-29T15:33:18+00:00","dateModified":"2026-04-09T11:47:01+00:00","description":"Store horizontal zipp\u00e9 id\u00e9al pour application en puit de lumi\u00e8re, install\u00e9 en dessous ou dessus de votre espace vitr\u00e9. Max : 4000 x 5000mm.","breadcrumb":{"@id":"https:\/\/www.keoutdoordesign.com\/fr-fr\/stores-exterieurs\/store-veranda-pergola\/store-horizontal-pour-puit-de-lumiere-tens\/#breadcrumb"},"inLanguage":"fr-FR","potentialAction":[{"@type":"ReadAction","target":["https:\/\/www.keoutdoordesign.com\/fr-fr\/stores-exterieurs\/store-veranda-pergola\/store-horizontal-pour-puit-de-lumiere-tens\/"]}]},{"@type":"ImageObject","inLanguage":"fr-FR","@id":"https:\/\/www.keoutdoordesign.com\/fr-fr\/stores-exterieurs\/store-veranda-pergola\/store-horizontal-pour-puit-de-lumiere-tens\/#primaryimage","url":"https:\/\/www.keoutdoordesign.com\/wp-content\/uploads\/2024\/01\/Store-horizontal-pour-puit-de-lumiere-Tens-KE.jpg","contentUrl":"https:\/\/www.keoutdoordesign.com\/wp-content\/uploads\/2024\/01\/Store-horizontal-pour-puit-de-lumiere-Tens-KE.jpg","width":1920,"height":1358,"caption":"Store horizontal avec toile zipp\u00e9e id\u00e9al pour les puits de lumi\u00e8re."},{"@type":"BreadcrumbList","@id":"https:\/\/www.keoutdoordesign.com\/fr-fr\/stores-exterieurs\/store-veranda-pergola\/store-horizontal-pour-puit-de-lumiere-tens\/#breadcrumb","itemListElement":[{"@type":"ListItem","position":1,"name":"Home","item":"https:\/\/www.keoutdoordesign.com\/fr-fr\/"},{"@type":"ListItem","position":2,"name":"Stores ext\u00e9rieurs sur mesure","item":"https:\/\/www.keoutdoordesign.com\/fr-fr\/stores-exterieurs\/"},{"@type":"ListItem","position":3,"name":"Stores Veranda &#038; Pergola","item":"https:\/\/www.keoutdoordesign.com\/fr-fr\/stores-exterieurs\/store-veranda-pergola\/"},{"@type":"ListItem","position":4,"name":"Store horizontal pour puit de lumi\u00e8re Tens"}]},{"@type":"WebSite","@id":"https:\/\/www.keoutdoordesign.com\/it-it\/#website","url":"https:\/\/www.keoutdoordesign.com\/it-it\/","name":"KE Outdoor Design","description":"Un nuovo sito targato WordPress","publisher":{"@id":"https:\/\/www.keoutdoordesign.com\/it-it\/#organization"},"potentialAction":[{"@type":"SearchAction","target":{"@type":"EntryPoint","urlTemplate":"https:\/\/www.keoutdoordesign.com\/it-it\/?s={search_term_string}"},"query-input":{"@type":"PropertyValueSpecification","valueRequired":true,"valueName":"search_term_string"}}],"inLanguage":"fr-FR"},{"@type":"Organization","@id":"https:\/\/www.keoutdoordesign.com\/it-it\/#organization","name":"KE Outdoor Design","url":"https:\/\/www.keoutdoordesign.com\/it-it\/","logo":{"@type":"ImageObject","inLanguage":"fr-FR","@id":"https:\/\/www.keoutdoordesign.com\/it-it\/#\/schema\/logo\/image\/","url":"https:\/\/www.keoutdoordesign.com\/wp-content\/uploads\/2020\/02\/KE-logo-Primary-e1591282842174.jpg","contentUrl":"https:\/\/www.keoutdoordesign.com\/wp-content\/uploads\/2020\/02\/KE-logo-Primary-e1591282842174.jpg","width":500,"height":396,"caption":"KE Outdoor Design"},"image":{"@id":"https:\/\/www.keoutdoordesign.com\/it-it\/#\/schema\/logo\/image\/"},"sameAs":["https:\/\/www.facebook.com\/keoutdoordesign.us","https:\/\/x.com\/keoutdoordesign","https:\/\/www.facebook.com\/keoutdoordesign","https:\/\/www.youtube.com\/channel\/UCSoMQryJpLqD53bAoZLg2Vg","https:\/\/www.pinterest.it\/keoutdoordesign\/","https:\/\/www.instagram.com\/keoutdoordesign\/","https:\/\/www.linkedin.com\/company\/ke-outdoor-design\/"]}]}},"_links":{"self":[{"href":"https:\/\/www.keoutdoordesign.com\/fr-fr\/wp-json\/wp\/v2\/pages\/51581","targetHints":{"allow":["GET"]}}],"collection":[{"href":"https:\/\/www.keoutdoordesign.com\/fr-fr\/wp-json\/wp\/v2\/pages"}],"about":[{"href":"https:\/\/www.keoutdoordesign.com\/fr-fr\/wp-json\/wp\/v2\/types\/page"}],"author":[{"embeddable":true,"href":"https:\/\/www.keoutdoordesign.com\/fr-fr\/wp-json\/wp\/v2\/users\/5597"}],"replies":[{"embeddable":true,"href":"https:\/\/www.keoutdoordesign.com\/fr-fr\/wp-json\/wp\/v2\/comments?post=51581"}],"version-history":[{"count":20,"href":"https:\/\/www.keoutdoordesign.com\/fr-fr\/wp-json\/wp\/v2\/pages\/51581\/revisions"}],"predecessor-version":[{"id":121323,"href":"https:\/\/www.keoutdoordesign.com\/fr-fr\/wp-json\/wp\/v2\/pages\/51581\/revisions\/121323"}],"up":[{"embeddable":true,"href":"https:\/\/www.keoutdoordesign.com\/fr-fr\/wp-json\/wp\/v2\/pages\/4616"}],"wp:featuredmedia":[{"embeddable":true,"href":"https:\/\/www.keoutdoordesign.com\/fr-fr\/wp-json\/wp\/v2\/media\/65585"}],"wp:attachment":[{"href":"https:\/\/www.keoutdoordesign.com\/fr-fr\/wp-json\/wp\/v2\/media?parent=51581"}],"curies":[{"name":"wp","href":"https:\/\/api.w.org\/{rel}","templated":true}]}}