{"id":49676,"date":"2022-05-12T16:47:33","date_gmt":"2022-05-12T14:47:33","guid":{"rendered":"https:\/\/www.keoutdoordesign.com\/solutions-de-protections-exterieures\/sunlight\/"},"modified":"2026-04-01T09:06:47","modified_gmt":"2026-04-01T07:06:47","slug":"pergola-avec-toiture-en-verre-sunlight","status":"publish","type":"page","link":"https:\/\/www.keoutdoordesign.com\/fr-fr\/glassroom\/pergola-avec-toiture-en-verre-sunlight\/","title":{"rendered":"Pergola avec toiture en verre Sunlight"},"content":{"rendered":"<h2><strong>En quoi la la pergola toit en verre Sunlight est-elle diff\u00e9rente des autres pergolas ?<\/strong><\/h2>\n<p>Sunlight est une <strong>pergola au toit en verre <\/strong>fixe<strong>, <\/strong>plus cossue. Les profils sup\u00e9rieurs sont, en effet, plus importants et les dimensions d\u2019un module r\u00e9alisables en 4 poteaux plus restreintes. Cela s\u2019explique par un toit en verre plus lourd et la possibilit\u00e9 d\u2019int\u00e9grer, sans d\u00e9naturer l\u2019esth\u00e9tique de base du produit, un store vertical Vertika et\/ou vitrage panoramique Line Glass pour fermer compl\u00e9tement la pergola et assurer \u00e0 son nouvel espace une protection au vent, au soleil lat\u00e9ral ou vis \u00e0 vis.<\/p>\n<p>Structure principalement fixe et certifi\u00e9e \u00e0 la charge de neige, elle n\u00e9cessite une demande d\u2019autorisation.<\/p>\n<h2><strong>Pourquoi choisir la pergola toit en verre Sunlight ? <\/strong><\/h2>\n<p>Sa structure fixe en aluminium pr\u00e9sente des performances exceptionnelles pour un usage annuel m\u00eame en cas d\u2019intemp\u00e9ries, assurant une r\u00e9sistance \u00e0 la charge et une structure \u00e9tanche. En effet, le toit \u00e9tant fixe, des joints en dessous et au dessus du verre sont pos\u00e9s tout le long du p\u00e9rim\u00e8tre et des syst\u00e8mes anti-goutte, \u00e9gouttoir et anti \u00e9claboussures permettent un acheminement r\u00e9gulier de l\u2019eau vers les goutti\u00e8res, int\u00e9gr\u00e9es en fa\u00e7ade. L\u2019\u00e9vacuation de l\u2019eau est ensuite assur\u00e9e par une colonne tub\u00e9e de 80mm. L\u2019ajout de joints et de profils sp\u00e9cifiques verrouillent les verres.<\/p>\n<p>Ce toit en verre fixe certifie la structure \u00e0 la charge de neige et am\u00e9liore le confort thermique par rapport \u00e0 une pergola classique, limitant le passage de l\u2019air.<\/p>\n<p>En cela, la <strong>pergola toit en verre Sunlight<\/strong> se pr\u00e9sente comme la premi\u00e8re structure fixe modulable et \u00e9volutive.<\/p>\n<p>Sunlight est une <strong>pergola toit en verre<\/strong> qui peut \u00eatre ferm\u00e9e par les syst\u00e8mes de fermetures lat\u00e9rales habituelles comme le vitrage panoramique coulissant Line Glass ou le store Vertika. La grande vari\u00e9t\u00e9 de tissus (transparent, filtrant et occultant) permet d&rsquo;obtenir le niveau de protection\/intimit\u00e9 souhait\u00e9. Une fois ferm\u00e9e, Vertika dispara\u00eet compl\u00e8tement \u00e0 l&rsquo;int\u00e9rieur de la structure, soutenant un design lin\u00e9aire.<\/p>\n<p>Ce qui en fait l\u2019interm\u00e9diaire id\u00e9al entre la pergola et la v\u00e9randa, r\u00e9pondant \u00e0 un besoin de luminosit\u00e9 et de confort thermique.<\/p>\n<h2><strong>Une r\u00e9ponse \u00e0 une forte demande du march\u00e9 de la pergola<\/strong><\/h2>\n<p>En effet, ouvrant \u00e0 360\u00b0 sur le panorama, sa <strong>structure fixe et son toit en verre<\/strong>, constitu\u00e9 de panneaux con\u00e7us dans les plus grandes dimensions techniquement possibles, permettent une haute r\u00e9sistance et une perception importante de luminosit\u00e9. Ce qui en fait l\u2019am\u00e9nagement adapt\u00e9 pour <strong>cr\u00e9er une extension de maison<\/strong> sur une terrasse mal expos\u00e9e ou encore un abri de piscine \u00e9conomiquement plus fiable. Le toit en verre, laissant passer les rayons du soleil, permet de maintenir efficacement la chaleur de l\u2019air ou de l\u2019eau.<\/p>\n<p>La protection solaire et l\u2019intimit\u00e9 sont \u00e9galement des points importants conserv\u00e9s par l\u2019int\u00e9gration du store horizontal et verticaux en toile micro perfor\u00e9e dans la <strong>structure de la pergola au toit en verre<\/strong>.<\/p>\n","protected":false},"excerpt":{"rendered":"<p>En quoi la la pergola toit en verre Sunlight est-elle diff\u00e9rente des autres pergolas ? Sunlight est une pergola au&hellip;<\/p>\n","protected":false},"author":10608,"featured_media":65338,"parent":49159,"menu_order":0,"comment_status":"closed","ping_status":"closed","template":"page-templates\/product.php","meta":{"_acf_changed":false,"footnotes":""},"class_list":["post-49676","page","type-page","status-publish","has-post-thumbnail","hentry"],"acf":[],"yoast_head":"<!-- This site is optimized with the Yoast SEO Premium plugin v20.12 (Yoast SEO v27.3) - https:\/\/yoast.com\/product\/yoast-seo-premium-wordpress\/ -->\n<title>Pergola avec toiture en verre Sunlight - KE Outdoor Design<\/title>\n<meta name=\"description\" content=\"Pergola toiture en verre : D\u00e9couvrez notre gamme Sunlight et profitez de nos pergolas toit en verre Sunlight incontournables pour profiter de votre ext\u00e9rieur.\" \/>\n<meta name=\"robots\" content=\"index, follow, max-snippet:-1, max-image-preview:large, max-video-preview:-1\" \/>\n<link rel=\"canonical\" href=\"https:\/\/www.keoutdoordesign.com\/fr-fr\/glassroom\/pergola-avec-toiture-en-verre-sunlight\/\" \/>\n<meta property=\"og:locale\" content=\"fr_FR\" \/>\n<meta property=\"og:type\" content=\"article\" \/>\n<meta property=\"og:title\" content=\"Pergola avec toiture en verre Sunlight\" \/>\n<meta property=\"og:description\" content=\"Pergola toiture en verre : D\u00e9couvrez notre gamme Sunlight et profitez de nos pergolas toit en verre Sunlight incontournables pour profiter de votre ext\u00e9rieur.\" \/>\n<meta property=\"og:url\" content=\"https:\/\/www.keoutdoordesign.com\/fr-fr\/glassroom\/pergola-avec-toiture-en-verre-sunlight\/\" \/>\n<meta property=\"og:site_name\" content=\"KE Outdoor Design\" \/>\n<meta property=\"article:publisher\" content=\"https:\/\/www.facebook.com\/keoutdoordesign.us\" \/>\n<meta property=\"article:modified_time\" content=\"2026-04-01T07:06:47+00:00\" \/>\n<meta property=\"og:image\" content=\"https:\/\/www.keoutdoordesign.com\/wp-content\/uploads\/2024\/01\/Pergola-toit-en-verre-Sunlight-KE.jpg\" \/>\n\t<meta property=\"og:image:width\" content=\"1920\" \/>\n\t<meta property=\"og:image:height\" content=\"1357\" \/>\n\t<meta property=\"og:image:type\" content=\"image\/jpeg\" \/>\n<meta name=\"twitter:card\" content=\"summary_large_image\" \/>\n<meta name=\"twitter:site\" content=\"@keoutdoordesign\" \/>\n<script type=\"application\/ld+json\" class=\"yoast-schema-graph\">{\"@context\":\"https:\\\/\\\/schema.org\",\"@graph\":[{\"@type\":\"WebPage\",\"@id\":\"https:\\\/\\\/www.keoutdoordesign.com\\\/fr-fr\\\/glassroom\\\/pergola-avec-toiture-en-verre-sunlight\\\/\",\"url\":\"https:\\\/\\\/www.keoutdoordesign.com\\\/fr-fr\\\/glassroom\\\/pergola-avec-toiture-en-verre-sunlight\\\/\",\"name\":\"Pergola avec toiture en verre Sunlight - KE Outdoor Design\",\"isPartOf\":{\"@id\":\"https:\\\/\\\/www.keoutdoordesign.com\\\/it-it\\\/#website\"},\"primaryImageOfPage\":{\"@id\":\"https:\\\/\\\/www.keoutdoordesign.com\\\/fr-fr\\\/glassroom\\\/pergola-avec-toiture-en-verre-sunlight\\\/#primaryimage\"},\"image\":{\"@id\":\"https:\\\/\\\/www.keoutdoordesign.com\\\/fr-fr\\\/glassroom\\\/pergola-avec-toiture-en-verre-sunlight\\\/#primaryimage\"},\"thumbnailUrl\":\"https:\\\/\\\/www.keoutdoordesign.com\\\/wp-content\\\/uploads\\\/2024\\\/01\\\/Pergola-toit-en-verre-Sunlight-KE.jpg\",\"datePublished\":\"2022-05-12T14:47:33+00:00\",\"dateModified\":\"2026-04-01T07:06:47+00:00\",\"description\":\"Pergola toiture en verre : D\u00e9couvrez notre gamme Sunlight et profitez de nos pergolas toit en verre Sunlight incontournables pour profiter de votre ext\u00e9rieur.\",\"breadcrumb\":{\"@id\":\"https:\\\/\\\/www.keoutdoordesign.com\\\/fr-fr\\\/glassroom\\\/pergola-avec-toiture-en-verre-sunlight\\\/#breadcrumb\"},\"inLanguage\":\"fr-FR\",\"potentialAction\":[{\"@type\":\"ReadAction\",\"target\":[\"https:\\\/\\\/www.keoutdoordesign.com\\\/fr-fr\\\/glassroom\\\/pergola-avec-toiture-en-verre-sunlight\\\/\"]}]},{\"@type\":\"ImageObject\",\"inLanguage\":\"fr-FR\",\"@id\":\"https:\\\/\\\/www.keoutdoordesign.com\\\/fr-fr\\\/glassroom\\\/pergola-avec-toiture-en-verre-sunlight\\\/#primaryimage\",\"url\":\"https:\\\/\\\/www.keoutdoordesign.com\\\/wp-content\\\/uploads\\\/2024\\\/01\\\/Pergola-toit-en-verre-Sunlight-KE.jpg\",\"contentUrl\":\"https:\\\/\\\/www.keoutdoordesign.com\\\/wp-content\\\/uploads\\\/2024\\\/01\\\/Pergola-toit-en-verre-Sunlight-KE.jpg\",\"width\":1920,\"height\":1357,\"caption\":\"Pergola autoportante avec toit en verre et fermetures lat\u00e9rales vitr\u00e9es.\"},{\"@type\":\"BreadcrumbList\",\"@id\":\"https:\\\/\\\/www.keoutdoordesign.com\\\/fr-fr\\\/glassroom\\\/pergola-avec-toiture-en-verre-sunlight\\\/#breadcrumb\",\"itemListElement\":[{\"@type\":\"ListItem\",\"position\":1,\"name\":\"Home\",\"item\":\"https:\\\/\\\/www.keoutdoordesign.com\\\/fr-fr\\\/\"},{\"@type\":\"ListItem\",\"position\":2,\"name\":\"Glassroom\",\"item\":\"https:\\\/\\\/www.keoutdoordesign.com\\\/fr-fr\\\/glassroom\\\/\"},{\"@type\":\"ListItem\",\"position\":3,\"name\":\"Pergola avec toiture en verre Sunlight\"}]},{\"@type\":\"WebSite\",\"@id\":\"https:\\\/\\\/www.keoutdoordesign.com\\\/it-it\\\/#website\",\"url\":\"https:\\\/\\\/www.keoutdoordesign.com\\\/it-it\\\/\",\"name\":\"KE Outdoor Design\",\"description\":\"Un nuovo sito targato WordPress\",\"publisher\":{\"@id\":\"https:\\\/\\\/www.keoutdoordesign.com\\\/it-it\\\/#organization\"},\"potentialAction\":[{\"@type\":\"SearchAction\",\"target\":{\"@type\":\"EntryPoint\",\"urlTemplate\":\"https:\\\/\\\/www.keoutdoordesign.com\\\/it-it\\\/?s={search_term_string}\"},\"query-input\":{\"@type\":\"PropertyValueSpecification\",\"valueRequired\":true,\"valueName\":\"search_term_string\"}}],\"inLanguage\":\"fr-FR\"},{\"@type\":\"Organization\",\"@id\":\"https:\\\/\\\/www.keoutdoordesign.com\\\/it-it\\\/#organization\",\"name\":\"KE Outdoor Design\",\"url\":\"https:\\\/\\\/www.keoutdoordesign.com\\\/it-it\\\/\",\"logo\":{\"@type\":\"ImageObject\",\"inLanguage\":\"fr-FR\",\"@id\":\"https:\\\/\\\/www.keoutdoordesign.com\\\/it-it\\\/#\\\/schema\\\/logo\\\/image\\\/\",\"url\":\"https:\\\/\\\/www.keoutdoordesign.com\\\/wp-content\\\/uploads\\\/2020\\\/02\\\/KE-logo-Primary-e1591282842174.jpg\",\"contentUrl\":\"https:\\\/\\\/www.keoutdoordesign.com\\\/wp-content\\\/uploads\\\/2020\\\/02\\\/KE-logo-Primary-e1591282842174.jpg\",\"width\":500,\"height\":396,\"caption\":\"KE Outdoor Design\"},\"image\":{\"@id\":\"https:\\\/\\\/www.keoutdoordesign.com\\\/it-it\\\/#\\\/schema\\\/logo\\\/image\\\/\"},\"sameAs\":[\"https:\\\/\\\/www.facebook.com\\\/keoutdoordesign.us\",\"https:\\\/\\\/x.com\\\/keoutdoordesign\",\"https:\\\/\\\/www.facebook.com\\\/keoutdoordesign\",\"https:\\\/\\\/www.youtube.com\\\/channel\\\/UCSoMQryJpLqD53bAoZLg2Vg\",\"https:\\\/\\\/www.pinterest.it\\\/keoutdoordesign\\\/\",\"https:\\\/\\\/www.instagram.com\\\/keoutdoordesign\\\/\",\"https:\\\/\\\/www.linkedin.com\\\/company\\\/ke-outdoor-design\\\/\"]}]}<\/script>\n<!-- \/ Yoast SEO Premium plugin. -->","yoast_head_json":{"title":"Pergola avec toiture en verre Sunlight - KE Outdoor Design","description":"Pergola toiture en verre : D\u00e9couvrez notre gamme Sunlight et profitez de nos pergolas toit en verre Sunlight incontournables pour profiter de votre ext\u00e9rieur.","robots":{"index":"index","follow":"follow","max-snippet":"max-snippet:-1","max-image-preview":"max-image-preview:large","max-video-preview":"max-video-preview:-1"},"canonical":"https:\/\/www.keoutdoordesign.com\/fr-fr\/glassroom\/pergola-avec-toiture-en-verre-sunlight\/","og_locale":"fr_FR","og_type":"article","og_title":"Pergola avec toiture en verre Sunlight","og_description":"Pergola toiture en verre : D\u00e9couvrez notre gamme Sunlight et profitez de nos pergolas toit en verre Sunlight incontournables pour profiter de votre ext\u00e9rieur.","og_url":"https:\/\/www.keoutdoordesign.com\/fr-fr\/glassroom\/pergola-avec-toiture-en-verre-sunlight\/","og_site_name":"KE Outdoor Design","article_publisher":"https:\/\/www.facebook.com\/keoutdoordesign.us","article_modified_time":"2026-04-01T07:06:47+00:00","og_image":[{"width":1920,"height":1357,"url":"https:\/\/www.keoutdoordesign.com\/wp-content\/uploads\/2024\/01\/Pergola-toit-en-verre-Sunlight-KE.jpg","type":"image\/jpeg"}],"twitter_card":"summary_large_image","twitter_site":"@keoutdoordesign","schema":{"@context":"https:\/\/schema.org","@graph":[{"@type":"WebPage","@id":"https:\/\/www.keoutdoordesign.com\/fr-fr\/glassroom\/pergola-avec-toiture-en-verre-sunlight\/","url":"https:\/\/www.keoutdoordesign.com\/fr-fr\/glassroom\/pergola-avec-toiture-en-verre-sunlight\/","name":"Pergola avec toiture en verre Sunlight - KE Outdoor Design","isPartOf":{"@id":"https:\/\/www.keoutdoordesign.com\/it-it\/#website"},"primaryImageOfPage":{"@id":"https:\/\/www.keoutdoordesign.com\/fr-fr\/glassroom\/pergola-avec-toiture-en-verre-sunlight\/#primaryimage"},"image":{"@id":"https:\/\/www.keoutdoordesign.com\/fr-fr\/glassroom\/pergola-avec-toiture-en-verre-sunlight\/#primaryimage"},"thumbnailUrl":"https:\/\/www.keoutdoordesign.com\/wp-content\/uploads\/2024\/01\/Pergola-toit-en-verre-Sunlight-KE.jpg","datePublished":"2022-05-12T14:47:33+00:00","dateModified":"2026-04-01T07:06:47+00:00","description":"Pergola toiture en verre : D\u00e9couvrez notre gamme Sunlight et profitez de nos pergolas toit en verre Sunlight incontournables pour profiter de votre ext\u00e9rieur.","breadcrumb":{"@id":"https:\/\/www.keoutdoordesign.com\/fr-fr\/glassroom\/pergola-avec-toiture-en-verre-sunlight\/#breadcrumb"},"inLanguage":"fr-FR","potentialAction":[{"@type":"ReadAction","target":["https:\/\/www.keoutdoordesign.com\/fr-fr\/glassroom\/pergola-avec-toiture-en-verre-sunlight\/"]}]},{"@type":"ImageObject","inLanguage":"fr-FR","@id":"https:\/\/www.keoutdoordesign.com\/fr-fr\/glassroom\/pergola-avec-toiture-en-verre-sunlight\/#primaryimage","url":"https:\/\/www.keoutdoordesign.com\/wp-content\/uploads\/2024\/01\/Pergola-toit-en-verre-Sunlight-KE.jpg","contentUrl":"https:\/\/www.keoutdoordesign.com\/wp-content\/uploads\/2024\/01\/Pergola-toit-en-verre-Sunlight-KE.jpg","width":1920,"height":1357,"caption":"Pergola autoportante avec toit en verre et fermetures lat\u00e9rales vitr\u00e9es."},{"@type":"BreadcrumbList","@id":"https:\/\/www.keoutdoordesign.com\/fr-fr\/glassroom\/pergola-avec-toiture-en-verre-sunlight\/#breadcrumb","itemListElement":[{"@type":"ListItem","position":1,"name":"Home","item":"https:\/\/www.keoutdoordesign.com\/fr-fr\/"},{"@type":"ListItem","position":2,"name":"Glassroom","item":"https:\/\/www.keoutdoordesign.com\/fr-fr\/glassroom\/"},{"@type":"ListItem","position":3,"name":"Pergola avec toiture en verre Sunlight"}]},{"@type":"WebSite","@id":"https:\/\/www.keoutdoordesign.com\/it-it\/#website","url":"https:\/\/www.keoutdoordesign.com\/it-it\/","name":"KE Outdoor Design","description":"Un nuovo sito targato WordPress","publisher":{"@id":"https:\/\/www.keoutdoordesign.com\/it-it\/#organization"},"potentialAction":[{"@type":"SearchAction","target":{"@type":"EntryPoint","urlTemplate":"https:\/\/www.keoutdoordesign.com\/it-it\/?s={search_term_string}"},"query-input":{"@type":"PropertyValueSpecification","valueRequired":true,"valueName":"search_term_string"}}],"inLanguage":"fr-FR"},{"@type":"Organization","@id":"https:\/\/www.keoutdoordesign.com\/it-it\/#organization","name":"KE Outdoor Design","url":"https:\/\/www.keoutdoordesign.com\/it-it\/","logo":{"@type":"ImageObject","inLanguage":"fr-FR","@id":"https:\/\/www.keoutdoordesign.com\/it-it\/#\/schema\/logo\/image\/","url":"https:\/\/www.keoutdoordesign.com\/wp-content\/uploads\/2020\/02\/KE-logo-Primary-e1591282842174.jpg","contentUrl":"https:\/\/www.keoutdoordesign.com\/wp-content\/uploads\/2020\/02\/KE-logo-Primary-e1591282842174.jpg","width":500,"height":396,"caption":"KE Outdoor Design"},"image":{"@id":"https:\/\/www.keoutdoordesign.com\/it-it\/#\/schema\/logo\/image\/"},"sameAs":["https:\/\/www.facebook.com\/keoutdoordesign.us","https:\/\/x.com\/keoutdoordesign","https:\/\/www.facebook.com\/keoutdoordesign","https:\/\/www.youtube.com\/channel\/UCSoMQryJpLqD53bAoZLg2Vg","https:\/\/www.pinterest.it\/keoutdoordesign\/","https:\/\/www.instagram.com\/keoutdoordesign\/","https:\/\/www.linkedin.com\/company\/ke-outdoor-design\/"]}]}},"_links":{"self":[{"href":"https:\/\/www.keoutdoordesign.com\/fr-fr\/wp-json\/wp\/v2\/pages\/49676","targetHints":{"allow":["GET"]}}],"collection":[{"href":"https:\/\/www.keoutdoordesign.com\/fr-fr\/wp-json\/wp\/v2\/pages"}],"about":[{"href":"https:\/\/www.keoutdoordesign.com\/fr-fr\/wp-json\/wp\/v2\/types\/page"}],"author":[{"embeddable":true,"href":"https:\/\/www.keoutdoordesign.com\/fr-fr\/wp-json\/wp\/v2\/users\/10608"}],"replies":[{"embeddable":true,"href":"https:\/\/www.keoutdoordesign.com\/fr-fr\/wp-json\/wp\/v2\/comments?post=49676"}],"version-history":[{"count":32,"href":"https:\/\/www.keoutdoordesign.com\/fr-fr\/wp-json\/wp\/v2\/pages\/49676\/revisions"}],"predecessor-version":[{"id":121106,"href":"https:\/\/www.keoutdoordesign.com\/fr-fr\/wp-json\/wp\/v2\/pages\/49676\/revisions\/121106"}],"up":[{"embeddable":true,"href":"https:\/\/www.keoutdoordesign.com\/fr-fr\/wp-json\/wp\/v2\/pages\/49159"}],"wp:featuredmedia":[{"embeddable":true,"href":"https:\/\/www.keoutdoordesign.com\/fr-fr\/wp-json\/wp\/v2\/media\/65338"}],"wp:attachment":[{"href":"https:\/\/www.keoutdoordesign.com\/fr-fr\/wp-json\/wp\/v2\/media?parent=49676"}],"curies":[{"name":"wp","href":"https:\/\/api.w.org\/{rel}","templated":true}]}}