{"id":49159,"date":"2022-06-06T10:34:52","date_gmt":"2022-06-06T08:34:52","guid":{"rendered":"https:\/\/www.keoutdoordesign.com\/?page_id=49159"},"modified":"2022-06-06T13:50:27","modified_gmt":"2022-06-06T11:50:27","slug":"glassroom","status":"publish","type":"page","link":"https:\/\/www.keoutdoordesign.com\/fr-fr\/glassroom\/","title":{"rendered":"Glassroom"},"content":{"rendered":"<p>Le plaisir de vivre un environnement qui dialogue simultan\u00e9ment avec l&rsquo;int\u00e9rieur et l&rsquo;ext\u00e9rieur, une v\u00e9ritable pi\u00e8ce qui a le ciel pour plafond et la nature pour contour.<\/p>\n<p>Un \u00ab\u00a0nouveau lieu\u00a0\u00bb qui \u00e9largit la carte physique habituelle de l&rsquo;espace pour coloniser l&rsquo;ext\u00e9rieur et briser les fronti\u00e8res entre int\u00e9rieur et ext\u00e9rieur.<\/p>\n<p>Une vue \u00e9tendue \u00e0 360 degr\u00e9s de l&rsquo;ext\u00e9rieur. La nature devient ainsi un spectacle \u00e0 contempler et \u00e0 vivre pleinement en toutes saisons, immerg\u00e9e dans la chaleur et la lumi\u00e8re naturelle, protagoniste absolu de cet espace de confort.<\/p>\n","protected":false},"excerpt":{"rendered":"<p>Le plaisir de vivre un environnement qui dialogue simultan\u00e9ment avec l&rsquo;int\u00e9rieur et l&rsquo;ext\u00e9rieur, une v\u00e9ritable pi\u00e8ce qui a le ciel&hellip;<\/p>\n","protected":false},"author":10608,"featured_media":49176,"parent":0,"menu_order":45,"comment_status":"closed","ping_status":"closed","template":"page-templates\/category-products.php","meta":{"_acf_changed":false,"footnotes":""},"class_list":["post-49159","page","type-page","status-publish","has-post-thumbnail","hentry"],"acf":[],"yoast_head":"<!-- This site is optimized with the Yoast SEO Premium plugin v20.12 (Yoast SEO v27.0) - https:\/\/yoast.com\/product\/yoast-seo-premium-wordpress\/ -->\n<title>Pergolas \u00e0 toit en verre, design made in Italy - KE Outdoor Design<\/title>\n<meta name=\"description\" content=\"KE propose des pergolas de tous types, personnalisables et \u00e9quip\u00e9es de fermetures lat\u00e9rales. Voici toute la gamme de stores de pergola pour les terrasses et les espaces ext\u00e9rieurs.\" \/>\n<meta name=\"robots\" content=\"index, follow, max-snippet:-1, max-image-preview:large, max-video-preview:-1\" \/>\n<link rel=\"canonical\" href=\"https:\/\/www.keoutdoordesign.com\/fr-fr\/glassroom\/\" \/>\n<meta property=\"og:locale\" content=\"fr_FR\" \/>\n<meta property=\"og:type\" content=\"article\" \/>\n<meta property=\"og:title\" content=\"Glassroom\" \/>\n<meta property=\"og:description\" content=\"KE propose des pergolas de tous types, personnalisables et \u00e9quip\u00e9es de fermetures lat\u00e9rales. Voici toute la gamme de stores de pergola pour les terrasses et les espaces ext\u00e9rieurs.\" \/>\n<meta property=\"og:url\" content=\"https:\/\/www.keoutdoordesign.com\/fr-fr\/glassroom\/\" \/>\n<meta property=\"og:site_name\" content=\"KE Outdoor Design\" \/>\n<meta property=\"article:publisher\" content=\"https:\/\/www.facebook.com\/keoutdoordesign.us\" \/>\n<meta property=\"article:modified_time\" content=\"2022-06-06T11:50:27+00:00\" \/>\n<meta property=\"og:image\" content=\"https:\/\/www.keoutdoordesign.com\/wp-content\/uploads\/2022\/05\/SUNLIGHT-03_SING-AUTO_PAR.jpg\" \/>\n\t<meta property=\"og:image:width\" content=\"2000\" \/>\n\t<meta property=\"og:image:height\" content=\"1414\" \/>\n\t<meta property=\"og:image:type\" content=\"image\/jpeg\" \/>\n<meta name=\"twitter:card\" content=\"summary_large_image\" \/>\n<meta name=\"twitter:site\" content=\"@keoutdoordesign\" \/>\n<script type=\"application\/ld+json\" class=\"yoast-schema-graph\">{\"@context\":\"https:\/\/schema.org\",\"@graph\":[{\"@type\":\"WebPage\",\"@id\":\"https:\/\/www.keoutdoordesign.com\/fr-fr\/glassroom\/\",\"url\":\"https:\/\/www.keoutdoordesign.com\/fr-fr\/glassroom\/\",\"name\":\"Pergolas \u00e0 toit en verre, design made in Italy - KE Outdoor Design\",\"isPartOf\":{\"@id\":\"https:\/\/www.keoutdoordesign.com\/it-it\/#website\"},\"primaryImageOfPage\":{\"@id\":\"https:\/\/www.keoutdoordesign.com\/fr-fr\/glassroom\/#primaryimage\"},\"image\":{\"@id\":\"https:\/\/www.keoutdoordesign.com\/fr-fr\/glassroom\/#primaryimage\"},\"thumbnailUrl\":\"https:\/\/www.keoutdoordesign.com\/wp-content\/uploads\/2022\/05\/SUNLIGHT-03_SING-AUTO_PAR.jpg\",\"datePublished\":\"2022-06-06T08:34:52+00:00\",\"dateModified\":\"2022-06-06T11:50:27+00:00\",\"description\":\"KE propose des pergolas de tous types, personnalisables et \u00e9quip\u00e9es de fermetures lat\u00e9rales. Voici toute la gamme de stores de pergola pour les terrasses et les espaces ext\u00e9rieurs.\",\"breadcrumb\":{\"@id\":\"https:\/\/www.keoutdoordesign.com\/fr-fr\/glassroom\/#breadcrumb\"},\"inLanguage\":\"fr-FR\",\"potentialAction\":[{\"@type\":\"ReadAction\",\"target\":[\"https:\/\/www.keoutdoordesign.com\/fr-fr\/glassroom\/\"]}]},{\"@type\":\"ImageObject\",\"inLanguage\":\"fr-FR\",\"@id\":\"https:\/\/www.keoutdoordesign.com\/fr-fr\/glassroom\/#primaryimage\",\"url\":\"https:\/\/www.keoutdoordesign.com\/wp-content\/uploads\/2022\/05\/SUNLIGHT-03_SING-AUTO_PAR.jpg\",\"contentUrl\":\"https:\/\/www.keoutdoordesign.com\/wp-content\/uploads\/2022\/05\/SUNLIGHT-03_SING-AUTO_PAR.jpg\",\"width\":2000,\"height\":1414,\"caption\":\"pergole in vetro KE\"},{\"@type\":\"BreadcrumbList\",\"@id\":\"https:\/\/www.keoutdoordesign.com\/fr-fr\/glassroom\/#breadcrumb\",\"itemListElement\":[{\"@type\":\"ListItem\",\"position\":1,\"name\":\"Home\",\"item\":\"https:\/\/www.keoutdoordesign.com\/fr-fr\/\"},{\"@type\":\"ListItem\",\"position\":2,\"name\":\"Glassroom\"}]},{\"@type\":\"WebSite\",\"@id\":\"https:\/\/www.keoutdoordesign.com\/it-it\/#website\",\"url\":\"https:\/\/www.keoutdoordesign.com\/it-it\/\",\"name\":\"KE Outdoor Design\",\"description\":\"Un nuovo sito targato WordPress\",\"publisher\":{\"@id\":\"https:\/\/www.keoutdoordesign.com\/it-it\/#organization\"},\"potentialAction\":[{\"@type\":\"SearchAction\",\"target\":{\"@type\":\"EntryPoint\",\"urlTemplate\":\"https:\/\/www.keoutdoordesign.com\/it-it\/?s={search_term_string}\"},\"query-input\":{\"@type\":\"PropertyValueSpecification\",\"valueRequired\":true,\"valueName\":\"search_term_string\"}}],\"inLanguage\":\"fr-FR\"},{\"@type\":\"Organization\",\"@id\":\"https:\/\/www.keoutdoordesign.com\/it-it\/#organization\",\"name\":\"KE Outdoor Design\",\"url\":\"https:\/\/www.keoutdoordesign.com\/it-it\/\",\"logo\":{\"@type\":\"ImageObject\",\"inLanguage\":\"fr-FR\",\"@id\":\"https:\/\/www.keoutdoordesign.com\/it-it\/#\/schema\/logo\/image\/\",\"url\":\"https:\/\/www.keoutdoordesign.com\/wp-content\/uploads\/2020\/02\/KE-logo-Primary-e1591282842174.jpg\",\"contentUrl\":\"https:\/\/www.keoutdoordesign.com\/wp-content\/uploads\/2020\/02\/KE-logo-Primary-e1591282842174.jpg\",\"width\":500,\"height\":396,\"caption\":\"KE Outdoor Design\"},\"image\":{\"@id\":\"https:\/\/www.keoutdoordesign.com\/it-it\/#\/schema\/logo\/image\/\"},\"sameAs\":[\"https:\/\/www.facebook.com\/keoutdoordesign.us\",\"https:\/\/x.com\/keoutdoordesign\",\"https:\/\/www.facebook.com\/keoutdoordesign\",\"https:\/\/www.youtube.com\/channel\/UCSoMQryJpLqD53bAoZLg2Vg\",\"https:\/\/www.pinterest.it\/keoutdoordesign\/\",\"https:\/\/www.instagram.com\/keoutdoordesign\/\",\"https:\/\/www.linkedin.com\/company\/ke-outdoor-design\/\"]}]}<\/script>\n<!-- \/ Yoast SEO Premium plugin. -->","yoast_head_json":{"title":"Pergolas \u00e0 toit en verre, design made in Italy - KE Outdoor Design","description":"KE propose des pergolas de tous types, personnalisables et \u00e9quip\u00e9es de fermetures lat\u00e9rales. Voici toute la gamme de stores de pergola pour les terrasses et les espaces ext\u00e9rieurs.","robots":{"index":"index","follow":"follow","max-snippet":"max-snippet:-1","max-image-preview":"max-image-preview:large","max-video-preview":"max-video-preview:-1"},"canonical":"https:\/\/www.keoutdoordesign.com\/fr-fr\/glassroom\/","og_locale":"fr_FR","og_type":"article","og_title":"Glassroom","og_description":"KE propose des pergolas de tous types, personnalisables et \u00e9quip\u00e9es de fermetures lat\u00e9rales. Voici toute la gamme de stores de pergola pour les terrasses et les espaces ext\u00e9rieurs.","og_url":"https:\/\/www.keoutdoordesign.com\/fr-fr\/glassroom\/","og_site_name":"KE Outdoor Design","article_publisher":"https:\/\/www.facebook.com\/keoutdoordesign.us","article_modified_time":"2022-06-06T11:50:27+00:00","og_image":[{"width":2000,"height":1414,"url":"https:\/\/www.keoutdoordesign.com\/wp-content\/uploads\/2022\/05\/SUNLIGHT-03_SING-AUTO_PAR.jpg","type":"image\/jpeg"}],"twitter_card":"summary_large_image","twitter_site":"@keoutdoordesign","schema":{"@context":"https:\/\/schema.org","@graph":[{"@type":"WebPage","@id":"https:\/\/www.keoutdoordesign.com\/fr-fr\/glassroom\/","url":"https:\/\/www.keoutdoordesign.com\/fr-fr\/glassroom\/","name":"Pergolas \u00e0 toit en verre, design made in Italy - KE Outdoor Design","isPartOf":{"@id":"https:\/\/www.keoutdoordesign.com\/it-it\/#website"},"primaryImageOfPage":{"@id":"https:\/\/www.keoutdoordesign.com\/fr-fr\/glassroom\/#primaryimage"},"image":{"@id":"https:\/\/www.keoutdoordesign.com\/fr-fr\/glassroom\/#primaryimage"},"thumbnailUrl":"https:\/\/www.keoutdoordesign.com\/wp-content\/uploads\/2022\/05\/SUNLIGHT-03_SING-AUTO_PAR.jpg","datePublished":"2022-06-06T08:34:52+00:00","dateModified":"2022-06-06T11:50:27+00:00","description":"KE propose des pergolas de tous types, personnalisables et \u00e9quip\u00e9es de fermetures lat\u00e9rales. Voici toute la gamme de stores de pergola pour les terrasses et les espaces ext\u00e9rieurs.","breadcrumb":{"@id":"https:\/\/www.keoutdoordesign.com\/fr-fr\/glassroom\/#breadcrumb"},"inLanguage":"fr-FR","potentialAction":[{"@type":"ReadAction","target":["https:\/\/www.keoutdoordesign.com\/fr-fr\/glassroom\/"]}]},{"@type":"ImageObject","inLanguage":"fr-FR","@id":"https:\/\/www.keoutdoordesign.com\/fr-fr\/glassroom\/#primaryimage","url":"https:\/\/www.keoutdoordesign.com\/wp-content\/uploads\/2022\/05\/SUNLIGHT-03_SING-AUTO_PAR.jpg","contentUrl":"https:\/\/www.keoutdoordesign.com\/wp-content\/uploads\/2022\/05\/SUNLIGHT-03_SING-AUTO_PAR.jpg","width":2000,"height":1414,"caption":"pergole in vetro KE"},{"@type":"BreadcrumbList","@id":"https:\/\/www.keoutdoordesign.com\/fr-fr\/glassroom\/#breadcrumb","itemListElement":[{"@type":"ListItem","position":1,"name":"Home","item":"https:\/\/www.keoutdoordesign.com\/fr-fr\/"},{"@type":"ListItem","position":2,"name":"Glassroom"}]},{"@type":"WebSite","@id":"https:\/\/www.keoutdoordesign.com\/it-it\/#website","url":"https:\/\/www.keoutdoordesign.com\/it-it\/","name":"KE Outdoor Design","description":"Un nuovo sito targato WordPress","publisher":{"@id":"https:\/\/www.keoutdoordesign.com\/it-it\/#organization"},"potentialAction":[{"@type":"SearchAction","target":{"@type":"EntryPoint","urlTemplate":"https:\/\/www.keoutdoordesign.com\/it-it\/?s={search_term_string}"},"query-input":{"@type":"PropertyValueSpecification","valueRequired":true,"valueName":"search_term_string"}}],"inLanguage":"fr-FR"},{"@type":"Organization","@id":"https:\/\/www.keoutdoordesign.com\/it-it\/#organization","name":"KE Outdoor Design","url":"https:\/\/www.keoutdoordesign.com\/it-it\/","logo":{"@type":"ImageObject","inLanguage":"fr-FR","@id":"https:\/\/www.keoutdoordesign.com\/it-it\/#\/schema\/logo\/image\/","url":"https:\/\/www.keoutdoordesign.com\/wp-content\/uploads\/2020\/02\/KE-logo-Primary-e1591282842174.jpg","contentUrl":"https:\/\/www.keoutdoordesign.com\/wp-content\/uploads\/2020\/02\/KE-logo-Primary-e1591282842174.jpg","width":500,"height":396,"caption":"KE Outdoor Design"},"image":{"@id":"https:\/\/www.keoutdoordesign.com\/it-it\/#\/schema\/logo\/image\/"},"sameAs":["https:\/\/www.facebook.com\/keoutdoordesign.us","https:\/\/x.com\/keoutdoordesign","https:\/\/www.facebook.com\/keoutdoordesign","https:\/\/www.youtube.com\/channel\/UCSoMQryJpLqD53bAoZLg2Vg","https:\/\/www.pinterest.it\/keoutdoordesign\/","https:\/\/www.instagram.com\/keoutdoordesign\/","https:\/\/www.linkedin.com\/company\/ke-outdoor-design\/"]}]}},"_links":{"self":[{"href":"https:\/\/www.keoutdoordesign.com\/fr-fr\/wp-json\/wp\/v2\/pages\/49159","targetHints":{"allow":["GET"]}}],"collection":[{"href":"https:\/\/www.keoutdoordesign.com\/fr-fr\/wp-json\/wp\/v2\/pages"}],"about":[{"href":"https:\/\/www.keoutdoordesign.com\/fr-fr\/wp-json\/wp\/v2\/types\/page"}],"author":[{"embeddable":true,"href":"https:\/\/www.keoutdoordesign.com\/fr-fr\/wp-json\/wp\/v2\/users\/10608"}],"replies":[{"embeddable":true,"href":"https:\/\/www.keoutdoordesign.com\/fr-fr\/wp-json\/wp\/v2\/comments?post=49159"}],"version-history":[{"count":2,"href":"https:\/\/www.keoutdoordesign.com\/fr-fr\/wp-json\/wp\/v2\/pages\/49159\/revisions"}],"predecessor-version":[{"id":49854,"href":"https:\/\/www.keoutdoordesign.com\/fr-fr\/wp-json\/wp\/v2\/pages\/49159\/revisions\/49854"}],"wp:featuredmedia":[{"embeddable":true,"href":"https:\/\/www.keoutdoordesign.com\/fr-fr\/wp-json\/wp\/v2\/media\/49176"}],"wp:attachment":[{"href":"https:\/\/www.keoutdoordesign.com\/fr-fr\/wp-json\/wp\/v2\/media?parent=49159"}],"curies":[{"name":"wp","href":"https:\/\/api.w.org\/{rel}","templated":true}]}}