{"id":48793,"date":"2022-05-06T09:45:28","date_gmt":"2022-05-06T07:45:28","guid":{"rendered":"https:\/\/www.keoutdoordesign.com\/?page_id=48793"},"modified":"2025-02-20T11:59:42","modified_gmt":"2025-02-20T10:59:42","slug":"pergola-impermeable-toile-isola-2-a","status":"publish","type":"page","link":"https:\/\/www.keoutdoordesign.com\/fr-fr\/pergolas-gennius\/pergola-avec-toit-plat\/pergola-impermeable-toile-isola-2-a\/","title":{"rendered":"Pergola imperm\u00e9able \u00e0 toile Isola 2 A"},"content":{"rendered":"","protected":false},"excerpt":{"rendered":"","protected":false},"author":10608,"featured_media":65287,"parent":4567,"menu_order":15,"comment_status":"closed","ping_status":"closed","template":"page-templates\/product.php","meta":{"_acf_changed":false,"footnotes":""},"class_list":["post-48793","page","type-page","status-publish","has-post-thumbnail","hentry"],"acf":[],"yoast_head":"<!-- This site is optimized with the Yoast SEO Premium plugin v20.12 (Yoast SEO v27.3) - https:\/\/yoast.com\/product\/yoast-seo-premium-wordpress\/ -->\n<title>Pergola imperm\u00e9able \u00e0 toile Isola 2 A - KE Outdoor Design<\/title>\n<meta name=\"description\" content=\"L&#039;Isola 2 A, pergola imperm\u00e9able \u00e0 toile adoss\u00e9e, peut-\u00eatre \u00e9quip\u00e9e de fermetures lat\u00e9rales. R\u00e9sistance au vent jusqu&#039;\u00e0 la classe 5.\" \/>\n<meta name=\"robots\" content=\"index, follow, max-snippet:-1, max-image-preview:large, max-video-preview:-1\" \/>\n<link rel=\"canonical\" href=\"https:\/\/www.keoutdoordesign.com\/fr-fr\/pergolas-gennius\/pergola-avec-toit-plat\/pergola-impermeable-toile-isola-2-a\/\" \/>\n<meta property=\"og:locale\" content=\"fr_FR\" \/>\n<meta property=\"og:type\" content=\"article\" \/>\n<meta property=\"og:title\" content=\"Pergola imperm\u00e9able \u00e0 toile Isola 2 A\" \/>\n<meta property=\"og:description\" content=\"L&#039;Isola 2 A, pergola imperm\u00e9able \u00e0 toile adoss\u00e9e, peut-\u00eatre \u00e9quip\u00e9e de fermetures lat\u00e9rales. R\u00e9sistance au vent jusqu&#039;\u00e0 la classe 5.\" \/>\n<meta property=\"og:url\" content=\"https:\/\/www.keoutdoordesign.com\/fr-fr\/pergolas-gennius\/pergola-avec-toit-plat\/pergola-impermeable-toile-isola-2-a\/\" \/>\n<meta property=\"og:site_name\" content=\"KE Outdoor Design\" \/>\n<meta property=\"article:publisher\" content=\"https:\/\/www.facebook.com\/keoutdoordesign.us\" \/>\n<meta property=\"article:modified_time\" content=\"2025-02-20T10:59:42+00:00\" \/>\n<meta property=\"og:image\" content=\"https:\/\/www.keoutdoordesign.com\/wp-content\/uploads\/2024\/01\/Pergola-impermeable-adossee-Isola-2-ke.jpg\" \/>\n\t<meta property=\"og:image:width\" content=\"1920\" \/>\n\t<meta property=\"og:image:height\" content=\"1280\" \/>\n\t<meta property=\"og:image:type\" content=\"image\/jpeg\" \/>\n<meta name=\"twitter:card\" content=\"summary_large_image\" \/>\n<meta name=\"twitter:site\" content=\"@keoutdoordesign\" \/>\n<script type=\"application\/ld+json\" class=\"yoast-schema-graph\">{\"@context\":\"https:\\\/\\\/schema.org\",\"@graph\":[{\"@type\":\"WebPage\",\"@id\":\"https:\\\/\\\/www.keoutdoordesign.com\\\/fr-fr\\\/pergolas-gennius\\\/pergola-avec-toit-plat\\\/pergola-impermeable-toile-isola-2-a\\\/\",\"url\":\"https:\\\/\\\/www.keoutdoordesign.com\\\/fr-fr\\\/pergolas-gennius\\\/pergola-avec-toit-plat\\\/pergola-impermeable-toile-isola-2-a\\\/\",\"name\":\"Pergola imperm\u00e9able \u00e0 toile Isola 2 A - KE Outdoor Design\",\"isPartOf\":{\"@id\":\"https:\\\/\\\/www.keoutdoordesign.com\\\/it-it\\\/#website\"},\"primaryImageOfPage\":{\"@id\":\"https:\\\/\\\/www.keoutdoordesign.com\\\/fr-fr\\\/pergolas-gennius\\\/pergola-avec-toit-plat\\\/pergola-impermeable-toile-isola-2-a\\\/#primaryimage\"},\"image\":{\"@id\":\"https:\\\/\\\/www.keoutdoordesign.com\\\/fr-fr\\\/pergolas-gennius\\\/pergola-avec-toit-plat\\\/pergola-impermeable-toile-isola-2-a\\\/#primaryimage\"},\"thumbnailUrl\":\"https:\\\/\\\/www.keoutdoordesign.com\\\/wp-content\\\/uploads\\\/2024\\\/01\\\/Pergola-impermeable-adossee-Isola-2-ke.jpg\",\"datePublished\":\"2022-05-06T07:45:28+00:00\",\"dateModified\":\"2025-02-20T10:59:42+00:00\",\"description\":\"L'Isola 2 A, pergola imperm\u00e9able \u00e0 toile adoss\u00e9e, peut-\u00eatre \u00e9quip\u00e9e de fermetures lat\u00e9rales. R\u00e9sistance au vent jusqu'\u00e0 la classe 5.\",\"breadcrumb\":{\"@id\":\"https:\\\/\\\/www.keoutdoordesign.com\\\/fr-fr\\\/pergolas-gennius\\\/pergola-avec-toit-plat\\\/pergola-impermeable-toile-isola-2-a\\\/#breadcrumb\"},\"inLanguage\":\"fr-FR\",\"potentialAction\":[{\"@type\":\"ReadAction\",\"target\":[\"https:\\\/\\\/www.keoutdoordesign.com\\\/fr-fr\\\/pergolas-gennius\\\/pergola-avec-toit-plat\\\/pergola-impermeable-toile-isola-2-a\\\/\"]}]},{\"@type\":\"ImageObject\",\"inLanguage\":\"fr-FR\",\"@id\":\"https:\\\/\\\/www.keoutdoordesign.com\\\/fr-fr\\\/pergolas-gennius\\\/pergola-avec-toit-plat\\\/pergola-impermeable-toile-isola-2-a\\\/#primaryimage\",\"url\":\"https:\\\/\\\/www.keoutdoordesign.com\\\/wp-content\\\/uploads\\\/2024\\\/01\\\/Pergola-impermeable-adossee-Isola-2-ke.jpg\",\"contentUrl\":\"https:\\\/\\\/www.keoutdoordesign.com\\\/wp-content\\\/uploads\\\/2024\\\/01\\\/Pergola-impermeable-adossee-Isola-2-ke.jpg\",\"width\":1920,\"height\":1280,\"caption\":\"Pergola imperm\u00e9able KE adoss\u00e9e \u00e0 toit plat avec toile r\u00e9tractable.\"},{\"@type\":\"BreadcrumbList\",\"@id\":\"https:\\\/\\\/www.keoutdoordesign.com\\\/fr-fr\\\/pergolas-gennius\\\/pergola-avec-toit-plat\\\/pergola-impermeable-toile-isola-2-a\\\/#breadcrumb\",\"itemListElement\":[{\"@type\":\"ListItem\",\"position\":1,\"name\":\"Home\",\"item\":\"https:\\\/\\\/www.keoutdoordesign.com\\\/fr-fr\\\/\"},{\"@type\":\"ListItem\",\"position\":2,\"name\":\"Pergolas sur mesure\",\"item\":\"https:\\\/\\\/www.keoutdoordesign.com\\\/fr-fr\\\/pergolas-gennius\\\/\"},{\"@type\":\"ListItem\",\"position\":3,\"name\":\"Pergolas avec toit plat\",\"item\":\"https:\\\/\\\/www.keoutdoordesign.com\\\/fr-fr\\\/pergolas-gennius\\\/pergola-avec-toit-plat\\\/\"},{\"@type\":\"ListItem\",\"position\":4,\"name\":\"Pergola imperm\u00e9able \u00e0 toile Isola 2 A\"}]},{\"@type\":\"WebSite\",\"@id\":\"https:\\\/\\\/www.keoutdoordesign.com\\\/it-it\\\/#website\",\"url\":\"https:\\\/\\\/www.keoutdoordesign.com\\\/it-it\\\/\",\"name\":\"KE Outdoor Design\",\"description\":\"Un nuovo sito targato WordPress\",\"publisher\":{\"@id\":\"https:\\\/\\\/www.keoutdoordesign.com\\\/it-it\\\/#organization\"},\"potentialAction\":[{\"@type\":\"SearchAction\",\"target\":{\"@type\":\"EntryPoint\",\"urlTemplate\":\"https:\\\/\\\/www.keoutdoordesign.com\\\/it-it\\\/?s={search_term_string}\"},\"query-input\":{\"@type\":\"PropertyValueSpecification\",\"valueRequired\":true,\"valueName\":\"search_term_string\"}}],\"inLanguage\":\"fr-FR\"},{\"@type\":\"Organization\",\"@id\":\"https:\\\/\\\/www.keoutdoordesign.com\\\/it-it\\\/#organization\",\"name\":\"KE Outdoor Design\",\"url\":\"https:\\\/\\\/www.keoutdoordesign.com\\\/it-it\\\/\",\"logo\":{\"@type\":\"ImageObject\",\"inLanguage\":\"fr-FR\",\"@id\":\"https:\\\/\\\/www.keoutdoordesign.com\\\/it-it\\\/#\\\/schema\\\/logo\\\/image\\\/\",\"url\":\"https:\\\/\\\/www.keoutdoordesign.com\\\/wp-content\\\/uploads\\\/2020\\\/02\\\/KE-logo-Primary-e1591282842174.jpg\",\"contentUrl\":\"https:\\\/\\\/www.keoutdoordesign.com\\\/wp-content\\\/uploads\\\/2020\\\/02\\\/KE-logo-Primary-e1591282842174.jpg\",\"width\":500,\"height\":396,\"caption\":\"KE Outdoor Design\"},\"image\":{\"@id\":\"https:\\\/\\\/www.keoutdoordesign.com\\\/it-it\\\/#\\\/schema\\\/logo\\\/image\\\/\"},\"sameAs\":[\"https:\\\/\\\/www.facebook.com\\\/keoutdoordesign.us\",\"https:\\\/\\\/x.com\\\/keoutdoordesign\",\"https:\\\/\\\/www.facebook.com\\\/keoutdoordesign\",\"https:\\\/\\\/www.youtube.com\\\/channel\\\/UCSoMQryJpLqD53bAoZLg2Vg\",\"https:\\\/\\\/www.pinterest.it\\\/keoutdoordesign\\\/\",\"https:\\\/\\\/www.instagram.com\\\/keoutdoordesign\\\/\",\"https:\\\/\\\/www.linkedin.com\\\/company\\\/ke-outdoor-design\\\/\"]}]}<\/script>\n<!-- \/ Yoast SEO Premium plugin. -->","yoast_head_json":{"title":"Pergola imperm\u00e9able \u00e0 toile Isola 2 A - KE Outdoor Design","description":"L'Isola 2 A, pergola imperm\u00e9able \u00e0 toile adoss\u00e9e, peut-\u00eatre \u00e9quip\u00e9e de fermetures lat\u00e9rales. R\u00e9sistance au vent jusqu'\u00e0 la classe 5.","robots":{"index":"index","follow":"follow","max-snippet":"max-snippet:-1","max-image-preview":"max-image-preview:large","max-video-preview":"max-video-preview:-1"},"canonical":"https:\/\/www.keoutdoordesign.com\/fr-fr\/pergolas-gennius\/pergola-avec-toit-plat\/pergola-impermeable-toile-isola-2-a\/","og_locale":"fr_FR","og_type":"article","og_title":"Pergola imperm\u00e9able \u00e0 toile Isola 2 A","og_description":"L'Isola 2 A, pergola imperm\u00e9able \u00e0 toile adoss\u00e9e, peut-\u00eatre \u00e9quip\u00e9e de fermetures lat\u00e9rales. R\u00e9sistance au vent jusqu'\u00e0 la classe 5.","og_url":"https:\/\/www.keoutdoordesign.com\/fr-fr\/pergolas-gennius\/pergola-avec-toit-plat\/pergola-impermeable-toile-isola-2-a\/","og_site_name":"KE Outdoor Design","article_publisher":"https:\/\/www.facebook.com\/keoutdoordesign.us","article_modified_time":"2025-02-20T10:59:42+00:00","og_image":[{"width":1920,"height":1280,"url":"https:\/\/www.keoutdoordesign.com\/wp-content\/uploads\/2024\/01\/Pergola-impermeable-adossee-Isola-2-ke.jpg","type":"image\/jpeg"}],"twitter_card":"summary_large_image","twitter_site":"@keoutdoordesign","schema":{"@context":"https:\/\/schema.org","@graph":[{"@type":"WebPage","@id":"https:\/\/www.keoutdoordesign.com\/fr-fr\/pergolas-gennius\/pergola-avec-toit-plat\/pergola-impermeable-toile-isola-2-a\/","url":"https:\/\/www.keoutdoordesign.com\/fr-fr\/pergolas-gennius\/pergola-avec-toit-plat\/pergola-impermeable-toile-isola-2-a\/","name":"Pergola imperm\u00e9able \u00e0 toile Isola 2 A - KE Outdoor Design","isPartOf":{"@id":"https:\/\/www.keoutdoordesign.com\/it-it\/#website"},"primaryImageOfPage":{"@id":"https:\/\/www.keoutdoordesign.com\/fr-fr\/pergolas-gennius\/pergola-avec-toit-plat\/pergola-impermeable-toile-isola-2-a\/#primaryimage"},"image":{"@id":"https:\/\/www.keoutdoordesign.com\/fr-fr\/pergolas-gennius\/pergola-avec-toit-plat\/pergola-impermeable-toile-isola-2-a\/#primaryimage"},"thumbnailUrl":"https:\/\/www.keoutdoordesign.com\/wp-content\/uploads\/2024\/01\/Pergola-impermeable-adossee-Isola-2-ke.jpg","datePublished":"2022-05-06T07:45:28+00:00","dateModified":"2025-02-20T10:59:42+00:00","description":"L'Isola 2 A, pergola imperm\u00e9able \u00e0 toile adoss\u00e9e, peut-\u00eatre \u00e9quip\u00e9e de fermetures lat\u00e9rales. R\u00e9sistance au vent jusqu'\u00e0 la classe 5.","breadcrumb":{"@id":"https:\/\/www.keoutdoordesign.com\/fr-fr\/pergolas-gennius\/pergola-avec-toit-plat\/pergola-impermeable-toile-isola-2-a\/#breadcrumb"},"inLanguage":"fr-FR","potentialAction":[{"@type":"ReadAction","target":["https:\/\/www.keoutdoordesign.com\/fr-fr\/pergolas-gennius\/pergola-avec-toit-plat\/pergola-impermeable-toile-isola-2-a\/"]}]},{"@type":"ImageObject","inLanguage":"fr-FR","@id":"https:\/\/www.keoutdoordesign.com\/fr-fr\/pergolas-gennius\/pergola-avec-toit-plat\/pergola-impermeable-toile-isola-2-a\/#primaryimage","url":"https:\/\/www.keoutdoordesign.com\/wp-content\/uploads\/2024\/01\/Pergola-impermeable-adossee-Isola-2-ke.jpg","contentUrl":"https:\/\/www.keoutdoordesign.com\/wp-content\/uploads\/2024\/01\/Pergola-impermeable-adossee-Isola-2-ke.jpg","width":1920,"height":1280,"caption":"Pergola imperm\u00e9able KE adoss\u00e9e \u00e0 toit plat avec toile r\u00e9tractable."},{"@type":"BreadcrumbList","@id":"https:\/\/www.keoutdoordesign.com\/fr-fr\/pergolas-gennius\/pergola-avec-toit-plat\/pergola-impermeable-toile-isola-2-a\/#breadcrumb","itemListElement":[{"@type":"ListItem","position":1,"name":"Home","item":"https:\/\/www.keoutdoordesign.com\/fr-fr\/"},{"@type":"ListItem","position":2,"name":"Pergolas sur mesure","item":"https:\/\/www.keoutdoordesign.com\/fr-fr\/pergolas-gennius\/"},{"@type":"ListItem","position":3,"name":"Pergolas avec toit plat","item":"https:\/\/www.keoutdoordesign.com\/fr-fr\/pergolas-gennius\/pergola-avec-toit-plat\/"},{"@type":"ListItem","position":4,"name":"Pergola imperm\u00e9able \u00e0 toile Isola 2 A"}]},{"@type":"WebSite","@id":"https:\/\/www.keoutdoordesign.com\/it-it\/#website","url":"https:\/\/www.keoutdoordesign.com\/it-it\/","name":"KE Outdoor Design","description":"Un nuovo sito targato WordPress","publisher":{"@id":"https:\/\/www.keoutdoordesign.com\/it-it\/#organization"},"potentialAction":[{"@type":"SearchAction","target":{"@type":"EntryPoint","urlTemplate":"https:\/\/www.keoutdoordesign.com\/it-it\/?s={search_term_string}"},"query-input":{"@type":"PropertyValueSpecification","valueRequired":true,"valueName":"search_term_string"}}],"inLanguage":"fr-FR"},{"@type":"Organization","@id":"https:\/\/www.keoutdoordesign.com\/it-it\/#organization","name":"KE Outdoor Design","url":"https:\/\/www.keoutdoordesign.com\/it-it\/","logo":{"@type":"ImageObject","inLanguage":"fr-FR","@id":"https:\/\/www.keoutdoordesign.com\/it-it\/#\/schema\/logo\/image\/","url":"https:\/\/www.keoutdoordesign.com\/wp-content\/uploads\/2020\/02\/KE-logo-Primary-e1591282842174.jpg","contentUrl":"https:\/\/www.keoutdoordesign.com\/wp-content\/uploads\/2020\/02\/KE-logo-Primary-e1591282842174.jpg","width":500,"height":396,"caption":"KE Outdoor Design"},"image":{"@id":"https:\/\/www.keoutdoordesign.com\/it-it\/#\/schema\/logo\/image\/"},"sameAs":["https:\/\/www.facebook.com\/keoutdoordesign.us","https:\/\/x.com\/keoutdoordesign","https:\/\/www.facebook.com\/keoutdoordesign","https:\/\/www.youtube.com\/channel\/UCSoMQryJpLqD53bAoZLg2Vg","https:\/\/www.pinterest.it\/keoutdoordesign\/","https:\/\/www.instagram.com\/keoutdoordesign\/","https:\/\/www.linkedin.com\/company\/ke-outdoor-design\/"]}]}},"_links":{"self":[{"href":"https:\/\/www.keoutdoordesign.com\/fr-fr\/wp-json\/wp\/v2\/pages\/48793","targetHints":{"allow":["GET"]}}],"collection":[{"href":"https:\/\/www.keoutdoordesign.com\/fr-fr\/wp-json\/wp\/v2\/pages"}],"about":[{"href":"https:\/\/www.keoutdoordesign.com\/fr-fr\/wp-json\/wp\/v2\/types\/page"}],"author":[{"embeddable":true,"href":"https:\/\/www.keoutdoordesign.com\/fr-fr\/wp-json\/wp\/v2\/users\/10608"}],"replies":[{"embeddable":true,"href":"https:\/\/www.keoutdoordesign.com\/fr-fr\/wp-json\/wp\/v2\/comments?post=48793"}],"version-history":[{"count":13,"href":"https:\/\/www.keoutdoordesign.com\/fr-fr\/wp-json\/wp\/v2\/pages\/48793\/revisions"}],"predecessor-version":[{"id":104672,"href":"https:\/\/www.keoutdoordesign.com\/fr-fr\/wp-json\/wp\/v2\/pages\/48793\/revisions\/104672"}],"up":[{"embeddable":true,"href":"https:\/\/www.keoutdoordesign.com\/fr-fr\/wp-json\/wp\/v2\/pages\/4567"}],"wp:featuredmedia":[{"embeddable":true,"href":"https:\/\/www.keoutdoordesign.com\/fr-fr\/wp-json\/wp\/v2\/media\/65287"}],"wp:attachment":[{"href":"https:\/\/www.keoutdoordesign.com\/fr-fr\/wp-json\/wp\/v2\/media?parent=48793"}],"curies":[{"name":"wp","href":"https:\/\/api.w.org\/{rel}","templated":true}]}}