{"id":4723,"date":"2019-06-07T12:40:32","date_gmt":"2019-06-07T10:40:32","guid":{"rendered":"http:\/\/ke.localhost.it\/stores-verticaux-et-screeny\/store-screen\/screeny-150\/screeny-150-coulisse-zip\/"},"modified":"2026-04-09T15:03:35","modified_gmt":"2026-04-09T13:03:35","slug":"screeny-150-coulisse-zip","status":"publish","type":"page","link":"https:\/\/www.keoutdoordesign.com\/fr-fr\/stores-verticaux-et-screeny\/stores-screen\/screeny-150\/screeny-150-coulisse-zip\/","title":{"rendered":"Screeny 150 coulisse zip"},"content":{"rendered":"<h4>Store enrouleur ext\u00e9rieur imperm\u00e9able : l&rsquo;unique store en guidage coulisse ZIP \u00e0 pouvoir offrir une telle capacit\u00e9 de recouvrement.<\/h4>\n<p>Design, fonctionnel, avec une tr\u00e8s grande capacit\u00e9 de recouvrement d\u00e9couvrez notre<strong> store enrouleur ext\u00e9rieur imperm\u00e9able et r\u00e9sistant au vent<\/strong>. Le guidage par coulisse Zip permet une tension parfaite entre la toile et son guidage.<\/p>\n<p>Une innovation technologique englobant une multitude de brevets industriels et design alli\u00e9 \u00e0 une large possibilit\u00e9 de personnalisation comme la mise de toile imperm\u00e9able, occultante, transparente&#8230; Tant de caract\u00e9ristiques qui en font un store qui r\u00e9pond parfaitement \u00e0 toutes les exigences techniques.<\/p>\n<p>Uniquement en version motoris\u00e9e, sa large possibilit\u00e9 de personnalisation permet un choix de couleur; de dimensions et de style de toile pour une luminosit\u00e9 plus ou moins \u00e9lev\u00e9e dans vos pi\u00e8ces.<\/p>\n<p>D\u00e9couvrez les syst\u00e8mes de motorisation moderne avec <a href=\"https:\/\/www.somfy.fr\/produits\/volets-et-brise-soleil\/stores-exterieurs-verticaux\">SOMFY pour stores verticaux<\/a>.<\/p>\n<p>Dimensions id\u00e9ales pour la couverture verticale de pergola ou grandes baies-vitr\u00e9es.<\/p>\n<h4><span style=\"text-decoration: underline;\"><strong>Avantages\/ Particularit\u00e9s:\u00a0<\/strong><\/span><\/h4>\n<p>Store \u00e0 rouleau :<\/p>\n<ul>\n<li>Profil simple-double installation<\/li>\n<li>Support coffre dissimul\u00e9<\/li>\n<li>Possibilit\u00e9 d&rsquo;inspection<\/li>\n<li>Design et innovation<\/li>\n<li>Adapt\u00e9 pour la protection de tr\u00e8s grands espaces vitr\u00e9s<\/li>\n<\/ul>\n<p>D\u00e9couvrez \u00e9galement, avec le m\u00eame syst\u00e8me de tension de la toile, mais dans des dimensions l\u00e9g\u00e8rement plus petites le <a href=\"\/?page_id=4721\">Sreeny 130 coulisse ZIP<\/a><\/p>\n","protected":false},"excerpt":{"rendered":"<p>Store enrouleur ext\u00e9rieur imperm\u00e9able : l&rsquo;unique store en guidage coulisse ZIP \u00e0 pouvoir offrir une telle capacit\u00e9 de recouvrement. Design,&hellip;<\/p>\n","protected":false},"author":10608,"featured_media":65865,"parent":4707,"menu_order":15,"comment_status":"closed","ping_status":"closed","template":"page-templates\/product.php","meta":{"_acf_changed":false,"footnotes":""},"class_list":["post-4723","page","type-page","status-publish","has-post-thumbnail","hentry"],"acf":[],"yoast_head":"<!-- This site is optimized with the Yoast SEO Premium plugin v20.12 (Yoast SEO v27.3) - https:\/\/yoast.com\/product\/yoast-seo-premium-wordpress\/ -->\n<title>Store vertical Screeny 150 coulisse zip - KE Outdoor Design<\/title>\n<meta name=\"description\" content=\"Solution id\u00e9ale pour occulter : le store enrouleur ext\u00e9rieur imperm\u00e9able \u00e0 coulisse ZIP KE. Sur mesure jusque 6x5m. Moteur Somfy.\" \/>\n<meta name=\"robots\" content=\"index, follow, max-snippet:-1, max-image-preview:large, max-video-preview:-1\" \/>\n<link rel=\"canonical\" href=\"https:\/\/www.keoutdoordesign.com\/fr-fr\/stores-verticaux-et-screeny\/stores-screen\/screeny-150\/screeny-150-coulisse-zip\/\" \/>\n<meta property=\"og:locale\" content=\"fr_FR\" \/>\n<meta property=\"og:type\" content=\"article\" \/>\n<meta property=\"og:title\" content=\"Screeny 150 coulisse zip\" \/>\n<meta property=\"og:description\" content=\"Solution id\u00e9ale pour occulter : le store enrouleur ext\u00e9rieur imperm\u00e9able \u00e0 coulisse ZIP KE. Sur mesure jusque 6x5m. Moteur Somfy.\" \/>\n<meta property=\"og:url\" content=\"https:\/\/www.keoutdoordesign.com\/fr-fr\/stores-verticaux-et-screeny\/stores-screen\/screeny-150\/screeny-150-coulisse-zip\/\" \/>\n<meta property=\"og:site_name\" content=\"KE Outdoor Design\" \/>\n<meta property=\"article:publisher\" content=\"https:\/\/www.facebook.com\/keoutdoordesign.us\" \/>\n<meta property=\"article:modified_time\" content=\"2026-04-09T13:03:35+00:00\" \/>\n<meta property=\"og:image\" content=\"https:\/\/www.keoutdoordesign.com\/wp-content\/uploads\/2024\/02\/Store-enrouleur-exterieur-impermeable-Screeny-150-coulisse-zip-KE.webp\" \/>\n\t<meta property=\"og:image:width\" content=\"1920\" \/>\n\t<meta property=\"og:image:height\" content=\"1280\" \/>\n\t<meta property=\"og:image:type\" content=\"image\/webp\" \/>\n<meta name=\"twitter:card\" content=\"summary_large_image\" \/>\n<meta name=\"twitter:site\" content=\"@keoutdoordesign\" \/>\n<script type=\"application\/ld+json\" class=\"yoast-schema-graph\">{\"@context\":\"https:\\\/\\\/schema.org\",\"@graph\":[{\"@type\":\"WebPage\",\"@id\":\"https:\\\/\\\/www.keoutdoordesign.com\\\/fr-fr\\\/stores-verticaux-et-screeny\\\/stores-screen\\\/screeny-150\\\/screeny-150-coulisse-zip\\\/\",\"url\":\"https:\\\/\\\/www.keoutdoordesign.com\\\/fr-fr\\\/stores-verticaux-et-screeny\\\/stores-screen\\\/screeny-150\\\/screeny-150-coulisse-zip\\\/\",\"name\":\"Store vertical Screeny 150 coulisse zip - KE Outdoor Design\",\"isPartOf\":{\"@id\":\"https:\\\/\\\/www.keoutdoordesign.com\\\/it-it\\\/#website\"},\"primaryImageOfPage\":{\"@id\":\"https:\\\/\\\/www.keoutdoordesign.com\\\/fr-fr\\\/stores-verticaux-et-screeny\\\/stores-screen\\\/screeny-150\\\/screeny-150-coulisse-zip\\\/#primaryimage\"},\"image\":{\"@id\":\"https:\\\/\\\/www.keoutdoordesign.com\\\/fr-fr\\\/stores-verticaux-et-screeny\\\/stores-screen\\\/screeny-150\\\/screeny-150-coulisse-zip\\\/#primaryimage\"},\"thumbnailUrl\":\"https:\\\/\\\/www.keoutdoordesign.com\\\/wp-content\\\/uploads\\\/2024\\\/02\\\/Store-enrouleur-exterieur-impermeable-Screeny-150-coulisse-zip-KE.webp\",\"datePublished\":\"2019-06-07T10:40:32+00:00\",\"dateModified\":\"2026-04-09T13:03:35+00:00\",\"description\":\"Solution id\u00e9ale pour occulter : le store enrouleur ext\u00e9rieur imperm\u00e9able \u00e0 coulisse ZIP KE. Sur mesure jusque 6x5m. Moteur Somfy.\",\"breadcrumb\":{\"@id\":\"https:\\\/\\\/www.keoutdoordesign.com\\\/fr-fr\\\/stores-verticaux-et-screeny\\\/stores-screen\\\/screeny-150\\\/screeny-150-coulisse-zip\\\/#breadcrumb\"},\"inLanguage\":\"fr-FR\",\"potentialAction\":[{\"@type\":\"ReadAction\",\"target\":[\"https:\\\/\\\/www.keoutdoordesign.com\\\/fr-fr\\\/stores-verticaux-et-screeny\\\/stores-screen\\\/screeny-150\\\/screeny-150-coulisse-zip\\\/\"]}]},{\"@type\":\"ImageObject\",\"inLanguage\":\"fr-FR\",\"@id\":\"https:\\\/\\\/www.keoutdoordesign.com\\\/fr-fr\\\/stores-verticaux-et-screeny\\\/stores-screen\\\/screeny-150\\\/screeny-150-coulisse-zip\\\/#primaryimage\",\"url\":\"https:\\\/\\\/www.keoutdoordesign.com\\\/wp-content\\\/uploads\\\/2024\\\/02\\\/Store-enrouleur-exterieur-impermeable-Screeny-150-coulisse-zip-KE.webp\",\"contentUrl\":\"https:\\\/\\\/www.keoutdoordesign.com\\\/wp-content\\\/uploads\\\/2024\\\/02\\\/Store-enrouleur-exterieur-impermeable-Screeny-150-coulisse-zip-KE.webp\",\"width\":1920,\"height\":1280,\"caption\":\"Grand store enrouleur ext\u00e9rieur imperm\u00e9able et r\u00e9sistant au vent.\"},{\"@type\":\"BreadcrumbList\",\"@id\":\"https:\\\/\\\/www.keoutdoordesign.com\\\/fr-fr\\\/stores-verticaux-et-screeny\\\/stores-screen\\\/screeny-150\\\/screeny-150-coulisse-zip\\\/#breadcrumb\",\"itemListElement\":[{\"@type\":\"ListItem\",\"position\":1,\"name\":\"Home\",\"item\":\"https:\\\/\\\/www.keoutdoordesign.com\\\/fr-fr\\\/\"},{\"@type\":\"ListItem\",\"position\":2,\"name\":\"Stores verticaux et Screeny\",\"item\":\"https:\\\/\\\/www.keoutdoordesign.com\\\/fr-fr\\\/stores-verticaux-et-screeny\\\/\"},{\"@type\":\"ListItem\",\"position\":3,\"name\":\"Stores screen\",\"item\":\"https:\\\/\\\/www.keoutdoordesign.com\\\/fr-fr\\\/stores-verticaux-et-screeny\\\/stores-screen\\\/\"},{\"@type\":\"ListItem\",\"position\":4,\"name\":\"Screeny 150\",\"item\":\"https:\\\/\\\/www.keoutdoordesign.com\\\/fr-fr\\\/stores-verticaux-et-screeny\\\/stores-screen\\\/screeny-150\\\/\"},{\"@type\":\"ListItem\",\"position\":5,\"name\":\"Screeny 150 coulisse zip\"}]},{\"@type\":\"WebSite\",\"@id\":\"https:\\\/\\\/www.keoutdoordesign.com\\\/it-it\\\/#website\",\"url\":\"https:\\\/\\\/www.keoutdoordesign.com\\\/it-it\\\/\",\"name\":\"KE Outdoor Design\",\"description\":\"Un nuovo sito targato WordPress\",\"publisher\":{\"@id\":\"https:\\\/\\\/www.keoutdoordesign.com\\\/it-it\\\/#organization\"},\"potentialAction\":[{\"@type\":\"SearchAction\",\"target\":{\"@type\":\"EntryPoint\",\"urlTemplate\":\"https:\\\/\\\/www.keoutdoordesign.com\\\/it-it\\\/?s={search_term_string}\"},\"query-input\":{\"@type\":\"PropertyValueSpecification\",\"valueRequired\":true,\"valueName\":\"search_term_string\"}}],\"inLanguage\":\"fr-FR\"},{\"@type\":\"Organization\",\"@id\":\"https:\\\/\\\/www.keoutdoordesign.com\\\/it-it\\\/#organization\",\"name\":\"KE Outdoor Design\",\"url\":\"https:\\\/\\\/www.keoutdoordesign.com\\\/it-it\\\/\",\"logo\":{\"@type\":\"ImageObject\",\"inLanguage\":\"fr-FR\",\"@id\":\"https:\\\/\\\/www.keoutdoordesign.com\\\/it-it\\\/#\\\/schema\\\/logo\\\/image\\\/\",\"url\":\"https:\\\/\\\/www.keoutdoordesign.com\\\/wp-content\\\/uploads\\\/2020\\\/02\\\/KE-logo-Primary-e1591282842174.jpg\",\"contentUrl\":\"https:\\\/\\\/www.keoutdoordesign.com\\\/wp-content\\\/uploads\\\/2020\\\/02\\\/KE-logo-Primary-e1591282842174.jpg\",\"width\":500,\"height\":396,\"caption\":\"KE Outdoor Design\"},\"image\":{\"@id\":\"https:\\\/\\\/www.keoutdoordesign.com\\\/it-it\\\/#\\\/schema\\\/logo\\\/image\\\/\"},\"sameAs\":[\"https:\\\/\\\/www.facebook.com\\\/keoutdoordesign.us\",\"https:\\\/\\\/x.com\\\/keoutdoordesign\",\"https:\\\/\\\/www.facebook.com\\\/keoutdoordesign\",\"https:\\\/\\\/www.youtube.com\\\/channel\\\/UCSoMQryJpLqD53bAoZLg2Vg\",\"https:\\\/\\\/www.pinterest.it\\\/keoutdoordesign\\\/\",\"https:\\\/\\\/www.instagram.com\\\/keoutdoordesign\\\/\",\"https:\\\/\\\/www.linkedin.com\\\/company\\\/ke-outdoor-design\\\/\"]}]}<\/script>\n<!-- \/ Yoast SEO Premium plugin. -->","yoast_head_json":{"title":"Store vertical Screeny 150 coulisse zip - KE Outdoor Design","description":"Solution id\u00e9ale pour occulter : le store enrouleur ext\u00e9rieur imperm\u00e9able \u00e0 coulisse ZIP KE. Sur mesure jusque 6x5m. Moteur Somfy.","robots":{"index":"index","follow":"follow","max-snippet":"max-snippet:-1","max-image-preview":"max-image-preview:large","max-video-preview":"max-video-preview:-1"},"canonical":"https:\/\/www.keoutdoordesign.com\/fr-fr\/stores-verticaux-et-screeny\/stores-screen\/screeny-150\/screeny-150-coulisse-zip\/","og_locale":"fr_FR","og_type":"article","og_title":"Screeny 150 coulisse zip","og_description":"Solution id\u00e9ale pour occulter : le store enrouleur ext\u00e9rieur imperm\u00e9able \u00e0 coulisse ZIP KE. Sur mesure jusque 6x5m. Moteur Somfy.","og_url":"https:\/\/www.keoutdoordesign.com\/fr-fr\/stores-verticaux-et-screeny\/stores-screen\/screeny-150\/screeny-150-coulisse-zip\/","og_site_name":"KE Outdoor Design","article_publisher":"https:\/\/www.facebook.com\/keoutdoordesign.us","article_modified_time":"2026-04-09T13:03:35+00:00","og_image":[{"width":1920,"height":1280,"url":"https:\/\/www.keoutdoordesign.com\/wp-content\/uploads\/2024\/02\/Store-enrouleur-exterieur-impermeable-Screeny-150-coulisse-zip-KE.webp","type":"image\/webp"}],"twitter_card":"summary_large_image","twitter_site":"@keoutdoordesign","schema":{"@context":"https:\/\/schema.org","@graph":[{"@type":"WebPage","@id":"https:\/\/www.keoutdoordesign.com\/fr-fr\/stores-verticaux-et-screeny\/stores-screen\/screeny-150\/screeny-150-coulisse-zip\/","url":"https:\/\/www.keoutdoordesign.com\/fr-fr\/stores-verticaux-et-screeny\/stores-screen\/screeny-150\/screeny-150-coulisse-zip\/","name":"Store vertical Screeny 150 coulisse zip - KE Outdoor Design","isPartOf":{"@id":"https:\/\/www.keoutdoordesign.com\/it-it\/#website"},"primaryImageOfPage":{"@id":"https:\/\/www.keoutdoordesign.com\/fr-fr\/stores-verticaux-et-screeny\/stores-screen\/screeny-150\/screeny-150-coulisse-zip\/#primaryimage"},"image":{"@id":"https:\/\/www.keoutdoordesign.com\/fr-fr\/stores-verticaux-et-screeny\/stores-screen\/screeny-150\/screeny-150-coulisse-zip\/#primaryimage"},"thumbnailUrl":"https:\/\/www.keoutdoordesign.com\/wp-content\/uploads\/2024\/02\/Store-enrouleur-exterieur-impermeable-Screeny-150-coulisse-zip-KE.webp","datePublished":"2019-06-07T10:40:32+00:00","dateModified":"2026-04-09T13:03:35+00:00","description":"Solution id\u00e9ale pour occulter : le store enrouleur ext\u00e9rieur imperm\u00e9able \u00e0 coulisse ZIP KE. Sur mesure jusque 6x5m. Moteur Somfy.","breadcrumb":{"@id":"https:\/\/www.keoutdoordesign.com\/fr-fr\/stores-verticaux-et-screeny\/stores-screen\/screeny-150\/screeny-150-coulisse-zip\/#breadcrumb"},"inLanguage":"fr-FR","potentialAction":[{"@type":"ReadAction","target":["https:\/\/www.keoutdoordesign.com\/fr-fr\/stores-verticaux-et-screeny\/stores-screen\/screeny-150\/screeny-150-coulisse-zip\/"]}]},{"@type":"ImageObject","inLanguage":"fr-FR","@id":"https:\/\/www.keoutdoordesign.com\/fr-fr\/stores-verticaux-et-screeny\/stores-screen\/screeny-150\/screeny-150-coulisse-zip\/#primaryimage","url":"https:\/\/www.keoutdoordesign.com\/wp-content\/uploads\/2024\/02\/Store-enrouleur-exterieur-impermeable-Screeny-150-coulisse-zip-KE.webp","contentUrl":"https:\/\/www.keoutdoordesign.com\/wp-content\/uploads\/2024\/02\/Store-enrouleur-exterieur-impermeable-Screeny-150-coulisse-zip-KE.webp","width":1920,"height":1280,"caption":"Grand store enrouleur ext\u00e9rieur imperm\u00e9able et r\u00e9sistant au vent."},{"@type":"BreadcrumbList","@id":"https:\/\/www.keoutdoordesign.com\/fr-fr\/stores-verticaux-et-screeny\/stores-screen\/screeny-150\/screeny-150-coulisse-zip\/#breadcrumb","itemListElement":[{"@type":"ListItem","position":1,"name":"Home","item":"https:\/\/www.keoutdoordesign.com\/fr-fr\/"},{"@type":"ListItem","position":2,"name":"Stores verticaux et Screeny","item":"https:\/\/www.keoutdoordesign.com\/fr-fr\/stores-verticaux-et-screeny\/"},{"@type":"ListItem","position":3,"name":"Stores screen","item":"https:\/\/www.keoutdoordesign.com\/fr-fr\/stores-verticaux-et-screeny\/stores-screen\/"},{"@type":"ListItem","position":4,"name":"Screeny 150","item":"https:\/\/www.keoutdoordesign.com\/fr-fr\/stores-verticaux-et-screeny\/stores-screen\/screeny-150\/"},{"@type":"ListItem","position":5,"name":"Screeny 150 coulisse zip"}]},{"@type":"WebSite","@id":"https:\/\/www.keoutdoordesign.com\/it-it\/#website","url":"https:\/\/www.keoutdoordesign.com\/it-it\/","name":"KE Outdoor Design","description":"Un nuovo sito targato WordPress","publisher":{"@id":"https:\/\/www.keoutdoordesign.com\/it-it\/#organization"},"potentialAction":[{"@type":"SearchAction","target":{"@type":"EntryPoint","urlTemplate":"https:\/\/www.keoutdoordesign.com\/it-it\/?s={search_term_string}"},"query-input":{"@type":"PropertyValueSpecification","valueRequired":true,"valueName":"search_term_string"}}],"inLanguage":"fr-FR"},{"@type":"Organization","@id":"https:\/\/www.keoutdoordesign.com\/it-it\/#organization","name":"KE Outdoor Design","url":"https:\/\/www.keoutdoordesign.com\/it-it\/","logo":{"@type":"ImageObject","inLanguage":"fr-FR","@id":"https:\/\/www.keoutdoordesign.com\/it-it\/#\/schema\/logo\/image\/","url":"https:\/\/www.keoutdoordesign.com\/wp-content\/uploads\/2020\/02\/KE-logo-Primary-e1591282842174.jpg","contentUrl":"https:\/\/www.keoutdoordesign.com\/wp-content\/uploads\/2020\/02\/KE-logo-Primary-e1591282842174.jpg","width":500,"height":396,"caption":"KE Outdoor Design"},"image":{"@id":"https:\/\/www.keoutdoordesign.com\/it-it\/#\/schema\/logo\/image\/"},"sameAs":["https:\/\/www.facebook.com\/keoutdoordesign.us","https:\/\/x.com\/keoutdoordesign","https:\/\/www.facebook.com\/keoutdoordesign","https:\/\/www.youtube.com\/channel\/UCSoMQryJpLqD53bAoZLg2Vg","https:\/\/www.pinterest.it\/keoutdoordesign\/","https:\/\/www.instagram.com\/keoutdoordesign\/","https:\/\/www.linkedin.com\/company\/ke-outdoor-design\/"]}]}},"_links":{"self":[{"href":"https:\/\/www.keoutdoordesign.com\/fr-fr\/wp-json\/wp\/v2\/pages\/4723","targetHints":{"allow":["GET"]}}],"collection":[{"href":"https:\/\/www.keoutdoordesign.com\/fr-fr\/wp-json\/wp\/v2\/pages"}],"about":[{"href":"https:\/\/www.keoutdoordesign.com\/fr-fr\/wp-json\/wp\/v2\/types\/page"}],"author":[{"embeddable":true,"href":"https:\/\/www.keoutdoordesign.com\/fr-fr\/wp-json\/wp\/v2\/users\/10608"}],"replies":[{"embeddable":true,"href":"https:\/\/www.keoutdoordesign.com\/fr-fr\/wp-json\/wp\/v2\/comments?post=4723"}],"version-history":[{"count":21,"href":"https:\/\/www.keoutdoordesign.com\/fr-fr\/wp-json\/wp\/v2\/pages\/4723\/revisions"}],"predecessor-version":[{"id":121341,"href":"https:\/\/www.keoutdoordesign.com\/fr-fr\/wp-json\/wp\/v2\/pages\/4723\/revisions\/121341"}],"up":[{"embeddable":true,"href":"https:\/\/www.keoutdoordesign.com\/fr-fr\/wp-json\/wp\/v2\/pages\/4707"}],"wp:featuredmedia":[{"embeddable":true,"href":"https:\/\/www.keoutdoordesign.com\/fr-fr\/wp-json\/wp\/v2\/media\/65865"}],"wp:attachment":[{"href":"https:\/\/www.keoutdoordesign.com\/fr-fr\/wp-json\/wp\/v2\/media?parent=4723"}],"curies":[{"name":"wp","href":"https:\/\/api.w.org\/{rel}","templated":true}]}}