{"id":4722,"date":"2019-06-07T12:40:32","date_gmt":"2019-06-07T10:40:32","guid":{"rendered":"http:\/\/ke.localhost.it\/stores-verticaux-et-screeny\/store-screen\/screeny-150\/screeny-150-coulisse\/"},"modified":"2026-04-09T15:02:20","modified_gmt":"2026-04-09T13:02:20","slug":"screeny-150-coulisse","status":"publish","type":"page","link":"https:\/\/www.keoutdoordesign.com\/fr-fr\/stores-verticaux-et-screeny\/stores-screen\/screeny-150\/screeny-150-coulisse\/","title":{"rendered":"Screeny 150 coulisse"},"content":{"rendered":"<h4><strong>Le store vertical ext\u00e9rieur grande largeur coulissant qui offre une possibilit\u00e9 de recouvrement incroyable !\u00a0<\/strong><\/h4>\n<p>Il s&rsquo;agit du Screeny le plus grand de sa gamme dans le guidage coulisse. Avec celui ci, vous vous assurez de recouvrir m\u00eame vos plus grands espaces vitr\u00e9s.<\/p>\n<p><strong>Uniquement en version motoris\u00e9<\/strong>, son \u00e9tude parfaite permet une <strong>tension de la toile maximum<\/strong> et un encombrement minimal.<\/p>\n<p>Comme tous nos produits, ce store vertical grande largeur est<strong> sur mesure<\/strong>. Choisissez la toile et la dimension ad\u00e9quate du store selon votre besoin de <strong>luminosit\u00e9<\/strong> dans vos pi\u00e8ces de vie : tr\u00e8s \u00e9clair\u00e9e, tamis\u00e9e ou sombre. Bien s\u00fbr nos Screeny <strong>emp\u00eachent l&rsquo;introduction de la chaleur<\/strong> dans vos espaces int\u00e9rieurs.<\/p>\n<p>Avec la possibilit\u00e9 de donner le style que vous souhaitez \u00e0 votre store combin\u00e9 \u00e0 la haute simplicit\u00e9 de fonctionnement gr\u00e2ce \u00e0 la motorisation <a href=\"https:\/\/www.somfy.fr\/produits\/volets-et-brise-soleil\/stores-exterieurs-verticaux\">Somfy<\/a>, il est reconnu comme \u00e9tant le store enrouleur tamisant pour <strong>grand salon<\/strong> id\u00e9al.<\/p>\n<p>Store pour pergola ou grandes baies vitr\u00e9es.<\/p>\n<h4><span style=\"text-decoration: underline;\"><strong>Avantages\/ Particularit\u00e9s :\u00a0<\/strong><\/span><\/h4>\n<p>Store \u00e0 rouleau :<\/p>\n<ul>\n<li>Profil simple-double installation<\/li>\n<li>Support coffre dissimul\u00e9<\/li>\n<li>Possibilit\u00e9 d&rsquo;inspection<\/li>\n<li>Design et innovation<\/li>\n<li>Adapt\u00e9 pour la protection de tr\u00e8s grands espaces vitr\u00e9s<\/li>\n<li>Uniquement en version motoris\u00e9e<\/li>\n<\/ul>\n<p>Passez d&rsquo;un store tamisant \u00e0 un store occultant avec notre <a href=\"\/?page_id=4723\">store \u00e0 coulisse ZIP 150<\/a>.<\/p>\n","protected":false},"excerpt":{"rendered":"<p>Le store vertical ext\u00e9rieur grande largeur coulissant qui offre une possibilit\u00e9 de recouvrement incroyable !\u00a0 Il s&rsquo;agit du Screeny le&hellip;<\/p>\n","protected":false},"author":10608,"featured_media":65871,"parent":4707,"menu_order":7,"comment_status":"closed","ping_status":"closed","template":"page-templates\/product.php","meta":{"_acf_changed":false,"footnotes":""},"class_list":["post-4722","page","type-page","status-publish","has-post-thumbnail","hentry"],"acf":[],"yoast_head":"<!-- This site is optimized with the Yoast SEO Premium plugin v20.12 (Yoast SEO v27.3) - https:\/\/yoast.com\/product\/yoast-seo-premium-wordpress\/ -->\n<title>Store vertical Screeny 150 coulisse - KE Outdoor Design<\/title>\n<meta name=\"description\" content=\"Store vertical ext\u00e9rieur coulissant grande largeur, pouvant aller jusque 6 m\u00e8tres. Muni d&#039;un coffre, il allie confort &amp; design.\" \/>\n<meta name=\"robots\" content=\"index, follow, max-snippet:-1, max-image-preview:large, max-video-preview:-1\" \/>\n<link rel=\"canonical\" href=\"https:\/\/www.keoutdoordesign.com\/fr-fr\/stores-verticaux-et-screeny\/stores-screen\/screeny-150\/screeny-150-coulisse\/\" \/>\n<meta property=\"og:locale\" content=\"fr_FR\" \/>\n<meta property=\"og:type\" content=\"article\" \/>\n<meta property=\"og:title\" content=\"Screeny 150 coulisse\" \/>\n<meta property=\"og:description\" content=\"Store vertical ext\u00e9rieur coulissant grande largeur, pouvant aller jusque 6 m\u00e8tres. Muni d&#039;un coffre, il allie confort &amp; design.\" \/>\n<meta property=\"og:url\" content=\"https:\/\/www.keoutdoordesign.com\/fr-fr\/stores-verticaux-et-screeny\/stores-screen\/screeny-150\/screeny-150-coulisse\/\" \/>\n<meta property=\"og:site_name\" content=\"KE Outdoor Design\" \/>\n<meta property=\"article:publisher\" content=\"https:\/\/www.facebook.com\/keoutdoordesign.us\" \/>\n<meta property=\"article:modified_time\" content=\"2026-04-09T13:02:20+00:00\" \/>\n<meta property=\"og:image\" content=\"https:\/\/www.keoutdoordesign.com\/wp-content\/uploads\/2024\/02\/Store-vertical-exterieur-grande-largeur-Screeny-150-coulisse-KE.jpg\" \/>\n\t<meta property=\"og:image:width\" content=\"1920\" \/>\n\t<meta property=\"og:image:height\" content=\"1469\" \/>\n\t<meta property=\"og:image:type\" content=\"image\/jpeg\" \/>\n<meta name=\"twitter:card\" content=\"summary_large_image\" \/>\n<meta name=\"twitter:site\" content=\"@keoutdoordesign\" \/>\n<script type=\"application\/ld+json\" class=\"yoast-schema-graph\">{\"@context\":\"https:\\\/\\\/schema.org\",\"@graph\":[{\"@type\":\"WebPage\",\"@id\":\"https:\\\/\\\/www.keoutdoordesign.com\\\/fr-fr\\\/stores-verticaux-et-screeny\\\/stores-screen\\\/screeny-150\\\/screeny-150-coulisse\\\/\",\"url\":\"https:\\\/\\\/www.keoutdoordesign.com\\\/fr-fr\\\/stores-verticaux-et-screeny\\\/stores-screen\\\/screeny-150\\\/screeny-150-coulisse\\\/\",\"name\":\"Store vertical Screeny 150 coulisse - KE Outdoor Design\",\"isPartOf\":{\"@id\":\"https:\\\/\\\/www.keoutdoordesign.com\\\/it-it\\\/#website\"},\"primaryImageOfPage\":{\"@id\":\"https:\\\/\\\/www.keoutdoordesign.com\\\/fr-fr\\\/stores-verticaux-et-screeny\\\/stores-screen\\\/screeny-150\\\/screeny-150-coulisse\\\/#primaryimage\"},\"image\":{\"@id\":\"https:\\\/\\\/www.keoutdoordesign.com\\\/fr-fr\\\/stores-verticaux-et-screeny\\\/stores-screen\\\/screeny-150\\\/screeny-150-coulisse\\\/#primaryimage\"},\"thumbnailUrl\":\"https:\\\/\\\/www.keoutdoordesign.com\\\/wp-content\\\/uploads\\\/2024\\\/02\\\/Store-vertical-exterieur-grande-largeur-Screeny-150-coulisse-KE.jpg\",\"datePublished\":\"2019-06-07T10:40:32+00:00\",\"dateModified\":\"2026-04-09T13:02:20+00:00\",\"description\":\"Store vertical ext\u00e9rieur coulissant grande largeur, pouvant aller jusque 6 m\u00e8tres. Muni d'un coffre, il allie confort & design.\",\"breadcrumb\":{\"@id\":\"https:\\\/\\\/www.keoutdoordesign.com\\\/fr-fr\\\/stores-verticaux-et-screeny\\\/stores-screen\\\/screeny-150\\\/screeny-150-coulisse\\\/#breadcrumb\"},\"inLanguage\":\"fr-FR\",\"potentialAction\":[{\"@type\":\"ReadAction\",\"target\":[\"https:\\\/\\\/www.keoutdoordesign.com\\\/fr-fr\\\/stores-verticaux-et-screeny\\\/stores-screen\\\/screeny-150\\\/screeny-150-coulisse\\\/\"]}]},{\"@type\":\"ImageObject\",\"inLanguage\":\"fr-FR\",\"@id\":\"https:\\\/\\\/www.keoutdoordesign.com\\\/fr-fr\\\/stores-verticaux-et-screeny\\\/stores-screen\\\/screeny-150\\\/screeny-150-coulisse\\\/#primaryimage\",\"url\":\"https:\\\/\\\/www.keoutdoordesign.com\\\/wp-content\\\/uploads\\\/2024\\\/02\\\/Store-vertical-exterieur-grande-largeur-Screeny-150-coulisse-KE.jpg\",\"contentUrl\":\"https:\\\/\\\/www.keoutdoordesign.com\\\/wp-content\\\/uploads\\\/2024\\\/02\\\/Store-vertical-exterieur-grande-largeur-Screeny-150-coulisse-KE.jpg\",\"width\":1920,\"height\":1469,\"caption\":\"Un store screen occultant ou tamisant tr\u00e8s grandes dimensions pour la couverture des plus grands espaces vitr\u00e9s.\"},{\"@type\":\"BreadcrumbList\",\"@id\":\"https:\\\/\\\/www.keoutdoordesign.com\\\/fr-fr\\\/stores-verticaux-et-screeny\\\/stores-screen\\\/screeny-150\\\/screeny-150-coulisse\\\/#breadcrumb\",\"itemListElement\":[{\"@type\":\"ListItem\",\"position\":1,\"name\":\"Home\",\"item\":\"https:\\\/\\\/www.keoutdoordesign.com\\\/fr-fr\\\/\"},{\"@type\":\"ListItem\",\"position\":2,\"name\":\"Stores verticaux et Screeny\",\"item\":\"https:\\\/\\\/www.keoutdoordesign.com\\\/fr-fr\\\/stores-verticaux-et-screeny\\\/\"},{\"@type\":\"ListItem\",\"position\":3,\"name\":\"Stores screen\",\"item\":\"https:\\\/\\\/www.keoutdoordesign.com\\\/fr-fr\\\/stores-verticaux-et-screeny\\\/stores-screen\\\/\"},{\"@type\":\"ListItem\",\"position\":4,\"name\":\"Screeny 150\",\"item\":\"https:\\\/\\\/www.keoutdoordesign.com\\\/fr-fr\\\/stores-verticaux-et-screeny\\\/stores-screen\\\/screeny-150\\\/\"},{\"@type\":\"ListItem\",\"position\":5,\"name\":\"Screeny 150 coulisse\"}]},{\"@type\":\"WebSite\",\"@id\":\"https:\\\/\\\/www.keoutdoordesign.com\\\/it-it\\\/#website\",\"url\":\"https:\\\/\\\/www.keoutdoordesign.com\\\/it-it\\\/\",\"name\":\"KE Outdoor Design\",\"description\":\"Un nuovo sito targato WordPress\",\"publisher\":{\"@id\":\"https:\\\/\\\/www.keoutdoordesign.com\\\/it-it\\\/#organization\"},\"potentialAction\":[{\"@type\":\"SearchAction\",\"target\":{\"@type\":\"EntryPoint\",\"urlTemplate\":\"https:\\\/\\\/www.keoutdoordesign.com\\\/it-it\\\/?s={search_term_string}\"},\"query-input\":{\"@type\":\"PropertyValueSpecification\",\"valueRequired\":true,\"valueName\":\"search_term_string\"}}],\"inLanguage\":\"fr-FR\"},{\"@type\":\"Organization\",\"@id\":\"https:\\\/\\\/www.keoutdoordesign.com\\\/it-it\\\/#organization\",\"name\":\"KE Outdoor Design\",\"url\":\"https:\\\/\\\/www.keoutdoordesign.com\\\/it-it\\\/\",\"logo\":{\"@type\":\"ImageObject\",\"inLanguage\":\"fr-FR\",\"@id\":\"https:\\\/\\\/www.keoutdoordesign.com\\\/it-it\\\/#\\\/schema\\\/logo\\\/image\\\/\",\"url\":\"https:\\\/\\\/www.keoutdoordesign.com\\\/wp-content\\\/uploads\\\/2020\\\/02\\\/KE-logo-Primary-e1591282842174.jpg\",\"contentUrl\":\"https:\\\/\\\/www.keoutdoordesign.com\\\/wp-content\\\/uploads\\\/2020\\\/02\\\/KE-logo-Primary-e1591282842174.jpg\",\"width\":500,\"height\":396,\"caption\":\"KE Outdoor Design\"},\"image\":{\"@id\":\"https:\\\/\\\/www.keoutdoordesign.com\\\/it-it\\\/#\\\/schema\\\/logo\\\/image\\\/\"},\"sameAs\":[\"https:\\\/\\\/www.facebook.com\\\/keoutdoordesign.us\",\"https:\\\/\\\/x.com\\\/keoutdoordesign\",\"https:\\\/\\\/www.facebook.com\\\/keoutdoordesign\",\"https:\\\/\\\/www.youtube.com\\\/channel\\\/UCSoMQryJpLqD53bAoZLg2Vg\",\"https:\\\/\\\/www.pinterest.it\\\/keoutdoordesign\\\/\",\"https:\\\/\\\/www.instagram.com\\\/keoutdoordesign\\\/\",\"https:\\\/\\\/www.linkedin.com\\\/company\\\/ke-outdoor-design\\\/\"]}]}<\/script>\n<!-- \/ Yoast SEO Premium plugin. -->","yoast_head_json":{"title":"Store vertical Screeny 150 coulisse - KE Outdoor Design","description":"Store vertical ext\u00e9rieur coulissant grande largeur, pouvant aller jusque 6 m\u00e8tres. Muni d'un coffre, il allie confort & design.","robots":{"index":"index","follow":"follow","max-snippet":"max-snippet:-1","max-image-preview":"max-image-preview:large","max-video-preview":"max-video-preview:-1"},"canonical":"https:\/\/www.keoutdoordesign.com\/fr-fr\/stores-verticaux-et-screeny\/stores-screen\/screeny-150\/screeny-150-coulisse\/","og_locale":"fr_FR","og_type":"article","og_title":"Screeny 150 coulisse","og_description":"Store vertical ext\u00e9rieur coulissant grande largeur, pouvant aller jusque 6 m\u00e8tres. Muni d'un coffre, il allie confort & design.","og_url":"https:\/\/www.keoutdoordesign.com\/fr-fr\/stores-verticaux-et-screeny\/stores-screen\/screeny-150\/screeny-150-coulisse\/","og_site_name":"KE Outdoor Design","article_publisher":"https:\/\/www.facebook.com\/keoutdoordesign.us","article_modified_time":"2026-04-09T13:02:20+00:00","og_image":[{"width":1920,"height":1469,"url":"https:\/\/www.keoutdoordesign.com\/wp-content\/uploads\/2024\/02\/Store-vertical-exterieur-grande-largeur-Screeny-150-coulisse-KE.jpg","type":"image\/jpeg"}],"twitter_card":"summary_large_image","twitter_site":"@keoutdoordesign","schema":{"@context":"https:\/\/schema.org","@graph":[{"@type":"WebPage","@id":"https:\/\/www.keoutdoordesign.com\/fr-fr\/stores-verticaux-et-screeny\/stores-screen\/screeny-150\/screeny-150-coulisse\/","url":"https:\/\/www.keoutdoordesign.com\/fr-fr\/stores-verticaux-et-screeny\/stores-screen\/screeny-150\/screeny-150-coulisse\/","name":"Store vertical Screeny 150 coulisse - KE Outdoor Design","isPartOf":{"@id":"https:\/\/www.keoutdoordesign.com\/it-it\/#website"},"primaryImageOfPage":{"@id":"https:\/\/www.keoutdoordesign.com\/fr-fr\/stores-verticaux-et-screeny\/stores-screen\/screeny-150\/screeny-150-coulisse\/#primaryimage"},"image":{"@id":"https:\/\/www.keoutdoordesign.com\/fr-fr\/stores-verticaux-et-screeny\/stores-screen\/screeny-150\/screeny-150-coulisse\/#primaryimage"},"thumbnailUrl":"https:\/\/www.keoutdoordesign.com\/wp-content\/uploads\/2024\/02\/Store-vertical-exterieur-grande-largeur-Screeny-150-coulisse-KE.jpg","datePublished":"2019-06-07T10:40:32+00:00","dateModified":"2026-04-09T13:02:20+00:00","description":"Store vertical ext\u00e9rieur coulissant grande largeur, pouvant aller jusque 6 m\u00e8tres. Muni d'un coffre, il allie confort & design.","breadcrumb":{"@id":"https:\/\/www.keoutdoordesign.com\/fr-fr\/stores-verticaux-et-screeny\/stores-screen\/screeny-150\/screeny-150-coulisse\/#breadcrumb"},"inLanguage":"fr-FR","potentialAction":[{"@type":"ReadAction","target":["https:\/\/www.keoutdoordesign.com\/fr-fr\/stores-verticaux-et-screeny\/stores-screen\/screeny-150\/screeny-150-coulisse\/"]}]},{"@type":"ImageObject","inLanguage":"fr-FR","@id":"https:\/\/www.keoutdoordesign.com\/fr-fr\/stores-verticaux-et-screeny\/stores-screen\/screeny-150\/screeny-150-coulisse\/#primaryimage","url":"https:\/\/www.keoutdoordesign.com\/wp-content\/uploads\/2024\/02\/Store-vertical-exterieur-grande-largeur-Screeny-150-coulisse-KE.jpg","contentUrl":"https:\/\/www.keoutdoordesign.com\/wp-content\/uploads\/2024\/02\/Store-vertical-exterieur-grande-largeur-Screeny-150-coulisse-KE.jpg","width":1920,"height":1469,"caption":"Un store screen occultant ou tamisant tr\u00e8s grandes dimensions pour la couverture des plus grands espaces vitr\u00e9s."},{"@type":"BreadcrumbList","@id":"https:\/\/www.keoutdoordesign.com\/fr-fr\/stores-verticaux-et-screeny\/stores-screen\/screeny-150\/screeny-150-coulisse\/#breadcrumb","itemListElement":[{"@type":"ListItem","position":1,"name":"Home","item":"https:\/\/www.keoutdoordesign.com\/fr-fr\/"},{"@type":"ListItem","position":2,"name":"Stores verticaux et Screeny","item":"https:\/\/www.keoutdoordesign.com\/fr-fr\/stores-verticaux-et-screeny\/"},{"@type":"ListItem","position":3,"name":"Stores screen","item":"https:\/\/www.keoutdoordesign.com\/fr-fr\/stores-verticaux-et-screeny\/stores-screen\/"},{"@type":"ListItem","position":4,"name":"Screeny 150","item":"https:\/\/www.keoutdoordesign.com\/fr-fr\/stores-verticaux-et-screeny\/stores-screen\/screeny-150\/"},{"@type":"ListItem","position":5,"name":"Screeny 150 coulisse"}]},{"@type":"WebSite","@id":"https:\/\/www.keoutdoordesign.com\/it-it\/#website","url":"https:\/\/www.keoutdoordesign.com\/it-it\/","name":"KE Outdoor Design","description":"Un nuovo sito targato WordPress","publisher":{"@id":"https:\/\/www.keoutdoordesign.com\/it-it\/#organization"},"potentialAction":[{"@type":"SearchAction","target":{"@type":"EntryPoint","urlTemplate":"https:\/\/www.keoutdoordesign.com\/it-it\/?s={search_term_string}"},"query-input":{"@type":"PropertyValueSpecification","valueRequired":true,"valueName":"search_term_string"}}],"inLanguage":"fr-FR"},{"@type":"Organization","@id":"https:\/\/www.keoutdoordesign.com\/it-it\/#organization","name":"KE Outdoor Design","url":"https:\/\/www.keoutdoordesign.com\/it-it\/","logo":{"@type":"ImageObject","inLanguage":"fr-FR","@id":"https:\/\/www.keoutdoordesign.com\/it-it\/#\/schema\/logo\/image\/","url":"https:\/\/www.keoutdoordesign.com\/wp-content\/uploads\/2020\/02\/KE-logo-Primary-e1591282842174.jpg","contentUrl":"https:\/\/www.keoutdoordesign.com\/wp-content\/uploads\/2020\/02\/KE-logo-Primary-e1591282842174.jpg","width":500,"height":396,"caption":"KE Outdoor Design"},"image":{"@id":"https:\/\/www.keoutdoordesign.com\/it-it\/#\/schema\/logo\/image\/"},"sameAs":["https:\/\/www.facebook.com\/keoutdoordesign.us","https:\/\/x.com\/keoutdoordesign","https:\/\/www.facebook.com\/keoutdoordesign","https:\/\/www.youtube.com\/channel\/UCSoMQryJpLqD53bAoZLg2Vg","https:\/\/www.pinterest.it\/keoutdoordesign\/","https:\/\/www.instagram.com\/keoutdoordesign\/","https:\/\/www.linkedin.com\/company\/ke-outdoor-design\/"]}]}},"_links":{"self":[{"href":"https:\/\/www.keoutdoordesign.com\/fr-fr\/wp-json\/wp\/v2\/pages\/4722","targetHints":{"allow":["GET"]}}],"collection":[{"href":"https:\/\/www.keoutdoordesign.com\/fr-fr\/wp-json\/wp\/v2\/pages"}],"about":[{"href":"https:\/\/www.keoutdoordesign.com\/fr-fr\/wp-json\/wp\/v2\/types\/page"}],"author":[{"embeddable":true,"href":"https:\/\/www.keoutdoordesign.com\/fr-fr\/wp-json\/wp\/v2\/users\/10608"}],"replies":[{"embeddable":true,"href":"https:\/\/www.keoutdoordesign.com\/fr-fr\/wp-json\/wp\/v2\/comments?post=4722"}],"version-history":[{"count":18,"href":"https:\/\/www.keoutdoordesign.com\/fr-fr\/wp-json\/wp\/v2\/pages\/4722\/revisions"}],"predecessor-version":[{"id":121340,"href":"https:\/\/www.keoutdoordesign.com\/fr-fr\/wp-json\/wp\/v2\/pages\/4722\/revisions\/121340"}],"up":[{"embeddable":true,"href":"https:\/\/www.keoutdoordesign.com\/fr-fr\/wp-json\/wp\/v2\/pages\/4707"}],"wp:featuredmedia":[{"embeddable":true,"href":"https:\/\/www.keoutdoordesign.com\/fr-fr\/wp-json\/wp\/v2\/media\/65871"}],"wp:attachment":[{"href":"https:\/\/www.keoutdoordesign.com\/fr-fr\/wp-json\/wp\/v2\/media?parent=4722"}],"curies":[{"name":"wp","href":"https:\/\/api.w.org\/{rel}","templated":true}]}}