{"id":4717,"date":"2019-06-07T12:40:09","date_gmt":"2019-06-07T10:40:09","guid":{"rendered":"http:\/\/ke.localhost.it\/stores-verticaux-et-screeny\/store-screen\/screeny-110\/screeny-110-coulisse\/"},"modified":"2026-04-09T14:15:56","modified_gmt":"2026-04-09T12:15:56","slug":"store-vertical-exterieur-screeny-110-coulisse","status":"publish","type":"page","link":"https:\/\/www.keoutdoordesign.com\/fr-fr\/stores-verticaux-et-screeny\/stores-screen\/screeny-110\/store-vertical-exterieur-screeny-110-coulisse\/","title":{"rendered":"Store vertical ext\u00e9rieur Screeny 110 coulisse"},"content":{"rendered":"<h4><strong>Store ext\u00e9rieur vertical avec guide par coulisse<\/strong><\/h4>\n<p>Parmi notre gamme de stores verticaux, le store ext\u00e9rieur vertical avec guide par coulisse est connu pour ne<strong> laisser entrer dans vos pi\u00e8ces que la lumi\u00e8re<\/strong>. Donnez \u00e0 vos espaces int\u00e9rieurs une <strong>atmosph\u00e8re tamis\u00e9e<\/strong> comme bon vous semble : store plus ou moins ferm\u00e9 et couleur de la toile sont les \u00e9l\u00e9ments qui jouent sur la luminosit\u00e9.<\/p>\n<p>Ce Screeny est <strong>id\u00e9al pour les baies vitr\u00e9es ou fen\u00eatres coulissantes.<\/strong><\/p>\n<p>Le <strong>guidage coulisse<\/strong> permet \u00e0 la toile une tension parfaite du tissus.<\/p>\n<p>Design et fonctionnel, il ajoute une touche de modernit\u00e9 sur toutes les fa\u00e7ades et \u00e9pouse parfaitement tous les styles de structures.<\/p>\n<p>De plus un adaptateur permet la <strong>motorisation solaire<\/strong>, ce qui le rend plus \u00e9conomique. La toile con\u00e7ue avec une nouvelle fibre biologique permet une <strong>vision plus naturelle<\/strong>\u00a0des produits de protection solaire du march\u00e9.<\/p>\n<h4><span style=\"text-decoration: underline;\"><strong>Avantages \/ Particularit\u00e9s:<\/strong><\/span><\/h4>\n<p>Store \u00e0 rouleau :<\/p>\n<ul>\n<li>Profil simple-double installation<\/li>\n<li>Support coffre dissimul\u00e9<\/li>\n<li>Possibilit\u00e9 d&rsquo;inspection<\/li>\n<li>Adapt\u00e9 pour la protection externe des fen\u00eatres et des fa\u00e7ades continues<\/li>\n<li>Performances et standard de qualit\u00e9 \u00e9lev\u00e9s<\/li>\n<li>Motorisation solaire<\/li>\n<\/ul>\n<p>Il peut \u00e9galement convenir comme <strong>store vertical pour v\u00e9randa, <\/strong>avec en compl\u00e9ment un store pour dessus de <a href=\"\/?page_id=5641\">v\u00e9randa<\/a>.<\/p>\n","protected":false},"excerpt":{"rendered":"<p>Store ext\u00e9rieur vertical avec guide par coulisse Parmi notre gamme de stores verticaux, le store ext\u00e9rieur vertical avec guide par&hellip;<\/p>\n","protected":false},"author":10608,"featured_media":65758,"parent":4705,"menu_order":15,"comment_status":"closed","ping_status":"closed","template":"page-templates\/product.php","meta":{"_acf_changed":false,"footnotes":""},"class_list":["post-4717","page","type-page","status-publish","has-post-thumbnail","hentry"],"acf":[],"yoast_head":"<!-- This site is optimized with the Yoast SEO Premium plugin v20.12 (Yoast SEO v27.3) - https:\/\/yoast.com\/product\/yoast-seo-premium-wordpress\/ -->\n<title>Store vertical ext\u00e9rieur Screeny 110 coulisse - KE Outdoor Design<\/title>\n<meta name=\"description\" content=\"Store vertical ext\u00e9rieur Screeny 110 coulisse et toile anti-chaleur. Dimensions: 4x3.8m sur mesure. Id\u00e9al baie vitr\u00e9e.\" \/>\n<meta name=\"robots\" content=\"index, follow, max-snippet:-1, max-image-preview:large, max-video-preview:-1\" \/>\n<link rel=\"canonical\" href=\"https:\/\/www.keoutdoordesign.com\/fr-fr\/stores-verticaux-et-screeny\/stores-screen\/screeny-110\/store-vertical-exterieur-screeny-110-coulisse\/\" \/>\n<meta property=\"og:locale\" content=\"fr_FR\" \/>\n<meta property=\"og:type\" content=\"article\" \/>\n<meta property=\"og:title\" content=\"Store vertical ext\u00e9rieur Screeny 110 coulisse\" \/>\n<meta property=\"og:description\" content=\"Store vertical ext\u00e9rieur Screeny 110 coulisse et toile anti-chaleur. Dimensions: 4x3.8m sur mesure. Id\u00e9al baie vitr\u00e9e.\" \/>\n<meta property=\"og:url\" content=\"https:\/\/www.keoutdoordesign.com\/fr-fr\/stores-verticaux-et-screeny\/stores-screen\/screeny-110\/store-vertical-exterieur-screeny-110-coulisse\/\" \/>\n<meta property=\"og:site_name\" content=\"KE Outdoor Design\" \/>\n<meta property=\"article:publisher\" content=\"https:\/\/www.facebook.com\/keoutdoordesign.us\" \/>\n<meta property=\"article:modified_time\" content=\"2026-04-09T12:15:56+00:00\" \/>\n<meta property=\"og:image\" content=\"https:\/\/www.keoutdoordesign.com\/wp-content\/uploads\/2024\/02\/Store-exterieur-vertical-avec-guide-Screeny-110-coulisse-KE.jpg\" \/>\n\t<meta property=\"og:image:width\" content=\"1920\" \/>\n\t<meta property=\"og:image:height\" content=\"1024\" \/>\n\t<meta property=\"og:image:type\" content=\"image\/jpeg\" \/>\n<meta name=\"twitter:card\" content=\"summary_large_image\" \/>\n<meta name=\"twitter:site\" content=\"@keoutdoordesign\" \/>\n<script type=\"application\/ld+json\" class=\"yoast-schema-graph\">{\"@context\":\"https:\\\/\\\/schema.org\",\"@graph\":[{\"@type\":\"WebPage\",\"@id\":\"https:\\\/\\\/www.keoutdoordesign.com\\\/fr-fr\\\/stores-verticaux-et-screeny\\\/stores-screen\\\/screeny-110\\\/store-vertical-exterieur-screeny-110-coulisse\\\/\",\"url\":\"https:\\\/\\\/www.keoutdoordesign.com\\\/fr-fr\\\/stores-verticaux-et-screeny\\\/stores-screen\\\/screeny-110\\\/store-vertical-exterieur-screeny-110-coulisse\\\/\",\"name\":\"Store vertical ext\u00e9rieur Screeny 110 coulisse - KE Outdoor Design\",\"isPartOf\":{\"@id\":\"https:\\\/\\\/www.keoutdoordesign.com\\\/it-it\\\/#website\"},\"primaryImageOfPage\":{\"@id\":\"https:\\\/\\\/www.keoutdoordesign.com\\\/fr-fr\\\/stores-verticaux-et-screeny\\\/stores-screen\\\/screeny-110\\\/store-vertical-exterieur-screeny-110-coulisse\\\/#primaryimage\"},\"image\":{\"@id\":\"https:\\\/\\\/www.keoutdoordesign.com\\\/fr-fr\\\/stores-verticaux-et-screeny\\\/stores-screen\\\/screeny-110\\\/store-vertical-exterieur-screeny-110-coulisse\\\/#primaryimage\"},\"thumbnailUrl\":\"https:\\\/\\\/www.keoutdoordesign.com\\\/wp-content\\\/uploads\\\/2024\\\/02\\\/Store-exterieur-vertical-avec-guide-Screeny-110-coulisse-KE.jpg\",\"datePublished\":\"2019-06-07T10:40:09+00:00\",\"dateModified\":\"2026-04-09T12:15:56+00:00\",\"description\":\"Store vertical ext\u00e9rieur Screeny 110 coulisse et toile anti-chaleur. Dimensions: 4x3.8m sur mesure. Id\u00e9al baie vitr\u00e9e.\",\"breadcrumb\":{\"@id\":\"https:\\\/\\\/www.keoutdoordesign.com\\\/fr-fr\\\/stores-verticaux-et-screeny\\\/stores-screen\\\/screeny-110\\\/store-vertical-exterieur-screeny-110-coulisse\\\/#breadcrumb\"},\"inLanguage\":\"fr-FR\",\"potentialAction\":[{\"@type\":\"ReadAction\",\"target\":[\"https:\\\/\\\/www.keoutdoordesign.com\\\/fr-fr\\\/stores-verticaux-et-screeny\\\/stores-screen\\\/screeny-110\\\/store-vertical-exterieur-screeny-110-coulisse\\\/\"]}]},{\"@type\":\"ImageObject\",\"inLanguage\":\"fr-FR\",\"@id\":\"https:\\\/\\\/www.keoutdoordesign.com\\\/fr-fr\\\/stores-verticaux-et-screeny\\\/stores-screen\\\/screeny-110\\\/store-vertical-exterieur-screeny-110-coulisse\\\/#primaryimage\",\"url\":\"https:\\\/\\\/www.keoutdoordesign.com\\\/wp-content\\\/uploads\\\/2024\\\/02\\\/Store-exterieur-vertical-avec-guide-Screeny-110-coulisse-KE.jpg\",\"contentUrl\":\"https:\\\/\\\/www.keoutdoordesign.com\\\/wp-content\\\/uploads\\\/2024\\\/02\\\/Store-exterieur-vertical-avec-guide-Screeny-110-coulisse-KE.jpg\",\"width\":1920,\"height\":1024,\"caption\":\"Store vertical ext\u00e9rieur avec guide par coulisse id\u00e9al pour la couverture de baies vitr\u00e9es.\"},{\"@type\":\"BreadcrumbList\",\"@id\":\"https:\\\/\\\/www.keoutdoordesign.com\\\/fr-fr\\\/stores-verticaux-et-screeny\\\/stores-screen\\\/screeny-110\\\/store-vertical-exterieur-screeny-110-coulisse\\\/#breadcrumb\",\"itemListElement\":[{\"@type\":\"ListItem\",\"position\":1,\"name\":\"Home\",\"item\":\"https:\\\/\\\/www.keoutdoordesign.com\\\/fr-fr\\\/\"},{\"@type\":\"ListItem\",\"position\":2,\"name\":\"Stores verticaux et Screeny\",\"item\":\"https:\\\/\\\/www.keoutdoordesign.com\\\/fr-fr\\\/stores-verticaux-et-screeny\\\/\"},{\"@type\":\"ListItem\",\"position\":3,\"name\":\"Stores screen\",\"item\":\"https:\\\/\\\/www.keoutdoordesign.com\\\/fr-fr\\\/stores-verticaux-et-screeny\\\/stores-screen\\\/\"},{\"@type\":\"ListItem\",\"position\":4,\"name\":\"Screeny 110\",\"item\":\"https:\\\/\\\/www.keoutdoordesign.com\\\/fr-fr\\\/stores-verticaux-et-screeny\\\/stores-screen\\\/screeny-110\\\/\"},{\"@type\":\"ListItem\",\"position\":5,\"name\":\"Store vertical ext\u00e9rieur Screeny 110 coulisse\"}]},{\"@type\":\"WebSite\",\"@id\":\"https:\\\/\\\/www.keoutdoordesign.com\\\/it-it\\\/#website\",\"url\":\"https:\\\/\\\/www.keoutdoordesign.com\\\/it-it\\\/\",\"name\":\"KE Outdoor Design\",\"description\":\"Un nuovo sito targato WordPress\",\"publisher\":{\"@id\":\"https:\\\/\\\/www.keoutdoordesign.com\\\/it-it\\\/#organization\"},\"potentialAction\":[{\"@type\":\"SearchAction\",\"target\":{\"@type\":\"EntryPoint\",\"urlTemplate\":\"https:\\\/\\\/www.keoutdoordesign.com\\\/it-it\\\/?s={search_term_string}\"},\"query-input\":{\"@type\":\"PropertyValueSpecification\",\"valueRequired\":true,\"valueName\":\"search_term_string\"}}],\"inLanguage\":\"fr-FR\"},{\"@type\":\"Organization\",\"@id\":\"https:\\\/\\\/www.keoutdoordesign.com\\\/it-it\\\/#organization\",\"name\":\"KE Outdoor Design\",\"url\":\"https:\\\/\\\/www.keoutdoordesign.com\\\/it-it\\\/\",\"logo\":{\"@type\":\"ImageObject\",\"inLanguage\":\"fr-FR\",\"@id\":\"https:\\\/\\\/www.keoutdoordesign.com\\\/it-it\\\/#\\\/schema\\\/logo\\\/image\\\/\",\"url\":\"https:\\\/\\\/www.keoutdoordesign.com\\\/wp-content\\\/uploads\\\/2020\\\/02\\\/KE-logo-Primary-e1591282842174.jpg\",\"contentUrl\":\"https:\\\/\\\/www.keoutdoordesign.com\\\/wp-content\\\/uploads\\\/2020\\\/02\\\/KE-logo-Primary-e1591282842174.jpg\",\"width\":500,\"height\":396,\"caption\":\"KE Outdoor Design\"},\"image\":{\"@id\":\"https:\\\/\\\/www.keoutdoordesign.com\\\/it-it\\\/#\\\/schema\\\/logo\\\/image\\\/\"},\"sameAs\":[\"https:\\\/\\\/www.facebook.com\\\/keoutdoordesign.us\",\"https:\\\/\\\/x.com\\\/keoutdoordesign\",\"https:\\\/\\\/www.facebook.com\\\/keoutdoordesign\",\"https:\\\/\\\/www.youtube.com\\\/channel\\\/UCSoMQryJpLqD53bAoZLg2Vg\",\"https:\\\/\\\/www.pinterest.it\\\/keoutdoordesign\\\/\",\"https:\\\/\\\/www.instagram.com\\\/keoutdoordesign\\\/\",\"https:\\\/\\\/www.linkedin.com\\\/company\\\/ke-outdoor-design\\\/\"]}]}<\/script>\n<!-- \/ Yoast SEO Premium plugin. -->","yoast_head_json":{"title":"Store vertical ext\u00e9rieur Screeny 110 coulisse - KE Outdoor Design","description":"Store vertical ext\u00e9rieur Screeny 110 coulisse et toile anti-chaleur. Dimensions: 4x3.8m sur mesure. Id\u00e9al baie vitr\u00e9e.","robots":{"index":"index","follow":"follow","max-snippet":"max-snippet:-1","max-image-preview":"max-image-preview:large","max-video-preview":"max-video-preview:-1"},"canonical":"https:\/\/www.keoutdoordesign.com\/fr-fr\/stores-verticaux-et-screeny\/stores-screen\/screeny-110\/store-vertical-exterieur-screeny-110-coulisse\/","og_locale":"fr_FR","og_type":"article","og_title":"Store vertical ext\u00e9rieur Screeny 110 coulisse","og_description":"Store vertical ext\u00e9rieur Screeny 110 coulisse et toile anti-chaleur. Dimensions: 4x3.8m sur mesure. Id\u00e9al baie vitr\u00e9e.","og_url":"https:\/\/www.keoutdoordesign.com\/fr-fr\/stores-verticaux-et-screeny\/stores-screen\/screeny-110\/store-vertical-exterieur-screeny-110-coulisse\/","og_site_name":"KE Outdoor Design","article_publisher":"https:\/\/www.facebook.com\/keoutdoordesign.us","article_modified_time":"2026-04-09T12:15:56+00:00","og_image":[{"width":1920,"height":1024,"url":"https:\/\/www.keoutdoordesign.com\/wp-content\/uploads\/2024\/02\/Store-exterieur-vertical-avec-guide-Screeny-110-coulisse-KE.jpg","type":"image\/jpeg"}],"twitter_card":"summary_large_image","twitter_site":"@keoutdoordesign","schema":{"@context":"https:\/\/schema.org","@graph":[{"@type":"WebPage","@id":"https:\/\/www.keoutdoordesign.com\/fr-fr\/stores-verticaux-et-screeny\/stores-screen\/screeny-110\/store-vertical-exterieur-screeny-110-coulisse\/","url":"https:\/\/www.keoutdoordesign.com\/fr-fr\/stores-verticaux-et-screeny\/stores-screen\/screeny-110\/store-vertical-exterieur-screeny-110-coulisse\/","name":"Store vertical ext\u00e9rieur Screeny 110 coulisse - KE Outdoor Design","isPartOf":{"@id":"https:\/\/www.keoutdoordesign.com\/it-it\/#website"},"primaryImageOfPage":{"@id":"https:\/\/www.keoutdoordesign.com\/fr-fr\/stores-verticaux-et-screeny\/stores-screen\/screeny-110\/store-vertical-exterieur-screeny-110-coulisse\/#primaryimage"},"image":{"@id":"https:\/\/www.keoutdoordesign.com\/fr-fr\/stores-verticaux-et-screeny\/stores-screen\/screeny-110\/store-vertical-exterieur-screeny-110-coulisse\/#primaryimage"},"thumbnailUrl":"https:\/\/www.keoutdoordesign.com\/wp-content\/uploads\/2024\/02\/Store-exterieur-vertical-avec-guide-Screeny-110-coulisse-KE.jpg","datePublished":"2019-06-07T10:40:09+00:00","dateModified":"2026-04-09T12:15:56+00:00","description":"Store vertical ext\u00e9rieur Screeny 110 coulisse et toile anti-chaleur. Dimensions: 4x3.8m sur mesure. Id\u00e9al baie vitr\u00e9e.","breadcrumb":{"@id":"https:\/\/www.keoutdoordesign.com\/fr-fr\/stores-verticaux-et-screeny\/stores-screen\/screeny-110\/store-vertical-exterieur-screeny-110-coulisse\/#breadcrumb"},"inLanguage":"fr-FR","potentialAction":[{"@type":"ReadAction","target":["https:\/\/www.keoutdoordesign.com\/fr-fr\/stores-verticaux-et-screeny\/stores-screen\/screeny-110\/store-vertical-exterieur-screeny-110-coulisse\/"]}]},{"@type":"ImageObject","inLanguage":"fr-FR","@id":"https:\/\/www.keoutdoordesign.com\/fr-fr\/stores-verticaux-et-screeny\/stores-screen\/screeny-110\/store-vertical-exterieur-screeny-110-coulisse\/#primaryimage","url":"https:\/\/www.keoutdoordesign.com\/wp-content\/uploads\/2024\/02\/Store-exterieur-vertical-avec-guide-Screeny-110-coulisse-KE.jpg","contentUrl":"https:\/\/www.keoutdoordesign.com\/wp-content\/uploads\/2024\/02\/Store-exterieur-vertical-avec-guide-Screeny-110-coulisse-KE.jpg","width":1920,"height":1024,"caption":"Store vertical ext\u00e9rieur avec guide par coulisse id\u00e9al pour la couverture de baies vitr\u00e9es."},{"@type":"BreadcrumbList","@id":"https:\/\/www.keoutdoordesign.com\/fr-fr\/stores-verticaux-et-screeny\/stores-screen\/screeny-110\/store-vertical-exterieur-screeny-110-coulisse\/#breadcrumb","itemListElement":[{"@type":"ListItem","position":1,"name":"Home","item":"https:\/\/www.keoutdoordesign.com\/fr-fr\/"},{"@type":"ListItem","position":2,"name":"Stores verticaux et Screeny","item":"https:\/\/www.keoutdoordesign.com\/fr-fr\/stores-verticaux-et-screeny\/"},{"@type":"ListItem","position":3,"name":"Stores screen","item":"https:\/\/www.keoutdoordesign.com\/fr-fr\/stores-verticaux-et-screeny\/stores-screen\/"},{"@type":"ListItem","position":4,"name":"Screeny 110","item":"https:\/\/www.keoutdoordesign.com\/fr-fr\/stores-verticaux-et-screeny\/stores-screen\/screeny-110\/"},{"@type":"ListItem","position":5,"name":"Store vertical ext\u00e9rieur Screeny 110 coulisse"}]},{"@type":"WebSite","@id":"https:\/\/www.keoutdoordesign.com\/it-it\/#website","url":"https:\/\/www.keoutdoordesign.com\/it-it\/","name":"KE Outdoor Design","description":"Un nuovo sito targato WordPress","publisher":{"@id":"https:\/\/www.keoutdoordesign.com\/it-it\/#organization"},"potentialAction":[{"@type":"SearchAction","target":{"@type":"EntryPoint","urlTemplate":"https:\/\/www.keoutdoordesign.com\/it-it\/?s={search_term_string}"},"query-input":{"@type":"PropertyValueSpecification","valueRequired":true,"valueName":"search_term_string"}}],"inLanguage":"fr-FR"},{"@type":"Organization","@id":"https:\/\/www.keoutdoordesign.com\/it-it\/#organization","name":"KE Outdoor Design","url":"https:\/\/www.keoutdoordesign.com\/it-it\/","logo":{"@type":"ImageObject","inLanguage":"fr-FR","@id":"https:\/\/www.keoutdoordesign.com\/it-it\/#\/schema\/logo\/image\/","url":"https:\/\/www.keoutdoordesign.com\/wp-content\/uploads\/2020\/02\/KE-logo-Primary-e1591282842174.jpg","contentUrl":"https:\/\/www.keoutdoordesign.com\/wp-content\/uploads\/2020\/02\/KE-logo-Primary-e1591282842174.jpg","width":500,"height":396,"caption":"KE Outdoor Design"},"image":{"@id":"https:\/\/www.keoutdoordesign.com\/it-it\/#\/schema\/logo\/image\/"},"sameAs":["https:\/\/www.facebook.com\/keoutdoordesign.us","https:\/\/x.com\/keoutdoordesign","https:\/\/www.facebook.com\/keoutdoordesign","https:\/\/www.youtube.com\/channel\/UCSoMQryJpLqD53bAoZLg2Vg","https:\/\/www.pinterest.it\/keoutdoordesign\/","https:\/\/www.instagram.com\/keoutdoordesign\/","https:\/\/www.linkedin.com\/company\/ke-outdoor-design\/"]}]}},"_links":{"self":[{"href":"https:\/\/www.keoutdoordesign.com\/fr-fr\/wp-json\/wp\/v2\/pages\/4717","targetHints":{"allow":["GET"]}}],"collection":[{"href":"https:\/\/www.keoutdoordesign.com\/fr-fr\/wp-json\/wp\/v2\/pages"}],"about":[{"href":"https:\/\/www.keoutdoordesign.com\/fr-fr\/wp-json\/wp\/v2\/types\/page"}],"author":[{"embeddable":true,"href":"https:\/\/www.keoutdoordesign.com\/fr-fr\/wp-json\/wp\/v2\/users\/10608"}],"replies":[{"embeddable":true,"href":"https:\/\/www.keoutdoordesign.com\/fr-fr\/wp-json\/wp\/v2\/comments?post=4717"}],"version-history":[{"count":22,"href":"https:\/\/www.keoutdoordesign.com\/fr-fr\/wp-json\/wp\/v2\/pages\/4717\/revisions"}],"predecessor-version":[{"id":121332,"href":"https:\/\/www.keoutdoordesign.com\/fr-fr\/wp-json\/wp\/v2\/pages\/4717\/revisions\/121332"}],"up":[{"embeddable":true,"href":"https:\/\/www.keoutdoordesign.com\/fr-fr\/wp-json\/wp\/v2\/pages\/4705"}],"wp:featuredmedia":[{"embeddable":true,"href":"https:\/\/www.keoutdoordesign.com\/fr-fr\/wp-json\/wp\/v2\/media\/65758"}],"wp:attachment":[{"href":"https:\/\/www.keoutdoordesign.com\/fr-fr\/wp-json\/wp\/v2\/media?parent=4717"}],"curies":[{"name":"wp","href":"https:\/\/api.w.org\/{rel}","templated":true}]}}