{"id":4713,"date":"2019-06-07T12:39:54","date_gmt":"2019-06-07T10:39:54","guid":{"rendered":"http:\/\/ke.localhost.it\/stores-verticaux-et-screeny\/store-screen\/screeny-85\/screeny-85-cable-conducteur\/"},"modified":"2026-04-09T14:21:22","modified_gmt":"2026-04-09T12:21:22","slug":"screeny-85-cable-conducteur","status":"publish","type":"page","link":"https:\/\/www.keoutdoordesign.com\/fr-fr\/stores-verticaux-et-screeny\/stores-screen\/screeny-85\/screeny-85-cable-conducteur\/","title":{"rendered":"Screeny 85 c\u00e2ble &#038; conducteur"},"content":{"rendered":"<h4><strong>Store vertical ext\u00e9rieur pour balcon<\/strong><\/h4>\n<p>Dans sa <strong>version c\u00e2bles ou conducteurs<\/strong>, ce store avec coffre de 85 saura r\u00e9pondra \u00e0 la majorit\u00e9 des attentes en termes de recouvrement d&rsquo;espaces vitr\u00e9s de <strong>moyennes tailles.<\/strong><\/p>\n<p>Gr\u00e2ce \u00e0 sa <strong>double installation<\/strong> (plafond ou mur) vous pouvez l&rsquo;installer quasiment o\u00f9 vous le souhaitez. Id\u00e9al pour des pi\u00e8ces donnant sur l&rsquo;ext\u00e9rieur o\u00f9 le besoin de <strong>bloquer l&rsquo;entr\u00e9e de la chaleur<\/strong> est n\u00e9cessaire. Et parfait \u00e0<strong> installer sur les balcons ou terrasses<\/strong>, il apporte de l&rsquo;ombre sur votre surface de vie ext\u00e9rieur comme int\u00e9rieur et pr\u00e9serve des regards indiscrets tout en offrant une touche de design et de l\u00e9g\u00e8ret\u00e9 gr\u00e2ce \u00e0 sa toile \u00ab\u00a0libre\u00a0\u00bb.<\/p>\n<p>Votre store vertical ext\u00e9rieur pour balcons assure une<strong> haute r\u00e9sistance<\/strong> gr\u00e2ce \u00e0 une toile <a href=\"https:\/\/www.dickson-constant.com\/fr\/toiles-micro-perforees\/performance\">Dickson<\/a> de qualit\u00e9.<\/p>\n<p>Aussi avec la <strong>personnalisation<\/strong> de votre store, donnez \u00e0 votre espace de vie int\u00e9rieur l&rsquo;ambiance que vous souhaitez : <strong>coloris de toile et opacit\u00e9<\/strong> seront les facteurs essentiels de la cr\u00e9ation de votre ambiance.<\/p>\n<h4><span style=\"text-decoration: underline;\"><strong>Avantages\/ Particularit\u00e9s:<\/strong><\/span><\/h4>\n<p>Store \u00e0 rouleau :<\/p>\n<ul>\n<li>Syst\u00e8me modulaire<\/li>\n<li>Fixation simplifi\u00e9e du tissu<\/li>\n<li>Philosophie de l&rsquo;\u00e9clairage naturel<\/li>\n<li>Ne laisse pas entrer la chaleur<\/li>\n<li>Design moderne<\/li>\n<li>Coffre discret<\/li>\n<li>Syst\u00e8me de motorisation solaire avec batterie int\u00e9gr\u00e9e<\/li>\n<\/ul>\n","protected":false},"excerpt":{"rendered":"<p>Store vertical ext\u00e9rieur pour balcon Dans sa version c\u00e2bles ou conducteurs, ce store avec coffre de 85 saura r\u00e9pondra \u00e0&hellip;<\/p>\n","protected":false},"author":10608,"featured_media":72396,"parent":4696,"menu_order":7,"comment_status":"closed","ping_status":"closed","template":"page-templates\/product.php","meta":{"_acf_changed":false,"footnotes":""},"class_list":["post-4713","page","type-page","status-publish","has-post-thumbnail","hentry"],"acf":[],"yoast_head":"<!-- This site is optimized with the Yoast SEO Premium plugin v20.12 (Yoast SEO v27.3) - https:\/\/yoast.com\/product\/yoast-seo-premium-wordpress\/ -->\n<title>Store vertical Screeny 85 c\u00e2ble &amp; conducteur - KE Outdoor Design<\/title>\n<meta name=\"description\" content=\"Store enrouleur pour balcon en guidage c\u00e2ble ou conducteur avec ou sans coffre. Dimensions de 3x3.4m sur mesure. Toile anti UV.\" \/>\n<meta name=\"robots\" content=\"index, follow, max-snippet:-1, max-image-preview:large, max-video-preview:-1\" \/>\n<link rel=\"canonical\" href=\"https:\/\/www.keoutdoordesign.com\/fr-fr\/stores-verticaux-et-screeny\/stores-screen\/screeny-85\/screeny-85-cable-conducteur\/\" \/>\n<meta property=\"og:locale\" content=\"fr_FR\" \/>\n<meta property=\"og:type\" content=\"article\" \/>\n<meta property=\"og:title\" content=\"Screeny 85 c\u00e2ble &amp; conducteur\" \/>\n<meta property=\"og:description\" content=\"Store enrouleur pour balcon en guidage c\u00e2ble ou conducteur avec ou sans coffre. Dimensions de 3x3.4m sur mesure. Toile anti UV.\" \/>\n<meta property=\"og:url\" content=\"https:\/\/www.keoutdoordesign.com\/fr-fr\/stores-verticaux-et-screeny\/stores-screen\/screeny-85\/screeny-85-cable-conducteur\/\" \/>\n<meta property=\"og:site_name\" content=\"KE Outdoor Design\" \/>\n<meta property=\"article:publisher\" content=\"https:\/\/www.facebook.com\/keoutdoordesign.us\" \/>\n<meta property=\"article:modified_time\" content=\"2026-04-09T12:21:22+00:00\" \/>\n<meta property=\"og:image\" content=\"https:\/\/www.keoutdoordesign.com\/wp-content\/uploads\/2024\/06\/Store-enrouleur-coffre-Screeny-85-cable-conducteur-KE.jpg\" \/>\n\t<meta property=\"og:image:width\" content=\"1920\" \/>\n\t<meta property=\"og:image:height\" content=\"1286\" \/>\n\t<meta property=\"og:image:type\" content=\"image\/jpeg\" \/>\n<meta name=\"twitter:card\" content=\"summary_large_image\" \/>\n<meta name=\"twitter:site\" content=\"@keoutdoordesign\" \/>\n<script type=\"application\/ld+json\" class=\"yoast-schema-graph\">{\"@context\":\"https:\\\/\\\/schema.org\",\"@graph\":[{\"@type\":\"WebPage\",\"@id\":\"https:\\\/\\\/www.keoutdoordesign.com\\\/fr-fr\\\/stores-verticaux-et-screeny\\\/stores-screen\\\/screeny-85\\\/screeny-85-cable-conducteur\\\/\",\"url\":\"https:\\\/\\\/www.keoutdoordesign.com\\\/fr-fr\\\/stores-verticaux-et-screeny\\\/stores-screen\\\/screeny-85\\\/screeny-85-cable-conducteur\\\/\",\"name\":\"Store vertical Screeny 85 c\u00e2ble & conducteur - KE Outdoor Design\",\"isPartOf\":{\"@id\":\"https:\\\/\\\/www.keoutdoordesign.com\\\/it-it\\\/#website\"},\"primaryImageOfPage\":{\"@id\":\"https:\\\/\\\/www.keoutdoordesign.com\\\/fr-fr\\\/stores-verticaux-et-screeny\\\/stores-screen\\\/screeny-85\\\/screeny-85-cable-conducteur\\\/#primaryimage\"},\"image\":{\"@id\":\"https:\\\/\\\/www.keoutdoordesign.com\\\/fr-fr\\\/stores-verticaux-et-screeny\\\/stores-screen\\\/screeny-85\\\/screeny-85-cable-conducteur\\\/#primaryimage\"},\"thumbnailUrl\":\"https:\\\/\\\/www.keoutdoordesign.com\\\/wp-content\\\/uploads\\\/2024\\\/06\\\/Store-enrouleur-coffre-Screeny-85-cable-conducteur-KE.jpg\",\"datePublished\":\"2019-06-07T10:39:54+00:00\",\"dateModified\":\"2026-04-09T12:21:22+00:00\",\"description\":\"Store enrouleur pour balcon en guidage c\u00e2ble ou conducteur avec ou sans coffre. Dimensions de 3x3.4m sur mesure. Toile anti UV.\",\"breadcrumb\":{\"@id\":\"https:\\\/\\\/www.keoutdoordesign.com\\\/fr-fr\\\/stores-verticaux-et-screeny\\\/stores-screen\\\/screeny-85\\\/screeny-85-cable-conducteur\\\/#breadcrumb\"},\"inLanguage\":\"fr-FR\",\"potentialAction\":[{\"@type\":\"ReadAction\",\"target\":[\"https:\\\/\\\/www.keoutdoordesign.com\\\/fr-fr\\\/stores-verticaux-et-screeny\\\/stores-screen\\\/screeny-85\\\/screeny-85-cable-conducteur\\\/\"]}]},{\"@type\":\"ImageObject\",\"inLanguage\":\"fr-FR\",\"@id\":\"https:\\\/\\\/www.keoutdoordesign.com\\\/fr-fr\\\/stores-verticaux-et-screeny\\\/stores-screen\\\/screeny-85\\\/screeny-85-cable-conducteur\\\/#primaryimage\",\"url\":\"https:\\\/\\\/www.keoutdoordesign.com\\\/wp-content\\\/uploads\\\/2024\\\/06\\\/Store-enrouleur-coffre-Screeny-85-cable-conducteur-KE.jpg\",\"contentUrl\":\"https:\\\/\\\/www.keoutdoordesign.com\\\/wp-content\\\/uploads\\\/2024\\\/06\\\/Store-enrouleur-coffre-Screeny-85-cable-conducteur-KE.jpg\",\"width\":1920,\"height\":1286,\"caption\":\"Store enrouleur vertical avec coffre et toile anti UV.\"},{\"@type\":\"BreadcrumbList\",\"@id\":\"https:\\\/\\\/www.keoutdoordesign.com\\\/fr-fr\\\/stores-verticaux-et-screeny\\\/stores-screen\\\/screeny-85\\\/screeny-85-cable-conducteur\\\/#breadcrumb\",\"itemListElement\":[{\"@type\":\"ListItem\",\"position\":1,\"name\":\"Home\",\"item\":\"https:\\\/\\\/www.keoutdoordesign.com\\\/fr-fr\\\/\"},{\"@type\":\"ListItem\",\"position\":2,\"name\":\"Stores verticaux et Screeny\",\"item\":\"https:\\\/\\\/www.keoutdoordesign.com\\\/fr-fr\\\/stores-verticaux-et-screeny\\\/\"},{\"@type\":\"ListItem\",\"position\":3,\"name\":\"Stores screen\",\"item\":\"https:\\\/\\\/www.keoutdoordesign.com\\\/fr-fr\\\/stores-verticaux-et-screeny\\\/stores-screen\\\/\"},{\"@type\":\"ListItem\",\"position\":4,\"name\":\"Screeny 85\",\"item\":\"https:\\\/\\\/www.keoutdoordesign.com\\\/fr-fr\\\/stores-verticaux-et-screeny\\\/stores-screen\\\/screeny-85\\\/\"},{\"@type\":\"ListItem\",\"position\":5,\"name\":\"Screeny 85 c\u00e2ble &#038; conducteur\"}]},{\"@type\":\"WebSite\",\"@id\":\"https:\\\/\\\/www.keoutdoordesign.com\\\/it-it\\\/#website\",\"url\":\"https:\\\/\\\/www.keoutdoordesign.com\\\/it-it\\\/\",\"name\":\"KE Outdoor Design\",\"description\":\"Un nuovo sito targato WordPress\",\"publisher\":{\"@id\":\"https:\\\/\\\/www.keoutdoordesign.com\\\/it-it\\\/#organization\"},\"potentialAction\":[{\"@type\":\"SearchAction\",\"target\":{\"@type\":\"EntryPoint\",\"urlTemplate\":\"https:\\\/\\\/www.keoutdoordesign.com\\\/it-it\\\/?s={search_term_string}\"},\"query-input\":{\"@type\":\"PropertyValueSpecification\",\"valueRequired\":true,\"valueName\":\"search_term_string\"}}],\"inLanguage\":\"fr-FR\"},{\"@type\":\"Organization\",\"@id\":\"https:\\\/\\\/www.keoutdoordesign.com\\\/it-it\\\/#organization\",\"name\":\"KE Outdoor Design\",\"url\":\"https:\\\/\\\/www.keoutdoordesign.com\\\/it-it\\\/\",\"logo\":{\"@type\":\"ImageObject\",\"inLanguage\":\"fr-FR\",\"@id\":\"https:\\\/\\\/www.keoutdoordesign.com\\\/it-it\\\/#\\\/schema\\\/logo\\\/image\\\/\",\"url\":\"https:\\\/\\\/www.keoutdoordesign.com\\\/wp-content\\\/uploads\\\/2020\\\/02\\\/KE-logo-Primary-e1591282842174.jpg\",\"contentUrl\":\"https:\\\/\\\/www.keoutdoordesign.com\\\/wp-content\\\/uploads\\\/2020\\\/02\\\/KE-logo-Primary-e1591282842174.jpg\",\"width\":500,\"height\":396,\"caption\":\"KE Outdoor Design\"},\"image\":{\"@id\":\"https:\\\/\\\/www.keoutdoordesign.com\\\/it-it\\\/#\\\/schema\\\/logo\\\/image\\\/\"},\"sameAs\":[\"https:\\\/\\\/www.facebook.com\\\/keoutdoordesign.us\",\"https:\\\/\\\/x.com\\\/keoutdoordesign\",\"https:\\\/\\\/www.facebook.com\\\/keoutdoordesign\",\"https:\\\/\\\/www.youtube.com\\\/channel\\\/UCSoMQryJpLqD53bAoZLg2Vg\",\"https:\\\/\\\/www.pinterest.it\\\/keoutdoordesign\\\/\",\"https:\\\/\\\/www.instagram.com\\\/keoutdoordesign\\\/\",\"https:\\\/\\\/www.linkedin.com\\\/company\\\/ke-outdoor-design\\\/\"]}]}<\/script>\n<!-- \/ Yoast SEO Premium plugin. -->","yoast_head_json":{"title":"Store vertical Screeny 85 c\u00e2ble & conducteur - KE Outdoor Design","description":"Store enrouleur pour balcon en guidage c\u00e2ble ou conducteur avec ou sans coffre. Dimensions de 3x3.4m sur mesure. Toile anti UV.","robots":{"index":"index","follow":"follow","max-snippet":"max-snippet:-1","max-image-preview":"max-image-preview:large","max-video-preview":"max-video-preview:-1"},"canonical":"https:\/\/www.keoutdoordesign.com\/fr-fr\/stores-verticaux-et-screeny\/stores-screen\/screeny-85\/screeny-85-cable-conducteur\/","og_locale":"fr_FR","og_type":"article","og_title":"Screeny 85 c\u00e2ble & conducteur","og_description":"Store enrouleur pour balcon en guidage c\u00e2ble ou conducteur avec ou sans coffre. Dimensions de 3x3.4m sur mesure. Toile anti UV.","og_url":"https:\/\/www.keoutdoordesign.com\/fr-fr\/stores-verticaux-et-screeny\/stores-screen\/screeny-85\/screeny-85-cable-conducteur\/","og_site_name":"KE Outdoor Design","article_publisher":"https:\/\/www.facebook.com\/keoutdoordesign.us","article_modified_time":"2026-04-09T12:21:22+00:00","og_image":[{"width":1920,"height":1286,"url":"https:\/\/www.keoutdoordesign.com\/wp-content\/uploads\/2024\/06\/Store-enrouleur-coffre-Screeny-85-cable-conducteur-KE.jpg","type":"image\/jpeg"}],"twitter_card":"summary_large_image","twitter_site":"@keoutdoordesign","schema":{"@context":"https:\/\/schema.org","@graph":[{"@type":"WebPage","@id":"https:\/\/www.keoutdoordesign.com\/fr-fr\/stores-verticaux-et-screeny\/stores-screen\/screeny-85\/screeny-85-cable-conducteur\/","url":"https:\/\/www.keoutdoordesign.com\/fr-fr\/stores-verticaux-et-screeny\/stores-screen\/screeny-85\/screeny-85-cable-conducteur\/","name":"Store vertical Screeny 85 c\u00e2ble & conducteur - KE Outdoor Design","isPartOf":{"@id":"https:\/\/www.keoutdoordesign.com\/it-it\/#website"},"primaryImageOfPage":{"@id":"https:\/\/www.keoutdoordesign.com\/fr-fr\/stores-verticaux-et-screeny\/stores-screen\/screeny-85\/screeny-85-cable-conducteur\/#primaryimage"},"image":{"@id":"https:\/\/www.keoutdoordesign.com\/fr-fr\/stores-verticaux-et-screeny\/stores-screen\/screeny-85\/screeny-85-cable-conducteur\/#primaryimage"},"thumbnailUrl":"https:\/\/www.keoutdoordesign.com\/wp-content\/uploads\/2024\/06\/Store-enrouleur-coffre-Screeny-85-cable-conducteur-KE.jpg","datePublished":"2019-06-07T10:39:54+00:00","dateModified":"2026-04-09T12:21:22+00:00","description":"Store enrouleur pour balcon en guidage c\u00e2ble ou conducteur avec ou sans coffre. Dimensions de 3x3.4m sur mesure. Toile anti UV.","breadcrumb":{"@id":"https:\/\/www.keoutdoordesign.com\/fr-fr\/stores-verticaux-et-screeny\/stores-screen\/screeny-85\/screeny-85-cable-conducteur\/#breadcrumb"},"inLanguage":"fr-FR","potentialAction":[{"@type":"ReadAction","target":["https:\/\/www.keoutdoordesign.com\/fr-fr\/stores-verticaux-et-screeny\/stores-screen\/screeny-85\/screeny-85-cable-conducteur\/"]}]},{"@type":"ImageObject","inLanguage":"fr-FR","@id":"https:\/\/www.keoutdoordesign.com\/fr-fr\/stores-verticaux-et-screeny\/stores-screen\/screeny-85\/screeny-85-cable-conducteur\/#primaryimage","url":"https:\/\/www.keoutdoordesign.com\/wp-content\/uploads\/2024\/06\/Store-enrouleur-coffre-Screeny-85-cable-conducteur-KE.jpg","contentUrl":"https:\/\/www.keoutdoordesign.com\/wp-content\/uploads\/2024\/06\/Store-enrouleur-coffre-Screeny-85-cable-conducteur-KE.jpg","width":1920,"height":1286,"caption":"Store enrouleur vertical avec coffre et toile anti UV."},{"@type":"BreadcrumbList","@id":"https:\/\/www.keoutdoordesign.com\/fr-fr\/stores-verticaux-et-screeny\/stores-screen\/screeny-85\/screeny-85-cable-conducteur\/#breadcrumb","itemListElement":[{"@type":"ListItem","position":1,"name":"Home","item":"https:\/\/www.keoutdoordesign.com\/fr-fr\/"},{"@type":"ListItem","position":2,"name":"Stores verticaux et Screeny","item":"https:\/\/www.keoutdoordesign.com\/fr-fr\/stores-verticaux-et-screeny\/"},{"@type":"ListItem","position":3,"name":"Stores screen","item":"https:\/\/www.keoutdoordesign.com\/fr-fr\/stores-verticaux-et-screeny\/stores-screen\/"},{"@type":"ListItem","position":4,"name":"Screeny 85","item":"https:\/\/www.keoutdoordesign.com\/fr-fr\/stores-verticaux-et-screeny\/stores-screen\/screeny-85\/"},{"@type":"ListItem","position":5,"name":"Screeny 85 c\u00e2ble &#038; conducteur"}]},{"@type":"WebSite","@id":"https:\/\/www.keoutdoordesign.com\/it-it\/#website","url":"https:\/\/www.keoutdoordesign.com\/it-it\/","name":"KE Outdoor Design","description":"Un nuovo sito targato WordPress","publisher":{"@id":"https:\/\/www.keoutdoordesign.com\/it-it\/#organization"},"potentialAction":[{"@type":"SearchAction","target":{"@type":"EntryPoint","urlTemplate":"https:\/\/www.keoutdoordesign.com\/it-it\/?s={search_term_string}"},"query-input":{"@type":"PropertyValueSpecification","valueRequired":true,"valueName":"search_term_string"}}],"inLanguage":"fr-FR"},{"@type":"Organization","@id":"https:\/\/www.keoutdoordesign.com\/it-it\/#organization","name":"KE Outdoor Design","url":"https:\/\/www.keoutdoordesign.com\/it-it\/","logo":{"@type":"ImageObject","inLanguage":"fr-FR","@id":"https:\/\/www.keoutdoordesign.com\/it-it\/#\/schema\/logo\/image\/","url":"https:\/\/www.keoutdoordesign.com\/wp-content\/uploads\/2020\/02\/KE-logo-Primary-e1591282842174.jpg","contentUrl":"https:\/\/www.keoutdoordesign.com\/wp-content\/uploads\/2020\/02\/KE-logo-Primary-e1591282842174.jpg","width":500,"height":396,"caption":"KE Outdoor Design"},"image":{"@id":"https:\/\/www.keoutdoordesign.com\/it-it\/#\/schema\/logo\/image\/"},"sameAs":["https:\/\/www.facebook.com\/keoutdoordesign.us","https:\/\/x.com\/keoutdoordesign","https:\/\/www.facebook.com\/keoutdoordesign","https:\/\/www.youtube.com\/channel\/UCSoMQryJpLqD53bAoZLg2Vg","https:\/\/www.pinterest.it\/keoutdoordesign\/","https:\/\/www.instagram.com\/keoutdoordesign\/","https:\/\/www.linkedin.com\/company\/ke-outdoor-design\/"]}]}},"_links":{"self":[{"href":"https:\/\/www.keoutdoordesign.com\/fr-fr\/wp-json\/wp\/v2\/pages\/4713","targetHints":{"allow":["GET"]}}],"collection":[{"href":"https:\/\/www.keoutdoordesign.com\/fr-fr\/wp-json\/wp\/v2\/pages"}],"about":[{"href":"https:\/\/www.keoutdoordesign.com\/fr-fr\/wp-json\/wp\/v2\/types\/page"}],"author":[{"embeddable":true,"href":"https:\/\/www.keoutdoordesign.com\/fr-fr\/wp-json\/wp\/v2\/users\/10608"}],"replies":[{"embeddable":true,"href":"https:\/\/www.keoutdoordesign.com\/fr-fr\/wp-json\/wp\/v2\/comments?post=4713"}],"version-history":[{"count":26,"href":"https:\/\/www.keoutdoordesign.com\/fr-fr\/wp-json\/wp\/v2\/pages\/4713\/revisions"}],"predecessor-version":[{"id":121334,"href":"https:\/\/www.keoutdoordesign.com\/fr-fr\/wp-json\/wp\/v2\/pages\/4713\/revisions\/121334"}],"up":[{"embeddable":true,"href":"https:\/\/www.keoutdoordesign.com\/fr-fr\/wp-json\/wp\/v2\/pages\/4696"}],"wp:featuredmedia":[{"embeddable":true,"href":"https:\/\/www.keoutdoordesign.com\/fr-fr\/wp-json\/wp\/v2\/media\/72396"}],"wp:attachment":[{"href":"https:\/\/www.keoutdoordesign.com\/fr-fr\/wp-json\/wp\/v2\/media?parent=4713"}],"curies":[{"name":"wp","href":"https:\/\/api.w.org\/{rel}","templated":true}]}}