{"id":4711,"date":"2019-06-07T12:38:54","date_gmt":"2019-06-07T10:38:54","guid":{"rendered":"http:\/\/ke.localhost.it\/stores-verticaux-et-screeny\/store-screen\/screeny-55\/screeny-55-cable-conducteur\/"},"modified":"2026-04-16T14:02:05","modified_gmt":"2026-04-16T12:02:05","slug":"screeny-55-cable-conducteur","status":"publish","type":"page","link":"https:\/\/www.keoutdoordesign.com\/fr-fr\/stores-verticaux-et-screeny\/stores-screen\/screeny-55\/screeny-55-cable-conducteur\/","title":{"rendered":"Screeny 55 c\u00e2ble &#038; conducteur"},"content":{"rendered":"<h4><strong>Optez pour le store vertical ext\u00e9rieur pour fen\u00eatre tamisant \/ occultant fonctionnel et design.\u00a0<\/strong><\/h4>\n<p>Vous avez besoin de recouvrir une petite surface vitr\u00e9e dans un pi\u00e8ce : un puit de lumi\u00e8re; une petite fen\u00eatre..<\/p>\n<p>Le store avec coffre 55 et ses dimensions pouvant s&rsquo;adapter aux plus petits espaces vitr\u00e9s est la solution id\u00e9ale pour bloquer l&rsquo;entr\u00e9e de la chaleur et diminuer l&rsquo;entr\u00e9e de la lumi\u00e8re.<\/p>\n<p>Avec un choix de toile (couleur et opacit\u00e9) qui vous convient, vous pouvez offrir \u00e0 votre pi\u00e8ce d&rsquo;int\u00e9rieur\u00a0le degr\u00e9 de luminosit\u00e9 que vous souhaitez. Tout d\u00e9pend de s&rsquo;il s&rsquo;agit d&rsquo;une couverture pour chambre, salle de bain ou salon.<\/p>\n<p><strong>La personnalisation permet une satisfaction quasi totale de toutes les exigences.<\/strong><\/p>\n<p>De plus avec nos screeny optez pour un store 100% <a href=\"\/?page_id=9590\">green<\/a> ! <strong>Utilisation de toiles con\u00e7ues avec une fibre naturelle et motorisation solaire possible !\u00a0<\/strong><\/p>\n<p>Pour vos<strong> surfaces vitr\u00e9es donnant sur une pi\u00e8ce style salle de bain<\/strong>, le store vertical ext\u00e9rieur pour fen\u00eatre tamisant reste le <strong>choix n 1<\/strong><\/p>\n<h4><span style=\"text-decoration: underline;\"><strong>Avantages\/ Particularit\u00e9s:<\/strong><\/span><\/h4>\n<p>Store \u00e0 rouleau :<\/p>\n<ul>\n<li>Convient aux plus petites fa\u00e7ades vitr\u00e9es<\/li>\n<li>Support coffre dissimul\u00e9<\/li>\n<li>Prot\u00e8ge du soleil et laisse entrer la lumi\u00e8re<\/li>\n<li>Design moderne<\/li>\n<li>Possibilit\u00e9 de motorisation solaire<\/li>\n<\/ul>\n","protected":false},"excerpt":{"rendered":"<p>Optez pour le store vertical ext\u00e9rieur pour fen\u00eatre tamisant \/ occultant fonctionnel et design.\u00a0 Vous avez besoin de recouvrir une&hellip;<\/p>\n","protected":false},"author":10608,"featured_media":65675,"parent":4695,"menu_order":7,"comment_status":"closed","ping_status":"closed","template":"page-templates\/product.php","meta":{"_acf_changed":false,"footnotes":""},"class_list":["post-4711","page","type-page","status-publish","has-post-thumbnail","hentry"],"acf":[],"yoast_head":"<!-- This site is optimized with the Yoast SEO Premium plugin v20.12 (Yoast SEO v27.4) - https:\/\/yoast.com\/product\/yoast-seo-premium-wordpress\/ -->\n<title>Screeny 55 c\u00e2ble &amp; conducteur - KE Outdoor Design<\/title>\n<meta name=\"description\" content=\"Store vertical ext\u00e9rieur tamisant : fen\u00eatre pour salle de bain\/chambre : r\u00e9pond \u00e0 la couverture des plus petits espaces vitr\u00e9s : 60x88 cm min ; 2.2x2.5 max\" \/>\n<meta name=\"robots\" content=\"index, follow, max-snippet:-1, max-image-preview:large, max-video-preview:-1\" \/>\n<link rel=\"canonical\" href=\"https:\/\/www.keoutdoordesign.com\/fr-fr\/stores-verticaux-et-screeny\/stores-screen\/screeny-55\/screeny-55-cable-conducteur\/\" \/>\n<meta property=\"og:locale\" content=\"fr_FR\" \/>\n<meta property=\"og:type\" content=\"article\" \/>\n<meta property=\"og:title\" content=\"Screeny 55 c\u00e2ble &amp; conducteur\" \/>\n<meta property=\"og:description\" content=\"Store vertical ext\u00e9rieur tamisant : fen\u00eatre pour salle de bain\/chambre : r\u00e9pond \u00e0 la couverture des plus petits espaces vitr\u00e9s : 60x88 cm min ; 2.2x2.5 max\" \/>\n<meta property=\"og:url\" content=\"https:\/\/www.keoutdoordesign.com\/fr-fr\/stores-verticaux-et-screeny\/stores-screen\/screeny-55\/screeny-55-cable-conducteur\/\" \/>\n<meta property=\"og:site_name\" content=\"KE Outdoor Design\" \/>\n<meta property=\"article:publisher\" content=\"https:\/\/www.facebook.com\/keoutdoordesign.us\" \/>\n<meta property=\"article:modified_time\" content=\"2026-04-16T12:02:05+00:00\" \/>\n<meta property=\"og:image\" content=\"https:\/\/www.keoutdoordesign.com\/wp-content\/uploads\/2024\/01\/Store-pare-soleil-exterieur-Screeny-55-KE.jpg\" \/>\n\t<meta property=\"og:image:width\" content=\"1920\" \/>\n\t<meta property=\"og:image:height\" content=\"1280\" \/>\n\t<meta property=\"og:image:type\" content=\"image\/jpeg\" \/>\n<meta name=\"twitter:card\" content=\"summary_large_image\" \/>\n<meta name=\"twitter:site\" content=\"@keoutdoordesign\" \/>\n<script type=\"application\/ld+json\" class=\"yoast-schema-graph\">{\"@context\":\"https:\\\/\\\/schema.org\",\"@graph\":[{\"@type\":\"WebPage\",\"@id\":\"https:\\\/\\\/www.keoutdoordesign.com\\\/fr-fr\\\/stores-verticaux-et-screeny\\\/stores-screen\\\/screeny-55\\\/screeny-55-cable-conducteur\\\/\",\"url\":\"https:\\\/\\\/www.keoutdoordesign.com\\\/fr-fr\\\/stores-verticaux-et-screeny\\\/stores-screen\\\/screeny-55\\\/screeny-55-cable-conducteur\\\/\",\"name\":\"Screeny 55 c\u00e2ble & conducteur - KE Outdoor Design\",\"isPartOf\":{\"@id\":\"https:\\\/\\\/www.keoutdoordesign.com\\\/it-it\\\/#website\"},\"primaryImageOfPage\":{\"@id\":\"https:\\\/\\\/www.keoutdoordesign.com\\\/fr-fr\\\/stores-verticaux-et-screeny\\\/stores-screen\\\/screeny-55\\\/screeny-55-cable-conducteur\\\/#primaryimage\"},\"image\":{\"@id\":\"https:\\\/\\\/www.keoutdoordesign.com\\\/fr-fr\\\/stores-verticaux-et-screeny\\\/stores-screen\\\/screeny-55\\\/screeny-55-cable-conducteur\\\/#primaryimage\"},\"thumbnailUrl\":\"https:\\\/\\\/www.keoutdoordesign.com\\\/wp-content\\\/uploads\\\/2024\\\/01\\\/Store-pare-soleil-exterieur-Screeny-55-KE.jpg\",\"datePublished\":\"2019-06-07T10:38:54+00:00\",\"dateModified\":\"2026-04-16T12:02:05+00:00\",\"description\":\"Store vertical ext\u00e9rieur tamisant : fen\u00eatre pour salle de bain\\\/chambre : r\u00e9pond \u00e0 la couverture des plus petits espaces vitr\u00e9s : 60x88 cm min ; 2.2x2.5 max\",\"breadcrumb\":{\"@id\":\"https:\\\/\\\/www.keoutdoordesign.com\\\/fr-fr\\\/stores-verticaux-et-screeny\\\/stores-screen\\\/screeny-55\\\/screeny-55-cable-conducteur\\\/#breadcrumb\"},\"inLanguage\":\"fr-FR\",\"potentialAction\":[{\"@type\":\"ReadAction\",\"target\":[\"https:\\\/\\\/www.keoutdoordesign.com\\\/fr-fr\\\/stores-verticaux-et-screeny\\\/stores-screen\\\/screeny-55\\\/screeny-55-cable-conducteur\\\/\"]}]},{\"@type\":\"ImageObject\",\"inLanguage\":\"fr-FR\",\"@id\":\"https:\\\/\\\/www.keoutdoordesign.com\\\/fr-fr\\\/stores-verticaux-et-screeny\\\/stores-screen\\\/screeny-55\\\/screeny-55-cable-conducteur\\\/#primaryimage\",\"url\":\"https:\\\/\\\/www.keoutdoordesign.com\\\/wp-content\\\/uploads\\\/2024\\\/01\\\/Store-pare-soleil-exterieur-Screeny-55-KE.jpg\",\"contentUrl\":\"https:\\\/\\\/www.keoutdoordesign.com\\\/wp-content\\\/uploads\\\/2024\\\/01\\\/Store-pare-soleil-exterieur-Screeny-55-KE.jpg\",\"width\":1920,\"height\":1280,\"caption\":\"Store vertical ext\u00e9rieur de petites tailles id\u00e9al pour la couverture de fen\u00eatres.\"},{\"@type\":\"BreadcrumbList\",\"@id\":\"https:\\\/\\\/www.keoutdoordesign.com\\\/fr-fr\\\/stores-verticaux-et-screeny\\\/stores-screen\\\/screeny-55\\\/screeny-55-cable-conducteur\\\/#breadcrumb\",\"itemListElement\":[{\"@type\":\"ListItem\",\"position\":1,\"name\":\"Home\",\"item\":\"https:\\\/\\\/www.keoutdoordesign.com\\\/fr-fr\\\/\"},{\"@type\":\"ListItem\",\"position\":2,\"name\":\"Stores verticaux et Screeny\",\"item\":\"https:\\\/\\\/www.keoutdoordesign.com\\\/fr-fr\\\/stores-verticaux-et-screeny\\\/\"},{\"@type\":\"ListItem\",\"position\":3,\"name\":\"Stores screen\",\"item\":\"https:\\\/\\\/www.keoutdoordesign.com\\\/fr-fr\\\/stores-verticaux-et-screeny\\\/stores-screen\\\/\"},{\"@type\":\"ListItem\",\"position\":4,\"name\":\"Screeny 55\",\"item\":\"https:\\\/\\\/www.keoutdoordesign.com\\\/fr-fr\\\/stores-verticaux-et-screeny\\\/stores-screen\\\/screeny-55\\\/\"},{\"@type\":\"ListItem\",\"position\":5,\"name\":\"Screeny 55 c\u00e2ble &#038; conducteur\"}]},{\"@type\":\"WebSite\",\"@id\":\"https:\\\/\\\/www.keoutdoordesign.com\\\/it-it\\\/#website\",\"url\":\"https:\\\/\\\/www.keoutdoordesign.com\\\/it-it\\\/\",\"name\":\"KE Outdoor Design\",\"description\":\"Un nuovo sito targato WordPress\",\"publisher\":{\"@id\":\"https:\\\/\\\/www.keoutdoordesign.com\\\/it-it\\\/#organization\"},\"potentialAction\":[{\"@type\":\"SearchAction\",\"target\":{\"@type\":\"EntryPoint\",\"urlTemplate\":\"https:\\\/\\\/www.keoutdoordesign.com\\\/it-it\\\/?s={search_term_string}\"},\"query-input\":{\"@type\":\"PropertyValueSpecification\",\"valueRequired\":true,\"valueName\":\"search_term_string\"}}],\"inLanguage\":\"fr-FR\"},{\"@type\":\"Organization\",\"@id\":\"https:\\\/\\\/www.keoutdoordesign.com\\\/it-it\\\/#organization\",\"name\":\"KE Outdoor Design\",\"url\":\"https:\\\/\\\/www.keoutdoordesign.com\\\/it-it\\\/\",\"logo\":{\"@type\":\"ImageObject\",\"inLanguage\":\"fr-FR\",\"@id\":\"https:\\\/\\\/www.keoutdoordesign.com\\\/it-it\\\/#\\\/schema\\\/logo\\\/image\\\/\",\"url\":\"https:\\\/\\\/www.keoutdoordesign.com\\\/wp-content\\\/uploads\\\/2020\\\/02\\\/KE-logo-Primary-e1591282842174.jpg\",\"contentUrl\":\"https:\\\/\\\/www.keoutdoordesign.com\\\/wp-content\\\/uploads\\\/2020\\\/02\\\/KE-logo-Primary-e1591282842174.jpg\",\"width\":500,\"height\":396,\"caption\":\"KE Outdoor Design\"},\"image\":{\"@id\":\"https:\\\/\\\/www.keoutdoordesign.com\\\/it-it\\\/#\\\/schema\\\/logo\\\/image\\\/\"},\"sameAs\":[\"https:\\\/\\\/www.facebook.com\\\/keoutdoordesign.us\",\"https:\\\/\\\/x.com\\\/keoutdoordesign\",\"https:\\\/\\\/www.facebook.com\\\/keoutdoordesign\",\"https:\\\/\\\/www.youtube.com\\\/channel\\\/UCSoMQryJpLqD53bAoZLg2Vg\",\"https:\\\/\\\/www.pinterest.it\\\/keoutdoordesign\\\/\",\"https:\\\/\\\/www.instagram.com\\\/keoutdoordesign\\\/\",\"https:\\\/\\\/www.linkedin.com\\\/company\\\/ke-outdoor-design\\\/\"]}]}<\/script>\n<!-- \/ Yoast SEO Premium plugin. -->","yoast_head_json":{"title":"Screeny 55 c\u00e2ble & conducteur - KE Outdoor Design","description":"Store vertical ext\u00e9rieur tamisant : fen\u00eatre pour salle de bain\/chambre : r\u00e9pond \u00e0 la couverture des plus petits espaces vitr\u00e9s : 60x88 cm min ; 2.2x2.5 max","robots":{"index":"index","follow":"follow","max-snippet":"max-snippet:-1","max-image-preview":"max-image-preview:large","max-video-preview":"max-video-preview:-1"},"canonical":"https:\/\/www.keoutdoordesign.com\/fr-fr\/stores-verticaux-et-screeny\/stores-screen\/screeny-55\/screeny-55-cable-conducteur\/","og_locale":"fr_FR","og_type":"article","og_title":"Screeny 55 c\u00e2ble & conducteur","og_description":"Store vertical ext\u00e9rieur tamisant : fen\u00eatre pour salle de bain\/chambre : r\u00e9pond \u00e0 la couverture des plus petits espaces vitr\u00e9s : 60x88 cm min ; 2.2x2.5 max","og_url":"https:\/\/www.keoutdoordesign.com\/fr-fr\/stores-verticaux-et-screeny\/stores-screen\/screeny-55\/screeny-55-cable-conducteur\/","og_site_name":"KE Outdoor Design","article_publisher":"https:\/\/www.facebook.com\/keoutdoordesign.us","article_modified_time":"2026-04-16T12:02:05+00:00","og_image":[{"width":1920,"height":1280,"url":"https:\/\/www.keoutdoordesign.com\/wp-content\/uploads\/2024\/01\/Store-pare-soleil-exterieur-Screeny-55-KE.jpg","type":"image\/jpeg"}],"twitter_card":"summary_large_image","twitter_site":"@keoutdoordesign","schema":{"@context":"https:\/\/schema.org","@graph":[{"@type":"WebPage","@id":"https:\/\/www.keoutdoordesign.com\/fr-fr\/stores-verticaux-et-screeny\/stores-screen\/screeny-55\/screeny-55-cable-conducteur\/","url":"https:\/\/www.keoutdoordesign.com\/fr-fr\/stores-verticaux-et-screeny\/stores-screen\/screeny-55\/screeny-55-cable-conducteur\/","name":"Screeny 55 c\u00e2ble & conducteur - KE Outdoor Design","isPartOf":{"@id":"https:\/\/www.keoutdoordesign.com\/it-it\/#website"},"primaryImageOfPage":{"@id":"https:\/\/www.keoutdoordesign.com\/fr-fr\/stores-verticaux-et-screeny\/stores-screen\/screeny-55\/screeny-55-cable-conducteur\/#primaryimage"},"image":{"@id":"https:\/\/www.keoutdoordesign.com\/fr-fr\/stores-verticaux-et-screeny\/stores-screen\/screeny-55\/screeny-55-cable-conducteur\/#primaryimage"},"thumbnailUrl":"https:\/\/www.keoutdoordesign.com\/wp-content\/uploads\/2024\/01\/Store-pare-soleil-exterieur-Screeny-55-KE.jpg","datePublished":"2019-06-07T10:38:54+00:00","dateModified":"2026-04-16T12:02:05+00:00","description":"Store vertical ext\u00e9rieur tamisant : fen\u00eatre pour salle de bain\/chambre : r\u00e9pond \u00e0 la couverture des plus petits espaces vitr\u00e9s : 60x88 cm min ; 2.2x2.5 max","breadcrumb":{"@id":"https:\/\/www.keoutdoordesign.com\/fr-fr\/stores-verticaux-et-screeny\/stores-screen\/screeny-55\/screeny-55-cable-conducteur\/#breadcrumb"},"inLanguage":"fr-FR","potentialAction":[{"@type":"ReadAction","target":["https:\/\/www.keoutdoordesign.com\/fr-fr\/stores-verticaux-et-screeny\/stores-screen\/screeny-55\/screeny-55-cable-conducteur\/"]}]},{"@type":"ImageObject","inLanguage":"fr-FR","@id":"https:\/\/www.keoutdoordesign.com\/fr-fr\/stores-verticaux-et-screeny\/stores-screen\/screeny-55\/screeny-55-cable-conducteur\/#primaryimage","url":"https:\/\/www.keoutdoordesign.com\/wp-content\/uploads\/2024\/01\/Store-pare-soleil-exterieur-Screeny-55-KE.jpg","contentUrl":"https:\/\/www.keoutdoordesign.com\/wp-content\/uploads\/2024\/01\/Store-pare-soleil-exterieur-Screeny-55-KE.jpg","width":1920,"height":1280,"caption":"Store vertical ext\u00e9rieur de petites tailles id\u00e9al pour la couverture de fen\u00eatres."},{"@type":"BreadcrumbList","@id":"https:\/\/www.keoutdoordesign.com\/fr-fr\/stores-verticaux-et-screeny\/stores-screen\/screeny-55\/screeny-55-cable-conducteur\/#breadcrumb","itemListElement":[{"@type":"ListItem","position":1,"name":"Home","item":"https:\/\/www.keoutdoordesign.com\/fr-fr\/"},{"@type":"ListItem","position":2,"name":"Stores verticaux et Screeny","item":"https:\/\/www.keoutdoordesign.com\/fr-fr\/stores-verticaux-et-screeny\/"},{"@type":"ListItem","position":3,"name":"Stores screen","item":"https:\/\/www.keoutdoordesign.com\/fr-fr\/stores-verticaux-et-screeny\/stores-screen\/"},{"@type":"ListItem","position":4,"name":"Screeny 55","item":"https:\/\/www.keoutdoordesign.com\/fr-fr\/stores-verticaux-et-screeny\/stores-screen\/screeny-55\/"},{"@type":"ListItem","position":5,"name":"Screeny 55 c\u00e2ble &#038; conducteur"}]},{"@type":"WebSite","@id":"https:\/\/www.keoutdoordesign.com\/it-it\/#website","url":"https:\/\/www.keoutdoordesign.com\/it-it\/","name":"KE Outdoor Design","description":"Un nuovo sito targato WordPress","publisher":{"@id":"https:\/\/www.keoutdoordesign.com\/it-it\/#organization"},"potentialAction":[{"@type":"SearchAction","target":{"@type":"EntryPoint","urlTemplate":"https:\/\/www.keoutdoordesign.com\/it-it\/?s={search_term_string}"},"query-input":{"@type":"PropertyValueSpecification","valueRequired":true,"valueName":"search_term_string"}}],"inLanguage":"fr-FR"},{"@type":"Organization","@id":"https:\/\/www.keoutdoordesign.com\/it-it\/#organization","name":"KE Outdoor Design","url":"https:\/\/www.keoutdoordesign.com\/it-it\/","logo":{"@type":"ImageObject","inLanguage":"fr-FR","@id":"https:\/\/www.keoutdoordesign.com\/it-it\/#\/schema\/logo\/image\/","url":"https:\/\/www.keoutdoordesign.com\/wp-content\/uploads\/2020\/02\/KE-logo-Primary-e1591282842174.jpg","contentUrl":"https:\/\/www.keoutdoordesign.com\/wp-content\/uploads\/2020\/02\/KE-logo-Primary-e1591282842174.jpg","width":500,"height":396,"caption":"KE Outdoor Design"},"image":{"@id":"https:\/\/www.keoutdoordesign.com\/it-it\/#\/schema\/logo\/image\/"},"sameAs":["https:\/\/www.facebook.com\/keoutdoordesign.us","https:\/\/x.com\/keoutdoordesign","https:\/\/www.facebook.com\/keoutdoordesign","https:\/\/www.youtube.com\/channel\/UCSoMQryJpLqD53bAoZLg2Vg","https:\/\/www.pinterest.it\/keoutdoordesign\/","https:\/\/www.instagram.com\/keoutdoordesign\/","https:\/\/www.linkedin.com\/company\/ke-outdoor-design\/"]}]}},"_links":{"self":[{"href":"https:\/\/www.keoutdoordesign.com\/fr-fr\/wp-json\/wp\/v2\/pages\/4711","targetHints":{"allow":["GET"]}}],"collection":[{"href":"https:\/\/www.keoutdoordesign.com\/fr-fr\/wp-json\/wp\/v2\/pages"}],"about":[{"href":"https:\/\/www.keoutdoordesign.com\/fr-fr\/wp-json\/wp\/v2\/types\/page"}],"author":[{"embeddable":true,"href":"https:\/\/www.keoutdoordesign.com\/fr-fr\/wp-json\/wp\/v2\/users\/10608"}],"replies":[{"embeddable":true,"href":"https:\/\/www.keoutdoordesign.com\/fr-fr\/wp-json\/wp\/v2\/comments?post=4711"}],"version-history":[{"count":15,"href":"https:\/\/www.keoutdoordesign.com\/fr-fr\/wp-json\/wp\/v2\/pages\/4711\/revisions"}],"predecessor-version":[{"id":121719,"href":"https:\/\/www.keoutdoordesign.com\/fr-fr\/wp-json\/wp\/v2\/pages\/4711\/revisions\/121719"}],"up":[{"embeddable":true,"href":"https:\/\/www.keoutdoordesign.com\/fr-fr\/wp-json\/wp\/v2\/pages\/4695"}],"wp:featuredmedia":[{"embeddable":true,"href":"https:\/\/www.keoutdoordesign.com\/fr-fr\/wp-json\/wp\/v2\/media\/65675"}],"wp:attachment":[{"href":"https:\/\/www.keoutdoordesign.com\/fr-fr\/wp-json\/wp\/v2\/media?parent=4711"}],"curies":[{"name":"wp","href":"https:\/\/api.w.org\/{rel}","templated":true}]}}