{"id":4705,"date":"2019-06-07T11:55:29","date_gmt":"2019-06-07T09:55:29","guid":{"rendered":"http:\/\/ke.localhost.it\/stores-verticaux-et-screeny\/store-screen\/screeny-110\/"},"modified":"2019-09-10T11:34:25","modified_gmt":"2019-09-10T09:34:25","slug":"screeny-110","status":"publish","type":"page","link":"https:\/\/www.keoutdoordesign.com\/fr-fr\/stores-verticaux-et-screeny\/stores-screen\/screeny-110\/","title":{"rendered":"Screeny 110"},"content":{"rendered":"<p><strong>Le store enrouleur pour baies-vitr\u00e9es id\u00e9al.<\/strong><\/p>\n<p>Ses dimensions sont id\u00e9ales pour r\u00e9pondre \u00e0 un besoin de recouvrement de baies vitr\u00e9es ou portes coulissantes.<\/p>\n<p>Offrant une largeur et une hauteur pouvant atteindre respectivement 4m et 3.8m, ce store peut couvrir des fen\u00eatres ou autres espaces vitr\u00e9s d\u2019une grande envergure.<\/p>\n<p>Et pour ceux qui veulent toujours plus d\u2019espaces vitr\u00e9s vous avez la possibilit\u00e9 d&rsquo;installer 2 stores cons\u00e9cutifs pour couvrir davantage vos vitres.<\/p>\n<p>La personnalisation du store permet une ad\u00e9quation parfaite entre vos besoins fonctionnels et esth\u00e9tiques. Choisissez les dimensions, la couleur et la teinte de toile de votre store. Ainsi cr\u00e9ez l&rsquo;ambiance que vous souhaitez pour vos pi\u00e8ces de vie: tamis\u00e9e, \u00e9clair\u00e9e, sombre. Selon le type de pi\u00e8ce, le besoin n&rsquo;est pas toujours le m\u00eame.<\/p>\n<p>Leur <strong>r\u00e9alisation respecte une fabrication \u00ab\u00a0<a href=\"\/?page_id=9590\">green<\/a> \u00bb en faveur de l\u2019environnement<\/strong>. Un store enrouleur avec fibre naturelle c&rsquo;est possible.<\/p>\n<p>Nos stores sont fabriqu\u00e9s \u00e0 partir d&rsquo;aluminium, mat\u00e9riau <strong>100% recyclable<\/strong>. Les toiles sont con\u00e7ues avec une <strong>nouvelle fibre naturelle<\/strong> et un syst\u00e8me de <strong>motorisation solaire<\/strong> peut \u00eatre install\u00e9 avec adaptateur. Esth\u00e9tique et performant (m\u00eame \u00e0 faible niveau d\u2019ensoleillement), la batterie est discr\u00e8te et durable.<\/p>\n<p>Optez pour votre nouveau store enrouleur pour baies-vitr\u00e9es efficace et naturel.<\/p>\n","protected":false},"excerpt":{"rendered":"<p>Le store enrouleur pour baies-vitr\u00e9es id\u00e9al. Ses dimensions sont id\u00e9ales pour r\u00e9pondre \u00e0 un besoin de recouvrement de baies vitr\u00e9es&hellip;<\/p>\n","protected":false},"author":10608,"featured_media":2212,"parent":4686,"menu_order":0,"comment_status":"closed","ping_status":"closed","template":"page-templates\/category-products.php","meta":{"_acf_changed":false,"footnotes":""},"class_list":["post-4705","page","type-page","status-publish","has-post-thumbnail","hentry"],"acf":[],"yoast_head":"<!-- This site is optimized with the Yoast SEO Premium plugin v20.12 (Yoast SEO v27.3) - https:\/\/yoast.com\/product\/yoast-seo-premium-wordpress\/ -->\n<title>Screeny 110 -<\/title>\n<meta name=\"description\" content=\"store enrouleur pour baies-vitr\u00e9es: ses grandes dimensions \u00e9pousent parfaitement celles d&#039;une baie vitr\u00e9e.Produit francais sur mesure avec fibre naturelle.\" \/>\n<meta name=\"robots\" content=\"index, follow, max-snippet:-1, max-image-preview:large, max-video-preview:-1\" \/>\n<link rel=\"canonical\" href=\"https:\/\/www.keoutdoordesign.com\/fr-fr\/stores-verticaux-et-screeny\/stores-screen\/screeny-110\/\" \/>\n<meta property=\"og:locale\" content=\"fr_FR\" \/>\n<meta property=\"og:type\" content=\"article\" \/>\n<meta property=\"og:title\" content=\"Screeny 110\" \/>\n<meta property=\"og:description\" content=\"store enrouleur pour baies-vitr\u00e9es: ses grandes dimensions \u00e9pousent parfaitement celles d&#039;une baie vitr\u00e9e.Produit francais sur mesure avec fibre naturelle.\" \/>\n<meta property=\"og:url\" content=\"https:\/\/www.keoutdoordesign.com\/fr-fr\/stores-verticaux-et-screeny\/stores-screen\/screeny-110\/\" \/>\n<meta property=\"og:site_name\" content=\"KE Outdoor Design\" \/>\n<meta property=\"article:publisher\" content=\"https:\/\/www.facebook.com\/keoutdoordesign.us\" \/>\n<meta property=\"article:modified_time\" content=\"2019-09-10T09:34:25+00:00\" \/>\n<meta property=\"og:image\" content=\"https:\/\/www.keoutdoordesign.com\/wp-content\/uploads\/2019\/05\/ke_outdoor_design_tende_a_rullo_screeny_110_GP_unica_cabrio_S31_1.jpg\" \/>\n\t<meta property=\"og:image:width\" content=\"2000\" \/>\n\t<meta property=\"og:image:height\" content=\"1333\" \/>\n\t<meta property=\"og:image:type\" content=\"image\/jpeg\" \/>\n<meta name=\"twitter:card\" content=\"summary_large_image\" \/>\n<meta name=\"twitter:site\" content=\"@keoutdoordesign\" \/>\n<script type=\"application\/ld+json\" class=\"yoast-schema-graph\">{\"@context\":\"https:\\\/\\\/schema.org\",\"@graph\":[{\"@type\":\"WebPage\",\"@id\":\"https:\\\/\\\/www.keoutdoordesign.com\\\/fr-fr\\\/stores-verticaux-et-screeny\\\/stores-screen\\\/screeny-110\\\/\",\"url\":\"https:\\\/\\\/www.keoutdoordesign.com\\\/fr-fr\\\/stores-verticaux-et-screeny\\\/stores-screen\\\/screeny-110\\\/\",\"name\":\"Screeny 110 -\",\"isPartOf\":{\"@id\":\"https:\\\/\\\/www.keoutdoordesign.com\\\/it-it\\\/#website\"},\"primaryImageOfPage\":{\"@id\":\"https:\\\/\\\/www.keoutdoordesign.com\\\/fr-fr\\\/stores-verticaux-et-screeny\\\/stores-screen\\\/screeny-110\\\/#primaryimage\"},\"image\":{\"@id\":\"https:\\\/\\\/www.keoutdoordesign.com\\\/fr-fr\\\/stores-verticaux-et-screeny\\\/stores-screen\\\/screeny-110\\\/#primaryimage\"},\"thumbnailUrl\":\"https:\\\/\\\/www.keoutdoordesign.com\\\/wp-content\\\/uploads\\\/2019\\\/05\\\/ke_outdoor_design_tende_a_rullo_screeny_110_GP_unica_cabrio_S31_1.jpg\",\"datePublished\":\"2019-06-07T09:55:29+00:00\",\"dateModified\":\"2019-09-10T09:34:25+00:00\",\"description\":\"store enrouleur pour baies-vitr\u00e9es: ses grandes dimensions \u00e9pousent parfaitement celles d'une baie vitr\u00e9e.Produit francais sur mesure avec fibre naturelle.\",\"breadcrumb\":{\"@id\":\"https:\\\/\\\/www.keoutdoordesign.com\\\/fr-fr\\\/stores-verticaux-et-screeny\\\/stores-screen\\\/screeny-110\\\/#breadcrumb\"},\"inLanguage\":\"fr-FR\",\"potentialAction\":[{\"@type\":\"ReadAction\",\"target\":[\"https:\\\/\\\/www.keoutdoordesign.com\\\/fr-fr\\\/stores-verticaux-et-screeny\\\/stores-screen\\\/screeny-110\\\/\"]}]},{\"@type\":\"ImageObject\",\"inLanguage\":\"fr-FR\",\"@id\":\"https:\\\/\\\/www.keoutdoordesign.com\\\/fr-fr\\\/stores-verticaux-et-screeny\\\/stores-screen\\\/screeny-110\\\/#primaryimage\",\"url\":\"https:\\\/\\\/www.keoutdoordesign.com\\\/wp-content\\\/uploads\\\/2019\\\/05\\\/ke_outdoor_design_tende_a_rullo_screeny_110_GP_unica_cabrio_S31_1.jpg\",\"contentUrl\":\"https:\\\/\\\/www.keoutdoordesign.com\\\/wp-content\\\/uploads\\\/2019\\\/05\\\/ke_outdoor_design_tende_a_rullo_screeny_110_GP_unica_cabrio_S31_1.jpg\",\"width\":2000,\"height\":1333,\"caption\":\"un store pour baies vitr\u00e9es efficace pour obscurcir ou tamiser et produit naturellement.\"},{\"@type\":\"BreadcrumbList\",\"@id\":\"https:\\\/\\\/www.keoutdoordesign.com\\\/fr-fr\\\/stores-verticaux-et-screeny\\\/stores-screen\\\/screeny-110\\\/#breadcrumb\",\"itemListElement\":[{\"@type\":\"ListItem\",\"position\":1,\"name\":\"Home\",\"item\":\"https:\\\/\\\/www.keoutdoordesign.com\\\/fr-fr\\\/\"},{\"@type\":\"ListItem\",\"position\":2,\"name\":\"Stores verticaux et Screeny\",\"item\":\"https:\\\/\\\/www.keoutdoordesign.com\\\/fr-fr\\\/stores-verticaux-et-screeny\\\/\"},{\"@type\":\"ListItem\",\"position\":3,\"name\":\"Stores screen\",\"item\":\"https:\\\/\\\/www.keoutdoordesign.com\\\/fr-fr\\\/stores-verticaux-et-screeny\\\/stores-screen\\\/\"},{\"@type\":\"ListItem\",\"position\":4,\"name\":\"Screeny 110\"}]},{\"@type\":\"WebSite\",\"@id\":\"https:\\\/\\\/www.keoutdoordesign.com\\\/it-it\\\/#website\",\"url\":\"https:\\\/\\\/www.keoutdoordesign.com\\\/it-it\\\/\",\"name\":\"KE Outdoor Design\",\"description\":\"Un nuovo sito targato WordPress\",\"publisher\":{\"@id\":\"https:\\\/\\\/www.keoutdoordesign.com\\\/it-it\\\/#organization\"},\"potentialAction\":[{\"@type\":\"SearchAction\",\"target\":{\"@type\":\"EntryPoint\",\"urlTemplate\":\"https:\\\/\\\/www.keoutdoordesign.com\\\/it-it\\\/?s={search_term_string}\"},\"query-input\":{\"@type\":\"PropertyValueSpecification\",\"valueRequired\":true,\"valueName\":\"search_term_string\"}}],\"inLanguage\":\"fr-FR\"},{\"@type\":\"Organization\",\"@id\":\"https:\\\/\\\/www.keoutdoordesign.com\\\/it-it\\\/#organization\",\"name\":\"KE Outdoor Design\",\"url\":\"https:\\\/\\\/www.keoutdoordesign.com\\\/it-it\\\/\",\"logo\":{\"@type\":\"ImageObject\",\"inLanguage\":\"fr-FR\",\"@id\":\"https:\\\/\\\/www.keoutdoordesign.com\\\/it-it\\\/#\\\/schema\\\/logo\\\/image\\\/\",\"url\":\"https:\\\/\\\/www.keoutdoordesign.com\\\/wp-content\\\/uploads\\\/2020\\\/02\\\/KE-logo-Primary-e1591282842174.jpg\",\"contentUrl\":\"https:\\\/\\\/www.keoutdoordesign.com\\\/wp-content\\\/uploads\\\/2020\\\/02\\\/KE-logo-Primary-e1591282842174.jpg\",\"width\":500,\"height\":396,\"caption\":\"KE Outdoor Design\"},\"image\":{\"@id\":\"https:\\\/\\\/www.keoutdoordesign.com\\\/it-it\\\/#\\\/schema\\\/logo\\\/image\\\/\"},\"sameAs\":[\"https:\\\/\\\/www.facebook.com\\\/keoutdoordesign.us\",\"https:\\\/\\\/x.com\\\/keoutdoordesign\",\"https:\\\/\\\/www.facebook.com\\\/keoutdoordesign\",\"https:\\\/\\\/www.youtube.com\\\/channel\\\/UCSoMQryJpLqD53bAoZLg2Vg\",\"https:\\\/\\\/www.pinterest.it\\\/keoutdoordesign\\\/\",\"https:\\\/\\\/www.instagram.com\\\/keoutdoordesign\\\/\",\"https:\\\/\\\/www.linkedin.com\\\/company\\\/ke-outdoor-design\\\/\"]}]}<\/script>\n<!-- \/ Yoast SEO Premium plugin. -->","yoast_head_json":{"title":"Screeny 110 -","description":"store enrouleur pour baies-vitr\u00e9es: ses grandes dimensions \u00e9pousent parfaitement celles d'une baie vitr\u00e9e.Produit francais sur mesure avec fibre naturelle.","robots":{"index":"index","follow":"follow","max-snippet":"max-snippet:-1","max-image-preview":"max-image-preview:large","max-video-preview":"max-video-preview:-1"},"canonical":"https:\/\/www.keoutdoordesign.com\/fr-fr\/stores-verticaux-et-screeny\/stores-screen\/screeny-110\/","og_locale":"fr_FR","og_type":"article","og_title":"Screeny 110","og_description":"store enrouleur pour baies-vitr\u00e9es: ses grandes dimensions \u00e9pousent parfaitement celles d'une baie vitr\u00e9e.Produit francais sur mesure avec fibre naturelle.","og_url":"https:\/\/www.keoutdoordesign.com\/fr-fr\/stores-verticaux-et-screeny\/stores-screen\/screeny-110\/","og_site_name":"KE Outdoor Design","article_publisher":"https:\/\/www.facebook.com\/keoutdoordesign.us","article_modified_time":"2019-09-10T09:34:25+00:00","og_image":[{"width":2000,"height":1333,"url":"https:\/\/www.keoutdoordesign.com\/wp-content\/uploads\/2019\/05\/ke_outdoor_design_tende_a_rullo_screeny_110_GP_unica_cabrio_S31_1.jpg","type":"image\/jpeg"}],"twitter_card":"summary_large_image","twitter_site":"@keoutdoordesign","schema":{"@context":"https:\/\/schema.org","@graph":[{"@type":"WebPage","@id":"https:\/\/www.keoutdoordesign.com\/fr-fr\/stores-verticaux-et-screeny\/stores-screen\/screeny-110\/","url":"https:\/\/www.keoutdoordesign.com\/fr-fr\/stores-verticaux-et-screeny\/stores-screen\/screeny-110\/","name":"Screeny 110 -","isPartOf":{"@id":"https:\/\/www.keoutdoordesign.com\/it-it\/#website"},"primaryImageOfPage":{"@id":"https:\/\/www.keoutdoordesign.com\/fr-fr\/stores-verticaux-et-screeny\/stores-screen\/screeny-110\/#primaryimage"},"image":{"@id":"https:\/\/www.keoutdoordesign.com\/fr-fr\/stores-verticaux-et-screeny\/stores-screen\/screeny-110\/#primaryimage"},"thumbnailUrl":"https:\/\/www.keoutdoordesign.com\/wp-content\/uploads\/2019\/05\/ke_outdoor_design_tende_a_rullo_screeny_110_GP_unica_cabrio_S31_1.jpg","datePublished":"2019-06-07T09:55:29+00:00","dateModified":"2019-09-10T09:34:25+00:00","description":"store enrouleur pour baies-vitr\u00e9es: ses grandes dimensions \u00e9pousent parfaitement celles d'une baie vitr\u00e9e.Produit francais sur mesure avec fibre naturelle.","breadcrumb":{"@id":"https:\/\/www.keoutdoordesign.com\/fr-fr\/stores-verticaux-et-screeny\/stores-screen\/screeny-110\/#breadcrumb"},"inLanguage":"fr-FR","potentialAction":[{"@type":"ReadAction","target":["https:\/\/www.keoutdoordesign.com\/fr-fr\/stores-verticaux-et-screeny\/stores-screen\/screeny-110\/"]}]},{"@type":"ImageObject","inLanguage":"fr-FR","@id":"https:\/\/www.keoutdoordesign.com\/fr-fr\/stores-verticaux-et-screeny\/stores-screen\/screeny-110\/#primaryimage","url":"https:\/\/www.keoutdoordesign.com\/wp-content\/uploads\/2019\/05\/ke_outdoor_design_tende_a_rullo_screeny_110_GP_unica_cabrio_S31_1.jpg","contentUrl":"https:\/\/www.keoutdoordesign.com\/wp-content\/uploads\/2019\/05\/ke_outdoor_design_tende_a_rullo_screeny_110_GP_unica_cabrio_S31_1.jpg","width":2000,"height":1333,"caption":"un store pour baies vitr\u00e9es efficace pour obscurcir ou tamiser et produit naturellement."},{"@type":"BreadcrumbList","@id":"https:\/\/www.keoutdoordesign.com\/fr-fr\/stores-verticaux-et-screeny\/stores-screen\/screeny-110\/#breadcrumb","itemListElement":[{"@type":"ListItem","position":1,"name":"Home","item":"https:\/\/www.keoutdoordesign.com\/fr-fr\/"},{"@type":"ListItem","position":2,"name":"Stores verticaux et Screeny","item":"https:\/\/www.keoutdoordesign.com\/fr-fr\/stores-verticaux-et-screeny\/"},{"@type":"ListItem","position":3,"name":"Stores screen","item":"https:\/\/www.keoutdoordesign.com\/fr-fr\/stores-verticaux-et-screeny\/stores-screen\/"},{"@type":"ListItem","position":4,"name":"Screeny 110"}]},{"@type":"WebSite","@id":"https:\/\/www.keoutdoordesign.com\/it-it\/#website","url":"https:\/\/www.keoutdoordesign.com\/it-it\/","name":"KE Outdoor Design","description":"Un nuovo sito targato WordPress","publisher":{"@id":"https:\/\/www.keoutdoordesign.com\/it-it\/#organization"},"potentialAction":[{"@type":"SearchAction","target":{"@type":"EntryPoint","urlTemplate":"https:\/\/www.keoutdoordesign.com\/it-it\/?s={search_term_string}"},"query-input":{"@type":"PropertyValueSpecification","valueRequired":true,"valueName":"search_term_string"}}],"inLanguage":"fr-FR"},{"@type":"Organization","@id":"https:\/\/www.keoutdoordesign.com\/it-it\/#organization","name":"KE Outdoor Design","url":"https:\/\/www.keoutdoordesign.com\/it-it\/","logo":{"@type":"ImageObject","inLanguage":"fr-FR","@id":"https:\/\/www.keoutdoordesign.com\/it-it\/#\/schema\/logo\/image\/","url":"https:\/\/www.keoutdoordesign.com\/wp-content\/uploads\/2020\/02\/KE-logo-Primary-e1591282842174.jpg","contentUrl":"https:\/\/www.keoutdoordesign.com\/wp-content\/uploads\/2020\/02\/KE-logo-Primary-e1591282842174.jpg","width":500,"height":396,"caption":"KE Outdoor Design"},"image":{"@id":"https:\/\/www.keoutdoordesign.com\/it-it\/#\/schema\/logo\/image\/"},"sameAs":["https:\/\/www.facebook.com\/keoutdoordesign.us","https:\/\/x.com\/keoutdoordesign","https:\/\/www.facebook.com\/keoutdoordesign","https:\/\/www.youtube.com\/channel\/UCSoMQryJpLqD53bAoZLg2Vg","https:\/\/www.pinterest.it\/keoutdoordesign\/","https:\/\/www.instagram.com\/keoutdoordesign\/","https:\/\/www.linkedin.com\/company\/ke-outdoor-design\/"]}]}},"_links":{"self":[{"href":"https:\/\/www.keoutdoordesign.com\/fr-fr\/wp-json\/wp\/v2\/pages\/4705","targetHints":{"allow":["GET"]}}],"collection":[{"href":"https:\/\/www.keoutdoordesign.com\/fr-fr\/wp-json\/wp\/v2\/pages"}],"about":[{"href":"https:\/\/www.keoutdoordesign.com\/fr-fr\/wp-json\/wp\/v2\/types\/page"}],"author":[{"embeddable":true,"href":"https:\/\/www.keoutdoordesign.com\/fr-fr\/wp-json\/wp\/v2\/users\/10608"}],"replies":[{"embeddable":true,"href":"https:\/\/www.keoutdoordesign.com\/fr-fr\/wp-json\/wp\/v2\/comments?post=4705"}],"version-history":[{"count":8,"href":"https:\/\/www.keoutdoordesign.com\/fr-fr\/wp-json\/wp\/v2\/pages\/4705\/revisions"}],"predecessor-version":[{"id":14247,"href":"https:\/\/www.keoutdoordesign.com\/fr-fr\/wp-json\/wp\/v2\/pages\/4705\/revisions\/14247"}],"up":[{"embeddable":true,"href":"https:\/\/www.keoutdoordesign.com\/fr-fr\/wp-json\/wp\/v2\/pages\/4686"}],"wp:featuredmedia":[{"embeddable":true,"href":"https:\/\/www.keoutdoordesign.com\/fr-fr\/wp-json\/wp\/v2\/media\/2212"}],"wp:attachment":[{"href":"https:\/\/www.keoutdoordesign.com\/fr-fr\/wp-json\/wp\/v2\/media?parent=4705"}],"curies":[{"name":"wp","href":"https:\/\/api.w.org\/{rel}","templated":true}]}}