{"id":4703,"date":"2019-06-07T11:54:30","date_gmt":"2019-06-07T09:54:30","guid":{"rendered":"http:\/\/ke.localhost.it\/?page_id=4703"},"modified":"2025-02-21T17:21:09","modified_gmt":"2025-02-21T16:21:09","slug":"voile-d-ombrage-kolibrie","status":"publish","type":"page","link":"https:\/\/www.keoutdoordesign.com\/fr-fr\/voiles-exterieurs\/voile-d-ombrage-kolibrie\/","title":{"rendered":"Voile d&rsquo;ombrage Kolibrie"},"content":{"rendered":"<p>Fabriqu\u00e9 en Dacron, le tissu en polyester avec du fil tress\u00e9 sp\u00e9cifique des voiles de bateau, KOLIBRIE poss\u00e8de \u00e9galement une grande r\u00e9sistance \u00e0 l&rsquo;usure, aux agents atmosph\u00e9riques et \u00e0 la salinit\u00e9, les caract\u00e9ristiques qui en font le produit id\u00e9al pour les installations baln\u00e9aires et marines. De plus, l&rsquo;utilisation dans toute la structure de mat\u00e9riaux habituellement utilis\u00e9s dans l&rsquo;industrie permet \u00e0 KOLIBRIE de se conserver au fil du temps, tout en maintenant ses <strong>performances de durabilit\u00e9<\/strong>.<\/p>\n<p>Gr\u00e2ce \u00e0 son esth\u00e9tique raffin\u00e9e et la qualit\u00e9 de ses mat\u00e9riaux, KOLIBRIE devient un <strong>v\u00e9ritable objet de design, l\u00e9ger et moderne<\/strong>, expression d&rsquo;une mani\u00e8re innovante de mettre \u00e0 l\u2019ombre des espaces ext\u00e9rieurs et de vivre \u00e0 l&rsquo;ext\u00e9rieur.<\/p>\n","protected":false},"excerpt":{"rendered":"<p>Fabriqu\u00e9 en Dacron, le tissu en polyester avec du fil tress\u00e9 sp\u00e9cifique des voiles de bateau, KOLIBRIE poss\u00e8de \u00e9galement une&hellip;<\/p>\n","protected":false},"author":10608,"featured_media":65628,"parent":4697,"menu_order":7,"comment_status":"closed","ping_status":"closed","template":"page-templates\/product.php","meta":{"_acf_changed":false,"footnotes":""},"class_list":["post-4703","page","type-page","status-publish","has-post-thumbnail","hentry"],"acf":[],"yoast_head":"<!-- This site is optimized with the Yoast SEO Premium plugin v20.12 (Yoast SEO v27.3) - https:\/\/yoast.com\/product\/yoast-seo-premium-wordpress\/ -->\n<title>Voile d&#039;ombrage Voile d&#039;ombrage Kolibrie - KE Outdoor Design<\/title>\n<meta name=\"description\" content=\"KOLIBRIE, la voile d&#039;ombrage pens\u00e9e avec un unique m\u00e2t de soutien r\u00e9alis\u00e9 en acier inoxydable. Orientable \u00e0 360\u00b0 gr\u00e2ce au pi\u00e9destal \u00e0 roulements : sa manipulation peut \u00eatre manuelle ou motoris\u00e9e, dans cette version gr\u00e2ce \u00e0 l\u2019an\u00e9mom\u00e8tre.\" \/>\n<meta name=\"robots\" content=\"index, follow, max-snippet:-1, max-image-preview:large, max-video-preview:-1\" \/>\n<link rel=\"canonical\" href=\"https:\/\/www.keoutdoordesign.com\/fr-fr\/voiles-exterieurs\/voile-d-ombrage-kolibrie\/\" \/>\n<meta property=\"og:locale\" content=\"fr_FR\" \/>\n<meta property=\"og:type\" content=\"article\" \/>\n<meta property=\"og:title\" content=\"Voile d&#039;ombrage Kolibrie\" \/>\n<meta property=\"og:description\" content=\"KOLIBRIE, la voile d&#039;ombrage pens\u00e9e avec un unique m\u00e2t de soutien r\u00e9alis\u00e9 en acier inoxydable. Orientable \u00e0 360\u00b0 gr\u00e2ce au pi\u00e9destal \u00e0 roulements : sa manipulation peut \u00eatre manuelle ou motoris\u00e9e, dans cette version gr\u00e2ce \u00e0 l\u2019an\u00e9mom\u00e8tre.\" \/>\n<meta property=\"og:url\" content=\"https:\/\/www.keoutdoordesign.com\/fr-fr\/voiles-exterieurs\/voile-d-ombrage-kolibrie\/\" \/>\n<meta property=\"og:site_name\" content=\"KE Outdoor Design\" \/>\n<meta property=\"article:publisher\" content=\"https:\/\/www.facebook.com\/keoutdoordesign.us\" \/>\n<meta property=\"article:modified_time\" content=\"2025-02-21T16:21:09+00:00\" \/>\n<meta property=\"og:image\" content=\"https:\/\/www.keoutdoordesign.com\/wp-content\/uploads\/2024\/01\/Voile-dombrage-Kolibrie-KE.jpg\" \/>\n\t<meta property=\"og:image:width\" content=\"1920\" \/>\n\t<meta property=\"og:image:height\" content=\"1897\" \/>\n\t<meta property=\"og:image:type\" content=\"image\/jpeg\" \/>\n<meta name=\"twitter:card\" content=\"summary_large_image\" \/>\n<meta name=\"twitter:site\" content=\"@keoutdoordesign\" \/>\n<script type=\"application\/ld+json\" class=\"yoast-schema-graph\">{\"@context\":\"https:\\\/\\\/schema.org\",\"@graph\":[{\"@type\":\"WebPage\",\"@id\":\"https:\\\/\\\/www.keoutdoordesign.com\\\/fr-fr\\\/voiles-exterieurs\\\/voile-d-ombrage-kolibrie\\\/\",\"url\":\"https:\\\/\\\/www.keoutdoordesign.com\\\/fr-fr\\\/voiles-exterieurs\\\/voile-d-ombrage-kolibrie\\\/\",\"name\":\"Voile d'ombrage Voile d'ombrage Kolibrie - KE Outdoor Design\",\"isPartOf\":{\"@id\":\"https:\\\/\\\/www.keoutdoordesign.com\\\/it-it\\\/#website\"},\"primaryImageOfPage\":{\"@id\":\"https:\\\/\\\/www.keoutdoordesign.com\\\/fr-fr\\\/voiles-exterieurs\\\/voile-d-ombrage-kolibrie\\\/#primaryimage\"},\"image\":{\"@id\":\"https:\\\/\\\/www.keoutdoordesign.com\\\/fr-fr\\\/voiles-exterieurs\\\/voile-d-ombrage-kolibrie\\\/#primaryimage\"},\"thumbnailUrl\":\"https:\\\/\\\/www.keoutdoordesign.com\\\/wp-content\\\/uploads\\\/2024\\\/01\\\/Voile-dombrage-Kolibrie-KE.jpg\",\"datePublished\":\"2019-06-07T09:54:30+00:00\",\"dateModified\":\"2025-02-21T16:21:09+00:00\",\"description\":\"KOLIBRIE, la voile d'ombrage pens\u00e9e avec un unique m\u00e2t de soutien r\u00e9alis\u00e9 en acier inoxydable. Orientable \u00e0 360\u00b0 gr\u00e2ce au pi\u00e9destal \u00e0 roulements : sa manipulation peut \u00eatre manuelle ou motoris\u00e9e, dans cette version gr\u00e2ce \u00e0 l\u2019an\u00e9mom\u00e8tre.\",\"breadcrumb\":{\"@id\":\"https:\\\/\\\/www.keoutdoordesign.com\\\/fr-fr\\\/voiles-exterieurs\\\/voile-d-ombrage-kolibrie\\\/#breadcrumb\"},\"inLanguage\":\"fr-FR\",\"potentialAction\":[{\"@type\":\"ReadAction\",\"target\":[\"https:\\\/\\\/www.keoutdoordesign.com\\\/fr-fr\\\/voiles-exterieurs\\\/voile-d-ombrage-kolibrie\\\/\"]}]},{\"@type\":\"ImageObject\",\"inLanguage\":\"fr-FR\",\"@id\":\"https:\\\/\\\/www.keoutdoordesign.com\\\/fr-fr\\\/voiles-exterieurs\\\/voile-d-ombrage-kolibrie\\\/#primaryimage\",\"url\":\"https:\\\/\\\/www.keoutdoordesign.com\\\/wp-content\\\/uploads\\\/2024\\\/01\\\/Voile-dombrage-Kolibrie-KE.jpg\",\"contentUrl\":\"https:\\\/\\\/www.keoutdoordesign.com\\\/wp-content\\\/uploads\\\/2024\\\/01\\\/Voile-dombrage-Kolibrie-KE.jpg\",\"width\":1920,\"height\":1897,\"caption\":\"Voile d'ombrage compos\u00e9e d'un unique m\u00e2t de soutien. Version autoportante orientable jusqu'\u00e0 360\u00b0.\"},{\"@type\":\"BreadcrumbList\",\"@id\":\"https:\\\/\\\/www.keoutdoordesign.com\\\/fr-fr\\\/voiles-exterieurs\\\/voile-d-ombrage-kolibrie\\\/#breadcrumb\",\"itemListElement\":[{\"@type\":\"ListItem\",\"position\":1,\"name\":\"Home\",\"item\":\"https:\\\/\\\/www.keoutdoordesign.com\\\/fr-fr\\\/\"},{\"@type\":\"ListItem\",\"position\":2,\"name\":\"Voiles ext\u00e9rieures\",\"item\":\"https:\\\/\\\/www.keoutdoordesign.com\\\/fr-fr\\\/voiles-exterieurs\\\/\"},{\"@type\":\"ListItem\",\"position\":3,\"name\":\"Voile d&#8217;ombrage Kolibrie\"}]},{\"@type\":\"WebSite\",\"@id\":\"https:\\\/\\\/www.keoutdoordesign.com\\\/it-it\\\/#website\",\"url\":\"https:\\\/\\\/www.keoutdoordesign.com\\\/it-it\\\/\",\"name\":\"KE Outdoor Design\",\"description\":\"Un nuovo sito targato WordPress\",\"publisher\":{\"@id\":\"https:\\\/\\\/www.keoutdoordesign.com\\\/it-it\\\/#organization\"},\"potentialAction\":[{\"@type\":\"SearchAction\",\"target\":{\"@type\":\"EntryPoint\",\"urlTemplate\":\"https:\\\/\\\/www.keoutdoordesign.com\\\/it-it\\\/?s={search_term_string}\"},\"query-input\":{\"@type\":\"PropertyValueSpecification\",\"valueRequired\":true,\"valueName\":\"search_term_string\"}}],\"inLanguage\":\"fr-FR\"},{\"@type\":\"Organization\",\"@id\":\"https:\\\/\\\/www.keoutdoordesign.com\\\/it-it\\\/#organization\",\"name\":\"KE Outdoor Design\",\"url\":\"https:\\\/\\\/www.keoutdoordesign.com\\\/it-it\\\/\",\"logo\":{\"@type\":\"ImageObject\",\"inLanguage\":\"fr-FR\",\"@id\":\"https:\\\/\\\/www.keoutdoordesign.com\\\/it-it\\\/#\\\/schema\\\/logo\\\/image\\\/\",\"url\":\"https:\\\/\\\/www.keoutdoordesign.com\\\/wp-content\\\/uploads\\\/2020\\\/02\\\/KE-logo-Primary-e1591282842174.jpg\",\"contentUrl\":\"https:\\\/\\\/www.keoutdoordesign.com\\\/wp-content\\\/uploads\\\/2020\\\/02\\\/KE-logo-Primary-e1591282842174.jpg\",\"width\":500,\"height\":396,\"caption\":\"KE Outdoor Design\"},\"image\":{\"@id\":\"https:\\\/\\\/www.keoutdoordesign.com\\\/it-it\\\/#\\\/schema\\\/logo\\\/image\\\/\"},\"sameAs\":[\"https:\\\/\\\/www.facebook.com\\\/keoutdoordesign.us\",\"https:\\\/\\\/x.com\\\/keoutdoordesign\",\"https:\\\/\\\/www.facebook.com\\\/keoutdoordesign\",\"https:\\\/\\\/www.youtube.com\\\/channel\\\/UCSoMQryJpLqD53bAoZLg2Vg\",\"https:\\\/\\\/www.pinterest.it\\\/keoutdoordesign\\\/\",\"https:\\\/\\\/www.instagram.com\\\/keoutdoordesign\\\/\",\"https:\\\/\\\/www.linkedin.com\\\/company\\\/ke-outdoor-design\\\/\"]}]}<\/script>\n<!-- \/ Yoast SEO Premium plugin. -->","yoast_head_json":{"title":"Voile d'ombrage Voile d'ombrage Kolibrie - KE Outdoor Design","description":"KOLIBRIE, la voile d'ombrage pens\u00e9e avec un unique m\u00e2t de soutien r\u00e9alis\u00e9 en acier inoxydable. Orientable \u00e0 360\u00b0 gr\u00e2ce au pi\u00e9destal \u00e0 roulements : sa manipulation peut \u00eatre manuelle ou motoris\u00e9e, dans cette version gr\u00e2ce \u00e0 l\u2019an\u00e9mom\u00e8tre.","robots":{"index":"index","follow":"follow","max-snippet":"max-snippet:-1","max-image-preview":"max-image-preview:large","max-video-preview":"max-video-preview:-1"},"canonical":"https:\/\/www.keoutdoordesign.com\/fr-fr\/voiles-exterieurs\/voile-d-ombrage-kolibrie\/","og_locale":"fr_FR","og_type":"article","og_title":"Voile d'ombrage Kolibrie","og_description":"KOLIBRIE, la voile d'ombrage pens\u00e9e avec un unique m\u00e2t de soutien r\u00e9alis\u00e9 en acier inoxydable. Orientable \u00e0 360\u00b0 gr\u00e2ce au pi\u00e9destal \u00e0 roulements : sa manipulation peut \u00eatre manuelle ou motoris\u00e9e, dans cette version gr\u00e2ce \u00e0 l\u2019an\u00e9mom\u00e8tre.","og_url":"https:\/\/www.keoutdoordesign.com\/fr-fr\/voiles-exterieurs\/voile-d-ombrage-kolibrie\/","og_site_name":"KE Outdoor Design","article_publisher":"https:\/\/www.facebook.com\/keoutdoordesign.us","article_modified_time":"2025-02-21T16:21:09+00:00","og_image":[{"width":1920,"height":1897,"url":"https:\/\/www.keoutdoordesign.com\/wp-content\/uploads\/2024\/01\/Voile-dombrage-Kolibrie-KE.jpg","type":"image\/jpeg"}],"twitter_card":"summary_large_image","twitter_site":"@keoutdoordesign","schema":{"@context":"https:\/\/schema.org","@graph":[{"@type":"WebPage","@id":"https:\/\/www.keoutdoordesign.com\/fr-fr\/voiles-exterieurs\/voile-d-ombrage-kolibrie\/","url":"https:\/\/www.keoutdoordesign.com\/fr-fr\/voiles-exterieurs\/voile-d-ombrage-kolibrie\/","name":"Voile d'ombrage Voile d'ombrage Kolibrie - KE Outdoor Design","isPartOf":{"@id":"https:\/\/www.keoutdoordesign.com\/it-it\/#website"},"primaryImageOfPage":{"@id":"https:\/\/www.keoutdoordesign.com\/fr-fr\/voiles-exterieurs\/voile-d-ombrage-kolibrie\/#primaryimage"},"image":{"@id":"https:\/\/www.keoutdoordesign.com\/fr-fr\/voiles-exterieurs\/voile-d-ombrage-kolibrie\/#primaryimage"},"thumbnailUrl":"https:\/\/www.keoutdoordesign.com\/wp-content\/uploads\/2024\/01\/Voile-dombrage-Kolibrie-KE.jpg","datePublished":"2019-06-07T09:54:30+00:00","dateModified":"2025-02-21T16:21:09+00:00","description":"KOLIBRIE, la voile d'ombrage pens\u00e9e avec un unique m\u00e2t de soutien r\u00e9alis\u00e9 en acier inoxydable. Orientable \u00e0 360\u00b0 gr\u00e2ce au pi\u00e9destal \u00e0 roulements : sa manipulation peut \u00eatre manuelle ou motoris\u00e9e, dans cette version gr\u00e2ce \u00e0 l\u2019an\u00e9mom\u00e8tre.","breadcrumb":{"@id":"https:\/\/www.keoutdoordesign.com\/fr-fr\/voiles-exterieurs\/voile-d-ombrage-kolibrie\/#breadcrumb"},"inLanguage":"fr-FR","potentialAction":[{"@type":"ReadAction","target":["https:\/\/www.keoutdoordesign.com\/fr-fr\/voiles-exterieurs\/voile-d-ombrage-kolibrie\/"]}]},{"@type":"ImageObject","inLanguage":"fr-FR","@id":"https:\/\/www.keoutdoordesign.com\/fr-fr\/voiles-exterieurs\/voile-d-ombrage-kolibrie\/#primaryimage","url":"https:\/\/www.keoutdoordesign.com\/wp-content\/uploads\/2024\/01\/Voile-dombrage-Kolibrie-KE.jpg","contentUrl":"https:\/\/www.keoutdoordesign.com\/wp-content\/uploads\/2024\/01\/Voile-dombrage-Kolibrie-KE.jpg","width":1920,"height":1897,"caption":"Voile d'ombrage compos\u00e9e d'un unique m\u00e2t de soutien. Version autoportante orientable jusqu'\u00e0 360\u00b0."},{"@type":"BreadcrumbList","@id":"https:\/\/www.keoutdoordesign.com\/fr-fr\/voiles-exterieurs\/voile-d-ombrage-kolibrie\/#breadcrumb","itemListElement":[{"@type":"ListItem","position":1,"name":"Home","item":"https:\/\/www.keoutdoordesign.com\/fr-fr\/"},{"@type":"ListItem","position":2,"name":"Voiles ext\u00e9rieures","item":"https:\/\/www.keoutdoordesign.com\/fr-fr\/voiles-exterieurs\/"},{"@type":"ListItem","position":3,"name":"Voile d&#8217;ombrage Kolibrie"}]},{"@type":"WebSite","@id":"https:\/\/www.keoutdoordesign.com\/it-it\/#website","url":"https:\/\/www.keoutdoordesign.com\/it-it\/","name":"KE Outdoor Design","description":"Un nuovo sito targato WordPress","publisher":{"@id":"https:\/\/www.keoutdoordesign.com\/it-it\/#organization"},"potentialAction":[{"@type":"SearchAction","target":{"@type":"EntryPoint","urlTemplate":"https:\/\/www.keoutdoordesign.com\/it-it\/?s={search_term_string}"},"query-input":{"@type":"PropertyValueSpecification","valueRequired":true,"valueName":"search_term_string"}}],"inLanguage":"fr-FR"},{"@type":"Organization","@id":"https:\/\/www.keoutdoordesign.com\/it-it\/#organization","name":"KE Outdoor Design","url":"https:\/\/www.keoutdoordesign.com\/it-it\/","logo":{"@type":"ImageObject","inLanguage":"fr-FR","@id":"https:\/\/www.keoutdoordesign.com\/it-it\/#\/schema\/logo\/image\/","url":"https:\/\/www.keoutdoordesign.com\/wp-content\/uploads\/2020\/02\/KE-logo-Primary-e1591282842174.jpg","contentUrl":"https:\/\/www.keoutdoordesign.com\/wp-content\/uploads\/2020\/02\/KE-logo-Primary-e1591282842174.jpg","width":500,"height":396,"caption":"KE Outdoor Design"},"image":{"@id":"https:\/\/www.keoutdoordesign.com\/it-it\/#\/schema\/logo\/image\/"},"sameAs":["https:\/\/www.facebook.com\/keoutdoordesign.us","https:\/\/x.com\/keoutdoordesign","https:\/\/www.facebook.com\/keoutdoordesign","https:\/\/www.youtube.com\/channel\/UCSoMQryJpLqD53bAoZLg2Vg","https:\/\/www.pinterest.it\/keoutdoordesign\/","https:\/\/www.instagram.com\/keoutdoordesign\/","https:\/\/www.linkedin.com\/company\/ke-outdoor-design\/"]}]}},"_links":{"self":[{"href":"https:\/\/www.keoutdoordesign.com\/fr-fr\/wp-json\/wp\/v2\/pages\/4703","targetHints":{"allow":["GET"]}}],"collection":[{"href":"https:\/\/www.keoutdoordesign.com\/fr-fr\/wp-json\/wp\/v2\/pages"}],"about":[{"href":"https:\/\/www.keoutdoordesign.com\/fr-fr\/wp-json\/wp\/v2\/types\/page"}],"author":[{"embeddable":true,"href":"https:\/\/www.keoutdoordesign.com\/fr-fr\/wp-json\/wp\/v2\/users\/10608"}],"replies":[{"embeddable":true,"href":"https:\/\/www.keoutdoordesign.com\/fr-fr\/wp-json\/wp\/v2\/comments?post=4703"}],"version-history":[{"count":9,"href":"https:\/\/www.keoutdoordesign.com\/fr-fr\/wp-json\/wp\/v2\/pages\/4703\/revisions"}],"predecessor-version":[{"id":104901,"href":"https:\/\/www.keoutdoordesign.com\/fr-fr\/wp-json\/wp\/v2\/pages\/4703\/revisions\/104901"}],"up":[{"embeddable":true,"href":"https:\/\/www.keoutdoordesign.com\/fr-fr\/wp-json\/wp\/v2\/pages\/4697"}],"wp:featuredmedia":[{"embeddable":true,"href":"https:\/\/www.keoutdoordesign.com\/fr-fr\/wp-json\/wp\/v2\/media\/65628"}],"wp:attachment":[{"href":"https:\/\/www.keoutdoordesign.com\/fr-fr\/wp-json\/wp\/v2\/media?parent=4703"}],"curies":[{"name":"wp","href":"https:\/\/api.w.org\/{rel}","templated":true}]}}