{"id":4699,"date":"2019-06-07T11:54:21","date_gmt":"2019-06-07T09:54:21","guid":{"rendered":"http:\/\/ke.localhost.it\/?page_id=4699"},"modified":"2025-02-21T17:35:41","modified_gmt":"2025-02-21T16:35:41","slug":"voile-ombrage-motorisee-kheope","status":"publish","type":"page","link":"https:\/\/www.keoutdoordesign.com\/fr-fr\/voiles-exterieurs\/voile-ombrage-motorisee-kheope\/","title":{"rendered":"Voile d&rsquo;ombrage motoris\u00e9e Kheope"},"content":{"rendered":"<p>Kheope est configur\u00e9 avec un mouvement motoris\u00e9 exclusif <strong>\u00e9quip\u00e9 d\u2019un an\u00e9mom\u00e8tre<\/strong> qui en assure la fermeture automatique en cas de vent fort.<\/p>\n<p>Gr\u00e2ce \u00e0 sa grande polyvalence, Kheope est la solution id\u00e9ale pour offrir \u00e0 la fois \u00e9l\u00e9gance et confort \u00e0 la maison, dans les <strong>espaces publics et commerciaux (h\u00f4tels, bars, piscines, marinas, etc.)<\/strong>.<\/p>\n","protected":false},"excerpt":{"rendered":"<p>Kheope est configur\u00e9 avec un mouvement motoris\u00e9 exclusif \u00e9quip\u00e9 d\u2019un an\u00e9mom\u00e8tre qui en assure la fermeture automatique en cas de&hellip;<\/p>\n","protected":false},"author":10608,"featured_media":65619,"parent":4697,"menu_order":15,"comment_status":"closed","ping_status":"closed","template":"page-templates\/product.php","meta":{"_acf_changed":false,"footnotes":""},"class_list":["post-4699","page","type-page","status-publish","has-post-thumbnail","hentry"],"acf":[],"yoast_head":"<!-- This site is optimized with the Yoast SEO Premium plugin v20.12 (Yoast SEO v27.0) - https:\/\/yoast.com\/product\/yoast-seo-premium-wordpress\/ -->\n<title>Voile d&#039;ombrage motoris\u00e9e Kheope - KE Outdoor Design<\/title>\n<meta name=\"description\" content=\"Parmi d\u2019autres, se distingue KHEOPE, une voile d&#039;ombrage motoris\u00e9e con\u00e7ue pour couvrir de larges dimensions. Solution unique..\" \/>\n<meta name=\"robots\" content=\"index, follow, max-snippet:-1, max-image-preview:large, max-video-preview:-1\" \/>\n<link rel=\"canonical\" href=\"https:\/\/www.keoutdoordesign.com\/fr-fr\/voiles-exterieurs\/voile-ombrage-motorisee-kheope\/\" \/>\n<meta property=\"og:locale\" content=\"fr_FR\" \/>\n<meta property=\"og:type\" content=\"article\" \/>\n<meta property=\"og:title\" content=\"Voile d&#039;ombrage motoris\u00e9e Kheope\" \/>\n<meta property=\"og:description\" content=\"Parmi d\u2019autres, se distingue KHEOPE, une voile d&#039;ombrage motoris\u00e9e con\u00e7ue pour couvrir de larges dimensions. Solution unique..\" \/>\n<meta property=\"og:url\" content=\"https:\/\/www.keoutdoordesign.com\/fr-fr\/voiles-exterieurs\/voile-ombrage-motorisee-kheope\/\" \/>\n<meta property=\"og:site_name\" content=\"KE Outdoor Design\" \/>\n<meta property=\"article:publisher\" content=\"https:\/\/www.facebook.com\/keoutdoordesign.us\" \/>\n<meta property=\"article:modified_time\" content=\"2025-02-21T16:35:41+00:00\" \/>\n<meta property=\"og:image\" content=\"https:\/\/www.keoutdoordesign.com\/wp-content\/uploads\/2024\/01\/Toile-dombrage-Kheope-KE.jpg\" \/>\n\t<meta property=\"og:image:width\" content=\"1920\" \/>\n\t<meta property=\"og:image:height\" content=\"1280\" \/>\n\t<meta property=\"og:image:type\" content=\"image\/jpeg\" \/>\n<meta name=\"twitter:card\" content=\"summary_large_image\" \/>\n<meta name=\"twitter:site\" content=\"@keoutdoordesign\" \/>\n<script type=\"application\/ld+json\" class=\"yoast-schema-graph\">{\"@context\":\"https:\/\/schema.org\",\"@graph\":[{\"@type\":\"WebPage\",\"@id\":\"https:\/\/www.keoutdoordesign.com\/fr-fr\/voiles-exterieurs\/voile-ombrage-motorisee-kheope\/\",\"url\":\"https:\/\/www.keoutdoordesign.com\/fr-fr\/voiles-exterieurs\/voile-ombrage-motorisee-kheope\/\",\"name\":\"Voile d'ombrage motoris\u00e9e Kheope - KE Outdoor Design\",\"isPartOf\":{\"@id\":\"https:\/\/www.keoutdoordesign.com\/it-it\/#website\"},\"primaryImageOfPage\":{\"@id\":\"https:\/\/www.keoutdoordesign.com\/fr-fr\/voiles-exterieurs\/voile-ombrage-motorisee-kheope\/#primaryimage\"},\"image\":{\"@id\":\"https:\/\/www.keoutdoordesign.com\/fr-fr\/voiles-exterieurs\/voile-ombrage-motorisee-kheope\/#primaryimage\"},\"thumbnailUrl\":\"https:\/\/www.keoutdoordesign.com\/wp-content\/uploads\/2024\/01\/Toile-dombrage-Kheope-KE.jpg\",\"datePublished\":\"2019-06-07T09:54:21+00:00\",\"dateModified\":\"2025-02-21T16:35:41+00:00\",\"description\":\"Parmi d\u2019autres, se distingue KHEOPE, une voile d'ombrage motoris\u00e9e con\u00e7ue pour couvrir de larges dimensions. Solution unique..\",\"breadcrumb\":{\"@id\":\"https:\/\/www.keoutdoordesign.com\/fr-fr\/voiles-exterieurs\/voile-ombrage-motorisee-kheope\/#breadcrumb\"},\"inLanguage\":\"fr-FR\",\"potentialAction\":[{\"@type\":\"ReadAction\",\"target\":[\"https:\/\/www.keoutdoordesign.com\/fr-fr\/voiles-exterieurs\/voile-ombrage-motorisee-kheope\/\"]}]},{\"@type\":\"ImageObject\",\"inLanguage\":\"fr-FR\",\"@id\":\"https:\/\/www.keoutdoordesign.com\/fr-fr\/voiles-exterieurs\/voile-ombrage-motorisee-kheope\/#primaryimage\",\"url\":\"https:\/\/www.keoutdoordesign.com\/wp-content\/uploads\/2024\/01\/Toile-dombrage-Kheope-KE.jpg\",\"contentUrl\":\"https:\/\/www.keoutdoordesign.com\/wp-content\/uploads\/2024\/01\/Toile-dombrage-Kheope-KE.jpg\",\"width\":1920,\"height\":1280,\"caption\":\"Voile d'ombrage aux grandes dimensions id\u00e9al pour la couverture de grands espaces.\"},{\"@type\":\"BreadcrumbList\",\"@id\":\"https:\/\/www.keoutdoordesign.com\/fr-fr\/voiles-exterieurs\/voile-ombrage-motorisee-kheope\/#breadcrumb\",\"itemListElement\":[{\"@type\":\"ListItem\",\"position\":1,\"name\":\"Home\",\"item\":\"https:\/\/www.keoutdoordesign.com\/fr-fr\/\"},{\"@type\":\"ListItem\",\"position\":2,\"name\":\"Voiles ext\u00e9rieures\",\"item\":\"https:\/\/www.keoutdoordesign.com\/fr-fr\/voiles-exterieurs\/\"},{\"@type\":\"ListItem\",\"position\":3,\"name\":\"Voile d&#8217;ombrage motoris\u00e9e Kheope\"}]},{\"@type\":\"WebSite\",\"@id\":\"https:\/\/www.keoutdoordesign.com\/it-it\/#website\",\"url\":\"https:\/\/www.keoutdoordesign.com\/it-it\/\",\"name\":\"KE Outdoor Design\",\"description\":\"Un nuovo sito targato WordPress\",\"publisher\":{\"@id\":\"https:\/\/www.keoutdoordesign.com\/it-it\/#organization\"},\"potentialAction\":[{\"@type\":\"SearchAction\",\"target\":{\"@type\":\"EntryPoint\",\"urlTemplate\":\"https:\/\/www.keoutdoordesign.com\/it-it\/?s={search_term_string}\"},\"query-input\":{\"@type\":\"PropertyValueSpecification\",\"valueRequired\":true,\"valueName\":\"search_term_string\"}}],\"inLanguage\":\"fr-FR\"},{\"@type\":\"Organization\",\"@id\":\"https:\/\/www.keoutdoordesign.com\/it-it\/#organization\",\"name\":\"KE Outdoor Design\",\"url\":\"https:\/\/www.keoutdoordesign.com\/it-it\/\",\"logo\":{\"@type\":\"ImageObject\",\"inLanguage\":\"fr-FR\",\"@id\":\"https:\/\/www.keoutdoordesign.com\/it-it\/#\/schema\/logo\/image\/\",\"url\":\"https:\/\/www.keoutdoordesign.com\/wp-content\/uploads\/2020\/02\/KE-logo-Primary-e1591282842174.jpg\",\"contentUrl\":\"https:\/\/www.keoutdoordesign.com\/wp-content\/uploads\/2020\/02\/KE-logo-Primary-e1591282842174.jpg\",\"width\":500,\"height\":396,\"caption\":\"KE Outdoor Design\"},\"image\":{\"@id\":\"https:\/\/www.keoutdoordesign.com\/it-it\/#\/schema\/logo\/image\/\"},\"sameAs\":[\"https:\/\/www.facebook.com\/keoutdoordesign.us\",\"https:\/\/x.com\/keoutdoordesign\",\"https:\/\/www.facebook.com\/keoutdoordesign\",\"https:\/\/www.youtube.com\/channel\/UCSoMQryJpLqD53bAoZLg2Vg\",\"https:\/\/www.pinterest.it\/keoutdoordesign\/\",\"https:\/\/www.instagram.com\/keoutdoordesign\/\",\"https:\/\/www.linkedin.com\/company\/ke-outdoor-design\/\"]}]}<\/script>\n<!-- \/ Yoast SEO Premium plugin. -->","yoast_head_json":{"title":"Voile d'ombrage motoris\u00e9e Kheope - KE Outdoor Design","description":"Parmi d\u2019autres, se distingue KHEOPE, une voile d'ombrage motoris\u00e9e con\u00e7ue pour couvrir de larges dimensions. Solution unique..","robots":{"index":"index","follow":"follow","max-snippet":"max-snippet:-1","max-image-preview":"max-image-preview:large","max-video-preview":"max-video-preview:-1"},"canonical":"https:\/\/www.keoutdoordesign.com\/fr-fr\/voiles-exterieurs\/voile-ombrage-motorisee-kheope\/","og_locale":"fr_FR","og_type":"article","og_title":"Voile d'ombrage motoris\u00e9e Kheope","og_description":"Parmi d\u2019autres, se distingue KHEOPE, une voile d'ombrage motoris\u00e9e con\u00e7ue pour couvrir de larges dimensions. Solution unique..","og_url":"https:\/\/www.keoutdoordesign.com\/fr-fr\/voiles-exterieurs\/voile-ombrage-motorisee-kheope\/","og_site_name":"KE Outdoor Design","article_publisher":"https:\/\/www.facebook.com\/keoutdoordesign.us","article_modified_time":"2025-02-21T16:35:41+00:00","og_image":[{"width":1920,"height":1280,"url":"https:\/\/www.keoutdoordesign.com\/wp-content\/uploads\/2024\/01\/Toile-dombrage-Kheope-KE.jpg","type":"image\/jpeg"}],"twitter_card":"summary_large_image","twitter_site":"@keoutdoordesign","schema":{"@context":"https:\/\/schema.org","@graph":[{"@type":"WebPage","@id":"https:\/\/www.keoutdoordesign.com\/fr-fr\/voiles-exterieurs\/voile-ombrage-motorisee-kheope\/","url":"https:\/\/www.keoutdoordesign.com\/fr-fr\/voiles-exterieurs\/voile-ombrage-motorisee-kheope\/","name":"Voile d'ombrage motoris\u00e9e Kheope - KE Outdoor Design","isPartOf":{"@id":"https:\/\/www.keoutdoordesign.com\/it-it\/#website"},"primaryImageOfPage":{"@id":"https:\/\/www.keoutdoordesign.com\/fr-fr\/voiles-exterieurs\/voile-ombrage-motorisee-kheope\/#primaryimage"},"image":{"@id":"https:\/\/www.keoutdoordesign.com\/fr-fr\/voiles-exterieurs\/voile-ombrage-motorisee-kheope\/#primaryimage"},"thumbnailUrl":"https:\/\/www.keoutdoordesign.com\/wp-content\/uploads\/2024\/01\/Toile-dombrage-Kheope-KE.jpg","datePublished":"2019-06-07T09:54:21+00:00","dateModified":"2025-02-21T16:35:41+00:00","description":"Parmi d\u2019autres, se distingue KHEOPE, une voile d'ombrage motoris\u00e9e con\u00e7ue pour couvrir de larges dimensions. Solution unique..","breadcrumb":{"@id":"https:\/\/www.keoutdoordesign.com\/fr-fr\/voiles-exterieurs\/voile-ombrage-motorisee-kheope\/#breadcrumb"},"inLanguage":"fr-FR","potentialAction":[{"@type":"ReadAction","target":["https:\/\/www.keoutdoordesign.com\/fr-fr\/voiles-exterieurs\/voile-ombrage-motorisee-kheope\/"]}]},{"@type":"ImageObject","inLanguage":"fr-FR","@id":"https:\/\/www.keoutdoordesign.com\/fr-fr\/voiles-exterieurs\/voile-ombrage-motorisee-kheope\/#primaryimage","url":"https:\/\/www.keoutdoordesign.com\/wp-content\/uploads\/2024\/01\/Toile-dombrage-Kheope-KE.jpg","contentUrl":"https:\/\/www.keoutdoordesign.com\/wp-content\/uploads\/2024\/01\/Toile-dombrage-Kheope-KE.jpg","width":1920,"height":1280,"caption":"Voile d'ombrage aux grandes dimensions id\u00e9al pour la couverture de grands espaces."},{"@type":"BreadcrumbList","@id":"https:\/\/www.keoutdoordesign.com\/fr-fr\/voiles-exterieurs\/voile-ombrage-motorisee-kheope\/#breadcrumb","itemListElement":[{"@type":"ListItem","position":1,"name":"Home","item":"https:\/\/www.keoutdoordesign.com\/fr-fr\/"},{"@type":"ListItem","position":2,"name":"Voiles ext\u00e9rieures","item":"https:\/\/www.keoutdoordesign.com\/fr-fr\/voiles-exterieurs\/"},{"@type":"ListItem","position":3,"name":"Voile d&#8217;ombrage motoris\u00e9e Kheope"}]},{"@type":"WebSite","@id":"https:\/\/www.keoutdoordesign.com\/it-it\/#website","url":"https:\/\/www.keoutdoordesign.com\/it-it\/","name":"KE Outdoor Design","description":"Un nuovo sito targato WordPress","publisher":{"@id":"https:\/\/www.keoutdoordesign.com\/it-it\/#organization"},"potentialAction":[{"@type":"SearchAction","target":{"@type":"EntryPoint","urlTemplate":"https:\/\/www.keoutdoordesign.com\/it-it\/?s={search_term_string}"},"query-input":{"@type":"PropertyValueSpecification","valueRequired":true,"valueName":"search_term_string"}}],"inLanguage":"fr-FR"},{"@type":"Organization","@id":"https:\/\/www.keoutdoordesign.com\/it-it\/#organization","name":"KE Outdoor Design","url":"https:\/\/www.keoutdoordesign.com\/it-it\/","logo":{"@type":"ImageObject","inLanguage":"fr-FR","@id":"https:\/\/www.keoutdoordesign.com\/it-it\/#\/schema\/logo\/image\/","url":"https:\/\/www.keoutdoordesign.com\/wp-content\/uploads\/2020\/02\/KE-logo-Primary-e1591282842174.jpg","contentUrl":"https:\/\/www.keoutdoordesign.com\/wp-content\/uploads\/2020\/02\/KE-logo-Primary-e1591282842174.jpg","width":500,"height":396,"caption":"KE Outdoor Design"},"image":{"@id":"https:\/\/www.keoutdoordesign.com\/it-it\/#\/schema\/logo\/image\/"},"sameAs":["https:\/\/www.facebook.com\/keoutdoordesign.us","https:\/\/x.com\/keoutdoordesign","https:\/\/www.facebook.com\/keoutdoordesign","https:\/\/www.youtube.com\/channel\/UCSoMQryJpLqD53bAoZLg2Vg","https:\/\/www.pinterest.it\/keoutdoordesign\/","https:\/\/www.instagram.com\/keoutdoordesign\/","https:\/\/www.linkedin.com\/company\/ke-outdoor-design\/"]}]}},"_links":{"self":[{"href":"https:\/\/www.keoutdoordesign.com\/fr-fr\/wp-json\/wp\/v2\/pages\/4699","targetHints":{"allow":["GET"]}}],"collection":[{"href":"https:\/\/www.keoutdoordesign.com\/fr-fr\/wp-json\/wp\/v2\/pages"}],"about":[{"href":"https:\/\/www.keoutdoordesign.com\/fr-fr\/wp-json\/wp\/v2\/types\/page"}],"author":[{"embeddable":true,"href":"https:\/\/www.keoutdoordesign.com\/fr-fr\/wp-json\/wp\/v2\/users\/10608"}],"replies":[{"embeddable":true,"href":"https:\/\/www.keoutdoordesign.com\/fr-fr\/wp-json\/wp\/v2\/comments?post=4699"}],"version-history":[{"count":20,"href":"https:\/\/www.keoutdoordesign.com\/fr-fr\/wp-json\/wp\/v2\/pages\/4699\/revisions"}],"predecessor-version":[{"id":104907,"href":"https:\/\/www.keoutdoordesign.com\/fr-fr\/wp-json\/wp\/v2\/pages\/4699\/revisions\/104907"}],"up":[{"embeddable":true,"href":"https:\/\/www.keoutdoordesign.com\/fr-fr\/wp-json\/wp\/v2\/pages\/4697"}],"wp:featuredmedia":[{"embeddable":true,"href":"https:\/\/www.keoutdoordesign.com\/fr-fr\/wp-json\/wp\/v2\/media\/65619"}],"wp:attachment":[{"href":"https:\/\/www.keoutdoordesign.com\/fr-fr\/wp-json\/wp\/v2\/media?parent=4699"}],"curies":[{"name":"wp","href":"https:\/\/api.w.org\/{rel}","templated":true}]}}