{"id":4697,"date":"2019-06-07T11:54:13","date_gmt":"2019-06-07T09:54:13","guid":{"rendered":"http:\/\/ke.localhost.it\/?page_id=4697"},"modified":"2023-08-01T12:32:42","modified_gmt":"2023-08-01T10:32:42","slug":"voiles-exterieurs","status":"publish","type":"page","link":"https:\/\/www.keoutdoordesign.com\/fr-fr\/voiles-exterieurs\/","title":{"rendered":"Voiles ext\u00e9rieures"},"content":{"rendered":"<p>&nbsp;<\/p>\n<p><strong>Vous recherchez une protection d\u2019ext\u00e9rieure simple et au design a\u00e9rien !?\u00a0<\/strong>Nos voiles ext\u00e9rieurs sont simplement des toiles a\u00e9riennes suspendues \u00e0 des structures l\u00e9g\u00e8res.<\/p>\n<p>Vous profiterez d\u2019un confort et un bien-\u00eatre incomparables. Nos <strong>voiles d\u2019ombrage sont les produits de la fusion des recherches esth\u00e9tiques<\/strong>\u00a0les plus contemporaines et d\u2019un design technologique et innovant, issu des mat\u00e9riaux et des m\u00e9thodes de construction du secteur nautique.<\/p>\n<p>Nos\u00a0<strong>voiles d\u2019ombrage\u00a0: <\/strong><\/p>\n<ul>\n<li style=\"text-align: left;\"><strong>peuvent \u00eatre install\u00e9s au mur, au sol ou avec des structures autoportantes <\/strong>reposant sur des pi\u00e9tements.<\/li>\n<li style=\"text-align: left;\">Sont 100% sur mesure<\/li>\n<li style=\"text-align: left;\">Couvrent des surfaces allant jusqu\u2019\u00e0 7 x 7 m\u00e8tres de large pour un seul module.<\/li>\n<\/ul>\n<p>Gr\u00e2ce \u00e0 une\u00a0<strong>personnalisation \u00e9tendue et sophistiqu\u00e9e<\/strong>, un <strong>voile d\u2019ombrage sur mesure<\/strong><strong> KE <\/strong>permet de transformer radicalement tout espace ext\u00e9rieur.<\/p>\n<p>Avec notre mod\u00e8le <a href=\"\/?page_id=4699\">Kheope<\/a>, par exemple, il est possible de modifier l\u2019inclinaison de la voile sur tous les m\u00e2ts de soutien (y compris les deux m\u00e2ts qui supportent la perche) afin de vous procurer un confort optimal dans toutes les situations. Le voile d\u2019ombrage <a href=\"\/?page_id=4703\">Kolibrie<\/a>, quant \u00e0 elle, est orientable \u00e0 360\u00b0\u00a0<strong>gr\u00e2ce \u00e0 un pi\u00e9tement \u00e0 roulements<\/strong>. Fabriqu\u00e9e en Dacron \u2013 le tissu sp\u00e9cifique des voiles de bateau -, il poss\u00e8de une grande <strong>r\u00e9sistance \u00e0 l\u2019humidit\u00e9 et \u00e0 la salinit\u00e9.<\/strong><\/p>\n<p>Votre\u00a0<strong>voile d\u2019ombrage sur-mesure<\/strong>\u00a0sera un \u00e9l\u00e9ment d\u2019ameublement d\u00e9coratif pour vos terrasses, jardins et piscines, un moyen simple et fonctionnel d\u2019embellir vos espaces ext\u00e9rieurs. Quant aux\u00a0<strong>voiles ext\u00e9rieurs motoris\u00e9s<\/strong> et \u00e9quip\u00e9s d\u2019un an\u00e9mom\u00e8tre, elles se fermeront automatiquement en cas de vent fort.<\/p>\n<p>&nbsp;<\/p>\n","protected":false},"excerpt":{"rendered":"<p>&nbsp; Vous recherchez une protection d\u2019ext\u00e9rieure simple et au design a\u00e9rien !?\u00a0Nos voiles ext\u00e9rieurs sont simplement des toiles a\u00e9riennes suspendues&hellip;<\/p>\n","protected":false},"author":10608,"featured_media":40094,"parent":0,"menu_order":17,"comment_status":"closed","ping_status":"closed","template":"page-templates\/category-products.php","meta":{"_acf_changed":false,"footnotes":""},"class_list":["post-4697","page","type-page","status-publish","has-post-thumbnail","hentry"],"acf":[],"yoast_head":"<!-- This site is optimized with the Yoast SEO Premium plugin v20.12 (Yoast SEO v27.0) - https:\/\/yoast.com\/product\/yoast-seo-premium-wordpress\/ -->\n<title>Voiles ext\u00e9rieures -<\/title>\n<meta name=\"description\" content=\"Inspir\u00e9es du domaine nautique, d\u00e9couvrez nos voiles d&#039;ombrage l\u00e9g\u00e8res et r\u00e9sistantes. Installation au mur, au sol ou autoportantes. Innovation technique.\" \/>\n<meta name=\"robots\" content=\"index, follow, max-snippet:-1, max-image-preview:large, max-video-preview:-1\" \/>\n<link rel=\"canonical\" href=\"https:\/\/www.keoutdoordesign.com\/fr-fr\/voiles-exterieurs\/\" \/>\n<meta property=\"og:locale\" content=\"fr_FR\" \/>\n<meta property=\"og:type\" content=\"article\" \/>\n<meta property=\"og:title\" content=\"Voiles ext\u00e9rieures\" \/>\n<meta property=\"og:description\" content=\"Inspir\u00e9es du domaine nautique, d\u00e9couvrez nos voiles d&#039;ombrage l\u00e9g\u00e8res et r\u00e9sistantes. Installation au mur, au sol ou autoportantes. Innovation technique.\" \/>\n<meta property=\"og:url\" content=\"https:\/\/www.keoutdoordesign.com\/fr-fr\/voiles-exterieurs\/\" \/>\n<meta property=\"og:site_name\" content=\"KE Outdoor Design\" \/>\n<meta property=\"article:publisher\" content=\"https:\/\/www.facebook.com\/keoutdoordesign.us\" \/>\n<meta property=\"article:modified_time\" content=\"2023-08-01T10:32:42+00:00\" \/>\n<meta property=\"og:image\" content=\"https:\/\/www.keoutdoordesign.com\/wp-content\/uploads\/2021\/08\/white-retractable-shade-sail-kolibrie-ke-outdoor-design-2.jpg\" \/>\n\t<meta property=\"og:image:width\" content=\"1200\" \/>\n\t<meta property=\"og:image:height\" content=\"675\" \/>\n\t<meta property=\"og:image:type\" content=\"image\/jpeg\" \/>\n<meta name=\"twitter:card\" content=\"summary_large_image\" \/>\n<meta name=\"twitter:site\" content=\"@keoutdoordesign\" \/>\n<script type=\"application\/ld+json\" class=\"yoast-schema-graph\">{\"@context\":\"https:\/\/schema.org\",\"@graph\":[{\"@type\":\"WebPage\",\"@id\":\"https:\/\/www.keoutdoordesign.com\/fr-fr\/voiles-exterieurs\/\",\"url\":\"https:\/\/www.keoutdoordesign.com\/fr-fr\/voiles-exterieurs\/\",\"name\":\"Voiles ext\u00e9rieures -\",\"isPartOf\":{\"@id\":\"https:\/\/www.keoutdoordesign.com\/it-it\/#website\"},\"primaryImageOfPage\":{\"@id\":\"https:\/\/www.keoutdoordesign.com\/fr-fr\/voiles-exterieurs\/#primaryimage\"},\"image\":{\"@id\":\"https:\/\/www.keoutdoordesign.com\/fr-fr\/voiles-exterieurs\/#primaryimage\"},\"thumbnailUrl\":\"https:\/\/www.keoutdoordesign.com\/wp-content\/uploads\/2021\/08\/white-retractable-shade-sail-kolibrie-ke-outdoor-design-2.jpg\",\"datePublished\":\"2019-06-07T09:54:13+00:00\",\"dateModified\":\"2023-08-01T10:32:42+00:00\",\"description\":\"Inspir\u00e9es du domaine nautique, d\u00e9couvrez nos voiles d'ombrage l\u00e9g\u00e8res et r\u00e9sistantes. Installation au mur, au sol ou autoportantes. Innovation technique.\",\"breadcrumb\":{\"@id\":\"https:\/\/www.keoutdoordesign.com\/fr-fr\/voiles-exterieurs\/#breadcrumb\"},\"inLanguage\":\"fr-FR\",\"potentialAction\":[{\"@type\":\"ReadAction\",\"target\":[\"https:\/\/www.keoutdoordesign.com\/fr-fr\/voiles-exterieurs\/\"]}]},{\"@type\":\"ImageObject\",\"inLanguage\":\"fr-FR\",\"@id\":\"https:\/\/www.keoutdoordesign.com\/fr-fr\/voiles-exterieurs\/#primaryimage\",\"url\":\"https:\/\/www.keoutdoordesign.com\/wp-content\/uploads\/2021\/08\/white-retractable-shade-sail-kolibrie-ke-outdoor-design-2.jpg\",\"contentUrl\":\"https:\/\/www.keoutdoordesign.com\/wp-content\/uploads\/2021\/08\/white-retractable-shade-sail-kolibrie-ke-outdoor-design-2.jpg\",\"width\":1200,\"height\":675,\"caption\":\"white-retractable-shade-sail-kolibrie-ke-outdoor-design-2\"},{\"@type\":\"BreadcrumbList\",\"@id\":\"https:\/\/www.keoutdoordesign.com\/fr-fr\/voiles-exterieurs\/#breadcrumb\",\"itemListElement\":[{\"@type\":\"ListItem\",\"position\":1,\"name\":\"Home\",\"item\":\"https:\/\/www.keoutdoordesign.com\/fr-fr\/\"},{\"@type\":\"ListItem\",\"position\":2,\"name\":\"Voiles ext\u00e9rieures\"}]},{\"@type\":\"WebSite\",\"@id\":\"https:\/\/www.keoutdoordesign.com\/it-it\/#website\",\"url\":\"https:\/\/www.keoutdoordesign.com\/it-it\/\",\"name\":\"KE Outdoor Design\",\"description\":\"Un nuovo sito targato WordPress\",\"publisher\":{\"@id\":\"https:\/\/www.keoutdoordesign.com\/it-it\/#organization\"},\"potentialAction\":[{\"@type\":\"SearchAction\",\"target\":{\"@type\":\"EntryPoint\",\"urlTemplate\":\"https:\/\/www.keoutdoordesign.com\/it-it\/?s={search_term_string}\"},\"query-input\":{\"@type\":\"PropertyValueSpecification\",\"valueRequired\":true,\"valueName\":\"search_term_string\"}}],\"inLanguage\":\"fr-FR\"},{\"@type\":\"Organization\",\"@id\":\"https:\/\/www.keoutdoordesign.com\/it-it\/#organization\",\"name\":\"KE Outdoor Design\",\"url\":\"https:\/\/www.keoutdoordesign.com\/it-it\/\",\"logo\":{\"@type\":\"ImageObject\",\"inLanguage\":\"fr-FR\",\"@id\":\"https:\/\/www.keoutdoordesign.com\/it-it\/#\/schema\/logo\/image\/\",\"url\":\"https:\/\/www.keoutdoordesign.com\/wp-content\/uploads\/2020\/02\/KE-logo-Primary-e1591282842174.jpg\",\"contentUrl\":\"https:\/\/www.keoutdoordesign.com\/wp-content\/uploads\/2020\/02\/KE-logo-Primary-e1591282842174.jpg\",\"width\":500,\"height\":396,\"caption\":\"KE Outdoor Design\"},\"image\":{\"@id\":\"https:\/\/www.keoutdoordesign.com\/it-it\/#\/schema\/logo\/image\/\"},\"sameAs\":[\"https:\/\/www.facebook.com\/keoutdoordesign.us\",\"https:\/\/x.com\/keoutdoordesign\",\"https:\/\/www.facebook.com\/keoutdoordesign\",\"https:\/\/www.youtube.com\/channel\/UCSoMQryJpLqD53bAoZLg2Vg\",\"https:\/\/www.pinterest.it\/keoutdoordesign\/\",\"https:\/\/www.instagram.com\/keoutdoordesign\/\",\"https:\/\/www.linkedin.com\/company\/ke-outdoor-design\/\"]}]}<\/script>\n<!-- \/ Yoast SEO Premium plugin. -->","yoast_head_json":{"title":"Voiles ext\u00e9rieures -","description":"Inspir\u00e9es du domaine nautique, d\u00e9couvrez nos voiles d'ombrage l\u00e9g\u00e8res et r\u00e9sistantes. Installation au mur, au sol ou autoportantes. Innovation technique.","robots":{"index":"index","follow":"follow","max-snippet":"max-snippet:-1","max-image-preview":"max-image-preview:large","max-video-preview":"max-video-preview:-1"},"canonical":"https:\/\/www.keoutdoordesign.com\/fr-fr\/voiles-exterieurs\/","og_locale":"fr_FR","og_type":"article","og_title":"Voiles ext\u00e9rieures","og_description":"Inspir\u00e9es du domaine nautique, d\u00e9couvrez nos voiles d'ombrage l\u00e9g\u00e8res et r\u00e9sistantes. Installation au mur, au sol ou autoportantes. Innovation technique.","og_url":"https:\/\/www.keoutdoordesign.com\/fr-fr\/voiles-exterieurs\/","og_site_name":"KE Outdoor Design","article_publisher":"https:\/\/www.facebook.com\/keoutdoordesign.us","article_modified_time":"2023-08-01T10:32:42+00:00","og_image":[{"width":1200,"height":675,"url":"https:\/\/www.keoutdoordesign.com\/wp-content\/uploads\/2021\/08\/white-retractable-shade-sail-kolibrie-ke-outdoor-design-2.jpg","type":"image\/jpeg"}],"twitter_card":"summary_large_image","twitter_site":"@keoutdoordesign","schema":{"@context":"https:\/\/schema.org","@graph":[{"@type":"WebPage","@id":"https:\/\/www.keoutdoordesign.com\/fr-fr\/voiles-exterieurs\/","url":"https:\/\/www.keoutdoordesign.com\/fr-fr\/voiles-exterieurs\/","name":"Voiles ext\u00e9rieures -","isPartOf":{"@id":"https:\/\/www.keoutdoordesign.com\/it-it\/#website"},"primaryImageOfPage":{"@id":"https:\/\/www.keoutdoordesign.com\/fr-fr\/voiles-exterieurs\/#primaryimage"},"image":{"@id":"https:\/\/www.keoutdoordesign.com\/fr-fr\/voiles-exterieurs\/#primaryimage"},"thumbnailUrl":"https:\/\/www.keoutdoordesign.com\/wp-content\/uploads\/2021\/08\/white-retractable-shade-sail-kolibrie-ke-outdoor-design-2.jpg","datePublished":"2019-06-07T09:54:13+00:00","dateModified":"2023-08-01T10:32:42+00:00","description":"Inspir\u00e9es du domaine nautique, d\u00e9couvrez nos voiles d'ombrage l\u00e9g\u00e8res et r\u00e9sistantes. Installation au mur, au sol ou autoportantes. Innovation technique.","breadcrumb":{"@id":"https:\/\/www.keoutdoordesign.com\/fr-fr\/voiles-exterieurs\/#breadcrumb"},"inLanguage":"fr-FR","potentialAction":[{"@type":"ReadAction","target":["https:\/\/www.keoutdoordesign.com\/fr-fr\/voiles-exterieurs\/"]}]},{"@type":"ImageObject","inLanguage":"fr-FR","@id":"https:\/\/www.keoutdoordesign.com\/fr-fr\/voiles-exterieurs\/#primaryimage","url":"https:\/\/www.keoutdoordesign.com\/wp-content\/uploads\/2021\/08\/white-retractable-shade-sail-kolibrie-ke-outdoor-design-2.jpg","contentUrl":"https:\/\/www.keoutdoordesign.com\/wp-content\/uploads\/2021\/08\/white-retractable-shade-sail-kolibrie-ke-outdoor-design-2.jpg","width":1200,"height":675,"caption":"white-retractable-shade-sail-kolibrie-ke-outdoor-design-2"},{"@type":"BreadcrumbList","@id":"https:\/\/www.keoutdoordesign.com\/fr-fr\/voiles-exterieurs\/#breadcrumb","itemListElement":[{"@type":"ListItem","position":1,"name":"Home","item":"https:\/\/www.keoutdoordesign.com\/fr-fr\/"},{"@type":"ListItem","position":2,"name":"Voiles ext\u00e9rieures"}]},{"@type":"WebSite","@id":"https:\/\/www.keoutdoordesign.com\/it-it\/#website","url":"https:\/\/www.keoutdoordesign.com\/it-it\/","name":"KE Outdoor Design","description":"Un nuovo sito targato WordPress","publisher":{"@id":"https:\/\/www.keoutdoordesign.com\/it-it\/#organization"},"potentialAction":[{"@type":"SearchAction","target":{"@type":"EntryPoint","urlTemplate":"https:\/\/www.keoutdoordesign.com\/it-it\/?s={search_term_string}"},"query-input":{"@type":"PropertyValueSpecification","valueRequired":true,"valueName":"search_term_string"}}],"inLanguage":"fr-FR"},{"@type":"Organization","@id":"https:\/\/www.keoutdoordesign.com\/it-it\/#organization","name":"KE Outdoor Design","url":"https:\/\/www.keoutdoordesign.com\/it-it\/","logo":{"@type":"ImageObject","inLanguage":"fr-FR","@id":"https:\/\/www.keoutdoordesign.com\/it-it\/#\/schema\/logo\/image\/","url":"https:\/\/www.keoutdoordesign.com\/wp-content\/uploads\/2020\/02\/KE-logo-Primary-e1591282842174.jpg","contentUrl":"https:\/\/www.keoutdoordesign.com\/wp-content\/uploads\/2020\/02\/KE-logo-Primary-e1591282842174.jpg","width":500,"height":396,"caption":"KE Outdoor Design"},"image":{"@id":"https:\/\/www.keoutdoordesign.com\/it-it\/#\/schema\/logo\/image\/"},"sameAs":["https:\/\/www.facebook.com\/keoutdoordesign.us","https:\/\/x.com\/keoutdoordesign","https:\/\/www.facebook.com\/keoutdoordesign","https:\/\/www.youtube.com\/channel\/UCSoMQryJpLqD53bAoZLg2Vg","https:\/\/www.pinterest.it\/keoutdoordesign\/","https:\/\/www.instagram.com\/keoutdoordesign\/","https:\/\/www.linkedin.com\/company\/ke-outdoor-design\/"]}]}},"_links":{"self":[{"href":"https:\/\/www.keoutdoordesign.com\/fr-fr\/wp-json\/wp\/v2\/pages\/4697","targetHints":{"allow":["GET"]}}],"collection":[{"href":"https:\/\/www.keoutdoordesign.com\/fr-fr\/wp-json\/wp\/v2\/pages"}],"about":[{"href":"https:\/\/www.keoutdoordesign.com\/fr-fr\/wp-json\/wp\/v2\/types\/page"}],"author":[{"embeddable":true,"href":"https:\/\/www.keoutdoordesign.com\/fr-fr\/wp-json\/wp\/v2\/users\/10608"}],"replies":[{"embeddable":true,"href":"https:\/\/www.keoutdoordesign.com\/fr-fr\/wp-json\/wp\/v2\/comments?post=4697"}],"version-history":[{"count":10,"href":"https:\/\/www.keoutdoordesign.com\/fr-fr\/wp-json\/wp\/v2\/pages\/4697\/revisions"}],"predecessor-version":[{"id":19062,"href":"https:\/\/www.keoutdoordesign.com\/fr-fr\/wp-json\/wp\/v2\/pages\/4697\/revisions\/19062"}],"wp:featuredmedia":[{"embeddable":true,"href":"https:\/\/www.keoutdoordesign.com\/fr-fr\/wp-json\/wp\/v2\/media\/40094"}],"wp:attachment":[{"href":"https:\/\/www.keoutdoordesign.com\/fr-fr\/wp-json\/wp\/v2\/media?parent=4697"}],"curies":[{"name":"wp","href":"https:\/\/api.w.org\/{rel}","templated":true}]}}