{"id":4696,"date":"2019-06-07T11:52:23","date_gmt":"2019-06-07T09:52:23","guid":{"rendered":"http:\/\/ke.localhost.it\/stores-verticaux-et-screeny\/store-screen\/screeny-55\/screeny-85\/"},"modified":"2024-06-26T15:35:34","modified_gmt":"2024-06-26T13:35:34","slug":"screeny-85","status":"publish","type":"page","link":"https:\/\/www.keoutdoordesign.com\/fr-fr\/stores-verticaux-et-screeny\/stores-screen\/screeny-85\/","title":{"rendered":"Screeny 85"},"content":{"rendered":"<p><strong>Le store ext\u00e9rieur vertical pour fen\u00eatre qui comblera toutes vos attentes<\/strong><\/p>\n<p>Avec ce store vous pouvez couvrir au maximum un espace vitr\u00e9 de 3m de largeur et 3.4m de hauteur. Ce qui suffit largement pour couvrir une porte fen\u00eatre simple ou double, une fen\u00eatre ou un velux.<\/p>\n<p>Peu importe sur quel type de pi\u00e8ce donne la fen\u00eatre, gr\u00e2ce \u00e0 nos toiles b\u00e9n\u00e9ficiez d&rsquo;un store ext\u00e9rieur vertical pour fen\u00eatre :<\/p>\n<ul>\n<li style=\"text-align: left;\">Anti-chaleur\/ anti-UV<\/li>\n<li style=\"text-align: left;\">Occultant (syst\u00e8me ZIP assure l\u2019obscurit\u00e9 totale)<\/li>\n<li style=\"text-align: left;\">D&rsquo;ambiance<\/li>\n<li style=\"text-align: left;\">R\u00e9sistant (syst\u00e8me ZIP assure une tenue \u00e0 l&rsquo;air et \u00e0 l&rsquo;eau)<\/li>\n<\/ul>\n<p>Le coffre design et fonctionnel peut \u00eatre facilement inspect\u00e9 et permet une double installation.<\/p>\n<p>De plus tous nos stores sont 100% sur mesure et personnalisables, alors choisissez celui qui se mariera parfaitement avec votre maison. \u00c9quipez le d&rsquo;une toile qui offrira l&rsquo;ambiance souhait\u00e9 \u00e0 votre pi\u00e8ce. Le screeny est une<strong> id\u00e9e innovante pour occulter une fen\u00eatre efficacement<\/strong> avec un encombrement minimal et un design unique.<\/p>\n<p>Leur r\u00e9alisation respecte une fabrication \u00ab\u00a0<a href=\"\/?page_id=9590\">green<\/a>\u00a0\u00bb en faveur de l&rsquo;environnement.<\/p>\n<p>La fabrication des toiles int\u00e8gre une nouvelle fibre naturelle et un syst\u00e8me de <strong>motorisation solaire<\/strong> peut \u00eatre fix\u00e9 au coffre. Esth\u00e9tique et performant (m\u00eame \u00e0 faible niveau d\u2019ensoleillement), la batterie est discr\u00e8te et durable.<\/p>\n","protected":false},"excerpt":{"rendered":"<p>Le store ext\u00e9rieur vertical pour fen\u00eatre qui comblera toutes vos attentes Avec ce store vous pouvez couvrir au maximum un&hellip;<\/p>\n","protected":false},"author":10608,"featured_media":72396,"parent":4686,"menu_order":19,"comment_status":"closed","ping_status":"closed","template":"page-templates\/category-products.php","meta":{"_acf_changed":false,"footnotes":""},"class_list":["post-4696","page","type-page","status-publish","has-post-thumbnail","hentry"],"acf":[],"yoast_head":"<!-- This site is optimized with the Yoast SEO Premium plugin v20.12 (Yoast SEO v27.3) - https:\/\/yoast.com\/product\/yoast-seo-premium-wordpress\/ -->\n<title>Screeny 85 -<\/title>\n<meta name=\"description\" content=\"Screeny 85: store ext\u00e9rieur vertical pour fen\u00eatre.Id\u00e9e innovante pour occulter les fen\u00eatres max de 300x 340 cm. Produit sur mesure, qualit\u00e9 made in France..\" \/>\n<meta name=\"robots\" content=\"index, follow, max-snippet:-1, max-image-preview:large, max-video-preview:-1\" \/>\n<link rel=\"canonical\" href=\"https:\/\/www.keoutdoordesign.com\/fr-fr\/stores-verticaux-et-screeny\/stores-screen\/screeny-85\/\" \/>\n<meta property=\"og:locale\" content=\"fr_FR\" \/>\n<meta property=\"og:type\" content=\"article\" \/>\n<meta property=\"og:title\" content=\"Screeny 85\" \/>\n<meta property=\"og:description\" content=\"Screeny 85: store ext\u00e9rieur vertical pour fen\u00eatre.Id\u00e9e innovante pour occulter les fen\u00eatres max de 300x 340 cm. Produit sur mesure, qualit\u00e9 made in France..\" \/>\n<meta property=\"og:url\" content=\"https:\/\/www.keoutdoordesign.com\/fr-fr\/stores-verticaux-et-screeny\/stores-screen\/screeny-85\/\" \/>\n<meta property=\"og:site_name\" content=\"KE Outdoor Design\" \/>\n<meta property=\"article:publisher\" content=\"https:\/\/www.facebook.com\/keoutdoordesign.us\" \/>\n<meta property=\"article:modified_time\" content=\"2024-06-26T13:35:34+00:00\" \/>\n<meta property=\"og:image\" content=\"https:\/\/www.keoutdoordesign.com\/wp-content\/uploads\/2024\/06\/Store-enrouleur-coffre-Screeny-85-cable-conducteur-KE.jpg\" \/>\n\t<meta property=\"og:image:width\" content=\"1920\" \/>\n\t<meta property=\"og:image:height\" content=\"1286\" \/>\n\t<meta property=\"og:image:type\" content=\"image\/jpeg\" \/>\n<meta name=\"twitter:card\" content=\"summary_large_image\" \/>\n<meta name=\"twitter:site\" content=\"@keoutdoordesign\" \/>\n<script type=\"application\/ld+json\" class=\"yoast-schema-graph\">{\"@context\":\"https:\\\/\\\/schema.org\",\"@graph\":[{\"@type\":\"WebPage\",\"@id\":\"https:\\\/\\\/www.keoutdoordesign.com\\\/fr-fr\\\/stores-verticaux-et-screeny\\\/stores-screen\\\/screeny-85\\\/\",\"url\":\"https:\\\/\\\/www.keoutdoordesign.com\\\/fr-fr\\\/stores-verticaux-et-screeny\\\/stores-screen\\\/screeny-85\\\/\",\"name\":\"Screeny 85 -\",\"isPartOf\":{\"@id\":\"https:\\\/\\\/www.keoutdoordesign.com\\\/it-it\\\/#website\"},\"primaryImageOfPage\":{\"@id\":\"https:\\\/\\\/www.keoutdoordesign.com\\\/fr-fr\\\/stores-verticaux-et-screeny\\\/stores-screen\\\/screeny-85\\\/#primaryimage\"},\"image\":{\"@id\":\"https:\\\/\\\/www.keoutdoordesign.com\\\/fr-fr\\\/stores-verticaux-et-screeny\\\/stores-screen\\\/screeny-85\\\/#primaryimage\"},\"thumbnailUrl\":\"https:\\\/\\\/www.keoutdoordesign.com\\\/wp-content\\\/uploads\\\/2024\\\/06\\\/Store-enrouleur-coffre-Screeny-85-cable-conducteur-KE.jpg\",\"datePublished\":\"2019-06-07T09:52:23+00:00\",\"dateModified\":\"2024-06-26T13:35:34+00:00\",\"description\":\"Screeny 85: store ext\u00e9rieur vertical pour fen\u00eatre.Id\u00e9e innovante pour occulter les fen\u00eatres max de 300x 340 cm. Produit sur mesure, qualit\u00e9 made in France..\",\"breadcrumb\":{\"@id\":\"https:\\\/\\\/www.keoutdoordesign.com\\\/fr-fr\\\/stores-verticaux-et-screeny\\\/stores-screen\\\/screeny-85\\\/#breadcrumb\"},\"inLanguage\":\"fr-FR\",\"potentialAction\":[{\"@type\":\"ReadAction\",\"target\":[\"https:\\\/\\\/www.keoutdoordesign.com\\\/fr-fr\\\/stores-verticaux-et-screeny\\\/stores-screen\\\/screeny-85\\\/\"]}]},{\"@type\":\"ImageObject\",\"inLanguage\":\"fr-FR\",\"@id\":\"https:\\\/\\\/www.keoutdoordesign.com\\\/fr-fr\\\/stores-verticaux-et-screeny\\\/stores-screen\\\/screeny-85\\\/#primaryimage\",\"url\":\"https:\\\/\\\/www.keoutdoordesign.com\\\/wp-content\\\/uploads\\\/2024\\\/06\\\/Store-enrouleur-coffre-Screeny-85-cable-conducteur-KE.jpg\",\"contentUrl\":\"https:\\\/\\\/www.keoutdoordesign.com\\\/wp-content\\\/uploads\\\/2024\\\/06\\\/Store-enrouleur-coffre-Screeny-85-cable-conducteur-KE.jpg\",\"width\":1920,\"height\":1286,\"caption\":\"Store enrouleur vertical avec coffre et toile anti UV.\"},{\"@type\":\"BreadcrumbList\",\"@id\":\"https:\\\/\\\/www.keoutdoordesign.com\\\/fr-fr\\\/stores-verticaux-et-screeny\\\/stores-screen\\\/screeny-85\\\/#breadcrumb\",\"itemListElement\":[{\"@type\":\"ListItem\",\"position\":1,\"name\":\"Home\",\"item\":\"https:\\\/\\\/www.keoutdoordesign.com\\\/fr-fr\\\/\"},{\"@type\":\"ListItem\",\"position\":2,\"name\":\"Stores verticaux et Screeny\",\"item\":\"https:\\\/\\\/www.keoutdoordesign.com\\\/fr-fr\\\/stores-verticaux-et-screeny\\\/\"},{\"@type\":\"ListItem\",\"position\":3,\"name\":\"Stores screen\",\"item\":\"https:\\\/\\\/www.keoutdoordesign.com\\\/fr-fr\\\/stores-verticaux-et-screeny\\\/stores-screen\\\/\"},{\"@type\":\"ListItem\",\"position\":4,\"name\":\"Screeny 85\"}]},{\"@type\":\"WebSite\",\"@id\":\"https:\\\/\\\/www.keoutdoordesign.com\\\/it-it\\\/#website\",\"url\":\"https:\\\/\\\/www.keoutdoordesign.com\\\/it-it\\\/\",\"name\":\"KE Outdoor Design\",\"description\":\"Un nuovo sito targato WordPress\",\"publisher\":{\"@id\":\"https:\\\/\\\/www.keoutdoordesign.com\\\/it-it\\\/#organization\"},\"potentialAction\":[{\"@type\":\"SearchAction\",\"target\":{\"@type\":\"EntryPoint\",\"urlTemplate\":\"https:\\\/\\\/www.keoutdoordesign.com\\\/it-it\\\/?s={search_term_string}\"},\"query-input\":{\"@type\":\"PropertyValueSpecification\",\"valueRequired\":true,\"valueName\":\"search_term_string\"}}],\"inLanguage\":\"fr-FR\"},{\"@type\":\"Organization\",\"@id\":\"https:\\\/\\\/www.keoutdoordesign.com\\\/it-it\\\/#organization\",\"name\":\"KE Outdoor Design\",\"url\":\"https:\\\/\\\/www.keoutdoordesign.com\\\/it-it\\\/\",\"logo\":{\"@type\":\"ImageObject\",\"inLanguage\":\"fr-FR\",\"@id\":\"https:\\\/\\\/www.keoutdoordesign.com\\\/it-it\\\/#\\\/schema\\\/logo\\\/image\\\/\",\"url\":\"https:\\\/\\\/www.keoutdoordesign.com\\\/wp-content\\\/uploads\\\/2020\\\/02\\\/KE-logo-Primary-e1591282842174.jpg\",\"contentUrl\":\"https:\\\/\\\/www.keoutdoordesign.com\\\/wp-content\\\/uploads\\\/2020\\\/02\\\/KE-logo-Primary-e1591282842174.jpg\",\"width\":500,\"height\":396,\"caption\":\"KE Outdoor Design\"},\"image\":{\"@id\":\"https:\\\/\\\/www.keoutdoordesign.com\\\/it-it\\\/#\\\/schema\\\/logo\\\/image\\\/\"},\"sameAs\":[\"https:\\\/\\\/www.facebook.com\\\/keoutdoordesign.us\",\"https:\\\/\\\/x.com\\\/keoutdoordesign\",\"https:\\\/\\\/www.facebook.com\\\/keoutdoordesign\",\"https:\\\/\\\/www.youtube.com\\\/channel\\\/UCSoMQryJpLqD53bAoZLg2Vg\",\"https:\\\/\\\/www.pinterest.it\\\/keoutdoordesign\\\/\",\"https:\\\/\\\/www.instagram.com\\\/keoutdoordesign\\\/\",\"https:\\\/\\\/www.linkedin.com\\\/company\\\/ke-outdoor-design\\\/\"]}]}<\/script>\n<!-- \/ Yoast SEO Premium plugin. -->","yoast_head_json":{"title":"Screeny 85 -","description":"Screeny 85: store ext\u00e9rieur vertical pour fen\u00eatre.Id\u00e9e innovante pour occulter les fen\u00eatres max de 300x 340 cm. Produit sur mesure, qualit\u00e9 made in France..","robots":{"index":"index","follow":"follow","max-snippet":"max-snippet:-1","max-image-preview":"max-image-preview:large","max-video-preview":"max-video-preview:-1"},"canonical":"https:\/\/www.keoutdoordesign.com\/fr-fr\/stores-verticaux-et-screeny\/stores-screen\/screeny-85\/","og_locale":"fr_FR","og_type":"article","og_title":"Screeny 85","og_description":"Screeny 85: store ext\u00e9rieur vertical pour fen\u00eatre.Id\u00e9e innovante pour occulter les fen\u00eatres max de 300x 340 cm. Produit sur mesure, qualit\u00e9 made in France..","og_url":"https:\/\/www.keoutdoordesign.com\/fr-fr\/stores-verticaux-et-screeny\/stores-screen\/screeny-85\/","og_site_name":"KE Outdoor Design","article_publisher":"https:\/\/www.facebook.com\/keoutdoordesign.us","article_modified_time":"2024-06-26T13:35:34+00:00","og_image":[{"width":1920,"height":1286,"url":"https:\/\/www.keoutdoordesign.com\/wp-content\/uploads\/2024\/06\/Store-enrouleur-coffre-Screeny-85-cable-conducteur-KE.jpg","type":"image\/jpeg"}],"twitter_card":"summary_large_image","twitter_site":"@keoutdoordesign","schema":{"@context":"https:\/\/schema.org","@graph":[{"@type":"WebPage","@id":"https:\/\/www.keoutdoordesign.com\/fr-fr\/stores-verticaux-et-screeny\/stores-screen\/screeny-85\/","url":"https:\/\/www.keoutdoordesign.com\/fr-fr\/stores-verticaux-et-screeny\/stores-screen\/screeny-85\/","name":"Screeny 85 -","isPartOf":{"@id":"https:\/\/www.keoutdoordesign.com\/it-it\/#website"},"primaryImageOfPage":{"@id":"https:\/\/www.keoutdoordesign.com\/fr-fr\/stores-verticaux-et-screeny\/stores-screen\/screeny-85\/#primaryimage"},"image":{"@id":"https:\/\/www.keoutdoordesign.com\/fr-fr\/stores-verticaux-et-screeny\/stores-screen\/screeny-85\/#primaryimage"},"thumbnailUrl":"https:\/\/www.keoutdoordesign.com\/wp-content\/uploads\/2024\/06\/Store-enrouleur-coffre-Screeny-85-cable-conducteur-KE.jpg","datePublished":"2019-06-07T09:52:23+00:00","dateModified":"2024-06-26T13:35:34+00:00","description":"Screeny 85: store ext\u00e9rieur vertical pour fen\u00eatre.Id\u00e9e innovante pour occulter les fen\u00eatres max de 300x 340 cm. Produit sur mesure, qualit\u00e9 made in France..","breadcrumb":{"@id":"https:\/\/www.keoutdoordesign.com\/fr-fr\/stores-verticaux-et-screeny\/stores-screen\/screeny-85\/#breadcrumb"},"inLanguage":"fr-FR","potentialAction":[{"@type":"ReadAction","target":["https:\/\/www.keoutdoordesign.com\/fr-fr\/stores-verticaux-et-screeny\/stores-screen\/screeny-85\/"]}]},{"@type":"ImageObject","inLanguage":"fr-FR","@id":"https:\/\/www.keoutdoordesign.com\/fr-fr\/stores-verticaux-et-screeny\/stores-screen\/screeny-85\/#primaryimage","url":"https:\/\/www.keoutdoordesign.com\/wp-content\/uploads\/2024\/06\/Store-enrouleur-coffre-Screeny-85-cable-conducteur-KE.jpg","contentUrl":"https:\/\/www.keoutdoordesign.com\/wp-content\/uploads\/2024\/06\/Store-enrouleur-coffre-Screeny-85-cable-conducteur-KE.jpg","width":1920,"height":1286,"caption":"Store enrouleur vertical avec coffre et toile anti UV."},{"@type":"BreadcrumbList","@id":"https:\/\/www.keoutdoordesign.com\/fr-fr\/stores-verticaux-et-screeny\/stores-screen\/screeny-85\/#breadcrumb","itemListElement":[{"@type":"ListItem","position":1,"name":"Home","item":"https:\/\/www.keoutdoordesign.com\/fr-fr\/"},{"@type":"ListItem","position":2,"name":"Stores verticaux et Screeny","item":"https:\/\/www.keoutdoordesign.com\/fr-fr\/stores-verticaux-et-screeny\/"},{"@type":"ListItem","position":3,"name":"Stores screen","item":"https:\/\/www.keoutdoordesign.com\/fr-fr\/stores-verticaux-et-screeny\/stores-screen\/"},{"@type":"ListItem","position":4,"name":"Screeny 85"}]},{"@type":"WebSite","@id":"https:\/\/www.keoutdoordesign.com\/it-it\/#website","url":"https:\/\/www.keoutdoordesign.com\/it-it\/","name":"KE Outdoor Design","description":"Un nuovo sito targato WordPress","publisher":{"@id":"https:\/\/www.keoutdoordesign.com\/it-it\/#organization"},"potentialAction":[{"@type":"SearchAction","target":{"@type":"EntryPoint","urlTemplate":"https:\/\/www.keoutdoordesign.com\/it-it\/?s={search_term_string}"},"query-input":{"@type":"PropertyValueSpecification","valueRequired":true,"valueName":"search_term_string"}}],"inLanguage":"fr-FR"},{"@type":"Organization","@id":"https:\/\/www.keoutdoordesign.com\/it-it\/#organization","name":"KE Outdoor Design","url":"https:\/\/www.keoutdoordesign.com\/it-it\/","logo":{"@type":"ImageObject","inLanguage":"fr-FR","@id":"https:\/\/www.keoutdoordesign.com\/it-it\/#\/schema\/logo\/image\/","url":"https:\/\/www.keoutdoordesign.com\/wp-content\/uploads\/2020\/02\/KE-logo-Primary-e1591282842174.jpg","contentUrl":"https:\/\/www.keoutdoordesign.com\/wp-content\/uploads\/2020\/02\/KE-logo-Primary-e1591282842174.jpg","width":500,"height":396,"caption":"KE Outdoor Design"},"image":{"@id":"https:\/\/www.keoutdoordesign.com\/it-it\/#\/schema\/logo\/image\/"},"sameAs":["https:\/\/www.facebook.com\/keoutdoordesign.us","https:\/\/x.com\/keoutdoordesign","https:\/\/www.facebook.com\/keoutdoordesign","https:\/\/www.youtube.com\/channel\/UCSoMQryJpLqD53bAoZLg2Vg","https:\/\/www.pinterest.it\/keoutdoordesign\/","https:\/\/www.instagram.com\/keoutdoordesign\/","https:\/\/www.linkedin.com\/company\/ke-outdoor-design\/"]}]}},"_links":{"self":[{"href":"https:\/\/www.keoutdoordesign.com\/fr-fr\/wp-json\/wp\/v2\/pages\/4696","targetHints":{"allow":["GET"]}}],"collection":[{"href":"https:\/\/www.keoutdoordesign.com\/fr-fr\/wp-json\/wp\/v2\/pages"}],"about":[{"href":"https:\/\/www.keoutdoordesign.com\/fr-fr\/wp-json\/wp\/v2\/types\/page"}],"author":[{"embeddable":true,"href":"https:\/\/www.keoutdoordesign.com\/fr-fr\/wp-json\/wp\/v2\/users\/10608"}],"replies":[{"embeddable":true,"href":"https:\/\/www.keoutdoordesign.com\/fr-fr\/wp-json\/wp\/v2\/comments?post=4696"}],"version-history":[{"count":5,"href":"https:\/\/www.keoutdoordesign.com\/fr-fr\/wp-json\/wp\/v2\/pages\/4696\/revisions"}],"predecessor-version":[{"id":14244,"href":"https:\/\/www.keoutdoordesign.com\/fr-fr\/wp-json\/wp\/v2\/pages\/4696\/revisions\/14244"}],"up":[{"embeddable":true,"href":"https:\/\/www.keoutdoordesign.com\/fr-fr\/wp-json\/wp\/v2\/pages\/4686"}],"wp:featuredmedia":[{"embeddable":true,"href":"https:\/\/www.keoutdoordesign.com\/fr-fr\/wp-json\/wp\/v2\/media\/72396"}],"wp:attachment":[{"href":"https:\/\/www.keoutdoordesign.com\/fr-fr\/wp-json\/wp\/v2\/media?parent=4696"}],"curies":[{"name":"wp","href":"https:\/\/api.w.org\/{rel}","templated":true}]}}