{"id":4686,"date":"2019-06-07T11:48:05","date_gmt":"2019-06-07T09:48:05","guid":{"rendered":"http:\/\/ke.localhost.it\/stores-verticaux-et-screeny\/store-screen\/"},"modified":"2022-11-22T12:28:23","modified_gmt":"2022-11-22T11:28:23","slug":"stores-screen","status":"publish","type":"page","link":"https:\/\/www.keoutdoordesign.com\/fr-fr\/stores-verticaux-et-screeny\/stores-screen\/","title":{"rendered":"Stores screen"},"content":{"rendered":"<p>&nbsp;<\/p>\n<p><b>Essentiels et minimalistes, nos stores ext\u00e9rieurs verticaux coulissants s\u2019adaptent \u00e0 tous vos besoins et sont source d\u2019\u00e9conomie d\u2019\u00e9nergie!<\/b><\/p>\n<p>Vous appr\u00e9cierez <strong>l\u2019ergonomie et l\u2019esth\u00e9tique de ces\u00a0stores screen<\/strong> qui peuvent \u00eatre dot\u00e9s d\u2019un <b>syst\u00e8me motoris\u00e9 encastr\u00e9<\/b> qui s\u2019int\u00e8gre parfaitement aux fen\u00eatres et portes fen\u00eatres et s\u2019adapte aux principaux monoblocs d\u2019isolation thermique.<\/p>\n<p><strong>Avec ce store screen ext\u00e9rieur<\/strong>, la <b>structure dispara\u00eet compl\u00e8tement dans le mur<\/b> et il ne vous reste plus que le plaisir de moduler l\u2019ensoleillement de vos pi\u00e8ces. Tous nos stores enrouleurs sont sur mesure et peuvent \u00eatre \u00e9quip\u00e9s d\u2019un <b>tissu filtrant. <\/b>Solution id\u00e9ale pour les endroits comme les bureaux ou les entreprises o\u00f9 la lumi\u00e8re naturelle est une ressource indispensable. Ils jouent \u00e9galement un r\u00f4le esth\u00e9tique et occultant afin de garantir un maximum d\u2019intimit\u00e9 dans les pi\u00e8ces d\u2019habitation.<\/p>\n<h4>Un store screen ext\u00e9rieur c\u2019est\u00a0:<\/h4>\n<ul>\n<li style=\"text-align: left;\">Une alternative aux volets roulants avec une esth\u00e9tique sup\u00e9rieure<\/li>\n<li style=\"text-align: left;\">Des finitions personnalis\u00e9es : une centaine de tissus au choix <b>100% recyclable<\/b><\/li>\n<li style=\"text-align: left;\">Des syst\u00e8mes automatis\u00e9s de pointe<\/li>\n<li>Un store enrouleur avec coffre r\u00e9sistant et sur mesure<\/li>\n<li style=\"text-align: left;\">Un maintien de la temp\u00e9rature de votre pi\u00e8ce de vie\u00a0<\/li>\n<li style=\"text-align: left;\">Motorisation solaire possible<\/li>\n<\/ul>\n<p>&#8211;&gt; Un tout vous permettant d&rsquo;adapter votre store selon les fen\u00eatres des diff\u00e9rentes pi\u00e8ces \u00e0 couvrir : store occultant pour velux\/ store ajour\u00e9 pour baie vitr\u00e9e.. D&rsquo;autres avantages comme la possibilit\u00e9 de\u00a0<b>double installation <\/b>(par rotation du profil) et une <b>r\u00e9sistance \u00e0 l&rsquo;air et \u00e0 l&rsquo;eau<\/b> avec le syst\u00e8me ZIP et <b>Wind Block<\/b> pour le Screeny 110 et 130 ZIP<\/p>\n<p><strong>Tous nos stores ext\u00e9rieurs verticaux coulissants<\/strong> peuvent \u00eatre motoris\u00e9s et connect\u00e9s \u00e0 des syst\u00e8mes domotiques (<a href=\"https:\/\/www.somfy.fr\/produits\/volets-et-brise-soleil\/stores-exterieurs-verticaux\">SOMFY<\/a>) et \u00e0 des capteurs climatiques. Il vous suffit pour cela de programmer les heures d\u2019ouverture et de fermeture via une simple application pour smartphone.<\/p>\n<p>Nous vous proposons 5 mod\u00e8les de Screeny qui se diff\u00e9rencient par leur mode de guidage et leur capacit\u00e9 \u00e0 habiller vos fen\u00eatres : cela va du <a href=\"\/?page_id=4695\">Screeny 55<\/a> au <a href=\"\/?page_id=4707\">Screeny 150<\/a>. Quelle soit grande ou petite votre vitre trouvera compatibilit\u00e9 avec un de nos stores Screeny !<\/p>\n<p>Optez pour un<b> guidage c\u00e2bles, conducteur<\/b>\u00a0ou <b>coulisses<\/b> pour une toile a\u00e9rienne (pr\u00e9sence d&rsquo;un jour entre la toile et son guidage) ou un <b>guidage coulisse zip<\/b> pour une toile tendue tenue lat\u00e9ralement sans jour entre la toile et la coulisse. Le store en guidage coulisse Zip aura par ailleurs une meilleure r\u00e9sistance.<\/p>\n<p>Choisissez l&rsquo;alternative aux volets roulants design et naturelle. Et si vous avez besoin d&rsquo;aide pour votre projet n&rsquo;h\u00e9sitez pas \u00e0 <a href=\"\/?page_id=3263\">nous contacter<\/a>.<\/p>\n","protected":false},"excerpt":{"rendered":"<p>&nbsp; Essentiels et minimalistes, nos stores ext\u00e9rieurs verticaux coulissants s\u2019adaptent \u00e0 tous vos besoins et sont source d\u2019\u00e9conomie d\u2019\u00e9nergie! Vous&hellip;<\/p>\n","protected":false},"author":10608,"featured_media":7102,"parent":4683,"menu_order":7,"comment_status":"closed","ping_status":"closed","template":"page-templates\/category-subcategories.php","meta":{"_acf_changed":false,"footnotes":""},"class_list":["post-4686","page","type-page","status-publish","has-post-thumbnail","hentry"],"acf":[],"yoast_head":"<!-- This site is optimized with the Yoast SEO Premium plugin v20.12 (Yoast SEO v27.3) - https:\/\/yoast.com\/product\/yoast-seo-premium-wordpress\/ -->\n<title>Stores screen -<\/title>\n<meta name=\"description\" content=\"Optez pour nos stores Screen ext\u00e9rieurs . Alternative aux volets roulants en plus design. Dimensions sur mesure, r\u00e9sistants, anti chaleur, occultants \u2026\" \/>\n<meta name=\"robots\" content=\"index, follow, max-snippet:-1, max-image-preview:large, max-video-preview:-1\" \/>\n<link rel=\"canonical\" href=\"https:\/\/www.keoutdoordesign.com\/fr-fr\/stores-verticaux-et-screeny\/stores-screen\/\" \/>\n<meta property=\"og:locale\" content=\"fr_FR\" \/>\n<meta property=\"og:type\" content=\"article\" \/>\n<meta property=\"og:title\" content=\"Stores screen\" \/>\n<meta property=\"og:description\" content=\"Optez pour nos stores Screen ext\u00e9rieurs . Alternative aux volets roulants en plus design. Dimensions sur mesure, r\u00e9sistants, anti chaleur, occultants \u2026\" \/>\n<meta property=\"og:url\" content=\"https:\/\/www.keoutdoordesign.com\/fr-fr\/stores-verticaux-et-screeny\/stores-screen\/\" \/>\n<meta property=\"og:site_name\" content=\"KE Outdoor Design\" \/>\n<meta property=\"article:publisher\" content=\"https:\/\/www.facebook.com\/keoutdoordesign.us\" \/>\n<meta property=\"article:modified_time\" content=\"2022-11-22T11:28:23+00:00\" \/>\n<meta property=\"og:image\" content=\"https:\/\/www.keoutdoordesign.com\/wp-content\/uploads\/2019\/06\/SCREENY-130-1.jpg\" \/>\n\t<meta property=\"og:image:width\" content=\"3700\" \/>\n\t<meta property=\"og:image:height\" content=\"2558\" \/>\n\t<meta property=\"og:image:type\" content=\"image\/jpeg\" \/>\n<meta name=\"twitter:card\" content=\"summary_large_image\" \/>\n<meta name=\"twitter:site\" content=\"@keoutdoordesign\" \/>\n<script type=\"application\/ld+json\" class=\"yoast-schema-graph\">{\"@context\":\"https:\\\/\\\/schema.org\",\"@graph\":[{\"@type\":\"WebPage\",\"@id\":\"https:\\\/\\\/www.keoutdoordesign.com\\\/fr-fr\\\/stores-verticaux-et-screeny\\\/stores-screen\\\/\",\"url\":\"https:\\\/\\\/www.keoutdoordesign.com\\\/fr-fr\\\/stores-verticaux-et-screeny\\\/stores-screen\\\/\",\"name\":\"Stores screen -\",\"isPartOf\":{\"@id\":\"https:\\\/\\\/www.keoutdoordesign.com\\\/it-it\\\/#website\"},\"primaryImageOfPage\":{\"@id\":\"https:\\\/\\\/www.keoutdoordesign.com\\\/fr-fr\\\/stores-verticaux-et-screeny\\\/stores-screen\\\/#primaryimage\"},\"image\":{\"@id\":\"https:\\\/\\\/www.keoutdoordesign.com\\\/fr-fr\\\/stores-verticaux-et-screeny\\\/stores-screen\\\/#primaryimage\"},\"thumbnailUrl\":\"https:\\\/\\\/www.keoutdoordesign.com\\\/wp-content\\\/uploads\\\/2019\\\/06\\\/SCREENY-130-1.jpg\",\"datePublished\":\"2019-06-07T09:48:05+00:00\",\"dateModified\":\"2022-11-22T11:28:23+00:00\",\"description\":\"Optez pour nos stores Screen ext\u00e9rieurs . Alternative aux volets roulants en plus design. Dimensions sur mesure, r\u00e9sistants, anti chaleur, occultants \u2026\",\"breadcrumb\":{\"@id\":\"https:\\\/\\\/www.keoutdoordesign.com\\\/fr-fr\\\/stores-verticaux-et-screeny\\\/stores-screen\\\/#breadcrumb\"},\"inLanguage\":\"fr-FR\",\"potentialAction\":[{\"@type\":\"ReadAction\",\"target\":[\"https:\\\/\\\/www.keoutdoordesign.com\\\/fr-fr\\\/stores-verticaux-et-screeny\\\/stores-screen\\\/\"]}]},{\"@type\":\"ImageObject\",\"inLanguage\":\"fr-FR\",\"@id\":\"https:\\\/\\\/www.keoutdoordesign.com\\\/fr-fr\\\/stores-verticaux-et-screeny\\\/stores-screen\\\/#primaryimage\",\"url\":\"https:\\\/\\\/www.keoutdoordesign.com\\\/wp-content\\\/uploads\\\/2019\\\/06\\\/SCREENY-130-1.jpg\",\"contentUrl\":\"https:\\\/\\\/www.keoutdoordesign.com\\\/wp-content\\\/uploads\\\/2019\\\/06\\\/SCREENY-130-1.jpg\",\"width\":1920,\"height\":1327,\"caption\":\"Stores ext\u00e9rieurs verticaux pour fen\u00eatres de maisons. Personnalisables\"},{\"@type\":\"BreadcrumbList\",\"@id\":\"https:\\\/\\\/www.keoutdoordesign.com\\\/fr-fr\\\/stores-verticaux-et-screeny\\\/stores-screen\\\/#breadcrumb\",\"itemListElement\":[{\"@type\":\"ListItem\",\"position\":1,\"name\":\"Home\",\"item\":\"https:\\\/\\\/www.keoutdoordesign.com\\\/fr-fr\\\/\"},{\"@type\":\"ListItem\",\"position\":2,\"name\":\"Stores verticaux et Screeny\",\"item\":\"https:\\\/\\\/www.keoutdoordesign.com\\\/fr-fr\\\/stores-verticaux-et-screeny\\\/\"},{\"@type\":\"ListItem\",\"position\":3,\"name\":\"Stores screen\"}]},{\"@type\":\"WebSite\",\"@id\":\"https:\\\/\\\/www.keoutdoordesign.com\\\/it-it\\\/#website\",\"url\":\"https:\\\/\\\/www.keoutdoordesign.com\\\/it-it\\\/\",\"name\":\"KE Outdoor Design\",\"description\":\"Un nuovo sito targato WordPress\",\"publisher\":{\"@id\":\"https:\\\/\\\/www.keoutdoordesign.com\\\/it-it\\\/#organization\"},\"potentialAction\":[{\"@type\":\"SearchAction\",\"target\":{\"@type\":\"EntryPoint\",\"urlTemplate\":\"https:\\\/\\\/www.keoutdoordesign.com\\\/it-it\\\/?s={search_term_string}\"},\"query-input\":{\"@type\":\"PropertyValueSpecification\",\"valueRequired\":true,\"valueName\":\"search_term_string\"}}],\"inLanguage\":\"fr-FR\"},{\"@type\":\"Organization\",\"@id\":\"https:\\\/\\\/www.keoutdoordesign.com\\\/it-it\\\/#organization\",\"name\":\"KE Outdoor Design\",\"url\":\"https:\\\/\\\/www.keoutdoordesign.com\\\/it-it\\\/\",\"logo\":{\"@type\":\"ImageObject\",\"inLanguage\":\"fr-FR\",\"@id\":\"https:\\\/\\\/www.keoutdoordesign.com\\\/it-it\\\/#\\\/schema\\\/logo\\\/image\\\/\",\"url\":\"https:\\\/\\\/www.keoutdoordesign.com\\\/wp-content\\\/uploads\\\/2020\\\/02\\\/KE-logo-Primary-e1591282842174.jpg\",\"contentUrl\":\"https:\\\/\\\/www.keoutdoordesign.com\\\/wp-content\\\/uploads\\\/2020\\\/02\\\/KE-logo-Primary-e1591282842174.jpg\",\"width\":500,\"height\":396,\"caption\":\"KE Outdoor Design\"},\"image\":{\"@id\":\"https:\\\/\\\/www.keoutdoordesign.com\\\/it-it\\\/#\\\/schema\\\/logo\\\/image\\\/\"},\"sameAs\":[\"https:\\\/\\\/www.facebook.com\\\/keoutdoordesign.us\",\"https:\\\/\\\/x.com\\\/keoutdoordesign\",\"https:\\\/\\\/www.facebook.com\\\/keoutdoordesign\",\"https:\\\/\\\/www.youtube.com\\\/channel\\\/UCSoMQryJpLqD53bAoZLg2Vg\",\"https:\\\/\\\/www.pinterest.it\\\/keoutdoordesign\\\/\",\"https:\\\/\\\/www.instagram.com\\\/keoutdoordesign\\\/\",\"https:\\\/\\\/www.linkedin.com\\\/company\\\/ke-outdoor-design\\\/\"]}]}<\/script>\n<!-- \/ Yoast SEO Premium plugin. -->","yoast_head_json":{"title":"Stores screen -","description":"Optez pour nos stores Screen ext\u00e9rieurs . Alternative aux volets roulants en plus design. Dimensions sur mesure, r\u00e9sistants, anti chaleur, occultants \u2026","robots":{"index":"index","follow":"follow","max-snippet":"max-snippet:-1","max-image-preview":"max-image-preview:large","max-video-preview":"max-video-preview:-1"},"canonical":"https:\/\/www.keoutdoordesign.com\/fr-fr\/stores-verticaux-et-screeny\/stores-screen\/","og_locale":"fr_FR","og_type":"article","og_title":"Stores screen","og_description":"Optez pour nos stores Screen ext\u00e9rieurs . Alternative aux volets roulants en plus design. Dimensions sur mesure, r\u00e9sistants, anti chaleur, occultants \u2026","og_url":"https:\/\/www.keoutdoordesign.com\/fr-fr\/stores-verticaux-et-screeny\/stores-screen\/","og_site_name":"KE Outdoor Design","article_publisher":"https:\/\/www.facebook.com\/keoutdoordesign.us","article_modified_time":"2022-11-22T11:28:23+00:00","og_image":[{"width":3700,"height":2558,"url":"https:\/\/www.keoutdoordesign.com\/wp-content\/uploads\/2019\/06\/SCREENY-130-1.jpg","type":"image\/jpeg"}],"twitter_card":"summary_large_image","twitter_site":"@keoutdoordesign","schema":{"@context":"https:\/\/schema.org","@graph":[{"@type":"WebPage","@id":"https:\/\/www.keoutdoordesign.com\/fr-fr\/stores-verticaux-et-screeny\/stores-screen\/","url":"https:\/\/www.keoutdoordesign.com\/fr-fr\/stores-verticaux-et-screeny\/stores-screen\/","name":"Stores screen -","isPartOf":{"@id":"https:\/\/www.keoutdoordesign.com\/it-it\/#website"},"primaryImageOfPage":{"@id":"https:\/\/www.keoutdoordesign.com\/fr-fr\/stores-verticaux-et-screeny\/stores-screen\/#primaryimage"},"image":{"@id":"https:\/\/www.keoutdoordesign.com\/fr-fr\/stores-verticaux-et-screeny\/stores-screen\/#primaryimage"},"thumbnailUrl":"https:\/\/www.keoutdoordesign.com\/wp-content\/uploads\/2019\/06\/SCREENY-130-1.jpg","datePublished":"2019-06-07T09:48:05+00:00","dateModified":"2022-11-22T11:28:23+00:00","description":"Optez pour nos stores Screen ext\u00e9rieurs . Alternative aux volets roulants en plus design. Dimensions sur mesure, r\u00e9sistants, anti chaleur, occultants \u2026","breadcrumb":{"@id":"https:\/\/www.keoutdoordesign.com\/fr-fr\/stores-verticaux-et-screeny\/stores-screen\/#breadcrumb"},"inLanguage":"fr-FR","potentialAction":[{"@type":"ReadAction","target":["https:\/\/www.keoutdoordesign.com\/fr-fr\/stores-verticaux-et-screeny\/stores-screen\/"]}]},{"@type":"ImageObject","inLanguage":"fr-FR","@id":"https:\/\/www.keoutdoordesign.com\/fr-fr\/stores-verticaux-et-screeny\/stores-screen\/#primaryimage","url":"https:\/\/www.keoutdoordesign.com\/wp-content\/uploads\/2019\/06\/SCREENY-130-1.jpg","contentUrl":"https:\/\/www.keoutdoordesign.com\/wp-content\/uploads\/2019\/06\/SCREENY-130-1.jpg","width":1920,"height":1327,"caption":"Stores ext\u00e9rieurs verticaux pour fen\u00eatres de maisons. Personnalisables"},{"@type":"BreadcrumbList","@id":"https:\/\/www.keoutdoordesign.com\/fr-fr\/stores-verticaux-et-screeny\/stores-screen\/#breadcrumb","itemListElement":[{"@type":"ListItem","position":1,"name":"Home","item":"https:\/\/www.keoutdoordesign.com\/fr-fr\/"},{"@type":"ListItem","position":2,"name":"Stores verticaux et Screeny","item":"https:\/\/www.keoutdoordesign.com\/fr-fr\/stores-verticaux-et-screeny\/"},{"@type":"ListItem","position":3,"name":"Stores screen"}]},{"@type":"WebSite","@id":"https:\/\/www.keoutdoordesign.com\/it-it\/#website","url":"https:\/\/www.keoutdoordesign.com\/it-it\/","name":"KE Outdoor Design","description":"Un nuovo sito targato WordPress","publisher":{"@id":"https:\/\/www.keoutdoordesign.com\/it-it\/#organization"},"potentialAction":[{"@type":"SearchAction","target":{"@type":"EntryPoint","urlTemplate":"https:\/\/www.keoutdoordesign.com\/it-it\/?s={search_term_string}"},"query-input":{"@type":"PropertyValueSpecification","valueRequired":true,"valueName":"search_term_string"}}],"inLanguage":"fr-FR"},{"@type":"Organization","@id":"https:\/\/www.keoutdoordesign.com\/it-it\/#organization","name":"KE Outdoor Design","url":"https:\/\/www.keoutdoordesign.com\/it-it\/","logo":{"@type":"ImageObject","inLanguage":"fr-FR","@id":"https:\/\/www.keoutdoordesign.com\/it-it\/#\/schema\/logo\/image\/","url":"https:\/\/www.keoutdoordesign.com\/wp-content\/uploads\/2020\/02\/KE-logo-Primary-e1591282842174.jpg","contentUrl":"https:\/\/www.keoutdoordesign.com\/wp-content\/uploads\/2020\/02\/KE-logo-Primary-e1591282842174.jpg","width":500,"height":396,"caption":"KE Outdoor Design"},"image":{"@id":"https:\/\/www.keoutdoordesign.com\/it-it\/#\/schema\/logo\/image\/"},"sameAs":["https:\/\/www.facebook.com\/keoutdoordesign.us","https:\/\/x.com\/keoutdoordesign","https:\/\/www.facebook.com\/keoutdoordesign","https:\/\/www.youtube.com\/channel\/UCSoMQryJpLqD53bAoZLg2Vg","https:\/\/www.pinterest.it\/keoutdoordesign\/","https:\/\/www.instagram.com\/keoutdoordesign\/","https:\/\/www.linkedin.com\/company\/ke-outdoor-design\/"]}]}},"_links":{"self":[{"href":"https:\/\/www.keoutdoordesign.com\/fr-fr\/wp-json\/wp\/v2\/pages\/4686","targetHints":{"allow":["GET"]}}],"collection":[{"href":"https:\/\/www.keoutdoordesign.com\/fr-fr\/wp-json\/wp\/v2\/pages"}],"about":[{"href":"https:\/\/www.keoutdoordesign.com\/fr-fr\/wp-json\/wp\/v2\/types\/page"}],"author":[{"embeddable":true,"href":"https:\/\/www.keoutdoordesign.com\/fr-fr\/wp-json\/wp\/v2\/users\/10608"}],"replies":[{"embeddable":true,"href":"https:\/\/www.keoutdoordesign.com\/fr-fr\/wp-json\/wp\/v2\/comments?post=4686"}],"version-history":[{"count":24,"href":"https:\/\/www.keoutdoordesign.com\/fr-fr\/wp-json\/wp\/v2\/pages\/4686\/revisions"}],"predecessor-version":[{"id":53911,"href":"https:\/\/www.keoutdoordesign.com\/fr-fr\/wp-json\/wp\/v2\/pages\/4686\/revisions\/53911"}],"up":[{"embeddable":true,"href":"https:\/\/www.keoutdoordesign.com\/fr-fr\/wp-json\/wp\/v2\/pages\/4683"}],"wp:featuredmedia":[{"embeddable":true,"href":"https:\/\/www.keoutdoordesign.com\/fr-fr\/wp-json\/wp\/v2\/media\/7102"}],"wp:attachment":[{"href":"https:\/\/www.keoutdoordesign.com\/fr-fr\/wp-json\/wp\/v2\/media?parent=4686"}],"curies":[{"name":"wp","href":"https:\/\/api.w.org\/{rel}","templated":true}]}}