{"id":4685,"date":"2019-06-07T11:48:04","date_gmt":"2019-06-07T09:48:04","guid":{"rendered":"http:\/\/ke.localhost.it\/stores-verticaux-et-screeny\/stores-verticaux\/"},"modified":"2022-11-22T12:23:10","modified_gmt":"2022-11-22T11:23:10","slug":"stores-verticaux","status":"publish","type":"page","link":"https:\/\/www.keoutdoordesign.com\/fr-fr\/stores-verticaux-et-screeny\/stores-verticaux\/","title":{"rendered":"Stores verticaux"},"content":{"rendered":"<p>&nbsp;<\/p>\n<p>Vous cherchez le store id\u00e9al pour vous prot\u00e9ger du soleil et de la chaleur en toutes saisons\u00a0? Le <b>store ext\u00e9rieur vertical pour fen\u00eatres <\/b>est celui qu\u2019il vous faut. Ces <strong>stores verticaux peuvent \u00eatre install\u00e9s sur\u00a0: <\/strong><\/p>\n<ul>\n<li style=\"text-align: left;\"><strong>fen\u00eatres ext\u00e9rieures<\/strong><\/li>\n<li style=\"text-align: left;\">baies vitr\u00e9es<\/li>\n<li style=\"text-align: left;\">v\u00e9randas<\/li>\n<\/ul>\n<p>Et ce que ce soit en immeuble ou en maison. Un store ext\u00e9rieur \u00e0 enroulement est une solution id\u00e9ale pour prot\u00e9ger vos pi\u00e8ces \u00e0 vivre de la chaleur et leur donner le degr\u00e9 de luminosit\u00e9 que vous voulez.<\/p>\n<p>Un caisson discret vient abriter le store enroul\u00e9 et garantit sa dur\u00e9e de vie. Notre gamme de stores est <b>adaptable sur toutes les surfaces vitr\u00e9es<\/b>, jusqu\u2019\u00e0 5.9 m\u00e8tres de largeur et 5 m\u00e8tres de hauteur.<\/p>\n<p>Gr\u00e2ce \u00e0 des rails de qualit\u00e9 professionnelle, la tension du tissu est \u00e0 son maximum. Les stores restent en place, m\u00eame apr\u00e8s des dizaines d\u2019ann\u00e9es d\u2019utilisation quotidienne. Les mati\u00e8res de chaque <strong>store ext\u00e9rieur vertical pour fen\u00eatre <\/strong>que nous proposons r\u00e9sistent aux intemp\u00e9ries, au soleil. De plus, notre syst\u00e8me d\u2019enroulement brevet\u00e9 permet d\u2019ouvrir et de fermer le store sans plier ni froisser le tissu.<\/p>\n<p>Les parties m\u00e9talliques et le caisson du\u00a0<strong>store sont en aluminium ou en acier thermolaqu\u00e9<\/strong>, pour une r\u00e9sistance \u00e0 toutes \u00e9preuves.<\/p>\n<p>Et si l&rsquo;installation de stores verticaux ne vous suffit pas \u00e0 cr\u00e9er des espaces d&rsquo;ombres suffisants \u00e0 votre bien \u00eatre, nous proposons d&rsquo;autres solutions compl\u00e9mentaires;<\/p>\n<p>Si vous avez un acc\u00e8s sur l&rsquo;ext\u00e9rieur pourquoi ne pas installer un<a href=\"\/?page_id=4608\"> store banne<\/a> pour agrandir votre surface habitable ombrag\u00e9e mais en profitant en plus d&rsquo;\u00eatre \u00e0 l&rsquo;ext\u00e9rieur.<\/p>\n","protected":false},"excerpt":{"rendered":"<p>&nbsp; Vous cherchez le store id\u00e9al pour vous prot\u00e9ger du soleil et de la chaleur en toutes saisons\u00a0? Le store&hellip;<\/p>\n","protected":false},"author":10608,"featured_media":7027,"parent":4683,"menu_order":0,"comment_status":"closed","ping_status":"closed","template":"page-templates\/category-products.php","meta":{"_acf_changed":false,"footnotes":""},"class_list":["post-4685","page","type-page","status-publish","has-post-thumbnail","hentry"],"acf":[],"yoast_head":"<!-- This site is optimized with the Yoast SEO Premium plugin v20.12 (Yoast SEO v27.3) - https:\/\/yoast.com\/product\/yoast-seo-premium-wordpress\/ -->\n<title>Stores verticaux -<\/title>\n<meta name=\"description\" content=\"Store ext\u00e9rieur vertical pour fen\u00eatres; baies vitr\u00e9es; v\u00e9randas. Sur mesure \u00e0 toutes surfaces vitr\u00e9es,avec ou sans coffre, choix du guidage et de toile\u2026\" \/>\n<meta name=\"robots\" content=\"index, follow, max-snippet:-1, max-image-preview:large, max-video-preview:-1\" \/>\n<link rel=\"canonical\" href=\"https:\/\/www.keoutdoordesign.com\/fr-fr\/stores-verticaux-et-screeny\/stores-verticaux\/\" \/>\n<meta property=\"og:locale\" content=\"fr_FR\" \/>\n<meta property=\"og:type\" content=\"article\" \/>\n<meta property=\"og:title\" content=\"Stores verticaux\" \/>\n<meta property=\"og:description\" content=\"Store ext\u00e9rieur vertical pour fen\u00eatres; baies vitr\u00e9es; v\u00e9randas. Sur mesure \u00e0 toutes surfaces vitr\u00e9es,avec ou sans coffre, choix du guidage et de toile\u2026\" \/>\n<meta property=\"og:url\" content=\"https:\/\/www.keoutdoordesign.com\/fr-fr\/stores-verticaux-et-screeny\/stores-verticaux\/\" \/>\n<meta property=\"og:site_name\" content=\"KE Outdoor Design\" \/>\n<meta property=\"article:publisher\" content=\"https:\/\/www.facebook.com\/keoutdoordesign.us\" \/>\n<meta property=\"article:modified_time\" content=\"2022-11-22T11:23:10+00:00\" \/>\n<meta property=\"og:image\" content=\"https:\/\/www.keoutdoordesign.com\/wp-content\/uploads\/2019\/06\/Image-Dickson.jpg\" \/>\n\t<meta property=\"og:image:width\" content=\"3983\" \/>\n\t<meta property=\"og:image:height\" content=\"2765\" \/>\n\t<meta property=\"og:image:type\" content=\"image\/jpeg\" \/>\n<meta name=\"twitter:card\" content=\"summary_large_image\" \/>\n<meta name=\"twitter:site\" content=\"@keoutdoordesign\" \/>\n<script type=\"application\/ld+json\" class=\"yoast-schema-graph\">{\"@context\":\"https:\\\/\\\/schema.org\",\"@graph\":[{\"@type\":\"WebPage\",\"@id\":\"https:\\\/\\\/www.keoutdoordesign.com\\\/fr-fr\\\/stores-verticaux-et-screeny\\\/stores-verticaux\\\/\",\"url\":\"https:\\\/\\\/www.keoutdoordesign.com\\\/fr-fr\\\/stores-verticaux-et-screeny\\\/stores-verticaux\\\/\",\"name\":\"Stores verticaux -\",\"isPartOf\":{\"@id\":\"https:\\\/\\\/www.keoutdoordesign.com\\\/it-it\\\/#website\"},\"primaryImageOfPage\":{\"@id\":\"https:\\\/\\\/www.keoutdoordesign.com\\\/fr-fr\\\/stores-verticaux-et-screeny\\\/stores-verticaux\\\/#primaryimage\"},\"image\":{\"@id\":\"https:\\\/\\\/www.keoutdoordesign.com\\\/fr-fr\\\/stores-verticaux-et-screeny\\\/stores-verticaux\\\/#primaryimage\"},\"thumbnailUrl\":\"https:\\\/\\\/www.keoutdoordesign.com\\\/wp-content\\\/uploads\\\/2019\\\/06\\\/Image-Dickson.jpg\",\"datePublished\":\"2019-06-07T09:48:04+00:00\",\"dateModified\":\"2022-11-22T11:23:10+00:00\",\"description\":\"Store ext\u00e9rieur vertical pour fen\u00eatres; baies vitr\u00e9es; v\u00e9randas. Sur mesure \u00e0 toutes surfaces vitr\u00e9es,avec ou sans coffre, choix du guidage et de toile\u2026\",\"breadcrumb\":{\"@id\":\"https:\\\/\\\/www.keoutdoordesign.com\\\/fr-fr\\\/stores-verticaux-et-screeny\\\/stores-verticaux\\\/#breadcrumb\"},\"inLanguage\":\"fr-FR\",\"potentialAction\":[{\"@type\":\"ReadAction\",\"target\":[\"https:\\\/\\\/www.keoutdoordesign.com\\\/fr-fr\\\/stores-verticaux-et-screeny\\\/stores-verticaux\\\/\"]}]},{\"@type\":\"ImageObject\",\"inLanguage\":\"fr-FR\",\"@id\":\"https:\\\/\\\/www.keoutdoordesign.com\\\/fr-fr\\\/stores-verticaux-et-screeny\\\/stores-verticaux\\\/#primaryimage\",\"url\":\"https:\\\/\\\/www.keoutdoordesign.com\\\/wp-content\\\/uploads\\\/2019\\\/06\\\/Image-Dickson.jpg\",\"contentUrl\":\"https:\\\/\\\/www.keoutdoordesign.com\\\/wp-content\\\/uploads\\\/2019\\\/06\\\/Image-Dickson.jpg\",\"width\":1920,\"height\":1333,\"caption\":\"Store vertical \u00e0 enroulement sans coffre id\u00e9al pour les petites et moyennes fen\u00eatres.\"},{\"@type\":\"BreadcrumbList\",\"@id\":\"https:\\\/\\\/www.keoutdoordesign.com\\\/fr-fr\\\/stores-verticaux-et-screeny\\\/stores-verticaux\\\/#breadcrumb\",\"itemListElement\":[{\"@type\":\"ListItem\",\"position\":1,\"name\":\"Home\",\"item\":\"https:\\\/\\\/www.keoutdoordesign.com\\\/fr-fr\\\/\"},{\"@type\":\"ListItem\",\"position\":2,\"name\":\"Stores verticaux et Screeny\",\"item\":\"https:\\\/\\\/www.keoutdoordesign.com\\\/fr-fr\\\/stores-verticaux-et-screeny\\\/\"},{\"@type\":\"ListItem\",\"position\":3,\"name\":\"Stores verticaux\"}]},{\"@type\":\"WebSite\",\"@id\":\"https:\\\/\\\/www.keoutdoordesign.com\\\/it-it\\\/#website\",\"url\":\"https:\\\/\\\/www.keoutdoordesign.com\\\/it-it\\\/\",\"name\":\"KE Outdoor Design\",\"description\":\"Un nuovo sito targato WordPress\",\"publisher\":{\"@id\":\"https:\\\/\\\/www.keoutdoordesign.com\\\/it-it\\\/#organization\"},\"potentialAction\":[{\"@type\":\"SearchAction\",\"target\":{\"@type\":\"EntryPoint\",\"urlTemplate\":\"https:\\\/\\\/www.keoutdoordesign.com\\\/it-it\\\/?s={search_term_string}\"},\"query-input\":{\"@type\":\"PropertyValueSpecification\",\"valueRequired\":true,\"valueName\":\"search_term_string\"}}],\"inLanguage\":\"fr-FR\"},{\"@type\":\"Organization\",\"@id\":\"https:\\\/\\\/www.keoutdoordesign.com\\\/it-it\\\/#organization\",\"name\":\"KE Outdoor Design\",\"url\":\"https:\\\/\\\/www.keoutdoordesign.com\\\/it-it\\\/\",\"logo\":{\"@type\":\"ImageObject\",\"inLanguage\":\"fr-FR\",\"@id\":\"https:\\\/\\\/www.keoutdoordesign.com\\\/it-it\\\/#\\\/schema\\\/logo\\\/image\\\/\",\"url\":\"https:\\\/\\\/www.keoutdoordesign.com\\\/wp-content\\\/uploads\\\/2020\\\/02\\\/KE-logo-Primary-e1591282842174.jpg\",\"contentUrl\":\"https:\\\/\\\/www.keoutdoordesign.com\\\/wp-content\\\/uploads\\\/2020\\\/02\\\/KE-logo-Primary-e1591282842174.jpg\",\"width\":500,\"height\":396,\"caption\":\"KE Outdoor Design\"},\"image\":{\"@id\":\"https:\\\/\\\/www.keoutdoordesign.com\\\/it-it\\\/#\\\/schema\\\/logo\\\/image\\\/\"},\"sameAs\":[\"https:\\\/\\\/www.facebook.com\\\/keoutdoordesign.us\",\"https:\\\/\\\/x.com\\\/keoutdoordesign\",\"https:\\\/\\\/www.facebook.com\\\/keoutdoordesign\",\"https:\\\/\\\/www.youtube.com\\\/channel\\\/UCSoMQryJpLqD53bAoZLg2Vg\",\"https:\\\/\\\/www.pinterest.it\\\/keoutdoordesign\\\/\",\"https:\\\/\\\/www.instagram.com\\\/keoutdoordesign\\\/\",\"https:\\\/\\\/www.linkedin.com\\\/company\\\/ke-outdoor-design\\\/\"]}]}<\/script>\n<!-- \/ Yoast SEO Premium plugin. -->","yoast_head_json":{"title":"Stores verticaux -","description":"Store ext\u00e9rieur vertical pour fen\u00eatres; baies vitr\u00e9es; v\u00e9randas. Sur mesure \u00e0 toutes surfaces vitr\u00e9es,avec ou sans coffre, choix du guidage et de toile\u2026","robots":{"index":"index","follow":"follow","max-snippet":"max-snippet:-1","max-image-preview":"max-image-preview:large","max-video-preview":"max-video-preview:-1"},"canonical":"https:\/\/www.keoutdoordesign.com\/fr-fr\/stores-verticaux-et-screeny\/stores-verticaux\/","og_locale":"fr_FR","og_type":"article","og_title":"Stores verticaux","og_description":"Store ext\u00e9rieur vertical pour fen\u00eatres; baies vitr\u00e9es; v\u00e9randas. Sur mesure \u00e0 toutes surfaces vitr\u00e9es,avec ou sans coffre, choix du guidage et de toile\u2026","og_url":"https:\/\/www.keoutdoordesign.com\/fr-fr\/stores-verticaux-et-screeny\/stores-verticaux\/","og_site_name":"KE Outdoor Design","article_publisher":"https:\/\/www.facebook.com\/keoutdoordesign.us","article_modified_time":"2022-11-22T11:23:10+00:00","og_image":[{"width":3983,"height":2765,"url":"https:\/\/www.keoutdoordesign.com\/wp-content\/uploads\/2019\/06\/Image-Dickson.jpg","type":"image\/jpeg"}],"twitter_card":"summary_large_image","twitter_site":"@keoutdoordesign","schema":{"@context":"https:\/\/schema.org","@graph":[{"@type":"WebPage","@id":"https:\/\/www.keoutdoordesign.com\/fr-fr\/stores-verticaux-et-screeny\/stores-verticaux\/","url":"https:\/\/www.keoutdoordesign.com\/fr-fr\/stores-verticaux-et-screeny\/stores-verticaux\/","name":"Stores verticaux -","isPartOf":{"@id":"https:\/\/www.keoutdoordesign.com\/it-it\/#website"},"primaryImageOfPage":{"@id":"https:\/\/www.keoutdoordesign.com\/fr-fr\/stores-verticaux-et-screeny\/stores-verticaux\/#primaryimage"},"image":{"@id":"https:\/\/www.keoutdoordesign.com\/fr-fr\/stores-verticaux-et-screeny\/stores-verticaux\/#primaryimage"},"thumbnailUrl":"https:\/\/www.keoutdoordesign.com\/wp-content\/uploads\/2019\/06\/Image-Dickson.jpg","datePublished":"2019-06-07T09:48:04+00:00","dateModified":"2022-11-22T11:23:10+00:00","description":"Store ext\u00e9rieur vertical pour fen\u00eatres; baies vitr\u00e9es; v\u00e9randas. Sur mesure \u00e0 toutes surfaces vitr\u00e9es,avec ou sans coffre, choix du guidage et de toile\u2026","breadcrumb":{"@id":"https:\/\/www.keoutdoordesign.com\/fr-fr\/stores-verticaux-et-screeny\/stores-verticaux\/#breadcrumb"},"inLanguage":"fr-FR","potentialAction":[{"@type":"ReadAction","target":["https:\/\/www.keoutdoordesign.com\/fr-fr\/stores-verticaux-et-screeny\/stores-verticaux\/"]}]},{"@type":"ImageObject","inLanguage":"fr-FR","@id":"https:\/\/www.keoutdoordesign.com\/fr-fr\/stores-verticaux-et-screeny\/stores-verticaux\/#primaryimage","url":"https:\/\/www.keoutdoordesign.com\/wp-content\/uploads\/2019\/06\/Image-Dickson.jpg","contentUrl":"https:\/\/www.keoutdoordesign.com\/wp-content\/uploads\/2019\/06\/Image-Dickson.jpg","width":1920,"height":1333,"caption":"Store vertical \u00e0 enroulement sans coffre id\u00e9al pour les petites et moyennes fen\u00eatres."},{"@type":"BreadcrumbList","@id":"https:\/\/www.keoutdoordesign.com\/fr-fr\/stores-verticaux-et-screeny\/stores-verticaux\/#breadcrumb","itemListElement":[{"@type":"ListItem","position":1,"name":"Home","item":"https:\/\/www.keoutdoordesign.com\/fr-fr\/"},{"@type":"ListItem","position":2,"name":"Stores verticaux et Screeny","item":"https:\/\/www.keoutdoordesign.com\/fr-fr\/stores-verticaux-et-screeny\/"},{"@type":"ListItem","position":3,"name":"Stores verticaux"}]},{"@type":"WebSite","@id":"https:\/\/www.keoutdoordesign.com\/it-it\/#website","url":"https:\/\/www.keoutdoordesign.com\/it-it\/","name":"KE Outdoor Design","description":"Un nuovo sito targato WordPress","publisher":{"@id":"https:\/\/www.keoutdoordesign.com\/it-it\/#organization"},"potentialAction":[{"@type":"SearchAction","target":{"@type":"EntryPoint","urlTemplate":"https:\/\/www.keoutdoordesign.com\/it-it\/?s={search_term_string}"},"query-input":{"@type":"PropertyValueSpecification","valueRequired":true,"valueName":"search_term_string"}}],"inLanguage":"fr-FR"},{"@type":"Organization","@id":"https:\/\/www.keoutdoordesign.com\/it-it\/#organization","name":"KE Outdoor Design","url":"https:\/\/www.keoutdoordesign.com\/it-it\/","logo":{"@type":"ImageObject","inLanguage":"fr-FR","@id":"https:\/\/www.keoutdoordesign.com\/it-it\/#\/schema\/logo\/image\/","url":"https:\/\/www.keoutdoordesign.com\/wp-content\/uploads\/2020\/02\/KE-logo-Primary-e1591282842174.jpg","contentUrl":"https:\/\/www.keoutdoordesign.com\/wp-content\/uploads\/2020\/02\/KE-logo-Primary-e1591282842174.jpg","width":500,"height":396,"caption":"KE Outdoor Design"},"image":{"@id":"https:\/\/www.keoutdoordesign.com\/it-it\/#\/schema\/logo\/image\/"},"sameAs":["https:\/\/www.facebook.com\/keoutdoordesign.us","https:\/\/x.com\/keoutdoordesign","https:\/\/www.facebook.com\/keoutdoordesign","https:\/\/www.youtube.com\/channel\/UCSoMQryJpLqD53bAoZLg2Vg","https:\/\/www.pinterest.it\/keoutdoordesign\/","https:\/\/www.instagram.com\/keoutdoordesign\/","https:\/\/www.linkedin.com\/company\/ke-outdoor-design\/"]}]}},"_links":{"self":[{"href":"https:\/\/www.keoutdoordesign.com\/fr-fr\/wp-json\/wp\/v2\/pages\/4685","targetHints":{"allow":["GET"]}}],"collection":[{"href":"https:\/\/www.keoutdoordesign.com\/fr-fr\/wp-json\/wp\/v2\/pages"}],"about":[{"href":"https:\/\/www.keoutdoordesign.com\/fr-fr\/wp-json\/wp\/v2\/types\/page"}],"author":[{"embeddable":true,"href":"https:\/\/www.keoutdoordesign.com\/fr-fr\/wp-json\/wp\/v2\/users\/10608"}],"replies":[{"embeddable":true,"href":"https:\/\/www.keoutdoordesign.com\/fr-fr\/wp-json\/wp\/v2\/comments?post=4685"}],"version-history":[{"count":10,"href":"https:\/\/www.keoutdoordesign.com\/fr-fr\/wp-json\/wp\/v2\/pages\/4685\/revisions"}],"predecessor-version":[{"id":53905,"href":"https:\/\/www.keoutdoordesign.com\/fr-fr\/wp-json\/wp\/v2\/pages\/4685\/revisions\/53905"}],"up":[{"embeddable":true,"href":"https:\/\/www.keoutdoordesign.com\/fr-fr\/wp-json\/wp\/v2\/pages\/4683"}],"wp:featuredmedia":[{"embeddable":true,"href":"https:\/\/www.keoutdoordesign.com\/fr-fr\/wp-json\/wp\/v2\/media\/7027"}],"wp:attachment":[{"href":"https:\/\/www.keoutdoordesign.com\/fr-fr\/wp-json\/wp\/v2\/media?parent=4685"}],"curies":[{"name":"wp","href":"https:\/\/api.w.org\/{rel}","templated":true}]}}