{"id":4683,"date":"2019-06-07T11:46:31","date_gmt":"2019-06-07T09:46:31","guid":{"rendered":"http:\/\/ke.localhost.it\/?page_id=4683"},"modified":"2022-11-22T14:27:35","modified_gmt":"2022-11-22T13:27:35","slug":"stores-verticaux-et-screeny","status":"publish","type":"page","link":"https:\/\/www.keoutdoordesign.com\/fr-fr\/stores-verticaux-et-screeny\/","title":{"rendered":"Stores verticaux et Screeny"},"content":{"rendered":"<p>&nbsp;<\/p>\n<p>Comment vous prot\u00e9ger de la chaleur du soleil tout en profitant de la luminosit\u00e9 ext\u00e9rieure ? Les <strong>stores verticaux ext\u00e9rieurs sur mesure<\/strong>\u00a0sont la meilleure solution pour vos portes, fen\u00eatres et baies vitr\u00e9es.<\/p>\n<p>Ils permettent de concevoir vos espaces d\u2019habitation selon les principes du \u00ab daylighting \u00bb, la culture de la <b>conception architecturale ouverte \u00e0 la lumi\u00e8re<\/b>.<\/p>\n<p>Nous avons plusieurs types de stores verticaux\u00a0:<\/p>\n<ul>\n<li style=\"text-align: left;\">Store vertical<\/li>\n<li style=\"text-align: left;\">Screeny<\/li>\n<\/ul>\n<p>Alors que les<a href=\"\/?page_id=4686\"> Screeny<\/a> poss\u00e8dent tout les modes de guidage possibles (y compris coulisses zip), parmi les <a href=\"\/?page_id=4685\">stores verticaux standards<\/a> seul le Tensionata poss\u00e8de une toile tenue lat\u00e9ralement par des coulisses zip et un syst\u00e8me \u00e0 ressort qui lui offre une grande r\u00e9sistance. La Bannette et le Camanoe, quant \u00e0 eux, sont disponibles en guidage c\u00e2bles (de s\u00e9rie), la mise en version coulisses et conducteur est en option. Le Guidage par <b>coulisse Zip<\/b> permet de <b>supprimer le jour existant entre la toile et le mode de guidage<\/b> dans les autres versions.<\/p>\n<p>Aussi les <strong>stores verticaux ext\u00e9rieurs sur mesure<\/strong>\u00a0sont sources d\u2019\u00e9conomies d\u2019\u00e9nergie\u00a0:<\/p>\n<p>Avec un r\u00f4le de store anti chaleur: ils prot\u00e8gent les pi\u00e8ces de la chaleur directe du soleil et en cela conserve toute la fra\u00eecheur sans avoir \u00e0 utiliser la climatisation.\u00a0Ils modulent l\u2019entr\u00e9e de la lumi\u00e8re naturelle pour plus d\u2019efficacit\u00e9 et de confort.<\/p>\n<p>Dot\u00e9s ou non d\u2019un coffre, les\u00a0<strong>stores enrouleurs Screeny <\/strong> se diff\u00e9rencient par leur design. Ils arborent une esth\u00e9tique minimaliste intemporelle qui r\u00e9pond \u00e0 de nombreux types de construction et compatibles avec toutes les dimensions d\u2019entr\u00e9es vitr\u00e9es. Ils conviennent aussi bien aux maisons individuelles \u2013 contemporaines ou classiques \u2013 qu\u2019aux b\u00e2timents commerciaux les plus modernes o\u00f9 le store se doit d\u2019avoir l\u2019impact visuel le plus r\u00e9duit.<\/p>\n<p>&nbsp;<\/p>\n<p>&nbsp;<\/p>\n","protected":false},"excerpt":{"rendered":"<p>&nbsp; Comment vous prot\u00e9ger de la chaleur du soleil tout en profitant de la luminosit\u00e9 ext\u00e9rieure ? Les stores verticaux&hellip;<\/p>\n","protected":false},"author":10608,"featured_media":2049,"parent":0,"menu_order":49,"comment_status":"closed","ping_status":"closed","template":"page-templates\/category-subcategories.php","meta":{"_acf_changed":false,"footnotes":""},"class_list":["post-4683","page","type-page","status-publish","has-post-thumbnail","hentry"],"acf":[],"yoast_head":"<!-- This site is optimized with the Yoast SEO Premium plugin v20.12 (Yoast SEO v27.4) - https:\/\/yoast.com\/product\/yoast-seo-premium-wordpress\/ -->\n<title>Stores verticaux et Screeny -<\/title>\n<meta name=\"description\" content=\"Stores ext\u00e9rieurs verticaux sur mesure: anti chaleur, ne laissant entrer que la lumi\u00e8re dans vos pi\u00e8ces.. Diff\u00e9rents mod\u00e8les existent. Toutes tailles et\u2026\" \/>\n<meta name=\"robots\" content=\"index, follow, max-snippet:-1, max-image-preview:large, max-video-preview:-1\" \/>\n<link rel=\"canonical\" href=\"https:\/\/www.keoutdoordesign.com\/fr-fr\/stores-verticaux-et-screeny\/\" \/>\n<meta property=\"og:locale\" content=\"fr_FR\" \/>\n<meta property=\"og:type\" content=\"article\" \/>\n<meta property=\"og:title\" content=\"Stores verticaux et Screeny\" \/>\n<meta property=\"og:description\" content=\"Stores ext\u00e9rieurs verticaux sur mesure: anti chaleur, ne laissant entrer que la lumi\u00e8re dans vos pi\u00e8ces.. Diff\u00e9rents mod\u00e8les existent. Toutes tailles et\u2026\" \/>\n<meta property=\"og:url\" content=\"https:\/\/www.keoutdoordesign.com\/fr-fr\/stores-verticaux-et-screeny\/\" \/>\n<meta property=\"og:site_name\" content=\"KE Outdoor Design\" \/>\n<meta property=\"article:publisher\" content=\"https:\/\/www.facebook.com\/keoutdoordesign.us\" \/>\n<meta property=\"article:modified_time\" content=\"2022-11-22T13:27:35+00:00\" \/>\n<meta property=\"og:image\" content=\"https:\/\/www.keoutdoordesign.com\/wp-content\/uploads\/2019\/05\/ke_outdoor_design_tende_a_rullo_screeny_110_GPZ_tens_T_S60_TO_1.jpg\" \/>\n\t<meta property=\"og:image:width\" content=\"2000\" \/>\n\t<meta property=\"og:image:height\" content=\"1333\" \/>\n\t<meta property=\"og:image:type\" content=\"image\/jpeg\" \/>\n<meta name=\"twitter:card\" content=\"summary_large_image\" \/>\n<meta name=\"twitter:site\" content=\"@keoutdoordesign\" \/>\n<script type=\"application\/ld+json\" class=\"yoast-schema-graph\">{\"@context\":\"https:\\\/\\\/schema.org\",\"@graph\":[{\"@type\":\"WebPage\",\"@id\":\"https:\\\/\\\/www.keoutdoordesign.com\\\/fr-fr\\\/stores-verticaux-et-screeny\\\/\",\"url\":\"https:\\\/\\\/www.keoutdoordesign.com\\\/fr-fr\\\/stores-verticaux-et-screeny\\\/\",\"name\":\"Stores verticaux et Screeny -\",\"isPartOf\":{\"@id\":\"https:\\\/\\\/www.keoutdoordesign.com\\\/it-it\\\/#website\"},\"primaryImageOfPage\":{\"@id\":\"https:\\\/\\\/www.keoutdoordesign.com\\\/fr-fr\\\/stores-verticaux-et-screeny\\\/#primaryimage\"},\"image\":{\"@id\":\"https:\\\/\\\/www.keoutdoordesign.com\\\/fr-fr\\\/stores-verticaux-et-screeny\\\/#primaryimage\"},\"thumbnailUrl\":\"https:\\\/\\\/www.keoutdoordesign.com\\\/wp-content\\\/uploads\\\/2019\\\/05\\\/ke_outdoor_design_tende_a_rullo_screeny_110_GPZ_tens_T_S60_TO_1.jpg\",\"datePublished\":\"2019-06-07T09:46:31+00:00\",\"dateModified\":\"2022-11-22T13:27:35+00:00\",\"description\":\"Stores ext\u00e9rieurs verticaux sur mesure: anti chaleur, ne laissant entrer que la lumi\u00e8re dans vos pi\u00e8ces.. Diff\u00e9rents mod\u00e8les existent. Toutes tailles et\u2026\",\"breadcrumb\":{\"@id\":\"https:\\\/\\\/www.keoutdoordesign.com\\\/fr-fr\\\/stores-verticaux-et-screeny\\\/#breadcrumb\"},\"inLanguage\":\"fr-FR\",\"potentialAction\":[{\"@type\":\"ReadAction\",\"target\":[\"https:\\\/\\\/www.keoutdoordesign.com\\\/fr-fr\\\/stores-verticaux-et-screeny\\\/\"]}]},{\"@type\":\"ImageObject\",\"inLanguage\":\"fr-FR\",\"@id\":\"https:\\\/\\\/www.keoutdoordesign.com\\\/fr-fr\\\/stores-verticaux-et-screeny\\\/#primaryimage\",\"url\":\"https:\\\/\\\/www.keoutdoordesign.com\\\/wp-content\\\/uploads\\\/2019\\\/05\\\/ke_outdoor_design_tende_a_rullo_screeny_110_GPZ_tens_T_S60_TO_1.jpg\",\"contentUrl\":\"https:\\\/\\\/www.keoutdoordesign.com\\\/wp-content\\\/uploads\\\/2019\\\/05\\\/ke_outdoor_design_tende_a_rullo_screeny_110_GPZ_tens_T_S60_TO_1.jpg\",\"width\":2000,\"height\":1333,\"caption\":\"store-verticaux-exterieurs-sur-mesure\"},{\"@type\":\"BreadcrumbList\",\"@id\":\"https:\\\/\\\/www.keoutdoordesign.com\\\/fr-fr\\\/stores-verticaux-et-screeny\\\/#breadcrumb\",\"itemListElement\":[{\"@type\":\"ListItem\",\"position\":1,\"name\":\"Home\",\"item\":\"https:\\\/\\\/www.keoutdoordesign.com\\\/fr-fr\\\/\"},{\"@type\":\"ListItem\",\"position\":2,\"name\":\"Stores verticaux et Screeny\"}]},{\"@type\":\"WebSite\",\"@id\":\"https:\\\/\\\/www.keoutdoordesign.com\\\/it-it\\\/#website\",\"url\":\"https:\\\/\\\/www.keoutdoordesign.com\\\/it-it\\\/\",\"name\":\"KE Outdoor Design\",\"description\":\"Un nuovo sito targato WordPress\",\"publisher\":{\"@id\":\"https:\\\/\\\/www.keoutdoordesign.com\\\/it-it\\\/#organization\"},\"potentialAction\":[{\"@type\":\"SearchAction\",\"target\":{\"@type\":\"EntryPoint\",\"urlTemplate\":\"https:\\\/\\\/www.keoutdoordesign.com\\\/it-it\\\/?s={search_term_string}\"},\"query-input\":{\"@type\":\"PropertyValueSpecification\",\"valueRequired\":true,\"valueName\":\"search_term_string\"}}],\"inLanguage\":\"fr-FR\"},{\"@type\":\"Organization\",\"@id\":\"https:\\\/\\\/www.keoutdoordesign.com\\\/it-it\\\/#organization\",\"name\":\"KE Outdoor Design\",\"url\":\"https:\\\/\\\/www.keoutdoordesign.com\\\/it-it\\\/\",\"logo\":{\"@type\":\"ImageObject\",\"inLanguage\":\"fr-FR\",\"@id\":\"https:\\\/\\\/www.keoutdoordesign.com\\\/it-it\\\/#\\\/schema\\\/logo\\\/image\\\/\",\"url\":\"https:\\\/\\\/www.keoutdoordesign.com\\\/wp-content\\\/uploads\\\/2020\\\/02\\\/KE-logo-Primary-e1591282842174.jpg\",\"contentUrl\":\"https:\\\/\\\/www.keoutdoordesign.com\\\/wp-content\\\/uploads\\\/2020\\\/02\\\/KE-logo-Primary-e1591282842174.jpg\",\"width\":500,\"height\":396,\"caption\":\"KE Outdoor Design\"},\"image\":{\"@id\":\"https:\\\/\\\/www.keoutdoordesign.com\\\/it-it\\\/#\\\/schema\\\/logo\\\/image\\\/\"},\"sameAs\":[\"https:\\\/\\\/www.facebook.com\\\/keoutdoordesign.us\",\"https:\\\/\\\/x.com\\\/keoutdoordesign\",\"https:\\\/\\\/www.facebook.com\\\/keoutdoordesign\",\"https:\\\/\\\/www.youtube.com\\\/channel\\\/UCSoMQryJpLqD53bAoZLg2Vg\",\"https:\\\/\\\/www.pinterest.it\\\/keoutdoordesign\\\/\",\"https:\\\/\\\/www.instagram.com\\\/keoutdoordesign\\\/\",\"https:\\\/\\\/www.linkedin.com\\\/company\\\/ke-outdoor-design\\\/\"]}]}<\/script>\n<!-- \/ Yoast SEO Premium plugin. -->","yoast_head_json":{"title":"Stores verticaux et Screeny -","description":"Stores ext\u00e9rieurs verticaux sur mesure: anti chaleur, ne laissant entrer que la lumi\u00e8re dans vos pi\u00e8ces.. Diff\u00e9rents mod\u00e8les existent. Toutes tailles et\u2026","robots":{"index":"index","follow":"follow","max-snippet":"max-snippet:-1","max-image-preview":"max-image-preview:large","max-video-preview":"max-video-preview:-1"},"canonical":"https:\/\/www.keoutdoordesign.com\/fr-fr\/stores-verticaux-et-screeny\/","og_locale":"fr_FR","og_type":"article","og_title":"Stores verticaux et Screeny","og_description":"Stores ext\u00e9rieurs verticaux sur mesure: anti chaleur, ne laissant entrer que la lumi\u00e8re dans vos pi\u00e8ces.. Diff\u00e9rents mod\u00e8les existent. Toutes tailles et\u2026","og_url":"https:\/\/www.keoutdoordesign.com\/fr-fr\/stores-verticaux-et-screeny\/","og_site_name":"KE Outdoor Design","article_publisher":"https:\/\/www.facebook.com\/keoutdoordesign.us","article_modified_time":"2022-11-22T13:27:35+00:00","og_image":[{"width":2000,"height":1333,"url":"https:\/\/www.keoutdoordesign.com\/wp-content\/uploads\/2019\/05\/ke_outdoor_design_tende_a_rullo_screeny_110_GPZ_tens_T_S60_TO_1.jpg","type":"image\/jpeg"}],"twitter_card":"summary_large_image","twitter_site":"@keoutdoordesign","schema":{"@context":"https:\/\/schema.org","@graph":[{"@type":"WebPage","@id":"https:\/\/www.keoutdoordesign.com\/fr-fr\/stores-verticaux-et-screeny\/","url":"https:\/\/www.keoutdoordesign.com\/fr-fr\/stores-verticaux-et-screeny\/","name":"Stores verticaux et Screeny -","isPartOf":{"@id":"https:\/\/www.keoutdoordesign.com\/it-it\/#website"},"primaryImageOfPage":{"@id":"https:\/\/www.keoutdoordesign.com\/fr-fr\/stores-verticaux-et-screeny\/#primaryimage"},"image":{"@id":"https:\/\/www.keoutdoordesign.com\/fr-fr\/stores-verticaux-et-screeny\/#primaryimage"},"thumbnailUrl":"https:\/\/www.keoutdoordesign.com\/wp-content\/uploads\/2019\/05\/ke_outdoor_design_tende_a_rullo_screeny_110_GPZ_tens_T_S60_TO_1.jpg","datePublished":"2019-06-07T09:46:31+00:00","dateModified":"2022-11-22T13:27:35+00:00","description":"Stores ext\u00e9rieurs verticaux sur mesure: anti chaleur, ne laissant entrer que la lumi\u00e8re dans vos pi\u00e8ces.. Diff\u00e9rents mod\u00e8les existent. Toutes tailles et\u2026","breadcrumb":{"@id":"https:\/\/www.keoutdoordesign.com\/fr-fr\/stores-verticaux-et-screeny\/#breadcrumb"},"inLanguage":"fr-FR","potentialAction":[{"@type":"ReadAction","target":["https:\/\/www.keoutdoordesign.com\/fr-fr\/stores-verticaux-et-screeny\/"]}]},{"@type":"ImageObject","inLanguage":"fr-FR","@id":"https:\/\/www.keoutdoordesign.com\/fr-fr\/stores-verticaux-et-screeny\/#primaryimage","url":"https:\/\/www.keoutdoordesign.com\/wp-content\/uploads\/2019\/05\/ke_outdoor_design_tende_a_rullo_screeny_110_GPZ_tens_T_S60_TO_1.jpg","contentUrl":"https:\/\/www.keoutdoordesign.com\/wp-content\/uploads\/2019\/05\/ke_outdoor_design_tende_a_rullo_screeny_110_GPZ_tens_T_S60_TO_1.jpg","width":2000,"height":1333,"caption":"store-verticaux-exterieurs-sur-mesure"},{"@type":"BreadcrumbList","@id":"https:\/\/www.keoutdoordesign.com\/fr-fr\/stores-verticaux-et-screeny\/#breadcrumb","itemListElement":[{"@type":"ListItem","position":1,"name":"Home","item":"https:\/\/www.keoutdoordesign.com\/fr-fr\/"},{"@type":"ListItem","position":2,"name":"Stores verticaux et Screeny"}]},{"@type":"WebSite","@id":"https:\/\/www.keoutdoordesign.com\/it-it\/#website","url":"https:\/\/www.keoutdoordesign.com\/it-it\/","name":"KE Outdoor Design","description":"Un nuovo sito targato WordPress","publisher":{"@id":"https:\/\/www.keoutdoordesign.com\/it-it\/#organization"},"potentialAction":[{"@type":"SearchAction","target":{"@type":"EntryPoint","urlTemplate":"https:\/\/www.keoutdoordesign.com\/it-it\/?s={search_term_string}"},"query-input":{"@type":"PropertyValueSpecification","valueRequired":true,"valueName":"search_term_string"}}],"inLanguage":"fr-FR"},{"@type":"Organization","@id":"https:\/\/www.keoutdoordesign.com\/it-it\/#organization","name":"KE Outdoor Design","url":"https:\/\/www.keoutdoordesign.com\/it-it\/","logo":{"@type":"ImageObject","inLanguage":"fr-FR","@id":"https:\/\/www.keoutdoordesign.com\/it-it\/#\/schema\/logo\/image\/","url":"https:\/\/www.keoutdoordesign.com\/wp-content\/uploads\/2020\/02\/KE-logo-Primary-e1591282842174.jpg","contentUrl":"https:\/\/www.keoutdoordesign.com\/wp-content\/uploads\/2020\/02\/KE-logo-Primary-e1591282842174.jpg","width":500,"height":396,"caption":"KE Outdoor Design"},"image":{"@id":"https:\/\/www.keoutdoordesign.com\/it-it\/#\/schema\/logo\/image\/"},"sameAs":["https:\/\/www.facebook.com\/keoutdoordesign.us","https:\/\/x.com\/keoutdoordesign","https:\/\/www.facebook.com\/keoutdoordesign","https:\/\/www.youtube.com\/channel\/UCSoMQryJpLqD53bAoZLg2Vg","https:\/\/www.pinterest.it\/keoutdoordesign\/","https:\/\/www.instagram.com\/keoutdoordesign\/","https:\/\/www.linkedin.com\/company\/ke-outdoor-design\/"]}]}},"_links":{"self":[{"href":"https:\/\/www.keoutdoordesign.com\/fr-fr\/wp-json\/wp\/v2\/pages\/4683","targetHints":{"allow":["GET"]}}],"collection":[{"href":"https:\/\/www.keoutdoordesign.com\/fr-fr\/wp-json\/wp\/v2\/pages"}],"about":[{"href":"https:\/\/www.keoutdoordesign.com\/fr-fr\/wp-json\/wp\/v2\/types\/page"}],"author":[{"embeddable":true,"href":"https:\/\/www.keoutdoordesign.com\/fr-fr\/wp-json\/wp\/v2\/users\/10608"}],"replies":[{"embeddable":true,"href":"https:\/\/www.keoutdoordesign.com\/fr-fr\/wp-json\/wp\/v2\/comments?post=4683"}],"version-history":[{"count":12,"href":"https:\/\/www.keoutdoordesign.com\/fr-fr\/wp-json\/wp\/v2\/pages\/4683\/revisions"}],"predecessor-version":[{"id":53935,"href":"https:\/\/www.keoutdoordesign.com\/fr-fr\/wp-json\/wp\/v2\/pages\/4683\/revisions\/53935"}],"wp:featuredmedia":[{"embeddable":true,"href":"https:\/\/www.keoutdoordesign.com\/fr-fr\/wp-json\/wp\/v2\/media\/2049"}],"wp:attachment":[{"href":"https:\/\/www.keoutdoordesign.com\/fr-fr\/wp-json\/wp\/v2\/media?parent=4683"}],"curies":[{"name":"wp","href":"https:\/\/api.w.org\/{rel}","templated":true}]}}