{"id":4666,"date":"2019-06-07T11:29:48","date_gmt":"2019-06-07T09:29:48","guid":{"rendered":"http:\/\/ke.localhost.it\/stores-exterieurs\/store-veranda-pergola\/veranda-plus\/"},"modified":"2026-04-09T13:42:56","modified_gmt":"2026-04-09T11:42:56","slug":"veranda-plus","status":"publish","type":"page","link":"https:\/\/www.keoutdoordesign.com\/fr-fr\/stores-exterieurs\/store-veranda-pergola\/veranda-plus\/","title":{"rendered":"Veranda Plus"},"content":{"rendered":"<p><b>Une v\u00e9ritable tonnelle adoss\u00e9e sur mesure avec toit ouvrant id\u00e9al pour cr\u00e9er une v\u00e9randa ouverte.\u00a0<\/b><\/p>\n<p>Un store v\u00e9randa avec toit ouvrant et toile coulissante prot\u00e9g\u00e9e par son coffre. Ses grandes dimensions permettent la cr\u00e9ation d&rsquo;espaces volumineux. Id\u00e9al pour cr\u00e9er de nouveaux espaces ext\u00e9rieurs en restauration.<\/p>\n<p>Cr\u00e9er sur votre terrasse une tonnelle adoss\u00e9e sur mesure pratique et fonctionnel n&rsquo;a jamais \u00e9t\u00e9 aussi simple.<\/p>\n<h4><span style=\"text-decoration: underline;\"><strong>Avantages :\u00a0<\/strong><\/span><\/h4>\n<p>Store \u00e0 coffre : &#8211;<\/p>\n<ul>\n<li>Coffre enti\u00e8rement dissimul\u00e9<\/li>\n<li>Syst\u00e8me id\u00e9al pour la couverture de terrasses, v\u00e9randas et attiques<\/li>\n<li>Mise sur pieds possible<\/li>\n<li>Possibilit\u00e9 d&rsquo;int\u00e9grer une traverse qui unit les deux colonnes<\/li>\n<li>Design moderne<\/li>\n<\/ul>\n<p>Autre mod\u00e8le sur pied : l&rsquo;<a href=\"https:\/\/www.keoutdoordesign.com\/fr-fr\/stores-exterieurs\/store-veranda-pergola\/hydrae-plus\/\">Hydrae Plus<\/a><\/p>\n<p>Possibilit\u00e9 d&rsquo;opter pour une motorisation Somfy : <a href=\"https:\/\/www.somfy.fr\/produits\/terrasse\/verandas\">store v\u00e9randa somfy<\/a>.<\/p>\n","protected":false},"excerpt":{"rendered":"<p>Une v\u00e9ritable tonnelle adoss\u00e9e sur mesure avec toit ouvrant id\u00e9al pour cr\u00e9er une v\u00e9randa ouverte.\u00a0 Un store v\u00e9randa avec toit&hellip;<\/p>\n","protected":false},"author":10608,"featured_media":65578,"parent":4616,"menu_order":7,"comment_status":"closed","ping_status":"closed","template":"page-templates\/product.php","meta":{"_acf_changed":false,"footnotes":""},"class_list":["post-4666","page","type-page","status-publish","has-post-thumbnail","hentry"],"acf":[],"yoast_head":"<!-- This site is optimized with the Yoast SEO Premium plugin v20.12 (Yoast SEO v27.3) - https:\/\/yoast.com\/product\/yoast-seo-premium-wordpress\/ -->\n<title>Store sur pieds Veranda Plus - KE Outdoor Design<\/title>\n<meta name=\"description\" content=\"Store sur pieds adoss\u00e9 sur mesure en aluminium pour cr\u00e9er un espace semi couvert unique. Grande taille : 10x5M. R\u00e9sistance au vent classe 2.\" \/>\n<meta name=\"robots\" content=\"index, follow, max-snippet:-1, max-image-preview:large, max-video-preview:-1\" \/>\n<link rel=\"canonical\" href=\"https:\/\/www.keoutdoordesign.com\/fr-fr\/stores-exterieurs\/store-veranda-pergola\/veranda-plus\/\" \/>\n<meta property=\"og:locale\" content=\"fr_FR\" \/>\n<meta property=\"og:type\" content=\"article\" \/>\n<meta property=\"og:title\" content=\"Veranda Plus\" \/>\n<meta property=\"og:description\" content=\"Store sur pieds adoss\u00e9 sur mesure en aluminium pour cr\u00e9er un espace semi couvert unique. Grande taille : 10x5M. R\u00e9sistance au vent classe 2.\" \/>\n<meta property=\"og:url\" content=\"https:\/\/www.keoutdoordesign.com\/fr-fr\/stores-exterieurs\/store-veranda-pergola\/veranda-plus\/\" \/>\n<meta property=\"og:site_name\" content=\"KE Outdoor Design\" \/>\n<meta property=\"article:publisher\" content=\"https:\/\/www.facebook.com\/keoutdoordesign.us\" \/>\n<meta property=\"article:modified_time\" content=\"2026-04-09T11:42:56+00:00\" \/>\n<meta property=\"og:image\" content=\"https:\/\/www.keoutdoordesign.com\/wp-content\/uploads\/2024\/01\/Store-sur-pieds-Veranda-plus-KE.jpg\" \/>\n\t<meta property=\"og:image:width\" content=\"1920\" \/>\n\t<meta property=\"og:image:height\" content=\"1080\" \/>\n\t<meta property=\"og:image:type\" content=\"image\/jpeg\" \/>\n<meta name=\"twitter:card\" content=\"summary_large_image\" \/>\n<meta name=\"twitter:site\" content=\"@keoutdoordesign\" \/>\n<script type=\"application\/ld+json\" class=\"yoast-schema-graph\">{\"@context\":\"https:\\\/\\\/schema.org\",\"@graph\":[{\"@type\":\"WebPage\",\"@id\":\"https:\\\/\\\/www.keoutdoordesign.com\\\/fr-fr\\\/stores-exterieurs\\\/store-veranda-pergola\\\/veranda-plus\\\/\",\"url\":\"https:\\\/\\\/www.keoutdoordesign.com\\\/fr-fr\\\/stores-exterieurs\\\/store-veranda-pergola\\\/veranda-plus\\\/\",\"name\":\"Store sur pieds Veranda Plus - KE Outdoor Design\",\"isPartOf\":{\"@id\":\"https:\\\/\\\/www.keoutdoordesign.com\\\/it-it\\\/#website\"},\"primaryImageOfPage\":{\"@id\":\"https:\\\/\\\/www.keoutdoordesign.com\\\/fr-fr\\\/stores-exterieurs\\\/store-veranda-pergola\\\/veranda-plus\\\/#primaryimage\"},\"image\":{\"@id\":\"https:\\\/\\\/www.keoutdoordesign.com\\\/fr-fr\\\/stores-exterieurs\\\/store-veranda-pergola\\\/veranda-plus\\\/#primaryimage\"},\"thumbnailUrl\":\"https:\\\/\\\/www.keoutdoordesign.com\\\/wp-content\\\/uploads\\\/2024\\\/01\\\/Store-sur-pieds-Veranda-plus-KE.jpg\",\"datePublished\":\"2019-06-07T09:29:48+00:00\",\"dateModified\":\"2026-04-09T11:42:56+00:00\",\"description\":\"Store sur pieds adoss\u00e9 sur mesure en aluminium pour cr\u00e9er un espace semi couvert unique. Grande taille : 10x5M. R\u00e9sistance au vent classe 2.\",\"breadcrumb\":{\"@id\":\"https:\\\/\\\/www.keoutdoordesign.com\\\/fr-fr\\\/stores-exterieurs\\\/store-veranda-pergola\\\/veranda-plus\\\/#breadcrumb\"},\"inLanguage\":\"fr-FR\",\"potentialAction\":[{\"@type\":\"ReadAction\",\"target\":[\"https:\\\/\\\/www.keoutdoordesign.com\\\/fr-fr\\\/stores-exterieurs\\\/store-veranda-pergola\\\/veranda-plus\\\/\"]}]},{\"@type\":\"ImageObject\",\"inLanguage\":\"fr-FR\",\"@id\":\"https:\\\/\\\/www.keoutdoordesign.com\\\/fr-fr\\\/stores-exterieurs\\\/store-veranda-pergola\\\/veranda-plus\\\/#primaryimage\",\"url\":\"https:\\\/\\\/www.keoutdoordesign.com\\\/wp-content\\\/uploads\\\/2024\\\/01\\\/Store-sur-pieds-Veranda-plus-KE.jpg\",\"contentUrl\":\"https:\\\/\\\/www.keoutdoordesign.com\\\/wp-content\\\/uploads\\\/2024\\\/01\\\/Store-sur-pieds-Veranda-plus-KE.jpg\",\"width\":1920,\"height\":1080,\"caption\":\"Store sur pieds adoss\u00e9 adapt\u00e9 pour cr\u00e9er un espace prot\u00e9g\u00e9 sur sa terrasse ou son balcon.\"},{\"@type\":\"BreadcrumbList\",\"@id\":\"https:\\\/\\\/www.keoutdoordesign.com\\\/fr-fr\\\/stores-exterieurs\\\/store-veranda-pergola\\\/veranda-plus\\\/#breadcrumb\",\"itemListElement\":[{\"@type\":\"ListItem\",\"position\":1,\"name\":\"Home\",\"item\":\"https:\\\/\\\/www.keoutdoordesign.com\\\/fr-fr\\\/\"},{\"@type\":\"ListItem\",\"position\":2,\"name\":\"Stores ext\u00e9rieurs sur mesure\",\"item\":\"https:\\\/\\\/www.keoutdoordesign.com\\\/fr-fr\\\/stores-exterieurs\\\/\"},{\"@type\":\"ListItem\",\"position\":3,\"name\":\"Stores Veranda &#038; Pergola\",\"item\":\"https:\\\/\\\/www.keoutdoordesign.com\\\/fr-fr\\\/stores-exterieurs\\\/store-veranda-pergola\\\/\"},{\"@type\":\"ListItem\",\"position\":4,\"name\":\"Veranda Plus\"}]},{\"@type\":\"WebSite\",\"@id\":\"https:\\\/\\\/www.keoutdoordesign.com\\\/it-it\\\/#website\",\"url\":\"https:\\\/\\\/www.keoutdoordesign.com\\\/it-it\\\/\",\"name\":\"KE Outdoor Design\",\"description\":\"Un nuovo sito targato WordPress\",\"publisher\":{\"@id\":\"https:\\\/\\\/www.keoutdoordesign.com\\\/it-it\\\/#organization\"},\"potentialAction\":[{\"@type\":\"SearchAction\",\"target\":{\"@type\":\"EntryPoint\",\"urlTemplate\":\"https:\\\/\\\/www.keoutdoordesign.com\\\/it-it\\\/?s={search_term_string}\"},\"query-input\":{\"@type\":\"PropertyValueSpecification\",\"valueRequired\":true,\"valueName\":\"search_term_string\"}}],\"inLanguage\":\"fr-FR\"},{\"@type\":\"Organization\",\"@id\":\"https:\\\/\\\/www.keoutdoordesign.com\\\/it-it\\\/#organization\",\"name\":\"KE Outdoor Design\",\"url\":\"https:\\\/\\\/www.keoutdoordesign.com\\\/it-it\\\/\",\"logo\":{\"@type\":\"ImageObject\",\"inLanguage\":\"fr-FR\",\"@id\":\"https:\\\/\\\/www.keoutdoordesign.com\\\/it-it\\\/#\\\/schema\\\/logo\\\/image\\\/\",\"url\":\"https:\\\/\\\/www.keoutdoordesign.com\\\/wp-content\\\/uploads\\\/2020\\\/02\\\/KE-logo-Primary-e1591282842174.jpg\",\"contentUrl\":\"https:\\\/\\\/www.keoutdoordesign.com\\\/wp-content\\\/uploads\\\/2020\\\/02\\\/KE-logo-Primary-e1591282842174.jpg\",\"width\":500,\"height\":396,\"caption\":\"KE Outdoor Design\"},\"image\":{\"@id\":\"https:\\\/\\\/www.keoutdoordesign.com\\\/it-it\\\/#\\\/schema\\\/logo\\\/image\\\/\"},\"sameAs\":[\"https:\\\/\\\/www.facebook.com\\\/keoutdoordesign.us\",\"https:\\\/\\\/x.com\\\/keoutdoordesign\",\"https:\\\/\\\/www.facebook.com\\\/keoutdoordesign\",\"https:\\\/\\\/www.youtube.com\\\/channel\\\/UCSoMQryJpLqD53bAoZLg2Vg\",\"https:\\\/\\\/www.pinterest.it\\\/keoutdoordesign\\\/\",\"https:\\\/\\\/www.instagram.com\\\/keoutdoordesign\\\/\",\"https:\\\/\\\/www.linkedin.com\\\/company\\\/ke-outdoor-design\\\/\"]}]}<\/script>\n<!-- \/ Yoast SEO Premium plugin. -->","yoast_head_json":{"title":"Store sur pieds Veranda Plus - KE Outdoor Design","description":"Store sur pieds adoss\u00e9 sur mesure en aluminium pour cr\u00e9er un espace semi couvert unique. Grande taille : 10x5M. R\u00e9sistance au vent classe 2.","robots":{"index":"index","follow":"follow","max-snippet":"max-snippet:-1","max-image-preview":"max-image-preview:large","max-video-preview":"max-video-preview:-1"},"canonical":"https:\/\/www.keoutdoordesign.com\/fr-fr\/stores-exterieurs\/store-veranda-pergola\/veranda-plus\/","og_locale":"fr_FR","og_type":"article","og_title":"Veranda Plus","og_description":"Store sur pieds adoss\u00e9 sur mesure en aluminium pour cr\u00e9er un espace semi couvert unique. Grande taille : 10x5M. R\u00e9sistance au vent classe 2.","og_url":"https:\/\/www.keoutdoordesign.com\/fr-fr\/stores-exterieurs\/store-veranda-pergola\/veranda-plus\/","og_site_name":"KE Outdoor Design","article_publisher":"https:\/\/www.facebook.com\/keoutdoordesign.us","article_modified_time":"2026-04-09T11:42:56+00:00","og_image":[{"width":1920,"height":1080,"url":"https:\/\/www.keoutdoordesign.com\/wp-content\/uploads\/2024\/01\/Store-sur-pieds-Veranda-plus-KE.jpg","type":"image\/jpeg"}],"twitter_card":"summary_large_image","twitter_site":"@keoutdoordesign","schema":{"@context":"https:\/\/schema.org","@graph":[{"@type":"WebPage","@id":"https:\/\/www.keoutdoordesign.com\/fr-fr\/stores-exterieurs\/store-veranda-pergola\/veranda-plus\/","url":"https:\/\/www.keoutdoordesign.com\/fr-fr\/stores-exterieurs\/store-veranda-pergola\/veranda-plus\/","name":"Store sur pieds Veranda Plus - KE Outdoor Design","isPartOf":{"@id":"https:\/\/www.keoutdoordesign.com\/it-it\/#website"},"primaryImageOfPage":{"@id":"https:\/\/www.keoutdoordesign.com\/fr-fr\/stores-exterieurs\/store-veranda-pergola\/veranda-plus\/#primaryimage"},"image":{"@id":"https:\/\/www.keoutdoordesign.com\/fr-fr\/stores-exterieurs\/store-veranda-pergola\/veranda-plus\/#primaryimage"},"thumbnailUrl":"https:\/\/www.keoutdoordesign.com\/wp-content\/uploads\/2024\/01\/Store-sur-pieds-Veranda-plus-KE.jpg","datePublished":"2019-06-07T09:29:48+00:00","dateModified":"2026-04-09T11:42:56+00:00","description":"Store sur pieds adoss\u00e9 sur mesure en aluminium pour cr\u00e9er un espace semi couvert unique. Grande taille : 10x5M. R\u00e9sistance au vent classe 2.","breadcrumb":{"@id":"https:\/\/www.keoutdoordesign.com\/fr-fr\/stores-exterieurs\/store-veranda-pergola\/veranda-plus\/#breadcrumb"},"inLanguage":"fr-FR","potentialAction":[{"@type":"ReadAction","target":["https:\/\/www.keoutdoordesign.com\/fr-fr\/stores-exterieurs\/store-veranda-pergola\/veranda-plus\/"]}]},{"@type":"ImageObject","inLanguage":"fr-FR","@id":"https:\/\/www.keoutdoordesign.com\/fr-fr\/stores-exterieurs\/store-veranda-pergola\/veranda-plus\/#primaryimage","url":"https:\/\/www.keoutdoordesign.com\/wp-content\/uploads\/2024\/01\/Store-sur-pieds-Veranda-plus-KE.jpg","contentUrl":"https:\/\/www.keoutdoordesign.com\/wp-content\/uploads\/2024\/01\/Store-sur-pieds-Veranda-plus-KE.jpg","width":1920,"height":1080,"caption":"Store sur pieds adoss\u00e9 adapt\u00e9 pour cr\u00e9er un espace prot\u00e9g\u00e9 sur sa terrasse ou son balcon."},{"@type":"BreadcrumbList","@id":"https:\/\/www.keoutdoordesign.com\/fr-fr\/stores-exterieurs\/store-veranda-pergola\/veranda-plus\/#breadcrumb","itemListElement":[{"@type":"ListItem","position":1,"name":"Home","item":"https:\/\/www.keoutdoordesign.com\/fr-fr\/"},{"@type":"ListItem","position":2,"name":"Stores ext\u00e9rieurs sur mesure","item":"https:\/\/www.keoutdoordesign.com\/fr-fr\/stores-exterieurs\/"},{"@type":"ListItem","position":3,"name":"Stores Veranda &#038; Pergola","item":"https:\/\/www.keoutdoordesign.com\/fr-fr\/stores-exterieurs\/store-veranda-pergola\/"},{"@type":"ListItem","position":4,"name":"Veranda Plus"}]},{"@type":"WebSite","@id":"https:\/\/www.keoutdoordesign.com\/it-it\/#website","url":"https:\/\/www.keoutdoordesign.com\/it-it\/","name":"KE Outdoor Design","description":"Un nuovo sito targato WordPress","publisher":{"@id":"https:\/\/www.keoutdoordesign.com\/it-it\/#organization"},"potentialAction":[{"@type":"SearchAction","target":{"@type":"EntryPoint","urlTemplate":"https:\/\/www.keoutdoordesign.com\/it-it\/?s={search_term_string}"},"query-input":{"@type":"PropertyValueSpecification","valueRequired":true,"valueName":"search_term_string"}}],"inLanguage":"fr-FR"},{"@type":"Organization","@id":"https:\/\/www.keoutdoordesign.com\/it-it\/#organization","name":"KE Outdoor Design","url":"https:\/\/www.keoutdoordesign.com\/it-it\/","logo":{"@type":"ImageObject","inLanguage":"fr-FR","@id":"https:\/\/www.keoutdoordesign.com\/it-it\/#\/schema\/logo\/image\/","url":"https:\/\/www.keoutdoordesign.com\/wp-content\/uploads\/2020\/02\/KE-logo-Primary-e1591282842174.jpg","contentUrl":"https:\/\/www.keoutdoordesign.com\/wp-content\/uploads\/2020\/02\/KE-logo-Primary-e1591282842174.jpg","width":500,"height":396,"caption":"KE Outdoor Design"},"image":{"@id":"https:\/\/www.keoutdoordesign.com\/it-it\/#\/schema\/logo\/image\/"},"sameAs":["https:\/\/www.facebook.com\/keoutdoordesign.us","https:\/\/x.com\/keoutdoordesign","https:\/\/www.facebook.com\/keoutdoordesign","https:\/\/www.youtube.com\/channel\/UCSoMQryJpLqD53bAoZLg2Vg","https:\/\/www.pinterest.it\/keoutdoordesign\/","https:\/\/www.instagram.com\/keoutdoordesign\/","https:\/\/www.linkedin.com\/company\/ke-outdoor-design\/"]}]}},"_links":{"self":[{"href":"https:\/\/www.keoutdoordesign.com\/fr-fr\/wp-json\/wp\/v2\/pages\/4666","targetHints":{"allow":["GET"]}}],"collection":[{"href":"https:\/\/www.keoutdoordesign.com\/fr-fr\/wp-json\/wp\/v2\/pages"}],"about":[{"href":"https:\/\/www.keoutdoordesign.com\/fr-fr\/wp-json\/wp\/v2\/types\/page"}],"author":[{"embeddable":true,"href":"https:\/\/www.keoutdoordesign.com\/fr-fr\/wp-json\/wp\/v2\/users\/10608"}],"replies":[{"embeddable":true,"href":"https:\/\/www.keoutdoordesign.com\/fr-fr\/wp-json\/wp\/v2\/comments?post=4666"}],"version-history":[{"count":31,"href":"https:\/\/www.keoutdoordesign.com\/fr-fr\/wp-json\/wp\/v2\/pages\/4666\/revisions"}],"predecessor-version":[{"id":121321,"href":"https:\/\/www.keoutdoordesign.com\/fr-fr\/wp-json\/wp\/v2\/pages\/4666\/revisions\/121321"}],"up":[{"embeddable":true,"href":"https:\/\/www.keoutdoordesign.com\/fr-fr\/wp-json\/wp\/v2\/pages\/4616"}],"wp:featuredmedia":[{"embeddable":true,"href":"https:\/\/www.keoutdoordesign.com\/fr-fr\/wp-json\/wp\/v2\/media\/65578"}],"wp:attachment":[{"href":"https:\/\/www.keoutdoordesign.com\/fr-fr\/wp-json\/wp\/v2\/media?parent=4666"}],"curies":[{"name":"wp","href":"https:\/\/api.w.org\/{rel}","templated":true}]}}